{"id":10000,"date":"2021-09-13T18:38:39","date_gmt":"2021-09-13T16:38:39","guid":{"rendered":"https:\/\/norwegianmade.no\/markedsplass\/sitteunderlag-i-filtet-ull\/"},"modified":"2021-09-13T18:46:49","modified_gmt":"2021-09-13T16:46:49","slug":"sitteunderlag-i-filtet-ull","status":"publish","type":"product","link":"https:\/\/norwegianmade.no\/en\/produkt\/sitteunderlag-i-filtet-ull\/","title":{"rendered":"Sitteunderlag i filtet ull"},"content":{"rendered":"<p>Norsk ull er et b\u00e6rekraftig materiale og det trekker ikke til seg smuss som andre materialer. Lufting og risting holder lenge, men kan ogs\u00e5 skylles opp i lunkent vann med milo eller annet ullvaskemiddel.<\/p>\n","protected":false},"excerpt":{"rendered":"<p>Sitteunderlaget er filtet i norsk ull og m\u00e5ler ca. 36cm x 41cm.<\/p>\n<p>Er like lett \u00e5 ta med seg p\u00e5 tur enten vinter eller sommer, men ogs\u00e5 fin som sittepute i stolen.\u00a0<\/p>\n","protected":false},"featured_media":9998,"comment_status":"open","ping_status":"closed","template":"","meta":{"_acf_changed":false},"product_brand":[],"product_cat":[64,124,78,80,324,81,60,86,15],"product_tag":[],"class_list":{"0":"post-10000","1":"product","2":"type-product","3":"status-publish","4":"has-post-thumbnail","6":"product_vendor-nina-filtmaker-filtdesign-og-kurs","7":"product_cat-accessories","8":"product_cat-annet","9":"product_cat-gaver","10":"product_cat-interiorartikler","11":"product_cat-jul","12":"product_cat-kunsthandverk","13":"product_cat-tekstil","14":"product_cat-tekstilprodukter","15":"product_cat-ukategorisert","17":"first","18":"instock","19":"taxable","20":"shipping-taxable","21":"product-type-simple"},"acf":[],"yoast_head":"<!-- This site is optimized with the Yoast SEO plugin v27.1.1 - https:\/\/yoast.com\/product\/yoast-seo-wordpress\/ -->\n<title>Sitteunderlag i filtet ull &#8226; Norwegian Made<\/title>\n<meta name=\"robots\" content=\"index, follow, max-snippet:-1, max-image-preview:large, max-video-preview:-1\" \/>\n<link rel=\"canonical\" href=\"https:\/\/norwegianmade.no\/produkt\/sitteunderlag-i-filtet-ull\/\" \/>\n<meta property=\"og:locale\" content=\"en_US\" \/>\n<meta property=\"og:type\" content=\"article\" \/>\n<meta property=\"og:title\" content=\"Sitteunderlag i filtet ull &#8226; Norwegian Made\" \/>\n<meta property=\"og:description\" content=\"Sitteunderlaget er filtet i norsk ull og m\u00e5ler ca. 36cm x 41cm.Er like lett \u00e5 ta med seg p\u00e5 tur enten vinter eller sommer, men ogs\u00e5 fin som sittepute i stolen.\u00a0\" \/>\n<meta property=\"og:url\" content=\"https:\/\/norwegianmade.no\/produkt\/sitteunderlag-i-filtet-ull\/\" \/>\n<meta property=\"og:site_name\" content=\"Norwegian Made\" \/>\n<meta property=\"article:modified_time\" content=\"2021-09-13T16:46:49+00:00\" \/>\n<meta property=\"og:image\" content=\"https:\/\/norwegianmade.no\/wp-content\/uploads\/2021\/09\/PhotoRoom-20210913_182548-768x1024.png\" \/>\n\t<meta property=\"og:image:width\" content=\"768\" \/>\n\t<meta property=\"og:image:height\" content=\"1024\" \/>\n\t<meta property=\"og:image:type\" content=\"image\/png\" \/>\n<meta name=\"twitter:card\" content=\"summary_large_image\" \/>\n<script type=\"application\/ld+json\" class=\"yoast-schema-graph\">{\"@context\":\"https:\/\/schema.org\",\"@graph\":[{\"@type\":\"WebPage\",\"@id\":\"https:\/\/norwegianmade.no\/produkt\/sitteunderlag-i-filtet-ull\/\",\"url\":\"https:\/\/norwegianmade.no\/produkt\/sitteunderlag-i-filtet-ull\/\",\"name\":\"Sitteunderlag i filtet ull &#8226; Norwegian Made\",\"isPartOf\":{\"@id\":\"https:\/\/norwegianmade.no\/#website\"},\"primaryImageOfPage\":{\"@id\":\"https:\/\/norwegianmade.no\/produkt\/sitteunderlag-i-filtet-ull\/#primaryimage\"},\"image\":{\"@id\":\"https:\/\/norwegianmade.no\/produkt\/sitteunderlag-i-filtet-ull\/#primaryimage\"},\"thumbnailUrl\":\"https:\/\/norwegianmade.no\/wp-content\/uploads\/2021\/09\/PhotoRoom-20210913_182548.png\",\"datePublished\":\"2021-09-13T16:38:39+00:00\",\"dateModified\":\"2021-09-13T16:46:49+00:00\",\"breadcrumb\":{\"@id\":\"https:\/\/norwegianmade.no\/produkt\/sitteunderlag-i-filtet-ull\/#breadcrumb\"},\"inLanguage\":\"en-US\",\"potentialAction\":[{\"@type\":\"ReadAction\",\"target\":[\"https:\/\/norwegianmade.no\/produkt\/sitteunderlag-i-filtet-ull\/\"]}]},{\"@type\":\"ImageObject\",\"inLanguage\":\"en-US\",\"@id\":\"https:\/\/norwegianmade.no\/produkt\/sitteunderlag-i-filtet-ull\/#primaryimage\",\"url\":\"https:\/\/norwegianmade.no\/wp-content\/uploads\/2021\/09\/PhotoRoom-20210913_182548.png\",\"contentUrl\":\"https:\/\/norwegianmade.no\/wp-content\/uploads\/2021\/09\/PhotoRoom-20210913_182548.png\",\"width\":1500,\"height\":2000},{\"@type\":\"BreadcrumbList\",\"@id\":\"https:\/\/norwegianmade.no\/produkt\/sitteunderlag-i-filtet-ull\/#breadcrumb\",\"itemListElement\":[{\"@type\":\"ListItem\",\"position\":1,\"name\":\"Hjem\",\"item\":\"https:\/\/norwegianmade.no\/en\/\"},{\"@type\":\"ListItem\",\"position\":2,\"name\":\"Shop\",\"item\":\"https:\/\/norwegianmade.no\/en\/shop\/\"},{\"@type\":\"ListItem\",\"position\":3,\"name\":\"Sitteunderlag i filtet ull\"}]},{\"@type\":\"WebSite\",\"@id\":\"https:\/\/norwegianmade.no\/#website\",\"url\":\"https:\/\/norwegianmade.no\/\",\"name\":\"Norwegian Made\",\"description\":\"Norges st\u00f8rste markedsplass for norske produsenter\",\"publisher\":{\"@id\":\"https:\/\/norwegianmade.no\/#organization\"},\"potentialAction\":[{\"@type\":\"SearchAction\",\"target\":{\"@type\":\"EntryPoint\",\"urlTemplate\":\"https:\/\/norwegianmade.no\/?s={search_term_string}\"},\"query-input\":{\"@type\":\"PropertyValueSpecification\",\"valueRequired\":true,\"valueName\":\"search_term_string\"}}],\"inLanguage\":\"en-US\"},{\"@type\":\"Organization\",\"@id\":\"https:\/\/norwegianmade.no\/#organization\",\"name\":\"Norwegian Made\",\"url\":\"https:\/\/norwegianmade.no\/\",\"logo\":{\"@type\":\"ImageObject\",\"inLanguage\":\"en-US\",\"@id\":\"https:\/\/norwegianmade.no\/#\/schema\/logo\/image\/\",\"url\":\"https:\/\/norwegianmade.no\/wp-content\/uploads\/2020\/11\/logo-liggende-norwegian-made-web.png\",\"contentUrl\":\"https:\/\/norwegianmade.no\/wp-content\/uploads\/2020\/11\/logo-liggende-norwegian-made-web.png\",\"width\":200,\"height\":58,\"caption\":\"Norwegian Made\"},\"image\":{\"@id\":\"https:\/\/norwegianmade.no\/#\/schema\/logo\/image\/\"}}]}<\/script>\n<!-- \/ Yoast SEO plugin. -->","yoast_head_json":{"title":"Sitteunderlag i filtet ull &#8226; Norwegian Made","robots":{"index":"index","follow":"follow","max-snippet":"max-snippet:-1","max-image-preview":"max-image-preview:large","max-video-preview":"max-video-preview:-1"},"canonical":"https:\/\/norwegianmade.no\/produkt\/sitteunderlag-i-filtet-ull\/","og_locale":"en_US","og_type":"article","og_title":"Sitteunderlag i filtet ull &#8226; Norwegian Made","og_description":"Sitteunderlaget er filtet i norsk ull og m\u00e5ler ca. 36cm x 41cm.Er like lett \u00e5 ta med seg p\u00e5 tur enten vinter eller sommer, men ogs\u00e5 fin som sittepute i stolen.\u00a0","og_url":"https:\/\/norwegianmade.no\/produkt\/sitteunderlag-i-filtet-ull\/","og_site_name":"Norwegian Made","article_modified_time":"2021-09-13T16:46:49+00:00","og_image":[{"width":768,"height":1024,"url":"https:\/\/norwegianmade.no\/wp-content\/uploads\/2021\/09\/PhotoRoom-20210913_182548-768x1024.png","type":"image\/png"}],"twitter_card":"summary_large_image","schema":{"@context":"https:\/\/schema.org","@graph":[{"@type":"WebPage","@id":"https:\/\/norwegianmade.no\/produkt\/sitteunderlag-i-filtet-ull\/","url":"https:\/\/norwegianmade.no\/produkt\/sitteunderlag-i-filtet-ull\/","name":"Sitteunderlag i filtet ull &#8226; Norwegian Made","isPartOf":{"@id":"https:\/\/norwegianmade.no\/#website"},"primaryImageOfPage":{"@id":"https:\/\/norwegianmade.no\/produkt\/sitteunderlag-i-filtet-ull\/#primaryimage"},"image":{"@id":"https:\/\/norwegianmade.no\/produkt\/sitteunderlag-i-filtet-ull\/#primaryimage"},"thumbnailUrl":"https:\/\/norwegianmade.no\/wp-content\/uploads\/2021\/09\/PhotoRoom-20210913_182548.png","datePublished":"2021-09-13T16:38:39+00:00","dateModified":"2021-09-13T16:46:49+00:00","breadcrumb":{"@id":"https:\/\/norwegianmade.no\/produkt\/sitteunderlag-i-filtet-ull\/#breadcrumb"},"inLanguage":"en-US","potentialAction":[{"@type":"ReadAction","target":["https:\/\/norwegianmade.no\/produkt\/sitteunderlag-i-filtet-ull\/"]}]},{"@type":"ImageObject","inLanguage":"en-US","@id":"https:\/\/norwegianmade.no\/produkt\/sitteunderlag-i-filtet-ull\/#primaryimage","url":"https:\/\/norwegianmade.no\/wp-content\/uploads\/2021\/09\/PhotoRoom-20210913_182548.png","contentUrl":"https:\/\/norwegianmade.no\/wp-content\/uploads\/2021\/09\/PhotoRoom-20210913_182548.png","width":1500,"height":2000},{"@type":"BreadcrumbList","@id":"https:\/\/norwegianmade.no\/produkt\/sitteunderlag-i-filtet-ull\/#breadcrumb","itemListElement":[{"@type":"ListItem","position":1,"name":"Hjem","item":"https:\/\/norwegianmade.no\/en\/"},{"@type":"ListItem","position":2,"name":"Shop","item":"https:\/\/norwegianmade.no\/en\/shop\/"},{"@type":"ListItem","position":3,"name":"Sitteunderlag i filtet ull"}]},{"@type":"WebSite","@id":"https:\/\/norwegianmade.no\/#website","url":"https:\/\/norwegianmade.no\/","name":"Norwegian Made","description":"Norges st\u00f8rste markedsplass for norske produsenter","publisher":{"@id":"https:\/\/norwegianmade.no\/#organization"},"potentialAction":[{"@type":"SearchAction","target":{"@type":"EntryPoint","urlTemplate":"https:\/\/norwegianmade.no\/?s={search_term_string}"},"query-input":{"@type":"PropertyValueSpecification","valueRequired":true,"valueName":"search_term_string"}}],"inLanguage":"en-US"},{"@type":"Organization","@id":"https:\/\/norwegianmade.no\/#organization","name":"Norwegian Made","url":"https:\/\/norwegianmade.no\/","logo":{"@type":"ImageObject","inLanguage":"en-US","@id":"https:\/\/norwegianmade.no\/#\/schema\/logo\/image\/","url":"https:\/\/norwegianmade.no\/wp-content\/uploads\/2020\/11\/logo-liggende-norwegian-made-web.png","contentUrl":"https:\/\/norwegianmade.no\/wp-content\/uploads\/2020\/11\/logo-liggende-norwegian-made-web.png","width":200,"height":58,"caption":"Norwegian Made"},"image":{"@id":"https:\/\/norwegianmade.no\/#\/schema\/logo\/image\/"}}]}},"_links":{"self":[{"href":"https:\/\/norwegianmade.no\/en\/wp-json\/wp\/v2\/product\/10000","targetHints":{"allow":["GET"]}}],"collection":[{"href":"https:\/\/norwegianmade.no\/en\/wp-json\/wp\/v2\/product"}],"about":[{"href":"https:\/\/norwegianmade.no\/en\/wp-json\/wp\/v2\/types\/product"}],"replies":[{"embeddable":true,"href":"https:\/\/norwegianmade.no\/en\/wp-json\/wp\/v2\/comments?post=10000"}],"wp:featuredmedia":[{"embeddable":true,"href":"https:\/\/norwegianmade.no\/en\/wp-json\/wp\/v2\/media\/9998"}],"wp:attachment":[{"href":"https:\/\/norwegianmade.no\/en\/wp-json\/wp\/v2\/media?parent=10000"}],"wp:term":[{"taxonomy":"product_brand","embeddable":true,"href":"https:\/\/norwegianmade.no\/en\/wp-json\/wp\/v2\/product_brand?post=10000"},{"taxonomy":"product_cat","embeddable":true,"href":"https:\/\/norwegianmade.no\/en\/wp-json\/wp\/v2\/product_cat?post=10000"},{"taxonomy":"product_tag","embeddable":true,"href":"https:\/\/norwegianmade.no\/en\/wp-json\/wp\/v2\/product_tag?post=10000"}],"curies":[{"name":"wp","href":"https:\/\/api.w.org\/{rel}","templated":true}]}}