{"id":10238,"date":"2021-09-20T14:24:30","date_gmt":"2021-09-20T12:24:30","guid":{"rendered":"https:\/\/norwegianmade.no\/?post_type=product&#038;p=10238"},"modified":"2025-07-12T17:18:37","modified_gmt":"2025-07-12T15:18:37","slug":"myk-krage-i-silke-og-merino-11","status":"publish","type":"product","link":"https:\/\/norwegianmade.no\/en\/produkt\/myk-krage-i-silke-og-merino-11\/","title":{"rendered":"Myk krage i silke og merino"},"content":{"rendered":"<p>Kan vaskes i lunkent s\u00e5pevann med ullvaskemiddel. En st\u00f8rrelse men kan reguleres noe i st\u00f8rrelsen om en vil ha den videre.\u00a0<\/p>\n","protected":false},"excerpt":{"rendered":"<p>Kragen er filtet fra et stort stykke h\u00e5ndfarget silke sammen med et tynt lag merinoull. Den kan brukes over en genser eller enkel kjole, eller inni en jakke.\u00a0 Pynter opp et enkelt antrekk og varmer nakken p\u00e5 en behagelig m\u00e5te.\u00a0<\/p>\n","protected":false},"featured_media":10232,"comment_status":"open","ping_status":"closed","template":"","meta":{"_acf_changed":false},"product_brand":[],"product_cat":[64,124,59,324,81,92,60,86,231],"product_tag":[],"class_list":{"0":"post-10238","1":"product","2":"type-product","3":"status-publish","4":"has-post-thumbnail","6":"product_vendor-nina-filtmaker-filtdesign-og-kurs","7":"product_cat-accessories","8":"product_cat-annet","9":"product_cat-interior-kunst","10":"product_cat-jul","11":"product_cat-kunsthandverk","12":"product_cat-luer-skjerf-sloyfer-o-l","13":"product_cat-tekstil","14":"product_cat-tekstilprodukter","15":"product_cat-tilbehor","17":"first","18":"instock","19":"taxable","20":"shipping-taxable","21":"product-type-simple"},"acf":[],"yoast_head":"<!-- This site is optimized with the Yoast SEO plugin v27.1.1 - https:\/\/yoast.com\/product\/yoast-seo-wordpress\/ -->\n<title>Myk krage i silke og merino &#8226; Norwegian Made<\/title>\n<meta name=\"robots\" content=\"index, follow, max-snippet:-1, max-image-preview:large, max-video-preview:-1\" \/>\n<link rel=\"canonical\" href=\"https:\/\/norwegianmade.no\/produkt\/myk-krage-i-silke-og-merino-11\/\" \/>\n<meta property=\"og:locale\" content=\"en_US\" \/>\n<meta property=\"og:type\" content=\"article\" \/>\n<meta property=\"og:title\" content=\"Myk krage i silke og merino &#8226; Norwegian Made\" \/>\n<meta property=\"og:description\" content=\"Kragen er filtet fra et stort stykke h\u00e5ndfarget silke sammen med et tynt lag merinoull. Den kan brukes over en genser eller enkel kjole, eller inni en jakke.\u00a0 Pynter opp et enkelt antrekk og varmer nakken p\u00e5 en behagelig m\u00e5te.\u00a0\" \/>\n<meta property=\"og:url\" content=\"https:\/\/norwegianmade.no\/produkt\/myk-krage-i-silke-og-merino-11\/\" \/>\n<meta property=\"og:site_name\" content=\"Norwegian Made\" \/>\n<meta property=\"article:modified_time\" content=\"2025-07-12T15:18:37+00:00\" \/>\n<meta property=\"og:image\" content=\"https:\/\/norwegianmade.no\/wp-content\/uploads\/2021\/09\/PhotoRoom-20210916_154331.png\" \/>\n\t<meta property=\"og:image:width\" content=\"1512\" \/>\n\t<meta property=\"og:image:height\" content=\"1512\" \/>\n\t<meta property=\"og:image:type\" content=\"image\/png\" \/>\n<meta name=\"twitter:card\" content=\"summary_large_image\" \/>\n<script type=\"application\/ld+json\" class=\"yoast-schema-graph\">{\"@context\":\"https:\/\/schema.org\",\"@graph\":[{\"@type\":\"WebPage\",\"@id\":\"https:\/\/norwegianmade.no\/produkt\/myk-krage-i-silke-og-merino-11\/\",\"url\":\"https:\/\/norwegianmade.no\/produkt\/myk-krage-i-silke-og-merino-11\/\",\"name\":\"Myk krage i silke og merino &#8226; Norwegian Made\",\"isPartOf\":{\"@id\":\"https:\/\/norwegianmade.no\/#website\"},\"primaryImageOfPage\":{\"@id\":\"https:\/\/norwegianmade.no\/produkt\/myk-krage-i-silke-og-merino-11\/#primaryimage\"},\"image\":{\"@id\":\"https:\/\/norwegianmade.no\/produkt\/myk-krage-i-silke-og-merino-11\/#primaryimage\"},\"thumbnailUrl\":\"https:\/\/norwegianmade.no\/wp-content\/uploads\/2021\/09\/PhotoRoom-20210916_154331.png\",\"datePublished\":\"2021-09-20T12:24:30+00:00\",\"dateModified\":\"2025-07-12T15:18:37+00:00\",\"breadcrumb\":{\"@id\":\"https:\/\/norwegianmade.no\/produkt\/myk-krage-i-silke-og-merino-11\/#breadcrumb\"},\"inLanguage\":\"en-US\",\"potentialAction\":[{\"@type\":\"ReadAction\",\"target\":[\"https:\/\/norwegianmade.no\/produkt\/myk-krage-i-silke-og-merino-11\/\"]}]},{\"@type\":\"ImageObject\",\"inLanguage\":\"en-US\",\"@id\":\"https:\/\/norwegianmade.no\/produkt\/myk-krage-i-silke-og-merino-11\/#primaryimage\",\"url\":\"https:\/\/norwegianmade.no\/wp-content\/uploads\/2021\/09\/PhotoRoom-20210916_154331.png\",\"contentUrl\":\"https:\/\/norwegianmade.no\/wp-content\/uploads\/2021\/09\/PhotoRoom-20210916_154331.png\",\"width\":1512,\"height\":1512},{\"@type\":\"BreadcrumbList\",\"@id\":\"https:\/\/norwegianmade.no\/produkt\/myk-krage-i-silke-og-merino-11\/#breadcrumb\",\"itemListElement\":[{\"@type\":\"ListItem\",\"position\":1,\"name\":\"Hjem\",\"item\":\"https:\/\/norwegianmade.no\/en\/\"},{\"@type\":\"ListItem\",\"position\":2,\"name\":\"Shop\",\"item\":\"https:\/\/norwegianmade.no\/en\/shop\/\"},{\"@type\":\"ListItem\",\"position\":3,\"name\":\"Myk krage i silke og merino\"}]},{\"@type\":\"WebSite\",\"@id\":\"https:\/\/norwegianmade.no\/#website\",\"url\":\"https:\/\/norwegianmade.no\/\",\"name\":\"Norwegian Made\",\"description\":\"Norges st\u00f8rste markedsplass for norske produsenter\",\"publisher\":{\"@id\":\"https:\/\/norwegianmade.no\/#organization\"},\"potentialAction\":[{\"@type\":\"SearchAction\",\"target\":{\"@type\":\"EntryPoint\",\"urlTemplate\":\"https:\/\/norwegianmade.no\/?s={search_term_string}\"},\"query-input\":{\"@type\":\"PropertyValueSpecification\",\"valueRequired\":true,\"valueName\":\"search_term_string\"}}],\"inLanguage\":\"en-US\"},{\"@type\":\"Organization\",\"@id\":\"https:\/\/norwegianmade.no\/#organization\",\"name\":\"Norwegian Made\",\"url\":\"https:\/\/norwegianmade.no\/\",\"logo\":{\"@type\":\"ImageObject\",\"inLanguage\":\"en-US\",\"@id\":\"https:\/\/norwegianmade.no\/#\/schema\/logo\/image\/\",\"url\":\"https:\/\/norwegianmade.no\/wp-content\/uploads\/2020\/11\/logo-liggende-norwegian-made-web.png\",\"contentUrl\":\"https:\/\/norwegianmade.no\/wp-content\/uploads\/2020\/11\/logo-liggende-norwegian-made-web.png\",\"width\":200,\"height\":58,\"caption\":\"Norwegian Made\"},\"image\":{\"@id\":\"https:\/\/norwegianmade.no\/#\/schema\/logo\/image\/\"}}]}<\/script>\n<!-- \/ Yoast SEO plugin. -->","yoast_head_json":{"title":"Myk krage i silke og merino &#8226; Norwegian Made","robots":{"index":"index","follow":"follow","max-snippet":"max-snippet:-1","max-image-preview":"max-image-preview:large","max-video-preview":"max-video-preview:-1"},"canonical":"https:\/\/norwegianmade.no\/produkt\/myk-krage-i-silke-og-merino-11\/","og_locale":"en_US","og_type":"article","og_title":"Myk krage i silke og merino &#8226; Norwegian Made","og_description":"Kragen er filtet fra et stort stykke h\u00e5ndfarget silke sammen med et tynt lag merinoull. Den kan brukes over en genser eller enkel kjole, eller inni en jakke.\u00a0 Pynter opp et enkelt antrekk og varmer nakken p\u00e5 en behagelig m\u00e5te.\u00a0","og_url":"https:\/\/norwegianmade.no\/produkt\/myk-krage-i-silke-og-merino-11\/","og_site_name":"Norwegian Made","article_modified_time":"2025-07-12T15:18:37+00:00","og_image":[{"width":1512,"height":1512,"url":"https:\/\/norwegianmade.no\/wp-content\/uploads\/2021\/09\/PhotoRoom-20210916_154331.png","type":"image\/png"}],"twitter_card":"summary_large_image","schema":{"@context":"https:\/\/schema.org","@graph":[{"@type":"WebPage","@id":"https:\/\/norwegianmade.no\/produkt\/myk-krage-i-silke-og-merino-11\/","url":"https:\/\/norwegianmade.no\/produkt\/myk-krage-i-silke-og-merino-11\/","name":"Myk krage i silke og merino &#8226; Norwegian Made","isPartOf":{"@id":"https:\/\/norwegianmade.no\/#website"},"primaryImageOfPage":{"@id":"https:\/\/norwegianmade.no\/produkt\/myk-krage-i-silke-og-merino-11\/#primaryimage"},"image":{"@id":"https:\/\/norwegianmade.no\/produkt\/myk-krage-i-silke-og-merino-11\/#primaryimage"},"thumbnailUrl":"https:\/\/norwegianmade.no\/wp-content\/uploads\/2021\/09\/PhotoRoom-20210916_154331.png","datePublished":"2021-09-20T12:24:30+00:00","dateModified":"2025-07-12T15:18:37+00:00","breadcrumb":{"@id":"https:\/\/norwegianmade.no\/produkt\/myk-krage-i-silke-og-merino-11\/#breadcrumb"},"inLanguage":"en-US","potentialAction":[{"@type":"ReadAction","target":["https:\/\/norwegianmade.no\/produkt\/myk-krage-i-silke-og-merino-11\/"]}]},{"@type":"ImageObject","inLanguage":"en-US","@id":"https:\/\/norwegianmade.no\/produkt\/myk-krage-i-silke-og-merino-11\/#primaryimage","url":"https:\/\/norwegianmade.no\/wp-content\/uploads\/2021\/09\/PhotoRoom-20210916_154331.png","contentUrl":"https:\/\/norwegianmade.no\/wp-content\/uploads\/2021\/09\/PhotoRoom-20210916_154331.png","width":1512,"height":1512},{"@type":"BreadcrumbList","@id":"https:\/\/norwegianmade.no\/produkt\/myk-krage-i-silke-og-merino-11\/#breadcrumb","itemListElement":[{"@type":"ListItem","position":1,"name":"Hjem","item":"https:\/\/norwegianmade.no\/en\/"},{"@type":"ListItem","position":2,"name":"Shop","item":"https:\/\/norwegianmade.no\/en\/shop\/"},{"@type":"ListItem","position":3,"name":"Myk krage i silke og merino"}]},{"@type":"WebSite","@id":"https:\/\/norwegianmade.no\/#website","url":"https:\/\/norwegianmade.no\/","name":"Norwegian Made","description":"Norges st\u00f8rste markedsplass for norske produsenter","publisher":{"@id":"https:\/\/norwegianmade.no\/#organization"},"potentialAction":[{"@type":"SearchAction","target":{"@type":"EntryPoint","urlTemplate":"https:\/\/norwegianmade.no\/?s={search_term_string}"},"query-input":{"@type":"PropertyValueSpecification","valueRequired":true,"valueName":"search_term_string"}}],"inLanguage":"en-US"},{"@type":"Organization","@id":"https:\/\/norwegianmade.no\/#organization","name":"Norwegian Made","url":"https:\/\/norwegianmade.no\/","logo":{"@type":"ImageObject","inLanguage":"en-US","@id":"https:\/\/norwegianmade.no\/#\/schema\/logo\/image\/","url":"https:\/\/norwegianmade.no\/wp-content\/uploads\/2020\/11\/logo-liggende-norwegian-made-web.png","contentUrl":"https:\/\/norwegianmade.no\/wp-content\/uploads\/2020\/11\/logo-liggende-norwegian-made-web.png","width":200,"height":58,"caption":"Norwegian Made"},"image":{"@id":"https:\/\/norwegianmade.no\/#\/schema\/logo\/image\/"}}]}},"_links":{"self":[{"href":"https:\/\/norwegianmade.no\/en\/wp-json\/wp\/v2\/product\/10238","targetHints":{"allow":["GET"]}}],"collection":[{"href":"https:\/\/norwegianmade.no\/en\/wp-json\/wp\/v2\/product"}],"about":[{"href":"https:\/\/norwegianmade.no\/en\/wp-json\/wp\/v2\/types\/product"}],"replies":[{"embeddable":true,"href":"https:\/\/norwegianmade.no\/en\/wp-json\/wp\/v2\/comments?post=10238"}],"wp:featuredmedia":[{"embeddable":true,"href":"https:\/\/norwegianmade.no\/en\/wp-json\/wp\/v2\/media\/10232"}],"wp:attachment":[{"href":"https:\/\/norwegianmade.no\/en\/wp-json\/wp\/v2\/media?parent=10238"}],"wp:term":[{"taxonomy":"product_brand","embeddable":true,"href":"https:\/\/norwegianmade.no\/en\/wp-json\/wp\/v2\/product_brand?post=10238"},{"taxonomy":"product_cat","embeddable":true,"href":"https:\/\/norwegianmade.no\/en\/wp-json\/wp\/v2\/product_cat?post=10238"},{"taxonomy":"product_tag","embeddable":true,"href":"https:\/\/norwegianmade.no\/en\/wp-json\/wp\/v2\/product_tag?post=10238"}],"curies":[{"name":"wp","href":"https:\/\/api.w.org\/{rel}","templated":true}]}}