{"id":10644,"date":"2021-10-13T10:19:52","date_gmt":"2021-10-13T08:19:52","guid":{"rendered":"https:\/\/norwegianmade.no\/markedsplass\/revelampe-av-bjork\/"},"modified":"2022-03-11T09:06:54","modified_gmt":"2022-03-11T08:06:54","slug":"revelampe-av-bjork","status":"publish","type":"product","link":"https:\/\/norwegianmade.no\/en\/produkt\/revelampe-av-bjork\/","title":{"rendered":"Alva revelampe"},"content":{"rendered":"<p><strong>\u2013 LYS LUNT \u2013<\/strong><\/p>\n<p>Stemningsfull revelampe av bj\u00f8rk.<\/p>\n<p>Passer fint til barnerom, entreen eller en lun krok i stua.<\/p>\n<p>Lett \u00e5 montere p\u00e5 veggen.<\/p>\n<p>Leveres med h\u00f8ykvalitets ledmoduler, med spredelinse og varmt, behagelig lys.\u00a0<\/p>\n<p>Str\u00f8mforsyningen leveres med trinnl\u00f8s\u00a0dimmer, slik at du kan regulere lyset slik du vil ha det.<\/p>\n<p>Et klikk for \u00e5 sl\u00e5 av og p\u00e5. Trykk og hold for \u00e5 dimme.<\/p>\n<p>Lengde p\u00e5 ledning: 2 meter.<\/p>\n<p>St\u00f8rrelse p\u00e5 lampe: ca 35 x 30 cm.<\/p>\n<p>Treverket er beiset og oljet.\u00a0<\/p>\n<p>B\u00e6rekraftig kvalitetsprodukt laget av Alva\u00a0form i M\u00f8rsvikbotn, Norge.<\/p>\n<h3><\/h3>\n","protected":false},"excerpt":{"rendered":"<p><span id=\"_mce_caret\" data-mce-bogus=\"1\" data-mce-type=\"format-caret\"><a data-mce-href=\"https:\/\/www.alva.no\/products\/revelampe-av-bjork\" href=\"https:\/\/www.alva.no\/products\/revelampe-av-bjork\">https:\/\/www.alva.no\/products\/revelampe-av-bjork<\/a><\/span><\/p>\n","protected":false},"featured_media":13672,"comment_status":"closed","ping_status":"closed","template":"","meta":{"_acf_changed":false},"product_brand":[],"product_cat":[108,82,111,112,59,81,267,66,85],"product_tag":[403,402,264],"class_list":{"0":"post-10644","1":"product","2":"type-product","3":"status-publish","4":"has-post-thumbnail","6":"product_vendor-alva-form","7":"product_cat-andre-ting-i-tre","8":"product_cat-handverk","9":"product_cat-hytter","10":"product_cat-innredning","11":"product_cat-interior-kunst","12":"product_cat-kunsthandverk","13":"product_cat-lamper-lysekroner","14":"product_cat-mobler-og-trevarer","15":"product_cat-treprodukter","16":"product_tag-alva-form","17":"product_tag-gave","18":"product_tag-lampe","20":"first","21":"instock","22":"featured","23":"taxable","24":"shipping-taxable","25":"product-type-external"},"acf":[],"yoast_head":"<!-- This site is optimized with the Yoast SEO plugin v27.1.1 - https:\/\/yoast.com\/product\/yoast-seo-wordpress\/ -->\n<title>Alva revelampe &#8226; Norwegian Made<\/title>\n<meta name=\"robots\" content=\"index, follow, max-snippet:-1, max-image-preview:large, max-video-preview:-1\" \/>\n<link rel=\"canonical\" href=\"https:\/\/norwegianmade.no\/en\/produkt\/revelampe-av-bjork\/\" \/>\n<meta property=\"og:locale\" content=\"en_US\" \/>\n<meta property=\"og:type\" content=\"article\" \/>\n<meta property=\"og:title\" content=\"Alva revelampe &#8226; Norwegian Made\" \/>\n<meta property=\"og:description\" content=\"https:\/\/www.alva.no\/products\/revelampe-av-bjork\" \/>\n<meta property=\"og:url\" content=\"https:\/\/norwegianmade.no\/en\/produkt\/revelampe-av-bjork\/\" \/>\n<meta property=\"og:site_name\" content=\"Norwegian Made\" \/>\n<meta property=\"article:modified_time\" content=\"2022-03-11T08:06:54+00:00\" \/>\n<meta property=\"og:image\" content=\"https:\/\/norwegianmade.no\/wp-content\/uploads\/2022\/03\/Revelampe.jpg\" \/>\n\t<meta property=\"og:image:width\" content=\"1126\" \/>\n\t<meta property=\"og:image:height\" content=\"1125\" \/>\n\t<meta property=\"og:image:type\" content=\"image\/jpeg\" \/>\n<meta name=\"twitter:card\" content=\"summary_large_image\" \/>\n<script type=\"application\/ld+json\" class=\"yoast-schema-graph\">{\"@context\":\"https:\/\/schema.org\",\"@graph\":[{\"@type\":\"WebPage\",\"@id\":\"https:\/\/norwegianmade.no\/en\/produkt\/revelampe-av-bjork\/\",\"url\":\"https:\/\/norwegianmade.no\/en\/produkt\/revelampe-av-bjork\/\",\"name\":\"Alva revelampe &#8226; Norwegian Made\",\"isPartOf\":{\"@id\":\"https:\/\/norwegianmade.no\/#website\"},\"primaryImageOfPage\":{\"@id\":\"https:\/\/norwegianmade.no\/en\/produkt\/revelampe-av-bjork\/#primaryimage\"},\"image\":{\"@id\":\"https:\/\/norwegianmade.no\/en\/produkt\/revelampe-av-bjork\/#primaryimage\"},\"thumbnailUrl\":\"https:\/\/norwegianmade.no\/wp-content\/uploads\/2022\/03\/Revelampe.jpg\",\"datePublished\":\"2021-10-13T08:19:52+00:00\",\"dateModified\":\"2022-03-11T08:06:54+00:00\",\"breadcrumb\":{\"@id\":\"https:\/\/norwegianmade.no\/en\/produkt\/revelampe-av-bjork\/#breadcrumb\"},\"inLanguage\":\"en-US\",\"potentialAction\":[{\"@type\":\"ReadAction\",\"target\":[\"https:\/\/norwegianmade.no\/en\/produkt\/revelampe-av-bjork\/\"]}]},{\"@type\":\"ImageObject\",\"inLanguage\":\"en-US\",\"@id\":\"https:\/\/norwegianmade.no\/en\/produkt\/revelampe-av-bjork\/#primaryimage\",\"url\":\"https:\/\/norwegianmade.no\/wp-content\/uploads\/2022\/03\/Revelampe.jpg\",\"contentUrl\":\"https:\/\/norwegianmade.no\/wp-content\/uploads\/2022\/03\/Revelampe.jpg\",\"width\":1126,\"height\":1125},{\"@type\":\"BreadcrumbList\",\"@id\":\"https:\/\/norwegianmade.no\/en\/produkt\/revelampe-av-bjork\/#breadcrumb\",\"itemListElement\":[{\"@type\":\"ListItem\",\"position\":1,\"name\":\"Hjem\",\"item\":\"https:\/\/norwegianmade.no\/en\/\"},{\"@type\":\"ListItem\",\"position\":2,\"name\":\"Shop\",\"item\":\"https:\/\/norwegianmade.no\/en\/shop\/\"},{\"@type\":\"ListItem\",\"position\":3,\"name\":\"Alva revelampe\"}]},{\"@type\":\"WebSite\",\"@id\":\"https:\/\/norwegianmade.no\/#website\",\"url\":\"https:\/\/norwegianmade.no\/\",\"name\":\"Norwegian Made\",\"description\":\"Norges st\u00f8rste markedsplass for norske produsenter\",\"publisher\":{\"@id\":\"https:\/\/norwegianmade.no\/#organization\"},\"potentialAction\":[{\"@type\":\"SearchAction\",\"target\":{\"@type\":\"EntryPoint\",\"urlTemplate\":\"https:\/\/norwegianmade.no\/?s={search_term_string}\"},\"query-input\":{\"@type\":\"PropertyValueSpecification\",\"valueRequired\":true,\"valueName\":\"search_term_string\"}}],\"inLanguage\":\"en-US\"},{\"@type\":\"Organization\",\"@id\":\"https:\/\/norwegianmade.no\/#organization\",\"name\":\"Norwegian Made\",\"url\":\"https:\/\/norwegianmade.no\/\",\"logo\":{\"@type\":\"ImageObject\",\"inLanguage\":\"en-US\",\"@id\":\"https:\/\/norwegianmade.no\/#\/schema\/logo\/image\/\",\"url\":\"https:\/\/norwegianmade.no\/wp-content\/uploads\/2020\/11\/logo-liggende-norwegian-made-web.png\",\"contentUrl\":\"https:\/\/norwegianmade.no\/wp-content\/uploads\/2020\/11\/logo-liggende-norwegian-made-web.png\",\"width\":200,\"height\":58,\"caption\":\"Norwegian Made\"},\"image\":{\"@id\":\"https:\/\/norwegianmade.no\/#\/schema\/logo\/image\/\"}}]}<\/script>\n<!-- \/ Yoast SEO plugin. -->","yoast_head_json":{"title":"Alva revelampe &#8226; Norwegian Made","robots":{"index":"index","follow":"follow","max-snippet":"max-snippet:-1","max-image-preview":"max-image-preview:large","max-video-preview":"max-video-preview:-1"},"canonical":"https:\/\/norwegianmade.no\/en\/produkt\/revelampe-av-bjork\/","og_locale":"en_US","og_type":"article","og_title":"Alva revelampe &#8226; Norwegian Made","og_description":"https:\/\/www.alva.no\/products\/revelampe-av-bjork","og_url":"https:\/\/norwegianmade.no\/en\/produkt\/revelampe-av-bjork\/","og_site_name":"Norwegian Made","article_modified_time":"2022-03-11T08:06:54+00:00","og_image":[{"width":1126,"height":1125,"url":"https:\/\/norwegianmade.no\/wp-content\/uploads\/2022\/03\/Revelampe.jpg","type":"image\/jpeg"}],"twitter_card":"summary_large_image","schema":{"@context":"https:\/\/schema.org","@graph":[{"@type":"WebPage","@id":"https:\/\/norwegianmade.no\/en\/produkt\/revelampe-av-bjork\/","url":"https:\/\/norwegianmade.no\/en\/produkt\/revelampe-av-bjork\/","name":"Alva revelampe &#8226; Norwegian Made","isPartOf":{"@id":"https:\/\/norwegianmade.no\/#website"},"primaryImageOfPage":{"@id":"https:\/\/norwegianmade.no\/en\/produkt\/revelampe-av-bjork\/#primaryimage"},"image":{"@id":"https:\/\/norwegianmade.no\/en\/produkt\/revelampe-av-bjork\/#primaryimage"},"thumbnailUrl":"https:\/\/norwegianmade.no\/wp-content\/uploads\/2022\/03\/Revelampe.jpg","datePublished":"2021-10-13T08:19:52+00:00","dateModified":"2022-03-11T08:06:54+00:00","breadcrumb":{"@id":"https:\/\/norwegianmade.no\/en\/produkt\/revelampe-av-bjork\/#breadcrumb"},"inLanguage":"en-US","potentialAction":[{"@type":"ReadAction","target":["https:\/\/norwegianmade.no\/en\/produkt\/revelampe-av-bjork\/"]}]},{"@type":"ImageObject","inLanguage":"en-US","@id":"https:\/\/norwegianmade.no\/en\/produkt\/revelampe-av-bjork\/#primaryimage","url":"https:\/\/norwegianmade.no\/wp-content\/uploads\/2022\/03\/Revelampe.jpg","contentUrl":"https:\/\/norwegianmade.no\/wp-content\/uploads\/2022\/03\/Revelampe.jpg","width":1126,"height":1125},{"@type":"BreadcrumbList","@id":"https:\/\/norwegianmade.no\/en\/produkt\/revelampe-av-bjork\/#breadcrumb","itemListElement":[{"@type":"ListItem","position":1,"name":"Hjem","item":"https:\/\/norwegianmade.no\/en\/"},{"@type":"ListItem","position":2,"name":"Shop","item":"https:\/\/norwegianmade.no\/en\/shop\/"},{"@type":"ListItem","position":3,"name":"Alva revelampe"}]},{"@type":"WebSite","@id":"https:\/\/norwegianmade.no\/#website","url":"https:\/\/norwegianmade.no\/","name":"Norwegian Made","description":"Norges st\u00f8rste markedsplass for norske produsenter","publisher":{"@id":"https:\/\/norwegianmade.no\/#organization"},"potentialAction":[{"@type":"SearchAction","target":{"@type":"EntryPoint","urlTemplate":"https:\/\/norwegianmade.no\/?s={search_term_string}"},"query-input":{"@type":"PropertyValueSpecification","valueRequired":true,"valueName":"search_term_string"}}],"inLanguage":"en-US"},{"@type":"Organization","@id":"https:\/\/norwegianmade.no\/#organization","name":"Norwegian Made","url":"https:\/\/norwegianmade.no\/","logo":{"@type":"ImageObject","inLanguage":"en-US","@id":"https:\/\/norwegianmade.no\/#\/schema\/logo\/image\/","url":"https:\/\/norwegianmade.no\/wp-content\/uploads\/2020\/11\/logo-liggende-norwegian-made-web.png","contentUrl":"https:\/\/norwegianmade.no\/wp-content\/uploads\/2020\/11\/logo-liggende-norwegian-made-web.png","width":200,"height":58,"caption":"Norwegian Made"},"image":{"@id":"https:\/\/norwegianmade.no\/#\/schema\/logo\/image\/"}}]}},"_links":{"self":[{"href":"https:\/\/norwegianmade.no\/en\/wp-json\/wp\/v2\/product\/10644","targetHints":{"allow":["GET"]}}],"collection":[{"href":"https:\/\/norwegianmade.no\/en\/wp-json\/wp\/v2\/product"}],"about":[{"href":"https:\/\/norwegianmade.no\/en\/wp-json\/wp\/v2\/types\/product"}],"replies":[{"embeddable":true,"href":"https:\/\/norwegianmade.no\/en\/wp-json\/wp\/v2\/comments?post=10644"}],"wp:featuredmedia":[{"embeddable":true,"href":"https:\/\/norwegianmade.no\/en\/wp-json\/wp\/v2\/media\/13672"}],"wp:attachment":[{"href":"https:\/\/norwegianmade.no\/en\/wp-json\/wp\/v2\/media?parent=10644"}],"wp:term":[{"taxonomy":"product_brand","embeddable":true,"href":"https:\/\/norwegianmade.no\/en\/wp-json\/wp\/v2\/product_brand?post=10644"},{"taxonomy":"product_cat","embeddable":true,"href":"https:\/\/norwegianmade.no\/en\/wp-json\/wp\/v2\/product_cat?post=10644"},{"taxonomy":"product_tag","embeddable":true,"href":"https:\/\/norwegianmade.no\/en\/wp-json\/wp\/v2\/product_tag?post=10644"}],"curies":[{"name":"wp","href":"https:\/\/api.w.org\/{rel}","templated":true}]}}