{"id":10905,"date":"2021-10-21T11:57:16","date_gmt":"2021-10-21T09:57:16","guid":{"rendered":"https:\/\/norwegianmade.no\/markedsplass\/ecoprintet-skjerf-i-100-silkesateng\/"},"modified":"2022-09-19T18:35:20","modified_gmt":"2022-09-19T16:35:20","slug":"ecoprintet-skjerf-i-100-silkesateng","status":"archived","type":"product","link":"https:\/\/norwegianmade.no\/en\/produkt\/ecoprintet-skjerf-i-100-silkesateng\/","title":{"rendered":"Ecoprintet skjerf i 100% silkesateng"},"content":{"rendered":"<p>Dette silkeskjerfet smyger seg mykt rundt halsen. Silke er behagelig b\u00e5de n\u00e5r det er kaldt og varmt. Det m\u00e5ler 47 cm bredt og ca. 220 cm langt. Jeg har ecoprintet skjerfet med blader fra eukalyptus kj\u00f8pt i blomsterbutikken, roser plukket i hagen min i Fredrikstad, l\u00f8nn plukket i nabolaget og ginko biluba (tempeltre) plukket p\u00e5 Notodden. Silke er relativt smussavst\u00f8tende, men skjerfet kan vaskes for h\u00e5nd med Milo, eller liknende vaskemiddel p\u00e5 ca. 40 grader.\u00a0<\/p>\n","protected":false},"excerpt":{"rendered":"<p>Supermykt ecoprintet skjerf i 100% silkesateng<\/p>\n","protected":false},"featured_media":0,"comment_status":"open","ping_status":"closed","template":"","meta":{"_acf_changed":false},"product_brand":[],"product_cat":[64,78,60],"product_tag":[],"class_list":{"0":"post-10905","1":"product","2":"type-product","3":"status-archived","5":"product_vendor-fiberfantasier","6":"product_cat-accessories","7":"product_cat-gaver","8":"product_cat-tekstil","10":"first","11":"instock","12":"taxable","13":"shipping-taxable","14":"product-type-simple"},"acf":[],"yoast_head":"<!-- This site is optimized with the Yoast SEO plugin v27.1.1 - https:\/\/yoast.com\/product\/yoast-seo-wordpress\/ -->\n<title>Ecoprintet skjerf i 100% silkesateng &#8226; Norwegian Made<\/title>\n<meta name=\"robots\" content=\"index, follow, max-snippet:-1, max-image-preview:large, max-video-preview:-1\" \/>\n<link rel=\"canonical\" href=\"https:\/\/norwegianmade.no\/produkt\/ecoprintet-skjerf-i-100-silkesateng\/\" \/>\n<meta property=\"og:locale\" content=\"en_US\" \/>\n<meta property=\"og:type\" content=\"article\" \/>\n<meta property=\"og:title\" content=\"Ecoprintet skjerf i 100% silkesateng &#8226; Norwegian Made\" \/>\n<meta property=\"og:description\" content=\"Supermykt ecoprintet skjerf i 100% silkesateng\" \/>\n<meta property=\"og:url\" content=\"https:\/\/norwegianmade.no\/produkt\/ecoprintet-skjerf-i-100-silkesateng\/\" \/>\n<meta property=\"og:site_name\" content=\"Norwegian Made\" \/>\n<meta property=\"article:modified_time\" content=\"2022-09-19T16:35:20+00:00\" \/>\n<meta name=\"twitter:card\" content=\"summary_large_image\" \/>\n<script type=\"application\/ld+json\" class=\"yoast-schema-graph\">{\"@context\":\"https:\/\/schema.org\",\"@graph\":[{\"@type\":\"WebPage\",\"@id\":\"https:\/\/norwegianmade.no\/produkt\/ecoprintet-skjerf-i-100-silkesateng\/\",\"url\":\"https:\/\/norwegianmade.no\/produkt\/ecoprintet-skjerf-i-100-silkesateng\/\",\"name\":\"Ecoprintet skjerf i 100% silkesateng &#8226; Norwegian Made\",\"isPartOf\":{\"@id\":\"https:\/\/norwegianmade.no\/#website\"},\"datePublished\":\"2021-10-21T09:57:16+00:00\",\"dateModified\":\"2022-09-19T16:35:20+00:00\",\"breadcrumb\":{\"@id\":\"https:\/\/norwegianmade.no\/produkt\/ecoprintet-skjerf-i-100-silkesateng\/#breadcrumb\"},\"inLanguage\":\"en-US\",\"potentialAction\":[{\"@type\":\"ReadAction\",\"target\":[\"https:\/\/norwegianmade.no\/produkt\/ecoprintet-skjerf-i-100-silkesateng\/\"]}]},{\"@type\":\"BreadcrumbList\",\"@id\":\"https:\/\/norwegianmade.no\/produkt\/ecoprintet-skjerf-i-100-silkesateng\/#breadcrumb\",\"itemListElement\":[{\"@type\":\"ListItem\",\"position\":1,\"name\":\"Hjem\",\"item\":\"https:\/\/norwegianmade.no\/en\/\"},{\"@type\":\"ListItem\",\"position\":2,\"name\":\"Shop\",\"item\":\"https:\/\/norwegianmade.no\/en\/shop\/\"},{\"@type\":\"ListItem\",\"position\":3,\"name\":\"Ecoprintet skjerf i 100% silkesateng\"}]},{\"@type\":\"WebSite\",\"@id\":\"https:\/\/norwegianmade.no\/#website\",\"url\":\"https:\/\/norwegianmade.no\/\",\"name\":\"Norwegian Made\",\"description\":\"Norges st\u00f8rste markedsplass for norske produsenter\",\"publisher\":{\"@id\":\"https:\/\/norwegianmade.no\/#organization\"},\"potentialAction\":[{\"@type\":\"SearchAction\",\"target\":{\"@type\":\"EntryPoint\",\"urlTemplate\":\"https:\/\/norwegianmade.no\/?s={search_term_string}\"},\"query-input\":{\"@type\":\"PropertyValueSpecification\",\"valueRequired\":true,\"valueName\":\"search_term_string\"}}],\"inLanguage\":\"en-US\"},{\"@type\":\"Organization\",\"@id\":\"https:\/\/norwegianmade.no\/#organization\",\"name\":\"Norwegian Made\",\"url\":\"https:\/\/norwegianmade.no\/\",\"logo\":{\"@type\":\"ImageObject\",\"inLanguage\":\"en-US\",\"@id\":\"https:\/\/norwegianmade.no\/#\/schema\/logo\/image\/\",\"url\":\"https:\/\/norwegianmade.no\/wp-content\/uploads\/2020\/11\/logo-liggende-norwegian-made-web.png\",\"contentUrl\":\"https:\/\/norwegianmade.no\/wp-content\/uploads\/2020\/11\/logo-liggende-norwegian-made-web.png\",\"width\":200,\"height\":58,\"caption\":\"Norwegian Made\"},\"image\":{\"@id\":\"https:\/\/norwegianmade.no\/#\/schema\/logo\/image\/\"}}]}<\/script>\n<!-- \/ Yoast SEO plugin. -->","yoast_head_json":{"title":"Ecoprintet skjerf i 100% silkesateng &#8226; Norwegian Made","robots":{"index":"index","follow":"follow","max-snippet":"max-snippet:-1","max-image-preview":"max-image-preview:large","max-video-preview":"max-video-preview:-1"},"canonical":"https:\/\/norwegianmade.no\/produkt\/ecoprintet-skjerf-i-100-silkesateng\/","og_locale":"en_US","og_type":"article","og_title":"Ecoprintet skjerf i 100% silkesateng &#8226; Norwegian Made","og_description":"Supermykt ecoprintet skjerf i 100% silkesateng","og_url":"https:\/\/norwegianmade.no\/produkt\/ecoprintet-skjerf-i-100-silkesateng\/","og_site_name":"Norwegian Made","article_modified_time":"2022-09-19T16:35:20+00:00","twitter_card":"summary_large_image","schema":{"@context":"https:\/\/schema.org","@graph":[{"@type":"WebPage","@id":"https:\/\/norwegianmade.no\/produkt\/ecoprintet-skjerf-i-100-silkesateng\/","url":"https:\/\/norwegianmade.no\/produkt\/ecoprintet-skjerf-i-100-silkesateng\/","name":"Ecoprintet skjerf i 100% silkesateng &#8226; Norwegian Made","isPartOf":{"@id":"https:\/\/norwegianmade.no\/#website"},"datePublished":"2021-10-21T09:57:16+00:00","dateModified":"2022-09-19T16:35:20+00:00","breadcrumb":{"@id":"https:\/\/norwegianmade.no\/produkt\/ecoprintet-skjerf-i-100-silkesateng\/#breadcrumb"},"inLanguage":"en-US","potentialAction":[{"@type":"ReadAction","target":["https:\/\/norwegianmade.no\/produkt\/ecoprintet-skjerf-i-100-silkesateng\/"]}]},{"@type":"BreadcrumbList","@id":"https:\/\/norwegianmade.no\/produkt\/ecoprintet-skjerf-i-100-silkesateng\/#breadcrumb","itemListElement":[{"@type":"ListItem","position":1,"name":"Hjem","item":"https:\/\/norwegianmade.no\/en\/"},{"@type":"ListItem","position":2,"name":"Shop","item":"https:\/\/norwegianmade.no\/en\/shop\/"},{"@type":"ListItem","position":3,"name":"Ecoprintet skjerf i 100% silkesateng"}]},{"@type":"WebSite","@id":"https:\/\/norwegianmade.no\/#website","url":"https:\/\/norwegianmade.no\/","name":"Norwegian Made","description":"Norges st\u00f8rste markedsplass for norske produsenter","publisher":{"@id":"https:\/\/norwegianmade.no\/#organization"},"potentialAction":[{"@type":"SearchAction","target":{"@type":"EntryPoint","urlTemplate":"https:\/\/norwegianmade.no\/?s={search_term_string}"},"query-input":{"@type":"PropertyValueSpecification","valueRequired":true,"valueName":"search_term_string"}}],"inLanguage":"en-US"},{"@type":"Organization","@id":"https:\/\/norwegianmade.no\/#organization","name":"Norwegian Made","url":"https:\/\/norwegianmade.no\/","logo":{"@type":"ImageObject","inLanguage":"en-US","@id":"https:\/\/norwegianmade.no\/#\/schema\/logo\/image\/","url":"https:\/\/norwegianmade.no\/wp-content\/uploads\/2020\/11\/logo-liggende-norwegian-made-web.png","contentUrl":"https:\/\/norwegianmade.no\/wp-content\/uploads\/2020\/11\/logo-liggende-norwegian-made-web.png","width":200,"height":58,"caption":"Norwegian Made"},"image":{"@id":"https:\/\/norwegianmade.no\/#\/schema\/logo\/image\/"}}]}},"_links":{"self":[{"href":"https:\/\/norwegianmade.no\/en\/wp-json\/wp\/v2\/product\/10905","targetHints":{"allow":["GET"]}}],"collection":[{"href":"https:\/\/norwegianmade.no\/en\/wp-json\/wp\/v2\/product"}],"about":[{"href":"https:\/\/norwegianmade.no\/en\/wp-json\/wp\/v2\/types\/product"}],"replies":[{"embeddable":true,"href":"https:\/\/norwegianmade.no\/en\/wp-json\/wp\/v2\/comments?post=10905"}],"wp:attachment":[{"href":"https:\/\/norwegianmade.no\/en\/wp-json\/wp\/v2\/media?parent=10905"}],"wp:term":[{"taxonomy":"product_brand","embeddable":true,"href":"https:\/\/norwegianmade.no\/en\/wp-json\/wp\/v2\/product_brand?post=10905"},{"taxonomy":"product_cat","embeddable":true,"href":"https:\/\/norwegianmade.no\/en\/wp-json\/wp\/v2\/product_cat?post=10905"},{"taxonomy":"product_tag","embeddable":true,"href":"https:\/\/norwegianmade.no\/en\/wp-json\/wp\/v2\/product_tag?post=10905"}],"curies":[{"name":"wp","href":"https:\/\/api.w.org\/{rel}","templated":true}]}}