{"id":10932,"date":"2021-10-25T13:21:02","date_gmt":"2021-10-25T11:21:02","guid":{"rendered":"https:\/\/norwegianmade.no\/markedsplass\/handmalt-pute-i-silke-aurora-borealis\/"},"modified":"2024-02-09T17:47:30","modified_gmt":"2024-02-09T16:47:30","slug":"handmalt-pute-i-silke-aurora-borealis","status":"archived","type":"product","link":"https:\/\/norwegianmade.no\/en\/produkt\/handmalt-pute-i-silke-aurora-borealis\/","title":{"rendered":"H\u00e5ndmalt pute i silke &#8220;Aurora Borealis&#8221;"},"content":{"rendered":"<p>\u00a0H\u00e5ndmalt pute i Satin silke,\u00a0denne<br \/>selges uten innerpute. Denne puten er fra en kolleksjon inspirert av<br \/>Nordlysets farger. Maler flere lignende dette, men hver pute blir unik.<br \/>Hver enkelt pute blir malt med pensel p\u00e5 hvit silke, med reaktive<br \/>farger. Silken blir s\u00e5 dampfiksert s\u00e5 fargene trekker inn i fibrene og<br \/>blir permanente. Puten t\u00e5ler dermed mye sol og vask, og den falmer ikke<br \/>etter mange \u00e5rs bruk. Men som med all kunst, s\u00e5 b\u00f8r den ikke st\u00e5 i<br \/>direkte sol.\u00a0Alle putene er unike og signerte.\u00a0\u00a0Silke gir en f\u00f8lelse av luksus, og den kan vaskes i maskin eller for h\u00e5nd.<\/p>\n<p>\u00a0Fargene kan variere litt fra monitor til monitor.<\/p>\n<p class=\"p1\"><span class=\"s1\">-Str. : 50&#215;50 cm. (20&#215;20 inches)<\/span><br \/>-H\u00e5ndvask eller maskin.<br \/>-Signert av meg<br \/>-Denne puten er p\u00e5 lager, s\u00e5 den blir sendt straks<\/p>\n<p class=\"p1\">\u00a0Kredittkort, PayPal, Stripe og vedlagt giro blir akseptert ved betaling.<br data-mce-fragment=\"1\" data-sanitized-data-mce-fragment=\"1\">\u00a0FRI FRAKT!<\/p>\n","protected":false},"excerpt":{"rendered":"<p>H\u00e5ndmalt pute i tykk, blank silke satin.<\/p>\n<p>Hver enkel pute er unik. Kan vaskes i maskin.<\/p>\n","protected":false},"featured_media":0,"comment_status":"open","ping_status":"closed","template":"","meta":{"_acf_changed":false},"product_brand":[],"product_cat":[78,59,80,81,86],"product_tag":[],"class_list":{"0":"post-10932","1":"product","2":"type-product","3":"status-archived","5":"product_vendor-design-og-silke","6":"product_cat-gaver","7":"product_cat-interior-kunst","8":"product_cat-interiorartikler","9":"product_cat-kunsthandverk","10":"product_cat-tekstilprodukter","12":"first","13":"instock","14":"sold-individually","15":"taxable","16":"shipping-taxable","17":"product-type-simple"},"acf":[],"yoast_head":"<!-- This site is optimized with the Yoast SEO plugin v27.1.1 - https:\/\/yoast.com\/product\/yoast-seo-wordpress\/ -->\n<title>H\u00e5ndmalt pute i silke &quot;Aurora Borealis&quot; &#8226; Norwegian Made<\/title>\n<meta name=\"robots\" content=\"index, follow, max-snippet:-1, max-image-preview:large, max-video-preview:-1\" \/>\n<link rel=\"canonical\" href=\"https:\/\/norwegianmade.no\/produkt\/handmalt-pute-i-silke-aurora-borealis\/\" \/>\n<meta property=\"og:locale\" content=\"en_US\" \/>\n<meta property=\"og:type\" content=\"article\" \/>\n<meta property=\"og:title\" content=\"H\u00e5ndmalt pute i silke &quot;Aurora Borealis&quot; &#8226; Norwegian Made\" \/>\n<meta property=\"og:description\" content=\"H\u00e5ndmalt pute i tykk, blank silke satin.Hver enkel pute er unik. Kan vaskes i maskin.\" \/>\n<meta property=\"og:url\" content=\"https:\/\/norwegianmade.no\/produkt\/handmalt-pute-i-silke-aurora-borealis\/\" \/>\n<meta property=\"og:site_name\" content=\"Norwegian Made\" \/>\n<meta property=\"article:modified_time\" content=\"2024-02-09T16:47:30+00:00\" \/>\n<meta name=\"twitter:card\" content=\"summary_large_image\" \/>\n<meta name=\"twitter:label1\" content=\"Est. reading time\" \/>\n\t<meta name=\"twitter:data1\" content=\"1 minute\" \/>\n<script type=\"application\/ld+json\" class=\"yoast-schema-graph\">{\"@context\":\"https:\/\/schema.org\",\"@graph\":[{\"@type\":\"WebPage\",\"@id\":\"https:\/\/norwegianmade.no\/produkt\/handmalt-pute-i-silke-aurora-borealis\/\",\"url\":\"https:\/\/norwegianmade.no\/produkt\/handmalt-pute-i-silke-aurora-borealis\/\",\"name\":\"H\u00e5ndmalt pute i silke \\\"Aurora Borealis\\\" &#8226; Norwegian Made\",\"isPartOf\":{\"@id\":\"https:\/\/norwegianmade.no\/#website\"},\"datePublished\":\"2021-10-25T11:21:02+00:00\",\"dateModified\":\"2024-02-09T16:47:30+00:00\",\"breadcrumb\":{\"@id\":\"https:\/\/norwegianmade.no\/produkt\/handmalt-pute-i-silke-aurora-borealis\/#breadcrumb\"},\"inLanguage\":\"en-US\",\"potentialAction\":[{\"@type\":\"ReadAction\",\"target\":[\"https:\/\/norwegianmade.no\/produkt\/handmalt-pute-i-silke-aurora-borealis\/\"]}]},{\"@type\":\"BreadcrumbList\",\"@id\":\"https:\/\/norwegianmade.no\/produkt\/handmalt-pute-i-silke-aurora-borealis\/#breadcrumb\",\"itemListElement\":[{\"@type\":\"ListItem\",\"position\":1,\"name\":\"Hjem\",\"item\":\"https:\/\/norwegianmade.no\/en\/\"},{\"@type\":\"ListItem\",\"position\":2,\"name\":\"Shop\",\"item\":\"https:\/\/norwegianmade.no\/en\/shop\/\"},{\"@type\":\"ListItem\",\"position\":3,\"name\":\"H\u00e5ndmalt pute i silke &laquo;Aurora Borealis&raquo;\"}]},{\"@type\":\"WebSite\",\"@id\":\"https:\/\/norwegianmade.no\/#website\",\"url\":\"https:\/\/norwegianmade.no\/\",\"name\":\"Norwegian Made\",\"description\":\"Norges st\u00f8rste markedsplass for norske produsenter\",\"publisher\":{\"@id\":\"https:\/\/norwegianmade.no\/#organization\"},\"potentialAction\":[{\"@type\":\"SearchAction\",\"target\":{\"@type\":\"EntryPoint\",\"urlTemplate\":\"https:\/\/norwegianmade.no\/?s={search_term_string}\"},\"query-input\":{\"@type\":\"PropertyValueSpecification\",\"valueRequired\":true,\"valueName\":\"search_term_string\"}}],\"inLanguage\":\"en-US\"},{\"@type\":\"Organization\",\"@id\":\"https:\/\/norwegianmade.no\/#organization\",\"name\":\"Norwegian Made\",\"url\":\"https:\/\/norwegianmade.no\/\",\"logo\":{\"@type\":\"ImageObject\",\"inLanguage\":\"en-US\",\"@id\":\"https:\/\/norwegianmade.no\/#\/schema\/logo\/image\/\",\"url\":\"https:\/\/norwegianmade.no\/wp-content\/uploads\/2020\/11\/logo-liggende-norwegian-made-web.png\",\"contentUrl\":\"https:\/\/norwegianmade.no\/wp-content\/uploads\/2020\/11\/logo-liggende-norwegian-made-web.png\",\"width\":200,\"height\":58,\"caption\":\"Norwegian Made\"},\"image\":{\"@id\":\"https:\/\/norwegianmade.no\/#\/schema\/logo\/image\/\"}}]}<\/script>\n<!-- \/ Yoast SEO plugin. -->","yoast_head_json":{"title":"H\u00e5ndmalt pute i silke \"Aurora Borealis\" &#8226; Norwegian Made","robots":{"index":"index","follow":"follow","max-snippet":"max-snippet:-1","max-image-preview":"max-image-preview:large","max-video-preview":"max-video-preview:-1"},"canonical":"https:\/\/norwegianmade.no\/produkt\/handmalt-pute-i-silke-aurora-borealis\/","og_locale":"en_US","og_type":"article","og_title":"H\u00e5ndmalt pute i silke \"Aurora Borealis\" &#8226; Norwegian Made","og_description":"H\u00e5ndmalt pute i tykk, blank silke satin.Hver enkel pute er unik. Kan vaskes i maskin.","og_url":"https:\/\/norwegianmade.no\/produkt\/handmalt-pute-i-silke-aurora-borealis\/","og_site_name":"Norwegian Made","article_modified_time":"2024-02-09T16:47:30+00:00","twitter_card":"summary_large_image","twitter_misc":{"Est. reading time":"1 minute"},"schema":{"@context":"https:\/\/schema.org","@graph":[{"@type":"WebPage","@id":"https:\/\/norwegianmade.no\/produkt\/handmalt-pute-i-silke-aurora-borealis\/","url":"https:\/\/norwegianmade.no\/produkt\/handmalt-pute-i-silke-aurora-borealis\/","name":"H\u00e5ndmalt pute i silke \"Aurora Borealis\" &#8226; Norwegian Made","isPartOf":{"@id":"https:\/\/norwegianmade.no\/#website"},"datePublished":"2021-10-25T11:21:02+00:00","dateModified":"2024-02-09T16:47:30+00:00","breadcrumb":{"@id":"https:\/\/norwegianmade.no\/produkt\/handmalt-pute-i-silke-aurora-borealis\/#breadcrumb"},"inLanguage":"en-US","potentialAction":[{"@type":"ReadAction","target":["https:\/\/norwegianmade.no\/produkt\/handmalt-pute-i-silke-aurora-borealis\/"]}]},{"@type":"BreadcrumbList","@id":"https:\/\/norwegianmade.no\/produkt\/handmalt-pute-i-silke-aurora-borealis\/#breadcrumb","itemListElement":[{"@type":"ListItem","position":1,"name":"Hjem","item":"https:\/\/norwegianmade.no\/en\/"},{"@type":"ListItem","position":2,"name":"Shop","item":"https:\/\/norwegianmade.no\/en\/shop\/"},{"@type":"ListItem","position":3,"name":"H\u00e5ndmalt pute i silke &laquo;Aurora Borealis&raquo;"}]},{"@type":"WebSite","@id":"https:\/\/norwegianmade.no\/#website","url":"https:\/\/norwegianmade.no\/","name":"Norwegian Made","description":"Norges st\u00f8rste markedsplass for norske produsenter","publisher":{"@id":"https:\/\/norwegianmade.no\/#organization"},"potentialAction":[{"@type":"SearchAction","target":{"@type":"EntryPoint","urlTemplate":"https:\/\/norwegianmade.no\/?s={search_term_string}"},"query-input":{"@type":"PropertyValueSpecification","valueRequired":true,"valueName":"search_term_string"}}],"inLanguage":"en-US"},{"@type":"Organization","@id":"https:\/\/norwegianmade.no\/#organization","name":"Norwegian Made","url":"https:\/\/norwegianmade.no\/","logo":{"@type":"ImageObject","inLanguage":"en-US","@id":"https:\/\/norwegianmade.no\/#\/schema\/logo\/image\/","url":"https:\/\/norwegianmade.no\/wp-content\/uploads\/2020\/11\/logo-liggende-norwegian-made-web.png","contentUrl":"https:\/\/norwegianmade.no\/wp-content\/uploads\/2020\/11\/logo-liggende-norwegian-made-web.png","width":200,"height":58,"caption":"Norwegian Made"},"image":{"@id":"https:\/\/norwegianmade.no\/#\/schema\/logo\/image\/"}}]}},"_links":{"self":[{"href":"https:\/\/norwegianmade.no\/en\/wp-json\/wp\/v2\/product\/10932","targetHints":{"allow":["GET"]}}],"collection":[{"href":"https:\/\/norwegianmade.no\/en\/wp-json\/wp\/v2\/product"}],"about":[{"href":"https:\/\/norwegianmade.no\/en\/wp-json\/wp\/v2\/types\/product"}],"replies":[{"embeddable":true,"href":"https:\/\/norwegianmade.no\/en\/wp-json\/wp\/v2\/comments?post=10932"}],"wp:attachment":[{"href":"https:\/\/norwegianmade.no\/en\/wp-json\/wp\/v2\/media?parent=10932"}],"wp:term":[{"taxonomy":"product_brand","embeddable":true,"href":"https:\/\/norwegianmade.no\/en\/wp-json\/wp\/v2\/product_brand?post=10932"},{"taxonomy":"product_cat","embeddable":true,"href":"https:\/\/norwegianmade.no\/en\/wp-json\/wp\/v2\/product_cat?post=10932"},{"taxonomy":"product_tag","embeddable":true,"href":"https:\/\/norwegianmade.no\/en\/wp-json\/wp\/v2\/product_tag?post=10932"}],"curies":[{"name":"wp","href":"https:\/\/api.w.org\/{rel}","templated":true}]}}