{"id":11782,"date":"2021-11-26T12:27:58","date_gmt":"2021-11-26T11:27:58","guid":{"rendered":"https:\/\/norwegianmade.no\/markedsplass\/symre-ansiktskrem-med-ryllik-og-appelsin\/"},"modified":"2025-03-11T13:08:21","modified_gmt":"2025-03-11T12:08:21","slug":"symre-ansiktskrem-med-ryllik-og-appelsin","status":"publish","type":"product","link":"https:\/\/norwegianmade.no\/en\/produkt\/symre-ansiktskrem-med-ryllik-og-appelsin\/","title":{"rendered":"Symre ansiktskrem med ryllik og appelsin (60ml)"},"content":{"rendered":"<p>Symre ansiktskrem er ein frisk og oppkvikkande ansiktskrem med nydeleg aroma av appelsin. Kremen er mjukgjerande og n\u00e6ringsrik, med naturleg talg som inneheld feittl\u00f8yselege vitaminar som A, D, E, K. Kremen inneheld ogs\u00e5 ryllik hausta i utmark p\u00e5 eigen gard. Ryllik er ein gamal medisinplante med fantastiske eigenskaper, som mellom anna har ein rensane effekt p\u00e5 huda. Eterisk olje av appelsin har rensande og oppfriskande eigenskapar, og har ein frisk og oppl\u00f8ftande aroma.\u00a0<\/p>\n<p style=\"margin-top: 0px;margin-bottom: 1rem;font-family: GillSansMTPro-Book;letter-spacing: 1px\" data-mce-style=\"margin-top: 0px; margin-bottom: 1rem; font-family: GillSansMTPro-Book; letter-spacing: 1px;\">Symre ansiktskrem er ein talgkrem \u2013 naturleg hudpleie laga p\u00e5 ein liten vestlandsgard.\u00a0Me er opptekne av \u00e5 nytta oss av naturlege og lokale r\u00e5varer, og ikkje minst ressursgrunnlaget me har p\u00e5 garden. Me har grasf\u00f4ra og \u00f8kologisk storfe av den lokale gamalrasen Vestlandsk fjordfe. I tr\u00e5d med v\u00e5r filosofi om \u00e5 nytte heile dyret, lagar me hudkrem av talget fr\u00e5 dyra. Talg av grasf\u00f4ra dyr er fantanstisk for huda v\u00e5r. Det har s\u00e6rs lik feittsyreprofil som huda, og inneheld feittl\u00f8yselege A, D, K og E-vitaminar. Kort sagt inneheld talg alt det gode huda v\u00e5r treng. I tillegg til talget inneheld hudkremane v\u00e5re berre 2\u20133 andre ingrediensar \u2013 mellom anna blomar og urter hausta fr\u00e5 innmark og utmark. Slik at du er trygg p\u00e5 kva du sm\u00f8rer p\u00e5 huda di.\u00a0<\/p>\n<p style=\"margin-top: 0px;margin-bottom: 1rem;font-family: GillSansMTPro-Book;letter-spacing: 1px\" data-mce-style=\"margin-top: 0px; margin-bottom: 1rem; font-family: GillSansMTPro-Book; letter-spacing: 1px;\">Ved \u00e5 kj\u00f8pe Symre hudkrem f\u00e5r du eit lokalt handverk laga p\u00e5 lokale ressursar. Du f\u00e5r trygge og milj\u00f8vennlege produkt som er heilt utan plastikkemballasje. Du st\u00f8ttar vestlandsk jordbruk og levande bygder, ei kvinnebedrift og sm\u00e5 arbeidsplassar.\u00a0<\/p>\n<p>(Innhald: Talg av grasf\u00f4ra, \u00f8kologisk storfe fr\u00e5 Een gard, tistelolje, uttrekk av villhausta ryllik, eterisk olje av appelsin.)\u00a0<\/p>\n","protected":false},"excerpt":{"rendered":"<p>Symre ansiktskrem er ein frisk og oppkvikkande ansiktskrem med nydeleg aroma av appelsin. Kremen er mjukgjerande og n\u00e6ringsrik, med naturleg talg som inneheld feittl\u00f8yselege vitaminar som A, D, E, K. Kremen inneheld ogs\u00e5 ryllik hausta i utmark p\u00e5 eigen gard. Ryllik er ein gamal medisinplante med fantastiske eigenskaper, som mellom anna har ein rensane effekt p\u00e5 huda. Eterisk olje av appelsin har rensande og oppfriskande eigenskapar, og har ein frisk og oppl\u00f8ftande aroma. Naturleg og trygg hudpleie, laga p\u00e5 ein liten vestlandsgard! \u00a0\u00a0<\/p>\n","protected":false},"featured_media":11780,"comment_status":"open","ping_status":"closed","template":"","meta":{"_acf_changed":false},"product_brand":[],"product_cat":[78,67,324],"product_tag":[],"class_list":{"0":"post-11782","1":"product","2":"type-product","3":"status-publish","4":"has-post-thumbnail","6":"product_vendor-symre-hudkrem","7":"product_cat-gaver","8":"product_cat-hudpleie","9":"product_cat-jul","10":"product_shipping_class-lett","12":"first","13":"instock","14":"taxable","15":"shipping-taxable","16":"product-type-simple"},"acf":[],"yoast_head":"<!-- This site is optimized with the Yoast SEO plugin v27.1.1 - https:\/\/yoast.com\/product\/yoast-seo-wordpress\/ -->\n<title>Symre ansiktskrem med ryllik og appelsin (60ml) &#8226; Norwegian Made<\/title>\n<meta name=\"description\" content=\"talgkrem, naturlig hudkrem\" \/>\n<meta name=\"robots\" content=\"index, follow, max-snippet:-1, max-image-preview:large, max-video-preview:-1\" \/>\n<link rel=\"canonical\" href=\"https:\/\/norwegianmade.no\/en\/produkt\/symre-ansiktskrem-med-ryllik-og-appelsin\/\" \/>\n<meta property=\"og:locale\" content=\"en_US\" \/>\n<meta property=\"og:type\" content=\"article\" \/>\n<meta property=\"og:title\" content=\"Symre ansiktskrem med ryllik og appelsin (60ml) &#8226; Norwegian Made\" \/>\n<meta property=\"og:description\" content=\"talgkrem, naturlig hudkrem\" \/>\n<meta property=\"og:url\" content=\"https:\/\/norwegianmade.no\/en\/produkt\/symre-ansiktskrem-med-ryllik-og-appelsin\/\" \/>\n<meta property=\"og:site_name\" content=\"Norwegian Made\" \/>\n<meta property=\"article:modified_time\" content=\"2025-03-11T12:08:21+00:00\" \/>\n<meta property=\"og:image\" content=\"https:\/\/norwegianmade.no\/wp-content\/uploads\/2021\/11\/Skjermbilde-2021-11-26-kl.-12.13.03.png\" \/>\n\t<meta property=\"og:image:width\" content=\"900\" \/>\n\t<meta property=\"og:image:height\" content=\"894\" \/>\n\t<meta property=\"og:image:type\" content=\"image\/png\" \/>\n<meta name=\"twitter:card\" content=\"summary_large_image\" \/>\n<meta name=\"twitter:label1\" content=\"Est. reading time\" \/>\n\t<meta name=\"twitter:data1\" content=\"1 minute\" \/>\n<script type=\"application\/ld+json\" class=\"yoast-schema-graph\">{\"@context\":\"https:\/\/schema.org\",\"@graph\":[{\"@type\":\"WebPage\",\"@id\":\"https:\/\/norwegianmade.no\/en\/produkt\/symre-ansiktskrem-med-ryllik-og-appelsin\/\",\"url\":\"https:\/\/norwegianmade.no\/en\/produkt\/symre-ansiktskrem-med-ryllik-og-appelsin\/\",\"name\":\"Symre ansiktskrem med ryllik og appelsin (60ml) &#8226; Norwegian Made\",\"isPartOf\":{\"@id\":\"https:\/\/norwegianmade.no\/#website\"},\"primaryImageOfPage\":{\"@id\":\"https:\/\/norwegianmade.no\/en\/produkt\/symre-ansiktskrem-med-ryllik-og-appelsin\/#primaryimage\"},\"image\":{\"@id\":\"https:\/\/norwegianmade.no\/en\/produkt\/symre-ansiktskrem-med-ryllik-og-appelsin\/#primaryimage\"},\"thumbnailUrl\":\"https:\/\/norwegianmade.no\/wp-content\/uploads\/2021\/11\/Skjermbilde-2021-11-26-kl.-12.13.03.png\",\"datePublished\":\"2021-11-26T11:27:58+00:00\",\"dateModified\":\"2025-03-11T12:08:21+00:00\",\"description\":\"talgkrem, naturlig hudkrem\",\"breadcrumb\":{\"@id\":\"https:\/\/norwegianmade.no\/en\/produkt\/symre-ansiktskrem-med-ryllik-og-appelsin\/#breadcrumb\"},\"inLanguage\":\"en-US\",\"potentialAction\":[{\"@type\":\"ReadAction\",\"target\":[\"https:\/\/norwegianmade.no\/en\/produkt\/symre-ansiktskrem-med-ryllik-og-appelsin\/\"]}]},{\"@type\":\"ImageObject\",\"inLanguage\":\"en-US\",\"@id\":\"https:\/\/norwegianmade.no\/en\/produkt\/symre-ansiktskrem-med-ryllik-og-appelsin\/#primaryimage\",\"url\":\"https:\/\/norwegianmade.no\/wp-content\/uploads\/2021\/11\/Skjermbilde-2021-11-26-kl.-12.13.03.png\",\"contentUrl\":\"https:\/\/norwegianmade.no\/wp-content\/uploads\/2021\/11\/Skjermbilde-2021-11-26-kl.-12.13.03.png\",\"width\":900,\"height\":894},{\"@type\":\"BreadcrumbList\",\"@id\":\"https:\/\/norwegianmade.no\/en\/produkt\/symre-ansiktskrem-med-ryllik-og-appelsin\/#breadcrumb\",\"itemListElement\":[{\"@type\":\"ListItem\",\"position\":1,\"name\":\"Hjem\",\"item\":\"https:\/\/norwegianmade.no\/en\/\"},{\"@type\":\"ListItem\",\"position\":2,\"name\":\"Shop\",\"item\":\"https:\/\/norwegianmade.no\/en\/shop\/\"},{\"@type\":\"ListItem\",\"position\":3,\"name\":\"Symre ansiktskrem med ryllik og appelsin (60ml)\"}]},{\"@type\":\"WebSite\",\"@id\":\"https:\/\/norwegianmade.no\/#website\",\"url\":\"https:\/\/norwegianmade.no\/\",\"name\":\"Norwegian Made\",\"description\":\"Norges st\u00f8rste markedsplass for norske produsenter\",\"publisher\":{\"@id\":\"https:\/\/norwegianmade.no\/#organization\"},\"potentialAction\":[{\"@type\":\"SearchAction\",\"target\":{\"@type\":\"EntryPoint\",\"urlTemplate\":\"https:\/\/norwegianmade.no\/?s={search_term_string}\"},\"query-input\":{\"@type\":\"PropertyValueSpecification\",\"valueRequired\":true,\"valueName\":\"search_term_string\"}}],\"inLanguage\":\"en-US\"},{\"@type\":\"Organization\",\"@id\":\"https:\/\/norwegianmade.no\/#organization\",\"name\":\"Norwegian Made\",\"url\":\"https:\/\/norwegianmade.no\/\",\"logo\":{\"@type\":\"ImageObject\",\"inLanguage\":\"en-US\",\"@id\":\"https:\/\/norwegianmade.no\/#\/schema\/logo\/image\/\",\"url\":\"https:\/\/norwegianmade.no\/wp-content\/uploads\/2020\/11\/logo-liggende-norwegian-made-web.png\",\"contentUrl\":\"https:\/\/norwegianmade.no\/wp-content\/uploads\/2020\/11\/logo-liggende-norwegian-made-web.png\",\"width\":200,\"height\":58,\"caption\":\"Norwegian Made\"},\"image\":{\"@id\":\"https:\/\/norwegianmade.no\/#\/schema\/logo\/image\/\"}}]}<\/script>\n<!-- \/ Yoast SEO plugin. -->","yoast_head_json":{"title":"Symre ansiktskrem med ryllik og appelsin (60ml) &#8226; Norwegian Made","description":"talgkrem, naturlig hudkrem","robots":{"index":"index","follow":"follow","max-snippet":"max-snippet:-1","max-image-preview":"max-image-preview:large","max-video-preview":"max-video-preview:-1"},"canonical":"https:\/\/norwegianmade.no\/en\/produkt\/symre-ansiktskrem-med-ryllik-og-appelsin\/","og_locale":"en_US","og_type":"article","og_title":"Symre ansiktskrem med ryllik og appelsin (60ml) &#8226; Norwegian Made","og_description":"talgkrem, naturlig hudkrem","og_url":"https:\/\/norwegianmade.no\/en\/produkt\/symre-ansiktskrem-med-ryllik-og-appelsin\/","og_site_name":"Norwegian Made","article_modified_time":"2025-03-11T12:08:21+00:00","og_image":[{"width":900,"height":894,"url":"https:\/\/norwegianmade.no\/wp-content\/uploads\/2021\/11\/Skjermbilde-2021-11-26-kl.-12.13.03.png","type":"image\/png"}],"twitter_card":"summary_large_image","twitter_misc":{"Est. reading time":"1 minute"},"schema":{"@context":"https:\/\/schema.org","@graph":[{"@type":"WebPage","@id":"https:\/\/norwegianmade.no\/en\/produkt\/symre-ansiktskrem-med-ryllik-og-appelsin\/","url":"https:\/\/norwegianmade.no\/en\/produkt\/symre-ansiktskrem-med-ryllik-og-appelsin\/","name":"Symre ansiktskrem med ryllik og appelsin (60ml) &#8226; Norwegian Made","isPartOf":{"@id":"https:\/\/norwegianmade.no\/#website"},"primaryImageOfPage":{"@id":"https:\/\/norwegianmade.no\/en\/produkt\/symre-ansiktskrem-med-ryllik-og-appelsin\/#primaryimage"},"image":{"@id":"https:\/\/norwegianmade.no\/en\/produkt\/symre-ansiktskrem-med-ryllik-og-appelsin\/#primaryimage"},"thumbnailUrl":"https:\/\/norwegianmade.no\/wp-content\/uploads\/2021\/11\/Skjermbilde-2021-11-26-kl.-12.13.03.png","datePublished":"2021-11-26T11:27:58+00:00","dateModified":"2025-03-11T12:08:21+00:00","description":"talgkrem, naturlig hudkrem","breadcrumb":{"@id":"https:\/\/norwegianmade.no\/en\/produkt\/symre-ansiktskrem-med-ryllik-og-appelsin\/#breadcrumb"},"inLanguage":"en-US","potentialAction":[{"@type":"ReadAction","target":["https:\/\/norwegianmade.no\/en\/produkt\/symre-ansiktskrem-med-ryllik-og-appelsin\/"]}]},{"@type":"ImageObject","inLanguage":"en-US","@id":"https:\/\/norwegianmade.no\/en\/produkt\/symre-ansiktskrem-med-ryllik-og-appelsin\/#primaryimage","url":"https:\/\/norwegianmade.no\/wp-content\/uploads\/2021\/11\/Skjermbilde-2021-11-26-kl.-12.13.03.png","contentUrl":"https:\/\/norwegianmade.no\/wp-content\/uploads\/2021\/11\/Skjermbilde-2021-11-26-kl.-12.13.03.png","width":900,"height":894},{"@type":"BreadcrumbList","@id":"https:\/\/norwegianmade.no\/en\/produkt\/symre-ansiktskrem-med-ryllik-og-appelsin\/#breadcrumb","itemListElement":[{"@type":"ListItem","position":1,"name":"Hjem","item":"https:\/\/norwegianmade.no\/en\/"},{"@type":"ListItem","position":2,"name":"Shop","item":"https:\/\/norwegianmade.no\/en\/shop\/"},{"@type":"ListItem","position":3,"name":"Symre ansiktskrem med ryllik og appelsin (60ml)"}]},{"@type":"WebSite","@id":"https:\/\/norwegianmade.no\/#website","url":"https:\/\/norwegianmade.no\/","name":"Norwegian Made","description":"Norges st\u00f8rste markedsplass for norske produsenter","publisher":{"@id":"https:\/\/norwegianmade.no\/#organization"},"potentialAction":[{"@type":"SearchAction","target":{"@type":"EntryPoint","urlTemplate":"https:\/\/norwegianmade.no\/?s={search_term_string}"},"query-input":{"@type":"PropertyValueSpecification","valueRequired":true,"valueName":"search_term_string"}}],"inLanguage":"en-US"},{"@type":"Organization","@id":"https:\/\/norwegianmade.no\/#organization","name":"Norwegian Made","url":"https:\/\/norwegianmade.no\/","logo":{"@type":"ImageObject","inLanguage":"en-US","@id":"https:\/\/norwegianmade.no\/#\/schema\/logo\/image\/","url":"https:\/\/norwegianmade.no\/wp-content\/uploads\/2020\/11\/logo-liggende-norwegian-made-web.png","contentUrl":"https:\/\/norwegianmade.no\/wp-content\/uploads\/2020\/11\/logo-liggende-norwegian-made-web.png","width":200,"height":58,"caption":"Norwegian Made"},"image":{"@id":"https:\/\/norwegianmade.no\/#\/schema\/logo\/image\/"}}]}},"_links":{"self":[{"href":"https:\/\/norwegianmade.no\/en\/wp-json\/wp\/v2\/product\/11782","targetHints":{"allow":["GET"]}}],"collection":[{"href":"https:\/\/norwegianmade.no\/en\/wp-json\/wp\/v2\/product"}],"about":[{"href":"https:\/\/norwegianmade.no\/en\/wp-json\/wp\/v2\/types\/product"}],"replies":[{"embeddable":true,"href":"https:\/\/norwegianmade.no\/en\/wp-json\/wp\/v2\/comments?post=11782"}],"wp:featuredmedia":[{"embeddable":true,"href":"https:\/\/norwegianmade.no\/en\/wp-json\/wp\/v2\/media\/11780"}],"wp:attachment":[{"href":"https:\/\/norwegianmade.no\/en\/wp-json\/wp\/v2\/media?parent=11782"}],"wp:term":[{"taxonomy":"product_brand","embeddable":true,"href":"https:\/\/norwegianmade.no\/en\/wp-json\/wp\/v2\/product_brand?post=11782"},{"taxonomy":"product_cat","embeddable":true,"href":"https:\/\/norwegianmade.no\/en\/wp-json\/wp\/v2\/product_cat?post=11782"},{"taxonomy":"product_tag","embeddable":true,"href":"https:\/\/norwegianmade.no\/en\/wp-json\/wp\/v2\/product_tag?post=11782"}],"curies":[{"name":"wp","href":"https:\/\/api.w.org\/{rel}","templated":true}]}}