{"id":11944,"date":"2021-12-05T12:41:52","date_gmt":"2021-12-05T11:41:52","guid":{"rendered":"https:\/\/norwegianmade.no\/?post_type=product&#038;p=11944"},"modified":"2025-06-14T04:56:26","modified_gmt":"2025-06-14T02:56:26","slug":"fotobok-tonsbergs-arbeiderforening","status":"publish","type":"product","link":"https:\/\/norwegianmade.no\/en\/produkt\/fotobok-tonsbergs-arbeiderforening\/","title":{"rendered":"Fotobok T\u00f8nsbergs Arbeiderforening"},"content":{"rendered":"<div class=\"page\" title=\"Page 1\">\n<div class=\"section\">\n<div class=\"layoutArea\">\n<div class=\"column\">\n<p><span style=\"font-size: 13pt;font-family: Didot\" data-mce-style=\"font-size: 13pt; font-family: Didot;\">Jeg kom fra USA med ett av de siste ordin\u00e6re flyene f\u00f8r Covid-pandemien virkelig tok tak i verden, og mens enda trodde dette skulle bli en hard influensa. De tre ma\u030anedene jeg trodde oppholdet skulle vare, varer enda og alt har blitt forandret for meg ogsa\u030a, faktisk pa\u030a alle plan.-Samtidig fikk jeg h\u00f8re at huset til T\u00f8nsbergs Arbeider Forening var solgt. Jeg svingte meg rundt og fikk laget bilder &#8211; for dette unike stedet forsvant for godt, i en stil som vel kan kalles personlig dokumentarisme. Prosjektet ga det a\u030a komme tilbake til Norge mening for meg. Jeg hadde angret resten av livet, hadde jeg ikke laget disse bildene.<\/span><\/p>\n<p><span style=\"font-size: 13pt;font-family: Didot\" data-mce-style=\"font-size: 13pt; font-family: Didot;\">Samtidig, skj\u00f8nte jeg at jeg stakk ha\u030anden inn i en storm. Det var sterk ambivalens rundt pengegaven som fulgte salget i det den var sterkt knyttet opp mot et soloutspill og \u00f8nske om a\u030a sette et godt fotavtrykk i byen, i stedet for at penger kunne ga\u030att til T\u00f8nsbergs Arbeiderforeningas Legat. Legatet har pa\u030akostet mye av forenings aktiviteter gjennom a\u030arene og driver, viktigst av alt, utleie av boliger til sosiale priser i T\u00f8nsberg. Leietakerens er na\u030a redde for hva som kan komme til a\u030a skje med dem. De er glade for boligene sine og det er mangel pa\u030a gode, sosialt prisede utleie-leiligheter i T\u00f8nsberg (og Norge). Her kunne jo foreningen knyttet ba\u030and til sin tidlige sosiale profil og satt et helt annet fotavtrykk? Jeg bare sp\u00f8r. Siden dette er en kunsterbok, stiller jeg sp\u00f8rsma\u030al i stedet for a\u030a gi svar.<\/span><\/p>\n<p><span style=\"font-size: 13pt;font-family: Didot\" data-mce-style=\"font-size: 13pt; font-family: Didot;\">Det er altsa\u030a intervjuer i midtdelen av boken som forteller om salget, foreningsliv, det a\u030a v\u00e6re kvinne i norsk foreningsliv og rett og slett forandring. Professor emeritus i historie med arbeiderbevegelsen som spesialfelt;<br \/>Finn Olstad, trekker tra\u030adene sammen for oss med et etterord.<\/span><\/p>\n<\/div>\n<\/div>\n<\/div>\n<\/div>\n","protected":false},"excerpt":{"rendered":"<div style=\"margin: 0px;font-size: 18px;line-height: normal;font-family: Didot;min-height: 19px\" data-mce-style=\"margin: 0px; font-size: 18px; line-height: normal; font-family: Didot; min-height: 19px;\"><span style=\"font-size: 17.33333396911621px\" data-mce-style=\"font-size: 17.33333396911621px;\">T\u00f8nsbergs Arbeiderforening er min \u00abfunny valentine\u00bb et for meg mystisk sted som jeg kommer tilbake til igjen og igjen. Stedet er fullt av historier, og disse er ikke \u00abbare\u00bb lokale, men nasjonale og internasjonale fordi de handler om menneskelighet, levd liv, valg og kommunikasjon.<\/span><\/div>\n<div><\/div>\n<div>Boken og fotoprosjektet er st\u00f8ttet av Stiftelsen Fritt Ord, Kulturr\u00e5det og T\u00f8nsberg Kommune.\u00a0<\/div>\n<div style=\"margin: 0px;font-size: 18px;line-height: normal;font-family: Didot\" data-mce-style=\"margin: 0px; font-size: 18px; line-height: normal; font-family: Didot;\"><\/div>\n","protected":false},"featured_media":12090,"comment_status":"open","ping_status":"closed","template":"","meta":{"_acf_changed":false},"product_brand":[],"product_cat":[124,78,324,15],"product_tag":[],"class_list":{"0":"post-11944","1":"product","2":"type-product","3":"status-publish","4":"has-post-thumbnail","6":"product_vendor-k-linnea-backe-embroidered-cloths-fotograf","7":"product_cat-annet","8":"product_cat-gaver","9":"product_cat-jul","10":"product_cat-ukategorisert","11":"product_shipping_class-brev","13":"first","14":"instock","15":"taxable","16":"shipping-taxable","17":"purchasable","18":"product-type-simple"},"acf":[],"yoast_head":"<!-- This site is optimized with the Yoast SEO plugin v27.1.1 - https:\/\/yoast.com\/product\/yoast-seo-wordpress\/ -->\n<title>Fotobok T\u00f8nsbergs Arbeiderforening &#8226; Norwegian Made<\/title>\n<meta name=\"robots\" content=\"index, follow, max-snippet:-1, max-image-preview:large, max-video-preview:-1\" \/>\n<link rel=\"canonical\" href=\"https:\/\/norwegianmade.no\/produkt\/fotobok-tonsbergs-arbeiderforening\/\" \/>\n<meta property=\"og:locale\" content=\"en_US\" \/>\n<meta property=\"og:type\" content=\"article\" \/>\n<meta property=\"og:title\" content=\"Fotobok T\u00f8nsbergs Arbeiderforening &#8226; Norwegian Made\" \/>\n<meta property=\"og:description\" content=\"T\u00f8nsbergs Arbeiderforening er min \u00abfunny valentine\u00bb et for meg mystisk sted som jeg kommer tilbake til igjen og igjen. Stedet er fullt av historier, og disse er ikke \u00abbare\u00bb lokale, men nasjonale og internasjonale fordi de handler om menneskelighet, levd liv, valg og kommunikasjon.Boken og fotoprosjektet er st\u00f8ttet av Stiftelsen Fritt Ord, Kulturr\u00e5det og T\u00f8nsberg Kommune.\u00a0\" \/>\n<meta property=\"og:url\" content=\"https:\/\/norwegianmade.no\/produkt\/fotobok-tonsbergs-arbeiderforening\/\" \/>\n<meta property=\"og:site_name\" content=\"Norwegian Made\" \/>\n<meta property=\"article:modified_time\" content=\"2025-06-14T02:56:26+00:00\" \/>\n<meta property=\"og:image\" content=\"https:\/\/norwegianmade.no\/wp-content\/uploads\/2021\/12\/TA4rapport-4.jpg\" \/>\n\t<meta property=\"og:image:width\" content=\"1000\" \/>\n\t<meta property=\"og:image:height\" content=\"800\" \/>\n\t<meta property=\"og:image:type\" content=\"image\/jpeg\" \/>\n<meta name=\"twitter:card\" content=\"summary_large_image\" \/>\n<meta name=\"twitter:label1\" content=\"Est. reading time\" \/>\n\t<meta name=\"twitter:data1\" content=\"2 minutes\" \/>\n<script type=\"application\/ld+json\" class=\"yoast-schema-graph\">{\"@context\":\"https:\/\/schema.org\",\"@graph\":[{\"@type\":\"WebPage\",\"@id\":\"https:\/\/norwegianmade.no\/produkt\/fotobok-tonsbergs-arbeiderforening\/\",\"url\":\"https:\/\/norwegianmade.no\/produkt\/fotobok-tonsbergs-arbeiderforening\/\",\"name\":\"Fotobok T\u00f8nsbergs Arbeiderforening &#8226; Norwegian Made\",\"isPartOf\":{\"@id\":\"https:\/\/norwegianmade.no\/#website\"},\"primaryImageOfPage\":{\"@id\":\"https:\/\/norwegianmade.no\/produkt\/fotobok-tonsbergs-arbeiderforening\/#primaryimage\"},\"image\":{\"@id\":\"https:\/\/norwegianmade.no\/produkt\/fotobok-tonsbergs-arbeiderforening\/#primaryimage\"},\"thumbnailUrl\":\"https:\/\/norwegianmade.no\/wp-content\/uploads\/2021\/12\/TA4rapport-4.jpg\",\"datePublished\":\"2021-12-05T11:41:52+00:00\",\"dateModified\":\"2025-06-14T02:56:26+00:00\",\"breadcrumb\":{\"@id\":\"https:\/\/norwegianmade.no\/produkt\/fotobok-tonsbergs-arbeiderforening\/#breadcrumb\"},\"inLanguage\":\"en-US\",\"potentialAction\":[{\"@type\":\"ReadAction\",\"target\":[\"https:\/\/norwegianmade.no\/produkt\/fotobok-tonsbergs-arbeiderforening\/\"]}]},{\"@type\":\"ImageObject\",\"inLanguage\":\"en-US\",\"@id\":\"https:\/\/norwegianmade.no\/produkt\/fotobok-tonsbergs-arbeiderforening\/#primaryimage\",\"url\":\"https:\/\/norwegianmade.no\/wp-content\/uploads\/2021\/12\/TA4rapport-4.jpg\",\"contentUrl\":\"https:\/\/norwegianmade.no\/wp-content\/uploads\/2021\/12\/TA4rapport-4.jpg\",\"width\":1000,\"height\":800},{\"@type\":\"BreadcrumbList\",\"@id\":\"https:\/\/norwegianmade.no\/produkt\/fotobok-tonsbergs-arbeiderforening\/#breadcrumb\",\"itemListElement\":[{\"@type\":\"ListItem\",\"position\":1,\"name\":\"Hjem\",\"item\":\"https:\/\/norwegianmade.no\/en\/\"},{\"@type\":\"ListItem\",\"position\":2,\"name\":\"Shop\",\"item\":\"https:\/\/norwegianmade.no\/en\/shop\/\"},{\"@type\":\"ListItem\",\"position\":3,\"name\":\"Fotobok T\u00f8nsbergs Arbeiderforening\"}]},{\"@type\":\"WebSite\",\"@id\":\"https:\/\/norwegianmade.no\/#website\",\"url\":\"https:\/\/norwegianmade.no\/\",\"name\":\"Norwegian Made\",\"description\":\"Norges st\u00f8rste markedsplass for norske produsenter\",\"publisher\":{\"@id\":\"https:\/\/norwegianmade.no\/#organization\"},\"potentialAction\":[{\"@type\":\"SearchAction\",\"target\":{\"@type\":\"EntryPoint\",\"urlTemplate\":\"https:\/\/norwegianmade.no\/?s={search_term_string}\"},\"query-input\":{\"@type\":\"PropertyValueSpecification\",\"valueRequired\":true,\"valueName\":\"search_term_string\"}}],\"inLanguage\":\"en-US\"},{\"@type\":\"Organization\",\"@id\":\"https:\/\/norwegianmade.no\/#organization\",\"name\":\"Norwegian Made\",\"url\":\"https:\/\/norwegianmade.no\/\",\"logo\":{\"@type\":\"ImageObject\",\"inLanguage\":\"en-US\",\"@id\":\"https:\/\/norwegianmade.no\/#\/schema\/logo\/image\/\",\"url\":\"https:\/\/norwegianmade.no\/wp-content\/uploads\/2020\/11\/logo-liggende-norwegian-made-web.png\",\"contentUrl\":\"https:\/\/norwegianmade.no\/wp-content\/uploads\/2020\/11\/logo-liggende-norwegian-made-web.png\",\"width\":200,\"height\":58,\"caption\":\"Norwegian Made\"},\"image\":{\"@id\":\"https:\/\/norwegianmade.no\/#\/schema\/logo\/image\/\"}}]}<\/script>\n<!-- \/ Yoast SEO plugin. -->","yoast_head_json":{"title":"Fotobok T\u00f8nsbergs Arbeiderforening &#8226; Norwegian Made","robots":{"index":"index","follow":"follow","max-snippet":"max-snippet:-1","max-image-preview":"max-image-preview:large","max-video-preview":"max-video-preview:-1"},"canonical":"https:\/\/norwegianmade.no\/produkt\/fotobok-tonsbergs-arbeiderforening\/","og_locale":"en_US","og_type":"article","og_title":"Fotobok T\u00f8nsbergs Arbeiderforening &#8226; Norwegian Made","og_description":"T\u00f8nsbergs Arbeiderforening er min \u00abfunny valentine\u00bb et for meg mystisk sted som jeg kommer tilbake til igjen og igjen. Stedet er fullt av historier, og disse er ikke \u00abbare\u00bb lokale, men nasjonale og internasjonale fordi de handler om menneskelighet, levd liv, valg og kommunikasjon.Boken og fotoprosjektet er st\u00f8ttet av Stiftelsen Fritt Ord, Kulturr\u00e5det og T\u00f8nsberg Kommune.\u00a0","og_url":"https:\/\/norwegianmade.no\/produkt\/fotobok-tonsbergs-arbeiderforening\/","og_site_name":"Norwegian Made","article_modified_time":"2025-06-14T02:56:26+00:00","og_image":[{"width":1000,"height":800,"url":"https:\/\/norwegianmade.no\/wp-content\/uploads\/2021\/12\/TA4rapport-4.jpg","type":"image\/jpeg"}],"twitter_card":"summary_large_image","twitter_misc":{"Est. reading time":"2 minutes"},"schema":{"@context":"https:\/\/schema.org","@graph":[{"@type":"WebPage","@id":"https:\/\/norwegianmade.no\/produkt\/fotobok-tonsbergs-arbeiderforening\/","url":"https:\/\/norwegianmade.no\/produkt\/fotobok-tonsbergs-arbeiderforening\/","name":"Fotobok T\u00f8nsbergs Arbeiderforening &#8226; Norwegian Made","isPartOf":{"@id":"https:\/\/norwegianmade.no\/#website"},"primaryImageOfPage":{"@id":"https:\/\/norwegianmade.no\/produkt\/fotobok-tonsbergs-arbeiderforening\/#primaryimage"},"image":{"@id":"https:\/\/norwegianmade.no\/produkt\/fotobok-tonsbergs-arbeiderforening\/#primaryimage"},"thumbnailUrl":"https:\/\/norwegianmade.no\/wp-content\/uploads\/2021\/12\/TA4rapport-4.jpg","datePublished":"2021-12-05T11:41:52+00:00","dateModified":"2025-06-14T02:56:26+00:00","breadcrumb":{"@id":"https:\/\/norwegianmade.no\/produkt\/fotobok-tonsbergs-arbeiderforening\/#breadcrumb"},"inLanguage":"en-US","potentialAction":[{"@type":"ReadAction","target":["https:\/\/norwegianmade.no\/produkt\/fotobok-tonsbergs-arbeiderforening\/"]}]},{"@type":"ImageObject","inLanguage":"en-US","@id":"https:\/\/norwegianmade.no\/produkt\/fotobok-tonsbergs-arbeiderforening\/#primaryimage","url":"https:\/\/norwegianmade.no\/wp-content\/uploads\/2021\/12\/TA4rapport-4.jpg","contentUrl":"https:\/\/norwegianmade.no\/wp-content\/uploads\/2021\/12\/TA4rapport-4.jpg","width":1000,"height":800},{"@type":"BreadcrumbList","@id":"https:\/\/norwegianmade.no\/produkt\/fotobok-tonsbergs-arbeiderforening\/#breadcrumb","itemListElement":[{"@type":"ListItem","position":1,"name":"Hjem","item":"https:\/\/norwegianmade.no\/en\/"},{"@type":"ListItem","position":2,"name":"Shop","item":"https:\/\/norwegianmade.no\/en\/shop\/"},{"@type":"ListItem","position":3,"name":"Fotobok T\u00f8nsbergs Arbeiderforening"}]},{"@type":"WebSite","@id":"https:\/\/norwegianmade.no\/#website","url":"https:\/\/norwegianmade.no\/","name":"Norwegian Made","description":"Norges st\u00f8rste markedsplass for norske produsenter","publisher":{"@id":"https:\/\/norwegianmade.no\/#organization"},"potentialAction":[{"@type":"SearchAction","target":{"@type":"EntryPoint","urlTemplate":"https:\/\/norwegianmade.no\/?s={search_term_string}"},"query-input":{"@type":"PropertyValueSpecification","valueRequired":true,"valueName":"search_term_string"}}],"inLanguage":"en-US"},{"@type":"Organization","@id":"https:\/\/norwegianmade.no\/#organization","name":"Norwegian Made","url":"https:\/\/norwegianmade.no\/","logo":{"@type":"ImageObject","inLanguage":"en-US","@id":"https:\/\/norwegianmade.no\/#\/schema\/logo\/image\/","url":"https:\/\/norwegianmade.no\/wp-content\/uploads\/2020\/11\/logo-liggende-norwegian-made-web.png","contentUrl":"https:\/\/norwegianmade.no\/wp-content\/uploads\/2020\/11\/logo-liggende-norwegian-made-web.png","width":200,"height":58,"caption":"Norwegian Made"},"image":{"@id":"https:\/\/norwegianmade.no\/#\/schema\/logo\/image\/"}}]}},"_links":{"self":[{"href":"https:\/\/norwegianmade.no\/en\/wp-json\/wp\/v2\/product\/11944","targetHints":{"allow":["GET"]}}],"collection":[{"href":"https:\/\/norwegianmade.no\/en\/wp-json\/wp\/v2\/product"}],"about":[{"href":"https:\/\/norwegianmade.no\/en\/wp-json\/wp\/v2\/types\/product"}],"replies":[{"embeddable":true,"href":"https:\/\/norwegianmade.no\/en\/wp-json\/wp\/v2\/comments?post=11944"}],"wp:featuredmedia":[{"embeddable":true,"href":"https:\/\/norwegianmade.no\/en\/wp-json\/wp\/v2\/media\/12090"}],"wp:attachment":[{"href":"https:\/\/norwegianmade.no\/en\/wp-json\/wp\/v2\/media?parent=11944"}],"wp:term":[{"taxonomy":"product_brand","embeddable":true,"href":"https:\/\/norwegianmade.no\/en\/wp-json\/wp\/v2\/product_brand?post=11944"},{"taxonomy":"product_cat","embeddable":true,"href":"https:\/\/norwegianmade.no\/en\/wp-json\/wp\/v2\/product_cat?post=11944"},{"taxonomy":"product_tag","embeddable":true,"href":"https:\/\/norwegianmade.no\/en\/wp-json\/wp\/v2\/product_tag?post=11944"}],"curies":[{"name":"wp","href":"https:\/\/api.w.org\/{rel}","templated":true}]}}