{"id":11971,"date":"2021-12-02T15:24:47","date_gmt":"2021-12-02T14:24:47","guid":{"rendered":"https:\/\/norwegianmade.no\/markedsplass\/no-3-bunadsolv-herre-lav\/"},"modified":"2023-04-23T19:22:41","modified_gmt":"2023-04-23T17:22:41","slug":"no-3-bunadsolv-herre-lav","status":"archived","type":"product","link":"https:\/\/norwegianmade.no\/en\/produkt\/no-3-bunadsolv-herre-lav\/","title":{"rendered":"Ferdig gravert No.3 Bunads\u00f8lv herre lav."},"content":{"rendered":"<p><\/p>\n","protected":false},"excerpt":{"rendered":"<p>En igjen med eik og sort stoff<\/p>\n<p>Jeg har laget 3 stk av disse skrinene som er lavere enn vanlig. Selger de derfor til sterkt redusert pris.\u00a0<\/p>\n<p>Forskjellen blir at innvendig er h\u00f8yden kun 30mm ellers er de like vanlige no.3 skrin. Alle skrina er i eik, to har svart stoff og ett med bl\u00e5tt.<\/p>\n<p>Leveres gravert med teksten &#8220;Bunads\u00f8lv&#8221; som p\u00e5 bildet.\u00a0<\/p>\n<p>Prisen gjelder kun disse tre skrinene<\/p>\n","protected":false},"featured_media":11979,"comment_status":"open","ping_status":"closed","template":"","meta":{"_acf_changed":false},"product_brand":[],"product_cat":[15],"product_tag":[],"class_list":{"0":"post-11971","1":"product","2":"type-product","3":"status-archived","4":"has-post-thumbnail","6":"product_vendor-waahlberg-skrinmaker","7":"product_cat-ukategorisert","8":"product_shipping_class-lett","10":"first","11":"outofstock","12":"sale","13":"taxable","14":"shipping-taxable","15":"product-type-simple"},"acf":[],"yoast_head":"<!-- This site is optimized with the Yoast SEO plugin v27.1.1 - https:\/\/yoast.com\/product\/yoast-seo-wordpress\/ -->\n<title>Ferdig gravert No.3 Bunads\u00f8lv herre lav. &#8226; Norwegian Made<\/title>\n<meta name=\"robots\" content=\"index, follow, max-snippet:-1, max-image-preview:large, max-video-preview:-1\" \/>\n<link rel=\"canonical\" href=\"https:\/\/norwegianmade.no\/produkt\/no-3-bunadsolv-herre-lav\/\" \/>\n<meta property=\"og:locale\" content=\"en_US\" \/>\n<meta property=\"og:type\" content=\"article\" \/>\n<meta property=\"og:title\" content=\"Ferdig gravert No.3 Bunads\u00f8lv herre lav. &#8226; Norwegian Made\" \/>\n<meta property=\"og:description\" content=\"En igjen med eik og sort stoffJeg har laget 3 stk av disse skrinene som er lavere enn vanlig. Selger de derfor til sterkt redusert pris.\u00a0Forskjellen blir at innvendig er h\u00f8yden kun 30mm ellers er de like vanlige no.3 skrin. Alle skrina er i eik, to har svart stoff og ett med bl\u00e5tt.Leveres gravert med teksten &quot;Bunads\u00f8lv&quot; som p\u00e5 bildet.\u00a0Prisen gjelder kun disse tre skrinene\" \/>\n<meta property=\"og:url\" content=\"https:\/\/norwegianmade.no\/produkt\/no-3-bunadsolv-herre-lav\/\" \/>\n<meta property=\"og:site_name\" content=\"Norwegian Made\" \/>\n<meta property=\"article:modified_time\" content=\"2023-04-23T17:22:41+00:00\" \/>\n<meta property=\"og:image\" content=\"https:\/\/norwegianmade.no\/wp-content\/uploads\/2021\/12\/3-rotated.jpg\" \/>\n\t<meta property=\"og:image:width\" content=\"1512\" \/>\n\t<meta property=\"og:image:height\" content=\"2016\" \/>\n\t<meta property=\"og:image:type\" content=\"image\/jpeg\" \/>\n<meta name=\"twitter:card\" content=\"summary_large_image\" \/>\n<script type=\"application\/ld+json\" class=\"yoast-schema-graph\">{\"@context\":\"https:\/\/schema.org\",\"@graph\":[{\"@type\":\"WebPage\",\"@id\":\"https:\/\/norwegianmade.no\/produkt\/no-3-bunadsolv-herre-lav\/\",\"url\":\"https:\/\/norwegianmade.no\/produkt\/no-3-bunadsolv-herre-lav\/\",\"name\":\"Ferdig gravert No.3 Bunads\u00f8lv herre lav. &#8226; Norwegian Made\",\"isPartOf\":{\"@id\":\"https:\/\/norwegianmade.no\/#website\"},\"primaryImageOfPage\":{\"@id\":\"https:\/\/norwegianmade.no\/produkt\/no-3-bunadsolv-herre-lav\/#primaryimage\"},\"image\":{\"@id\":\"https:\/\/norwegianmade.no\/produkt\/no-3-bunadsolv-herre-lav\/#primaryimage\"},\"thumbnailUrl\":\"https:\/\/norwegianmade.no\/wp-content\/uploads\/2021\/12\/3-rotated.jpg\",\"datePublished\":\"2021-12-02T14:24:47+00:00\",\"dateModified\":\"2023-04-23T17:22:41+00:00\",\"breadcrumb\":{\"@id\":\"https:\/\/norwegianmade.no\/produkt\/no-3-bunadsolv-herre-lav\/#breadcrumb\"},\"inLanguage\":\"en-US\",\"potentialAction\":[{\"@type\":\"ReadAction\",\"target\":[\"https:\/\/norwegianmade.no\/produkt\/no-3-bunadsolv-herre-lav\/\"]}]},{\"@type\":\"ImageObject\",\"inLanguage\":\"en-US\",\"@id\":\"https:\/\/norwegianmade.no\/produkt\/no-3-bunadsolv-herre-lav\/#primaryimage\",\"url\":\"https:\/\/norwegianmade.no\/wp-content\/uploads\/2021\/12\/3-rotated.jpg\",\"contentUrl\":\"https:\/\/norwegianmade.no\/wp-content\/uploads\/2021\/12\/3-rotated.jpg\",\"width\":1512,\"height\":2016},{\"@type\":\"BreadcrumbList\",\"@id\":\"https:\/\/norwegianmade.no\/produkt\/no-3-bunadsolv-herre-lav\/#breadcrumb\",\"itemListElement\":[{\"@type\":\"ListItem\",\"position\":1,\"name\":\"Hjem\",\"item\":\"https:\/\/norwegianmade.no\/en\/\"},{\"@type\":\"ListItem\",\"position\":2,\"name\":\"Shop\",\"item\":\"https:\/\/norwegianmade.no\/en\/shop\/\"},{\"@type\":\"ListItem\",\"position\":3,\"name\":\"Ferdig gravert No.3 Bunads\u00f8lv herre lav.\"}]},{\"@type\":\"WebSite\",\"@id\":\"https:\/\/norwegianmade.no\/#website\",\"url\":\"https:\/\/norwegianmade.no\/\",\"name\":\"Norwegian Made\",\"description\":\"Norges st\u00f8rste markedsplass for norske produsenter\",\"publisher\":{\"@id\":\"https:\/\/norwegianmade.no\/#organization\"},\"potentialAction\":[{\"@type\":\"SearchAction\",\"target\":{\"@type\":\"EntryPoint\",\"urlTemplate\":\"https:\/\/norwegianmade.no\/?s={search_term_string}\"},\"query-input\":{\"@type\":\"PropertyValueSpecification\",\"valueRequired\":true,\"valueName\":\"search_term_string\"}}],\"inLanguage\":\"en-US\"},{\"@type\":\"Organization\",\"@id\":\"https:\/\/norwegianmade.no\/#organization\",\"name\":\"Norwegian Made\",\"url\":\"https:\/\/norwegianmade.no\/\",\"logo\":{\"@type\":\"ImageObject\",\"inLanguage\":\"en-US\",\"@id\":\"https:\/\/norwegianmade.no\/#\/schema\/logo\/image\/\",\"url\":\"https:\/\/norwegianmade.no\/wp-content\/uploads\/2020\/11\/logo-liggende-norwegian-made-web.png\",\"contentUrl\":\"https:\/\/norwegianmade.no\/wp-content\/uploads\/2020\/11\/logo-liggende-norwegian-made-web.png\",\"width\":200,\"height\":58,\"caption\":\"Norwegian Made\"},\"image\":{\"@id\":\"https:\/\/norwegianmade.no\/#\/schema\/logo\/image\/\"}}]}<\/script>\n<!-- \/ Yoast SEO plugin. -->","yoast_head_json":{"title":"Ferdig gravert No.3 Bunads\u00f8lv herre lav. &#8226; Norwegian Made","robots":{"index":"index","follow":"follow","max-snippet":"max-snippet:-1","max-image-preview":"max-image-preview:large","max-video-preview":"max-video-preview:-1"},"canonical":"https:\/\/norwegianmade.no\/produkt\/no-3-bunadsolv-herre-lav\/","og_locale":"en_US","og_type":"article","og_title":"Ferdig gravert No.3 Bunads\u00f8lv herre lav. &#8226; Norwegian Made","og_description":"En igjen med eik og sort stoffJeg har laget 3 stk av disse skrinene som er lavere enn vanlig. Selger de derfor til sterkt redusert pris.\u00a0Forskjellen blir at innvendig er h\u00f8yden kun 30mm ellers er de like vanlige no.3 skrin. Alle skrina er i eik, to har svart stoff og ett med bl\u00e5tt.Leveres gravert med teksten \"Bunads\u00f8lv\" som p\u00e5 bildet.\u00a0Prisen gjelder kun disse tre skrinene","og_url":"https:\/\/norwegianmade.no\/produkt\/no-3-bunadsolv-herre-lav\/","og_site_name":"Norwegian Made","article_modified_time":"2023-04-23T17:22:41+00:00","og_image":[{"width":1512,"height":2016,"url":"https:\/\/norwegianmade.no\/wp-content\/uploads\/2021\/12\/3-rotated.jpg","type":"image\/jpeg"}],"twitter_card":"summary_large_image","schema":{"@context":"https:\/\/schema.org","@graph":[{"@type":"WebPage","@id":"https:\/\/norwegianmade.no\/produkt\/no-3-bunadsolv-herre-lav\/","url":"https:\/\/norwegianmade.no\/produkt\/no-3-bunadsolv-herre-lav\/","name":"Ferdig gravert No.3 Bunads\u00f8lv herre lav. &#8226; Norwegian Made","isPartOf":{"@id":"https:\/\/norwegianmade.no\/#website"},"primaryImageOfPage":{"@id":"https:\/\/norwegianmade.no\/produkt\/no-3-bunadsolv-herre-lav\/#primaryimage"},"image":{"@id":"https:\/\/norwegianmade.no\/produkt\/no-3-bunadsolv-herre-lav\/#primaryimage"},"thumbnailUrl":"https:\/\/norwegianmade.no\/wp-content\/uploads\/2021\/12\/3-rotated.jpg","datePublished":"2021-12-02T14:24:47+00:00","dateModified":"2023-04-23T17:22:41+00:00","breadcrumb":{"@id":"https:\/\/norwegianmade.no\/produkt\/no-3-bunadsolv-herre-lav\/#breadcrumb"},"inLanguage":"en-US","potentialAction":[{"@type":"ReadAction","target":["https:\/\/norwegianmade.no\/produkt\/no-3-bunadsolv-herre-lav\/"]}]},{"@type":"ImageObject","inLanguage":"en-US","@id":"https:\/\/norwegianmade.no\/produkt\/no-3-bunadsolv-herre-lav\/#primaryimage","url":"https:\/\/norwegianmade.no\/wp-content\/uploads\/2021\/12\/3-rotated.jpg","contentUrl":"https:\/\/norwegianmade.no\/wp-content\/uploads\/2021\/12\/3-rotated.jpg","width":1512,"height":2016},{"@type":"BreadcrumbList","@id":"https:\/\/norwegianmade.no\/produkt\/no-3-bunadsolv-herre-lav\/#breadcrumb","itemListElement":[{"@type":"ListItem","position":1,"name":"Hjem","item":"https:\/\/norwegianmade.no\/en\/"},{"@type":"ListItem","position":2,"name":"Shop","item":"https:\/\/norwegianmade.no\/en\/shop\/"},{"@type":"ListItem","position":3,"name":"Ferdig gravert No.3 Bunads\u00f8lv herre lav."}]},{"@type":"WebSite","@id":"https:\/\/norwegianmade.no\/#website","url":"https:\/\/norwegianmade.no\/","name":"Norwegian Made","description":"Norges st\u00f8rste markedsplass for norske produsenter","publisher":{"@id":"https:\/\/norwegianmade.no\/#organization"},"potentialAction":[{"@type":"SearchAction","target":{"@type":"EntryPoint","urlTemplate":"https:\/\/norwegianmade.no\/?s={search_term_string}"},"query-input":{"@type":"PropertyValueSpecification","valueRequired":true,"valueName":"search_term_string"}}],"inLanguage":"en-US"},{"@type":"Organization","@id":"https:\/\/norwegianmade.no\/#organization","name":"Norwegian Made","url":"https:\/\/norwegianmade.no\/","logo":{"@type":"ImageObject","inLanguage":"en-US","@id":"https:\/\/norwegianmade.no\/#\/schema\/logo\/image\/","url":"https:\/\/norwegianmade.no\/wp-content\/uploads\/2020\/11\/logo-liggende-norwegian-made-web.png","contentUrl":"https:\/\/norwegianmade.no\/wp-content\/uploads\/2020\/11\/logo-liggende-norwegian-made-web.png","width":200,"height":58,"caption":"Norwegian Made"},"image":{"@id":"https:\/\/norwegianmade.no\/#\/schema\/logo\/image\/"}}]}},"_links":{"self":[{"href":"https:\/\/norwegianmade.no\/en\/wp-json\/wp\/v2\/product\/11971","targetHints":{"allow":["GET"]}}],"collection":[{"href":"https:\/\/norwegianmade.no\/en\/wp-json\/wp\/v2\/product"}],"about":[{"href":"https:\/\/norwegianmade.no\/en\/wp-json\/wp\/v2\/types\/product"}],"replies":[{"embeddable":true,"href":"https:\/\/norwegianmade.no\/en\/wp-json\/wp\/v2\/comments?post=11971"}],"wp:featuredmedia":[{"embeddable":true,"href":"https:\/\/norwegianmade.no\/en\/wp-json\/wp\/v2\/media\/11979"}],"wp:attachment":[{"href":"https:\/\/norwegianmade.no\/en\/wp-json\/wp\/v2\/media?parent=11971"}],"wp:term":[{"taxonomy":"product_brand","embeddable":true,"href":"https:\/\/norwegianmade.no\/en\/wp-json\/wp\/v2\/product_brand?post=11971"},{"taxonomy":"product_cat","embeddable":true,"href":"https:\/\/norwegianmade.no\/en\/wp-json\/wp\/v2\/product_cat?post=11971"},{"taxonomy":"product_tag","embeddable":true,"href":"https:\/\/norwegianmade.no\/en\/wp-json\/wp\/v2\/product_tag?post=11971"}],"curies":[{"name":"wp","href":"https:\/\/api.w.org\/{rel}","templated":true}]}}