{"id":12065,"date":"2021-12-04T07:23:19","date_gmt":"2021-12-04T06:23:19","guid":{"rendered":"https:\/\/norwegianmade.no\/markedsplass\/sjarmerende-ulltre\/"},"modified":"2022-10-28T21:15:58","modified_gmt":"2022-10-28T19:15:58","slug":"sjarmerende-ulltre","status":"publish","type":"product","link":"https:\/\/norwegianmade.no\/en\/produkt\/sjarmerende-ulltre\/","title":{"rendered":"Vinterhvit tre i ull (28 cm)"},"content":{"rendered":"<p style=\"text-align: center\" data-mce-style=\"text-align: center;\"><\/p>\n","protected":false},"excerpt":{"rendered":"<p>Dette er det mellomste treet i kolleksjonen ulltr\u00e6r p\u00e5 kvist. Det er 28 cm, sydd i 3 mm tykk ullfilt av god kvalitet. Treet er fylt med vatt og er sjarmerende lubbent.<\/p>\n<p>Her har jeg valgt \u00e5 dekorere treet med ullprikker i r\u00f8d, beige og m\u00f8rk gr\u00f8nn. Jeg bruker teknikken n\u00e5lefilting n\u00e5r jeg fester prikkene i treet.<\/p>\n<p>En kvist er satt inn i treet og fungerer som fot. Kvisten er inkludert i prisen.\u00a0<\/p>\n<p>Et tips et \u00e5 sette treet med kvisten i en krukke. Fyll deretter krukken godt med Stein slik at treet st\u00e5r st\u00f8dig. P\u00e5 toppen av krukken pynter jeg gjerne med mose og sm\u00e5 kongler. <br \/>Da f\u00e5r du en lekker juledekorasjon som passer i vinduskarmen, p\u00e5 bordet og sammen med din favoritt julepynt. Eller gave til en som elsker julen.\u00a0<\/p>\n<p>Jeg har laget en sjarmerende kolleksjon tr\u00e6r p\u00e5 kvist. <br \/>I tillegg til dette mellomstore treet, har jeg designet s\u00f8te minitr\u00e6r p\u00e5 23 cm, samt store tr\u00e6r p\u00e5 38 cm.<\/p>\n<p>Og er du glad i farger s\u00e5 kan du velge mellom tr\u00e6r i fargene; okergul, r\u00f8d, gr\u00f8nn, brun, lysgr\u00e5, koksgr\u00e5 og bl\u00e5.\u00a0<\/p>\n<p>Ta gjerne kontakt om du \u00f8nsker et personlig tre i dine favorittfarger.<\/p>\n<p>Flere bilder av mine nordnorske s\u00f8te tr\u00e6r sees p\u00e5 Instagram @aasearild\u00a0<\/p>\n<p>Takk for bes\u00f8ket!<\/p>\n","protected":false},"featured_media":12063,"comment_status":"open","ping_status":"closed","template":"","meta":{"_acf_changed":false},"product_brand":[],"product_cat":[78,59,324,60],"product_tag":[],"class_list":{"0":"post-12065","1":"product","2":"type-product","3":"status-publish","4":"has-post-thumbnail","6":"product_vendor-ull-i-nord","7":"product_cat-gaver","8":"product_cat-interior-kunst","9":"product_cat-jul","10":"product_cat-tekstil","11":"product_shipping_class-lett","13":"first","14":"instock","15":"taxable","16":"shipping-taxable","17":"product-type-simple"},"acf":[],"yoast_head":"<!-- This site is optimized with the Yoast SEO plugin v27.1.1 - https:\/\/yoast.com\/product\/yoast-seo-wordpress\/ -->\n<title>Vinterhvit tre i ull (28 cm) &#8226; Norwegian Made<\/title>\n<meta name=\"robots\" content=\"index, follow, max-snippet:-1, max-image-preview:large, max-video-preview:-1\" \/>\n<link rel=\"canonical\" href=\"https:\/\/norwegianmade.no\/produkt\/sjarmerende-ulltre\/\" \/>\n<meta property=\"og:locale\" content=\"en_US\" \/>\n<meta property=\"og:type\" content=\"article\" \/>\n<meta property=\"og:title\" content=\"Vinterhvit tre i ull (28 cm) &#8226; Norwegian Made\" \/>\n<meta property=\"og:description\" content=\"Dette er det mellomste treet i kolleksjonen ulltr\u00e6r p\u00e5 kvist. Det er 28 cm, sydd i 3 mm tykk ullfilt av god kvalitet. Treet er fylt med vatt og er sjarmerende lubbent.Her har jeg valgt \u00e5 dekorere treet med ullprikker i r\u00f8d, beige og m\u00f8rk gr\u00f8nn. Jeg bruker teknikken n\u00e5lefilting n\u00e5r jeg fester prikkene i treet.En kvist er satt inn i treet og fungerer som fot. Kvisten er inkludert i prisen.\u00a0Et tips et \u00e5 sette treet med kvisten i en krukke. Fyll deretter krukken godt med Stein slik at treet st\u00e5r st\u00f8dig. P\u00e5 toppen av krukken pynter jeg gjerne med mose og sm\u00e5 kongler. Da f\u00e5r du en lekker juledekorasjon som passer i vinduskarmen, p\u00e5 bordet og sammen med din favoritt julepynt. Eller gave til en som elsker julen.\u00a0Jeg har laget en sjarmerende kolleksjon tr\u00e6r p\u00e5 kvist. I tillegg til dette mellomstore treet, har jeg designet s\u00f8te minitr\u00e6r p\u00e5 23 cm, samt store tr\u00e6r p\u00e5 38 cm.Og er du glad i farger s\u00e5 kan du velge mellom tr\u00e6r i fargene; okergul, r\u00f8d, gr\u00f8nn, brun, lysgr\u00e5, koksgr\u00e5 og bl\u00e5.\u00a0Ta gjerne kontakt om du \u00f8nsker et personlig tre i dine favorittfarger.Flere bilder av mine nordnorske s\u00f8te tr\u00e6r sees p\u00e5 Instagram @aasearild\u00a0Takk for bes\u00f8ket!\" \/>\n<meta property=\"og:url\" content=\"https:\/\/norwegianmade.no\/produkt\/sjarmerende-ulltre\/\" \/>\n<meta property=\"og:site_name\" content=\"Norwegian Made\" \/>\n<meta property=\"article:modified_time\" content=\"2022-10-28T19:15:58+00:00\" \/>\n<meta property=\"og:image\" content=\"https:\/\/norwegianmade.no\/wp-content\/uploads\/2021\/12\/0A6696CC-54C4-4A9D-A8CF-3B4DB33DF490.jpeg\" \/>\n\t<meta property=\"og:image:width\" content=\"1508\" \/>\n\t<meta property=\"og:image:height\" content=\"1447\" \/>\n\t<meta property=\"og:image:type\" content=\"image\/jpeg\" \/>\n<meta name=\"twitter:card\" content=\"summary_large_image\" \/>\n<script type=\"application\/ld+json\" class=\"yoast-schema-graph\">{\"@context\":\"https:\/\/schema.org\",\"@graph\":[{\"@type\":\"WebPage\",\"@id\":\"https:\/\/norwegianmade.no\/produkt\/sjarmerende-ulltre\/\",\"url\":\"https:\/\/norwegianmade.no\/produkt\/sjarmerende-ulltre\/\",\"name\":\"Vinterhvit tre i ull (28 cm) &#8226; Norwegian Made\",\"isPartOf\":{\"@id\":\"https:\/\/norwegianmade.no\/#website\"},\"primaryImageOfPage\":{\"@id\":\"https:\/\/norwegianmade.no\/produkt\/sjarmerende-ulltre\/#primaryimage\"},\"image\":{\"@id\":\"https:\/\/norwegianmade.no\/produkt\/sjarmerende-ulltre\/#primaryimage\"},\"thumbnailUrl\":\"https:\/\/norwegianmade.no\/wp-content\/uploads\/2021\/12\/0A6696CC-54C4-4A9D-A8CF-3B4DB33DF490.jpeg\",\"datePublished\":\"2021-12-04T06:23:19+00:00\",\"dateModified\":\"2022-10-28T19:15:58+00:00\",\"breadcrumb\":{\"@id\":\"https:\/\/norwegianmade.no\/produkt\/sjarmerende-ulltre\/#breadcrumb\"},\"inLanguage\":\"en-US\",\"potentialAction\":[{\"@type\":\"ReadAction\",\"target\":[\"https:\/\/norwegianmade.no\/produkt\/sjarmerende-ulltre\/\"]}]},{\"@type\":\"ImageObject\",\"inLanguage\":\"en-US\",\"@id\":\"https:\/\/norwegianmade.no\/produkt\/sjarmerende-ulltre\/#primaryimage\",\"url\":\"https:\/\/norwegianmade.no\/wp-content\/uploads\/2021\/12\/0A6696CC-54C4-4A9D-A8CF-3B4DB33DF490.jpeg\",\"contentUrl\":\"https:\/\/norwegianmade.no\/wp-content\/uploads\/2021\/12\/0A6696CC-54C4-4A9D-A8CF-3B4DB33DF490.jpeg\",\"width\":1508,\"height\":1447,\"caption\":\"Sjarmerende ulltre p\u00e5 kvist\"},{\"@type\":\"BreadcrumbList\",\"@id\":\"https:\/\/norwegianmade.no\/produkt\/sjarmerende-ulltre\/#breadcrumb\",\"itemListElement\":[{\"@type\":\"ListItem\",\"position\":1,\"name\":\"Hjem\",\"item\":\"https:\/\/norwegianmade.no\/en\/\"},{\"@type\":\"ListItem\",\"position\":2,\"name\":\"Shop\",\"item\":\"https:\/\/norwegianmade.no\/en\/shop\/\"},{\"@type\":\"ListItem\",\"position\":3,\"name\":\"Vinterhvit tre i ull (28 cm)\"}]},{\"@type\":\"WebSite\",\"@id\":\"https:\/\/norwegianmade.no\/#website\",\"url\":\"https:\/\/norwegianmade.no\/\",\"name\":\"Norwegian Made\",\"description\":\"Norges st\u00f8rste markedsplass for norske produsenter\",\"publisher\":{\"@id\":\"https:\/\/norwegianmade.no\/#organization\"},\"potentialAction\":[{\"@type\":\"SearchAction\",\"target\":{\"@type\":\"EntryPoint\",\"urlTemplate\":\"https:\/\/norwegianmade.no\/?s={search_term_string}\"},\"query-input\":{\"@type\":\"PropertyValueSpecification\",\"valueRequired\":true,\"valueName\":\"search_term_string\"}}],\"inLanguage\":\"en-US\"},{\"@type\":\"Organization\",\"@id\":\"https:\/\/norwegianmade.no\/#organization\",\"name\":\"Norwegian Made\",\"url\":\"https:\/\/norwegianmade.no\/\",\"logo\":{\"@type\":\"ImageObject\",\"inLanguage\":\"en-US\",\"@id\":\"https:\/\/norwegianmade.no\/#\/schema\/logo\/image\/\",\"url\":\"https:\/\/norwegianmade.no\/wp-content\/uploads\/2020\/11\/logo-liggende-norwegian-made-web.png\",\"contentUrl\":\"https:\/\/norwegianmade.no\/wp-content\/uploads\/2020\/11\/logo-liggende-norwegian-made-web.png\",\"width\":200,\"height\":58,\"caption\":\"Norwegian Made\"},\"image\":{\"@id\":\"https:\/\/norwegianmade.no\/#\/schema\/logo\/image\/\"}}]}<\/script>\n<!-- \/ Yoast SEO plugin. -->","yoast_head_json":{"title":"Vinterhvit tre i ull (28 cm) &#8226; Norwegian Made","robots":{"index":"index","follow":"follow","max-snippet":"max-snippet:-1","max-image-preview":"max-image-preview:large","max-video-preview":"max-video-preview:-1"},"canonical":"https:\/\/norwegianmade.no\/produkt\/sjarmerende-ulltre\/","og_locale":"en_US","og_type":"article","og_title":"Vinterhvit tre i ull (28 cm) &#8226; Norwegian Made","og_description":"Dette er det mellomste treet i kolleksjonen ulltr\u00e6r p\u00e5 kvist. Det er 28 cm, sydd i 3 mm tykk ullfilt av god kvalitet. Treet er fylt med vatt og er sjarmerende lubbent.Her har jeg valgt \u00e5 dekorere treet med ullprikker i r\u00f8d, beige og m\u00f8rk gr\u00f8nn. Jeg bruker teknikken n\u00e5lefilting n\u00e5r jeg fester prikkene i treet.En kvist er satt inn i treet og fungerer som fot. Kvisten er inkludert i prisen.\u00a0Et tips et \u00e5 sette treet med kvisten i en krukke. Fyll deretter krukken godt med Stein slik at treet st\u00e5r st\u00f8dig. P\u00e5 toppen av krukken pynter jeg gjerne med mose og sm\u00e5 kongler. Da f\u00e5r du en lekker juledekorasjon som passer i vinduskarmen, p\u00e5 bordet og sammen med din favoritt julepynt. Eller gave til en som elsker julen.\u00a0Jeg har laget en sjarmerende kolleksjon tr\u00e6r p\u00e5 kvist. I tillegg til dette mellomstore treet, har jeg designet s\u00f8te minitr\u00e6r p\u00e5 23 cm, samt store tr\u00e6r p\u00e5 38 cm.Og er du glad i farger s\u00e5 kan du velge mellom tr\u00e6r i fargene; okergul, r\u00f8d, gr\u00f8nn, brun, lysgr\u00e5, koksgr\u00e5 og bl\u00e5.\u00a0Ta gjerne kontakt om du \u00f8nsker et personlig tre i dine favorittfarger.Flere bilder av mine nordnorske s\u00f8te tr\u00e6r sees p\u00e5 Instagram @aasearild\u00a0Takk for bes\u00f8ket!","og_url":"https:\/\/norwegianmade.no\/produkt\/sjarmerende-ulltre\/","og_site_name":"Norwegian Made","article_modified_time":"2022-10-28T19:15:58+00:00","og_image":[{"width":1508,"height":1447,"url":"https:\/\/norwegianmade.no\/wp-content\/uploads\/2021\/12\/0A6696CC-54C4-4A9D-A8CF-3B4DB33DF490.jpeg","type":"image\/jpeg"}],"twitter_card":"summary_large_image","schema":{"@context":"https:\/\/schema.org","@graph":[{"@type":"WebPage","@id":"https:\/\/norwegianmade.no\/produkt\/sjarmerende-ulltre\/","url":"https:\/\/norwegianmade.no\/produkt\/sjarmerende-ulltre\/","name":"Vinterhvit tre i ull (28 cm) &#8226; Norwegian Made","isPartOf":{"@id":"https:\/\/norwegianmade.no\/#website"},"primaryImageOfPage":{"@id":"https:\/\/norwegianmade.no\/produkt\/sjarmerende-ulltre\/#primaryimage"},"image":{"@id":"https:\/\/norwegianmade.no\/produkt\/sjarmerende-ulltre\/#primaryimage"},"thumbnailUrl":"https:\/\/norwegianmade.no\/wp-content\/uploads\/2021\/12\/0A6696CC-54C4-4A9D-A8CF-3B4DB33DF490.jpeg","datePublished":"2021-12-04T06:23:19+00:00","dateModified":"2022-10-28T19:15:58+00:00","breadcrumb":{"@id":"https:\/\/norwegianmade.no\/produkt\/sjarmerende-ulltre\/#breadcrumb"},"inLanguage":"en-US","potentialAction":[{"@type":"ReadAction","target":["https:\/\/norwegianmade.no\/produkt\/sjarmerende-ulltre\/"]}]},{"@type":"ImageObject","inLanguage":"en-US","@id":"https:\/\/norwegianmade.no\/produkt\/sjarmerende-ulltre\/#primaryimage","url":"https:\/\/norwegianmade.no\/wp-content\/uploads\/2021\/12\/0A6696CC-54C4-4A9D-A8CF-3B4DB33DF490.jpeg","contentUrl":"https:\/\/norwegianmade.no\/wp-content\/uploads\/2021\/12\/0A6696CC-54C4-4A9D-A8CF-3B4DB33DF490.jpeg","width":1508,"height":1447,"caption":"Sjarmerende ulltre p\u00e5 kvist"},{"@type":"BreadcrumbList","@id":"https:\/\/norwegianmade.no\/produkt\/sjarmerende-ulltre\/#breadcrumb","itemListElement":[{"@type":"ListItem","position":1,"name":"Hjem","item":"https:\/\/norwegianmade.no\/en\/"},{"@type":"ListItem","position":2,"name":"Shop","item":"https:\/\/norwegianmade.no\/en\/shop\/"},{"@type":"ListItem","position":3,"name":"Vinterhvit tre i ull (28 cm)"}]},{"@type":"WebSite","@id":"https:\/\/norwegianmade.no\/#website","url":"https:\/\/norwegianmade.no\/","name":"Norwegian Made","description":"Norges st\u00f8rste markedsplass for norske produsenter","publisher":{"@id":"https:\/\/norwegianmade.no\/#organization"},"potentialAction":[{"@type":"SearchAction","target":{"@type":"EntryPoint","urlTemplate":"https:\/\/norwegianmade.no\/?s={search_term_string}"},"query-input":{"@type":"PropertyValueSpecification","valueRequired":true,"valueName":"search_term_string"}}],"inLanguage":"en-US"},{"@type":"Organization","@id":"https:\/\/norwegianmade.no\/#organization","name":"Norwegian Made","url":"https:\/\/norwegianmade.no\/","logo":{"@type":"ImageObject","inLanguage":"en-US","@id":"https:\/\/norwegianmade.no\/#\/schema\/logo\/image\/","url":"https:\/\/norwegianmade.no\/wp-content\/uploads\/2020\/11\/logo-liggende-norwegian-made-web.png","contentUrl":"https:\/\/norwegianmade.no\/wp-content\/uploads\/2020\/11\/logo-liggende-norwegian-made-web.png","width":200,"height":58,"caption":"Norwegian Made"},"image":{"@id":"https:\/\/norwegianmade.no\/#\/schema\/logo\/image\/"}}]}},"_links":{"self":[{"href":"https:\/\/norwegianmade.no\/en\/wp-json\/wp\/v2\/product\/12065","targetHints":{"allow":["GET"]}}],"collection":[{"href":"https:\/\/norwegianmade.no\/en\/wp-json\/wp\/v2\/product"}],"about":[{"href":"https:\/\/norwegianmade.no\/en\/wp-json\/wp\/v2\/types\/product"}],"replies":[{"embeddable":true,"href":"https:\/\/norwegianmade.no\/en\/wp-json\/wp\/v2\/comments?post=12065"}],"wp:featuredmedia":[{"embeddable":true,"href":"https:\/\/norwegianmade.no\/en\/wp-json\/wp\/v2\/media\/12063"}],"wp:attachment":[{"href":"https:\/\/norwegianmade.no\/en\/wp-json\/wp\/v2\/media?parent=12065"}],"wp:term":[{"taxonomy":"product_brand","embeddable":true,"href":"https:\/\/norwegianmade.no\/en\/wp-json\/wp\/v2\/product_brand?post=12065"},{"taxonomy":"product_cat","embeddable":true,"href":"https:\/\/norwegianmade.no\/en\/wp-json\/wp\/v2\/product_cat?post=12065"},{"taxonomy":"product_tag","embeddable":true,"href":"https:\/\/norwegianmade.no\/en\/wp-json\/wp\/v2\/product_tag?post=12065"}],"curies":[{"name":"wp","href":"https:\/\/api.w.org\/{rel}","templated":true}]}}