{"id":12069,"date":"2021-12-04T11:34:48","date_gmt":"2021-12-04T10:34:48","guid":{"rendered":"https:\/\/norwegianmade.no\/?post_type=product&#038;p=12069"},"modified":"2025-11-30T11:31:13","modified_gmt":"2025-11-30T10:31:13","slug":"kunstfotografi-i-sma-opplag-editions-kopi","status":"publish","type":"product","link":"https:\/\/norwegianmade.no\/en\/produkt\/kunstfotografi-i-sma-opplag-editions-kopi\/","title":{"rendered":"Kunstfotografi i sm\u00e5 opplag (editions)"},"content":{"rendered":"<p>Jeg har valgt \u00e5 legge pris pent slik at man unng\u00e5r kunstavgift. Moms kommer ei heller p\u00e5 fordi det er under 30 bilder produsert totalt. I dette tilfellet 25 stk. i to st\u00f8rrelser, samt tre artist proofs. &#8220;Artist proofsene&#8221; blir ikke solgt, men er tilfelle jeg skal bruke bildene i utstillingssammenheng. Alle bildene lages p\u00e5 bestilling og kan leveres i Oslo-omr\u00e5det eller sendes i posten. \u00a0Porto\/innpakning p\u00e5l\u00f8per med kr. 200,-\u00a0<\/p>\n","protected":false},"excerpt":{"rendered":"<p>I forbindelse med julen 2021, har jeg funnet frem noen av mine signatur-bilder av blomster som jeg trykker i sm\u00e5 opplag. Det lages 20 stk. p\u00e5 A4 papir og fem p\u00e5 A3 papir. Se egent produkt for A3 st\u00f8rrelse. Bildene vil ha en vakker hvit kan og blir derfor litt mindre enn papirst\u00f8rrelsen. De trykkes med arkivbestandig blekk p\u00e5 en h\u00f8ykvalitets digital barytt. Alle er signerte og nummererte. Bildene varer i minst 100 \u00e5r.\u00a0<\/p>\n","protected":false},"featured_media":12070,"comment_status":"open","ping_status":"closed","template":"","meta":{"_acf_changed":false},"product_brand":[],"product_cat":[124,273,59,324,89,81,280],"product_tag":[],"class_list":{"0":"post-12069","1":"product","2":"type-product","3":"status-publish","4":"has-post-thumbnail","6":"product_vendor-k-linnea-backe-embroidered-cloths-fotograf","7":"product_cat-annet","8":"product_cat-foto","9":"product_cat-interior-kunst","10":"product_cat-jul","11":"product_cat-kunst","12":"product_cat-kunsthandverk","13":"product_cat-papirvarer","14":"product_shipping_class-brev","16":"first","17":"instock","18":"sold-individually","19":"purchasable","20":"product-type-simple"},"acf":[],"yoast_head":"<!-- This site is optimized with the Yoast SEO plugin v27.1.1 - https:\/\/yoast.com\/product\/yoast-seo-wordpress\/ -->\n<title>Kunstfotografi i sm\u00e5 opplag (editions) &#8226; Norwegian Made<\/title>\n<meta name=\"robots\" content=\"index, follow, max-snippet:-1, max-image-preview:large, max-video-preview:-1\" \/>\n<link rel=\"canonical\" href=\"https:\/\/norwegianmade.no\/en\/produkt\/kunstfotografi-i-sma-opplag-editions-kopi\/\" \/>\n<meta property=\"og:locale\" content=\"en_US\" \/>\n<meta property=\"og:type\" content=\"article\" \/>\n<meta property=\"og:title\" content=\"Kunstfotografi i sm\u00e5 opplag (editions) &#8226; Norwegian Made\" \/>\n<meta property=\"og:description\" content=\"I forbindelse med julen 2021, har jeg funnet frem noen av mine signatur-bilder av blomster som jeg trykker i sm\u00e5 opplag. Det lages 20 stk. p\u00e5 A4 papir og fem p\u00e5 A3 papir. Se egent produkt for A3 st\u00f8rrelse. Bildene vil ha en vakker hvit kan og blir derfor litt mindre enn papirst\u00f8rrelsen. De trykkes med arkivbestandig blekk p\u00e5 en h\u00f8ykvalitets digital barytt. Alle er signerte og nummererte. Bildene varer i minst 100 \u00e5r.\u00a0\" \/>\n<meta property=\"og:url\" content=\"https:\/\/norwegianmade.no\/en\/produkt\/kunstfotografi-i-sma-opplag-editions-kopi\/\" \/>\n<meta property=\"og:site_name\" content=\"Norwegian Made\" \/>\n<meta property=\"article:modified_time\" content=\"2025-11-30T10:31:13+00:00\" \/>\n<meta property=\"og:image\" content=\"https:\/\/norwegianmade.no\/wp-content\/uploads\/2021\/12\/19603428552_e8f693fdcf_c.jpg\" \/>\n\t<meta property=\"og:image:width\" content=\"533\" \/>\n\t<meta property=\"og:image:height\" content=\"799\" \/>\n\t<meta property=\"og:image:type\" content=\"image\/jpeg\" \/>\n<meta name=\"twitter:card\" content=\"summary_large_image\" \/>\n<script type=\"application\/ld+json\" class=\"yoast-schema-graph\">{\"@context\":\"https:\/\/schema.org\",\"@graph\":[{\"@type\":\"WebPage\",\"@id\":\"https:\/\/norwegianmade.no\/en\/produkt\/kunstfotografi-i-sma-opplag-editions-kopi\/\",\"url\":\"https:\/\/norwegianmade.no\/en\/produkt\/kunstfotografi-i-sma-opplag-editions-kopi\/\",\"name\":\"Kunstfotografi i sm\u00e5 opplag (editions) &#8226; Norwegian Made\",\"isPartOf\":{\"@id\":\"https:\/\/norwegianmade.no\/#website\"},\"primaryImageOfPage\":{\"@id\":\"https:\/\/norwegianmade.no\/en\/produkt\/kunstfotografi-i-sma-opplag-editions-kopi\/#primaryimage\"},\"image\":{\"@id\":\"https:\/\/norwegianmade.no\/en\/produkt\/kunstfotografi-i-sma-opplag-editions-kopi\/#primaryimage\"},\"thumbnailUrl\":\"https:\/\/norwegianmade.no\/wp-content\/uploads\/2021\/12\/19603428552_e8f693fdcf_c.jpg\",\"datePublished\":\"2021-12-04T10:34:48+00:00\",\"dateModified\":\"2025-11-30T10:31:13+00:00\",\"breadcrumb\":{\"@id\":\"https:\/\/norwegianmade.no\/en\/produkt\/kunstfotografi-i-sma-opplag-editions-kopi\/#breadcrumb\"},\"inLanguage\":\"en-US\",\"potentialAction\":[{\"@type\":\"ReadAction\",\"target\":[\"https:\/\/norwegianmade.no\/en\/produkt\/kunstfotografi-i-sma-opplag-editions-kopi\/\"]}]},{\"@type\":\"ImageObject\",\"inLanguage\":\"en-US\",\"@id\":\"https:\/\/norwegianmade.no\/en\/produkt\/kunstfotografi-i-sma-opplag-editions-kopi\/#primaryimage\",\"url\":\"https:\/\/norwegianmade.no\/wp-content\/uploads\/2021\/12\/19603428552_e8f693fdcf_c.jpg\",\"contentUrl\":\"https:\/\/norwegianmade.no\/wp-content\/uploads\/2021\/12\/19603428552_e8f693fdcf_c.jpg\",\"width\":533,\"height\":799},{\"@type\":\"BreadcrumbList\",\"@id\":\"https:\/\/norwegianmade.no\/en\/produkt\/kunstfotografi-i-sma-opplag-editions-kopi\/#breadcrumb\",\"itemListElement\":[{\"@type\":\"ListItem\",\"position\":1,\"name\":\"Hjem\",\"item\":\"https:\/\/norwegianmade.no\/en\/\"},{\"@type\":\"ListItem\",\"position\":2,\"name\":\"Shop\",\"item\":\"https:\/\/norwegianmade.no\/en\/shop\/\"},{\"@type\":\"ListItem\",\"position\":3,\"name\":\"Kunstfotografi i sm\u00e5 opplag (editions)\"}]},{\"@type\":\"WebSite\",\"@id\":\"https:\/\/norwegianmade.no\/#website\",\"url\":\"https:\/\/norwegianmade.no\/\",\"name\":\"Norwegian Made\",\"description\":\"Norges st\u00f8rste markedsplass for norske produsenter\",\"publisher\":{\"@id\":\"https:\/\/norwegianmade.no\/#organization\"},\"potentialAction\":[{\"@type\":\"SearchAction\",\"target\":{\"@type\":\"EntryPoint\",\"urlTemplate\":\"https:\/\/norwegianmade.no\/?s={search_term_string}\"},\"query-input\":{\"@type\":\"PropertyValueSpecification\",\"valueRequired\":true,\"valueName\":\"search_term_string\"}}],\"inLanguage\":\"en-US\"},{\"@type\":\"Organization\",\"@id\":\"https:\/\/norwegianmade.no\/#organization\",\"name\":\"Norwegian Made\",\"url\":\"https:\/\/norwegianmade.no\/\",\"logo\":{\"@type\":\"ImageObject\",\"inLanguage\":\"en-US\",\"@id\":\"https:\/\/norwegianmade.no\/#\/schema\/logo\/image\/\",\"url\":\"https:\/\/norwegianmade.no\/wp-content\/uploads\/2020\/11\/logo-liggende-norwegian-made-web.png\",\"contentUrl\":\"https:\/\/norwegianmade.no\/wp-content\/uploads\/2020\/11\/logo-liggende-norwegian-made-web.png\",\"width\":200,\"height\":58,\"caption\":\"Norwegian Made\"},\"image\":{\"@id\":\"https:\/\/norwegianmade.no\/#\/schema\/logo\/image\/\"}}]}<\/script>\n<!-- \/ Yoast SEO plugin. -->","yoast_head_json":{"title":"Kunstfotografi i sm\u00e5 opplag (editions) &#8226; Norwegian Made","robots":{"index":"index","follow":"follow","max-snippet":"max-snippet:-1","max-image-preview":"max-image-preview:large","max-video-preview":"max-video-preview:-1"},"canonical":"https:\/\/norwegianmade.no\/en\/produkt\/kunstfotografi-i-sma-opplag-editions-kopi\/","og_locale":"en_US","og_type":"article","og_title":"Kunstfotografi i sm\u00e5 opplag (editions) &#8226; Norwegian Made","og_description":"I forbindelse med julen 2021, har jeg funnet frem noen av mine signatur-bilder av blomster som jeg trykker i sm\u00e5 opplag. Det lages 20 stk. p\u00e5 A4 papir og fem p\u00e5 A3 papir. Se egent produkt for A3 st\u00f8rrelse. Bildene vil ha en vakker hvit kan og blir derfor litt mindre enn papirst\u00f8rrelsen. De trykkes med arkivbestandig blekk p\u00e5 en h\u00f8ykvalitets digital barytt. Alle er signerte og nummererte. Bildene varer i minst 100 \u00e5r.\u00a0","og_url":"https:\/\/norwegianmade.no\/en\/produkt\/kunstfotografi-i-sma-opplag-editions-kopi\/","og_site_name":"Norwegian Made","article_modified_time":"2025-11-30T10:31:13+00:00","og_image":[{"width":533,"height":799,"url":"https:\/\/norwegianmade.no\/wp-content\/uploads\/2021\/12\/19603428552_e8f693fdcf_c.jpg","type":"image\/jpeg"}],"twitter_card":"summary_large_image","schema":{"@context":"https:\/\/schema.org","@graph":[{"@type":"WebPage","@id":"https:\/\/norwegianmade.no\/en\/produkt\/kunstfotografi-i-sma-opplag-editions-kopi\/","url":"https:\/\/norwegianmade.no\/en\/produkt\/kunstfotografi-i-sma-opplag-editions-kopi\/","name":"Kunstfotografi i sm\u00e5 opplag (editions) &#8226; Norwegian Made","isPartOf":{"@id":"https:\/\/norwegianmade.no\/#website"},"primaryImageOfPage":{"@id":"https:\/\/norwegianmade.no\/en\/produkt\/kunstfotografi-i-sma-opplag-editions-kopi\/#primaryimage"},"image":{"@id":"https:\/\/norwegianmade.no\/en\/produkt\/kunstfotografi-i-sma-opplag-editions-kopi\/#primaryimage"},"thumbnailUrl":"https:\/\/norwegianmade.no\/wp-content\/uploads\/2021\/12\/19603428552_e8f693fdcf_c.jpg","datePublished":"2021-12-04T10:34:48+00:00","dateModified":"2025-11-30T10:31:13+00:00","breadcrumb":{"@id":"https:\/\/norwegianmade.no\/en\/produkt\/kunstfotografi-i-sma-opplag-editions-kopi\/#breadcrumb"},"inLanguage":"en-US","potentialAction":[{"@type":"ReadAction","target":["https:\/\/norwegianmade.no\/en\/produkt\/kunstfotografi-i-sma-opplag-editions-kopi\/"]}]},{"@type":"ImageObject","inLanguage":"en-US","@id":"https:\/\/norwegianmade.no\/en\/produkt\/kunstfotografi-i-sma-opplag-editions-kopi\/#primaryimage","url":"https:\/\/norwegianmade.no\/wp-content\/uploads\/2021\/12\/19603428552_e8f693fdcf_c.jpg","contentUrl":"https:\/\/norwegianmade.no\/wp-content\/uploads\/2021\/12\/19603428552_e8f693fdcf_c.jpg","width":533,"height":799},{"@type":"BreadcrumbList","@id":"https:\/\/norwegianmade.no\/en\/produkt\/kunstfotografi-i-sma-opplag-editions-kopi\/#breadcrumb","itemListElement":[{"@type":"ListItem","position":1,"name":"Hjem","item":"https:\/\/norwegianmade.no\/en\/"},{"@type":"ListItem","position":2,"name":"Shop","item":"https:\/\/norwegianmade.no\/en\/shop\/"},{"@type":"ListItem","position":3,"name":"Kunstfotografi i sm\u00e5 opplag (editions)"}]},{"@type":"WebSite","@id":"https:\/\/norwegianmade.no\/#website","url":"https:\/\/norwegianmade.no\/","name":"Norwegian Made","description":"Norges st\u00f8rste markedsplass for norske produsenter","publisher":{"@id":"https:\/\/norwegianmade.no\/#organization"},"potentialAction":[{"@type":"SearchAction","target":{"@type":"EntryPoint","urlTemplate":"https:\/\/norwegianmade.no\/?s={search_term_string}"},"query-input":{"@type":"PropertyValueSpecification","valueRequired":true,"valueName":"search_term_string"}}],"inLanguage":"en-US"},{"@type":"Organization","@id":"https:\/\/norwegianmade.no\/#organization","name":"Norwegian Made","url":"https:\/\/norwegianmade.no\/","logo":{"@type":"ImageObject","inLanguage":"en-US","@id":"https:\/\/norwegianmade.no\/#\/schema\/logo\/image\/","url":"https:\/\/norwegianmade.no\/wp-content\/uploads\/2020\/11\/logo-liggende-norwegian-made-web.png","contentUrl":"https:\/\/norwegianmade.no\/wp-content\/uploads\/2020\/11\/logo-liggende-norwegian-made-web.png","width":200,"height":58,"caption":"Norwegian Made"},"image":{"@id":"https:\/\/norwegianmade.no\/#\/schema\/logo\/image\/"}}]}},"_links":{"self":[{"href":"https:\/\/norwegianmade.no\/en\/wp-json\/wp\/v2\/product\/12069","targetHints":{"allow":["GET"]}}],"collection":[{"href":"https:\/\/norwegianmade.no\/en\/wp-json\/wp\/v2\/product"}],"about":[{"href":"https:\/\/norwegianmade.no\/en\/wp-json\/wp\/v2\/types\/product"}],"replies":[{"embeddable":true,"href":"https:\/\/norwegianmade.no\/en\/wp-json\/wp\/v2\/comments?post=12069"}],"wp:featuredmedia":[{"embeddable":true,"href":"https:\/\/norwegianmade.no\/en\/wp-json\/wp\/v2\/media\/12070"}],"wp:attachment":[{"href":"https:\/\/norwegianmade.no\/en\/wp-json\/wp\/v2\/media?parent=12069"}],"wp:term":[{"taxonomy":"product_brand","embeddable":true,"href":"https:\/\/norwegianmade.no\/en\/wp-json\/wp\/v2\/product_brand?post=12069"},{"taxonomy":"product_cat","embeddable":true,"href":"https:\/\/norwegianmade.no\/en\/wp-json\/wp\/v2\/product_cat?post=12069"},{"taxonomy":"product_tag","embeddable":true,"href":"https:\/\/norwegianmade.no\/en\/wp-json\/wp\/v2\/product_tag?post=12069"}],"curies":[{"name":"wp","href":"https:\/\/api.w.org\/{rel}","templated":true}]}}