{"id":12149,"date":"2021-12-11T15:59:13","date_gmt":"2021-12-11T14:59:13","guid":{"rendered":"https:\/\/norwegianmade.no\/?post_type=product&#038;p=12149"},"modified":"2024-04-22T21:16:32","modified_gmt":"2024-04-22T19:16:32","slug":"liten-konvoluttveske-clutch-2","status":"archived","type":"product","link":"https:\/\/norwegianmade.no\/en\/produkt\/liten-konvoluttveske-clutch-2\/","title":{"rendered":"Liten konvoluttveske &#8211; Clutch"},"content":{"rendered":"<p><\/p>\n","protected":false},"excerpt":{"rendered":"<p>Eksotisk og unik selskapsveske laget av skinn fra laks. Hele vesken er laget av r\u00f8dt lakseskinn med litt &#8220;shimmer&#8221; i.\u00a0 Den er foret med bomullstoff og lukkes med en glidel\u00e5s. I tillegg blir lokket festet med to magnetl\u00e5ser. Og den kan b\u00e6res rundt h\u00e5ndleddet i en liten reim.<\/p>\n<p>H\u00f8yde: 13cm<\/p>\n<p>Bredde: 23cm<\/p>\n","protected":false},"featured_media":0,"comment_status":"open","ping_status":"closed","template":"","meta":{"_acf_changed":false},"product_brand":[],"product_cat":[64,78,82,324,98,60,317,118],"product_tag":[],"class_list":{"0":"post-12149","1":"product","2":"type-product","3":"status-archived","5":"product_vendor-krepsen-design","6":"product_cat-accessories","7":"product_cat-gaver","8":"product_cat-handverk","9":"product_cat-jul","10":"product_cat-skinnvarer","11":"product_cat-tekstil","12":"product_cat-veske","13":"product_cat-vesker-bagger-sekker","15":"first","16":"instock","17":"taxable","18":"shipping-taxable","19":"product-type-simple"},"acf":[],"yoast_head":"<!-- This site is optimized with the Yoast SEO plugin v27.5 - https:\/\/yoast.com\/product\/yoast-seo-wordpress\/ -->\n<title>Liten konvoluttveske - Clutch &#8226; Norwegian Made<\/title>\n<meta name=\"robots\" content=\"index, follow, max-snippet:-1, max-image-preview:large, max-video-preview:-1\" \/>\n<link rel=\"canonical\" href=\"https:\/\/norwegianmade.no\/en\/produkt\/liten-konvoluttveske-clutch-2\/\" \/>\n<meta property=\"og:locale\" content=\"en_US\" \/>\n<meta property=\"og:type\" content=\"article\" \/>\n<meta property=\"og:title\" content=\"Liten konvoluttveske - Clutch &#8226; Norwegian Made\" \/>\n<meta property=\"og:description\" content=\"Eksotisk og unik selskapsveske laget av skinn fra laks. Hele vesken er laget av r\u00f8dt lakseskinn med litt &quot;shimmer&quot; i.\u00a0 Den er foret med bomullstoff og lukkes med en glidel\u00e5s. I tillegg blir lokket festet med to magnetl\u00e5ser. Og den kan b\u00e6res rundt h\u00e5ndleddet i en liten reim.H\u00f8yde: 13cmBredde: 23cm\" \/>\n<meta property=\"og:url\" content=\"https:\/\/norwegianmade.no\/en\/produkt\/liten-konvoluttveske-clutch-2\/\" \/>\n<meta property=\"og:site_name\" content=\"Norwegian Made\" \/>\n<meta property=\"article:modified_time\" content=\"2024-04-22T19:16:32+00:00\" \/>\n<meta name=\"twitter:card\" content=\"summary_large_image\" \/>\n<script type=\"application\/ld+json\" class=\"yoast-schema-graph\">{\"@context\":\"https:\\\/\\\/schema.org\",\"@graph\":[{\"@type\":\"WebPage\",\"@id\":\"https:\\\/\\\/norwegianmade.no\\\/en\\\/produkt\\\/liten-konvoluttveske-clutch-2\\\/\",\"url\":\"https:\\\/\\\/norwegianmade.no\\\/en\\\/produkt\\\/liten-konvoluttveske-clutch-2\\\/\",\"name\":\"Liten konvoluttveske - Clutch &#8226; Norwegian Made\",\"isPartOf\":{\"@id\":\"https:\\\/\\\/norwegianmade.no\\\/#website\"},\"datePublished\":\"2021-12-11T14:59:13+00:00\",\"dateModified\":\"2024-04-22T19:16:32+00:00\",\"breadcrumb\":{\"@id\":\"https:\\\/\\\/norwegianmade.no\\\/en\\\/produkt\\\/liten-konvoluttveske-clutch-2\\\/#breadcrumb\"},\"inLanguage\":\"en-US\",\"potentialAction\":[{\"@type\":\"ReadAction\",\"target\":[\"https:\\\/\\\/norwegianmade.no\\\/en\\\/produkt\\\/liten-konvoluttveske-clutch-2\\\/\"]}]},{\"@type\":\"BreadcrumbList\",\"@id\":\"https:\\\/\\\/norwegianmade.no\\\/en\\\/produkt\\\/liten-konvoluttveske-clutch-2\\\/#breadcrumb\",\"itemListElement\":[{\"@type\":\"ListItem\",\"position\":1,\"name\":\"Hjem\",\"item\":\"https:\\\/\\\/norwegianmade.no\\\/en\\\/\"},{\"@type\":\"ListItem\",\"position\":2,\"name\":\"Shop\",\"item\":\"https:\\\/\\\/norwegianmade.no\\\/en\\\/shop\\\/\"},{\"@type\":\"ListItem\",\"position\":3,\"name\":\"Liten konvoluttveske &#8211; Clutch\"}]},{\"@type\":\"WebSite\",\"@id\":\"https:\\\/\\\/norwegianmade.no\\\/#website\",\"url\":\"https:\\\/\\\/norwegianmade.no\\\/\",\"name\":\"Norwegian Made\",\"description\":\"Norges st\u00f8rste markedsplass for norske produsenter\",\"publisher\":{\"@id\":\"https:\\\/\\\/norwegianmade.no\\\/#organization\"},\"potentialAction\":[{\"@type\":\"SearchAction\",\"target\":{\"@type\":\"EntryPoint\",\"urlTemplate\":\"https:\\\/\\\/norwegianmade.no\\\/?s={search_term_string}\"},\"query-input\":{\"@type\":\"PropertyValueSpecification\",\"valueRequired\":true,\"valueName\":\"search_term_string\"}}],\"inLanguage\":\"en-US\"},{\"@type\":\"Organization\",\"@id\":\"https:\\\/\\\/norwegianmade.no\\\/#organization\",\"name\":\"Norwegian Made\",\"url\":\"https:\\\/\\\/norwegianmade.no\\\/\",\"logo\":{\"@type\":\"ImageObject\",\"inLanguage\":\"en-US\",\"@id\":\"https:\\\/\\\/norwegianmade.no\\\/#\\\/schema\\\/logo\\\/image\\\/\",\"url\":\"https:\\\/\\\/norwegianmade.no\\\/wp-content\\\/uploads\\\/2020\\\/11\\\/logo-liggende-norwegian-made-web.png\",\"contentUrl\":\"https:\\\/\\\/norwegianmade.no\\\/wp-content\\\/uploads\\\/2020\\\/11\\\/logo-liggende-norwegian-made-web.png\",\"width\":200,\"height\":58,\"caption\":\"Norwegian Made\"},\"image\":{\"@id\":\"https:\\\/\\\/norwegianmade.no\\\/#\\\/schema\\\/logo\\\/image\\\/\"}}]}<\/script>\n<!-- \/ Yoast SEO plugin. -->","yoast_head_json":{"title":"Liten konvoluttveske - Clutch &#8226; Norwegian Made","robots":{"index":"index","follow":"follow","max-snippet":"max-snippet:-1","max-image-preview":"max-image-preview:large","max-video-preview":"max-video-preview:-1"},"canonical":"https:\/\/norwegianmade.no\/en\/produkt\/liten-konvoluttveske-clutch-2\/","og_locale":"en_US","og_type":"article","og_title":"Liten konvoluttveske - Clutch &#8226; Norwegian Made","og_description":"Eksotisk og unik selskapsveske laget av skinn fra laks. Hele vesken er laget av r\u00f8dt lakseskinn med litt \"shimmer\" i.\u00a0 Den er foret med bomullstoff og lukkes med en glidel\u00e5s. I tillegg blir lokket festet med to magnetl\u00e5ser. Og den kan b\u00e6res rundt h\u00e5ndleddet i en liten reim.H\u00f8yde: 13cmBredde: 23cm","og_url":"https:\/\/norwegianmade.no\/en\/produkt\/liten-konvoluttveske-clutch-2\/","og_site_name":"Norwegian Made","article_modified_time":"2024-04-22T19:16:32+00:00","twitter_card":"summary_large_image","schema":{"@context":"https:\/\/schema.org","@graph":[{"@type":"WebPage","@id":"https:\/\/norwegianmade.no\/en\/produkt\/liten-konvoluttveske-clutch-2\/","url":"https:\/\/norwegianmade.no\/en\/produkt\/liten-konvoluttveske-clutch-2\/","name":"Liten konvoluttveske - Clutch &#8226; Norwegian Made","isPartOf":{"@id":"https:\/\/norwegianmade.no\/#website"},"datePublished":"2021-12-11T14:59:13+00:00","dateModified":"2024-04-22T19:16:32+00:00","breadcrumb":{"@id":"https:\/\/norwegianmade.no\/en\/produkt\/liten-konvoluttveske-clutch-2\/#breadcrumb"},"inLanguage":"en-US","potentialAction":[{"@type":"ReadAction","target":["https:\/\/norwegianmade.no\/en\/produkt\/liten-konvoluttveske-clutch-2\/"]}]},{"@type":"BreadcrumbList","@id":"https:\/\/norwegianmade.no\/en\/produkt\/liten-konvoluttveske-clutch-2\/#breadcrumb","itemListElement":[{"@type":"ListItem","position":1,"name":"Hjem","item":"https:\/\/norwegianmade.no\/en\/"},{"@type":"ListItem","position":2,"name":"Shop","item":"https:\/\/norwegianmade.no\/en\/shop\/"},{"@type":"ListItem","position":3,"name":"Liten konvoluttveske &#8211; Clutch"}]},{"@type":"WebSite","@id":"https:\/\/norwegianmade.no\/#website","url":"https:\/\/norwegianmade.no\/","name":"Norwegian Made","description":"Norges st\u00f8rste markedsplass for norske produsenter","publisher":{"@id":"https:\/\/norwegianmade.no\/#organization"},"potentialAction":[{"@type":"SearchAction","target":{"@type":"EntryPoint","urlTemplate":"https:\/\/norwegianmade.no\/?s={search_term_string}"},"query-input":{"@type":"PropertyValueSpecification","valueRequired":true,"valueName":"search_term_string"}}],"inLanguage":"en-US"},{"@type":"Organization","@id":"https:\/\/norwegianmade.no\/#organization","name":"Norwegian Made","url":"https:\/\/norwegianmade.no\/","logo":{"@type":"ImageObject","inLanguage":"en-US","@id":"https:\/\/norwegianmade.no\/#\/schema\/logo\/image\/","url":"https:\/\/norwegianmade.no\/wp-content\/uploads\/2020\/11\/logo-liggende-norwegian-made-web.png","contentUrl":"https:\/\/norwegianmade.no\/wp-content\/uploads\/2020\/11\/logo-liggende-norwegian-made-web.png","width":200,"height":58,"caption":"Norwegian Made"},"image":{"@id":"https:\/\/norwegianmade.no\/#\/schema\/logo\/image\/"}}]}},"_links":{"self":[{"href":"https:\/\/norwegianmade.no\/en\/wp-json\/wp\/v2\/product\/12149","targetHints":{"allow":["GET"]}}],"collection":[{"href":"https:\/\/norwegianmade.no\/en\/wp-json\/wp\/v2\/product"}],"about":[{"href":"https:\/\/norwegianmade.no\/en\/wp-json\/wp\/v2\/types\/product"}],"replies":[{"embeddable":true,"href":"https:\/\/norwegianmade.no\/en\/wp-json\/wp\/v2\/comments?post=12149"}],"wp:attachment":[{"href":"https:\/\/norwegianmade.no\/en\/wp-json\/wp\/v2\/media?parent=12149"}],"wp:term":[{"taxonomy":"product_brand","embeddable":true,"href":"https:\/\/norwegianmade.no\/en\/wp-json\/wp\/v2\/product_brand?post=12149"},{"taxonomy":"product_cat","embeddable":true,"href":"https:\/\/norwegianmade.no\/en\/wp-json\/wp\/v2\/product_cat?post=12149"},{"taxonomy":"product_tag","embeddable":true,"href":"https:\/\/norwegianmade.no\/en\/wp-json\/wp\/v2\/product_tag?post=12149"}],"curies":[{"name":"wp","href":"https:\/\/api.w.org\/{rel}","templated":true}]}}