{"id":12280,"date":"2022-01-01T19:53:35","date_gmt":"2022-01-01T18:53:35","guid":{"rendered":"https:\/\/norwegianmade.no\/markedsplass\/symre-handkrem-med-furunalolje\/"},"modified":"2022-01-01T20:43:58","modified_gmt":"2022-01-01T19:43:58","slug":"symre-handkrem-med-furunalolje","status":"publish","type":"product","link":"https:\/\/norwegianmade.no\/en\/produkt\/symre-handkrem-med-furunalolje\/","title":{"rendered":"Symre handkrem med furun\u00e5lolje (60ml)"},"content":{"rendered":"<p>Symre handkrem med furun\u00e5lolje er ein mjukgjerande og n\u00e6ringsrik handkrem. Den er laga med talg av grasf\u00f4ra og \u00f8kologisk storfe fr\u00e5 garden v\u00e5r, og med norskprodusert furun\u00e5lolje. Kremen er mjukgjerande og n\u00e6ringsrik, og talget inneheld feittl\u00f8yselege vitaminar som A, D, E, K. Og furun\u00e5lolja har s\u00e5rhelande og antiseptisk effekt. Kremen er perfekt for dei som slit med t\u00f8rre og sprukne hender.<\/p>\n<p>Kremen er like god til sprukne arbeidsnevar fr\u00e5 mange timar i praktiske yrker, som til verkande hender etter mange timar bak tastaturet. Kremen har ein frisk aroma av furun\u00e5l, som gjer at den ogs\u00e5 kan passe godt til menn.<\/p>\n<p>Symre handkrem med furun\u00e5lolje er ein talgkrem \u2013 naturleg hudpleie laga p\u00e5 ein liten vestlandsgard.\u00a0Me er opptekne av \u00e5 nytta oss av naturlege og lokale r\u00e5varer, og ikkje minst ressursgrunnlaget me har p\u00e5 garden. Me har grasf\u00f4ra og \u00f8kologisk storfe av den lokale gamalrasen Vestlandsk fjordfe. I tr\u00e5d med v\u00e5r filosofi om \u00e5 nytte heile dyret, lagar me hudkrem av talget fr\u00e5 dyra. Talg av grasf\u00f4ra dyr er fantanstisk for huda v\u00e5r. Det har s\u00e6rs lik feittsyreprofil som huda, og inneheld feittl\u00f8yselege A, D, K og E-vitaminar. Kort sagt inneheld talg alt det gode huda v\u00e5r treng. I tillegg til talget inneheld hudkremane v\u00e5re berre 2\u20133 andre ingrediensar \u2013 mellom anna blomar og urter hausta fr\u00e5 innmark og utmark. Slik at du er trygg p\u00e5 kva du sm\u00f8rer p\u00e5 huda di.\u00a0<\/p>\n<p>Ved \u00e5 kj\u00f8pe Symre hudkrem f\u00e5r du eit lokalt handverk laga p\u00e5 lokale ressursar. Du f\u00e5r trygge og milj\u00f8vennlege produkt som er heilt utan plastikkemballasje. Du st\u00f8ttar vestlandsk jordbruk og levande bygder, ei kvinnebedrift og sm\u00e5 arbeidsplassar.\u00a0<\/p>\n<p>(Innhald: Talg av grasf\u00f4ra, \u00f8kologisk storfe fr\u00e5 Een gard, tistelolje, norskprodusert furun\u00e5lolje fr\u00e5 Krager\u00f8.)\u00a0<\/p>\n","protected":false},"excerpt":{"rendered":"<p>Symre handkrem med furun\u00e5lolje er ein mjukgjerande og n\u00e6ringsrik handkrem. S\u00e6rs god til t\u00f8rre og sprukne hender. Naturleg og trygg hudpleie, laga p\u00e5 ein liten vestlandsgard!<\/p>\n<p>Kremen er like god til sprukne arbeidsnevar fr\u00e5 mange timar i praktiske yrker, som til verkande hender etter mange timar bak tastaturet. Kremen har ein frisk aroma av furun\u00e5l, som gjer at den ogs\u00e5 kan passe godt til menn.<\/p>\n<p>Den er veldig dryg i bruk \u2013 ein treng berre litt om gongen. For raskt \u00e5 f\u00e5 vekk t\u00f8rr hud, sm\u00e5s\u00e5r og rifter p\u00e5 hendene b\u00f8r ein bruke kremen fleire gonger om dagen dei f\u00f8rste dagane, og deretter etter behov.<\/p>\n","protected":false},"featured_media":12278,"comment_status":"open","ping_status":"closed","template":"","meta":{"_acf_changed":false},"product_brand":[],"product_cat":[78,67,324],"product_tag":[],"class_list":{"0":"post-12280","1":"product","2":"type-product","3":"status-publish","4":"has-post-thumbnail","6":"product_vendor-symre-hudkrem","7":"product_cat-gaver","8":"product_cat-hudpleie","9":"product_cat-jul","11":"first","12":"instock","13":"taxable","14":"shipping-taxable","15":"product-type-simple"},"acf":[],"yoast_head":"<!-- This site is optimized with the Yoast SEO plugin v27.1.1 - https:\/\/yoast.com\/product\/yoast-seo-wordpress\/ -->\n<title>Symre handkrem med furun\u00e5lolje (60ml) &#8226; Norwegian Made<\/title>\n<meta name=\"robots\" content=\"index, follow, max-snippet:-1, max-image-preview:large, max-video-preview:-1\" \/>\n<link rel=\"canonical\" href=\"https:\/\/norwegianmade.no\/en\/produkt\/symre-handkrem-med-furunalolje\/\" \/>\n<meta property=\"og:locale\" content=\"en_US\" \/>\n<meta property=\"og:type\" content=\"article\" \/>\n<meta property=\"og:title\" content=\"Symre handkrem med furun\u00e5lolje (60ml) &#8226; Norwegian Made\" \/>\n<meta property=\"og:description\" content=\"Symre handkrem med furun\u00e5lolje er ein mjukgjerande og n\u00e6ringsrik handkrem. S\u00e6rs god til t\u00f8rre og sprukne hender. Naturleg og trygg hudpleie, laga p\u00e5 ein liten vestlandsgard!Kremen er like god til sprukne arbeidsnevar fr\u00e5 mange timar i praktiske yrker, som til verkande hender etter mange timar bak tastaturet. Kremen har ein frisk aroma av furun\u00e5l, som gjer at den ogs\u00e5 kan passe godt til menn.Den er veldig dryg i bruk \u2013 ein treng berre litt om gongen. For raskt \u00e5 f\u00e5 vekk t\u00f8rr hud, sm\u00e5s\u00e5r og rifter p\u00e5 hendene b\u00f8r ein bruke kremen fleire gonger om dagen dei f\u00f8rste dagane, og deretter etter behov.\" \/>\n<meta property=\"og:url\" content=\"https:\/\/norwegianmade.no\/en\/produkt\/symre-handkrem-med-furunalolje\/\" \/>\n<meta property=\"og:site_name\" content=\"Norwegian Made\" \/>\n<meta property=\"article:modified_time\" content=\"2022-01-01T19:43:58+00:00\" \/>\n<meta property=\"og:image\" content=\"https:\/\/norwegianmade.no\/wp-content\/uploads\/2022\/01\/Symre-handkrem-kopi.jpg\" \/>\n\t<meta property=\"og:image:width\" content=\"900\" \/>\n\t<meta property=\"og:image:height\" content=\"600\" \/>\n\t<meta property=\"og:image:type\" content=\"image\/jpeg\" \/>\n<meta name=\"twitter:card\" content=\"summary_large_image\" \/>\n<meta name=\"twitter:label1\" content=\"Est. reading time\" \/>\n\t<meta name=\"twitter:data1\" content=\"2 minutes\" \/>\n<script type=\"application\/ld+json\" class=\"yoast-schema-graph\">{\"@context\":\"https:\/\/schema.org\",\"@graph\":[{\"@type\":\"WebPage\",\"@id\":\"https:\/\/norwegianmade.no\/en\/produkt\/symre-handkrem-med-furunalolje\/\",\"url\":\"https:\/\/norwegianmade.no\/en\/produkt\/symre-handkrem-med-furunalolje\/\",\"name\":\"Symre handkrem med furun\u00e5lolje (60ml) &#8226; Norwegian Made\",\"isPartOf\":{\"@id\":\"https:\/\/norwegianmade.no\/#website\"},\"primaryImageOfPage\":{\"@id\":\"https:\/\/norwegianmade.no\/en\/produkt\/symre-handkrem-med-furunalolje\/#primaryimage\"},\"image\":{\"@id\":\"https:\/\/norwegianmade.no\/en\/produkt\/symre-handkrem-med-furunalolje\/#primaryimage\"},\"thumbnailUrl\":\"https:\/\/norwegianmade.no\/wp-content\/uploads\/2022\/01\/Symre-handkrem-kopi.jpg\",\"datePublished\":\"2022-01-01T18:53:35+00:00\",\"dateModified\":\"2022-01-01T19:43:58+00:00\",\"breadcrumb\":{\"@id\":\"https:\/\/norwegianmade.no\/en\/produkt\/symre-handkrem-med-furunalolje\/#breadcrumb\"},\"inLanguage\":\"en-US\",\"potentialAction\":[{\"@type\":\"ReadAction\",\"target\":[\"https:\/\/norwegianmade.no\/en\/produkt\/symre-handkrem-med-furunalolje\/\"]}]},{\"@type\":\"ImageObject\",\"inLanguage\":\"en-US\",\"@id\":\"https:\/\/norwegianmade.no\/en\/produkt\/symre-handkrem-med-furunalolje\/#primaryimage\",\"url\":\"https:\/\/norwegianmade.no\/wp-content\/uploads\/2022\/01\/Symre-handkrem-kopi.jpg\",\"contentUrl\":\"https:\/\/norwegianmade.no\/wp-content\/uploads\/2022\/01\/Symre-handkrem-kopi.jpg\",\"width\":900,\"height\":600},{\"@type\":\"BreadcrumbList\",\"@id\":\"https:\/\/norwegianmade.no\/en\/produkt\/symre-handkrem-med-furunalolje\/#breadcrumb\",\"itemListElement\":[{\"@type\":\"ListItem\",\"position\":1,\"name\":\"Hjem\",\"item\":\"https:\/\/norwegianmade.no\/en\/\"},{\"@type\":\"ListItem\",\"position\":2,\"name\":\"Shop\",\"item\":\"https:\/\/norwegianmade.no\/en\/shop\/\"},{\"@type\":\"ListItem\",\"position\":3,\"name\":\"Symre handkrem med furun\u00e5lolje (60ml)\"}]},{\"@type\":\"WebSite\",\"@id\":\"https:\/\/norwegianmade.no\/#website\",\"url\":\"https:\/\/norwegianmade.no\/\",\"name\":\"Norwegian Made\",\"description\":\"Norges st\u00f8rste markedsplass for norske produsenter\",\"publisher\":{\"@id\":\"https:\/\/norwegianmade.no\/#organization\"},\"potentialAction\":[{\"@type\":\"SearchAction\",\"target\":{\"@type\":\"EntryPoint\",\"urlTemplate\":\"https:\/\/norwegianmade.no\/?s={search_term_string}\"},\"query-input\":{\"@type\":\"PropertyValueSpecification\",\"valueRequired\":true,\"valueName\":\"search_term_string\"}}],\"inLanguage\":\"en-US\"},{\"@type\":\"Organization\",\"@id\":\"https:\/\/norwegianmade.no\/#organization\",\"name\":\"Norwegian Made\",\"url\":\"https:\/\/norwegianmade.no\/\",\"logo\":{\"@type\":\"ImageObject\",\"inLanguage\":\"en-US\",\"@id\":\"https:\/\/norwegianmade.no\/#\/schema\/logo\/image\/\",\"url\":\"https:\/\/norwegianmade.no\/wp-content\/uploads\/2020\/11\/logo-liggende-norwegian-made-web.png\",\"contentUrl\":\"https:\/\/norwegianmade.no\/wp-content\/uploads\/2020\/11\/logo-liggende-norwegian-made-web.png\",\"width\":200,\"height\":58,\"caption\":\"Norwegian Made\"},\"image\":{\"@id\":\"https:\/\/norwegianmade.no\/#\/schema\/logo\/image\/\"}}]}<\/script>\n<!-- \/ Yoast SEO plugin. -->","yoast_head_json":{"title":"Symre handkrem med furun\u00e5lolje (60ml) &#8226; Norwegian Made","robots":{"index":"index","follow":"follow","max-snippet":"max-snippet:-1","max-image-preview":"max-image-preview:large","max-video-preview":"max-video-preview:-1"},"canonical":"https:\/\/norwegianmade.no\/en\/produkt\/symre-handkrem-med-furunalolje\/","og_locale":"en_US","og_type":"article","og_title":"Symre handkrem med furun\u00e5lolje (60ml) &#8226; Norwegian Made","og_description":"Symre handkrem med furun\u00e5lolje er ein mjukgjerande og n\u00e6ringsrik handkrem. S\u00e6rs god til t\u00f8rre og sprukne hender. Naturleg og trygg hudpleie, laga p\u00e5 ein liten vestlandsgard!Kremen er like god til sprukne arbeidsnevar fr\u00e5 mange timar i praktiske yrker, som til verkande hender etter mange timar bak tastaturet. Kremen har ein frisk aroma av furun\u00e5l, som gjer at den ogs\u00e5 kan passe godt til menn.Den er veldig dryg i bruk \u2013 ein treng berre litt om gongen. For raskt \u00e5 f\u00e5 vekk t\u00f8rr hud, sm\u00e5s\u00e5r og rifter p\u00e5 hendene b\u00f8r ein bruke kremen fleire gonger om dagen dei f\u00f8rste dagane, og deretter etter behov.","og_url":"https:\/\/norwegianmade.no\/en\/produkt\/symre-handkrem-med-furunalolje\/","og_site_name":"Norwegian Made","article_modified_time":"2022-01-01T19:43:58+00:00","og_image":[{"width":900,"height":600,"url":"https:\/\/norwegianmade.no\/wp-content\/uploads\/2022\/01\/Symre-handkrem-kopi.jpg","type":"image\/jpeg"}],"twitter_card":"summary_large_image","twitter_misc":{"Est. reading time":"2 minutes"},"schema":{"@context":"https:\/\/schema.org","@graph":[{"@type":"WebPage","@id":"https:\/\/norwegianmade.no\/en\/produkt\/symre-handkrem-med-furunalolje\/","url":"https:\/\/norwegianmade.no\/en\/produkt\/symre-handkrem-med-furunalolje\/","name":"Symre handkrem med furun\u00e5lolje (60ml) &#8226; Norwegian Made","isPartOf":{"@id":"https:\/\/norwegianmade.no\/#website"},"primaryImageOfPage":{"@id":"https:\/\/norwegianmade.no\/en\/produkt\/symre-handkrem-med-furunalolje\/#primaryimage"},"image":{"@id":"https:\/\/norwegianmade.no\/en\/produkt\/symre-handkrem-med-furunalolje\/#primaryimage"},"thumbnailUrl":"https:\/\/norwegianmade.no\/wp-content\/uploads\/2022\/01\/Symre-handkrem-kopi.jpg","datePublished":"2022-01-01T18:53:35+00:00","dateModified":"2022-01-01T19:43:58+00:00","breadcrumb":{"@id":"https:\/\/norwegianmade.no\/en\/produkt\/symre-handkrem-med-furunalolje\/#breadcrumb"},"inLanguage":"en-US","potentialAction":[{"@type":"ReadAction","target":["https:\/\/norwegianmade.no\/en\/produkt\/symre-handkrem-med-furunalolje\/"]}]},{"@type":"ImageObject","inLanguage":"en-US","@id":"https:\/\/norwegianmade.no\/en\/produkt\/symre-handkrem-med-furunalolje\/#primaryimage","url":"https:\/\/norwegianmade.no\/wp-content\/uploads\/2022\/01\/Symre-handkrem-kopi.jpg","contentUrl":"https:\/\/norwegianmade.no\/wp-content\/uploads\/2022\/01\/Symre-handkrem-kopi.jpg","width":900,"height":600},{"@type":"BreadcrumbList","@id":"https:\/\/norwegianmade.no\/en\/produkt\/symre-handkrem-med-furunalolje\/#breadcrumb","itemListElement":[{"@type":"ListItem","position":1,"name":"Hjem","item":"https:\/\/norwegianmade.no\/en\/"},{"@type":"ListItem","position":2,"name":"Shop","item":"https:\/\/norwegianmade.no\/en\/shop\/"},{"@type":"ListItem","position":3,"name":"Symre handkrem med furun\u00e5lolje (60ml)"}]},{"@type":"WebSite","@id":"https:\/\/norwegianmade.no\/#website","url":"https:\/\/norwegianmade.no\/","name":"Norwegian Made","description":"Norges st\u00f8rste markedsplass for norske produsenter","publisher":{"@id":"https:\/\/norwegianmade.no\/#organization"},"potentialAction":[{"@type":"SearchAction","target":{"@type":"EntryPoint","urlTemplate":"https:\/\/norwegianmade.no\/?s={search_term_string}"},"query-input":{"@type":"PropertyValueSpecification","valueRequired":true,"valueName":"search_term_string"}}],"inLanguage":"en-US"},{"@type":"Organization","@id":"https:\/\/norwegianmade.no\/#organization","name":"Norwegian Made","url":"https:\/\/norwegianmade.no\/","logo":{"@type":"ImageObject","inLanguage":"en-US","@id":"https:\/\/norwegianmade.no\/#\/schema\/logo\/image\/","url":"https:\/\/norwegianmade.no\/wp-content\/uploads\/2020\/11\/logo-liggende-norwegian-made-web.png","contentUrl":"https:\/\/norwegianmade.no\/wp-content\/uploads\/2020\/11\/logo-liggende-norwegian-made-web.png","width":200,"height":58,"caption":"Norwegian Made"},"image":{"@id":"https:\/\/norwegianmade.no\/#\/schema\/logo\/image\/"}}]}},"_links":{"self":[{"href":"https:\/\/norwegianmade.no\/en\/wp-json\/wp\/v2\/product\/12280","targetHints":{"allow":["GET"]}}],"collection":[{"href":"https:\/\/norwegianmade.no\/en\/wp-json\/wp\/v2\/product"}],"about":[{"href":"https:\/\/norwegianmade.no\/en\/wp-json\/wp\/v2\/types\/product"}],"replies":[{"embeddable":true,"href":"https:\/\/norwegianmade.no\/en\/wp-json\/wp\/v2\/comments?post=12280"}],"wp:featuredmedia":[{"embeddable":true,"href":"https:\/\/norwegianmade.no\/en\/wp-json\/wp\/v2\/media\/12278"}],"wp:attachment":[{"href":"https:\/\/norwegianmade.no\/en\/wp-json\/wp\/v2\/media?parent=12280"}],"wp:term":[{"taxonomy":"product_brand","embeddable":true,"href":"https:\/\/norwegianmade.no\/en\/wp-json\/wp\/v2\/product_brand?post=12280"},{"taxonomy":"product_cat","embeddable":true,"href":"https:\/\/norwegianmade.no\/en\/wp-json\/wp\/v2\/product_cat?post=12280"},{"taxonomy":"product_tag","embeddable":true,"href":"https:\/\/norwegianmade.no\/en\/wp-json\/wp\/v2\/product_tag?post=12280"}],"curies":[{"name":"wp","href":"https:\/\/api.w.org\/{rel}","templated":true}]}}