{"id":12364,"date":"2022-01-13T22:21:35","date_gmt":"2022-01-13T21:21:35","guid":{"rendered":"https:\/\/norwegianmade.no\/markedsplass\/symre-universalkrem-med-mynte\/"},"modified":"2024-11-15T20:53:34","modified_gmt":"2024-11-15T19:53:34","slug":"symre-universalkrem-med-mynte","status":"publish","type":"product","link":"https:\/\/norwegianmade.no\/en\/produkt\/symre-universalkrem-med-mynte\/","title":{"rendered":"Symre universalkrem med mynte"},"content":{"rendered":"<p>Symre universalkrem med mynte er ein allsidig krem for heile kroppen. Den er mjukgjerande, n\u00e6ringsrik og inneheld f\u00e5 og trygge ingrediensar. Den er trygg og god til barn \u2013 b\u00e5de til bleieutslett og som kuldekrem. Uttrekk av mynte fr\u00e5 den vesle marknadshagen v\u00e5r og eterisk olje av gr\u00f8nnmynte har ein kj\u00f8lande, kl\u00f8dempande og antiseptisk effekt. Mynte kan ogs\u00e5 virke godt p\u00e5 muskelsmerter og til \u00e5 sm\u00f8re under nesa ved forkj\u00f8lelse.\u00a0<\/p>\n<p><\/p>\n<p style=\"margin-top: 0px;margin-bottom: 1rem;font-family: GillSansMTPro-Book;letter-spacing: 1px\">Symre universalkrem med mynte er ein talgkrem \u2013 naturleg hudpleie laga p\u00e5 ein liten vestlandsgard.\u00a0Me er opptekne av \u00e5 nytta oss av naturlege og lokale r\u00e5varer, og ikkje minst ressursgrunnlaget me har p\u00e5 garden. Me har grasf\u00f4ra og \u00f8kologisk storfe av den lokale gamalrasen Vestlandsk fjordfe. I tr\u00e5d med v\u00e5r filosofi om \u00e5 nytte heile dyret, lagar me hudkrem av talget fr\u00e5 dyra. Talg av grasf\u00f4ra dyr er fantanstisk for huda v\u00e5r. Det har s\u00e6rs lik feittsyreprofil som huda, og inneheld feittl\u00f8yselege A, D, K og E-vitaminar. Kort sagt inneheld talg alt det gode huda v\u00e5r treng. I tillegg til talget inneheld hudkremane v\u00e5re berre 2\u20133 andre ingrediensar \u2013 mellom anna blomar og urter hausta fr\u00e5 innmark og utmark. Slik at du er trygg p\u00e5 kva du sm\u00f8rer p\u00e5 huda di.\u00a0<\/p>\n<p style=\"margin-top: 0px;margin-bottom: 1rem;font-family: GillSansMTPro-Book;letter-spacing: 1px\">Ved \u00e5 kj\u00f8pe Symre hudkrem f\u00e5r du eit lokalt handverk laga p\u00e5 lokale ressursar. Du f\u00e5r trygge og milj\u00f8vennlege produkt som er heilt utan plastikkemballasje. Du st\u00f8ttar vestlandsk jordbruk og levande bygder, ei kvinnebedrift og sm\u00e5 arbeidsplassar.\u00a0<\/p>\n<p><span>(Innhald: Talg av grasf\u00f4ra, \u00f8kologisk storfe fr\u00e5 Een gard, tistelolje, uttrekk av mynte, eterisk olje av gr\u00f8nmynte.)\u00a0<\/span><br data-mce-bogus=\"1\"><\/p>\n","protected":false},"excerpt":{"rendered":"<p><span>Symre universalkrem med mynte er ein allsidig krem for heile kroppen. Den er mjukgjerande, n\u00e6ringsrik og inneheld f\u00e5 og trygge ingrediensar. Den er trygg og god til barn \u2013 b\u00e5de til bleieutslett og som kuldekrem. Uttrekk av mynte fr\u00e5 den vesle marknadshagen v\u00e5r og eterisk olje av gr\u00f8nnmynte har ein kj\u00f8lande, kl\u00f8dempande og antiseptisk effekt. Mynte kan ogs\u00e5 virke godt p\u00e5 muskelsmerter og til \u00e5 sm\u00f8re under nesa ved forkj\u00f8lelse.\u00a0<\/span><br data-mce-bogus=\"1\"><\/p>\n","protected":false},"featured_media":12360,"comment_status":"open","ping_status":"closed","template":"","meta":{"_acf_changed":false},"product_brand":[],"product_cat":[78,67,324],"product_tag":[],"class_list":{"0":"post-12364","1":"product","2":"type-product","3":"status-publish","4":"has-post-thumbnail","6":"product_vendor-symre-hudkrem","7":"product_cat-gaver","8":"product_cat-hudpleie","9":"product_cat-jul","11":"first","12":"instock","13":"taxable","14":"shipping-taxable","15":"product-type-simple"},"acf":[],"yoast_head":"<!-- This site is optimized with the Yoast SEO plugin v27.1.1 - https:\/\/yoast.com\/product\/yoast-seo-wordpress\/ -->\n<title>Symre universalkrem med mynte &#8226; Norwegian Made<\/title>\n<meta name=\"robots\" content=\"index, follow, max-snippet:-1, max-image-preview:large, max-video-preview:-1\" \/>\n<link rel=\"canonical\" href=\"https:\/\/norwegianmade.no\/en\/produkt\/symre-universalkrem-med-mynte\/\" \/>\n<meta property=\"og:locale\" content=\"en_US\" \/>\n<meta property=\"og:type\" content=\"article\" \/>\n<meta property=\"og:title\" content=\"Symre universalkrem med mynte &#8226; Norwegian Made\" \/>\n<meta property=\"og:description\" content=\"Symre universalkrem med mynte er ein allsidig krem for heile kroppen. Den er mjukgjerande, n\u00e6ringsrik og inneheld f\u00e5 og trygge ingrediensar. Den er trygg og god til barn \u2013 b\u00e5de til bleieutslett og som kuldekrem. Uttrekk av mynte fr\u00e5 den vesle marknadshagen v\u00e5r og eterisk olje av gr\u00f8nnmynte har ein kj\u00f8lande, kl\u00f8dempande og antiseptisk effekt. Mynte kan ogs\u00e5 virke godt p\u00e5 muskelsmerter og til \u00e5 sm\u00f8re under nesa ved forkj\u00f8lelse.\u00a0\" \/>\n<meta property=\"og:url\" content=\"https:\/\/norwegianmade.no\/en\/produkt\/symre-universalkrem-med-mynte\/\" \/>\n<meta property=\"og:site_name\" content=\"Norwegian Made\" \/>\n<meta property=\"article:modified_time\" content=\"2024-11-15T19:53:34+00:00\" \/>\n<meta property=\"og:image\" content=\"https:\/\/norwegianmade.no\/wp-content\/uploads\/2022\/01\/Universalkrem-med-mynte-2_liten.jpg\" \/>\n\t<meta property=\"og:image:width\" content=\"900\" \/>\n\t<meta property=\"og:image:height\" content=\"600\" \/>\n\t<meta property=\"og:image:type\" content=\"image\/jpeg\" \/>\n<meta name=\"twitter:card\" content=\"summary_large_image\" \/>\n<meta name=\"twitter:label1\" content=\"Est. reading time\" \/>\n\t<meta name=\"twitter:data1\" content=\"1 minute\" \/>\n<script type=\"application\/ld+json\" class=\"yoast-schema-graph\">{\"@context\":\"https:\/\/schema.org\",\"@graph\":[{\"@type\":\"WebPage\",\"@id\":\"https:\/\/norwegianmade.no\/en\/produkt\/symre-universalkrem-med-mynte\/\",\"url\":\"https:\/\/norwegianmade.no\/en\/produkt\/symre-universalkrem-med-mynte\/\",\"name\":\"Symre universalkrem med mynte &#8226; Norwegian Made\",\"isPartOf\":{\"@id\":\"https:\/\/norwegianmade.no\/#website\"},\"primaryImageOfPage\":{\"@id\":\"https:\/\/norwegianmade.no\/en\/produkt\/symre-universalkrem-med-mynte\/#primaryimage\"},\"image\":{\"@id\":\"https:\/\/norwegianmade.no\/en\/produkt\/symre-universalkrem-med-mynte\/#primaryimage\"},\"thumbnailUrl\":\"https:\/\/norwegianmade.no\/wp-content\/uploads\/2022\/01\/Universalkrem-med-mynte-2_liten.jpg\",\"datePublished\":\"2022-01-13T21:21:35+00:00\",\"dateModified\":\"2024-11-15T19:53:34+00:00\",\"breadcrumb\":{\"@id\":\"https:\/\/norwegianmade.no\/en\/produkt\/symre-universalkrem-med-mynte\/#breadcrumb\"},\"inLanguage\":\"en-US\",\"potentialAction\":[{\"@type\":\"ReadAction\",\"target\":[\"https:\/\/norwegianmade.no\/en\/produkt\/symre-universalkrem-med-mynte\/\"]}]},{\"@type\":\"ImageObject\",\"inLanguage\":\"en-US\",\"@id\":\"https:\/\/norwegianmade.no\/en\/produkt\/symre-universalkrem-med-mynte\/#primaryimage\",\"url\":\"https:\/\/norwegianmade.no\/wp-content\/uploads\/2022\/01\/Universalkrem-med-mynte-2_liten.jpg\",\"contentUrl\":\"https:\/\/norwegianmade.no\/wp-content\/uploads\/2022\/01\/Universalkrem-med-mynte-2_liten.jpg\",\"width\":900,\"height\":600},{\"@type\":\"BreadcrumbList\",\"@id\":\"https:\/\/norwegianmade.no\/en\/produkt\/symre-universalkrem-med-mynte\/#breadcrumb\",\"itemListElement\":[{\"@type\":\"ListItem\",\"position\":1,\"name\":\"Hjem\",\"item\":\"https:\/\/norwegianmade.no\/en\/\"},{\"@type\":\"ListItem\",\"position\":2,\"name\":\"Shop\",\"item\":\"https:\/\/norwegianmade.no\/en\/shop\/\"},{\"@type\":\"ListItem\",\"position\":3,\"name\":\"Symre universalkrem med mynte\"}]},{\"@type\":\"WebSite\",\"@id\":\"https:\/\/norwegianmade.no\/#website\",\"url\":\"https:\/\/norwegianmade.no\/\",\"name\":\"Norwegian Made\",\"description\":\"Norges st\u00f8rste markedsplass for norske produsenter\",\"publisher\":{\"@id\":\"https:\/\/norwegianmade.no\/#organization\"},\"potentialAction\":[{\"@type\":\"SearchAction\",\"target\":{\"@type\":\"EntryPoint\",\"urlTemplate\":\"https:\/\/norwegianmade.no\/?s={search_term_string}\"},\"query-input\":{\"@type\":\"PropertyValueSpecification\",\"valueRequired\":true,\"valueName\":\"search_term_string\"}}],\"inLanguage\":\"en-US\"},{\"@type\":\"Organization\",\"@id\":\"https:\/\/norwegianmade.no\/#organization\",\"name\":\"Norwegian Made\",\"url\":\"https:\/\/norwegianmade.no\/\",\"logo\":{\"@type\":\"ImageObject\",\"inLanguage\":\"en-US\",\"@id\":\"https:\/\/norwegianmade.no\/#\/schema\/logo\/image\/\",\"url\":\"https:\/\/norwegianmade.no\/wp-content\/uploads\/2020\/11\/logo-liggende-norwegian-made-web.png\",\"contentUrl\":\"https:\/\/norwegianmade.no\/wp-content\/uploads\/2020\/11\/logo-liggende-norwegian-made-web.png\",\"width\":200,\"height\":58,\"caption\":\"Norwegian Made\"},\"image\":{\"@id\":\"https:\/\/norwegianmade.no\/#\/schema\/logo\/image\/\"}}]}<\/script>\n<!-- \/ Yoast SEO plugin. -->","yoast_head_json":{"title":"Symre universalkrem med mynte &#8226; Norwegian Made","robots":{"index":"index","follow":"follow","max-snippet":"max-snippet:-1","max-image-preview":"max-image-preview:large","max-video-preview":"max-video-preview:-1"},"canonical":"https:\/\/norwegianmade.no\/en\/produkt\/symre-universalkrem-med-mynte\/","og_locale":"en_US","og_type":"article","og_title":"Symre universalkrem med mynte &#8226; Norwegian Made","og_description":"Symre universalkrem med mynte er ein allsidig krem for heile kroppen. Den er mjukgjerande, n\u00e6ringsrik og inneheld f\u00e5 og trygge ingrediensar. Den er trygg og god til barn \u2013 b\u00e5de til bleieutslett og som kuldekrem. Uttrekk av mynte fr\u00e5 den vesle marknadshagen v\u00e5r og eterisk olje av gr\u00f8nnmynte har ein kj\u00f8lande, kl\u00f8dempande og antiseptisk effekt. Mynte kan ogs\u00e5 virke godt p\u00e5 muskelsmerter og til \u00e5 sm\u00f8re under nesa ved forkj\u00f8lelse.\u00a0","og_url":"https:\/\/norwegianmade.no\/en\/produkt\/symre-universalkrem-med-mynte\/","og_site_name":"Norwegian Made","article_modified_time":"2024-11-15T19:53:34+00:00","og_image":[{"width":900,"height":600,"url":"https:\/\/norwegianmade.no\/wp-content\/uploads\/2022\/01\/Universalkrem-med-mynte-2_liten.jpg","type":"image\/jpeg"}],"twitter_card":"summary_large_image","twitter_misc":{"Est. reading time":"1 minute"},"schema":{"@context":"https:\/\/schema.org","@graph":[{"@type":"WebPage","@id":"https:\/\/norwegianmade.no\/en\/produkt\/symre-universalkrem-med-mynte\/","url":"https:\/\/norwegianmade.no\/en\/produkt\/symre-universalkrem-med-mynte\/","name":"Symre universalkrem med mynte &#8226; Norwegian Made","isPartOf":{"@id":"https:\/\/norwegianmade.no\/#website"},"primaryImageOfPage":{"@id":"https:\/\/norwegianmade.no\/en\/produkt\/symre-universalkrem-med-mynte\/#primaryimage"},"image":{"@id":"https:\/\/norwegianmade.no\/en\/produkt\/symre-universalkrem-med-mynte\/#primaryimage"},"thumbnailUrl":"https:\/\/norwegianmade.no\/wp-content\/uploads\/2022\/01\/Universalkrem-med-mynte-2_liten.jpg","datePublished":"2022-01-13T21:21:35+00:00","dateModified":"2024-11-15T19:53:34+00:00","breadcrumb":{"@id":"https:\/\/norwegianmade.no\/en\/produkt\/symre-universalkrem-med-mynte\/#breadcrumb"},"inLanguage":"en-US","potentialAction":[{"@type":"ReadAction","target":["https:\/\/norwegianmade.no\/en\/produkt\/symre-universalkrem-med-mynte\/"]}]},{"@type":"ImageObject","inLanguage":"en-US","@id":"https:\/\/norwegianmade.no\/en\/produkt\/symre-universalkrem-med-mynte\/#primaryimage","url":"https:\/\/norwegianmade.no\/wp-content\/uploads\/2022\/01\/Universalkrem-med-mynte-2_liten.jpg","contentUrl":"https:\/\/norwegianmade.no\/wp-content\/uploads\/2022\/01\/Universalkrem-med-mynte-2_liten.jpg","width":900,"height":600},{"@type":"BreadcrumbList","@id":"https:\/\/norwegianmade.no\/en\/produkt\/symre-universalkrem-med-mynte\/#breadcrumb","itemListElement":[{"@type":"ListItem","position":1,"name":"Hjem","item":"https:\/\/norwegianmade.no\/en\/"},{"@type":"ListItem","position":2,"name":"Shop","item":"https:\/\/norwegianmade.no\/en\/shop\/"},{"@type":"ListItem","position":3,"name":"Symre universalkrem med mynte"}]},{"@type":"WebSite","@id":"https:\/\/norwegianmade.no\/#website","url":"https:\/\/norwegianmade.no\/","name":"Norwegian Made","description":"Norges st\u00f8rste markedsplass for norske produsenter","publisher":{"@id":"https:\/\/norwegianmade.no\/#organization"},"potentialAction":[{"@type":"SearchAction","target":{"@type":"EntryPoint","urlTemplate":"https:\/\/norwegianmade.no\/?s={search_term_string}"},"query-input":{"@type":"PropertyValueSpecification","valueRequired":true,"valueName":"search_term_string"}}],"inLanguage":"en-US"},{"@type":"Organization","@id":"https:\/\/norwegianmade.no\/#organization","name":"Norwegian Made","url":"https:\/\/norwegianmade.no\/","logo":{"@type":"ImageObject","inLanguage":"en-US","@id":"https:\/\/norwegianmade.no\/#\/schema\/logo\/image\/","url":"https:\/\/norwegianmade.no\/wp-content\/uploads\/2020\/11\/logo-liggende-norwegian-made-web.png","contentUrl":"https:\/\/norwegianmade.no\/wp-content\/uploads\/2020\/11\/logo-liggende-norwegian-made-web.png","width":200,"height":58,"caption":"Norwegian Made"},"image":{"@id":"https:\/\/norwegianmade.no\/#\/schema\/logo\/image\/"}}]}},"_links":{"self":[{"href":"https:\/\/norwegianmade.no\/en\/wp-json\/wp\/v2\/product\/12364","targetHints":{"allow":["GET"]}}],"collection":[{"href":"https:\/\/norwegianmade.no\/en\/wp-json\/wp\/v2\/product"}],"about":[{"href":"https:\/\/norwegianmade.no\/en\/wp-json\/wp\/v2\/types\/product"}],"replies":[{"embeddable":true,"href":"https:\/\/norwegianmade.no\/en\/wp-json\/wp\/v2\/comments?post=12364"}],"wp:featuredmedia":[{"embeddable":true,"href":"https:\/\/norwegianmade.no\/en\/wp-json\/wp\/v2\/media\/12360"}],"wp:attachment":[{"href":"https:\/\/norwegianmade.no\/en\/wp-json\/wp\/v2\/media?parent=12364"}],"wp:term":[{"taxonomy":"product_brand","embeddable":true,"href":"https:\/\/norwegianmade.no\/en\/wp-json\/wp\/v2\/product_brand?post=12364"},{"taxonomy":"product_cat","embeddable":true,"href":"https:\/\/norwegianmade.no\/en\/wp-json\/wp\/v2\/product_cat?post=12364"},{"taxonomy":"product_tag","embeddable":true,"href":"https:\/\/norwegianmade.no\/en\/wp-json\/wp\/v2\/product_tag?post=12364"}],"curies":[{"name":"wp","href":"https:\/\/api.w.org\/{rel}","templated":true}]}}