{"id":12411,"date":"2022-01-17T17:51:23","date_gmt":"2022-01-17T16:51:23","guid":{"rendered":"https:\/\/norwegianmade.no\/?post_type=product&#038;p=12411"},"modified":"2025-10-20T04:08:46","modified_gmt":"2025-10-20T02:08:46","slug":"symre-ansiktskrem-med-raudklover-og-nyperoseolje-60ml","status":"publish","type":"product","link":"https:\/\/norwegianmade.no\/en\/produkt\/symre-ansiktskrem-med-raudklover-og-nyperoseolje-60ml\/","title":{"rendered":"Symre ansiktskrem med raudkl\u00f8ver, nyperoseolje og rosegeranium (60ml)"},"content":{"rendered":"<p>Symre ansiktskrem med raudkl\u00f8ver &amp; nyperoseolje passar for alle hudtypar, men er s\u00e6rskilt god mot urein hud og for hud med aldringsteikn. Kremen er mjukgjerande og n\u00e6ringsrik, med naturleg talg som inneheld feittl\u00f8yselege vitaminar som A, D, E, K. Kremen inneheld ogs\u00e5 villhausta raudkl\u00f8ver fr\u00e5 garden v\u00e5r, som er rensande, n\u00e6rande og mjukgjerande. Nyperoseolje er god mot urein hud, rik p\u00e5 antioksidantar og er s\u00e6rs god for aldrande hud. Kremen inneheld ikkje parfyme og eteriske oljer, s\u00e5 den kan vera eit godt alternativ for dei med sensitiv hud og allergiar. Naturleg aroma.<\/p>\n<p data-mce-style=\"margin-top: 0px; margin-bottom: 1rem; font-family: GillSansMTPro-Book; letter-spacing: 1px;\" style=\"margin-top: 0px;margin-bottom: 1rem;font-family: GillSansMTPro-Book;letter-spacing: 1px\">Symre ansiktskrem er ein talgkrem \u2013 naturleg hudpleie laga p\u00e5 ein liten vestlandsgard.\u00a0Me er opptekne av \u00e5 nytta oss av naturlege og lokale r\u00e5varer, og ikkje minst ressursgrunnlaget me har p\u00e5 garden. Me har grasf\u00f4ra og \u00f8kologisk storfe av den lokale gamalrasen Vestlandsk fjordfe. I tr\u00e5d med v\u00e5r filosofi om \u00e5 nytte heile dyret, lagar me hudkrem av talget fr\u00e5 dyra. Talg av grasf\u00f4ra dyr er fantanstisk for huda v\u00e5r. Det har s\u00e6rs lik feittsyreprofil som huda, og inneheld feittl\u00f8yselege A, D, K og E-vitaminar. Kort sagt inneheld talg alt det gode huda v\u00e5r treng. I tillegg til talget inneheld hudkremane v\u00e5re berre 2\u20133 andre ingrediensar \u2013 mellom anna blomar og urter hausta fr\u00e5 innmark og utmark. Slik at du er trygg p\u00e5 kva du sm\u00f8rer p\u00e5 huda di.\u00a0<\/p>\n<p data-mce-style=\"margin-top: 0px; margin-bottom: 1rem; font-family: GillSansMTPro-Book; letter-spacing: 1px;\" style=\"margin-top: 0px;margin-bottom: 1rem;font-family: GillSansMTPro-Book;letter-spacing: 1px\">Ved \u00e5 kj\u00f8pe Symre hudkrem f\u00e5r du eit lokalt handverk laga p\u00e5 lokale ressursar. Du f\u00e5r trygge og milj\u00f8vennlege produkt som er heilt utan plastikkemballasje. Du st\u00f8ttar vestlandsk jordbruk og levande bygder, ei kvinnebedrift og sm\u00e5 arbeidsplassar.<\/p>\n<p>(Innhald: Talg av grasf\u00f4ra, \u00f8kologisk storfe fr\u00e5 Een gard, tistelolje, uttrekk av villhausta raudkl\u00f8ver, nyperoseolje.)\u00a0<\/p>\n","protected":false},"excerpt":{"rendered":"<p>Symre ansiktskrem med raudkl\u00f8ver &amp; nyperoseolje passar for alle hudtypar, men er s\u00e6rskilt god mot urein hud og for hud med aldringsteikn. Kremen er mjukgjerande og n\u00e6ringsrik, med naturleg talg som inneheld feittl\u00f8yselege vitaminar som A, D, E, K. Kremen inneheld ogs\u00e5 villhausta raudkl\u00f8ver fr\u00e5 garden v\u00e5r, som er rensande, n\u00e6rande og mjukgjerande. Nyperoseolje er god mot urein hud, rik p\u00e5 antioksidantar og er s\u00e6rs god for aldrande hud.\u00a0<span style=\"font-family: Lora\" data-mce-style=\"font-family: Lora;\">Rosegeranium er mykje brukt i hudpleie for sine eigenskapar mot urein hud, eksem, aldrande hud. Kremen har ein rik aroma av rose.<\/span><\/p>\n<p>(Innhald: Talg, tistelolje, uttrekk av villhausta raudkl\u00f8ver, nyperoseolje, rosegeranium.)\u00a0<\/p>\n","protected":false},"featured_media":12409,"comment_status":"open","ping_status":"closed","template":"","meta":{"_acf_changed":false},"product_brand":[],"product_cat":[78,123,67,324],"product_tag":[],"class_list":{"0":"post-12411","1":"product","2":"type-product","3":"status-publish","4":"has-post-thumbnail","6":"product_vendor-symre-hudkrem","7":"product_cat-gaver","8":"product_cat-hud","9":"product_cat-hudpleie","10":"product_cat-jul","12":"first","13":"instock","14":"taxable","15":"shipping-taxable","16":"product-type-simple"},"acf":[],"yoast_head":"<!-- This site is optimized with the Yoast SEO plugin v27.5 - https:\/\/yoast.com\/product\/yoast-seo-wordpress\/ -->\n<title>Symre ansiktskrem med raudkl\u00f8ver, nyperoseolje og rosegeranium (60ml) &#8226; Norwegian Made<\/title>\n<meta name=\"robots\" content=\"index, follow, max-snippet:-1, max-image-preview:large, max-video-preview:-1\" \/>\n<link rel=\"canonical\" href=\"https:\/\/norwegianmade.no\/en\/produkt\/symre-ansiktskrem-med-raudklover-og-nyperoseolje-60ml\/\" \/>\n<meta property=\"og:locale\" content=\"en_US\" \/>\n<meta property=\"og:type\" content=\"article\" \/>\n<meta property=\"og:title\" content=\"Symre ansiktskrem med raudkl\u00f8ver, nyperoseolje og rosegeranium (60ml) &#8226; Norwegian Made\" \/>\n<meta property=\"og:description\" content=\"Symre ansiktskrem med raudkl\u00f8ver &amp; nyperoseolje passar for alle hudtypar, men er s\u00e6rskilt god mot urein hud og for hud med aldringsteikn. Kremen er mjukgjerande og n\u00e6ringsrik, med naturleg talg som inneheld feittl\u00f8yselege vitaminar som A, D, E, K. Kremen inneheld ogs\u00e5 villhausta raudkl\u00f8ver fr\u00e5 garden v\u00e5r, som er rensande, n\u00e6rande og mjukgjerande. Nyperoseolje er god mot urein hud, rik p\u00e5 antioksidantar og er s\u00e6rs god for aldrande hud.\u00a0Rosegeranium er mykje brukt i hudpleie for sine eigenskapar mot urein hud, eksem, aldrande hud. Kremen har ein rik aroma av rose.(Innhald: Talg, tistelolje, uttrekk av villhausta raudkl\u00f8ver, nyperoseolje, rosegeranium.)\u00a0\" \/>\n<meta property=\"og:url\" content=\"https:\/\/norwegianmade.no\/en\/produkt\/symre-ansiktskrem-med-raudklover-og-nyperoseolje-60ml\/\" \/>\n<meta property=\"og:site_name\" content=\"Norwegian Made\" \/>\n<meta property=\"article:modified_time\" content=\"2025-10-20T02:08:46+00:00\" \/>\n<meta property=\"og:image\" content=\"https:\/\/norwegianmade.no\/wp-content\/uploads\/2022\/01\/Symre-ansiktskrem-med-raudklover-og-nyperoseolje_liten.jpg\" \/>\n\t<meta property=\"og:image:width\" content=\"900\" \/>\n\t<meta property=\"og:image:height\" content=\"600\" \/>\n\t<meta property=\"og:image:type\" content=\"image\/jpeg\" \/>\n<meta name=\"twitter:card\" content=\"summary_large_image\" \/>\n<meta name=\"twitter:label1\" content=\"Est. reading time\" \/>\n\t<meta name=\"twitter:data1\" content=\"1 minute\" \/>\n<script type=\"application\/ld+json\" class=\"yoast-schema-graph\">{\"@context\":\"https:\\\/\\\/schema.org\",\"@graph\":[{\"@type\":\"WebPage\",\"@id\":\"https:\\\/\\\/norwegianmade.no\\\/en\\\/produkt\\\/symre-ansiktskrem-med-raudklover-og-nyperoseolje-60ml\\\/\",\"url\":\"https:\\\/\\\/norwegianmade.no\\\/en\\\/produkt\\\/symre-ansiktskrem-med-raudklover-og-nyperoseolje-60ml\\\/\",\"name\":\"Symre ansiktskrem med raudkl\u00f8ver, nyperoseolje og rosegeranium (60ml) &#8226; Norwegian Made\",\"isPartOf\":{\"@id\":\"https:\\\/\\\/norwegianmade.no\\\/#website\"},\"primaryImageOfPage\":{\"@id\":\"https:\\\/\\\/norwegianmade.no\\\/en\\\/produkt\\\/symre-ansiktskrem-med-raudklover-og-nyperoseolje-60ml\\\/#primaryimage\"},\"image\":{\"@id\":\"https:\\\/\\\/norwegianmade.no\\\/en\\\/produkt\\\/symre-ansiktskrem-med-raudklover-og-nyperoseolje-60ml\\\/#primaryimage\"},\"thumbnailUrl\":\"https:\\\/\\\/norwegianmade.no\\\/wp-content\\\/uploads\\\/2022\\\/01\\\/Symre-ansiktskrem-med-raudklover-og-nyperoseolje_liten.jpg\",\"datePublished\":\"2022-01-17T16:51:23+00:00\",\"dateModified\":\"2025-10-20T02:08:46+00:00\",\"breadcrumb\":{\"@id\":\"https:\\\/\\\/norwegianmade.no\\\/en\\\/produkt\\\/symre-ansiktskrem-med-raudklover-og-nyperoseolje-60ml\\\/#breadcrumb\"},\"inLanguage\":\"en-US\",\"potentialAction\":[{\"@type\":\"ReadAction\",\"target\":[\"https:\\\/\\\/norwegianmade.no\\\/en\\\/produkt\\\/symre-ansiktskrem-med-raudklover-og-nyperoseolje-60ml\\\/\"]}]},{\"@type\":\"ImageObject\",\"inLanguage\":\"en-US\",\"@id\":\"https:\\\/\\\/norwegianmade.no\\\/en\\\/produkt\\\/symre-ansiktskrem-med-raudklover-og-nyperoseolje-60ml\\\/#primaryimage\",\"url\":\"https:\\\/\\\/norwegianmade.no\\\/wp-content\\\/uploads\\\/2022\\\/01\\\/Symre-ansiktskrem-med-raudklover-og-nyperoseolje_liten.jpg\",\"contentUrl\":\"https:\\\/\\\/norwegianmade.no\\\/wp-content\\\/uploads\\\/2022\\\/01\\\/Symre-ansiktskrem-med-raudklover-og-nyperoseolje_liten.jpg\",\"width\":900,\"height\":600},{\"@type\":\"BreadcrumbList\",\"@id\":\"https:\\\/\\\/norwegianmade.no\\\/en\\\/produkt\\\/symre-ansiktskrem-med-raudklover-og-nyperoseolje-60ml\\\/#breadcrumb\",\"itemListElement\":[{\"@type\":\"ListItem\",\"position\":1,\"name\":\"Hjem\",\"item\":\"https:\\\/\\\/norwegianmade.no\\\/en\\\/\"},{\"@type\":\"ListItem\",\"position\":2,\"name\":\"Shop\",\"item\":\"https:\\\/\\\/norwegianmade.no\\\/en\\\/shop\\\/\"},{\"@type\":\"ListItem\",\"position\":3,\"name\":\"Symre ansiktskrem med raudkl\u00f8ver, nyperoseolje og rosegeranium (60ml)\"}]},{\"@type\":\"WebSite\",\"@id\":\"https:\\\/\\\/norwegianmade.no\\\/#website\",\"url\":\"https:\\\/\\\/norwegianmade.no\\\/\",\"name\":\"Norwegian Made\",\"description\":\"Norges st\u00f8rste markedsplass for norske produsenter\",\"publisher\":{\"@id\":\"https:\\\/\\\/norwegianmade.no\\\/#organization\"},\"potentialAction\":[{\"@type\":\"SearchAction\",\"target\":{\"@type\":\"EntryPoint\",\"urlTemplate\":\"https:\\\/\\\/norwegianmade.no\\\/?s={search_term_string}\"},\"query-input\":{\"@type\":\"PropertyValueSpecification\",\"valueRequired\":true,\"valueName\":\"search_term_string\"}}],\"inLanguage\":\"en-US\"},{\"@type\":\"Organization\",\"@id\":\"https:\\\/\\\/norwegianmade.no\\\/#organization\",\"name\":\"Norwegian Made\",\"url\":\"https:\\\/\\\/norwegianmade.no\\\/\",\"logo\":{\"@type\":\"ImageObject\",\"inLanguage\":\"en-US\",\"@id\":\"https:\\\/\\\/norwegianmade.no\\\/#\\\/schema\\\/logo\\\/image\\\/\",\"url\":\"https:\\\/\\\/norwegianmade.no\\\/wp-content\\\/uploads\\\/2020\\\/11\\\/logo-liggende-norwegian-made-web.png\",\"contentUrl\":\"https:\\\/\\\/norwegianmade.no\\\/wp-content\\\/uploads\\\/2020\\\/11\\\/logo-liggende-norwegian-made-web.png\",\"width\":200,\"height\":58,\"caption\":\"Norwegian Made\"},\"image\":{\"@id\":\"https:\\\/\\\/norwegianmade.no\\\/#\\\/schema\\\/logo\\\/image\\\/\"}}]}<\/script>\n<!-- \/ Yoast SEO plugin. -->","yoast_head_json":{"title":"Symre ansiktskrem med raudkl\u00f8ver, nyperoseolje og rosegeranium (60ml) &#8226; Norwegian Made","robots":{"index":"index","follow":"follow","max-snippet":"max-snippet:-1","max-image-preview":"max-image-preview:large","max-video-preview":"max-video-preview:-1"},"canonical":"https:\/\/norwegianmade.no\/en\/produkt\/symre-ansiktskrem-med-raudklover-og-nyperoseolje-60ml\/","og_locale":"en_US","og_type":"article","og_title":"Symre ansiktskrem med raudkl\u00f8ver, nyperoseolje og rosegeranium (60ml) &#8226; Norwegian Made","og_description":"Symre ansiktskrem med raudkl\u00f8ver &amp; nyperoseolje passar for alle hudtypar, men er s\u00e6rskilt god mot urein hud og for hud med aldringsteikn. Kremen er mjukgjerande og n\u00e6ringsrik, med naturleg talg som inneheld feittl\u00f8yselege vitaminar som A, D, E, K. Kremen inneheld ogs\u00e5 villhausta raudkl\u00f8ver fr\u00e5 garden v\u00e5r, som er rensande, n\u00e6rande og mjukgjerande. Nyperoseolje er god mot urein hud, rik p\u00e5 antioksidantar og er s\u00e6rs god for aldrande hud.\u00a0Rosegeranium er mykje brukt i hudpleie for sine eigenskapar mot urein hud, eksem, aldrande hud. Kremen har ein rik aroma av rose.(Innhald: Talg, tistelolje, uttrekk av villhausta raudkl\u00f8ver, nyperoseolje, rosegeranium.)\u00a0","og_url":"https:\/\/norwegianmade.no\/en\/produkt\/symre-ansiktskrem-med-raudklover-og-nyperoseolje-60ml\/","og_site_name":"Norwegian Made","article_modified_time":"2025-10-20T02:08:46+00:00","og_image":[{"width":900,"height":600,"url":"https:\/\/norwegianmade.no\/wp-content\/uploads\/2022\/01\/Symre-ansiktskrem-med-raudklover-og-nyperoseolje_liten.jpg","type":"image\/jpeg"}],"twitter_card":"summary_large_image","twitter_misc":{"Est. reading time":"1 minute"},"schema":{"@context":"https:\/\/schema.org","@graph":[{"@type":"WebPage","@id":"https:\/\/norwegianmade.no\/en\/produkt\/symre-ansiktskrem-med-raudklover-og-nyperoseolje-60ml\/","url":"https:\/\/norwegianmade.no\/en\/produkt\/symre-ansiktskrem-med-raudklover-og-nyperoseolje-60ml\/","name":"Symre ansiktskrem med raudkl\u00f8ver, nyperoseolje og rosegeranium (60ml) &#8226; Norwegian Made","isPartOf":{"@id":"https:\/\/norwegianmade.no\/#website"},"primaryImageOfPage":{"@id":"https:\/\/norwegianmade.no\/en\/produkt\/symre-ansiktskrem-med-raudklover-og-nyperoseolje-60ml\/#primaryimage"},"image":{"@id":"https:\/\/norwegianmade.no\/en\/produkt\/symre-ansiktskrem-med-raudklover-og-nyperoseolje-60ml\/#primaryimage"},"thumbnailUrl":"https:\/\/norwegianmade.no\/wp-content\/uploads\/2022\/01\/Symre-ansiktskrem-med-raudklover-og-nyperoseolje_liten.jpg","datePublished":"2022-01-17T16:51:23+00:00","dateModified":"2025-10-20T02:08:46+00:00","breadcrumb":{"@id":"https:\/\/norwegianmade.no\/en\/produkt\/symre-ansiktskrem-med-raudklover-og-nyperoseolje-60ml\/#breadcrumb"},"inLanguage":"en-US","potentialAction":[{"@type":"ReadAction","target":["https:\/\/norwegianmade.no\/en\/produkt\/symre-ansiktskrem-med-raudklover-og-nyperoseolje-60ml\/"]}]},{"@type":"ImageObject","inLanguage":"en-US","@id":"https:\/\/norwegianmade.no\/en\/produkt\/symre-ansiktskrem-med-raudklover-og-nyperoseolje-60ml\/#primaryimage","url":"https:\/\/norwegianmade.no\/wp-content\/uploads\/2022\/01\/Symre-ansiktskrem-med-raudklover-og-nyperoseolje_liten.jpg","contentUrl":"https:\/\/norwegianmade.no\/wp-content\/uploads\/2022\/01\/Symre-ansiktskrem-med-raudklover-og-nyperoseolje_liten.jpg","width":900,"height":600},{"@type":"BreadcrumbList","@id":"https:\/\/norwegianmade.no\/en\/produkt\/symre-ansiktskrem-med-raudklover-og-nyperoseolje-60ml\/#breadcrumb","itemListElement":[{"@type":"ListItem","position":1,"name":"Hjem","item":"https:\/\/norwegianmade.no\/en\/"},{"@type":"ListItem","position":2,"name":"Shop","item":"https:\/\/norwegianmade.no\/en\/shop\/"},{"@type":"ListItem","position":3,"name":"Symre ansiktskrem med raudkl\u00f8ver, nyperoseolje og rosegeranium (60ml)"}]},{"@type":"WebSite","@id":"https:\/\/norwegianmade.no\/#website","url":"https:\/\/norwegianmade.no\/","name":"Norwegian Made","description":"Norges st\u00f8rste markedsplass for norske produsenter","publisher":{"@id":"https:\/\/norwegianmade.no\/#organization"},"potentialAction":[{"@type":"SearchAction","target":{"@type":"EntryPoint","urlTemplate":"https:\/\/norwegianmade.no\/?s={search_term_string}"},"query-input":{"@type":"PropertyValueSpecification","valueRequired":true,"valueName":"search_term_string"}}],"inLanguage":"en-US"},{"@type":"Organization","@id":"https:\/\/norwegianmade.no\/#organization","name":"Norwegian Made","url":"https:\/\/norwegianmade.no\/","logo":{"@type":"ImageObject","inLanguage":"en-US","@id":"https:\/\/norwegianmade.no\/#\/schema\/logo\/image\/","url":"https:\/\/norwegianmade.no\/wp-content\/uploads\/2020\/11\/logo-liggende-norwegian-made-web.png","contentUrl":"https:\/\/norwegianmade.no\/wp-content\/uploads\/2020\/11\/logo-liggende-norwegian-made-web.png","width":200,"height":58,"caption":"Norwegian Made"},"image":{"@id":"https:\/\/norwegianmade.no\/#\/schema\/logo\/image\/"}}]}},"_links":{"self":[{"href":"https:\/\/norwegianmade.no\/en\/wp-json\/wp\/v2\/product\/12411","targetHints":{"allow":["GET"]}}],"collection":[{"href":"https:\/\/norwegianmade.no\/en\/wp-json\/wp\/v2\/product"}],"about":[{"href":"https:\/\/norwegianmade.no\/en\/wp-json\/wp\/v2\/types\/product"}],"replies":[{"embeddable":true,"href":"https:\/\/norwegianmade.no\/en\/wp-json\/wp\/v2\/comments?post=12411"}],"wp:featuredmedia":[{"embeddable":true,"href":"https:\/\/norwegianmade.no\/en\/wp-json\/wp\/v2\/media\/12409"}],"wp:attachment":[{"href":"https:\/\/norwegianmade.no\/en\/wp-json\/wp\/v2\/media?parent=12411"}],"wp:term":[{"taxonomy":"product_brand","embeddable":true,"href":"https:\/\/norwegianmade.no\/en\/wp-json\/wp\/v2\/product_brand?post=12411"},{"taxonomy":"product_cat","embeddable":true,"href":"https:\/\/norwegianmade.no\/en\/wp-json\/wp\/v2\/product_cat?post=12411"},{"taxonomy":"product_tag","embeddable":true,"href":"https:\/\/norwegianmade.no\/en\/wp-json\/wp\/v2\/product_tag?post=12411"}],"curies":[{"name":"wp","href":"https:\/\/api.w.org\/{rel}","templated":true}]}}