{"id":12431,"date":"2022-01-17T18:22:57","date_gmt":"2022-01-17T17:22:57","guid":{"rendered":"https:\/\/norwegianmade.no\/?post_type=product&#038;p=12431"},"modified":"2025-10-12T21:27:32","modified_gmt":"2025-10-12T19:27:32","slug":"nordljos-ekta-talgljos","status":"publish","type":"product","link":"https:\/\/norwegianmade.no\/en\/produkt\/nordljos-ekta-talgljos\/","title":{"rendered":"NORDljos \u2013 ekta talgljos"},"content":{"rendered":"<p>Me nyttar berre det aller finaste talget til hudkremane v\u00e5re. Men me vil gjerne nytte alle ressursar, og lagar difor ekta talgljos av resten \u2013 slik som i gamledagar. Talgljosa har lang brenntid, brenn jamt og gir betre inneklima enn vanlege stearinljos.\u00a0<\/p>\n<p>NORDljos er laga for hand p\u00e5 ein liten vestlandsgard.\u00a0<span style=\"font-family: GillSansMTPro-Book;letter-spacing: 1px\" data-mce-style=\"font-family: GillSansMTPro-Book; letter-spacing: 1px;\">Ved \u00e5 handle hj\u00e5 oss f\u00e5r du trygge og milj\u00f8vennlege produkt som er heilt utan plastikkemballasje. Du st\u00f8ttar vestlandsk jordbruk og levande bygder, ei kvinnebedrift og sm\u00e5 arbeidsplassar.\u00a0<\/span><\/p>\n<p>(Innhald: Talg av grasf\u00f4ra, \u00f8kologisk storfe fr\u00e5 Een gard og bivoks.)\u00a0<\/p>\n<p style=\"margin-top: 0px;margin-bottom: 1rem;font-family: GillSansMTPro-Book;letter-spacing: 1px\" data-mce-style=\"margin-top: 0px; margin-bottom: 1rem; font-family: GillSansMTPro-Book; letter-spacing: 1px;\"><\/p>\n","protected":false},"excerpt":{"rendered":"<p>Ekta talgljos \u2013 laga p\u00e5 tradisjonelt vis. NORDljos inneheld kun talg og bivoks, har lang brenntid og brenn jamnt. Ljoset gir betre inneklima enn vanlege stearinljos. Talget kjem fr\u00e5 v\u00e5r eigen vesle vestlandsgard, og fr\u00e5 andre gardar i n\u00e6romr\u00e5det v\u00e5rt som sikrar h\u00f8g dyrevelferd og som driv p\u00e5 lag med klima og milj\u00f8.\u00a0<\/p>\n","protected":false},"featured_media":12421,"comment_status":"open","ping_status":"closed","template":"","meta":{"_acf_changed":false},"product_brand":[],"product_cat":[64,78,59,324],"product_tag":[],"class_list":{"0":"post-12431","1":"product","2":"type-product","3":"status-publish","4":"has-post-thumbnail","6":"product_vendor-symre-hudkrem","7":"product_cat-accessories","8":"product_cat-gaver","9":"product_cat-interior-kunst","10":"product_cat-jul","12":"first","13":"instock","14":"taxable","15":"shipping-taxable","16":"product-type-simple"},"acf":[],"yoast_head":"<!-- This site is optimized with the Yoast SEO plugin v27.1.1 - https:\/\/yoast.com\/product\/yoast-seo-wordpress\/ -->\n<title>NORDljos \u2013 ekta talgljos &#8226; Norwegian Made<\/title>\n<meta name=\"robots\" content=\"index, follow, max-snippet:-1, max-image-preview:large, max-video-preview:-1\" \/>\n<link rel=\"canonical\" href=\"https:\/\/norwegianmade.no\/en\/produkt\/nordljos-ekta-talgljos\/\" \/>\n<meta property=\"og:locale\" content=\"en_US\" \/>\n<meta property=\"og:type\" content=\"article\" \/>\n<meta property=\"og:title\" content=\"NORDljos \u2013 ekta talgljos &#8226; Norwegian Made\" \/>\n<meta property=\"og:description\" content=\"Ekta talgljos \u2013 laga p\u00e5 tradisjonelt vis. NORDljos inneheld kun talg og bivoks, har lang brenntid og brenn jamnt. Ljoset gir betre inneklima enn vanlege stearinljos. Talget kjem fr\u00e5 v\u00e5r eigen vesle vestlandsgard, og fr\u00e5 andre gardar i n\u00e6romr\u00e5det v\u00e5rt som sikrar h\u00f8g dyrevelferd og som driv p\u00e5 lag med klima og milj\u00f8.\u00a0\" \/>\n<meta property=\"og:url\" content=\"https:\/\/norwegianmade.no\/en\/produkt\/nordljos-ekta-talgljos\/\" \/>\n<meta property=\"og:site_name\" content=\"Norwegian Made\" \/>\n<meta property=\"article:modified_time\" content=\"2025-10-12T19:27:32+00:00\" \/>\n<meta property=\"og:image\" content=\"https:\/\/norwegianmade.no\/wp-content\/uploads\/2022\/01\/Nordljos_1_liten.jpg\" \/>\n\t<meta property=\"og:image:width\" content=\"900\" \/>\n\t<meta property=\"og:image:height\" content=\"600\" \/>\n\t<meta property=\"og:image:type\" content=\"image\/jpeg\" \/>\n<meta name=\"twitter:card\" content=\"summary_large_image\" \/>\n<script type=\"application\/ld+json\" class=\"yoast-schema-graph\">{\"@context\":\"https:\/\/schema.org\",\"@graph\":[{\"@type\":\"WebPage\",\"@id\":\"https:\/\/norwegianmade.no\/en\/produkt\/nordljos-ekta-talgljos\/\",\"url\":\"https:\/\/norwegianmade.no\/en\/produkt\/nordljos-ekta-talgljos\/\",\"name\":\"NORDljos \u2013 ekta talgljos &#8226; Norwegian Made\",\"isPartOf\":{\"@id\":\"https:\/\/norwegianmade.no\/#website\"},\"primaryImageOfPage\":{\"@id\":\"https:\/\/norwegianmade.no\/en\/produkt\/nordljos-ekta-talgljos\/#primaryimage\"},\"image\":{\"@id\":\"https:\/\/norwegianmade.no\/en\/produkt\/nordljos-ekta-talgljos\/#primaryimage\"},\"thumbnailUrl\":\"https:\/\/norwegianmade.no\/wp-content\/uploads\/2022\/01\/Nordljos_1_liten.jpg\",\"datePublished\":\"2022-01-17T17:22:57+00:00\",\"dateModified\":\"2025-10-12T19:27:32+00:00\",\"breadcrumb\":{\"@id\":\"https:\/\/norwegianmade.no\/en\/produkt\/nordljos-ekta-talgljos\/#breadcrumb\"},\"inLanguage\":\"en-US\",\"potentialAction\":[{\"@type\":\"ReadAction\",\"target\":[\"https:\/\/norwegianmade.no\/en\/produkt\/nordljos-ekta-talgljos\/\"]}]},{\"@type\":\"ImageObject\",\"inLanguage\":\"en-US\",\"@id\":\"https:\/\/norwegianmade.no\/en\/produkt\/nordljos-ekta-talgljos\/#primaryimage\",\"url\":\"https:\/\/norwegianmade.no\/wp-content\/uploads\/2022\/01\/Nordljos_1_liten.jpg\",\"contentUrl\":\"https:\/\/norwegianmade.no\/wp-content\/uploads\/2022\/01\/Nordljos_1_liten.jpg\",\"width\":900,\"height\":600},{\"@type\":\"BreadcrumbList\",\"@id\":\"https:\/\/norwegianmade.no\/en\/produkt\/nordljos-ekta-talgljos\/#breadcrumb\",\"itemListElement\":[{\"@type\":\"ListItem\",\"position\":1,\"name\":\"Hjem\",\"item\":\"https:\/\/norwegianmade.no\/en\/\"},{\"@type\":\"ListItem\",\"position\":2,\"name\":\"Shop\",\"item\":\"https:\/\/norwegianmade.no\/en\/shop\/\"},{\"@type\":\"ListItem\",\"position\":3,\"name\":\"NORDljos \u2013 ekta talgljos\"}]},{\"@type\":\"WebSite\",\"@id\":\"https:\/\/norwegianmade.no\/#website\",\"url\":\"https:\/\/norwegianmade.no\/\",\"name\":\"Norwegian Made\",\"description\":\"Norges st\u00f8rste markedsplass for norske produsenter\",\"publisher\":{\"@id\":\"https:\/\/norwegianmade.no\/#organization\"},\"potentialAction\":[{\"@type\":\"SearchAction\",\"target\":{\"@type\":\"EntryPoint\",\"urlTemplate\":\"https:\/\/norwegianmade.no\/?s={search_term_string}\"},\"query-input\":{\"@type\":\"PropertyValueSpecification\",\"valueRequired\":true,\"valueName\":\"search_term_string\"}}],\"inLanguage\":\"en-US\"},{\"@type\":\"Organization\",\"@id\":\"https:\/\/norwegianmade.no\/#organization\",\"name\":\"Norwegian Made\",\"url\":\"https:\/\/norwegianmade.no\/\",\"logo\":{\"@type\":\"ImageObject\",\"inLanguage\":\"en-US\",\"@id\":\"https:\/\/norwegianmade.no\/#\/schema\/logo\/image\/\",\"url\":\"https:\/\/norwegianmade.no\/wp-content\/uploads\/2020\/11\/logo-liggende-norwegian-made-web.png\",\"contentUrl\":\"https:\/\/norwegianmade.no\/wp-content\/uploads\/2020\/11\/logo-liggende-norwegian-made-web.png\",\"width\":200,\"height\":58,\"caption\":\"Norwegian Made\"},\"image\":{\"@id\":\"https:\/\/norwegianmade.no\/#\/schema\/logo\/image\/\"}}]}<\/script>\n<!-- \/ Yoast SEO plugin. -->","yoast_head_json":{"title":"NORDljos \u2013 ekta talgljos &#8226; Norwegian Made","robots":{"index":"index","follow":"follow","max-snippet":"max-snippet:-1","max-image-preview":"max-image-preview:large","max-video-preview":"max-video-preview:-1"},"canonical":"https:\/\/norwegianmade.no\/en\/produkt\/nordljos-ekta-talgljos\/","og_locale":"en_US","og_type":"article","og_title":"NORDljos \u2013 ekta talgljos &#8226; Norwegian Made","og_description":"Ekta talgljos \u2013 laga p\u00e5 tradisjonelt vis. NORDljos inneheld kun talg og bivoks, har lang brenntid og brenn jamnt. Ljoset gir betre inneklima enn vanlege stearinljos. Talget kjem fr\u00e5 v\u00e5r eigen vesle vestlandsgard, og fr\u00e5 andre gardar i n\u00e6romr\u00e5det v\u00e5rt som sikrar h\u00f8g dyrevelferd og som driv p\u00e5 lag med klima og milj\u00f8.\u00a0","og_url":"https:\/\/norwegianmade.no\/en\/produkt\/nordljos-ekta-talgljos\/","og_site_name":"Norwegian Made","article_modified_time":"2025-10-12T19:27:32+00:00","og_image":[{"width":900,"height":600,"url":"https:\/\/norwegianmade.no\/wp-content\/uploads\/2022\/01\/Nordljos_1_liten.jpg","type":"image\/jpeg"}],"twitter_card":"summary_large_image","schema":{"@context":"https:\/\/schema.org","@graph":[{"@type":"WebPage","@id":"https:\/\/norwegianmade.no\/en\/produkt\/nordljos-ekta-talgljos\/","url":"https:\/\/norwegianmade.no\/en\/produkt\/nordljos-ekta-talgljos\/","name":"NORDljos \u2013 ekta talgljos &#8226; Norwegian Made","isPartOf":{"@id":"https:\/\/norwegianmade.no\/#website"},"primaryImageOfPage":{"@id":"https:\/\/norwegianmade.no\/en\/produkt\/nordljos-ekta-talgljos\/#primaryimage"},"image":{"@id":"https:\/\/norwegianmade.no\/en\/produkt\/nordljos-ekta-talgljos\/#primaryimage"},"thumbnailUrl":"https:\/\/norwegianmade.no\/wp-content\/uploads\/2022\/01\/Nordljos_1_liten.jpg","datePublished":"2022-01-17T17:22:57+00:00","dateModified":"2025-10-12T19:27:32+00:00","breadcrumb":{"@id":"https:\/\/norwegianmade.no\/en\/produkt\/nordljos-ekta-talgljos\/#breadcrumb"},"inLanguage":"en-US","potentialAction":[{"@type":"ReadAction","target":["https:\/\/norwegianmade.no\/en\/produkt\/nordljos-ekta-talgljos\/"]}]},{"@type":"ImageObject","inLanguage":"en-US","@id":"https:\/\/norwegianmade.no\/en\/produkt\/nordljos-ekta-talgljos\/#primaryimage","url":"https:\/\/norwegianmade.no\/wp-content\/uploads\/2022\/01\/Nordljos_1_liten.jpg","contentUrl":"https:\/\/norwegianmade.no\/wp-content\/uploads\/2022\/01\/Nordljos_1_liten.jpg","width":900,"height":600},{"@type":"BreadcrumbList","@id":"https:\/\/norwegianmade.no\/en\/produkt\/nordljos-ekta-talgljos\/#breadcrumb","itemListElement":[{"@type":"ListItem","position":1,"name":"Hjem","item":"https:\/\/norwegianmade.no\/en\/"},{"@type":"ListItem","position":2,"name":"Shop","item":"https:\/\/norwegianmade.no\/en\/shop\/"},{"@type":"ListItem","position":3,"name":"NORDljos \u2013 ekta talgljos"}]},{"@type":"WebSite","@id":"https:\/\/norwegianmade.no\/#website","url":"https:\/\/norwegianmade.no\/","name":"Norwegian Made","description":"Norges st\u00f8rste markedsplass for norske produsenter","publisher":{"@id":"https:\/\/norwegianmade.no\/#organization"},"potentialAction":[{"@type":"SearchAction","target":{"@type":"EntryPoint","urlTemplate":"https:\/\/norwegianmade.no\/?s={search_term_string}"},"query-input":{"@type":"PropertyValueSpecification","valueRequired":true,"valueName":"search_term_string"}}],"inLanguage":"en-US"},{"@type":"Organization","@id":"https:\/\/norwegianmade.no\/#organization","name":"Norwegian Made","url":"https:\/\/norwegianmade.no\/","logo":{"@type":"ImageObject","inLanguage":"en-US","@id":"https:\/\/norwegianmade.no\/#\/schema\/logo\/image\/","url":"https:\/\/norwegianmade.no\/wp-content\/uploads\/2020\/11\/logo-liggende-norwegian-made-web.png","contentUrl":"https:\/\/norwegianmade.no\/wp-content\/uploads\/2020\/11\/logo-liggende-norwegian-made-web.png","width":200,"height":58,"caption":"Norwegian Made"},"image":{"@id":"https:\/\/norwegianmade.no\/#\/schema\/logo\/image\/"}}]}},"_links":{"self":[{"href":"https:\/\/norwegianmade.no\/en\/wp-json\/wp\/v2\/product\/12431","targetHints":{"allow":["GET"]}}],"collection":[{"href":"https:\/\/norwegianmade.no\/en\/wp-json\/wp\/v2\/product"}],"about":[{"href":"https:\/\/norwegianmade.no\/en\/wp-json\/wp\/v2\/types\/product"}],"replies":[{"embeddable":true,"href":"https:\/\/norwegianmade.no\/en\/wp-json\/wp\/v2\/comments?post=12431"}],"wp:featuredmedia":[{"embeddable":true,"href":"https:\/\/norwegianmade.no\/en\/wp-json\/wp\/v2\/media\/12421"}],"wp:attachment":[{"href":"https:\/\/norwegianmade.no\/en\/wp-json\/wp\/v2\/media?parent=12431"}],"wp:term":[{"taxonomy":"product_brand","embeddable":true,"href":"https:\/\/norwegianmade.no\/en\/wp-json\/wp\/v2\/product_brand?post=12431"},{"taxonomy":"product_cat","embeddable":true,"href":"https:\/\/norwegianmade.no\/en\/wp-json\/wp\/v2\/product_cat?post=12431"},{"taxonomy":"product_tag","embeddable":true,"href":"https:\/\/norwegianmade.no\/en\/wp-json\/wp\/v2\/product_tag?post=12431"}],"curies":[{"name":"wp","href":"https:\/\/api.w.org\/{rel}","templated":true}]}}