{"id":1315,"date":"2021-01-27T19:23:11","date_gmt":"2021-01-27T18:23:11","guid":{"rendered":"https:\/\/norwegianmade.no\/markedsplass\/rom-emaljert-orepynt\/"},"modified":"2021-01-27T19:48:05","modified_gmt":"2021-01-27T18:48:05","slug":"rom-emaljert-orepynt","status":"publish","type":"product","link":"https:\/\/norwegianmade.no\/en\/produkt\/rom-emaljert-orepynt\/","title":{"rendered":"ROM &#8211; Emaljert \u00f8repynt"},"content":{"rendered":"<p>Store h\u00e5ndsmidde \u00f8redobber i den tredimensjonale serien ROM. Fargen i smykket er emalje. Emalje er glass som brennast fast til s\u00f8lvet og dette er ein mange tusen \u00e5r gamal teknikk.\u00a0 Fargen held seg uforandra s\u00e5 lenge den ikkje knuses. Arkeologer har gravd fram smykker med emlaje som er over 5000 \u00e5r gamle der fargene fremdeles er klare og uforandra. V\u00e5r spesialitet er den sandbl\u00e5ste emaljen, som gjev ein silkematt og eksklusiv overflate.<\/p>\n","protected":false},"excerpt":{"rendered":"<h3>ROM \u00f8repynt<\/h3>\n<p><strong>Materiale<\/strong>:<\/p>\n<p>925 s\u00f8lv, med emalje<\/p>\n<p>Hvert smykke i denne serien er smidd f\u00f8r emaljering s\u00e5 ingen er\u00a0helt\u00a0identiske.<\/p>\n","protected":false},"featured_media":1305,"comment_status":"closed","ping_status":"closed","template":"","meta":{"_acf_changed":false},"product_brand":[],"product_cat":[141],"product_tag":[],"class_list":{"0":"post-1315","1":"product","2":"type-product","3":"status-publish","4":"has-post-thumbnail","6":"product_vendor-linn-sigrid-bratland","7":"product_cat-orepynt","9":"first","10":"instock","11":"shipping-taxable","12":"product-type-external"},"acf":[],"yoast_head":"<!-- This site is optimized with the Yoast SEO plugin v27.1.1 - https:\/\/yoast.com\/product\/yoast-seo-wordpress\/ -->\n<title>ROM - Emaljert \u00f8repynt &#8226; Norwegian Made<\/title>\n<meta name=\"robots\" content=\"index, follow, max-snippet:-1, max-image-preview:large, max-video-preview:-1\" \/>\n<link rel=\"canonical\" href=\"https:\/\/norwegianmade.no\/produkt\/rom-emaljert-orepynt\/\" \/>\n<meta property=\"og:locale\" content=\"en_US\" \/>\n<meta property=\"og:type\" content=\"article\" \/>\n<meta property=\"og:title\" content=\"ROM - Emaljert \u00f8repynt &#8226; Norwegian Made\" \/>\n<meta property=\"og:description\" content=\"ROM \u00f8repynt Materiale: 925 s\u00f8lv, med emalje  Hvert smykke i denne serien er smidd f\u00f8r emaljering s\u00e5 ingen er\u00a0helt\u00a0identiske.\" \/>\n<meta property=\"og:url\" content=\"https:\/\/norwegianmade.no\/produkt\/rom-emaljert-orepynt\/\" \/>\n<meta property=\"og:site_name\" content=\"Norwegian Made\" \/>\n<meta property=\"article:modified_time\" content=\"2021-01-27T18:48:05+00:00\" \/>\n<meta property=\"og:image\" content=\"https:\/\/norwegianmade.no\/wp-content\/uploads\/2021\/01\/Linn-Sigrid-Bratland-Room-Emaljerte-oredobber_2.jpg\" \/>\n\t<meta property=\"og:image:width\" content=\"540\" \/>\n\t<meta property=\"og:image:height\" content=\"720\" \/>\n\t<meta property=\"og:image:type\" content=\"image\/jpeg\" \/>\n<meta name=\"twitter:card\" content=\"summary_large_image\" \/>\n<script type=\"application\/ld+json\" class=\"yoast-schema-graph\">{\"@context\":\"https:\/\/schema.org\",\"@graph\":[{\"@type\":\"WebPage\",\"@id\":\"https:\/\/norwegianmade.no\/produkt\/rom-emaljert-orepynt\/\",\"url\":\"https:\/\/norwegianmade.no\/produkt\/rom-emaljert-orepynt\/\",\"name\":\"ROM - Emaljert \u00f8repynt &#8226; Norwegian Made\",\"isPartOf\":{\"@id\":\"https:\/\/norwegianmade.no\/#website\"},\"primaryImageOfPage\":{\"@id\":\"https:\/\/norwegianmade.no\/produkt\/rom-emaljert-orepynt\/#primaryimage\"},\"image\":{\"@id\":\"https:\/\/norwegianmade.no\/produkt\/rom-emaljert-orepynt\/#primaryimage\"},\"thumbnailUrl\":\"https:\/\/norwegianmade.no\/wp-content\/uploads\/2021\/01\/Linn-Sigrid-Bratland-Room-Emaljerte-oredobber_2.jpg\",\"datePublished\":\"2021-01-27T18:23:11+00:00\",\"dateModified\":\"2021-01-27T18:48:05+00:00\",\"breadcrumb\":{\"@id\":\"https:\/\/norwegianmade.no\/produkt\/rom-emaljert-orepynt\/#breadcrumb\"},\"inLanguage\":\"en-US\",\"potentialAction\":[{\"@type\":\"ReadAction\",\"target\":[\"https:\/\/norwegianmade.no\/produkt\/rom-emaljert-orepynt\/\"]}]},{\"@type\":\"ImageObject\",\"inLanguage\":\"en-US\",\"@id\":\"https:\/\/norwegianmade.no\/produkt\/rom-emaljert-orepynt\/#primaryimage\",\"url\":\"https:\/\/norwegianmade.no\/wp-content\/uploads\/2021\/01\/Linn-Sigrid-Bratland-Room-Emaljerte-oredobber_2.jpg\",\"contentUrl\":\"https:\/\/norwegianmade.no\/wp-content\/uploads\/2021\/01\/Linn-Sigrid-Bratland-Room-Emaljerte-oredobber_2.jpg\",\"width\":540,\"height\":720},{\"@type\":\"BreadcrumbList\",\"@id\":\"https:\/\/norwegianmade.no\/produkt\/rom-emaljert-orepynt\/#breadcrumb\",\"itemListElement\":[{\"@type\":\"ListItem\",\"position\":1,\"name\":\"Hjem\",\"item\":\"https:\/\/norwegianmade.no\/en\/\"},{\"@type\":\"ListItem\",\"position\":2,\"name\":\"Shop\",\"item\":\"https:\/\/norwegianmade.no\/en\/shop\/\"},{\"@type\":\"ListItem\",\"position\":3,\"name\":\"ROM &#8211; Emaljert \u00f8repynt\"}]},{\"@type\":\"WebSite\",\"@id\":\"https:\/\/norwegianmade.no\/#website\",\"url\":\"https:\/\/norwegianmade.no\/\",\"name\":\"Norwegian Made\",\"description\":\"Norges st\u00f8rste markedsplass for norske produsenter\",\"publisher\":{\"@id\":\"https:\/\/norwegianmade.no\/#organization\"},\"potentialAction\":[{\"@type\":\"SearchAction\",\"target\":{\"@type\":\"EntryPoint\",\"urlTemplate\":\"https:\/\/norwegianmade.no\/?s={search_term_string}\"},\"query-input\":{\"@type\":\"PropertyValueSpecification\",\"valueRequired\":true,\"valueName\":\"search_term_string\"}}],\"inLanguage\":\"en-US\"},{\"@type\":\"Organization\",\"@id\":\"https:\/\/norwegianmade.no\/#organization\",\"name\":\"Norwegian Made\",\"url\":\"https:\/\/norwegianmade.no\/\",\"logo\":{\"@type\":\"ImageObject\",\"inLanguage\":\"en-US\",\"@id\":\"https:\/\/norwegianmade.no\/#\/schema\/logo\/image\/\",\"url\":\"https:\/\/norwegianmade.no\/wp-content\/uploads\/2020\/11\/logo-liggende-norwegian-made-web.png\",\"contentUrl\":\"https:\/\/norwegianmade.no\/wp-content\/uploads\/2020\/11\/logo-liggende-norwegian-made-web.png\",\"width\":200,\"height\":58,\"caption\":\"Norwegian Made\"},\"image\":{\"@id\":\"https:\/\/norwegianmade.no\/#\/schema\/logo\/image\/\"}}]}<\/script>\n<!-- \/ Yoast SEO plugin. -->","yoast_head_json":{"title":"ROM - Emaljert \u00f8repynt &#8226; Norwegian Made","robots":{"index":"index","follow":"follow","max-snippet":"max-snippet:-1","max-image-preview":"max-image-preview:large","max-video-preview":"max-video-preview:-1"},"canonical":"https:\/\/norwegianmade.no\/produkt\/rom-emaljert-orepynt\/","og_locale":"en_US","og_type":"article","og_title":"ROM - Emaljert \u00f8repynt &#8226; Norwegian Made","og_description":"ROM \u00f8repynt Materiale: 925 s\u00f8lv, med emalje  Hvert smykke i denne serien er smidd f\u00f8r emaljering s\u00e5 ingen er\u00a0helt\u00a0identiske.","og_url":"https:\/\/norwegianmade.no\/produkt\/rom-emaljert-orepynt\/","og_site_name":"Norwegian Made","article_modified_time":"2021-01-27T18:48:05+00:00","og_image":[{"width":540,"height":720,"url":"https:\/\/norwegianmade.no\/wp-content\/uploads\/2021\/01\/Linn-Sigrid-Bratland-Room-Emaljerte-oredobber_2.jpg","type":"image\/jpeg"}],"twitter_card":"summary_large_image","schema":{"@context":"https:\/\/schema.org","@graph":[{"@type":"WebPage","@id":"https:\/\/norwegianmade.no\/produkt\/rom-emaljert-orepynt\/","url":"https:\/\/norwegianmade.no\/produkt\/rom-emaljert-orepynt\/","name":"ROM - Emaljert \u00f8repynt &#8226; Norwegian Made","isPartOf":{"@id":"https:\/\/norwegianmade.no\/#website"},"primaryImageOfPage":{"@id":"https:\/\/norwegianmade.no\/produkt\/rom-emaljert-orepynt\/#primaryimage"},"image":{"@id":"https:\/\/norwegianmade.no\/produkt\/rom-emaljert-orepynt\/#primaryimage"},"thumbnailUrl":"https:\/\/norwegianmade.no\/wp-content\/uploads\/2021\/01\/Linn-Sigrid-Bratland-Room-Emaljerte-oredobber_2.jpg","datePublished":"2021-01-27T18:23:11+00:00","dateModified":"2021-01-27T18:48:05+00:00","breadcrumb":{"@id":"https:\/\/norwegianmade.no\/produkt\/rom-emaljert-orepynt\/#breadcrumb"},"inLanguage":"en-US","potentialAction":[{"@type":"ReadAction","target":["https:\/\/norwegianmade.no\/produkt\/rom-emaljert-orepynt\/"]}]},{"@type":"ImageObject","inLanguage":"en-US","@id":"https:\/\/norwegianmade.no\/produkt\/rom-emaljert-orepynt\/#primaryimage","url":"https:\/\/norwegianmade.no\/wp-content\/uploads\/2021\/01\/Linn-Sigrid-Bratland-Room-Emaljerte-oredobber_2.jpg","contentUrl":"https:\/\/norwegianmade.no\/wp-content\/uploads\/2021\/01\/Linn-Sigrid-Bratland-Room-Emaljerte-oredobber_2.jpg","width":540,"height":720},{"@type":"BreadcrumbList","@id":"https:\/\/norwegianmade.no\/produkt\/rom-emaljert-orepynt\/#breadcrumb","itemListElement":[{"@type":"ListItem","position":1,"name":"Hjem","item":"https:\/\/norwegianmade.no\/en\/"},{"@type":"ListItem","position":2,"name":"Shop","item":"https:\/\/norwegianmade.no\/en\/shop\/"},{"@type":"ListItem","position":3,"name":"ROM &#8211; Emaljert \u00f8repynt"}]},{"@type":"WebSite","@id":"https:\/\/norwegianmade.no\/#website","url":"https:\/\/norwegianmade.no\/","name":"Norwegian Made","description":"Norges st\u00f8rste markedsplass for norske produsenter","publisher":{"@id":"https:\/\/norwegianmade.no\/#organization"},"potentialAction":[{"@type":"SearchAction","target":{"@type":"EntryPoint","urlTemplate":"https:\/\/norwegianmade.no\/?s={search_term_string}"},"query-input":{"@type":"PropertyValueSpecification","valueRequired":true,"valueName":"search_term_string"}}],"inLanguage":"en-US"},{"@type":"Organization","@id":"https:\/\/norwegianmade.no\/#organization","name":"Norwegian Made","url":"https:\/\/norwegianmade.no\/","logo":{"@type":"ImageObject","inLanguage":"en-US","@id":"https:\/\/norwegianmade.no\/#\/schema\/logo\/image\/","url":"https:\/\/norwegianmade.no\/wp-content\/uploads\/2020\/11\/logo-liggende-norwegian-made-web.png","contentUrl":"https:\/\/norwegianmade.no\/wp-content\/uploads\/2020\/11\/logo-liggende-norwegian-made-web.png","width":200,"height":58,"caption":"Norwegian Made"},"image":{"@id":"https:\/\/norwegianmade.no\/#\/schema\/logo\/image\/"}}]}},"_links":{"self":[{"href":"https:\/\/norwegianmade.no\/en\/wp-json\/wp\/v2\/product\/1315","targetHints":{"allow":["GET"]}}],"collection":[{"href":"https:\/\/norwegianmade.no\/en\/wp-json\/wp\/v2\/product"}],"about":[{"href":"https:\/\/norwegianmade.no\/en\/wp-json\/wp\/v2\/types\/product"}],"replies":[{"embeddable":true,"href":"https:\/\/norwegianmade.no\/en\/wp-json\/wp\/v2\/comments?post=1315"}],"wp:featuredmedia":[{"embeddable":true,"href":"https:\/\/norwegianmade.no\/en\/wp-json\/wp\/v2\/media\/1305"}],"wp:attachment":[{"href":"https:\/\/norwegianmade.no\/en\/wp-json\/wp\/v2\/media?parent=1315"}],"wp:term":[{"taxonomy":"product_brand","embeddable":true,"href":"https:\/\/norwegianmade.no\/en\/wp-json\/wp\/v2\/product_brand?post=1315"},{"taxonomy":"product_cat","embeddable":true,"href":"https:\/\/norwegianmade.no\/en\/wp-json\/wp\/v2\/product_cat?post=1315"},{"taxonomy":"product_tag","embeddable":true,"href":"https:\/\/norwegianmade.no\/en\/wp-json\/wp\/v2\/product_tag?post=1315"}],"curies":[{"name":"wp","href":"https:\/\/api.w.org\/{rel}","templated":true}]}}