{"id":13221,"date":"2022-02-23T20:31:13","date_gmt":"2022-02-23T19:31:13","guid":{"rendered":"https:\/\/norwegianmade.no\/markedsplass\/alvabrikke-sarahkka\/"},"modified":"2022-03-11T10:08:50","modified_gmt":"2022-03-11T09:08:50","slug":"alvabrikke-sarahkka","status":"publish","type":"product","link":"https:\/\/norwegianmade.no\/en\/produkt\/alvabrikke-sarahkka\/","title":{"rendered":"Alvabrikke, S\u00e1r\u00e1hkka"},"content":{"rendered":"<p>Brikker \/ Underlag for kopper og glass av tre. Laget i bj\u00f8rk.<\/p>\n<p>Brikkene er olje- og fargebehandlet.<\/p>\n<p>St\u00f8rrelse i diameter: 11 cm.<\/p>\n<p>Motiv: S\u00e1r\u00e1hkka<\/p>\n<p>Sett med 4 stk i hver eske.<\/p>\n<p><\/p>\n<p><strong>S\u00e1r\u00e1hkka \u2013 Gudinnen som skaper<\/strong><\/p>\n<p>S\u00e1r\u00e1hkka ble sagt og v\u00e6re den kj\u00e6reste og n\u00e6reste av alle guder og gudinner.<\/p>\n<p>Hennes plass var ved \u00e1rran, ildstedet.<\/p>\n<p>Her \u00e6ret b\u00e5de menn og kvinner henne daglig, ved \u00e5 sl\u00e5 en skvett av det man drakk<\/p>\n<p>i b\u00e5let.\u00a0S\u00e1r\u00e1hkka hjalp alle liv inn i verden, b\u00e5de mennesker og dyr.\u00a0<\/p>\n<p><\/p>\n<p>Rengj\u00f8ring: Fuktig klut<\/p>\n<p>Design: Sissel Horndal \/ Alva form.<\/p>\n","protected":false},"excerpt":{"rendered":"<p><br data-mce-bogus=\"1\"><\/p>\n","protected":false},"featured_media":13682,"comment_status":"closed","ping_status":"closed","template":"","meta":{"_acf_changed":false},"product_brand":[],"product_cat":[78,59,80],"product_tag":[],"class_list":{"0":"post-13221","1":"product","2":"type-product","3":"status-publish","4":"has-post-thumbnail","6":"product_vendor-alva-form","7":"product_cat-gaver","8":"product_cat-interior-kunst","9":"product_cat-interiorartikler","11":"first","12":"instock","13":"taxable","14":"shipping-taxable","15":"product-type-external"},"acf":[],"yoast_head":"<!-- This site is optimized with the Yoast SEO plugin v27.1.1 - https:\/\/yoast.com\/product\/yoast-seo-wordpress\/ -->\n<title>Alvabrikke, S\u00e1r\u00e1hkka &#8226; Norwegian Made<\/title>\n<meta name=\"robots\" content=\"index, follow, max-snippet:-1, max-image-preview:large, max-video-preview:-1\" \/>\n<link rel=\"canonical\" href=\"https:\/\/norwegianmade.no\/en\/produkt\/alvabrikke-sarahkka\/\" \/>\n<meta property=\"og:locale\" content=\"en_US\" \/>\n<meta property=\"og:type\" content=\"article\" \/>\n<meta property=\"og:title\" content=\"Alvabrikke, S\u00e1r\u00e1hkka &#8226; Norwegian Made\" \/>\n<meta property=\"og:url\" content=\"https:\/\/norwegianmade.no\/en\/produkt\/alvabrikke-sarahkka\/\" \/>\n<meta property=\"og:site_name\" content=\"Norwegian Made\" \/>\n<meta property=\"article:modified_time\" content=\"2022-03-11T09:08:50+00:00\" \/>\n<meta property=\"og:image\" content=\"https:\/\/norwegianmade.no\/wp-content\/uploads\/2022\/03\/Alvabrikke-Sa\u0301ra\u0301hkka.jpeg\" \/>\n\t<meta property=\"og:image:width\" content=\"600\" \/>\n\t<meta property=\"og:image:height\" content=\"600\" \/>\n\t<meta property=\"og:image:type\" content=\"image\/jpeg\" \/>\n<meta name=\"twitter:card\" content=\"summary_large_image\" \/>\n<meta name=\"twitter:label1\" content=\"Est. reading time\" \/>\n\t<meta name=\"twitter:data1\" content=\"1 minute\" \/>\n<script type=\"application\/ld+json\" class=\"yoast-schema-graph\">{\"@context\":\"https:\/\/schema.org\",\"@graph\":[{\"@type\":\"WebPage\",\"@id\":\"https:\/\/norwegianmade.no\/en\/produkt\/alvabrikke-sarahkka\/\",\"url\":\"https:\/\/norwegianmade.no\/en\/produkt\/alvabrikke-sarahkka\/\",\"name\":\"Alvabrikke, S\u00e1r\u00e1hkka &#8226; Norwegian Made\",\"isPartOf\":{\"@id\":\"https:\/\/norwegianmade.no\/#website\"},\"primaryImageOfPage\":{\"@id\":\"https:\/\/norwegianmade.no\/en\/produkt\/alvabrikke-sarahkka\/#primaryimage\"},\"image\":{\"@id\":\"https:\/\/norwegianmade.no\/en\/produkt\/alvabrikke-sarahkka\/#primaryimage\"},\"thumbnailUrl\":\"https:\/\/norwegianmade.no\/wp-content\/uploads\/2022\/03\/Alvabrikke-Sa\u0301ra\u0301hkka.jpeg\",\"datePublished\":\"2022-02-23T19:31:13+00:00\",\"dateModified\":\"2022-03-11T09:08:50+00:00\",\"breadcrumb\":{\"@id\":\"https:\/\/norwegianmade.no\/en\/produkt\/alvabrikke-sarahkka\/#breadcrumb\"},\"inLanguage\":\"en-US\",\"potentialAction\":[{\"@type\":\"ReadAction\",\"target\":[\"https:\/\/norwegianmade.no\/en\/produkt\/alvabrikke-sarahkka\/\"]}]},{\"@type\":\"ImageObject\",\"inLanguage\":\"en-US\",\"@id\":\"https:\/\/norwegianmade.no\/en\/produkt\/alvabrikke-sarahkka\/#primaryimage\",\"url\":\"https:\/\/norwegianmade.no\/wp-content\/uploads\/2022\/03\/Alvabrikke-Sa\u0301ra\u0301hkka.jpeg\",\"contentUrl\":\"https:\/\/norwegianmade.no\/wp-content\/uploads\/2022\/03\/Alvabrikke-Sa\u0301ra\u0301hkka.jpeg\",\"width\":600,\"height\":600},{\"@type\":\"BreadcrumbList\",\"@id\":\"https:\/\/norwegianmade.no\/en\/produkt\/alvabrikke-sarahkka\/#breadcrumb\",\"itemListElement\":[{\"@type\":\"ListItem\",\"position\":1,\"name\":\"Hjem\",\"item\":\"https:\/\/norwegianmade.no\/en\/\"},{\"@type\":\"ListItem\",\"position\":2,\"name\":\"Shop\",\"item\":\"https:\/\/norwegianmade.no\/en\/shop\/\"},{\"@type\":\"ListItem\",\"position\":3,\"name\":\"Alvabrikke, S\u00e1r\u00e1hkka\"}]},{\"@type\":\"WebSite\",\"@id\":\"https:\/\/norwegianmade.no\/#website\",\"url\":\"https:\/\/norwegianmade.no\/\",\"name\":\"Norwegian Made\",\"description\":\"Norges st\u00f8rste markedsplass for norske produsenter\",\"publisher\":{\"@id\":\"https:\/\/norwegianmade.no\/#organization\"},\"potentialAction\":[{\"@type\":\"SearchAction\",\"target\":{\"@type\":\"EntryPoint\",\"urlTemplate\":\"https:\/\/norwegianmade.no\/?s={search_term_string}\"},\"query-input\":{\"@type\":\"PropertyValueSpecification\",\"valueRequired\":true,\"valueName\":\"search_term_string\"}}],\"inLanguage\":\"en-US\"},{\"@type\":\"Organization\",\"@id\":\"https:\/\/norwegianmade.no\/#organization\",\"name\":\"Norwegian Made\",\"url\":\"https:\/\/norwegianmade.no\/\",\"logo\":{\"@type\":\"ImageObject\",\"inLanguage\":\"en-US\",\"@id\":\"https:\/\/norwegianmade.no\/#\/schema\/logo\/image\/\",\"url\":\"https:\/\/norwegianmade.no\/wp-content\/uploads\/2020\/11\/logo-liggende-norwegian-made-web.png\",\"contentUrl\":\"https:\/\/norwegianmade.no\/wp-content\/uploads\/2020\/11\/logo-liggende-norwegian-made-web.png\",\"width\":200,\"height\":58,\"caption\":\"Norwegian Made\"},\"image\":{\"@id\":\"https:\/\/norwegianmade.no\/#\/schema\/logo\/image\/\"}}]}<\/script>\n<!-- \/ Yoast SEO plugin. -->","yoast_head_json":{"title":"Alvabrikke, S\u00e1r\u00e1hkka &#8226; Norwegian Made","robots":{"index":"index","follow":"follow","max-snippet":"max-snippet:-1","max-image-preview":"max-image-preview:large","max-video-preview":"max-video-preview:-1"},"canonical":"https:\/\/norwegianmade.no\/en\/produkt\/alvabrikke-sarahkka\/","og_locale":"en_US","og_type":"article","og_title":"Alvabrikke, S\u00e1r\u00e1hkka &#8226; Norwegian Made","og_url":"https:\/\/norwegianmade.no\/en\/produkt\/alvabrikke-sarahkka\/","og_site_name":"Norwegian Made","article_modified_time":"2022-03-11T09:08:50+00:00","og_image":[{"width":600,"height":600,"url":"https:\/\/norwegianmade.no\/wp-content\/uploads\/2022\/03\/Alvabrikke-Sa\u0301ra\u0301hkka.jpeg","type":"image\/jpeg"}],"twitter_card":"summary_large_image","twitter_misc":{"Est. reading time":"1 minute"},"schema":{"@context":"https:\/\/schema.org","@graph":[{"@type":"WebPage","@id":"https:\/\/norwegianmade.no\/en\/produkt\/alvabrikke-sarahkka\/","url":"https:\/\/norwegianmade.no\/en\/produkt\/alvabrikke-sarahkka\/","name":"Alvabrikke, S\u00e1r\u00e1hkka &#8226; Norwegian Made","isPartOf":{"@id":"https:\/\/norwegianmade.no\/#website"},"primaryImageOfPage":{"@id":"https:\/\/norwegianmade.no\/en\/produkt\/alvabrikke-sarahkka\/#primaryimage"},"image":{"@id":"https:\/\/norwegianmade.no\/en\/produkt\/alvabrikke-sarahkka\/#primaryimage"},"thumbnailUrl":"https:\/\/norwegianmade.no\/wp-content\/uploads\/2022\/03\/Alvabrikke-Sa\u0301ra\u0301hkka.jpeg","datePublished":"2022-02-23T19:31:13+00:00","dateModified":"2022-03-11T09:08:50+00:00","breadcrumb":{"@id":"https:\/\/norwegianmade.no\/en\/produkt\/alvabrikke-sarahkka\/#breadcrumb"},"inLanguage":"en-US","potentialAction":[{"@type":"ReadAction","target":["https:\/\/norwegianmade.no\/en\/produkt\/alvabrikke-sarahkka\/"]}]},{"@type":"ImageObject","inLanguage":"en-US","@id":"https:\/\/norwegianmade.no\/en\/produkt\/alvabrikke-sarahkka\/#primaryimage","url":"https:\/\/norwegianmade.no\/wp-content\/uploads\/2022\/03\/Alvabrikke-Sa\u0301ra\u0301hkka.jpeg","contentUrl":"https:\/\/norwegianmade.no\/wp-content\/uploads\/2022\/03\/Alvabrikke-Sa\u0301ra\u0301hkka.jpeg","width":600,"height":600},{"@type":"BreadcrumbList","@id":"https:\/\/norwegianmade.no\/en\/produkt\/alvabrikke-sarahkka\/#breadcrumb","itemListElement":[{"@type":"ListItem","position":1,"name":"Hjem","item":"https:\/\/norwegianmade.no\/en\/"},{"@type":"ListItem","position":2,"name":"Shop","item":"https:\/\/norwegianmade.no\/en\/shop\/"},{"@type":"ListItem","position":3,"name":"Alvabrikke, S\u00e1r\u00e1hkka"}]},{"@type":"WebSite","@id":"https:\/\/norwegianmade.no\/#website","url":"https:\/\/norwegianmade.no\/","name":"Norwegian Made","description":"Norges st\u00f8rste markedsplass for norske produsenter","publisher":{"@id":"https:\/\/norwegianmade.no\/#organization"},"potentialAction":[{"@type":"SearchAction","target":{"@type":"EntryPoint","urlTemplate":"https:\/\/norwegianmade.no\/?s={search_term_string}"},"query-input":{"@type":"PropertyValueSpecification","valueRequired":true,"valueName":"search_term_string"}}],"inLanguage":"en-US"},{"@type":"Organization","@id":"https:\/\/norwegianmade.no\/#organization","name":"Norwegian Made","url":"https:\/\/norwegianmade.no\/","logo":{"@type":"ImageObject","inLanguage":"en-US","@id":"https:\/\/norwegianmade.no\/#\/schema\/logo\/image\/","url":"https:\/\/norwegianmade.no\/wp-content\/uploads\/2020\/11\/logo-liggende-norwegian-made-web.png","contentUrl":"https:\/\/norwegianmade.no\/wp-content\/uploads\/2020\/11\/logo-liggende-norwegian-made-web.png","width":200,"height":58,"caption":"Norwegian Made"},"image":{"@id":"https:\/\/norwegianmade.no\/#\/schema\/logo\/image\/"}}]}},"_links":{"self":[{"href":"https:\/\/norwegianmade.no\/en\/wp-json\/wp\/v2\/product\/13221","targetHints":{"allow":["GET"]}}],"collection":[{"href":"https:\/\/norwegianmade.no\/en\/wp-json\/wp\/v2\/product"}],"about":[{"href":"https:\/\/norwegianmade.no\/en\/wp-json\/wp\/v2\/types\/product"}],"replies":[{"embeddable":true,"href":"https:\/\/norwegianmade.no\/en\/wp-json\/wp\/v2\/comments?post=13221"}],"wp:featuredmedia":[{"embeddable":true,"href":"https:\/\/norwegianmade.no\/en\/wp-json\/wp\/v2\/media\/13682"}],"wp:attachment":[{"href":"https:\/\/norwegianmade.no\/en\/wp-json\/wp\/v2\/media?parent=13221"}],"wp:term":[{"taxonomy":"product_brand","embeddable":true,"href":"https:\/\/norwegianmade.no\/en\/wp-json\/wp\/v2\/product_brand?post=13221"},{"taxonomy":"product_cat","embeddable":true,"href":"https:\/\/norwegianmade.no\/en\/wp-json\/wp\/v2\/product_cat?post=13221"},{"taxonomy":"product_tag","embeddable":true,"href":"https:\/\/norwegianmade.no\/en\/wp-json\/wp\/v2\/product_tag?post=13221"}],"curies":[{"name":"wp","href":"https:\/\/api.w.org\/{rel}","templated":true}]}}