{"id":13777,"date":"2022-04-06T19:58:07","date_gmt":"2022-04-06T17:58:07","guid":{"rendered":"https:\/\/norwegianmade.no\/markedsplass\/handmalt-kjole-i-silke-3338\/"},"modified":"2024-03-11T08:54:39","modified_gmt":"2024-03-11T07:54:39","slug":"handmalt-kjole-i-silke-3338","status":"archived","type":"product","link":"https:\/\/norwegianmade.no\/en\/produkt\/handmalt-kjole-i-silke-3338\/","title":{"rendered":"H\u00e5ndmalt kjole i silke 3338"},"content":{"rendered":"<p>H\u00e5ndmalt kjole i Cr\u00eape de Chine silke. Hver enkel kjole blir malt med pensel p\u00e5 hvit silke, med reaktive farger. Silken blir s\u00e5 dampfiksert s\u00e5 fargene trekker inn i fibrene og blir permanente. S\u00e5 bir den klippet p\u00e5 skr\u00e5, og det blir da en modell som passer nesten alle. Kjolen t\u00e5ler mye sol og vask, og den falmer ikke etter mange \u00e5rs bruk.\u00a0\u00a0Alle kjolene er unike og signerte. Flott med en h\u00e5ndmalt jakke til.<\/p>\n<p>&#8211; Modellen passer de aller fleste<br \/>&#8211; Lengde foran: 115 cm.<br \/>&#8211; Lengde bak: 115 cm.<\/p>\n<p>\u00a0Silke gir en f\u00f8lelse av luksus, og den kan vaskes i maskin eller for h\u00e5nd.<\/p>\n<p>\u00a0Fargene kan variere litt fra monitor til monitor.<\/p>\n<div class=\"details_container\">\n<div class=\"inner_container\">\n<div class=\"description html_content\">-100 % Cr\u00eape de Chine silke<br \/>-H\u00e5ndvask eller maskin.<br \/>-P\u00e5sydd navnelapp<br \/>-Denne kjolen er p\u00e5 lager, s\u00e5 den blir sendt straks<\/div>\n<div class=\"description html_content\">\u00a0Kredittkort, PayPal, Stripe og vedlagt giro blir akseptert ved betaling.<br data-mce-fragment=\"1\" data-sanitized-data-mce-fragment=\"1\">\u00a0FRI FRAKT!<\/div>\n<\/div>\n<\/div>\n","protected":false},"excerpt":{"rendered":"<p>H\u00e5ndmalt og skr\u00e5klippet kjole i silke<\/p>\n","protected":false},"featured_media":0,"comment_status":"open","ping_status":"closed","template":"","meta":{"_acf_changed":false},"product_brand":[],"product_cat":[91],"product_tag":[],"class_list":{"0":"post-13777","1":"product","2":"type-product","3":"status-archived","5":"product_vendor-design-og-silke","6":"product_cat-klaer","8":"first","9":"instock","10":"taxable","11":"shipping-taxable","12":"product-type-simple"},"acf":[],"yoast_head":"<!-- This site is optimized with the Yoast SEO plugin v27.1.1 - https:\/\/yoast.com\/product\/yoast-seo-wordpress\/ -->\n<title>H\u00e5ndmalt kjole i silke 3338 &#8226; Norwegian Made<\/title>\n<meta name=\"robots\" content=\"index, follow, max-snippet:-1, max-image-preview:large, max-video-preview:-1\" \/>\n<link rel=\"canonical\" href=\"https:\/\/norwegianmade.no\/produkt\/handmalt-kjole-i-silke-3338\/\" \/>\n<meta property=\"og:locale\" content=\"en_US\" \/>\n<meta property=\"og:type\" content=\"article\" \/>\n<meta property=\"og:title\" content=\"H\u00e5ndmalt kjole i silke 3338 &#8226; Norwegian Made\" \/>\n<meta property=\"og:description\" content=\"H\u00e5ndmalt og skr\u00e5klippet kjole i silke\" \/>\n<meta property=\"og:url\" content=\"https:\/\/norwegianmade.no\/produkt\/handmalt-kjole-i-silke-3338\/\" \/>\n<meta property=\"og:site_name\" content=\"Norwegian Made\" \/>\n<meta property=\"article:modified_time\" content=\"2024-03-11T07:54:39+00:00\" \/>\n<meta name=\"twitter:card\" content=\"summary_large_image\" \/>\n<meta name=\"twitter:label1\" content=\"Est. reading time\" \/>\n\t<meta name=\"twitter:data1\" content=\"1 minute\" \/>\n<script type=\"application\/ld+json\" class=\"yoast-schema-graph\">{\"@context\":\"https:\/\/schema.org\",\"@graph\":[{\"@type\":\"WebPage\",\"@id\":\"https:\/\/norwegianmade.no\/produkt\/handmalt-kjole-i-silke-3338\/\",\"url\":\"https:\/\/norwegianmade.no\/produkt\/handmalt-kjole-i-silke-3338\/\",\"name\":\"H\u00e5ndmalt kjole i silke 3338 &#8226; Norwegian Made\",\"isPartOf\":{\"@id\":\"https:\/\/norwegianmade.no\/#website\"},\"datePublished\":\"2022-04-06T17:58:07+00:00\",\"dateModified\":\"2024-03-11T07:54:39+00:00\",\"breadcrumb\":{\"@id\":\"https:\/\/norwegianmade.no\/produkt\/handmalt-kjole-i-silke-3338\/#breadcrumb\"},\"inLanguage\":\"en-US\",\"potentialAction\":[{\"@type\":\"ReadAction\",\"target\":[\"https:\/\/norwegianmade.no\/produkt\/handmalt-kjole-i-silke-3338\/\"]}]},{\"@type\":\"BreadcrumbList\",\"@id\":\"https:\/\/norwegianmade.no\/produkt\/handmalt-kjole-i-silke-3338\/#breadcrumb\",\"itemListElement\":[{\"@type\":\"ListItem\",\"position\":1,\"name\":\"Hjem\",\"item\":\"https:\/\/norwegianmade.no\/en\/\"},{\"@type\":\"ListItem\",\"position\":2,\"name\":\"Shop\",\"item\":\"https:\/\/norwegianmade.no\/en\/shop\/\"},{\"@type\":\"ListItem\",\"position\":3,\"name\":\"H\u00e5ndmalt kjole i silke 3338\"}]},{\"@type\":\"WebSite\",\"@id\":\"https:\/\/norwegianmade.no\/#website\",\"url\":\"https:\/\/norwegianmade.no\/\",\"name\":\"Norwegian Made\",\"description\":\"Norges st\u00f8rste markedsplass for norske produsenter\",\"publisher\":{\"@id\":\"https:\/\/norwegianmade.no\/#organization\"},\"potentialAction\":[{\"@type\":\"SearchAction\",\"target\":{\"@type\":\"EntryPoint\",\"urlTemplate\":\"https:\/\/norwegianmade.no\/?s={search_term_string}\"},\"query-input\":{\"@type\":\"PropertyValueSpecification\",\"valueRequired\":true,\"valueName\":\"search_term_string\"}}],\"inLanguage\":\"en-US\"},{\"@type\":\"Organization\",\"@id\":\"https:\/\/norwegianmade.no\/#organization\",\"name\":\"Norwegian Made\",\"url\":\"https:\/\/norwegianmade.no\/\",\"logo\":{\"@type\":\"ImageObject\",\"inLanguage\":\"en-US\",\"@id\":\"https:\/\/norwegianmade.no\/#\/schema\/logo\/image\/\",\"url\":\"https:\/\/norwegianmade.no\/wp-content\/uploads\/2020\/11\/logo-liggende-norwegian-made-web.png\",\"contentUrl\":\"https:\/\/norwegianmade.no\/wp-content\/uploads\/2020\/11\/logo-liggende-norwegian-made-web.png\",\"width\":200,\"height\":58,\"caption\":\"Norwegian Made\"},\"image\":{\"@id\":\"https:\/\/norwegianmade.no\/#\/schema\/logo\/image\/\"}}]}<\/script>\n<!-- \/ Yoast SEO plugin. -->","yoast_head_json":{"title":"H\u00e5ndmalt kjole i silke 3338 &#8226; Norwegian Made","robots":{"index":"index","follow":"follow","max-snippet":"max-snippet:-1","max-image-preview":"max-image-preview:large","max-video-preview":"max-video-preview:-1"},"canonical":"https:\/\/norwegianmade.no\/produkt\/handmalt-kjole-i-silke-3338\/","og_locale":"en_US","og_type":"article","og_title":"H\u00e5ndmalt kjole i silke 3338 &#8226; Norwegian Made","og_description":"H\u00e5ndmalt og skr\u00e5klippet kjole i silke","og_url":"https:\/\/norwegianmade.no\/produkt\/handmalt-kjole-i-silke-3338\/","og_site_name":"Norwegian Made","article_modified_time":"2024-03-11T07:54:39+00:00","twitter_card":"summary_large_image","twitter_misc":{"Est. reading time":"1 minute"},"schema":{"@context":"https:\/\/schema.org","@graph":[{"@type":"WebPage","@id":"https:\/\/norwegianmade.no\/produkt\/handmalt-kjole-i-silke-3338\/","url":"https:\/\/norwegianmade.no\/produkt\/handmalt-kjole-i-silke-3338\/","name":"H\u00e5ndmalt kjole i silke 3338 &#8226; Norwegian Made","isPartOf":{"@id":"https:\/\/norwegianmade.no\/#website"},"datePublished":"2022-04-06T17:58:07+00:00","dateModified":"2024-03-11T07:54:39+00:00","breadcrumb":{"@id":"https:\/\/norwegianmade.no\/produkt\/handmalt-kjole-i-silke-3338\/#breadcrumb"},"inLanguage":"en-US","potentialAction":[{"@type":"ReadAction","target":["https:\/\/norwegianmade.no\/produkt\/handmalt-kjole-i-silke-3338\/"]}]},{"@type":"BreadcrumbList","@id":"https:\/\/norwegianmade.no\/produkt\/handmalt-kjole-i-silke-3338\/#breadcrumb","itemListElement":[{"@type":"ListItem","position":1,"name":"Hjem","item":"https:\/\/norwegianmade.no\/en\/"},{"@type":"ListItem","position":2,"name":"Shop","item":"https:\/\/norwegianmade.no\/en\/shop\/"},{"@type":"ListItem","position":3,"name":"H\u00e5ndmalt kjole i silke 3338"}]},{"@type":"WebSite","@id":"https:\/\/norwegianmade.no\/#website","url":"https:\/\/norwegianmade.no\/","name":"Norwegian Made","description":"Norges st\u00f8rste markedsplass for norske produsenter","publisher":{"@id":"https:\/\/norwegianmade.no\/#organization"},"potentialAction":[{"@type":"SearchAction","target":{"@type":"EntryPoint","urlTemplate":"https:\/\/norwegianmade.no\/?s={search_term_string}"},"query-input":{"@type":"PropertyValueSpecification","valueRequired":true,"valueName":"search_term_string"}}],"inLanguage":"en-US"},{"@type":"Organization","@id":"https:\/\/norwegianmade.no\/#organization","name":"Norwegian Made","url":"https:\/\/norwegianmade.no\/","logo":{"@type":"ImageObject","inLanguage":"en-US","@id":"https:\/\/norwegianmade.no\/#\/schema\/logo\/image\/","url":"https:\/\/norwegianmade.no\/wp-content\/uploads\/2020\/11\/logo-liggende-norwegian-made-web.png","contentUrl":"https:\/\/norwegianmade.no\/wp-content\/uploads\/2020\/11\/logo-liggende-norwegian-made-web.png","width":200,"height":58,"caption":"Norwegian Made"},"image":{"@id":"https:\/\/norwegianmade.no\/#\/schema\/logo\/image\/"}}]}},"_links":{"self":[{"href":"https:\/\/norwegianmade.no\/en\/wp-json\/wp\/v2\/product\/13777","targetHints":{"allow":["GET"]}}],"collection":[{"href":"https:\/\/norwegianmade.no\/en\/wp-json\/wp\/v2\/product"}],"about":[{"href":"https:\/\/norwegianmade.no\/en\/wp-json\/wp\/v2\/types\/product"}],"replies":[{"embeddable":true,"href":"https:\/\/norwegianmade.no\/en\/wp-json\/wp\/v2\/comments?post=13777"}],"wp:attachment":[{"href":"https:\/\/norwegianmade.no\/en\/wp-json\/wp\/v2\/media?parent=13777"}],"wp:term":[{"taxonomy":"product_brand","embeddable":true,"href":"https:\/\/norwegianmade.no\/en\/wp-json\/wp\/v2\/product_brand?post=13777"},{"taxonomy":"product_cat","embeddable":true,"href":"https:\/\/norwegianmade.no\/en\/wp-json\/wp\/v2\/product_cat?post=13777"},{"taxonomy":"product_tag","embeddable":true,"href":"https:\/\/norwegianmade.no\/en\/wp-json\/wp\/v2\/product_tag?post=13777"}],"curies":[{"name":"wp","href":"https:\/\/api.w.org\/{rel}","templated":true}]}}