{"id":1415,"date":"2021-01-27T19:24:05","date_gmt":"2021-01-27T18:24:05","guid":{"rendered":"https:\/\/norwegianmade.no\/markedsplass\/basis-smykke-mini\/"},"modified":"2021-01-27T19:48:04","modified_gmt":"2021-01-27T18:48:04","slug":"basis-smykke-mini","status":"publish","type":"product","link":"https:\/\/norwegianmade.no\/en\/produkt\/basis-smykke-mini\/","title":{"rendered":"BASIS &#8211; Smykke, mini"},"content":{"rendered":"<p>Basis smykkene er ein direkte avst\u00f8pning av honningkakene fr\u00e5 bikuben, og dei fine fasettene som biene har laga synes igjennom den transparange emalje som er lagt oppi dei sm\u00e5 rommene, spesielt p\u00e5 dei lyseste fargene ser du dette godt . Emalje er glas som brennast fast til metallplata og er ein mange tusen \u00e5r gamal teknikk.<\/p>\n","protected":false},"excerpt":{"rendered":"<h3>BASIS\u00a0smykke, lite<\/h3>\n<p><strong>Materiale<\/strong>:<\/p>\n<p>925 s\u00f8lv, med emalje i flere farger<\/p>\n<p><strong>Lengde<\/strong>:<\/p>\n<p>Kjedet er 45 cm langt<\/p>\n<p>Lite, emaljert smykke p\u00e5 kort lenke.<\/p>\n<p>&nbsp;<\/p>\n","protected":false},"featured_media":1397,"comment_status":"closed","ping_status":"closed","template":"","meta":{"_acf_changed":false},"product_brand":[],"product_cat":[140,62],"product_tag":[],"class_list":{"0":"post-1415","1":"product","2":"type-product","3":"status-publish","4":"has-post-thumbnail","6":"product_vendor-linn-sigrid-bratland","7":"product_cat-halskjeder-og-anheng","8":"product_cat-smykker","10":"first","11":"instock","12":"taxable","13":"shipping-taxable","14":"product-type-external"},"acf":[],"yoast_head":"<!-- This site is optimized with the Yoast SEO plugin v27.1.1 - https:\/\/yoast.com\/product\/yoast-seo-wordpress\/ -->\n<title>BASIS - Smykke, mini &#8226; Norwegian Made<\/title>\n<meta name=\"robots\" content=\"index, follow, max-snippet:-1, max-image-preview:large, max-video-preview:-1\" \/>\n<link rel=\"canonical\" href=\"https:\/\/norwegianmade.no\/en\/produkt\/basis-smykke-mini\/\" \/>\n<meta property=\"og:locale\" content=\"en_US\" \/>\n<meta property=\"og:type\" content=\"article\" \/>\n<meta property=\"og:title\" content=\"BASIS - Smykke, mini &#8226; Norwegian Made\" \/>\n<meta property=\"og:description\" content=\"BASIS\u00a0smykke, lite Materiale: 925 s\u00f8lv, med emalje i flere farger  Lengde: Kjedet er 45 cm langt  Lite, emaljert smykke p\u00e5 kort lenke.  &nbsp;\" \/>\n<meta property=\"og:url\" content=\"https:\/\/norwegianmade.no\/en\/produkt\/basis-smykke-mini\/\" \/>\n<meta property=\"og:site_name\" content=\"Norwegian Made\" \/>\n<meta property=\"article:modified_time\" content=\"2021-01-27T18:48:04+00:00\" \/>\n<meta property=\"og:image\" content=\"https:\/\/norwegianmade.no\/wp-content\/uploads\/2021\/01\/BA38D58C-04CF-42CD-8E78-9AA739D787BF-scaled-1.jpeg\" \/>\n\t<meta property=\"og:image:width\" content=\"2560\" \/>\n\t<meta property=\"og:image:height\" content=\"1709\" \/>\n\t<meta property=\"og:image:type\" content=\"image\/jpeg\" \/>\n<meta name=\"twitter:card\" content=\"summary_large_image\" \/>\n<script type=\"application\/ld+json\" class=\"yoast-schema-graph\">{\"@context\":\"https:\/\/schema.org\",\"@graph\":[{\"@type\":\"WebPage\",\"@id\":\"https:\/\/norwegianmade.no\/en\/produkt\/basis-smykke-mini\/\",\"url\":\"https:\/\/norwegianmade.no\/en\/produkt\/basis-smykke-mini\/\",\"name\":\"BASIS - Smykke, mini &#8226; Norwegian Made\",\"isPartOf\":{\"@id\":\"https:\/\/norwegianmade.no\/#website\"},\"primaryImageOfPage\":{\"@id\":\"https:\/\/norwegianmade.no\/en\/produkt\/basis-smykke-mini\/#primaryimage\"},\"image\":{\"@id\":\"https:\/\/norwegianmade.no\/en\/produkt\/basis-smykke-mini\/#primaryimage\"},\"thumbnailUrl\":\"https:\/\/norwegianmade.no\/wp-content\/uploads\/2021\/01\/BA38D58C-04CF-42CD-8E78-9AA739D787BF-scaled-1.jpeg\",\"datePublished\":\"2021-01-27T18:24:05+00:00\",\"dateModified\":\"2021-01-27T18:48:04+00:00\",\"breadcrumb\":{\"@id\":\"https:\/\/norwegianmade.no\/en\/produkt\/basis-smykke-mini\/#breadcrumb\"},\"inLanguage\":\"en-US\",\"potentialAction\":[{\"@type\":\"ReadAction\",\"target\":[\"https:\/\/norwegianmade.no\/en\/produkt\/basis-smykke-mini\/\"]}]},{\"@type\":\"ImageObject\",\"inLanguage\":\"en-US\",\"@id\":\"https:\/\/norwegianmade.no\/en\/produkt\/basis-smykke-mini\/#primaryimage\",\"url\":\"https:\/\/norwegianmade.no\/wp-content\/uploads\/2021\/01\/BA38D58C-04CF-42CD-8E78-9AA739D787BF-scaled-1.jpeg\",\"contentUrl\":\"https:\/\/norwegianmade.no\/wp-content\/uploads\/2021\/01\/BA38D58C-04CF-42CD-8E78-9AA739D787BF-scaled-1.jpeg\",\"width\":2560,\"height\":1709},{\"@type\":\"BreadcrumbList\",\"@id\":\"https:\/\/norwegianmade.no\/en\/produkt\/basis-smykke-mini\/#breadcrumb\",\"itemListElement\":[{\"@type\":\"ListItem\",\"position\":1,\"name\":\"Hjem\",\"item\":\"https:\/\/norwegianmade.no\/en\/\"},{\"@type\":\"ListItem\",\"position\":2,\"name\":\"Shop\",\"item\":\"https:\/\/norwegianmade.no\/en\/shop\/\"},{\"@type\":\"ListItem\",\"position\":3,\"name\":\"BASIS &#8211; Smykke, mini\"}]},{\"@type\":\"WebSite\",\"@id\":\"https:\/\/norwegianmade.no\/#website\",\"url\":\"https:\/\/norwegianmade.no\/\",\"name\":\"Norwegian Made\",\"description\":\"Norges st\u00f8rste markedsplass for norske produsenter\",\"publisher\":{\"@id\":\"https:\/\/norwegianmade.no\/#organization\"},\"potentialAction\":[{\"@type\":\"SearchAction\",\"target\":{\"@type\":\"EntryPoint\",\"urlTemplate\":\"https:\/\/norwegianmade.no\/?s={search_term_string}\"},\"query-input\":{\"@type\":\"PropertyValueSpecification\",\"valueRequired\":true,\"valueName\":\"search_term_string\"}}],\"inLanguage\":\"en-US\"},{\"@type\":\"Organization\",\"@id\":\"https:\/\/norwegianmade.no\/#organization\",\"name\":\"Norwegian Made\",\"url\":\"https:\/\/norwegianmade.no\/\",\"logo\":{\"@type\":\"ImageObject\",\"inLanguage\":\"en-US\",\"@id\":\"https:\/\/norwegianmade.no\/#\/schema\/logo\/image\/\",\"url\":\"https:\/\/norwegianmade.no\/wp-content\/uploads\/2020\/11\/logo-liggende-norwegian-made-web.png\",\"contentUrl\":\"https:\/\/norwegianmade.no\/wp-content\/uploads\/2020\/11\/logo-liggende-norwegian-made-web.png\",\"width\":200,\"height\":58,\"caption\":\"Norwegian Made\"},\"image\":{\"@id\":\"https:\/\/norwegianmade.no\/#\/schema\/logo\/image\/\"}}]}<\/script>\n<!-- \/ Yoast SEO plugin. -->","yoast_head_json":{"title":"BASIS - Smykke, mini &#8226; Norwegian Made","robots":{"index":"index","follow":"follow","max-snippet":"max-snippet:-1","max-image-preview":"max-image-preview:large","max-video-preview":"max-video-preview:-1"},"canonical":"https:\/\/norwegianmade.no\/en\/produkt\/basis-smykke-mini\/","og_locale":"en_US","og_type":"article","og_title":"BASIS - Smykke, mini &#8226; Norwegian Made","og_description":"BASIS\u00a0smykke, lite Materiale: 925 s\u00f8lv, med emalje i flere farger  Lengde: Kjedet er 45 cm langt  Lite, emaljert smykke p\u00e5 kort lenke.  &nbsp;","og_url":"https:\/\/norwegianmade.no\/en\/produkt\/basis-smykke-mini\/","og_site_name":"Norwegian Made","article_modified_time":"2021-01-27T18:48:04+00:00","og_image":[{"width":2560,"height":1709,"url":"https:\/\/norwegianmade.no\/wp-content\/uploads\/2021\/01\/BA38D58C-04CF-42CD-8E78-9AA739D787BF-scaled-1.jpeg","type":"image\/jpeg"}],"twitter_card":"summary_large_image","schema":{"@context":"https:\/\/schema.org","@graph":[{"@type":"WebPage","@id":"https:\/\/norwegianmade.no\/en\/produkt\/basis-smykke-mini\/","url":"https:\/\/norwegianmade.no\/en\/produkt\/basis-smykke-mini\/","name":"BASIS - Smykke, mini &#8226; Norwegian Made","isPartOf":{"@id":"https:\/\/norwegianmade.no\/#website"},"primaryImageOfPage":{"@id":"https:\/\/norwegianmade.no\/en\/produkt\/basis-smykke-mini\/#primaryimage"},"image":{"@id":"https:\/\/norwegianmade.no\/en\/produkt\/basis-smykke-mini\/#primaryimage"},"thumbnailUrl":"https:\/\/norwegianmade.no\/wp-content\/uploads\/2021\/01\/BA38D58C-04CF-42CD-8E78-9AA739D787BF-scaled-1.jpeg","datePublished":"2021-01-27T18:24:05+00:00","dateModified":"2021-01-27T18:48:04+00:00","breadcrumb":{"@id":"https:\/\/norwegianmade.no\/en\/produkt\/basis-smykke-mini\/#breadcrumb"},"inLanguage":"en-US","potentialAction":[{"@type":"ReadAction","target":["https:\/\/norwegianmade.no\/en\/produkt\/basis-smykke-mini\/"]}]},{"@type":"ImageObject","inLanguage":"en-US","@id":"https:\/\/norwegianmade.no\/en\/produkt\/basis-smykke-mini\/#primaryimage","url":"https:\/\/norwegianmade.no\/wp-content\/uploads\/2021\/01\/BA38D58C-04CF-42CD-8E78-9AA739D787BF-scaled-1.jpeg","contentUrl":"https:\/\/norwegianmade.no\/wp-content\/uploads\/2021\/01\/BA38D58C-04CF-42CD-8E78-9AA739D787BF-scaled-1.jpeg","width":2560,"height":1709},{"@type":"BreadcrumbList","@id":"https:\/\/norwegianmade.no\/en\/produkt\/basis-smykke-mini\/#breadcrumb","itemListElement":[{"@type":"ListItem","position":1,"name":"Hjem","item":"https:\/\/norwegianmade.no\/en\/"},{"@type":"ListItem","position":2,"name":"Shop","item":"https:\/\/norwegianmade.no\/en\/shop\/"},{"@type":"ListItem","position":3,"name":"BASIS &#8211; Smykke, mini"}]},{"@type":"WebSite","@id":"https:\/\/norwegianmade.no\/#website","url":"https:\/\/norwegianmade.no\/","name":"Norwegian Made","description":"Norges st\u00f8rste markedsplass for norske produsenter","publisher":{"@id":"https:\/\/norwegianmade.no\/#organization"},"potentialAction":[{"@type":"SearchAction","target":{"@type":"EntryPoint","urlTemplate":"https:\/\/norwegianmade.no\/?s={search_term_string}"},"query-input":{"@type":"PropertyValueSpecification","valueRequired":true,"valueName":"search_term_string"}}],"inLanguage":"en-US"},{"@type":"Organization","@id":"https:\/\/norwegianmade.no\/#organization","name":"Norwegian Made","url":"https:\/\/norwegianmade.no\/","logo":{"@type":"ImageObject","inLanguage":"en-US","@id":"https:\/\/norwegianmade.no\/#\/schema\/logo\/image\/","url":"https:\/\/norwegianmade.no\/wp-content\/uploads\/2020\/11\/logo-liggende-norwegian-made-web.png","contentUrl":"https:\/\/norwegianmade.no\/wp-content\/uploads\/2020\/11\/logo-liggende-norwegian-made-web.png","width":200,"height":58,"caption":"Norwegian Made"},"image":{"@id":"https:\/\/norwegianmade.no\/#\/schema\/logo\/image\/"}}]}},"_links":{"self":[{"href":"https:\/\/norwegianmade.no\/en\/wp-json\/wp\/v2\/product\/1415","targetHints":{"allow":["GET"]}}],"collection":[{"href":"https:\/\/norwegianmade.no\/en\/wp-json\/wp\/v2\/product"}],"about":[{"href":"https:\/\/norwegianmade.no\/en\/wp-json\/wp\/v2\/types\/product"}],"replies":[{"embeddable":true,"href":"https:\/\/norwegianmade.no\/en\/wp-json\/wp\/v2\/comments?post=1415"}],"wp:featuredmedia":[{"embeddable":true,"href":"https:\/\/norwegianmade.no\/en\/wp-json\/wp\/v2\/media\/1397"}],"wp:attachment":[{"href":"https:\/\/norwegianmade.no\/en\/wp-json\/wp\/v2\/media?parent=1415"}],"wp:term":[{"taxonomy":"product_brand","embeddable":true,"href":"https:\/\/norwegianmade.no\/en\/wp-json\/wp\/v2\/product_brand?post=1415"},{"taxonomy":"product_cat","embeddable":true,"href":"https:\/\/norwegianmade.no\/en\/wp-json\/wp\/v2\/product_cat?post=1415"},{"taxonomy":"product_tag","embeddable":true,"href":"https:\/\/norwegianmade.no\/en\/wp-json\/wp\/v2\/product_tag?post=1415"}],"curies":[{"name":"wp","href":"https:\/\/api.w.org\/{rel}","templated":true}]}}