{"id":14761,"date":"2022-05-11T14:31:24","date_gmt":"2022-05-11T12:31:24","guid":{"rendered":"https:\/\/norwegianmade.no\/markedsplass\/uro-i-skjonne-pastellfarger\/"},"modified":"2023-12-21T09:45:49","modified_gmt":"2023-12-21T08:45:49","slug":"uro-i-skjonne-pastellfarger","status":"archived","type":"product","link":"https:\/\/norwegianmade.no\/en\/produkt\/uro-i-skjonne-pastellfarger\/","title":{"rendered":"Uro i skj\u00f8nne pastellfarger"},"content":{"rendered":"<p>Denne s\u00f8te uroen i pastellfarger er ypperlig \u00e5 ha hengende over sengen, stellebordet eller lekegrinden s\u00e5 barnet har noe \u00e5 se p\u00e5 og more seg med.<\/p>\n<p>M\u00e5nen og skyene er sydd i ull, og fylt med allergivennlig og luktfri vatt. De er godt festet i solid hamptr\u00e5d sammen med dekorative ullkuler.<\/p>\n<p>Ringen er 25 cm i diameter.\u00a0<\/p>\n<p>Lengde fra ringen til nederste del er ca 50 cm, men kan lett justeres og gj\u00f8res kortere.<\/p>\n<p>Lengde fra ringen til oppheng er ca 43 cm.<\/p>\n<p>Uroen er en flott innredningsdetalj p\u00e5 barnerommet.<\/p>\n<p>Flere bilder, samt \u00a0noen videosnutter av uroene kan du se p\u00e5 min Instagramkonto @aasearild\u00a0<\/p>\n<p>Takk for bes\u00f8ket \ud83d\udc9c\u2601\ufe0f\ud83d\udc9c\u2601\ufe0f\ud83d\udc9c<\/p>\n","protected":false},"excerpt":{"rendered":"<p>Denne s\u00f8te uroen er ypperlig \u00e5 ha hengende over sengen, stellebordet eller lekegrinden s\u00e5 barnet har noe \u00e5 se p\u00e5 og more seg med.<\/p>\n<p>M\u00e5nen og skyene er sydd i ull, og fylt med allergivennlig og luktfri fyllvatt. De er godt festet i solid hamptr\u00e5d sammen med dekorative ullkuler.<\/p>\n<p>Ringen er 25 cm i diameter.\u00a0<\/p>\n<p>Lengde fra ringen til nederste del er ca 50 cm, men kan lett justeres og gj\u00f8res kortere.<\/p>\n<p>Lengde fra ringen til oppheng er ca 43 cm.<\/p>\n<p>Uroen er en flott innredningsdetalj p\u00e5 barnerommet.<\/p>\n<p>Flere bilder samt \u00a0noen videosnutter av uroene kan du se p\u00e5 min Instagramkonto @aasearild\u00a0<\/p>\n<p>Takk for bes\u00f8ket \ud83d\udc9c\u2601\ufe0f\ud83d\udc9c\u2601\ufe0f\ud83d\udc9c<\/p>\n","protected":false},"featured_media":14759,"comment_status":"open","ping_status":"closed","template":"","meta":{"_acf_changed":false},"product_brand":[],"product_cat":[124,78,59,80,60],"product_tag":[],"class_list":{"0":"post-14761","1":"product","2":"type-product","3":"status-archived","4":"has-post-thumbnail","6":"product_vendor-ull-i-nord","7":"product_cat-annet","8":"product_cat-gaver","9":"product_cat-interior-kunst","10":"product_cat-interiorartikler","11":"product_cat-tekstil","13":"first","14":"instock","15":"sold-individually","16":"taxable","17":"shipping-taxable","18":"product-type-simple"},"acf":[],"yoast_head":"<!-- This site is optimized with the Yoast SEO plugin v27.5 - https:\/\/yoast.com\/product\/yoast-seo-wordpress\/ -->\n<title>Uro i skj\u00f8nne pastellfarger &#8226; Norwegian Made<\/title>\n<meta name=\"robots\" content=\"index, follow, max-snippet:-1, max-image-preview:large, max-video-preview:-1\" \/>\n<link rel=\"canonical\" href=\"https:\/\/norwegianmade.no\/produkt\/uro-i-skjonne-pastellfarger\/\" \/>\n<meta property=\"og:locale\" content=\"en_US\" \/>\n<meta property=\"og:type\" content=\"article\" \/>\n<meta property=\"og:title\" content=\"Uro i skj\u00f8nne pastellfarger &#8226; Norwegian Made\" \/>\n<meta property=\"og:description\" content=\"Denne s\u00f8te uroen er ypperlig \u00e5 ha hengende over sengen, stellebordet eller lekegrinden s\u00e5 barnet har noe \u00e5 se p\u00e5 og more seg med.M\u00e5nen og skyene er sydd i ull, og fylt med allergivennlig og luktfri fyllvatt. De er godt festet i solid hamptr\u00e5d sammen med dekorative ullkuler.Ringen er 25 cm i diameter.\u00a0Lengde fra ringen til nederste del er ca 50 cm, men kan lett justeres og gj\u00f8res kortere.Lengde fra ringen til oppheng er ca 43 cm.Uroen er en flott innredningsdetalj p\u00e5 barnerommet.Flere bilder samt \u00a0noen videosnutter av uroene kan du se p\u00e5 min Instagramkonto @aasearild\u00a0Takk for bes\u00f8ket \ud83d\udc9c\u2601\ufe0f\ud83d\udc9c\u2601\ufe0f\ud83d\udc9c\" \/>\n<meta property=\"og:url\" content=\"https:\/\/norwegianmade.no\/produkt\/uro-i-skjonne-pastellfarger\/\" \/>\n<meta property=\"og:site_name\" content=\"Norwegian Made\" \/>\n<meta property=\"article:modified_time\" content=\"2023-12-21T08:45:49+00:00\" \/>\n<meta property=\"og:image\" content=\"https:\/\/norwegianmade.no\/wp-content\/uploads\/2022\/05\/CEDFBD1C-C305-446A-81D4-E4098F98C36C.jpeg\" \/>\n\t<meta property=\"og:image:width\" content=\"1525\" \/>\n\t<meta property=\"og:image:height\" content=\"1541\" \/>\n\t<meta property=\"og:image:type\" content=\"image\/jpeg\" \/>\n<meta name=\"twitter:card\" content=\"summary_large_image\" \/>\n<meta name=\"twitter:label1\" content=\"Est. reading time\" \/>\n\t<meta name=\"twitter:data1\" content=\"1 minute\" \/>\n<script type=\"application\/ld+json\" class=\"yoast-schema-graph\">{\"@context\":\"https:\\\/\\\/schema.org\",\"@graph\":[{\"@type\":\"WebPage\",\"@id\":\"https:\\\/\\\/norwegianmade.no\\\/produkt\\\/uro-i-skjonne-pastellfarger\\\/\",\"url\":\"https:\\\/\\\/norwegianmade.no\\\/produkt\\\/uro-i-skjonne-pastellfarger\\\/\",\"name\":\"Uro i skj\u00f8nne pastellfarger &#8226; Norwegian Made\",\"isPartOf\":{\"@id\":\"https:\\\/\\\/norwegianmade.no\\\/#website\"},\"primaryImageOfPage\":{\"@id\":\"https:\\\/\\\/norwegianmade.no\\\/produkt\\\/uro-i-skjonne-pastellfarger\\\/#primaryimage\"},\"image\":{\"@id\":\"https:\\\/\\\/norwegianmade.no\\\/produkt\\\/uro-i-skjonne-pastellfarger\\\/#primaryimage\"},\"thumbnailUrl\":\"https:\\\/\\\/norwegianmade.no\\\/wp-content\\\/uploads\\\/2022\\\/05\\\/CEDFBD1C-C305-446A-81D4-E4098F98C36C.jpeg\",\"datePublished\":\"2022-05-11T12:31:24+00:00\",\"dateModified\":\"2023-12-21T08:45:49+00:00\",\"breadcrumb\":{\"@id\":\"https:\\\/\\\/norwegianmade.no\\\/produkt\\\/uro-i-skjonne-pastellfarger\\\/#breadcrumb\"},\"inLanguage\":\"en-US\",\"potentialAction\":[{\"@type\":\"ReadAction\",\"target\":[\"https:\\\/\\\/norwegianmade.no\\\/produkt\\\/uro-i-skjonne-pastellfarger\\\/\"]}]},{\"@type\":\"ImageObject\",\"inLanguage\":\"en-US\",\"@id\":\"https:\\\/\\\/norwegianmade.no\\\/produkt\\\/uro-i-skjonne-pastellfarger\\\/#primaryimage\",\"url\":\"https:\\\/\\\/norwegianmade.no\\\/wp-content\\\/uploads\\\/2022\\\/05\\\/CEDFBD1C-C305-446A-81D4-E4098F98C36C.jpeg\",\"contentUrl\":\"https:\\\/\\\/norwegianmade.no\\\/wp-content\\\/uploads\\\/2022\\\/05\\\/CEDFBD1C-C305-446A-81D4-E4098F98C36C.jpeg\",\"width\":1525,\"height\":1541},{\"@type\":\"BreadcrumbList\",\"@id\":\"https:\\\/\\\/norwegianmade.no\\\/produkt\\\/uro-i-skjonne-pastellfarger\\\/#breadcrumb\",\"itemListElement\":[{\"@type\":\"ListItem\",\"position\":1,\"name\":\"Hjem\",\"item\":\"https:\\\/\\\/norwegianmade.no\\\/en\\\/\"},{\"@type\":\"ListItem\",\"position\":2,\"name\":\"Shop\",\"item\":\"https:\\\/\\\/norwegianmade.no\\\/en\\\/shop\\\/\"},{\"@type\":\"ListItem\",\"position\":3,\"name\":\"Uro i skj\u00f8nne pastellfarger\"}]},{\"@type\":\"WebSite\",\"@id\":\"https:\\\/\\\/norwegianmade.no\\\/#website\",\"url\":\"https:\\\/\\\/norwegianmade.no\\\/\",\"name\":\"Norwegian Made\",\"description\":\"Norges st\u00f8rste markedsplass for norske produsenter\",\"publisher\":{\"@id\":\"https:\\\/\\\/norwegianmade.no\\\/#organization\"},\"potentialAction\":[{\"@type\":\"SearchAction\",\"target\":{\"@type\":\"EntryPoint\",\"urlTemplate\":\"https:\\\/\\\/norwegianmade.no\\\/?s={search_term_string}\"},\"query-input\":{\"@type\":\"PropertyValueSpecification\",\"valueRequired\":true,\"valueName\":\"search_term_string\"}}],\"inLanguage\":\"en-US\"},{\"@type\":\"Organization\",\"@id\":\"https:\\\/\\\/norwegianmade.no\\\/#organization\",\"name\":\"Norwegian Made\",\"url\":\"https:\\\/\\\/norwegianmade.no\\\/\",\"logo\":{\"@type\":\"ImageObject\",\"inLanguage\":\"en-US\",\"@id\":\"https:\\\/\\\/norwegianmade.no\\\/#\\\/schema\\\/logo\\\/image\\\/\",\"url\":\"https:\\\/\\\/norwegianmade.no\\\/wp-content\\\/uploads\\\/2020\\\/11\\\/logo-liggende-norwegian-made-web.png\",\"contentUrl\":\"https:\\\/\\\/norwegianmade.no\\\/wp-content\\\/uploads\\\/2020\\\/11\\\/logo-liggende-norwegian-made-web.png\",\"width\":200,\"height\":58,\"caption\":\"Norwegian Made\"},\"image\":{\"@id\":\"https:\\\/\\\/norwegianmade.no\\\/#\\\/schema\\\/logo\\\/image\\\/\"}}]}<\/script>\n<!-- \/ Yoast SEO plugin. -->","yoast_head_json":{"title":"Uro i skj\u00f8nne pastellfarger &#8226; Norwegian Made","robots":{"index":"index","follow":"follow","max-snippet":"max-snippet:-1","max-image-preview":"max-image-preview:large","max-video-preview":"max-video-preview:-1"},"canonical":"https:\/\/norwegianmade.no\/produkt\/uro-i-skjonne-pastellfarger\/","og_locale":"en_US","og_type":"article","og_title":"Uro i skj\u00f8nne pastellfarger &#8226; Norwegian Made","og_description":"Denne s\u00f8te uroen er ypperlig \u00e5 ha hengende over sengen, stellebordet eller lekegrinden s\u00e5 barnet har noe \u00e5 se p\u00e5 og more seg med.M\u00e5nen og skyene er sydd i ull, og fylt med allergivennlig og luktfri fyllvatt. De er godt festet i solid hamptr\u00e5d sammen med dekorative ullkuler.Ringen er 25 cm i diameter.\u00a0Lengde fra ringen til nederste del er ca 50 cm, men kan lett justeres og gj\u00f8res kortere.Lengde fra ringen til oppheng er ca 43 cm.Uroen er en flott innredningsdetalj p\u00e5 barnerommet.Flere bilder samt \u00a0noen videosnutter av uroene kan du se p\u00e5 min Instagramkonto @aasearild\u00a0Takk for bes\u00f8ket \ud83d\udc9c\u2601\ufe0f\ud83d\udc9c\u2601\ufe0f\ud83d\udc9c","og_url":"https:\/\/norwegianmade.no\/produkt\/uro-i-skjonne-pastellfarger\/","og_site_name":"Norwegian Made","article_modified_time":"2023-12-21T08:45:49+00:00","og_image":[{"width":1525,"height":1541,"url":"https:\/\/norwegianmade.no\/wp-content\/uploads\/2022\/05\/CEDFBD1C-C305-446A-81D4-E4098F98C36C.jpeg","type":"image\/jpeg"}],"twitter_card":"summary_large_image","twitter_misc":{"Est. reading time":"1 minute"},"schema":{"@context":"https:\/\/schema.org","@graph":[{"@type":"WebPage","@id":"https:\/\/norwegianmade.no\/produkt\/uro-i-skjonne-pastellfarger\/","url":"https:\/\/norwegianmade.no\/produkt\/uro-i-skjonne-pastellfarger\/","name":"Uro i skj\u00f8nne pastellfarger &#8226; Norwegian Made","isPartOf":{"@id":"https:\/\/norwegianmade.no\/#website"},"primaryImageOfPage":{"@id":"https:\/\/norwegianmade.no\/produkt\/uro-i-skjonne-pastellfarger\/#primaryimage"},"image":{"@id":"https:\/\/norwegianmade.no\/produkt\/uro-i-skjonne-pastellfarger\/#primaryimage"},"thumbnailUrl":"https:\/\/norwegianmade.no\/wp-content\/uploads\/2022\/05\/CEDFBD1C-C305-446A-81D4-E4098F98C36C.jpeg","datePublished":"2022-05-11T12:31:24+00:00","dateModified":"2023-12-21T08:45:49+00:00","breadcrumb":{"@id":"https:\/\/norwegianmade.no\/produkt\/uro-i-skjonne-pastellfarger\/#breadcrumb"},"inLanguage":"en-US","potentialAction":[{"@type":"ReadAction","target":["https:\/\/norwegianmade.no\/produkt\/uro-i-skjonne-pastellfarger\/"]}]},{"@type":"ImageObject","inLanguage":"en-US","@id":"https:\/\/norwegianmade.no\/produkt\/uro-i-skjonne-pastellfarger\/#primaryimage","url":"https:\/\/norwegianmade.no\/wp-content\/uploads\/2022\/05\/CEDFBD1C-C305-446A-81D4-E4098F98C36C.jpeg","contentUrl":"https:\/\/norwegianmade.no\/wp-content\/uploads\/2022\/05\/CEDFBD1C-C305-446A-81D4-E4098F98C36C.jpeg","width":1525,"height":1541},{"@type":"BreadcrumbList","@id":"https:\/\/norwegianmade.no\/produkt\/uro-i-skjonne-pastellfarger\/#breadcrumb","itemListElement":[{"@type":"ListItem","position":1,"name":"Hjem","item":"https:\/\/norwegianmade.no\/en\/"},{"@type":"ListItem","position":2,"name":"Shop","item":"https:\/\/norwegianmade.no\/en\/shop\/"},{"@type":"ListItem","position":3,"name":"Uro i skj\u00f8nne pastellfarger"}]},{"@type":"WebSite","@id":"https:\/\/norwegianmade.no\/#website","url":"https:\/\/norwegianmade.no\/","name":"Norwegian Made","description":"Norges st\u00f8rste markedsplass for norske produsenter","publisher":{"@id":"https:\/\/norwegianmade.no\/#organization"},"potentialAction":[{"@type":"SearchAction","target":{"@type":"EntryPoint","urlTemplate":"https:\/\/norwegianmade.no\/?s={search_term_string}"},"query-input":{"@type":"PropertyValueSpecification","valueRequired":true,"valueName":"search_term_string"}}],"inLanguage":"en-US"},{"@type":"Organization","@id":"https:\/\/norwegianmade.no\/#organization","name":"Norwegian Made","url":"https:\/\/norwegianmade.no\/","logo":{"@type":"ImageObject","inLanguage":"en-US","@id":"https:\/\/norwegianmade.no\/#\/schema\/logo\/image\/","url":"https:\/\/norwegianmade.no\/wp-content\/uploads\/2020\/11\/logo-liggende-norwegian-made-web.png","contentUrl":"https:\/\/norwegianmade.no\/wp-content\/uploads\/2020\/11\/logo-liggende-norwegian-made-web.png","width":200,"height":58,"caption":"Norwegian Made"},"image":{"@id":"https:\/\/norwegianmade.no\/#\/schema\/logo\/image\/"}}]}},"_links":{"self":[{"href":"https:\/\/norwegianmade.no\/en\/wp-json\/wp\/v2\/product\/14761","targetHints":{"allow":["GET"]}}],"collection":[{"href":"https:\/\/norwegianmade.no\/en\/wp-json\/wp\/v2\/product"}],"about":[{"href":"https:\/\/norwegianmade.no\/en\/wp-json\/wp\/v2\/types\/product"}],"replies":[{"embeddable":true,"href":"https:\/\/norwegianmade.no\/en\/wp-json\/wp\/v2\/comments?post=14761"}],"wp:featuredmedia":[{"embeddable":true,"href":"https:\/\/norwegianmade.no\/en\/wp-json\/wp\/v2\/media\/14759"}],"wp:attachment":[{"href":"https:\/\/norwegianmade.no\/en\/wp-json\/wp\/v2\/media?parent=14761"}],"wp:term":[{"taxonomy":"product_brand","embeddable":true,"href":"https:\/\/norwegianmade.no\/en\/wp-json\/wp\/v2\/product_brand?post=14761"},{"taxonomy":"product_cat","embeddable":true,"href":"https:\/\/norwegianmade.no\/en\/wp-json\/wp\/v2\/product_cat?post=14761"},{"taxonomy":"product_tag","embeddable":true,"href":"https:\/\/norwegianmade.no\/en\/wp-json\/wp\/v2\/product_tag?post=14761"}],"curies":[{"name":"wp","href":"https:\/\/api.w.org\/{rel}","templated":true}]}}