{"id":14827,"date":"2022-05-12T03:12:16","date_gmt":"2022-05-12T01:12:16","guid":{"rendered":"https:\/\/norwegianmade.no\/markedsplass\/bolgende-hjerter-lite-anheng-med-perle-og-laerkjede\/"},"modified":"2022-05-12T03:12:39","modified_gmt":"2022-05-12T01:12:39","slug":"bolgende-hjerter-lite-anheng-med-perle-og-laerkjede","status":"publish","type":"product","link":"https:\/\/norwegianmade.no\/en\/produkt\/bolgende-hjerter-lite-anheng-med-perle-og-laerkjede\/","title":{"rendered":"B\u00f8lgende hjerter lite anheng med perle og l\u00e6rkjede"},"content":{"rendered":"<p>Lite hjerteanheng med stein eller perle og l\u00e6rkjede i farge som matcher, med endefester og l\u00e5s i 925 s\u00f8lv.<\/p>\n<p>Smykkene finnes i mange farger og alle er sammensatt av<br \/>naturmaterialer, 925 s\u00f8lv, l\u00e6r og steiner eller ferskvanns<br \/>kulturperler.\u00a0 Her er valgets kval eller du kan finne din favorittfarge<br \/>eller stein.<\/p>\n<p>Som tilbeh\u00f8r har vi \u00f8redobber, l\u00e6rarmb\u00e5nd og stein\/perlearmb\u00e5nd, samt ring.<\/p>\n","protected":false},"excerpt":{"rendered":"<p>B\u00f8lgende lite hjerte med stein\/perle og l\u00e6rkjede med s\u00f8lvl\u00e5s.<\/p>\n","protected":false},"featured_media":14825,"comment_status":"open","ping_status":"closed","template":"","meta":{"_acf_changed":false},"product_brand":[],"product_cat":[140,62,106],"product_tag":[],"class_list":{"0":"post-14827","1":"product","2":"type-product","3":"status-publish","4":"has-post-thumbnail","6":"product_vendor-gullsmed-merete-mattson","7":"product_cat-halskjeder-og-anheng","8":"product_cat-smykker","9":"product_cat-solvsmykker","11":"first","12":"instock","13":"taxable","14":"shipping-taxable","15":"product-type-external"},"acf":[],"yoast_head":"<!-- This site is optimized with the Yoast SEO plugin v27.1.1 - https:\/\/yoast.com\/product\/yoast-seo-wordpress\/ -->\n<title>B\u00f8lgende hjerter lite anheng med perle og l\u00e6rkjede &#8226; Norwegian Made<\/title>\n<meta name=\"robots\" content=\"index, follow, max-snippet:-1, max-image-preview:large, max-video-preview:-1\" \/>\n<link rel=\"canonical\" href=\"https:\/\/norwegianmade.no\/produkt\/bolgende-hjerter-lite-anheng-med-perle-og-laerkjede\/\" \/>\n<meta property=\"og:locale\" content=\"en_US\" \/>\n<meta property=\"og:type\" content=\"article\" \/>\n<meta property=\"og:title\" content=\"B\u00f8lgende hjerter lite anheng med perle og l\u00e6rkjede &#8226; Norwegian Made\" \/>\n<meta property=\"og:description\" content=\"B\u00f8lgende lite hjerte med stein\/perle og l\u00e6rkjede med s\u00f8lvl\u00e5s.\" \/>\n<meta property=\"og:url\" content=\"https:\/\/norwegianmade.no\/produkt\/bolgende-hjerter-lite-anheng-med-perle-og-laerkjede\/\" \/>\n<meta property=\"og:site_name\" content=\"Norwegian Made\" \/>\n<meta property=\"article:modified_time\" content=\"2022-05-12T01:12:39+00:00\" \/>\n<meta property=\"og:image\" content=\"https:\/\/norwegianmade.no\/wp-content\/uploads\/2022\/05\/Sma-hjerter-m.-steiner-og-perler-scaled-1.jpg\" \/>\n\t<meta property=\"og:image:width\" content=\"1938\" \/>\n\t<meta property=\"og:image:height\" content=\"2560\" \/>\n\t<meta property=\"og:image:type\" content=\"image\/jpeg\" \/>\n<meta name=\"twitter:card\" content=\"summary_large_image\" \/>\n<script type=\"application\/ld+json\" class=\"yoast-schema-graph\">{\"@context\":\"https:\/\/schema.org\",\"@graph\":[{\"@type\":\"WebPage\",\"@id\":\"https:\/\/norwegianmade.no\/produkt\/bolgende-hjerter-lite-anheng-med-perle-og-laerkjede\/\",\"url\":\"https:\/\/norwegianmade.no\/produkt\/bolgende-hjerter-lite-anheng-med-perle-og-laerkjede\/\",\"name\":\"B\u00f8lgende hjerter lite anheng med perle og l\u00e6rkjede &#8226; Norwegian Made\",\"isPartOf\":{\"@id\":\"https:\/\/norwegianmade.no\/#website\"},\"primaryImageOfPage\":{\"@id\":\"https:\/\/norwegianmade.no\/produkt\/bolgende-hjerter-lite-anheng-med-perle-og-laerkjede\/#primaryimage\"},\"image\":{\"@id\":\"https:\/\/norwegianmade.no\/produkt\/bolgende-hjerter-lite-anheng-med-perle-og-laerkjede\/#primaryimage\"},\"thumbnailUrl\":\"https:\/\/norwegianmade.no\/wp-content\/uploads\/2022\/05\/Sma-hjerter-m.-steiner-og-perler-scaled-1.jpg\",\"datePublished\":\"2022-05-12T01:12:16+00:00\",\"dateModified\":\"2022-05-12T01:12:39+00:00\",\"breadcrumb\":{\"@id\":\"https:\/\/norwegianmade.no\/produkt\/bolgende-hjerter-lite-anheng-med-perle-og-laerkjede\/#breadcrumb\"},\"inLanguage\":\"en-US\",\"potentialAction\":[{\"@type\":\"ReadAction\",\"target\":[\"https:\/\/norwegianmade.no\/produkt\/bolgende-hjerter-lite-anheng-med-perle-og-laerkjede\/\"]}]},{\"@type\":\"ImageObject\",\"inLanguage\":\"en-US\",\"@id\":\"https:\/\/norwegianmade.no\/produkt\/bolgende-hjerter-lite-anheng-med-perle-og-laerkjede\/#primaryimage\",\"url\":\"https:\/\/norwegianmade.no\/wp-content\/uploads\/2022\/05\/Sma-hjerter-m.-steiner-og-perler-scaled-1.jpg\",\"contentUrl\":\"https:\/\/norwegianmade.no\/wp-content\/uploads\/2022\/05\/Sma-hjerter-m.-steiner-og-perler-scaled-1.jpg\",\"width\":1938,\"height\":2560,\"caption\":\"B\u00e5t og fjordfestivalen, annonse\"},{\"@type\":\"BreadcrumbList\",\"@id\":\"https:\/\/norwegianmade.no\/produkt\/bolgende-hjerter-lite-anheng-med-perle-og-laerkjede\/#breadcrumb\",\"itemListElement\":[{\"@type\":\"ListItem\",\"position\":1,\"name\":\"Hjem\",\"item\":\"https:\/\/norwegianmade.no\/en\/\"},{\"@type\":\"ListItem\",\"position\":2,\"name\":\"Shop\",\"item\":\"https:\/\/norwegianmade.no\/en\/shop\/\"},{\"@type\":\"ListItem\",\"position\":3,\"name\":\"B\u00f8lgende hjerter lite anheng med perle og l\u00e6rkjede\"}]},{\"@type\":\"WebSite\",\"@id\":\"https:\/\/norwegianmade.no\/#website\",\"url\":\"https:\/\/norwegianmade.no\/\",\"name\":\"Norwegian Made\",\"description\":\"Norges st\u00f8rste markedsplass for norske produsenter\",\"publisher\":{\"@id\":\"https:\/\/norwegianmade.no\/#organization\"},\"potentialAction\":[{\"@type\":\"SearchAction\",\"target\":{\"@type\":\"EntryPoint\",\"urlTemplate\":\"https:\/\/norwegianmade.no\/?s={search_term_string}\"},\"query-input\":{\"@type\":\"PropertyValueSpecification\",\"valueRequired\":true,\"valueName\":\"search_term_string\"}}],\"inLanguage\":\"en-US\"},{\"@type\":\"Organization\",\"@id\":\"https:\/\/norwegianmade.no\/#organization\",\"name\":\"Norwegian Made\",\"url\":\"https:\/\/norwegianmade.no\/\",\"logo\":{\"@type\":\"ImageObject\",\"inLanguage\":\"en-US\",\"@id\":\"https:\/\/norwegianmade.no\/#\/schema\/logo\/image\/\",\"url\":\"https:\/\/norwegianmade.no\/wp-content\/uploads\/2020\/11\/logo-liggende-norwegian-made-web.png\",\"contentUrl\":\"https:\/\/norwegianmade.no\/wp-content\/uploads\/2020\/11\/logo-liggende-norwegian-made-web.png\",\"width\":200,\"height\":58,\"caption\":\"Norwegian Made\"},\"image\":{\"@id\":\"https:\/\/norwegianmade.no\/#\/schema\/logo\/image\/\"}}]}<\/script>\n<!-- \/ Yoast SEO plugin. -->","yoast_head_json":{"title":"B\u00f8lgende hjerter lite anheng med perle og l\u00e6rkjede &#8226; Norwegian Made","robots":{"index":"index","follow":"follow","max-snippet":"max-snippet:-1","max-image-preview":"max-image-preview:large","max-video-preview":"max-video-preview:-1"},"canonical":"https:\/\/norwegianmade.no\/produkt\/bolgende-hjerter-lite-anheng-med-perle-og-laerkjede\/","og_locale":"en_US","og_type":"article","og_title":"B\u00f8lgende hjerter lite anheng med perle og l\u00e6rkjede &#8226; Norwegian Made","og_description":"B\u00f8lgende lite hjerte med stein\/perle og l\u00e6rkjede med s\u00f8lvl\u00e5s.","og_url":"https:\/\/norwegianmade.no\/produkt\/bolgende-hjerter-lite-anheng-med-perle-og-laerkjede\/","og_site_name":"Norwegian Made","article_modified_time":"2022-05-12T01:12:39+00:00","og_image":[{"width":1938,"height":2560,"url":"https:\/\/norwegianmade.no\/wp-content\/uploads\/2022\/05\/Sma-hjerter-m.-steiner-og-perler-scaled-1.jpg","type":"image\/jpeg"}],"twitter_card":"summary_large_image","schema":{"@context":"https:\/\/schema.org","@graph":[{"@type":"WebPage","@id":"https:\/\/norwegianmade.no\/produkt\/bolgende-hjerter-lite-anheng-med-perle-og-laerkjede\/","url":"https:\/\/norwegianmade.no\/produkt\/bolgende-hjerter-lite-anheng-med-perle-og-laerkjede\/","name":"B\u00f8lgende hjerter lite anheng med perle og l\u00e6rkjede &#8226; Norwegian Made","isPartOf":{"@id":"https:\/\/norwegianmade.no\/#website"},"primaryImageOfPage":{"@id":"https:\/\/norwegianmade.no\/produkt\/bolgende-hjerter-lite-anheng-med-perle-og-laerkjede\/#primaryimage"},"image":{"@id":"https:\/\/norwegianmade.no\/produkt\/bolgende-hjerter-lite-anheng-med-perle-og-laerkjede\/#primaryimage"},"thumbnailUrl":"https:\/\/norwegianmade.no\/wp-content\/uploads\/2022\/05\/Sma-hjerter-m.-steiner-og-perler-scaled-1.jpg","datePublished":"2022-05-12T01:12:16+00:00","dateModified":"2022-05-12T01:12:39+00:00","breadcrumb":{"@id":"https:\/\/norwegianmade.no\/produkt\/bolgende-hjerter-lite-anheng-med-perle-og-laerkjede\/#breadcrumb"},"inLanguage":"en-US","potentialAction":[{"@type":"ReadAction","target":["https:\/\/norwegianmade.no\/produkt\/bolgende-hjerter-lite-anheng-med-perle-og-laerkjede\/"]}]},{"@type":"ImageObject","inLanguage":"en-US","@id":"https:\/\/norwegianmade.no\/produkt\/bolgende-hjerter-lite-anheng-med-perle-og-laerkjede\/#primaryimage","url":"https:\/\/norwegianmade.no\/wp-content\/uploads\/2022\/05\/Sma-hjerter-m.-steiner-og-perler-scaled-1.jpg","contentUrl":"https:\/\/norwegianmade.no\/wp-content\/uploads\/2022\/05\/Sma-hjerter-m.-steiner-og-perler-scaled-1.jpg","width":1938,"height":2560,"caption":"B\u00e5t og fjordfestivalen, annonse"},{"@type":"BreadcrumbList","@id":"https:\/\/norwegianmade.no\/produkt\/bolgende-hjerter-lite-anheng-med-perle-og-laerkjede\/#breadcrumb","itemListElement":[{"@type":"ListItem","position":1,"name":"Hjem","item":"https:\/\/norwegianmade.no\/en\/"},{"@type":"ListItem","position":2,"name":"Shop","item":"https:\/\/norwegianmade.no\/en\/shop\/"},{"@type":"ListItem","position":3,"name":"B\u00f8lgende hjerter lite anheng med perle og l\u00e6rkjede"}]},{"@type":"WebSite","@id":"https:\/\/norwegianmade.no\/#website","url":"https:\/\/norwegianmade.no\/","name":"Norwegian Made","description":"Norges st\u00f8rste markedsplass for norske produsenter","publisher":{"@id":"https:\/\/norwegianmade.no\/#organization"},"potentialAction":[{"@type":"SearchAction","target":{"@type":"EntryPoint","urlTemplate":"https:\/\/norwegianmade.no\/?s={search_term_string}"},"query-input":{"@type":"PropertyValueSpecification","valueRequired":true,"valueName":"search_term_string"}}],"inLanguage":"en-US"},{"@type":"Organization","@id":"https:\/\/norwegianmade.no\/#organization","name":"Norwegian Made","url":"https:\/\/norwegianmade.no\/","logo":{"@type":"ImageObject","inLanguage":"en-US","@id":"https:\/\/norwegianmade.no\/#\/schema\/logo\/image\/","url":"https:\/\/norwegianmade.no\/wp-content\/uploads\/2020\/11\/logo-liggende-norwegian-made-web.png","contentUrl":"https:\/\/norwegianmade.no\/wp-content\/uploads\/2020\/11\/logo-liggende-norwegian-made-web.png","width":200,"height":58,"caption":"Norwegian Made"},"image":{"@id":"https:\/\/norwegianmade.no\/#\/schema\/logo\/image\/"}}]}},"_links":{"self":[{"href":"https:\/\/norwegianmade.no\/en\/wp-json\/wp\/v2\/product\/14827","targetHints":{"allow":["GET"]}}],"collection":[{"href":"https:\/\/norwegianmade.no\/en\/wp-json\/wp\/v2\/product"}],"about":[{"href":"https:\/\/norwegianmade.no\/en\/wp-json\/wp\/v2\/types\/product"}],"replies":[{"embeddable":true,"href":"https:\/\/norwegianmade.no\/en\/wp-json\/wp\/v2\/comments?post=14827"}],"wp:featuredmedia":[{"embeddable":true,"href":"https:\/\/norwegianmade.no\/en\/wp-json\/wp\/v2\/media\/14825"}],"wp:attachment":[{"href":"https:\/\/norwegianmade.no\/en\/wp-json\/wp\/v2\/media?parent=14827"}],"wp:term":[{"taxonomy":"product_brand","embeddable":true,"href":"https:\/\/norwegianmade.no\/en\/wp-json\/wp\/v2\/product_brand?post=14827"},{"taxonomy":"product_cat","embeddable":true,"href":"https:\/\/norwegianmade.no\/en\/wp-json\/wp\/v2\/product_cat?post=14827"},{"taxonomy":"product_tag","embeddable":true,"href":"https:\/\/norwegianmade.no\/en\/wp-json\/wp\/v2\/product_tag?post=14827"}],"curies":[{"name":"wp","href":"https:\/\/api.w.org\/{rel}","templated":true}]}}