{"id":14836,"date":"2022-05-12T03:17:04","date_gmt":"2022-05-12T01:17:04","guid":{"rendered":"https:\/\/norwegianmade.no\/markedsplass\/kamkake-collier-3-med-ankerkjede-mellom\/"},"modified":"2022-05-12T03:17:04","modified_gmt":"2022-05-12T01:17:04","slug":"kamkake-collier-3-med-ankerkjede-mellom","status":"publish","type":"product","link":"https:\/\/norwegianmade.no\/en\/produkt\/kamkake-collier-3-med-ankerkjede-mellom\/","title":{"rendered":"Kamkake colli\u00e8r, 3 med ankerkjede mellom"},"content":{"rendered":"<p>Kamkake er et lokalt bakverk, som blant annet ble beskrevet av Petter<br \/>\n Dass i \u00abNordlands trompet\u00bb\u00a0sist\u00a0p\u00e5\u00a01600-tallet.\u00a0 Da fikk han bakverket<br \/>\nservert i Leirskardalen i Hemnes kommune.\u00a0 Kamkakene blir stekt i en<br \/>\nspesialbygd steinovn med vedfyring, og bakes i dag p\u00e5 samme m\u00e5te som for<br \/>\n flere hundre \u00e5r siden.<\/p>\n<p>Formen p\u00e5 kamkakesmykkene ble f\u00f8rste gang utviklet og produsert i<br \/>\ns\u00f8lv til ordf\u00f8rerkjedet i Hemnes Kommune, som var ferdigstilt i august<br \/>\n2016.\u00a0 Smykkekolleksjonen var klar i desember samme \u00e5r.\u00a0 Produsert p\u00e5<br \/>\nHemnesberget.<\/p>\n<p>Kamkake smykke med 3 kamkaker med ankerkjede mellom er produsert i 925 s\u00f8lv. Colli\u00e8r.<\/p><\/p>\n","protected":false},"excerpt":{"rendered":"<p>Kamkakesmykke colli\u00e8r med 3 kamkaker med ankerkjede mellom i 925 s\u00f8lv.<\/p>\n","protected":false},"featured_media":14834,"comment_status":"open","ping_status":"closed","template":"","meta":{"_acf_changed":false},"product_brand":[],"product_cat":[140,62,106],"product_tag":[],"class_list":{"0":"post-14836","1":"product","2":"type-product","3":"status-publish","4":"has-post-thumbnail","6":"product_vendor-gullsmed-merete-mattson","7":"product_cat-halskjeder-og-anheng","8":"product_cat-smykker","9":"product_cat-solvsmykker","11":"first","12":"instock","13":"taxable","14":"shipping-taxable","15":"product-type-external"},"acf":[],"yoast_head":"<!-- This site is optimized with the Yoast SEO plugin v27.1.1 - https:\/\/yoast.com\/product\/yoast-seo-wordpress\/ -->\n<title>Kamkake colli\u00e8r, 3 med ankerkjede mellom &#8226; Norwegian Made<\/title>\n<meta name=\"robots\" content=\"index, follow, max-snippet:-1, max-image-preview:large, max-video-preview:-1\" \/>\n<link rel=\"canonical\" href=\"https:\/\/norwegianmade.no\/en\/produkt\/kamkake-collier-3-med-ankerkjede-mellom\/\" \/>\n<meta property=\"og:locale\" content=\"en_US\" \/>\n<meta property=\"og:type\" content=\"article\" \/>\n<meta property=\"og:title\" content=\"Kamkake colli\u00e8r, 3 med ankerkjede mellom &#8226; Norwegian Made\" \/>\n<meta property=\"og:description\" content=\"Kamkakesmykke colli\u00e8r med 3 kamkaker med ankerkjede mellom i 925 s\u00f8lv.\" \/>\n<meta property=\"og:url\" content=\"https:\/\/norwegianmade.no\/en\/produkt\/kamkake-collier-3-med-ankerkjede-mellom\/\" \/>\n<meta property=\"og:site_name\" content=\"Norwegian Made\" \/>\n<meta property=\"og:image\" content=\"https:\/\/norwegianmade.no\/wp-content\/uploads\/2022\/05\/Kamkaker-lokalt-2.jpg\" \/>\n\t<meta property=\"og:image:width\" content=\"2278\" \/>\n\t<meta property=\"og:image:height\" content=\"1370\" \/>\n\t<meta property=\"og:image:type\" content=\"image\/jpeg\" \/>\n<meta name=\"twitter:card\" content=\"summary_large_image\" \/>\n<meta name=\"twitter:label1\" content=\"Est. reading time\" \/>\n\t<meta name=\"twitter:data1\" content=\"1 minute\" \/>\n<script type=\"application\/ld+json\" class=\"yoast-schema-graph\">{\"@context\":\"https:\/\/schema.org\",\"@graph\":[{\"@type\":\"WebPage\",\"@id\":\"https:\/\/norwegianmade.no\/en\/produkt\/kamkake-collier-3-med-ankerkjede-mellom\/\",\"url\":\"https:\/\/norwegianmade.no\/en\/produkt\/kamkake-collier-3-med-ankerkjede-mellom\/\",\"name\":\"Kamkake colli\u00e8r, 3 med ankerkjede mellom &#8226; Norwegian Made\",\"isPartOf\":{\"@id\":\"https:\/\/norwegianmade.no\/#website\"},\"primaryImageOfPage\":{\"@id\":\"https:\/\/norwegianmade.no\/en\/produkt\/kamkake-collier-3-med-ankerkjede-mellom\/#primaryimage\"},\"image\":{\"@id\":\"https:\/\/norwegianmade.no\/en\/produkt\/kamkake-collier-3-med-ankerkjede-mellom\/#primaryimage\"},\"thumbnailUrl\":\"https:\/\/norwegianmade.no\/wp-content\/uploads\/2022\/05\/Kamkaker-lokalt-2.jpg\",\"datePublished\":\"2022-05-12T01:17:04+00:00\",\"breadcrumb\":{\"@id\":\"https:\/\/norwegianmade.no\/en\/produkt\/kamkake-collier-3-med-ankerkjede-mellom\/#breadcrumb\"},\"inLanguage\":\"en-US\",\"potentialAction\":[{\"@type\":\"ReadAction\",\"target\":[\"https:\/\/norwegianmade.no\/en\/produkt\/kamkake-collier-3-med-ankerkjede-mellom\/\"]}]},{\"@type\":\"ImageObject\",\"inLanguage\":\"en-US\",\"@id\":\"https:\/\/norwegianmade.no\/en\/produkt\/kamkake-collier-3-med-ankerkjede-mellom\/#primaryimage\",\"url\":\"https:\/\/norwegianmade.no\/wp-content\/uploads\/2022\/05\/Kamkaker-lokalt-2.jpg\",\"contentUrl\":\"https:\/\/norwegianmade.no\/wp-content\/uploads\/2022\/05\/Kamkaker-lokalt-2.jpg\",\"width\":2278,\"height\":1370},{\"@type\":\"BreadcrumbList\",\"@id\":\"https:\/\/norwegianmade.no\/en\/produkt\/kamkake-collier-3-med-ankerkjede-mellom\/#breadcrumb\",\"itemListElement\":[{\"@type\":\"ListItem\",\"position\":1,\"name\":\"Hjem\",\"item\":\"https:\/\/norwegianmade.no\/en\/\"},{\"@type\":\"ListItem\",\"position\":2,\"name\":\"Shop\",\"item\":\"https:\/\/norwegianmade.no\/en\/shop\/\"},{\"@type\":\"ListItem\",\"position\":3,\"name\":\"Kamkake colli\u00e8r, 3 med ankerkjede mellom\"}]},{\"@type\":\"WebSite\",\"@id\":\"https:\/\/norwegianmade.no\/#website\",\"url\":\"https:\/\/norwegianmade.no\/\",\"name\":\"Norwegian Made\",\"description\":\"Norges st\u00f8rste markedsplass for norske produsenter\",\"publisher\":{\"@id\":\"https:\/\/norwegianmade.no\/#organization\"},\"potentialAction\":[{\"@type\":\"SearchAction\",\"target\":{\"@type\":\"EntryPoint\",\"urlTemplate\":\"https:\/\/norwegianmade.no\/?s={search_term_string}\"},\"query-input\":{\"@type\":\"PropertyValueSpecification\",\"valueRequired\":true,\"valueName\":\"search_term_string\"}}],\"inLanguage\":\"en-US\"},{\"@type\":\"Organization\",\"@id\":\"https:\/\/norwegianmade.no\/#organization\",\"name\":\"Norwegian Made\",\"url\":\"https:\/\/norwegianmade.no\/\",\"logo\":{\"@type\":\"ImageObject\",\"inLanguage\":\"en-US\",\"@id\":\"https:\/\/norwegianmade.no\/#\/schema\/logo\/image\/\",\"url\":\"https:\/\/norwegianmade.no\/wp-content\/uploads\/2020\/11\/logo-liggende-norwegian-made-web.png\",\"contentUrl\":\"https:\/\/norwegianmade.no\/wp-content\/uploads\/2020\/11\/logo-liggende-norwegian-made-web.png\",\"width\":200,\"height\":58,\"caption\":\"Norwegian Made\"},\"image\":{\"@id\":\"https:\/\/norwegianmade.no\/#\/schema\/logo\/image\/\"}}]}<\/script>\n<!-- \/ Yoast SEO plugin. -->","yoast_head_json":{"title":"Kamkake colli\u00e8r, 3 med ankerkjede mellom &#8226; Norwegian Made","robots":{"index":"index","follow":"follow","max-snippet":"max-snippet:-1","max-image-preview":"max-image-preview:large","max-video-preview":"max-video-preview:-1"},"canonical":"https:\/\/norwegianmade.no\/en\/produkt\/kamkake-collier-3-med-ankerkjede-mellom\/","og_locale":"en_US","og_type":"article","og_title":"Kamkake colli\u00e8r, 3 med ankerkjede mellom &#8226; Norwegian Made","og_description":"Kamkakesmykke colli\u00e8r med 3 kamkaker med ankerkjede mellom i 925 s\u00f8lv.","og_url":"https:\/\/norwegianmade.no\/en\/produkt\/kamkake-collier-3-med-ankerkjede-mellom\/","og_site_name":"Norwegian Made","og_image":[{"width":2278,"height":1370,"url":"https:\/\/norwegianmade.no\/wp-content\/uploads\/2022\/05\/Kamkaker-lokalt-2.jpg","type":"image\/jpeg"}],"twitter_card":"summary_large_image","twitter_misc":{"Est. reading time":"1 minute"},"schema":{"@context":"https:\/\/schema.org","@graph":[{"@type":"WebPage","@id":"https:\/\/norwegianmade.no\/en\/produkt\/kamkake-collier-3-med-ankerkjede-mellom\/","url":"https:\/\/norwegianmade.no\/en\/produkt\/kamkake-collier-3-med-ankerkjede-mellom\/","name":"Kamkake colli\u00e8r, 3 med ankerkjede mellom &#8226; Norwegian Made","isPartOf":{"@id":"https:\/\/norwegianmade.no\/#website"},"primaryImageOfPage":{"@id":"https:\/\/norwegianmade.no\/en\/produkt\/kamkake-collier-3-med-ankerkjede-mellom\/#primaryimage"},"image":{"@id":"https:\/\/norwegianmade.no\/en\/produkt\/kamkake-collier-3-med-ankerkjede-mellom\/#primaryimage"},"thumbnailUrl":"https:\/\/norwegianmade.no\/wp-content\/uploads\/2022\/05\/Kamkaker-lokalt-2.jpg","datePublished":"2022-05-12T01:17:04+00:00","breadcrumb":{"@id":"https:\/\/norwegianmade.no\/en\/produkt\/kamkake-collier-3-med-ankerkjede-mellom\/#breadcrumb"},"inLanguage":"en-US","potentialAction":[{"@type":"ReadAction","target":["https:\/\/norwegianmade.no\/en\/produkt\/kamkake-collier-3-med-ankerkjede-mellom\/"]}]},{"@type":"ImageObject","inLanguage":"en-US","@id":"https:\/\/norwegianmade.no\/en\/produkt\/kamkake-collier-3-med-ankerkjede-mellom\/#primaryimage","url":"https:\/\/norwegianmade.no\/wp-content\/uploads\/2022\/05\/Kamkaker-lokalt-2.jpg","contentUrl":"https:\/\/norwegianmade.no\/wp-content\/uploads\/2022\/05\/Kamkaker-lokalt-2.jpg","width":2278,"height":1370},{"@type":"BreadcrumbList","@id":"https:\/\/norwegianmade.no\/en\/produkt\/kamkake-collier-3-med-ankerkjede-mellom\/#breadcrumb","itemListElement":[{"@type":"ListItem","position":1,"name":"Hjem","item":"https:\/\/norwegianmade.no\/en\/"},{"@type":"ListItem","position":2,"name":"Shop","item":"https:\/\/norwegianmade.no\/en\/shop\/"},{"@type":"ListItem","position":3,"name":"Kamkake colli\u00e8r, 3 med ankerkjede mellom"}]},{"@type":"WebSite","@id":"https:\/\/norwegianmade.no\/#website","url":"https:\/\/norwegianmade.no\/","name":"Norwegian Made","description":"Norges st\u00f8rste markedsplass for norske produsenter","publisher":{"@id":"https:\/\/norwegianmade.no\/#organization"},"potentialAction":[{"@type":"SearchAction","target":{"@type":"EntryPoint","urlTemplate":"https:\/\/norwegianmade.no\/?s={search_term_string}"},"query-input":{"@type":"PropertyValueSpecification","valueRequired":true,"valueName":"search_term_string"}}],"inLanguage":"en-US"},{"@type":"Organization","@id":"https:\/\/norwegianmade.no\/#organization","name":"Norwegian Made","url":"https:\/\/norwegianmade.no\/","logo":{"@type":"ImageObject","inLanguage":"en-US","@id":"https:\/\/norwegianmade.no\/#\/schema\/logo\/image\/","url":"https:\/\/norwegianmade.no\/wp-content\/uploads\/2020\/11\/logo-liggende-norwegian-made-web.png","contentUrl":"https:\/\/norwegianmade.no\/wp-content\/uploads\/2020\/11\/logo-liggende-norwegian-made-web.png","width":200,"height":58,"caption":"Norwegian Made"},"image":{"@id":"https:\/\/norwegianmade.no\/#\/schema\/logo\/image\/"}}]}},"_links":{"self":[{"href":"https:\/\/norwegianmade.no\/en\/wp-json\/wp\/v2\/product\/14836","targetHints":{"allow":["GET"]}}],"collection":[{"href":"https:\/\/norwegianmade.no\/en\/wp-json\/wp\/v2\/product"}],"about":[{"href":"https:\/\/norwegianmade.no\/en\/wp-json\/wp\/v2\/types\/product"}],"replies":[{"embeddable":true,"href":"https:\/\/norwegianmade.no\/en\/wp-json\/wp\/v2\/comments?post=14836"}],"wp:featuredmedia":[{"embeddable":true,"href":"https:\/\/norwegianmade.no\/en\/wp-json\/wp\/v2\/media\/14834"}],"wp:attachment":[{"href":"https:\/\/norwegianmade.no\/en\/wp-json\/wp\/v2\/media?parent=14836"}],"wp:term":[{"taxonomy":"product_brand","embeddable":true,"href":"https:\/\/norwegianmade.no\/en\/wp-json\/wp\/v2\/product_brand?post=14836"},{"taxonomy":"product_cat","embeddable":true,"href":"https:\/\/norwegianmade.no\/en\/wp-json\/wp\/v2\/product_cat?post=14836"},{"taxonomy":"product_tag","embeddable":true,"href":"https:\/\/norwegianmade.no\/en\/wp-json\/wp\/v2\/product_tag?post=14836"}],"curies":[{"name":"wp","href":"https:\/\/api.w.org\/{rel}","templated":true}]}}