{"id":14939,"date":"2022-05-12T04:04:24","date_gmt":"2022-05-12T02:04:24","guid":{"rendered":"https:\/\/norwegianmade.no\/markedsplass\/luna-oredobber-sma-9mm-forgylt-solv\/"},"modified":"2022-05-12T04:04:24","modified_gmt":"2022-05-12T02:04:24","slug":"luna-oredobber-sma-9mm-forgylt-solv","status":"publish","type":"product","link":"https:\/\/norwegianmade.no\/en\/produkt\/luna-oredobber-sma-9mm-forgylt-solv\/","title":{"rendered":"LUNA \u00f8redobber sm\u00e5 9mm forgylt s\u00f8lv"},"content":{"rendered":"<p>Inspirert av fullm\u00e5nen om vinteren, n\u00e5r den lyser som en sol i m\u00f8rketiden oppe i nord, med Nordlyset b\u00f8lgende som et sl\u00f8r.<\/p>\n<p>\u00d8redobbene er produsert i 925 norsk s\u00f8lv, 9 mm i diameter m\u00e5ne,<br \/>\nforgylt med 14K gull. LUNA-kolleksjonen er designet og produsert for<br \/>\nh\u00e5nd av Merete Mattson, der hvert enkelt smykke blir unikt.<\/p>\n<p>Inspired by the full moon in the winter season up in the north, where<br \/>\n there are just a few hours of daylight. The LUNA-collection is uniquely<br \/>\n handmade by designer and goldsmith Merete Mattson where she has<br \/>\nincorporated the waves of the northern lights flowing in front of the<br \/>\nmoon.<\/p>\n<p>The earrings\u00a0 is produced in 925 silver (pure Norwegian) size 9 mm diameter moon. 14K goldplatted.<\/p><\/p>\n","protected":false},"excerpt":{"rendered":"<p>LUNA nordlyset som b\u00f8lger over fullm\u00e5nen<\/p>\n","protected":false},"featured_media":14937,"comment_status":"open","ping_status":"closed","template":"","meta":{"_acf_changed":false},"product_brand":[],"product_cat":[141,62,106],"product_tag":[],"class_list":{"0":"post-14939","1":"product","2":"type-product","3":"status-publish","4":"has-post-thumbnail","6":"product_vendor-gullsmed-merete-mattson","7":"product_cat-orepynt","8":"product_cat-smykker","9":"product_cat-solvsmykker","11":"first","12":"instock","13":"taxable","14":"shipping-taxable","15":"product-type-external"},"acf":[],"yoast_head":"<!-- This site is optimized with the Yoast SEO plugin v27.1.1 - https:\/\/yoast.com\/product\/yoast-seo-wordpress\/ -->\n<title>LUNA \u00f8redobber sm\u00e5 9mm forgylt s\u00f8lv &#8226; Norwegian Made<\/title>\n<meta name=\"robots\" content=\"index, follow, max-snippet:-1, max-image-preview:large, max-video-preview:-1\" \/>\n<link rel=\"canonical\" href=\"https:\/\/norwegianmade.no\/produkt\/luna-oredobber-sma-9mm-forgylt-solv\/\" \/>\n<meta property=\"og:locale\" content=\"en_US\" \/>\n<meta property=\"og:type\" content=\"article\" \/>\n<meta property=\"og:title\" content=\"LUNA \u00f8redobber sm\u00e5 9mm forgylt s\u00f8lv &#8226; Norwegian Made\" \/>\n<meta property=\"og:description\" content=\"LUNA nordlyset som b\u00f8lger over fullm\u00e5nen\" \/>\n<meta property=\"og:url\" content=\"https:\/\/norwegianmade.no\/produkt\/luna-oredobber-sma-9mm-forgylt-solv\/\" \/>\n<meta property=\"og:site_name\" content=\"Norwegian Made\" \/>\n<meta property=\"og:image\" content=\"https:\/\/norwegianmade.no\/wp-content\/uploads\/2022\/05\/LUNA-solvoredobber-9mm-forgylt-m.-pin-2.jpg\" \/>\n\t<meta property=\"og:image:width\" content=\"1505\" \/>\n\t<meta property=\"og:image:height\" content=\"1408\" \/>\n\t<meta property=\"og:image:type\" content=\"image\/jpeg\" \/>\n<meta name=\"twitter:card\" content=\"summary_large_image\" \/>\n<meta name=\"twitter:label1\" content=\"Est. reading time\" \/>\n\t<meta name=\"twitter:data1\" content=\"1 minute\" \/>\n<script type=\"application\/ld+json\" class=\"yoast-schema-graph\">{\"@context\":\"https:\/\/schema.org\",\"@graph\":[{\"@type\":\"WebPage\",\"@id\":\"https:\/\/norwegianmade.no\/produkt\/luna-oredobber-sma-9mm-forgylt-solv\/\",\"url\":\"https:\/\/norwegianmade.no\/produkt\/luna-oredobber-sma-9mm-forgylt-solv\/\",\"name\":\"LUNA \u00f8redobber sm\u00e5 9mm forgylt s\u00f8lv &#8226; Norwegian Made\",\"isPartOf\":{\"@id\":\"https:\/\/norwegianmade.no\/#website\"},\"primaryImageOfPage\":{\"@id\":\"https:\/\/norwegianmade.no\/produkt\/luna-oredobber-sma-9mm-forgylt-solv\/#primaryimage\"},\"image\":{\"@id\":\"https:\/\/norwegianmade.no\/produkt\/luna-oredobber-sma-9mm-forgylt-solv\/#primaryimage\"},\"thumbnailUrl\":\"https:\/\/norwegianmade.no\/wp-content\/uploads\/2022\/05\/LUNA-solvoredobber-9mm-forgylt-m.-pin-2.jpg\",\"datePublished\":\"2022-05-12T02:04:24+00:00\",\"breadcrumb\":{\"@id\":\"https:\/\/norwegianmade.no\/produkt\/luna-oredobber-sma-9mm-forgylt-solv\/#breadcrumb\"},\"inLanguage\":\"en-US\",\"potentialAction\":[{\"@type\":\"ReadAction\",\"target\":[\"https:\/\/norwegianmade.no\/produkt\/luna-oredobber-sma-9mm-forgylt-solv\/\"]}]},{\"@type\":\"ImageObject\",\"inLanguage\":\"en-US\",\"@id\":\"https:\/\/norwegianmade.no\/produkt\/luna-oredobber-sma-9mm-forgylt-solv\/#primaryimage\",\"url\":\"https:\/\/norwegianmade.no\/wp-content\/uploads\/2022\/05\/LUNA-solvoredobber-9mm-forgylt-m.-pin-2.jpg\",\"contentUrl\":\"https:\/\/norwegianmade.no\/wp-content\/uploads\/2022\/05\/LUNA-solvoredobber-9mm-forgylt-m.-pin-2.jpg\",\"width\":1505,\"height\":1408},{\"@type\":\"BreadcrumbList\",\"@id\":\"https:\/\/norwegianmade.no\/produkt\/luna-oredobber-sma-9mm-forgylt-solv\/#breadcrumb\",\"itemListElement\":[{\"@type\":\"ListItem\",\"position\":1,\"name\":\"Hjem\",\"item\":\"https:\/\/norwegianmade.no\/en\/\"},{\"@type\":\"ListItem\",\"position\":2,\"name\":\"Shop\",\"item\":\"https:\/\/norwegianmade.no\/en\/shop\/\"},{\"@type\":\"ListItem\",\"position\":3,\"name\":\"LUNA \u00f8redobber sm\u00e5 9mm forgylt s\u00f8lv\"}]},{\"@type\":\"WebSite\",\"@id\":\"https:\/\/norwegianmade.no\/#website\",\"url\":\"https:\/\/norwegianmade.no\/\",\"name\":\"Norwegian Made\",\"description\":\"Norges st\u00f8rste markedsplass for norske produsenter\",\"publisher\":{\"@id\":\"https:\/\/norwegianmade.no\/#organization\"},\"potentialAction\":[{\"@type\":\"SearchAction\",\"target\":{\"@type\":\"EntryPoint\",\"urlTemplate\":\"https:\/\/norwegianmade.no\/?s={search_term_string}\"},\"query-input\":{\"@type\":\"PropertyValueSpecification\",\"valueRequired\":true,\"valueName\":\"search_term_string\"}}],\"inLanguage\":\"en-US\"},{\"@type\":\"Organization\",\"@id\":\"https:\/\/norwegianmade.no\/#organization\",\"name\":\"Norwegian Made\",\"url\":\"https:\/\/norwegianmade.no\/\",\"logo\":{\"@type\":\"ImageObject\",\"inLanguage\":\"en-US\",\"@id\":\"https:\/\/norwegianmade.no\/#\/schema\/logo\/image\/\",\"url\":\"https:\/\/norwegianmade.no\/wp-content\/uploads\/2020\/11\/logo-liggende-norwegian-made-web.png\",\"contentUrl\":\"https:\/\/norwegianmade.no\/wp-content\/uploads\/2020\/11\/logo-liggende-norwegian-made-web.png\",\"width\":200,\"height\":58,\"caption\":\"Norwegian Made\"},\"image\":{\"@id\":\"https:\/\/norwegianmade.no\/#\/schema\/logo\/image\/\"}}]}<\/script>\n<!-- \/ Yoast SEO plugin. -->","yoast_head_json":{"title":"LUNA \u00f8redobber sm\u00e5 9mm forgylt s\u00f8lv &#8226; Norwegian Made","robots":{"index":"index","follow":"follow","max-snippet":"max-snippet:-1","max-image-preview":"max-image-preview:large","max-video-preview":"max-video-preview:-1"},"canonical":"https:\/\/norwegianmade.no\/produkt\/luna-oredobber-sma-9mm-forgylt-solv\/","og_locale":"en_US","og_type":"article","og_title":"LUNA \u00f8redobber sm\u00e5 9mm forgylt s\u00f8lv &#8226; Norwegian Made","og_description":"LUNA nordlyset som b\u00f8lger over fullm\u00e5nen","og_url":"https:\/\/norwegianmade.no\/produkt\/luna-oredobber-sma-9mm-forgylt-solv\/","og_site_name":"Norwegian Made","og_image":[{"width":1505,"height":1408,"url":"https:\/\/norwegianmade.no\/wp-content\/uploads\/2022\/05\/LUNA-solvoredobber-9mm-forgylt-m.-pin-2.jpg","type":"image\/jpeg"}],"twitter_card":"summary_large_image","twitter_misc":{"Est. reading time":"1 minute"},"schema":{"@context":"https:\/\/schema.org","@graph":[{"@type":"WebPage","@id":"https:\/\/norwegianmade.no\/produkt\/luna-oredobber-sma-9mm-forgylt-solv\/","url":"https:\/\/norwegianmade.no\/produkt\/luna-oredobber-sma-9mm-forgylt-solv\/","name":"LUNA \u00f8redobber sm\u00e5 9mm forgylt s\u00f8lv &#8226; Norwegian Made","isPartOf":{"@id":"https:\/\/norwegianmade.no\/#website"},"primaryImageOfPage":{"@id":"https:\/\/norwegianmade.no\/produkt\/luna-oredobber-sma-9mm-forgylt-solv\/#primaryimage"},"image":{"@id":"https:\/\/norwegianmade.no\/produkt\/luna-oredobber-sma-9mm-forgylt-solv\/#primaryimage"},"thumbnailUrl":"https:\/\/norwegianmade.no\/wp-content\/uploads\/2022\/05\/LUNA-solvoredobber-9mm-forgylt-m.-pin-2.jpg","datePublished":"2022-05-12T02:04:24+00:00","breadcrumb":{"@id":"https:\/\/norwegianmade.no\/produkt\/luna-oredobber-sma-9mm-forgylt-solv\/#breadcrumb"},"inLanguage":"en-US","potentialAction":[{"@type":"ReadAction","target":["https:\/\/norwegianmade.no\/produkt\/luna-oredobber-sma-9mm-forgylt-solv\/"]}]},{"@type":"ImageObject","inLanguage":"en-US","@id":"https:\/\/norwegianmade.no\/produkt\/luna-oredobber-sma-9mm-forgylt-solv\/#primaryimage","url":"https:\/\/norwegianmade.no\/wp-content\/uploads\/2022\/05\/LUNA-solvoredobber-9mm-forgylt-m.-pin-2.jpg","contentUrl":"https:\/\/norwegianmade.no\/wp-content\/uploads\/2022\/05\/LUNA-solvoredobber-9mm-forgylt-m.-pin-2.jpg","width":1505,"height":1408},{"@type":"BreadcrumbList","@id":"https:\/\/norwegianmade.no\/produkt\/luna-oredobber-sma-9mm-forgylt-solv\/#breadcrumb","itemListElement":[{"@type":"ListItem","position":1,"name":"Hjem","item":"https:\/\/norwegianmade.no\/en\/"},{"@type":"ListItem","position":2,"name":"Shop","item":"https:\/\/norwegianmade.no\/en\/shop\/"},{"@type":"ListItem","position":3,"name":"LUNA \u00f8redobber sm\u00e5 9mm forgylt s\u00f8lv"}]},{"@type":"WebSite","@id":"https:\/\/norwegianmade.no\/#website","url":"https:\/\/norwegianmade.no\/","name":"Norwegian Made","description":"Norges st\u00f8rste markedsplass for norske produsenter","publisher":{"@id":"https:\/\/norwegianmade.no\/#organization"},"potentialAction":[{"@type":"SearchAction","target":{"@type":"EntryPoint","urlTemplate":"https:\/\/norwegianmade.no\/?s={search_term_string}"},"query-input":{"@type":"PropertyValueSpecification","valueRequired":true,"valueName":"search_term_string"}}],"inLanguage":"en-US"},{"@type":"Organization","@id":"https:\/\/norwegianmade.no\/#organization","name":"Norwegian Made","url":"https:\/\/norwegianmade.no\/","logo":{"@type":"ImageObject","inLanguage":"en-US","@id":"https:\/\/norwegianmade.no\/#\/schema\/logo\/image\/","url":"https:\/\/norwegianmade.no\/wp-content\/uploads\/2020\/11\/logo-liggende-norwegian-made-web.png","contentUrl":"https:\/\/norwegianmade.no\/wp-content\/uploads\/2020\/11\/logo-liggende-norwegian-made-web.png","width":200,"height":58,"caption":"Norwegian Made"},"image":{"@id":"https:\/\/norwegianmade.no\/#\/schema\/logo\/image\/"}}]}},"_links":{"self":[{"href":"https:\/\/norwegianmade.no\/en\/wp-json\/wp\/v2\/product\/14939","targetHints":{"allow":["GET"]}}],"collection":[{"href":"https:\/\/norwegianmade.no\/en\/wp-json\/wp\/v2\/product"}],"about":[{"href":"https:\/\/norwegianmade.no\/en\/wp-json\/wp\/v2\/types\/product"}],"replies":[{"embeddable":true,"href":"https:\/\/norwegianmade.no\/en\/wp-json\/wp\/v2\/comments?post=14939"}],"wp:featuredmedia":[{"embeddable":true,"href":"https:\/\/norwegianmade.no\/en\/wp-json\/wp\/v2\/media\/14937"}],"wp:attachment":[{"href":"https:\/\/norwegianmade.no\/en\/wp-json\/wp\/v2\/media?parent=14939"}],"wp:term":[{"taxonomy":"product_brand","embeddable":true,"href":"https:\/\/norwegianmade.no\/en\/wp-json\/wp\/v2\/product_brand?post=14939"},{"taxonomy":"product_cat","embeddable":true,"href":"https:\/\/norwegianmade.no\/en\/wp-json\/wp\/v2\/product_cat?post=14939"},{"taxonomy":"product_tag","embeddable":true,"href":"https:\/\/norwegianmade.no\/en\/wp-json\/wp\/v2\/product_tag?post=14939"}],"curies":[{"name":"wp","href":"https:\/\/api.w.org\/{rel}","templated":true}]}}