{"id":15096,"date":"2022-05-12T08:16:35","date_gmt":"2022-05-12T06:16:35","guid":{"rendered":"https:\/\/norwegianmade.no\/markedsplass\/rype-pa-isbreen\/"},"modified":"2022-05-12T08:16:35","modified_gmt":"2022-05-12T06:16:35","slug":"rype-pa-isbreen","status":"publish","type":"product","link":"https:\/\/norwegianmade.no\/en\/produkt\/rype-pa-isbreen\/","title":{"rendered":"Rype p\u00e5 isbreen"},"content":{"rendered":"<p>Rypeanheng i 925 s\u00f8lv\u00a0med ekte rypefj\u00e6r og slipte steiner i 45 cm<br \/>\nankerkjede.\u00a0 Fj\u00e6r og steiner er festet med karabinl\u00e5s i hempa bak p\u00e5<br \/>\nanhenget, og kan derfor tas av om man \u00f8nsker et r\u00f8ffere og enklere<br \/>\nuttrykk.<\/p>\n<p>Fj\u00e6rene er fra rypas vinterdrakt (hvite) og steinene er i fargetoner<br \/>\nsom minner om isbre som for eksempel aventurin, akvamarin, m\u00e5nestein<br \/>\ntanzanite og lignende.<\/p><\/p>\n","protected":false},"excerpt":{"rendered":"<p>Rypeanheng i 925 s\u00f8lv\u00a0med ekte rypefj\u00e6r og slipte steiner i 45 cm<br \/>\nankerkjede.\u00a0<\/p><\/p>\n","protected":false},"featured_media":15094,"comment_status":"open","ping_status":"closed","template":"","meta":{"_acf_changed":false},"product_brand":[],"product_cat":[140,62,106],"product_tag":[],"class_list":{"0":"post-15096","1":"product","2":"type-product","3":"status-publish","4":"has-post-thumbnail","6":"product_vendor-gullsmed-merete-mattson","7":"product_cat-halskjeder-og-anheng","8":"product_cat-smykker","9":"product_cat-solvsmykker","11":"first","12":"instock","13":"taxable","14":"shipping-taxable","15":"product-type-external"},"acf":[],"yoast_head":"<!-- This site is optimized with the Yoast SEO plugin v27.1.1 - https:\/\/yoast.com\/product\/yoast-seo-wordpress\/ -->\n<title>Rype p\u00e5 isbreen &#8226; Norwegian Made<\/title>\n<meta name=\"robots\" content=\"index, follow, max-snippet:-1, max-image-preview:large, max-video-preview:-1\" \/>\n<link rel=\"canonical\" href=\"https:\/\/norwegianmade.no\/produkt\/rype-pa-isbreen\/\" \/>\n<meta property=\"og:locale\" content=\"en_US\" \/>\n<meta property=\"og:type\" content=\"article\" \/>\n<meta property=\"og:title\" content=\"Rype p\u00e5 isbreen &#8226; Norwegian Made\" \/>\n<meta property=\"og:description\" content=\"Rypeanheng i 925 s\u00f8lv\u00a0med ekte rypefj\u00e6r og slipte steiner i 45 cm ankerkjede.\u00a0\" \/>\n<meta property=\"og:url\" content=\"https:\/\/norwegianmade.no\/produkt\/rype-pa-isbreen\/\" \/>\n<meta property=\"og:site_name\" content=\"Norwegian Made\" \/>\n<meta property=\"og:image\" content=\"https:\/\/norwegianmade.no\/wp-content\/uploads\/2022\/05\/Fjellrype-med-ekte-rypefjaer-scaled-1.jpg\" \/>\n\t<meta property=\"og:image:width\" content=\"1707\" \/>\n\t<meta property=\"og:image:height\" content=\"2560\" \/>\n\t<meta property=\"og:image:type\" content=\"image\/jpeg\" \/>\n<meta name=\"twitter:card\" content=\"summary_large_image\" \/>\n<script type=\"application\/ld+json\" class=\"yoast-schema-graph\">{\"@context\":\"https:\/\/schema.org\",\"@graph\":[{\"@type\":\"WebPage\",\"@id\":\"https:\/\/norwegianmade.no\/produkt\/rype-pa-isbreen\/\",\"url\":\"https:\/\/norwegianmade.no\/produkt\/rype-pa-isbreen\/\",\"name\":\"Rype p\u00e5 isbreen &#8226; Norwegian Made\",\"isPartOf\":{\"@id\":\"https:\/\/norwegianmade.no\/#website\"},\"primaryImageOfPage\":{\"@id\":\"https:\/\/norwegianmade.no\/produkt\/rype-pa-isbreen\/#primaryimage\"},\"image\":{\"@id\":\"https:\/\/norwegianmade.no\/produkt\/rype-pa-isbreen\/#primaryimage\"},\"thumbnailUrl\":\"https:\/\/norwegianmade.no\/wp-content\/uploads\/2022\/05\/Fjellrype-med-ekte-rypefjaer-scaled-1.jpg\",\"datePublished\":\"2022-05-12T06:16:35+00:00\",\"breadcrumb\":{\"@id\":\"https:\/\/norwegianmade.no\/produkt\/rype-pa-isbreen\/#breadcrumb\"},\"inLanguage\":\"en-US\",\"potentialAction\":[{\"@type\":\"ReadAction\",\"target\":[\"https:\/\/norwegianmade.no\/produkt\/rype-pa-isbreen\/\"]}]},{\"@type\":\"ImageObject\",\"inLanguage\":\"en-US\",\"@id\":\"https:\/\/norwegianmade.no\/produkt\/rype-pa-isbreen\/#primaryimage\",\"url\":\"https:\/\/norwegianmade.no\/wp-content\/uploads\/2022\/05\/Fjellrype-med-ekte-rypefjaer-scaled-1.jpg\",\"contentUrl\":\"https:\/\/norwegianmade.no\/wp-content\/uploads\/2022\/05\/Fjellrype-med-ekte-rypefjaer-scaled-1.jpg\",\"width\":1707,\"height\":2560},{\"@type\":\"BreadcrumbList\",\"@id\":\"https:\/\/norwegianmade.no\/produkt\/rype-pa-isbreen\/#breadcrumb\",\"itemListElement\":[{\"@type\":\"ListItem\",\"position\":1,\"name\":\"Hjem\",\"item\":\"https:\/\/norwegianmade.no\/en\/\"},{\"@type\":\"ListItem\",\"position\":2,\"name\":\"Shop\",\"item\":\"https:\/\/norwegianmade.no\/en\/shop\/\"},{\"@type\":\"ListItem\",\"position\":3,\"name\":\"Rype p\u00e5 isbreen\"}]},{\"@type\":\"WebSite\",\"@id\":\"https:\/\/norwegianmade.no\/#website\",\"url\":\"https:\/\/norwegianmade.no\/\",\"name\":\"Norwegian Made\",\"description\":\"Norges st\u00f8rste markedsplass for norske produsenter\",\"publisher\":{\"@id\":\"https:\/\/norwegianmade.no\/#organization\"},\"potentialAction\":[{\"@type\":\"SearchAction\",\"target\":{\"@type\":\"EntryPoint\",\"urlTemplate\":\"https:\/\/norwegianmade.no\/?s={search_term_string}\"},\"query-input\":{\"@type\":\"PropertyValueSpecification\",\"valueRequired\":true,\"valueName\":\"search_term_string\"}}],\"inLanguage\":\"en-US\"},{\"@type\":\"Organization\",\"@id\":\"https:\/\/norwegianmade.no\/#organization\",\"name\":\"Norwegian Made\",\"url\":\"https:\/\/norwegianmade.no\/\",\"logo\":{\"@type\":\"ImageObject\",\"inLanguage\":\"en-US\",\"@id\":\"https:\/\/norwegianmade.no\/#\/schema\/logo\/image\/\",\"url\":\"https:\/\/norwegianmade.no\/wp-content\/uploads\/2020\/11\/logo-liggende-norwegian-made-web.png\",\"contentUrl\":\"https:\/\/norwegianmade.no\/wp-content\/uploads\/2020\/11\/logo-liggende-norwegian-made-web.png\",\"width\":200,\"height\":58,\"caption\":\"Norwegian Made\"},\"image\":{\"@id\":\"https:\/\/norwegianmade.no\/#\/schema\/logo\/image\/\"}}]}<\/script>\n<!-- \/ Yoast SEO plugin. -->","yoast_head_json":{"title":"Rype p\u00e5 isbreen &#8226; Norwegian Made","robots":{"index":"index","follow":"follow","max-snippet":"max-snippet:-1","max-image-preview":"max-image-preview:large","max-video-preview":"max-video-preview:-1"},"canonical":"https:\/\/norwegianmade.no\/produkt\/rype-pa-isbreen\/","og_locale":"en_US","og_type":"article","og_title":"Rype p\u00e5 isbreen &#8226; Norwegian Made","og_description":"Rypeanheng i 925 s\u00f8lv\u00a0med ekte rypefj\u00e6r og slipte steiner i 45 cm ankerkjede.\u00a0","og_url":"https:\/\/norwegianmade.no\/produkt\/rype-pa-isbreen\/","og_site_name":"Norwegian Made","og_image":[{"width":1707,"height":2560,"url":"https:\/\/norwegianmade.no\/wp-content\/uploads\/2022\/05\/Fjellrype-med-ekte-rypefjaer-scaled-1.jpg","type":"image\/jpeg"}],"twitter_card":"summary_large_image","schema":{"@context":"https:\/\/schema.org","@graph":[{"@type":"WebPage","@id":"https:\/\/norwegianmade.no\/produkt\/rype-pa-isbreen\/","url":"https:\/\/norwegianmade.no\/produkt\/rype-pa-isbreen\/","name":"Rype p\u00e5 isbreen &#8226; Norwegian Made","isPartOf":{"@id":"https:\/\/norwegianmade.no\/#website"},"primaryImageOfPage":{"@id":"https:\/\/norwegianmade.no\/produkt\/rype-pa-isbreen\/#primaryimage"},"image":{"@id":"https:\/\/norwegianmade.no\/produkt\/rype-pa-isbreen\/#primaryimage"},"thumbnailUrl":"https:\/\/norwegianmade.no\/wp-content\/uploads\/2022\/05\/Fjellrype-med-ekte-rypefjaer-scaled-1.jpg","datePublished":"2022-05-12T06:16:35+00:00","breadcrumb":{"@id":"https:\/\/norwegianmade.no\/produkt\/rype-pa-isbreen\/#breadcrumb"},"inLanguage":"en-US","potentialAction":[{"@type":"ReadAction","target":["https:\/\/norwegianmade.no\/produkt\/rype-pa-isbreen\/"]}]},{"@type":"ImageObject","inLanguage":"en-US","@id":"https:\/\/norwegianmade.no\/produkt\/rype-pa-isbreen\/#primaryimage","url":"https:\/\/norwegianmade.no\/wp-content\/uploads\/2022\/05\/Fjellrype-med-ekte-rypefjaer-scaled-1.jpg","contentUrl":"https:\/\/norwegianmade.no\/wp-content\/uploads\/2022\/05\/Fjellrype-med-ekte-rypefjaer-scaled-1.jpg","width":1707,"height":2560},{"@type":"BreadcrumbList","@id":"https:\/\/norwegianmade.no\/produkt\/rype-pa-isbreen\/#breadcrumb","itemListElement":[{"@type":"ListItem","position":1,"name":"Hjem","item":"https:\/\/norwegianmade.no\/en\/"},{"@type":"ListItem","position":2,"name":"Shop","item":"https:\/\/norwegianmade.no\/en\/shop\/"},{"@type":"ListItem","position":3,"name":"Rype p\u00e5 isbreen"}]},{"@type":"WebSite","@id":"https:\/\/norwegianmade.no\/#website","url":"https:\/\/norwegianmade.no\/","name":"Norwegian Made","description":"Norges st\u00f8rste markedsplass for norske produsenter","publisher":{"@id":"https:\/\/norwegianmade.no\/#organization"},"potentialAction":[{"@type":"SearchAction","target":{"@type":"EntryPoint","urlTemplate":"https:\/\/norwegianmade.no\/?s={search_term_string}"},"query-input":{"@type":"PropertyValueSpecification","valueRequired":true,"valueName":"search_term_string"}}],"inLanguage":"en-US"},{"@type":"Organization","@id":"https:\/\/norwegianmade.no\/#organization","name":"Norwegian Made","url":"https:\/\/norwegianmade.no\/","logo":{"@type":"ImageObject","inLanguage":"en-US","@id":"https:\/\/norwegianmade.no\/#\/schema\/logo\/image\/","url":"https:\/\/norwegianmade.no\/wp-content\/uploads\/2020\/11\/logo-liggende-norwegian-made-web.png","contentUrl":"https:\/\/norwegianmade.no\/wp-content\/uploads\/2020\/11\/logo-liggende-norwegian-made-web.png","width":200,"height":58,"caption":"Norwegian Made"},"image":{"@id":"https:\/\/norwegianmade.no\/#\/schema\/logo\/image\/"}}]}},"_links":{"self":[{"href":"https:\/\/norwegianmade.no\/en\/wp-json\/wp\/v2\/product\/15096","targetHints":{"allow":["GET"]}}],"collection":[{"href":"https:\/\/norwegianmade.no\/en\/wp-json\/wp\/v2\/product"}],"about":[{"href":"https:\/\/norwegianmade.no\/en\/wp-json\/wp\/v2\/types\/product"}],"replies":[{"embeddable":true,"href":"https:\/\/norwegianmade.no\/en\/wp-json\/wp\/v2\/comments?post=15096"}],"wp:featuredmedia":[{"embeddable":true,"href":"https:\/\/norwegianmade.no\/en\/wp-json\/wp\/v2\/media\/15094"}],"wp:attachment":[{"href":"https:\/\/norwegianmade.no\/en\/wp-json\/wp\/v2\/media?parent=15096"}],"wp:term":[{"taxonomy":"product_brand","embeddable":true,"href":"https:\/\/norwegianmade.no\/en\/wp-json\/wp\/v2\/product_brand?post=15096"},{"taxonomy":"product_cat","embeddable":true,"href":"https:\/\/norwegianmade.no\/en\/wp-json\/wp\/v2\/product_cat?post=15096"},{"taxonomy":"product_tag","embeddable":true,"href":"https:\/\/norwegianmade.no\/en\/wp-json\/wp\/v2\/product_tag?post=15096"}],"curies":[{"name":"wp","href":"https:\/\/api.w.org\/{rel}","templated":true}]}}