{"id":15114,"date":"2022-05-12T08:25:39","date_gmt":"2022-05-12T06:25:39","guid":{"rendered":"https:\/\/norwegianmade.no\/markedsplass\/rabot-hytta-multibruksanheng-oksidert\/"},"modified":"2022-05-12T08:25:39","modified_gmt":"2022-05-12T06:25:39","slug":"rabot-hytta-multibruksanheng-oksidert","status":"publish","type":"product","link":"https:\/\/norwegianmade.no\/en\/produkt\/rabot-hytta-multibruksanheng-oksidert\/","title":{"rendered":"Rabot-hytta multibruksanheng oksidert"},"content":{"rendered":"<p>Anhenget er designet og produsert i 925 massivt s\u00f8lv av gullsmed<br \/>\nMerete Mattson i samarbeid med Hemnes Turistforening og Hemnes Kommune<br \/>\n(se gjerne<a href=\"http:\/\/visitokstindan.com\/rabothytta\/\"> visitokstindan.com\/rabothytta\/<\/a>).<br \/>\n Dette anhenget har en litt stor hempe med \u00e5pne-\/lukkemekanisme s\u00e5 gj\u00f8r<br \/>\nat den lett kan hektes p\u00e5 glidel\u00e5sen p\u00e5 favoritt-turjakken, snora p\u00e5<br \/>\nsekken, henges i \u00f8ret eller som smykke i et kjede.<\/p>\n<p>Alle r\u00e5stoffer (edelmetaller) til smykkeproduksjonen er levert av<br \/>\nNorske produsenter og restmaterialer blir returnert og raffinert p\u00e5<br \/>\nnytt, b\u00e6rekraftig og milj\u00f8vennlig.<\/p>\n<p>Rabot-hytta, Norges fineste ubetjente turisthytte,<\/p>\n<div class=\"elementor-element elementor-element-c392d91 elementor-widget elementor-widget-text-editor\" data-id=\"c392d91\" data-element_type=\"widget\" data-widget_type=\"text-editor.default\">\n<div class=\"elementor-widget-container\">\n<div class=\"elementor-text-editor elementor-clearfix\">Stemt fram av turglade nordmenn sommeren 2020!<\/div>\n<\/div>\n<\/div>\n<p>Rabothytta, DNT-hytte nr. 500, ligger p\u00e5 1200 m.o.h., like ved<br \/>\nbrekanten i Okstindanmassivet og med nydelig utsikt helt til<br \/>\nHelgelandskysten. Den har en robust arkitektur og en unik design, som i<br \/>\nkombinasjon med den spektakul\u00e6re naturen, gir f\u00f8lelsen av \u00e5 v\u00e6re \u00abute<br \/>\ninne\u00bb.<\/p>\n<p>Rabothytta \u00e5pnet i 2014 og er signert de kjente arkitektene<br \/>\nJarmund\/Vigsn\u00e6s AS. Den er bygd p\u00e5 dugnad av Hemnes Turistforening, en<br \/>\nliten forening som kun hadde rundt 300 medlemmer da de startet dette<br \/>\nambisi\u00f8se prosjektet. Navnet stammer fra Fridtjof Nansens gode venn,<br \/>\nfranskmannen Charles Rabot, som i 1883 var en av f\u00f8rstebestiger p\u00e5<br \/>\nOksskolten sammen med samen Klemet.<\/p><\/p>\n","protected":false},"excerpt":{"rendered":"<p>Rabot-hytta multianheng i 925 s\u00f8lv designet og produsert av M.Mattson<\/p>\n","protected":false},"featured_media":15112,"comment_status":"open","ping_status":"closed","template":"","meta":{"_acf_changed":false},"product_brand":[],"product_cat":[140,62,106],"product_tag":[],"class_list":{"0":"post-15114","1":"product","2":"type-product","3":"status-publish","4":"has-post-thumbnail","6":"product_vendor-gullsmed-merete-mattson","7":"product_cat-halskjeder-og-anheng","8":"product_cat-smykker","9":"product_cat-solvsmykker","11":"first","12":"instock","13":"taxable","14":"shipping-taxable","15":"product-type-external"},"acf":[],"yoast_head":"<!-- This site is optimized with the Yoast SEO plugin v27.1.1 - https:\/\/yoast.com\/product\/yoast-seo-wordpress\/ -->\n<title>Rabot-hytta multibruksanheng oksidert &#8226; Norwegian Made<\/title>\n<meta name=\"robots\" content=\"index, follow, max-snippet:-1, max-image-preview:large, max-video-preview:-1\" \/>\n<link rel=\"canonical\" href=\"https:\/\/norwegianmade.no\/produkt\/rabot-hytta-multibruksanheng-oksidert\/\" \/>\n<meta property=\"og:locale\" content=\"en_US\" \/>\n<meta property=\"og:type\" content=\"article\" \/>\n<meta property=\"og:title\" content=\"Rabot-hytta multibruksanheng oksidert &#8226; Norwegian Made\" \/>\n<meta property=\"og:description\" content=\"Rabot-hytta multianheng i 925 s\u00f8lv designet og produsert av M.Mattson\" \/>\n<meta property=\"og:url\" content=\"https:\/\/norwegianmade.no\/produkt\/rabot-hytta-multibruksanheng-oksidert\/\" \/>\n<meta property=\"og:site_name\" content=\"Norwegian Made\" \/>\n<meta property=\"og:image\" content=\"https:\/\/norwegianmade.no\/wp-content\/uploads\/2022\/05\/Rabot-hytta-multianheng-scaled-1.jpg\" \/>\n\t<meta property=\"og:image:width\" content=\"1920\" \/>\n\t<meta property=\"og:image:height\" content=\"2560\" \/>\n\t<meta property=\"og:image:type\" content=\"image\/jpeg\" \/>\n<meta name=\"twitter:card\" content=\"summary_large_image\" \/>\n<meta name=\"twitter:label1\" content=\"Est. reading time\" \/>\n\t<meta name=\"twitter:data1\" content=\"1 minute\" \/>\n<script type=\"application\/ld+json\" class=\"yoast-schema-graph\">{\"@context\":\"https:\/\/schema.org\",\"@graph\":[{\"@type\":\"WebPage\",\"@id\":\"https:\/\/norwegianmade.no\/produkt\/rabot-hytta-multibruksanheng-oksidert\/\",\"url\":\"https:\/\/norwegianmade.no\/produkt\/rabot-hytta-multibruksanheng-oksidert\/\",\"name\":\"Rabot-hytta multibruksanheng oksidert &#8226; Norwegian Made\",\"isPartOf\":{\"@id\":\"https:\/\/norwegianmade.no\/#website\"},\"primaryImageOfPage\":{\"@id\":\"https:\/\/norwegianmade.no\/produkt\/rabot-hytta-multibruksanheng-oksidert\/#primaryimage\"},\"image\":{\"@id\":\"https:\/\/norwegianmade.no\/produkt\/rabot-hytta-multibruksanheng-oksidert\/#primaryimage\"},\"thumbnailUrl\":\"https:\/\/norwegianmade.no\/wp-content\/uploads\/2022\/05\/Rabot-hytta-multianheng-scaled-1.jpg\",\"datePublished\":\"2022-05-12T06:25:39+00:00\",\"breadcrumb\":{\"@id\":\"https:\/\/norwegianmade.no\/produkt\/rabot-hytta-multibruksanheng-oksidert\/#breadcrumb\"},\"inLanguage\":\"en-US\",\"potentialAction\":[{\"@type\":\"ReadAction\",\"target\":[\"https:\/\/norwegianmade.no\/produkt\/rabot-hytta-multibruksanheng-oksidert\/\"]}]},{\"@type\":\"ImageObject\",\"inLanguage\":\"en-US\",\"@id\":\"https:\/\/norwegianmade.no\/produkt\/rabot-hytta-multibruksanheng-oksidert\/#primaryimage\",\"url\":\"https:\/\/norwegianmade.no\/wp-content\/uploads\/2022\/05\/Rabot-hytta-multianheng-scaled-1.jpg\",\"contentUrl\":\"https:\/\/norwegianmade.no\/wp-content\/uploads\/2022\/05\/Rabot-hytta-multianheng-scaled-1.jpg\",\"width\":1920,\"height\":2560},{\"@type\":\"BreadcrumbList\",\"@id\":\"https:\/\/norwegianmade.no\/produkt\/rabot-hytta-multibruksanheng-oksidert\/#breadcrumb\",\"itemListElement\":[{\"@type\":\"ListItem\",\"position\":1,\"name\":\"Hjem\",\"item\":\"https:\/\/norwegianmade.no\/en\/\"},{\"@type\":\"ListItem\",\"position\":2,\"name\":\"Shop\",\"item\":\"https:\/\/norwegianmade.no\/en\/shop\/\"},{\"@type\":\"ListItem\",\"position\":3,\"name\":\"Rabot-hytta multibruksanheng oksidert\"}]},{\"@type\":\"WebSite\",\"@id\":\"https:\/\/norwegianmade.no\/#website\",\"url\":\"https:\/\/norwegianmade.no\/\",\"name\":\"Norwegian Made\",\"description\":\"Norges st\u00f8rste markedsplass for norske produsenter\",\"publisher\":{\"@id\":\"https:\/\/norwegianmade.no\/#organization\"},\"potentialAction\":[{\"@type\":\"SearchAction\",\"target\":{\"@type\":\"EntryPoint\",\"urlTemplate\":\"https:\/\/norwegianmade.no\/?s={search_term_string}\"},\"query-input\":{\"@type\":\"PropertyValueSpecification\",\"valueRequired\":true,\"valueName\":\"search_term_string\"}}],\"inLanguage\":\"en-US\"},{\"@type\":\"Organization\",\"@id\":\"https:\/\/norwegianmade.no\/#organization\",\"name\":\"Norwegian Made\",\"url\":\"https:\/\/norwegianmade.no\/\",\"logo\":{\"@type\":\"ImageObject\",\"inLanguage\":\"en-US\",\"@id\":\"https:\/\/norwegianmade.no\/#\/schema\/logo\/image\/\",\"url\":\"https:\/\/norwegianmade.no\/wp-content\/uploads\/2020\/11\/logo-liggende-norwegian-made-web.png\",\"contentUrl\":\"https:\/\/norwegianmade.no\/wp-content\/uploads\/2020\/11\/logo-liggende-norwegian-made-web.png\",\"width\":200,\"height\":58,\"caption\":\"Norwegian Made\"},\"image\":{\"@id\":\"https:\/\/norwegianmade.no\/#\/schema\/logo\/image\/\"}}]}<\/script>\n<!-- \/ Yoast SEO plugin. -->","yoast_head_json":{"title":"Rabot-hytta multibruksanheng oksidert &#8226; Norwegian Made","robots":{"index":"index","follow":"follow","max-snippet":"max-snippet:-1","max-image-preview":"max-image-preview:large","max-video-preview":"max-video-preview:-1"},"canonical":"https:\/\/norwegianmade.no\/produkt\/rabot-hytta-multibruksanheng-oksidert\/","og_locale":"en_US","og_type":"article","og_title":"Rabot-hytta multibruksanheng oksidert &#8226; Norwegian Made","og_description":"Rabot-hytta multianheng i 925 s\u00f8lv designet og produsert av M.Mattson","og_url":"https:\/\/norwegianmade.no\/produkt\/rabot-hytta-multibruksanheng-oksidert\/","og_site_name":"Norwegian Made","og_image":[{"width":1920,"height":2560,"url":"https:\/\/norwegianmade.no\/wp-content\/uploads\/2022\/05\/Rabot-hytta-multianheng-scaled-1.jpg","type":"image\/jpeg"}],"twitter_card":"summary_large_image","twitter_misc":{"Est. reading time":"1 minute"},"schema":{"@context":"https:\/\/schema.org","@graph":[{"@type":"WebPage","@id":"https:\/\/norwegianmade.no\/produkt\/rabot-hytta-multibruksanheng-oksidert\/","url":"https:\/\/norwegianmade.no\/produkt\/rabot-hytta-multibruksanheng-oksidert\/","name":"Rabot-hytta multibruksanheng oksidert &#8226; Norwegian Made","isPartOf":{"@id":"https:\/\/norwegianmade.no\/#website"},"primaryImageOfPage":{"@id":"https:\/\/norwegianmade.no\/produkt\/rabot-hytta-multibruksanheng-oksidert\/#primaryimage"},"image":{"@id":"https:\/\/norwegianmade.no\/produkt\/rabot-hytta-multibruksanheng-oksidert\/#primaryimage"},"thumbnailUrl":"https:\/\/norwegianmade.no\/wp-content\/uploads\/2022\/05\/Rabot-hytta-multianheng-scaled-1.jpg","datePublished":"2022-05-12T06:25:39+00:00","breadcrumb":{"@id":"https:\/\/norwegianmade.no\/produkt\/rabot-hytta-multibruksanheng-oksidert\/#breadcrumb"},"inLanguage":"en-US","potentialAction":[{"@type":"ReadAction","target":["https:\/\/norwegianmade.no\/produkt\/rabot-hytta-multibruksanheng-oksidert\/"]}]},{"@type":"ImageObject","inLanguage":"en-US","@id":"https:\/\/norwegianmade.no\/produkt\/rabot-hytta-multibruksanheng-oksidert\/#primaryimage","url":"https:\/\/norwegianmade.no\/wp-content\/uploads\/2022\/05\/Rabot-hytta-multianheng-scaled-1.jpg","contentUrl":"https:\/\/norwegianmade.no\/wp-content\/uploads\/2022\/05\/Rabot-hytta-multianheng-scaled-1.jpg","width":1920,"height":2560},{"@type":"BreadcrumbList","@id":"https:\/\/norwegianmade.no\/produkt\/rabot-hytta-multibruksanheng-oksidert\/#breadcrumb","itemListElement":[{"@type":"ListItem","position":1,"name":"Hjem","item":"https:\/\/norwegianmade.no\/en\/"},{"@type":"ListItem","position":2,"name":"Shop","item":"https:\/\/norwegianmade.no\/en\/shop\/"},{"@type":"ListItem","position":3,"name":"Rabot-hytta multibruksanheng oksidert"}]},{"@type":"WebSite","@id":"https:\/\/norwegianmade.no\/#website","url":"https:\/\/norwegianmade.no\/","name":"Norwegian Made","description":"Norges st\u00f8rste markedsplass for norske produsenter","publisher":{"@id":"https:\/\/norwegianmade.no\/#organization"},"potentialAction":[{"@type":"SearchAction","target":{"@type":"EntryPoint","urlTemplate":"https:\/\/norwegianmade.no\/?s={search_term_string}"},"query-input":{"@type":"PropertyValueSpecification","valueRequired":true,"valueName":"search_term_string"}}],"inLanguage":"en-US"},{"@type":"Organization","@id":"https:\/\/norwegianmade.no\/#organization","name":"Norwegian Made","url":"https:\/\/norwegianmade.no\/","logo":{"@type":"ImageObject","inLanguage":"en-US","@id":"https:\/\/norwegianmade.no\/#\/schema\/logo\/image\/","url":"https:\/\/norwegianmade.no\/wp-content\/uploads\/2020\/11\/logo-liggende-norwegian-made-web.png","contentUrl":"https:\/\/norwegianmade.no\/wp-content\/uploads\/2020\/11\/logo-liggende-norwegian-made-web.png","width":200,"height":58,"caption":"Norwegian Made"},"image":{"@id":"https:\/\/norwegianmade.no\/#\/schema\/logo\/image\/"}}]}},"_links":{"self":[{"href":"https:\/\/norwegianmade.no\/en\/wp-json\/wp\/v2\/product\/15114","targetHints":{"allow":["GET"]}}],"collection":[{"href":"https:\/\/norwegianmade.no\/en\/wp-json\/wp\/v2\/product"}],"about":[{"href":"https:\/\/norwegianmade.no\/en\/wp-json\/wp\/v2\/types\/product"}],"replies":[{"embeddable":true,"href":"https:\/\/norwegianmade.no\/en\/wp-json\/wp\/v2\/comments?post=15114"}],"wp:featuredmedia":[{"embeddable":true,"href":"https:\/\/norwegianmade.no\/en\/wp-json\/wp\/v2\/media\/15112"}],"wp:attachment":[{"href":"https:\/\/norwegianmade.no\/en\/wp-json\/wp\/v2\/media?parent=15114"}],"wp:term":[{"taxonomy":"product_brand","embeddable":true,"href":"https:\/\/norwegianmade.no\/en\/wp-json\/wp\/v2\/product_brand?post=15114"},{"taxonomy":"product_cat","embeddable":true,"href":"https:\/\/norwegianmade.no\/en\/wp-json\/wp\/v2\/product_cat?post=15114"},{"taxonomy":"product_tag","embeddable":true,"href":"https:\/\/norwegianmade.no\/en\/wp-json\/wp\/v2\/product_tag?post=15114"}],"curies":[{"name":"wp","href":"https:\/\/api.w.org\/{rel}","templated":true}]}}