{"id":15132,"date":"2022-05-12T08:33:41","date_gmt":"2022-05-12T06:33:41","guid":{"rendered":"https:\/\/norwegianmade.no\/markedsplass\/havmannen-stort-anheng-i-solv-gummikjede\/"},"modified":"2025-10-28T01:34:09","modified_gmt":"2025-10-28T00:34:09","slug":"havmannen-stort-anheng-i-solv-gummikjede","status":"publish","type":"product","link":"https:\/\/norwegianmade.no\/en\/produkt\/havmannen-stort-anheng-i-solv-gummikjede\/","title":{"rendered":"Havmannen, stort anheng i s\u00f8lv, gummikjede"},"content":{"rendered":"<p>Havmannen anheng i 925 s\u00f8lv, er et stilrent anheng med litt tyngde og passer godt til b\u00e5de han og henne.<\/p>\n<p>Havmannen er en del av skulpturlandskap Nordland, den er produsert av<br \/>Antony Gormley og st\u00e5r i sj\u00f8en rett utenfor Mo i Rana sentrum. Det er<br \/>en ca 15 meter h\u00f8y granittskulptur som symboliserer industriarbeideren i<br \/>Jernverksbyen.<\/p>\n","protected":false},"excerpt":{"rendered":"<h2><\/h2>\n<p>Havmannen anheng i 925 s\u00f8lv, er et stilrent anheng med litt tyngde og passer godt til b\u00e5de han og henne.<\/p><\/p>\n","protected":false},"featured_media":15133,"comment_status":"open","ping_status":"closed","template":"","meta":{"_acf_changed":false},"product_brand":[],"product_cat":[140,147,62,106],"product_tag":[],"class_list":{"0":"post-15132","1":"product","2":"type-product","3":"status-publish","4":"has-post-thumbnail","6":"product_vendor-gullsmed-merete-mattson","7":"product_cat-halskjeder-og-anheng","8":"product_cat-herresmykker","9":"product_cat-smykker","10":"product_cat-solvsmykker","12":"first","13":"instock","14":"taxable","15":"shipping-taxable","16":"product-type-external"},"acf":[],"yoast_head":"<!-- This site is optimized with the Yoast SEO plugin v27.1.1 - https:\/\/yoast.com\/product\/yoast-seo-wordpress\/ -->\n<title>Havmannen, stort anheng i s\u00f8lv, gummikjede &#8226; Norwegian Made<\/title>\n<meta name=\"robots\" content=\"index, follow, max-snippet:-1, max-image-preview:large, max-video-preview:-1\" \/>\n<link rel=\"canonical\" href=\"https:\/\/norwegianmade.no\/produkt\/havmannen-stort-anheng-i-solv-gummikjede\/\" \/>\n<meta property=\"og:locale\" content=\"en_US\" \/>\n<meta property=\"og:type\" content=\"article\" \/>\n<meta property=\"og:title\" content=\"Havmannen, stort anheng i s\u00f8lv, gummikjede &#8226; Norwegian Made\" \/>\n<meta property=\"og:description\" content=\"Havmannen anheng i 925 s\u00f8lv, er et stilrent anheng med litt tyngde og passer godt til b\u00e5de han og henne.\" \/>\n<meta property=\"og:url\" content=\"https:\/\/norwegianmade.no\/produkt\/havmannen-stort-anheng-i-solv-gummikjede\/\" \/>\n<meta property=\"og:site_name\" content=\"Norwegian Made\" \/>\n<meta property=\"article:modified_time\" content=\"2025-10-28T00:34:09+00:00\" \/>\n<meta property=\"og:image\" content=\"https:\/\/norwegianmade.no\/wp-content\/uploads\/2022\/05\/Havmannen-scaled-2.jpg\" \/>\n\t<meta property=\"og:image:width\" content=\"2288\" \/>\n\t<meta property=\"og:image:height\" content=\"2560\" \/>\n\t<meta property=\"og:image:type\" content=\"image\/jpeg\" \/>\n<meta name=\"twitter:card\" content=\"summary_large_image\" \/>\n<script type=\"application\/ld+json\" class=\"yoast-schema-graph\">{\"@context\":\"https:\/\/schema.org\",\"@graph\":[{\"@type\":\"WebPage\",\"@id\":\"https:\/\/norwegianmade.no\/produkt\/havmannen-stort-anheng-i-solv-gummikjede\/\",\"url\":\"https:\/\/norwegianmade.no\/produkt\/havmannen-stort-anheng-i-solv-gummikjede\/\",\"name\":\"Havmannen, stort anheng i s\u00f8lv, gummikjede &#8226; Norwegian Made\",\"isPartOf\":{\"@id\":\"https:\/\/norwegianmade.no\/#website\"},\"primaryImageOfPage\":{\"@id\":\"https:\/\/norwegianmade.no\/produkt\/havmannen-stort-anheng-i-solv-gummikjede\/#primaryimage\"},\"image\":{\"@id\":\"https:\/\/norwegianmade.no\/produkt\/havmannen-stort-anheng-i-solv-gummikjede\/#primaryimage\"},\"thumbnailUrl\":\"https:\/\/norwegianmade.no\/wp-content\/uploads\/2022\/05\/Havmannen-scaled-2.jpg\",\"datePublished\":\"2022-05-12T06:33:41+00:00\",\"dateModified\":\"2025-10-28T00:34:09+00:00\",\"breadcrumb\":{\"@id\":\"https:\/\/norwegianmade.no\/produkt\/havmannen-stort-anheng-i-solv-gummikjede\/#breadcrumb\"},\"inLanguage\":\"en-US\",\"potentialAction\":[{\"@type\":\"ReadAction\",\"target\":[\"https:\/\/norwegianmade.no\/produkt\/havmannen-stort-anheng-i-solv-gummikjede\/\"]}]},{\"@type\":\"ImageObject\",\"inLanguage\":\"en-US\",\"@id\":\"https:\/\/norwegianmade.no\/produkt\/havmannen-stort-anheng-i-solv-gummikjede\/#primaryimage\",\"url\":\"https:\/\/norwegianmade.no\/wp-content\/uploads\/2022\/05\/Havmannen-scaled-2.jpg\",\"contentUrl\":\"https:\/\/norwegianmade.no\/wp-content\/uploads\/2022\/05\/Havmannen-scaled-2.jpg\",\"width\":2288,\"height\":2560},{\"@type\":\"BreadcrumbList\",\"@id\":\"https:\/\/norwegianmade.no\/produkt\/havmannen-stort-anheng-i-solv-gummikjede\/#breadcrumb\",\"itemListElement\":[{\"@type\":\"ListItem\",\"position\":1,\"name\":\"Hjem\",\"item\":\"https:\/\/norwegianmade.no\/en\/\"},{\"@type\":\"ListItem\",\"position\":2,\"name\":\"Shop\",\"item\":\"https:\/\/norwegianmade.no\/en\/shop\/\"},{\"@type\":\"ListItem\",\"position\":3,\"name\":\"Havmannen, stort anheng i s\u00f8lv, gummikjede\"}]},{\"@type\":\"WebSite\",\"@id\":\"https:\/\/norwegianmade.no\/#website\",\"url\":\"https:\/\/norwegianmade.no\/\",\"name\":\"Norwegian Made\",\"description\":\"Norges st\u00f8rste markedsplass for norske produsenter\",\"publisher\":{\"@id\":\"https:\/\/norwegianmade.no\/#organization\"},\"potentialAction\":[{\"@type\":\"SearchAction\",\"target\":{\"@type\":\"EntryPoint\",\"urlTemplate\":\"https:\/\/norwegianmade.no\/?s={search_term_string}\"},\"query-input\":{\"@type\":\"PropertyValueSpecification\",\"valueRequired\":true,\"valueName\":\"search_term_string\"}}],\"inLanguage\":\"en-US\"},{\"@type\":\"Organization\",\"@id\":\"https:\/\/norwegianmade.no\/#organization\",\"name\":\"Norwegian Made\",\"url\":\"https:\/\/norwegianmade.no\/\",\"logo\":{\"@type\":\"ImageObject\",\"inLanguage\":\"en-US\",\"@id\":\"https:\/\/norwegianmade.no\/#\/schema\/logo\/image\/\",\"url\":\"https:\/\/norwegianmade.no\/wp-content\/uploads\/2020\/11\/logo-liggende-norwegian-made-web.png\",\"contentUrl\":\"https:\/\/norwegianmade.no\/wp-content\/uploads\/2020\/11\/logo-liggende-norwegian-made-web.png\",\"width\":200,\"height\":58,\"caption\":\"Norwegian Made\"},\"image\":{\"@id\":\"https:\/\/norwegianmade.no\/#\/schema\/logo\/image\/\"}}]}<\/script>\n<!-- \/ Yoast SEO plugin. -->","yoast_head_json":{"title":"Havmannen, stort anheng i s\u00f8lv, gummikjede &#8226; Norwegian Made","robots":{"index":"index","follow":"follow","max-snippet":"max-snippet:-1","max-image-preview":"max-image-preview:large","max-video-preview":"max-video-preview:-1"},"canonical":"https:\/\/norwegianmade.no\/produkt\/havmannen-stort-anheng-i-solv-gummikjede\/","og_locale":"en_US","og_type":"article","og_title":"Havmannen, stort anheng i s\u00f8lv, gummikjede &#8226; Norwegian Made","og_description":"Havmannen anheng i 925 s\u00f8lv, er et stilrent anheng med litt tyngde og passer godt til b\u00e5de han og henne.","og_url":"https:\/\/norwegianmade.no\/produkt\/havmannen-stort-anheng-i-solv-gummikjede\/","og_site_name":"Norwegian Made","article_modified_time":"2025-10-28T00:34:09+00:00","og_image":[{"width":2288,"height":2560,"url":"https:\/\/norwegianmade.no\/wp-content\/uploads\/2022\/05\/Havmannen-scaled-2.jpg","type":"image\/jpeg"}],"twitter_card":"summary_large_image","schema":{"@context":"https:\/\/schema.org","@graph":[{"@type":"WebPage","@id":"https:\/\/norwegianmade.no\/produkt\/havmannen-stort-anheng-i-solv-gummikjede\/","url":"https:\/\/norwegianmade.no\/produkt\/havmannen-stort-anheng-i-solv-gummikjede\/","name":"Havmannen, stort anheng i s\u00f8lv, gummikjede &#8226; Norwegian Made","isPartOf":{"@id":"https:\/\/norwegianmade.no\/#website"},"primaryImageOfPage":{"@id":"https:\/\/norwegianmade.no\/produkt\/havmannen-stort-anheng-i-solv-gummikjede\/#primaryimage"},"image":{"@id":"https:\/\/norwegianmade.no\/produkt\/havmannen-stort-anheng-i-solv-gummikjede\/#primaryimage"},"thumbnailUrl":"https:\/\/norwegianmade.no\/wp-content\/uploads\/2022\/05\/Havmannen-scaled-2.jpg","datePublished":"2022-05-12T06:33:41+00:00","dateModified":"2025-10-28T00:34:09+00:00","breadcrumb":{"@id":"https:\/\/norwegianmade.no\/produkt\/havmannen-stort-anheng-i-solv-gummikjede\/#breadcrumb"},"inLanguage":"en-US","potentialAction":[{"@type":"ReadAction","target":["https:\/\/norwegianmade.no\/produkt\/havmannen-stort-anheng-i-solv-gummikjede\/"]}]},{"@type":"ImageObject","inLanguage":"en-US","@id":"https:\/\/norwegianmade.no\/produkt\/havmannen-stort-anheng-i-solv-gummikjede\/#primaryimage","url":"https:\/\/norwegianmade.no\/wp-content\/uploads\/2022\/05\/Havmannen-scaled-2.jpg","contentUrl":"https:\/\/norwegianmade.no\/wp-content\/uploads\/2022\/05\/Havmannen-scaled-2.jpg","width":2288,"height":2560},{"@type":"BreadcrumbList","@id":"https:\/\/norwegianmade.no\/produkt\/havmannen-stort-anheng-i-solv-gummikjede\/#breadcrumb","itemListElement":[{"@type":"ListItem","position":1,"name":"Hjem","item":"https:\/\/norwegianmade.no\/en\/"},{"@type":"ListItem","position":2,"name":"Shop","item":"https:\/\/norwegianmade.no\/en\/shop\/"},{"@type":"ListItem","position":3,"name":"Havmannen, stort anheng i s\u00f8lv, gummikjede"}]},{"@type":"WebSite","@id":"https:\/\/norwegianmade.no\/#website","url":"https:\/\/norwegianmade.no\/","name":"Norwegian Made","description":"Norges st\u00f8rste markedsplass for norske produsenter","publisher":{"@id":"https:\/\/norwegianmade.no\/#organization"},"potentialAction":[{"@type":"SearchAction","target":{"@type":"EntryPoint","urlTemplate":"https:\/\/norwegianmade.no\/?s={search_term_string}"},"query-input":{"@type":"PropertyValueSpecification","valueRequired":true,"valueName":"search_term_string"}}],"inLanguage":"en-US"},{"@type":"Organization","@id":"https:\/\/norwegianmade.no\/#organization","name":"Norwegian Made","url":"https:\/\/norwegianmade.no\/","logo":{"@type":"ImageObject","inLanguage":"en-US","@id":"https:\/\/norwegianmade.no\/#\/schema\/logo\/image\/","url":"https:\/\/norwegianmade.no\/wp-content\/uploads\/2020\/11\/logo-liggende-norwegian-made-web.png","contentUrl":"https:\/\/norwegianmade.no\/wp-content\/uploads\/2020\/11\/logo-liggende-norwegian-made-web.png","width":200,"height":58,"caption":"Norwegian Made"},"image":{"@id":"https:\/\/norwegianmade.no\/#\/schema\/logo\/image\/"}}]}},"_links":{"self":[{"href":"https:\/\/norwegianmade.no\/en\/wp-json\/wp\/v2\/product\/15132","targetHints":{"allow":["GET"]}}],"collection":[{"href":"https:\/\/norwegianmade.no\/en\/wp-json\/wp\/v2\/product"}],"about":[{"href":"https:\/\/norwegianmade.no\/en\/wp-json\/wp\/v2\/types\/product"}],"replies":[{"embeddable":true,"href":"https:\/\/norwegianmade.no\/en\/wp-json\/wp\/v2\/comments?post=15132"}],"wp:featuredmedia":[{"embeddable":true,"href":"https:\/\/norwegianmade.no\/en\/wp-json\/wp\/v2\/media\/15133"}],"wp:attachment":[{"href":"https:\/\/norwegianmade.no\/en\/wp-json\/wp\/v2\/media?parent=15132"}],"wp:term":[{"taxonomy":"product_brand","embeddable":true,"href":"https:\/\/norwegianmade.no\/en\/wp-json\/wp\/v2\/product_brand?post=15132"},{"taxonomy":"product_cat","embeddable":true,"href":"https:\/\/norwegianmade.no\/en\/wp-json\/wp\/v2\/product_cat?post=15132"},{"taxonomy":"product_tag","embeddable":true,"href":"https:\/\/norwegianmade.no\/en\/wp-json\/wp\/v2\/product_tag?post=15132"}],"curies":[{"name":"wp","href":"https:\/\/api.w.org\/{rel}","templated":true}]}}