{"id":15149,"date":"2022-05-12T08:41:59","date_gmt":"2022-05-12T06:41:59","guid":{"rendered":"https:\/\/norwegianmade.no\/markedsplass\/sau-hjerteskjell-ring-liten-regulerbar-gull-mussels-cockles-ring-adjustable\/"},"modified":"2025-10-03T07:38:01","modified_gmt":"2025-10-03T05:38:01","slug":"sau-hjerteskjell-ring-liten-regulerbar-gull-mussels-cockles-ring-adjustable","status":"publish","type":"product","link":"https:\/\/norwegianmade.no\/en\/produkt\/sau-hjerteskjell-ring-liten-regulerbar-gull-mussels-cockles-ring-adjustable\/","title":{"rendered":"Sau-hjerteskjell ring, liten regulerbar gull \u2013 Mussels cockles ring adjustable"},"content":{"rendered":"<p>Sauskjell\/hjerteskjell ring i massivt 925 s\u00f8lv, forgylt med 14 karat gull.\u00a0 Ringen er \u00e5pen og kan reguleres til alle st\u00f8rrelser.<\/p>\n<p>Skjellene er en avst\u00f8pning av skjell plukket i fj\u00e6ra.\u00a0 Jeg kaller<br \/>\nskjellsmykkene for Barndomsminner, da de fleste som har vokst opp ved<br \/>\nkysten eller tilbrakt ferieturer ved kysten, har plukket og samlet p\u00e5<br \/>\nskjell, noen av oss har ogs\u00e5 lekt med skjellene (dette var alts\u00e5 sauen<br \/>\np\u00e5 bondeg\u00e5rden eller p\u00e5 sommerbeite).\u00a0 Om du er 5 \u00e5r eller 85 \u00e5r, sa<br \/>\nvekker skjellene gode minner om fine turer, opplevelser man b\u00e6rer med<br \/>\nseg i hjertet.<\/p>\n<p>Mussels pickt up from the beach in Helgeland, are used as shapes and<br \/>\nmolded in 925 massiv silver.\u00a0 This ring is adjustable and fits all<br \/>\nsizes. It is plattet with 14 karat gold.<\/p>\n<p>Childhood memories from visits at the grandparents\u2019 house near the beach in Northern Norway.<\/p>\n<p>Designed and produced by goldsmith Merete Mattson, Hemnesberget, Norway.<\/p><\/p>\n","protected":false},"excerpt":{"rendered":"<p>Sauskjell\/hjerteskjell ring i massivt 925 s\u00f8lv.\u00a0 Avst\u00f8pning av ekte skjell plukket i fj\u00e6ra.<\/p>\n<p>Barndomsminner. \u00c5pen og regulerbar til alle st\u00f8rrelser.<\/p><\/p>\n","protected":false},"featured_media":15147,"comment_status":"open","ping_status":"closed","template":"","meta":{"_acf_changed":false},"product_brand":[],"product_cat":[142,62,106],"product_tag":[],"class_list":{"0":"post-15149","1":"product","2":"type-product","3":"status-publish","4":"has-post-thumbnail","6":"product_vendor-gullsmed-merete-mattson","7":"product_cat-ringer","8":"product_cat-smykker","9":"product_cat-solvsmykker","11":"first","12":"instock","13":"taxable","14":"shipping-taxable","15":"product-type-external"},"acf":[],"yoast_head":"<!-- This site is optimized with the Yoast SEO plugin v27.1.1 - https:\/\/yoast.com\/product\/yoast-seo-wordpress\/ -->\n<title>Sau-hjerteskjell ring, liten regulerbar gull \u2013 Mussels cockles ring adjustable &#8226; Norwegian Made<\/title>\n<meta name=\"robots\" content=\"index, follow, max-snippet:-1, max-image-preview:large, max-video-preview:-1\" \/>\n<link rel=\"canonical\" href=\"https:\/\/norwegianmade.no\/en\/produkt\/sau-hjerteskjell-ring-liten-regulerbar-gull-mussels-cockles-ring-adjustable\/\" \/>\n<meta property=\"og:locale\" content=\"en_US\" \/>\n<meta property=\"og:type\" content=\"article\" \/>\n<meta property=\"og:title\" content=\"Sau-hjerteskjell ring, liten regulerbar gull \u2013 Mussels cockles ring adjustable &#8226; Norwegian Made\" \/>\n<meta property=\"og:description\" content=\"Sauskjell\/hjerteskjell ring i massivt 925 s\u00f8lv.\u00a0 Avst\u00f8pning av ekte skjell plukket i fj\u00e6ra.Barndomsminner. \u00c5pen og regulerbar til alle st\u00f8rrelser.\" \/>\n<meta property=\"og:url\" content=\"https:\/\/norwegianmade.no\/en\/produkt\/sau-hjerteskjell-ring-liten-regulerbar-gull-mussels-cockles-ring-adjustable\/\" \/>\n<meta property=\"og:site_name\" content=\"Norwegian Made\" \/>\n<meta property=\"article:modified_time\" content=\"2025-10-03T05:38:01+00:00\" \/>\n<meta property=\"og:image\" content=\"https:\/\/norwegianmade.no\/wp-content\/uploads\/2022\/05\/Liten-sauskjellring-forgylt-regulerbar-scaled-1.jpg\" \/>\n\t<meta property=\"og:image:width\" content=\"2560\" \/>\n\t<meta property=\"og:image:height\" content=\"2066\" \/>\n\t<meta property=\"og:image:type\" content=\"image\/jpeg\" \/>\n<meta name=\"twitter:card\" content=\"summary_large_image\" \/>\n<meta name=\"twitter:label1\" content=\"Est. reading time\" \/>\n\t<meta name=\"twitter:data1\" content=\"1 minute\" \/>\n<script type=\"application\/ld+json\" class=\"yoast-schema-graph\">{\"@context\":\"https:\/\/schema.org\",\"@graph\":[{\"@type\":\"WebPage\",\"@id\":\"https:\/\/norwegianmade.no\/en\/produkt\/sau-hjerteskjell-ring-liten-regulerbar-gull-mussels-cockles-ring-adjustable\/\",\"url\":\"https:\/\/norwegianmade.no\/en\/produkt\/sau-hjerteskjell-ring-liten-regulerbar-gull-mussels-cockles-ring-adjustable\/\",\"name\":\"Sau-hjerteskjell ring, liten regulerbar gull \u2013 Mussels cockles ring adjustable &#8226; Norwegian Made\",\"isPartOf\":{\"@id\":\"https:\/\/norwegianmade.no\/#website\"},\"primaryImageOfPage\":{\"@id\":\"https:\/\/norwegianmade.no\/en\/produkt\/sau-hjerteskjell-ring-liten-regulerbar-gull-mussels-cockles-ring-adjustable\/#primaryimage\"},\"image\":{\"@id\":\"https:\/\/norwegianmade.no\/en\/produkt\/sau-hjerteskjell-ring-liten-regulerbar-gull-mussels-cockles-ring-adjustable\/#primaryimage\"},\"thumbnailUrl\":\"https:\/\/norwegianmade.no\/wp-content\/uploads\/2022\/05\/Liten-sauskjellring-forgylt-regulerbar-scaled-1.jpg\",\"datePublished\":\"2022-05-12T06:41:59+00:00\",\"dateModified\":\"2025-10-03T05:38:01+00:00\",\"breadcrumb\":{\"@id\":\"https:\/\/norwegianmade.no\/en\/produkt\/sau-hjerteskjell-ring-liten-regulerbar-gull-mussels-cockles-ring-adjustable\/#breadcrumb\"},\"inLanguage\":\"en-US\",\"potentialAction\":[{\"@type\":\"ReadAction\",\"target\":[\"https:\/\/norwegianmade.no\/en\/produkt\/sau-hjerteskjell-ring-liten-regulerbar-gull-mussels-cockles-ring-adjustable\/\"]}]},{\"@type\":\"ImageObject\",\"inLanguage\":\"en-US\",\"@id\":\"https:\/\/norwegianmade.no\/en\/produkt\/sau-hjerteskjell-ring-liten-regulerbar-gull-mussels-cockles-ring-adjustable\/#primaryimage\",\"url\":\"https:\/\/norwegianmade.no\/wp-content\/uploads\/2022\/05\/Liten-sauskjellring-forgylt-regulerbar-scaled-1.jpg\",\"contentUrl\":\"https:\/\/norwegianmade.no\/wp-content\/uploads\/2022\/05\/Liten-sauskjellring-forgylt-regulerbar-scaled-1.jpg\",\"width\":2560,\"height\":2066},{\"@type\":\"BreadcrumbList\",\"@id\":\"https:\/\/norwegianmade.no\/en\/produkt\/sau-hjerteskjell-ring-liten-regulerbar-gull-mussels-cockles-ring-adjustable\/#breadcrumb\",\"itemListElement\":[{\"@type\":\"ListItem\",\"position\":1,\"name\":\"Hjem\",\"item\":\"https:\/\/norwegianmade.no\/en\/\"},{\"@type\":\"ListItem\",\"position\":2,\"name\":\"Shop\",\"item\":\"https:\/\/norwegianmade.no\/en\/shop\/\"},{\"@type\":\"ListItem\",\"position\":3,\"name\":\"Sau-hjerteskjell ring, liten regulerbar gull \u2013 Mussels cockles ring adjustable\"}]},{\"@type\":\"WebSite\",\"@id\":\"https:\/\/norwegianmade.no\/#website\",\"url\":\"https:\/\/norwegianmade.no\/\",\"name\":\"Norwegian Made\",\"description\":\"Norges st\u00f8rste markedsplass for norske produsenter\",\"publisher\":{\"@id\":\"https:\/\/norwegianmade.no\/#organization\"},\"potentialAction\":[{\"@type\":\"SearchAction\",\"target\":{\"@type\":\"EntryPoint\",\"urlTemplate\":\"https:\/\/norwegianmade.no\/?s={search_term_string}\"},\"query-input\":{\"@type\":\"PropertyValueSpecification\",\"valueRequired\":true,\"valueName\":\"search_term_string\"}}],\"inLanguage\":\"en-US\"},{\"@type\":\"Organization\",\"@id\":\"https:\/\/norwegianmade.no\/#organization\",\"name\":\"Norwegian Made\",\"url\":\"https:\/\/norwegianmade.no\/\",\"logo\":{\"@type\":\"ImageObject\",\"inLanguage\":\"en-US\",\"@id\":\"https:\/\/norwegianmade.no\/#\/schema\/logo\/image\/\",\"url\":\"https:\/\/norwegianmade.no\/wp-content\/uploads\/2020\/11\/logo-liggende-norwegian-made-web.png\",\"contentUrl\":\"https:\/\/norwegianmade.no\/wp-content\/uploads\/2020\/11\/logo-liggende-norwegian-made-web.png\",\"width\":200,\"height\":58,\"caption\":\"Norwegian Made\"},\"image\":{\"@id\":\"https:\/\/norwegianmade.no\/#\/schema\/logo\/image\/\"}}]}<\/script>\n<!-- \/ Yoast SEO plugin. -->","yoast_head_json":{"title":"Sau-hjerteskjell ring, liten regulerbar gull \u2013 Mussels cockles ring adjustable &#8226; Norwegian Made","robots":{"index":"index","follow":"follow","max-snippet":"max-snippet:-1","max-image-preview":"max-image-preview:large","max-video-preview":"max-video-preview:-1"},"canonical":"https:\/\/norwegianmade.no\/en\/produkt\/sau-hjerteskjell-ring-liten-regulerbar-gull-mussels-cockles-ring-adjustable\/","og_locale":"en_US","og_type":"article","og_title":"Sau-hjerteskjell ring, liten regulerbar gull \u2013 Mussels cockles ring adjustable &#8226; Norwegian Made","og_description":"Sauskjell\/hjerteskjell ring i massivt 925 s\u00f8lv.\u00a0 Avst\u00f8pning av ekte skjell plukket i fj\u00e6ra.Barndomsminner. \u00c5pen og regulerbar til alle st\u00f8rrelser.","og_url":"https:\/\/norwegianmade.no\/en\/produkt\/sau-hjerteskjell-ring-liten-regulerbar-gull-mussels-cockles-ring-adjustable\/","og_site_name":"Norwegian Made","article_modified_time":"2025-10-03T05:38:01+00:00","og_image":[{"width":2560,"height":2066,"url":"https:\/\/norwegianmade.no\/wp-content\/uploads\/2022\/05\/Liten-sauskjellring-forgylt-regulerbar-scaled-1.jpg","type":"image\/jpeg"}],"twitter_card":"summary_large_image","twitter_misc":{"Est. reading time":"1 minute"},"schema":{"@context":"https:\/\/schema.org","@graph":[{"@type":"WebPage","@id":"https:\/\/norwegianmade.no\/en\/produkt\/sau-hjerteskjell-ring-liten-regulerbar-gull-mussels-cockles-ring-adjustable\/","url":"https:\/\/norwegianmade.no\/en\/produkt\/sau-hjerteskjell-ring-liten-regulerbar-gull-mussels-cockles-ring-adjustable\/","name":"Sau-hjerteskjell ring, liten regulerbar gull \u2013 Mussels cockles ring adjustable &#8226; Norwegian Made","isPartOf":{"@id":"https:\/\/norwegianmade.no\/#website"},"primaryImageOfPage":{"@id":"https:\/\/norwegianmade.no\/en\/produkt\/sau-hjerteskjell-ring-liten-regulerbar-gull-mussels-cockles-ring-adjustable\/#primaryimage"},"image":{"@id":"https:\/\/norwegianmade.no\/en\/produkt\/sau-hjerteskjell-ring-liten-regulerbar-gull-mussels-cockles-ring-adjustable\/#primaryimage"},"thumbnailUrl":"https:\/\/norwegianmade.no\/wp-content\/uploads\/2022\/05\/Liten-sauskjellring-forgylt-regulerbar-scaled-1.jpg","datePublished":"2022-05-12T06:41:59+00:00","dateModified":"2025-10-03T05:38:01+00:00","breadcrumb":{"@id":"https:\/\/norwegianmade.no\/en\/produkt\/sau-hjerteskjell-ring-liten-regulerbar-gull-mussels-cockles-ring-adjustable\/#breadcrumb"},"inLanguage":"en-US","potentialAction":[{"@type":"ReadAction","target":["https:\/\/norwegianmade.no\/en\/produkt\/sau-hjerteskjell-ring-liten-regulerbar-gull-mussels-cockles-ring-adjustable\/"]}]},{"@type":"ImageObject","inLanguage":"en-US","@id":"https:\/\/norwegianmade.no\/en\/produkt\/sau-hjerteskjell-ring-liten-regulerbar-gull-mussels-cockles-ring-adjustable\/#primaryimage","url":"https:\/\/norwegianmade.no\/wp-content\/uploads\/2022\/05\/Liten-sauskjellring-forgylt-regulerbar-scaled-1.jpg","contentUrl":"https:\/\/norwegianmade.no\/wp-content\/uploads\/2022\/05\/Liten-sauskjellring-forgylt-regulerbar-scaled-1.jpg","width":2560,"height":2066},{"@type":"BreadcrumbList","@id":"https:\/\/norwegianmade.no\/en\/produkt\/sau-hjerteskjell-ring-liten-regulerbar-gull-mussels-cockles-ring-adjustable\/#breadcrumb","itemListElement":[{"@type":"ListItem","position":1,"name":"Hjem","item":"https:\/\/norwegianmade.no\/en\/"},{"@type":"ListItem","position":2,"name":"Shop","item":"https:\/\/norwegianmade.no\/en\/shop\/"},{"@type":"ListItem","position":3,"name":"Sau-hjerteskjell ring, liten regulerbar gull \u2013 Mussels cockles ring adjustable"}]},{"@type":"WebSite","@id":"https:\/\/norwegianmade.no\/#website","url":"https:\/\/norwegianmade.no\/","name":"Norwegian Made","description":"Norges st\u00f8rste markedsplass for norske produsenter","publisher":{"@id":"https:\/\/norwegianmade.no\/#organization"},"potentialAction":[{"@type":"SearchAction","target":{"@type":"EntryPoint","urlTemplate":"https:\/\/norwegianmade.no\/?s={search_term_string}"},"query-input":{"@type":"PropertyValueSpecification","valueRequired":true,"valueName":"search_term_string"}}],"inLanguage":"en-US"},{"@type":"Organization","@id":"https:\/\/norwegianmade.no\/#organization","name":"Norwegian Made","url":"https:\/\/norwegianmade.no\/","logo":{"@type":"ImageObject","inLanguage":"en-US","@id":"https:\/\/norwegianmade.no\/#\/schema\/logo\/image\/","url":"https:\/\/norwegianmade.no\/wp-content\/uploads\/2020\/11\/logo-liggende-norwegian-made-web.png","contentUrl":"https:\/\/norwegianmade.no\/wp-content\/uploads\/2020\/11\/logo-liggende-norwegian-made-web.png","width":200,"height":58,"caption":"Norwegian Made"},"image":{"@id":"https:\/\/norwegianmade.no\/#\/schema\/logo\/image\/"}}]}},"_links":{"self":[{"href":"https:\/\/norwegianmade.no\/en\/wp-json\/wp\/v2\/product\/15149","targetHints":{"allow":["GET"]}}],"collection":[{"href":"https:\/\/norwegianmade.no\/en\/wp-json\/wp\/v2\/product"}],"about":[{"href":"https:\/\/norwegianmade.no\/en\/wp-json\/wp\/v2\/types\/product"}],"replies":[{"embeddable":true,"href":"https:\/\/norwegianmade.no\/en\/wp-json\/wp\/v2\/comments?post=15149"}],"wp:featuredmedia":[{"embeddable":true,"href":"https:\/\/norwegianmade.no\/en\/wp-json\/wp\/v2\/media\/15147"}],"wp:attachment":[{"href":"https:\/\/norwegianmade.no\/en\/wp-json\/wp\/v2\/media?parent=15149"}],"wp:term":[{"taxonomy":"product_brand","embeddable":true,"href":"https:\/\/norwegianmade.no\/en\/wp-json\/wp\/v2\/product_brand?post=15149"},{"taxonomy":"product_cat","embeddable":true,"href":"https:\/\/norwegianmade.no\/en\/wp-json\/wp\/v2\/product_cat?post=15149"},{"taxonomy":"product_tag","embeddable":true,"href":"https:\/\/norwegianmade.no\/en\/wp-json\/wp\/v2\/product_tag?post=15149"}],"curies":[{"name":"wp","href":"https:\/\/api.w.org\/{rel}","templated":true}]}}