{"id":15236,"date":"2022-05-12T09:23:03","date_gmt":"2022-05-12T07:23:03","guid":{"rendered":"https:\/\/norwegianmade.no\/markedsplass\/kamskjell-smykke-oksidert\/"},"modified":"2024-03-11T07:15:33","modified_gmt":"2024-03-11T06:15:33","slug":"kamskjell-smykke-oksidert","status":"publish","type":"product","link":"https:\/\/norwegianmade.no\/en\/produkt\/kamskjell-smykke-oksidert\/","title":{"rendered":"Kamskjell smykke oksidert"},"content":{"rendered":"<p>I Hellas sto kamskjellet for kj\u00e6rlighet og skj\u00f8nnhet gjennom gudinnen<br \/>\n Afrodite, som ble f\u00f8dt av havet og b\u00e5ret til stranden p\u00e5 et kamskjell.<\/p>\n<p>Hos Romernes gudinne Venus ble ogs\u00e5 kamskjellet brukt som symbol.<\/p>\n<p>I kristendommen ble kamskjellet et symbol p\u00e5 d\u00e5pen og oppstandelsen,<br \/>\nog ble knyttet til Jakob (den eldre), Jesu disippel.\u00a0 Jakob er<br \/>\nnasjonshelgen i Spania, hvor hans lik ble skyllet i land fra havet, og<br \/>\npilgrimvandrere som bes\u00f8ker hans grav i Santiago de Compostela, b\u00e6rer<br \/>\nofte kamskjellsymbolet.<\/p>\n<p>I gravkammeret p\u00e5 Petter Dass sin kirke i Alstahaug, ble det funnet et kamskjell. Symbol for velsignet reise.<\/p>\n<p><strong>Lykkeamulett<\/strong> er <strong>vel det man i gjennom historien har forbundet med kamskjellet.<\/strong><\/p>\n<p>Anhenget best\u00e5r av en avst\u00f8pning av et ekte skjell i 925 s\u00f8lv, ankerkjede 42 cm. Oksidert overflate.<\/p>\n<p>Designet og produsert p\u00e5 Hemnesberget<\/p><\/p>\n","protected":false},"excerpt":{"rendered":"<div class=\"woocommerce-product-details__short-description\">\n<p>Kamskjell smykke i 925 massivt s\u00f8lv. Oksidert overflate.<\/p>\n<p>Anheng med ankerkjede.<\/p>\n<\/div>\n","protected":false},"featured_media":15234,"comment_status":"open","ping_status":"closed","template":"","meta":{"_acf_changed":false},"product_brand":[],"product_cat":[140,62,106],"product_tag":[],"class_list":{"0":"post-15236","1":"product","2":"type-product","3":"status-publish","4":"has-post-thumbnail","6":"product_vendor-gullsmed-merete-mattson","7":"product_cat-halskjeder-og-anheng","8":"product_cat-smykker","9":"product_cat-solvsmykker","11":"first","12":"instock","13":"taxable","14":"shipping-taxable","15":"product-type-external"},"acf":[],"yoast_head":"<!-- This site is optimized with the Yoast SEO plugin v27.1.1 - https:\/\/yoast.com\/product\/yoast-seo-wordpress\/ -->\n<title>Kamskjell smykke oksidert &#8226; Norwegian Made<\/title>\n<meta name=\"robots\" content=\"index, follow, max-snippet:-1, max-image-preview:large, max-video-preview:-1\" \/>\n<link rel=\"canonical\" href=\"https:\/\/norwegianmade.no\/en\/produkt\/kamskjell-smykke-oksidert\/\" \/>\n<meta property=\"og:locale\" content=\"en_US\" \/>\n<meta property=\"og:type\" content=\"article\" \/>\n<meta property=\"og:title\" content=\"Kamskjell smykke oksidert &#8226; Norwegian Made\" \/>\n<meta property=\"og:description\" content=\"Kamskjell smykke i 925 massivt s\u00f8lv. Oksidert overflate. Anheng med ankerkjede.\" \/>\n<meta property=\"og:url\" content=\"https:\/\/norwegianmade.no\/en\/produkt\/kamskjell-smykke-oksidert\/\" \/>\n<meta property=\"og:site_name\" content=\"Norwegian Made\" \/>\n<meta property=\"article:modified_time\" content=\"2024-03-11T06:15:33+00:00\" \/>\n<meta property=\"og:image\" content=\"https:\/\/norwegianmade.no\/wp-content\/uploads\/2022\/05\/IMG_0802.jpg\" \/>\n\t<meta property=\"og:image:width\" content=\"2022\" \/>\n\t<meta property=\"og:image:height\" content=\"2509\" \/>\n\t<meta property=\"og:image:type\" content=\"image\/jpeg\" \/>\n<meta name=\"twitter:card\" content=\"summary_large_image\" \/>\n<meta name=\"twitter:label1\" content=\"Est. reading time\" \/>\n\t<meta name=\"twitter:data1\" content=\"1 minute\" \/>\n<script type=\"application\/ld+json\" class=\"yoast-schema-graph\">{\"@context\":\"https:\/\/schema.org\",\"@graph\":[{\"@type\":\"WebPage\",\"@id\":\"https:\/\/norwegianmade.no\/en\/produkt\/kamskjell-smykke-oksidert\/\",\"url\":\"https:\/\/norwegianmade.no\/en\/produkt\/kamskjell-smykke-oksidert\/\",\"name\":\"Kamskjell smykke oksidert &#8226; Norwegian Made\",\"isPartOf\":{\"@id\":\"https:\/\/norwegianmade.no\/#website\"},\"primaryImageOfPage\":{\"@id\":\"https:\/\/norwegianmade.no\/en\/produkt\/kamskjell-smykke-oksidert\/#primaryimage\"},\"image\":{\"@id\":\"https:\/\/norwegianmade.no\/en\/produkt\/kamskjell-smykke-oksidert\/#primaryimage\"},\"thumbnailUrl\":\"https:\/\/norwegianmade.no\/wp-content\/uploads\/2022\/05\/IMG_0802.jpg\",\"datePublished\":\"2022-05-12T07:23:03+00:00\",\"dateModified\":\"2024-03-11T06:15:33+00:00\",\"breadcrumb\":{\"@id\":\"https:\/\/norwegianmade.no\/en\/produkt\/kamskjell-smykke-oksidert\/#breadcrumb\"},\"inLanguage\":\"en-US\",\"potentialAction\":[{\"@type\":\"ReadAction\",\"target\":[\"https:\/\/norwegianmade.no\/en\/produkt\/kamskjell-smykke-oksidert\/\"]}]},{\"@type\":\"ImageObject\",\"inLanguage\":\"en-US\",\"@id\":\"https:\/\/norwegianmade.no\/en\/produkt\/kamskjell-smykke-oksidert\/#primaryimage\",\"url\":\"https:\/\/norwegianmade.no\/wp-content\/uploads\/2022\/05\/IMG_0802.jpg\",\"contentUrl\":\"https:\/\/norwegianmade.no\/wp-content\/uploads\/2022\/05\/IMG_0802.jpg\",\"width\":2022,\"height\":2509},{\"@type\":\"BreadcrumbList\",\"@id\":\"https:\/\/norwegianmade.no\/en\/produkt\/kamskjell-smykke-oksidert\/#breadcrumb\",\"itemListElement\":[{\"@type\":\"ListItem\",\"position\":1,\"name\":\"Hjem\",\"item\":\"https:\/\/norwegianmade.no\/en\/\"},{\"@type\":\"ListItem\",\"position\":2,\"name\":\"Shop\",\"item\":\"https:\/\/norwegianmade.no\/en\/shop\/\"},{\"@type\":\"ListItem\",\"position\":3,\"name\":\"Kamskjell smykke oksidert\"}]},{\"@type\":\"WebSite\",\"@id\":\"https:\/\/norwegianmade.no\/#website\",\"url\":\"https:\/\/norwegianmade.no\/\",\"name\":\"Norwegian Made\",\"description\":\"Norges st\u00f8rste markedsplass for norske produsenter\",\"publisher\":{\"@id\":\"https:\/\/norwegianmade.no\/#organization\"},\"potentialAction\":[{\"@type\":\"SearchAction\",\"target\":{\"@type\":\"EntryPoint\",\"urlTemplate\":\"https:\/\/norwegianmade.no\/?s={search_term_string}\"},\"query-input\":{\"@type\":\"PropertyValueSpecification\",\"valueRequired\":true,\"valueName\":\"search_term_string\"}}],\"inLanguage\":\"en-US\"},{\"@type\":\"Organization\",\"@id\":\"https:\/\/norwegianmade.no\/#organization\",\"name\":\"Norwegian Made\",\"url\":\"https:\/\/norwegianmade.no\/\",\"logo\":{\"@type\":\"ImageObject\",\"inLanguage\":\"en-US\",\"@id\":\"https:\/\/norwegianmade.no\/#\/schema\/logo\/image\/\",\"url\":\"https:\/\/norwegianmade.no\/wp-content\/uploads\/2020\/11\/logo-liggende-norwegian-made-web.png\",\"contentUrl\":\"https:\/\/norwegianmade.no\/wp-content\/uploads\/2020\/11\/logo-liggende-norwegian-made-web.png\",\"width\":200,\"height\":58,\"caption\":\"Norwegian Made\"},\"image\":{\"@id\":\"https:\/\/norwegianmade.no\/#\/schema\/logo\/image\/\"}}]}<\/script>\n<!-- \/ Yoast SEO plugin. -->","yoast_head_json":{"title":"Kamskjell smykke oksidert &#8226; Norwegian Made","robots":{"index":"index","follow":"follow","max-snippet":"max-snippet:-1","max-image-preview":"max-image-preview:large","max-video-preview":"max-video-preview:-1"},"canonical":"https:\/\/norwegianmade.no\/en\/produkt\/kamskjell-smykke-oksidert\/","og_locale":"en_US","og_type":"article","og_title":"Kamskjell smykke oksidert &#8226; Norwegian Made","og_description":"Kamskjell smykke i 925 massivt s\u00f8lv. Oksidert overflate. Anheng med ankerkjede.","og_url":"https:\/\/norwegianmade.no\/en\/produkt\/kamskjell-smykke-oksidert\/","og_site_name":"Norwegian Made","article_modified_time":"2024-03-11T06:15:33+00:00","og_image":[{"width":2022,"height":2509,"url":"https:\/\/norwegianmade.no\/wp-content\/uploads\/2022\/05\/IMG_0802.jpg","type":"image\/jpeg"}],"twitter_card":"summary_large_image","twitter_misc":{"Est. reading time":"1 minute"},"schema":{"@context":"https:\/\/schema.org","@graph":[{"@type":"WebPage","@id":"https:\/\/norwegianmade.no\/en\/produkt\/kamskjell-smykke-oksidert\/","url":"https:\/\/norwegianmade.no\/en\/produkt\/kamskjell-smykke-oksidert\/","name":"Kamskjell smykke oksidert &#8226; Norwegian Made","isPartOf":{"@id":"https:\/\/norwegianmade.no\/#website"},"primaryImageOfPage":{"@id":"https:\/\/norwegianmade.no\/en\/produkt\/kamskjell-smykke-oksidert\/#primaryimage"},"image":{"@id":"https:\/\/norwegianmade.no\/en\/produkt\/kamskjell-smykke-oksidert\/#primaryimage"},"thumbnailUrl":"https:\/\/norwegianmade.no\/wp-content\/uploads\/2022\/05\/IMG_0802.jpg","datePublished":"2022-05-12T07:23:03+00:00","dateModified":"2024-03-11T06:15:33+00:00","breadcrumb":{"@id":"https:\/\/norwegianmade.no\/en\/produkt\/kamskjell-smykke-oksidert\/#breadcrumb"},"inLanguage":"en-US","potentialAction":[{"@type":"ReadAction","target":["https:\/\/norwegianmade.no\/en\/produkt\/kamskjell-smykke-oksidert\/"]}]},{"@type":"ImageObject","inLanguage":"en-US","@id":"https:\/\/norwegianmade.no\/en\/produkt\/kamskjell-smykke-oksidert\/#primaryimage","url":"https:\/\/norwegianmade.no\/wp-content\/uploads\/2022\/05\/IMG_0802.jpg","contentUrl":"https:\/\/norwegianmade.no\/wp-content\/uploads\/2022\/05\/IMG_0802.jpg","width":2022,"height":2509},{"@type":"BreadcrumbList","@id":"https:\/\/norwegianmade.no\/en\/produkt\/kamskjell-smykke-oksidert\/#breadcrumb","itemListElement":[{"@type":"ListItem","position":1,"name":"Hjem","item":"https:\/\/norwegianmade.no\/en\/"},{"@type":"ListItem","position":2,"name":"Shop","item":"https:\/\/norwegianmade.no\/en\/shop\/"},{"@type":"ListItem","position":3,"name":"Kamskjell smykke oksidert"}]},{"@type":"WebSite","@id":"https:\/\/norwegianmade.no\/#website","url":"https:\/\/norwegianmade.no\/","name":"Norwegian Made","description":"Norges st\u00f8rste markedsplass for norske produsenter","publisher":{"@id":"https:\/\/norwegianmade.no\/#organization"},"potentialAction":[{"@type":"SearchAction","target":{"@type":"EntryPoint","urlTemplate":"https:\/\/norwegianmade.no\/?s={search_term_string}"},"query-input":{"@type":"PropertyValueSpecification","valueRequired":true,"valueName":"search_term_string"}}],"inLanguage":"en-US"},{"@type":"Organization","@id":"https:\/\/norwegianmade.no\/#organization","name":"Norwegian Made","url":"https:\/\/norwegianmade.no\/","logo":{"@type":"ImageObject","inLanguage":"en-US","@id":"https:\/\/norwegianmade.no\/#\/schema\/logo\/image\/","url":"https:\/\/norwegianmade.no\/wp-content\/uploads\/2020\/11\/logo-liggende-norwegian-made-web.png","contentUrl":"https:\/\/norwegianmade.no\/wp-content\/uploads\/2020\/11\/logo-liggende-norwegian-made-web.png","width":200,"height":58,"caption":"Norwegian Made"},"image":{"@id":"https:\/\/norwegianmade.no\/#\/schema\/logo\/image\/"}}]}},"_links":{"self":[{"href":"https:\/\/norwegianmade.no\/en\/wp-json\/wp\/v2\/product\/15236","targetHints":{"allow":["GET"]}}],"collection":[{"href":"https:\/\/norwegianmade.no\/en\/wp-json\/wp\/v2\/product"}],"about":[{"href":"https:\/\/norwegianmade.no\/en\/wp-json\/wp\/v2\/types\/product"}],"replies":[{"embeddable":true,"href":"https:\/\/norwegianmade.no\/en\/wp-json\/wp\/v2\/comments?post=15236"}],"wp:featuredmedia":[{"embeddable":true,"href":"https:\/\/norwegianmade.no\/en\/wp-json\/wp\/v2\/media\/15234"}],"wp:attachment":[{"href":"https:\/\/norwegianmade.no\/en\/wp-json\/wp\/v2\/media?parent=15236"}],"wp:term":[{"taxonomy":"product_brand","embeddable":true,"href":"https:\/\/norwegianmade.no\/en\/wp-json\/wp\/v2\/product_brand?post=15236"},{"taxonomy":"product_cat","embeddable":true,"href":"https:\/\/norwegianmade.no\/en\/wp-json\/wp\/v2\/product_cat?post=15236"},{"taxonomy":"product_tag","embeddable":true,"href":"https:\/\/norwegianmade.no\/en\/wp-json\/wp\/v2\/product_tag?post=15236"}],"curies":[{"name":"wp","href":"https:\/\/api.w.org\/{rel}","templated":true}]}}