{"id":15257,"date":"2022-05-12T09:32:10","date_gmt":"2022-05-12T07:32:10","guid":{"rendered":"https:\/\/norwegianmade.no\/markedsplass\/kamskjell-armband-med-ankerkjede-og-delfinlas\/"},"modified":"2024-03-09T12:18:35","modified_gmt":"2024-03-09T11:18:35","slug":"kamskjell-armband-med-ankerkjede-og-delfinlas","status":"publish","type":"product","link":"https:\/\/norwegianmade.no\/en\/produkt\/kamskjell-armband-med-ankerkjede-og-delfinlas\/","title":{"rendered":"Kamskjell armb\u00e5nd med ankerkjede og delfinl\u00e5s"},"content":{"rendered":"<p>Kamskjell armb\u00e5nd i massivt 925 s\u00f8lv. Avst\u00f8pning av skjell,<br \/>\nankerkjede (dobbel), l\u00e5s formet som delfin, forlengerkjede med lite<br \/>\nbl\u00e5skjell i enden.<\/p>\n<p><strong>Barndom<\/strong><strong>sminner<\/strong> fra turer i fj\u00e6ra med familie og venner.<\/p>\n<p>Alle delene p\u00e5 armb\u00e5ndet er satt sammen av deler som er forankret i havet og det maritime milj\u00f8et.<\/p><\/p>\n","protected":false},"excerpt":{"rendered":"<p>Kamskjell armb\u00e5nd med ankerkjede og delfinl\u00e5s. 925 massivt s\u00f8lv<\/p>\n","protected":false},"featured_media":15255,"comment_status":"open","ping_status":"closed","template":"","meta":{"_acf_changed":false},"product_brand":[],"product_cat":[143,62,106],"product_tag":[],"class_list":{"0":"post-15257","1":"product","2":"type-product","3":"status-publish","4":"has-post-thumbnail","6":"product_vendor-gullsmed-merete-mattson","7":"product_cat-armringer-armlenker","8":"product_cat-smykker","9":"product_cat-solvsmykker","11":"first","12":"instock","13":"taxable","14":"shipping-taxable","15":"product-type-external"},"acf":[],"yoast_head":"<!-- This site is optimized with the Yoast SEO plugin v27.1.1 - https:\/\/yoast.com\/product\/yoast-seo-wordpress\/ -->\n<title>Kamskjell armb\u00e5nd med ankerkjede og delfinl\u00e5s &#8226; Norwegian Made<\/title>\n<meta name=\"robots\" content=\"index, follow, max-snippet:-1, max-image-preview:large, max-video-preview:-1\" \/>\n<link rel=\"canonical\" href=\"https:\/\/norwegianmade.no\/produkt\/kamskjell-armband-med-ankerkjede-og-delfinlas\/\" \/>\n<meta property=\"og:locale\" content=\"en_US\" \/>\n<meta property=\"og:type\" content=\"article\" \/>\n<meta property=\"og:title\" content=\"Kamskjell armb\u00e5nd med ankerkjede og delfinl\u00e5s &#8226; Norwegian Made\" \/>\n<meta property=\"og:description\" content=\"Kamskjell armb\u00e5nd med ankerkjede og delfinl\u00e5s. 925 massivt s\u00f8lv\" \/>\n<meta property=\"og:url\" content=\"https:\/\/norwegianmade.no\/produkt\/kamskjell-armband-med-ankerkjede-og-delfinlas\/\" \/>\n<meta property=\"og:site_name\" content=\"Norwegian Made\" \/>\n<meta property=\"article:modified_time\" content=\"2024-03-09T11:18:35+00:00\" \/>\n<meta property=\"og:image\" content=\"https:\/\/norwegianmade.no\/wp-content\/uploads\/2022\/05\/Kamskjellarmb..jpg\" \/>\n\t<meta property=\"og:image:width\" content=\"779\" \/>\n\t<meta property=\"og:image:height\" content=\"1168\" \/>\n\t<meta property=\"og:image:type\" content=\"image\/jpeg\" \/>\n<meta name=\"twitter:card\" content=\"summary_large_image\" \/>\n<script type=\"application\/ld+json\" class=\"yoast-schema-graph\">{\"@context\":\"https:\/\/schema.org\",\"@graph\":[{\"@type\":\"WebPage\",\"@id\":\"https:\/\/norwegianmade.no\/produkt\/kamskjell-armband-med-ankerkjede-og-delfinlas\/\",\"url\":\"https:\/\/norwegianmade.no\/produkt\/kamskjell-armband-med-ankerkjede-og-delfinlas\/\",\"name\":\"Kamskjell armb\u00e5nd med ankerkjede og delfinl\u00e5s &#8226; Norwegian Made\",\"isPartOf\":{\"@id\":\"https:\/\/norwegianmade.no\/#website\"},\"primaryImageOfPage\":{\"@id\":\"https:\/\/norwegianmade.no\/produkt\/kamskjell-armband-med-ankerkjede-og-delfinlas\/#primaryimage\"},\"image\":{\"@id\":\"https:\/\/norwegianmade.no\/produkt\/kamskjell-armband-med-ankerkjede-og-delfinlas\/#primaryimage\"},\"thumbnailUrl\":\"https:\/\/norwegianmade.no\/wp-content\/uploads\/2022\/05\/Kamskjellarmb..jpg\",\"datePublished\":\"2022-05-12T07:32:10+00:00\",\"dateModified\":\"2024-03-09T11:18:35+00:00\",\"breadcrumb\":{\"@id\":\"https:\/\/norwegianmade.no\/produkt\/kamskjell-armband-med-ankerkjede-og-delfinlas\/#breadcrumb\"},\"inLanguage\":\"en-US\",\"potentialAction\":[{\"@type\":\"ReadAction\",\"target\":[\"https:\/\/norwegianmade.no\/produkt\/kamskjell-armband-med-ankerkjede-og-delfinlas\/\"]}]},{\"@type\":\"ImageObject\",\"inLanguage\":\"en-US\",\"@id\":\"https:\/\/norwegianmade.no\/produkt\/kamskjell-armband-med-ankerkjede-og-delfinlas\/#primaryimage\",\"url\":\"https:\/\/norwegianmade.no\/wp-content\/uploads\/2022\/05\/Kamskjellarmb..jpg\",\"contentUrl\":\"https:\/\/norwegianmade.no\/wp-content\/uploads\/2022\/05\/Kamskjellarmb..jpg\",\"width\":779,\"height\":1168},{\"@type\":\"BreadcrumbList\",\"@id\":\"https:\/\/norwegianmade.no\/produkt\/kamskjell-armband-med-ankerkjede-og-delfinlas\/#breadcrumb\",\"itemListElement\":[{\"@type\":\"ListItem\",\"position\":1,\"name\":\"Hjem\",\"item\":\"https:\/\/norwegianmade.no\/en\/\"},{\"@type\":\"ListItem\",\"position\":2,\"name\":\"Shop\",\"item\":\"https:\/\/norwegianmade.no\/en\/shop\/\"},{\"@type\":\"ListItem\",\"position\":3,\"name\":\"Kamskjell armb\u00e5nd med ankerkjede og delfinl\u00e5s\"}]},{\"@type\":\"WebSite\",\"@id\":\"https:\/\/norwegianmade.no\/#website\",\"url\":\"https:\/\/norwegianmade.no\/\",\"name\":\"Norwegian Made\",\"description\":\"Norges st\u00f8rste markedsplass for norske produsenter\",\"publisher\":{\"@id\":\"https:\/\/norwegianmade.no\/#organization\"},\"potentialAction\":[{\"@type\":\"SearchAction\",\"target\":{\"@type\":\"EntryPoint\",\"urlTemplate\":\"https:\/\/norwegianmade.no\/?s={search_term_string}\"},\"query-input\":{\"@type\":\"PropertyValueSpecification\",\"valueRequired\":true,\"valueName\":\"search_term_string\"}}],\"inLanguage\":\"en-US\"},{\"@type\":\"Organization\",\"@id\":\"https:\/\/norwegianmade.no\/#organization\",\"name\":\"Norwegian Made\",\"url\":\"https:\/\/norwegianmade.no\/\",\"logo\":{\"@type\":\"ImageObject\",\"inLanguage\":\"en-US\",\"@id\":\"https:\/\/norwegianmade.no\/#\/schema\/logo\/image\/\",\"url\":\"https:\/\/norwegianmade.no\/wp-content\/uploads\/2020\/11\/logo-liggende-norwegian-made-web.png\",\"contentUrl\":\"https:\/\/norwegianmade.no\/wp-content\/uploads\/2020\/11\/logo-liggende-norwegian-made-web.png\",\"width\":200,\"height\":58,\"caption\":\"Norwegian Made\"},\"image\":{\"@id\":\"https:\/\/norwegianmade.no\/#\/schema\/logo\/image\/\"}}]}<\/script>\n<!-- \/ Yoast SEO plugin. -->","yoast_head_json":{"title":"Kamskjell armb\u00e5nd med ankerkjede og delfinl\u00e5s &#8226; Norwegian Made","robots":{"index":"index","follow":"follow","max-snippet":"max-snippet:-1","max-image-preview":"max-image-preview:large","max-video-preview":"max-video-preview:-1"},"canonical":"https:\/\/norwegianmade.no\/produkt\/kamskjell-armband-med-ankerkjede-og-delfinlas\/","og_locale":"en_US","og_type":"article","og_title":"Kamskjell armb\u00e5nd med ankerkjede og delfinl\u00e5s &#8226; Norwegian Made","og_description":"Kamskjell armb\u00e5nd med ankerkjede og delfinl\u00e5s. 925 massivt s\u00f8lv","og_url":"https:\/\/norwegianmade.no\/produkt\/kamskjell-armband-med-ankerkjede-og-delfinlas\/","og_site_name":"Norwegian Made","article_modified_time":"2024-03-09T11:18:35+00:00","og_image":[{"width":779,"height":1168,"url":"https:\/\/norwegianmade.no\/wp-content\/uploads\/2022\/05\/Kamskjellarmb..jpg","type":"image\/jpeg"}],"twitter_card":"summary_large_image","schema":{"@context":"https:\/\/schema.org","@graph":[{"@type":"WebPage","@id":"https:\/\/norwegianmade.no\/produkt\/kamskjell-armband-med-ankerkjede-og-delfinlas\/","url":"https:\/\/norwegianmade.no\/produkt\/kamskjell-armband-med-ankerkjede-og-delfinlas\/","name":"Kamskjell armb\u00e5nd med ankerkjede og delfinl\u00e5s &#8226; Norwegian Made","isPartOf":{"@id":"https:\/\/norwegianmade.no\/#website"},"primaryImageOfPage":{"@id":"https:\/\/norwegianmade.no\/produkt\/kamskjell-armband-med-ankerkjede-og-delfinlas\/#primaryimage"},"image":{"@id":"https:\/\/norwegianmade.no\/produkt\/kamskjell-armband-med-ankerkjede-og-delfinlas\/#primaryimage"},"thumbnailUrl":"https:\/\/norwegianmade.no\/wp-content\/uploads\/2022\/05\/Kamskjellarmb..jpg","datePublished":"2022-05-12T07:32:10+00:00","dateModified":"2024-03-09T11:18:35+00:00","breadcrumb":{"@id":"https:\/\/norwegianmade.no\/produkt\/kamskjell-armband-med-ankerkjede-og-delfinlas\/#breadcrumb"},"inLanguage":"en-US","potentialAction":[{"@type":"ReadAction","target":["https:\/\/norwegianmade.no\/produkt\/kamskjell-armband-med-ankerkjede-og-delfinlas\/"]}]},{"@type":"ImageObject","inLanguage":"en-US","@id":"https:\/\/norwegianmade.no\/produkt\/kamskjell-armband-med-ankerkjede-og-delfinlas\/#primaryimage","url":"https:\/\/norwegianmade.no\/wp-content\/uploads\/2022\/05\/Kamskjellarmb..jpg","contentUrl":"https:\/\/norwegianmade.no\/wp-content\/uploads\/2022\/05\/Kamskjellarmb..jpg","width":779,"height":1168},{"@type":"BreadcrumbList","@id":"https:\/\/norwegianmade.no\/produkt\/kamskjell-armband-med-ankerkjede-og-delfinlas\/#breadcrumb","itemListElement":[{"@type":"ListItem","position":1,"name":"Hjem","item":"https:\/\/norwegianmade.no\/en\/"},{"@type":"ListItem","position":2,"name":"Shop","item":"https:\/\/norwegianmade.no\/en\/shop\/"},{"@type":"ListItem","position":3,"name":"Kamskjell armb\u00e5nd med ankerkjede og delfinl\u00e5s"}]},{"@type":"WebSite","@id":"https:\/\/norwegianmade.no\/#website","url":"https:\/\/norwegianmade.no\/","name":"Norwegian Made","description":"Norges st\u00f8rste markedsplass for norske produsenter","publisher":{"@id":"https:\/\/norwegianmade.no\/#organization"},"potentialAction":[{"@type":"SearchAction","target":{"@type":"EntryPoint","urlTemplate":"https:\/\/norwegianmade.no\/?s={search_term_string}"},"query-input":{"@type":"PropertyValueSpecification","valueRequired":true,"valueName":"search_term_string"}}],"inLanguage":"en-US"},{"@type":"Organization","@id":"https:\/\/norwegianmade.no\/#organization","name":"Norwegian Made","url":"https:\/\/norwegianmade.no\/","logo":{"@type":"ImageObject","inLanguage":"en-US","@id":"https:\/\/norwegianmade.no\/#\/schema\/logo\/image\/","url":"https:\/\/norwegianmade.no\/wp-content\/uploads\/2020\/11\/logo-liggende-norwegian-made-web.png","contentUrl":"https:\/\/norwegianmade.no\/wp-content\/uploads\/2020\/11\/logo-liggende-norwegian-made-web.png","width":200,"height":58,"caption":"Norwegian Made"},"image":{"@id":"https:\/\/norwegianmade.no\/#\/schema\/logo\/image\/"}}]}},"_links":{"self":[{"href":"https:\/\/norwegianmade.no\/en\/wp-json\/wp\/v2\/product\/15257","targetHints":{"allow":["GET"]}}],"collection":[{"href":"https:\/\/norwegianmade.no\/en\/wp-json\/wp\/v2\/product"}],"about":[{"href":"https:\/\/norwegianmade.no\/en\/wp-json\/wp\/v2\/types\/product"}],"replies":[{"embeddable":true,"href":"https:\/\/norwegianmade.no\/en\/wp-json\/wp\/v2\/comments?post=15257"}],"wp:featuredmedia":[{"embeddable":true,"href":"https:\/\/norwegianmade.no\/en\/wp-json\/wp\/v2\/media\/15255"}],"wp:attachment":[{"href":"https:\/\/norwegianmade.no\/en\/wp-json\/wp\/v2\/media?parent=15257"}],"wp:term":[{"taxonomy":"product_brand","embeddable":true,"href":"https:\/\/norwegianmade.no\/en\/wp-json\/wp\/v2\/product_brand?post=15257"},{"taxonomy":"product_cat","embeddable":true,"href":"https:\/\/norwegianmade.no\/en\/wp-json\/wp\/v2\/product_cat?post=15257"},{"taxonomy":"product_tag","embeddable":true,"href":"https:\/\/norwegianmade.no\/en\/wp-json\/wp\/v2\/product_tag?post=15257"}],"curies":[{"name":"wp","href":"https:\/\/api.w.org\/{rel}","templated":true}]}}