{"id":15286,"date":"2022-05-12T09:47:42","date_gmt":"2022-05-12T07:47:42","guid":{"rendered":"https:\/\/norwegianmade.no\/markedsplass\/armband-med-perler-og-stein-assortert\/"},"modified":"2026-03-17T21:34:24","modified_gmt":"2026-03-17T20:34:24","slug":"armband-med-perler-og-stein-assortert","status":"publish","type":"product","link":"https:\/\/norwegianmade.no\/en\/produkt\/armband-med-perler-og-stein-assortert\/","title":{"rendered":"Armb\u00e5nd med perler og stein, assortert"},"content":{"rendered":"<p>Armb\u00e5ndet er satt sammen av ulike steiner og perler, alle naturlige<br \/>mineraler. Det er satt sammen med s\u00f8lvtr\u00e5d (925 s\u00f8lv), l\u00e5s formet som<br \/>delfin, forlengerkjede med et lite bl\u00e5skjell\u00a0 eller sau-(hjerte-)skjell i<br \/>enden.<\/p>\n<p>Armb\u00e5ndene er som regel holdt i en fargenyanse men noen har kontrastfarger.<\/p>\n<p>De passer ogs\u00e5 godt til b\u00f8lgende hjerter med perler og steiner, b\u00e5de smykker med l\u00e6rkjede og \u00f8redobber.<\/p>\n","protected":false},"excerpt":{"rendered":"<p>Armb\u00e5nd med steiner og ferskvanns kulturperler, l\u00e5s formet som delfin og et lite bl\u00e5skjell i enden av kjedet.<\/p>\n","protected":false},"featured_media":15284,"comment_status":"open","ping_status":"closed","template":"","meta":{"_acf_changed":false},"product_brand":[],"product_cat":[143,62,106],"product_tag":[],"class_list":{"0":"post-15286","1":"product","2":"type-product","3":"status-publish","4":"has-post-thumbnail","6":"product_vendor-gullsmed-merete-mattson","7":"product_cat-armringer-armlenker","8":"product_cat-smykker","9":"product_cat-solvsmykker","11":"first","12":"instock","13":"taxable","14":"shipping-taxable","15":"product-type-external"},"acf":[],"yoast_head":"<!-- This site is optimized with the Yoast SEO plugin v27.1.1 - https:\/\/yoast.com\/product\/yoast-seo-wordpress\/ -->\n<title>Armb\u00e5nd med perler og stein, assortert &#8226; Norwegian Made<\/title>\n<meta name=\"robots\" content=\"index, follow, max-snippet:-1, max-image-preview:large, max-video-preview:-1\" \/>\n<link rel=\"canonical\" href=\"https:\/\/norwegianmade.no\/produkt\/armband-med-perler-og-stein-assortert\/\" \/>\n<meta property=\"og:locale\" content=\"en_US\" \/>\n<meta property=\"og:type\" content=\"article\" \/>\n<meta property=\"og:title\" content=\"Armb\u00e5nd med perler og stein, assortert &#8226; Norwegian Made\" \/>\n<meta property=\"og:description\" content=\"Armb\u00e5nd med steiner og ferskvanns kulturperler, l\u00e5s formet som delfin og et lite bl\u00e5skjell i enden av kjedet.\" \/>\n<meta property=\"og:url\" content=\"https:\/\/norwegianmade.no\/produkt\/armband-med-perler-og-stein-assortert\/\" \/>\n<meta property=\"og:site_name\" content=\"Norwegian Made\" \/>\n<meta property=\"article:modified_time\" content=\"2026-03-17T20:34:24+00:00\" \/>\n<meta property=\"og:image\" content=\"https:\/\/norwegianmade.no\/wp-content\/uploads\/2022\/05\/161587844_10218462163407440_3142470794023617854_o.jpg\" \/>\n\t<meta property=\"og:image:width\" content=\"315\" \/>\n\t<meta property=\"og:image:height\" content=\"315\" \/>\n\t<meta property=\"og:image:type\" content=\"image\/jpeg\" \/>\n<meta name=\"twitter:card\" content=\"summary_large_image\" \/>\n<script type=\"application\/ld+json\" class=\"yoast-schema-graph\">{\"@context\":\"https:\/\/schema.org\",\"@graph\":[{\"@type\":\"WebPage\",\"@id\":\"https:\/\/norwegianmade.no\/produkt\/armband-med-perler-og-stein-assortert\/\",\"url\":\"https:\/\/norwegianmade.no\/produkt\/armband-med-perler-og-stein-assortert\/\",\"name\":\"Armb\u00e5nd med perler og stein, assortert &#8226; Norwegian Made\",\"isPartOf\":{\"@id\":\"https:\/\/norwegianmade.no\/#website\"},\"primaryImageOfPage\":{\"@id\":\"https:\/\/norwegianmade.no\/produkt\/armband-med-perler-og-stein-assortert\/#primaryimage\"},\"image\":{\"@id\":\"https:\/\/norwegianmade.no\/produkt\/armband-med-perler-og-stein-assortert\/#primaryimage\"},\"thumbnailUrl\":\"https:\/\/norwegianmade.no\/wp-content\/uploads\/2022\/05\/161587844_10218462163407440_3142470794023617854_o.jpg\",\"datePublished\":\"2022-05-12T07:47:42+00:00\",\"dateModified\":\"2026-03-17T20:34:24+00:00\",\"breadcrumb\":{\"@id\":\"https:\/\/norwegianmade.no\/produkt\/armband-med-perler-og-stein-assortert\/#breadcrumb\"},\"inLanguage\":\"en-US\",\"potentialAction\":[{\"@type\":\"ReadAction\",\"target\":[\"https:\/\/norwegianmade.no\/produkt\/armband-med-perler-og-stein-assortert\/\"]}]},{\"@type\":\"ImageObject\",\"inLanguage\":\"en-US\",\"@id\":\"https:\/\/norwegianmade.no\/produkt\/armband-med-perler-og-stein-assortert\/#primaryimage\",\"url\":\"https:\/\/norwegianmade.no\/wp-content\/uploads\/2022\/05\/161587844_10218462163407440_3142470794023617854_o.jpg\",\"contentUrl\":\"https:\/\/norwegianmade.no\/wp-content\/uploads\/2022\/05\/161587844_10218462163407440_3142470794023617854_o.jpg\",\"width\":315,\"height\":315},{\"@type\":\"BreadcrumbList\",\"@id\":\"https:\/\/norwegianmade.no\/produkt\/armband-med-perler-og-stein-assortert\/#breadcrumb\",\"itemListElement\":[{\"@type\":\"ListItem\",\"position\":1,\"name\":\"Hjem\",\"item\":\"https:\/\/norwegianmade.no\/en\/\"},{\"@type\":\"ListItem\",\"position\":2,\"name\":\"Shop\",\"item\":\"https:\/\/norwegianmade.no\/en\/shop\/\"},{\"@type\":\"ListItem\",\"position\":3,\"name\":\"Armb\u00e5nd med perler og stein, assortert\"}]},{\"@type\":\"WebSite\",\"@id\":\"https:\/\/norwegianmade.no\/#website\",\"url\":\"https:\/\/norwegianmade.no\/\",\"name\":\"Norwegian Made\",\"description\":\"Norges st\u00f8rste markedsplass for norske produsenter\",\"publisher\":{\"@id\":\"https:\/\/norwegianmade.no\/#organization\"},\"potentialAction\":[{\"@type\":\"SearchAction\",\"target\":{\"@type\":\"EntryPoint\",\"urlTemplate\":\"https:\/\/norwegianmade.no\/?s={search_term_string}\"},\"query-input\":{\"@type\":\"PropertyValueSpecification\",\"valueRequired\":true,\"valueName\":\"search_term_string\"}}],\"inLanguage\":\"en-US\"},{\"@type\":\"Organization\",\"@id\":\"https:\/\/norwegianmade.no\/#organization\",\"name\":\"Norwegian Made\",\"url\":\"https:\/\/norwegianmade.no\/\",\"logo\":{\"@type\":\"ImageObject\",\"inLanguage\":\"en-US\",\"@id\":\"https:\/\/norwegianmade.no\/#\/schema\/logo\/image\/\",\"url\":\"https:\/\/norwegianmade.no\/wp-content\/uploads\/2020\/11\/logo-liggende-norwegian-made-web.png\",\"contentUrl\":\"https:\/\/norwegianmade.no\/wp-content\/uploads\/2020\/11\/logo-liggende-norwegian-made-web.png\",\"width\":200,\"height\":58,\"caption\":\"Norwegian Made\"},\"image\":{\"@id\":\"https:\/\/norwegianmade.no\/#\/schema\/logo\/image\/\"}}]}<\/script>\n<!-- \/ Yoast SEO plugin. -->","yoast_head_json":{"title":"Armb\u00e5nd med perler og stein, assortert &#8226; Norwegian Made","robots":{"index":"index","follow":"follow","max-snippet":"max-snippet:-1","max-image-preview":"max-image-preview:large","max-video-preview":"max-video-preview:-1"},"canonical":"https:\/\/norwegianmade.no\/produkt\/armband-med-perler-og-stein-assortert\/","og_locale":"en_US","og_type":"article","og_title":"Armb\u00e5nd med perler og stein, assortert &#8226; Norwegian Made","og_description":"Armb\u00e5nd med steiner og ferskvanns kulturperler, l\u00e5s formet som delfin og et lite bl\u00e5skjell i enden av kjedet.","og_url":"https:\/\/norwegianmade.no\/produkt\/armband-med-perler-og-stein-assortert\/","og_site_name":"Norwegian Made","article_modified_time":"2026-03-17T20:34:24+00:00","og_image":[{"width":315,"height":315,"url":"https:\/\/norwegianmade.no\/wp-content\/uploads\/2022\/05\/161587844_10218462163407440_3142470794023617854_o.jpg","type":"image\/jpeg"}],"twitter_card":"summary_large_image","schema":{"@context":"https:\/\/schema.org","@graph":[{"@type":"WebPage","@id":"https:\/\/norwegianmade.no\/produkt\/armband-med-perler-og-stein-assortert\/","url":"https:\/\/norwegianmade.no\/produkt\/armband-med-perler-og-stein-assortert\/","name":"Armb\u00e5nd med perler og stein, assortert &#8226; Norwegian Made","isPartOf":{"@id":"https:\/\/norwegianmade.no\/#website"},"primaryImageOfPage":{"@id":"https:\/\/norwegianmade.no\/produkt\/armband-med-perler-og-stein-assortert\/#primaryimage"},"image":{"@id":"https:\/\/norwegianmade.no\/produkt\/armband-med-perler-og-stein-assortert\/#primaryimage"},"thumbnailUrl":"https:\/\/norwegianmade.no\/wp-content\/uploads\/2022\/05\/161587844_10218462163407440_3142470794023617854_o.jpg","datePublished":"2022-05-12T07:47:42+00:00","dateModified":"2026-03-17T20:34:24+00:00","breadcrumb":{"@id":"https:\/\/norwegianmade.no\/produkt\/armband-med-perler-og-stein-assortert\/#breadcrumb"},"inLanguage":"en-US","potentialAction":[{"@type":"ReadAction","target":["https:\/\/norwegianmade.no\/produkt\/armband-med-perler-og-stein-assortert\/"]}]},{"@type":"ImageObject","inLanguage":"en-US","@id":"https:\/\/norwegianmade.no\/produkt\/armband-med-perler-og-stein-assortert\/#primaryimage","url":"https:\/\/norwegianmade.no\/wp-content\/uploads\/2022\/05\/161587844_10218462163407440_3142470794023617854_o.jpg","contentUrl":"https:\/\/norwegianmade.no\/wp-content\/uploads\/2022\/05\/161587844_10218462163407440_3142470794023617854_o.jpg","width":315,"height":315},{"@type":"BreadcrumbList","@id":"https:\/\/norwegianmade.no\/produkt\/armband-med-perler-og-stein-assortert\/#breadcrumb","itemListElement":[{"@type":"ListItem","position":1,"name":"Hjem","item":"https:\/\/norwegianmade.no\/en\/"},{"@type":"ListItem","position":2,"name":"Shop","item":"https:\/\/norwegianmade.no\/en\/shop\/"},{"@type":"ListItem","position":3,"name":"Armb\u00e5nd med perler og stein, assortert"}]},{"@type":"WebSite","@id":"https:\/\/norwegianmade.no\/#website","url":"https:\/\/norwegianmade.no\/","name":"Norwegian Made","description":"Norges st\u00f8rste markedsplass for norske produsenter","publisher":{"@id":"https:\/\/norwegianmade.no\/#organization"},"potentialAction":[{"@type":"SearchAction","target":{"@type":"EntryPoint","urlTemplate":"https:\/\/norwegianmade.no\/?s={search_term_string}"},"query-input":{"@type":"PropertyValueSpecification","valueRequired":true,"valueName":"search_term_string"}}],"inLanguage":"en-US"},{"@type":"Organization","@id":"https:\/\/norwegianmade.no\/#organization","name":"Norwegian Made","url":"https:\/\/norwegianmade.no\/","logo":{"@type":"ImageObject","inLanguage":"en-US","@id":"https:\/\/norwegianmade.no\/#\/schema\/logo\/image\/","url":"https:\/\/norwegianmade.no\/wp-content\/uploads\/2020\/11\/logo-liggende-norwegian-made-web.png","contentUrl":"https:\/\/norwegianmade.no\/wp-content\/uploads\/2020\/11\/logo-liggende-norwegian-made-web.png","width":200,"height":58,"caption":"Norwegian Made"},"image":{"@id":"https:\/\/norwegianmade.no\/#\/schema\/logo\/image\/"}}]}},"_links":{"self":[{"href":"https:\/\/norwegianmade.no\/en\/wp-json\/wp\/v2\/product\/15286","targetHints":{"allow":["GET"]}}],"collection":[{"href":"https:\/\/norwegianmade.no\/en\/wp-json\/wp\/v2\/product"}],"about":[{"href":"https:\/\/norwegianmade.no\/en\/wp-json\/wp\/v2\/types\/product"}],"replies":[{"embeddable":true,"href":"https:\/\/norwegianmade.no\/en\/wp-json\/wp\/v2\/comments?post=15286"}],"wp:featuredmedia":[{"embeddable":true,"href":"https:\/\/norwegianmade.no\/en\/wp-json\/wp\/v2\/media\/15284"}],"wp:attachment":[{"href":"https:\/\/norwegianmade.no\/en\/wp-json\/wp\/v2\/media?parent=15286"}],"wp:term":[{"taxonomy":"product_brand","embeddable":true,"href":"https:\/\/norwegianmade.no\/en\/wp-json\/wp\/v2\/product_brand?post=15286"},{"taxonomy":"product_cat","embeddable":true,"href":"https:\/\/norwegianmade.no\/en\/wp-json\/wp\/v2\/product_cat?post=15286"},{"taxonomy":"product_tag","embeddable":true,"href":"https:\/\/norwegianmade.no\/en\/wp-json\/wp\/v2\/product_tag?post=15286"}],"curies":[{"name":"wp","href":"https:\/\/api.w.org\/{rel}","templated":true}]}}