{"id":15296,"date":"2022-05-12T09:53:50","date_gmt":"2022-05-12T07:53:50","guid":{"rendered":"https:\/\/norwegianmade.no\/markedsplass\/blaskjell-smykke\/"},"modified":"2025-05-07T23:24:51","modified_gmt":"2025-05-07T21:24:51","slug":"blaskjell-smykke","status":"publish","type":"product","link":"https:\/\/norwegianmade.no\/en\/produkt\/blaskjell-smykke\/","title":{"rendered":"Bl\u00e5skjell smykke"},"content":{"rendered":"<p>Bl\u00e5skjellsmykkene er avst\u00f8pning av skjell som jeg har plukket i<br \/>fj\u00e6ra.\u00a0 Alle detaljer p\u00e5 skjellet kommer med.\u00a0 Det er mange ulike<br \/>st\u00f8rrelser og former. Sm\u00e5 skjell, store skjell, ett enkelt som anheng,<br \/>\u00f8redobb, ring eller armb\u00e5nd, eller flere p\u00e5 rad og noen med perler i<br \/>mellom (helst med perler som ligner p\u00e5 det man forventer \u00e5 finne inni<br \/>bl\u00e5skjellene, gr\u00e5\/bl\u00e5\/lilla mot rosa eller nesten sort). Perlene er<br \/>ferskvanns kulturperler.<\/p>\n<p>Smykkene er produsert i 925 s\u00f8lv.\u00a0 De fleste modellene finnes i b\u00e5de<br \/>blankt s\u00f8lv og i oksidert (overflatebehandling som gj\u00f8r produktene<br \/>m\u00f8rk), som da ligner mest p\u00e5 de ekte bl\u00e5skjellene.\u00a0 Enkelte detaljer p\u00e5<br \/>smykkene er belagt med 14 karat gult gull.<\/p>\n<p>Alle smykkene er produsert p\u00e5 mitt verksted p\u00e5 Hemnesberget.<\/p>\n","protected":false},"excerpt":{"rendered":"<div class=\"woocommerce-product-details__short-description\">\n<p>Bl\u00e5skjell anheng (mellom st\u00f8rrelse \u2013 ca 3 cm langt) 925 s\u00f8lv med 42 cm kjede.<\/p>\n<p>Anhenget kommer med ankerkjede (her vist i revehale), som passer best til det maritime uttrykket.<\/p>\n<\/div>\n","protected":false},"featured_media":15294,"comment_status":"open","ping_status":"closed","template":"","meta":{"_acf_changed":false},"product_brand":[],"product_cat":[140,62,106],"product_tag":[],"class_list":{"0":"post-15296","1":"product","2":"type-product","3":"status-publish","4":"has-post-thumbnail","6":"product_vendor-gullsmed-merete-mattson","7":"product_cat-halskjeder-og-anheng","8":"product_cat-smykker","9":"product_cat-solvsmykker","11":"first","12":"instock","13":"taxable","14":"shipping-taxable","15":"product-type-external"},"acf":[],"yoast_head":"<!-- This site is optimized with the Yoast SEO plugin v27.1.1 - https:\/\/yoast.com\/product\/yoast-seo-wordpress\/ -->\n<title>Bl\u00e5skjell smykke &#8226; Norwegian Made<\/title>\n<meta name=\"robots\" content=\"index, follow, max-snippet:-1, max-image-preview:large, max-video-preview:-1\" \/>\n<link rel=\"canonical\" href=\"https:\/\/norwegianmade.no\/produkt\/blaskjell-smykke\/\" \/>\n<meta property=\"og:locale\" content=\"en_US\" \/>\n<meta property=\"og:type\" content=\"article\" \/>\n<meta property=\"og:title\" content=\"Bl\u00e5skjell smykke &#8226; Norwegian Made\" \/>\n<meta property=\"og:description\" content=\"Bl\u00e5skjell anheng (mellom st\u00f8rrelse \u2013 ca 3 cm langt) 925 s\u00f8lv med 42 cm kjede.Anhenget kommer med ankerkjede (her vist i revehale), som passer best til det maritime uttrykket.\" \/>\n<meta property=\"og:url\" content=\"https:\/\/norwegianmade.no\/produkt\/blaskjell-smykke\/\" \/>\n<meta property=\"og:site_name\" content=\"Norwegian Made\" \/>\n<meta property=\"article:modified_time\" content=\"2025-05-07T21:24:51+00:00\" \/>\n<meta property=\"og:image\" content=\"https:\/\/norwegianmade.no\/wp-content\/uploads\/2022\/05\/Blaskjell-anheng-mellom.jpg\" \/>\n\t<meta property=\"og:image:width\" content=\"928\" \/>\n\t<meta property=\"og:image:height\" content=\"1144\" \/>\n\t<meta property=\"og:image:type\" content=\"image\/jpeg\" \/>\n<meta name=\"twitter:card\" content=\"summary_large_image\" \/>\n<meta name=\"twitter:label1\" content=\"Est. reading time\" \/>\n\t<meta name=\"twitter:data1\" content=\"1 minute\" \/>\n<script type=\"application\/ld+json\" class=\"yoast-schema-graph\">{\"@context\":\"https:\/\/schema.org\",\"@graph\":[{\"@type\":\"WebPage\",\"@id\":\"https:\/\/norwegianmade.no\/produkt\/blaskjell-smykke\/\",\"url\":\"https:\/\/norwegianmade.no\/produkt\/blaskjell-smykke\/\",\"name\":\"Bl\u00e5skjell smykke &#8226; Norwegian Made\",\"isPartOf\":{\"@id\":\"https:\/\/norwegianmade.no\/#website\"},\"primaryImageOfPage\":{\"@id\":\"https:\/\/norwegianmade.no\/produkt\/blaskjell-smykke\/#primaryimage\"},\"image\":{\"@id\":\"https:\/\/norwegianmade.no\/produkt\/blaskjell-smykke\/#primaryimage\"},\"thumbnailUrl\":\"https:\/\/norwegianmade.no\/wp-content\/uploads\/2022\/05\/Blaskjell-anheng-mellom.jpg\",\"datePublished\":\"2022-05-12T07:53:50+00:00\",\"dateModified\":\"2025-05-07T21:24:51+00:00\",\"breadcrumb\":{\"@id\":\"https:\/\/norwegianmade.no\/produkt\/blaskjell-smykke\/#breadcrumb\"},\"inLanguage\":\"en-US\",\"potentialAction\":[{\"@type\":\"ReadAction\",\"target\":[\"https:\/\/norwegianmade.no\/produkt\/blaskjell-smykke\/\"]}]},{\"@type\":\"ImageObject\",\"inLanguage\":\"en-US\",\"@id\":\"https:\/\/norwegianmade.no\/produkt\/blaskjell-smykke\/#primaryimage\",\"url\":\"https:\/\/norwegianmade.no\/wp-content\/uploads\/2022\/05\/Blaskjell-anheng-mellom.jpg\",\"contentUrl\":\"https:\/\/norwegianmade.no\/wp-content\/uploads\/2022\/05\/Blaskjell-anheng-mellom.jpg\",\"width\":928,\"height\":1144},{\"@type\":\"BreadcrumbList\",\"@id\":\"https:\/\/norwegianmade.no\/produkt\/blaskjell-smykke\/#breadcrumb\",\"itemListElement\":[{\"@type\":\"ListItem\",\"position\":1,\"name\":\"Hjem\",\"item\":\"https:\/\/norwegianmade.no\/en\/\"},{\"@type\":\"ListItem\",\"position\":2,\"name\":\"Shop\",\"item\":\"https:\/\/norwegianmade.no\/en\/shop\/\"},{\"@type\":\"ListItem\",\"position\":3,\"name\":\"Bl\u00e5skjell smykke\"}]},{\"@type\":\"WebSite\",\"@id\":\"https:\/\/norwegianmade.no\/#website\",\"url\":\"https:\/\/norwegianmade.no\/\",\"name\":\"Norwegian Made\",\"description\":\"Norges st\u00f8rste markedsplass for norske produsenter\",\"publisher\":{\"@id\":\"https:\/\/norwegianmade.no\/#organization\"},\"potentialAction\":[{\"@type\":\"SearchAction\",\"target\":{\"@type\":\"EntryPoint\",\"urlTemplate\":\"https:\/\/norwegianmade.no\/?s={search_term_string}\"},\"query-input\":{\"@type\":\"PropertyValueSpecification\",\"valueRequired\":true,\"valueName\":\"search_term_string\"}}],\"inLanguage\":\"en-US\"},{\"@type\":\"Organization\",\"@id\":\"https:\/\/norwegianmade.no\/#organization\",\"name\":\"Norwegian Made\",\"url\":\"https:\/\/norwegianmade.no\/\",\"logo\":{\"@type\":\"ImageObject\",\"inLanguage\":\"en-US\",\"@id\":\"https:\/\/norwegianmade.no\/#\/schema\/logo\/image\/\",\"url\":\"https:\/\/norwegianmade.no\/wp-content\/uploads\/2020\/11\/logo-liggende-norwegian-made-web.png\",\"contentUrl\":\"https:\/\/norwegianmade.no\/wp-content\/uploads\/2020\/11\/logo-liggende-norwegian-made-web.png\",\"width\":200,\"height\":58,\"caption\":\"Norwegian Made\"},\"image\":{\"@id\":\"https:\/\/norwegianmade.no\/#\/schema\/logo\/image\/\"}}]}<\/script>\n<!-- \/ Yoast SEO plugin. -->","yoast_head_json":{"title":"Bl\u00e5skjell smykke &#8226; Norwegian Made","robots":{"index":"index","follow":"follow","max-snippet":"max-snippet:-1","max-image-preview":"max-image-preview:large","max-video-preview":"max-video-preview:-1"},"canonical":"https:\/\/norwegianmade.no\/produkt\/blaskjell-smykke\/","og_locale":"en_US","og_type":"article","og_title":"Bl\u00e5skjell smykke &#8226; Norwegian Made","og_description":"Bl\u00e5skjell anheng (mellom st\u00f8rrelse \u2013 ca 3 cm langt) 925 s\u00f8lv med 42 cm kjede.Anhenget kommer med ankerkjede (her vist i revehale), som passer best til det maritime uttrykket.","og_url":"https:\/\/norwegianmade.no\/produkt\/blaskjell-smykke\/","og_site_name":"Norwegian Made","article_modified_time":"2025-05-07T21:24:51+00:00","og_image":[{"width":928,"height":1144,"url":"https:\/\/norwegianmade.no\/wp-content\/uploads\/2022\/05\/Blaskjell-anheng-mellom.jpg","type":"image\/jpeg"}],"twitter_card":"summary_large_image","twitter_misc":{"Est. reading time":"1 minute"},"schema":{"@context":"https:\/\/schema.org","@graph":[{"@type":"WebPage","@id":"https:\/\/norwegianmade.no\/produkt\/blaskjell-smykke\/","url":"https:\/\/norwegianmade.no\/produkt\/blaskjell-smykke\/","name":"Bl\u00e5skjell smykke &#8226; Norwegian Made","isPartOf":{"@id":"https:\/\/norwegianmade.no\/#website"},"primaryImageOfPage":{"@id":"https:\/\/norwegianmade.no\/produkt\/blaskjell-smykke\/#primaryimage"},"image":{"@id":"https:\/\/norwegianmade.no\/produkt\/blaskjell-smykke\/#primaryimage"},"thumbnailUrl":"https:\/\/norwegianmade.no\/wp-content\/uploads\/2022\/05\/Blaskjell-anheng-mellom.jpg","datePublished":"2022-05-12T07:53:50+00:00","dateModified":"2025-05-07T21:24:51+00:00","breadcrumb":{"@id":"https:\/\/norwegianmade.no\/produkt\/blaskjell-smykke\/#breadcrumb"},"inLanguage":"en-US","potentialAction":[{"@type":"ReadAction","target":["https:\/\/norwegianmade.no\/produkt\/blaskjell-smykke\/"]}]},{"@type":"ImageObject","inLanguage":"en-US","@id":"https:\/\/norwegianmade.no\/produkt\/blaskjell-smykke\/#primaryimage","url":"https:\/\/norwegianmade.no\/wp-content\/uploads\/2022\/05\/Blaskjell-anheng-mellom.jpg","contentUrl":"https:\/\/norwegianmade.no\/wp-content\/uploads\/2022\/05\/Blaskjell-anheng-mellom.jpg","width":928,"height":1144},{"@type":"BreadcrumbList","@id":"https:\/\/norwegianmade.no\/produkt\/blaskjell-smykke\/#breadcrumb","itemListElement":[{"@type":"ListItem","position":1,"name":"Hjem","item":"https:\/\/norwegianmade.no\/en\/"},{"@type":"ListItem","position":2,"name":"Shop","item":"https:\/\/norwegianmade.no\/en\/shop\/"},{"@type":"ListItem","position":3,"name":"Bl\u00e5skjell smykke"}]},{"@type":"WebSite","@id":"https:\/\/norwegianmade.no\/#website","url":"https:\/\/norwegianmade.no\/","name":"Norwegian Made","description":"Norges st\u00f8rste markedsplass for norske produsenter","publisher":{"@id":"https:\/\/norwegianmade.no\/#organization"},"potentialAction":[{"@type":"SearchAction","target":{"@type":"EntryPoint","urlTemplate":"https:\/\/norwegianmade.no\/?s={search_term_string}"},"query-input":{"@type":"PropertyValueSpecification","valueRequired":true,"valueName":"search_term_string"}}],"inLanguage":"en-US"},{"@type":"Organization","@id":"https:\/\/norwegianmade.no\/#organization","name":"Norwegian Made","url":"https:\/\/norwegianmade.no\/","logo":{"@type":"ImageObject","inLanguage":"en-US","@id":"https:\/\/norwegianmade.no\/#\/schema\/logo\/image\/","url":"https:\/\/norwegianmade.no\/wp-content\/uploads\/2020\/11\/logo-liggende-norwegian-made-web.png","contentUrl":"https:\/\/norwegianmade.no\/wp-content\/uploads\/2020\/11\/logo-liggende-norwegian-made-web.png","width":200,"height":58,"caption":"Norwegian Made"},"image":{"@id":"https:\/\/norwegianmade.no\/#\/schema\/logo\/image\/"}}]}},"_links":{"self":[{"href":"https:\/\/norwegianmade.no\/en\/wp-json\/wp\/v2\/product\/15296","targetHints":{"allow":["GET"]}}],"collection":[{"href":"https:\/\/norwegianmade.no\/en\/wp-json\/wp\/v2\/product"}],"about":[{"href":"https:\/\/norwegianmade.no\/en\/wp-json\/wp\/v2\/types\/product"}],"replies":[{"embeddable":true,"href":"https:\/\/norwegianmade.no\/en\/wp-json\/wp\/v2\/comments?post=15296"}],"wp:featuredmedia":[{"embeddable":true,"href":"https:\/\/norwegianmade.no\/en\/wp-json\/wp\/v2\/media\/15294"}],"wp:attachment":[{"href":"https:\/\/norwegianmade.no\/en\/wp-json\/wp\/v2\/media?parent=15296"}],"wp:term":[{"taxonomy":"product_brand","embeddable":true,"href":"https:\/\/norwegianmade.no\/en\/wp-json\/wp\/v2\/product_brand?post=15296"},{"taxonomy":"product_cat","embeddable":true,"href":"https:\/\/norwegianmade.no\/en\/wp-json\/wp\/v2\/product_cat?post=15296"},{"taxonomy":"product_tag","embeddable":true,"href":"https:\/\/norwegianmade.no\/en\/wp-json\/wp\/v2\/product_tag?post=15296"}],"curies":[{"name":"wp","href":"https:\/\/api.w.org\/{rel}","templated":true}]}}