{"id":15329,"date":"2022-05-20T18:25:54","date_gmt":"2022-05-20T16:25:54","guid":{"rendered":"https:\/\/norwegianmade.no\/?post_type=product&#038;p=15329"},"modified":"2024-03-09T12:24:11","modified_gmt":"2024-03-09T11:24:11","slug":"handmalt-jakke-i-silke-3398","status":"archived","type":"product","link":"https:\/\/norwegianmade.no\/en\/produkt\/handmalt-jakke-i-silke-3398\/","title":{"rendered":"H\u00e5ndmalt jakke i silke 3398"},"content":{"rendered":"<div class=\"details_container\" data-mce-fragment=\"1\" data-sanitized-data-mce-fragment=\"1\" style=\"color: #212b36;font-family: -apple-system, system-ui,\" data-mce-style=\"color: #212b36; font-family: -apple-system, system-ui,;\">\n<div class=\"inner_container\" data-mce-fragment=\"1\" data-sanitized-data-mce-fragment=\"1\">\n<p data-mce-fragment=\"1\" data-sanitized-data-mce-fragment=\"1\" style=\"margin: 0px 0px 1em;line-height: 1.4\" data-mce-style=\"margin: 0px 0px 1em; line-height: 1.4;\"><span data-mce-fragment=\"1\" data-sanitized-data-mce-fragment=\"1\">Mod. 3398<\/span><\/p>\n<p data-mce-fragment=\"1\" data-sanitized-data-mce-fragment=\"1\" style=\"margin: 0px 0px 1em;line-height: 1.4\" data-mce-style=\"margin: 0px 0px 1em; line-height: 1.4;\"><span data-mce-fragment=\"1\" data-sanitized-data-mce-fragment=\"1\">H\u00e5ndmalt jakke i Chiffon silke. Hver enkel jakke blir malt med pensel p\u00e5 hvit silke, med reaktive farger. Silken blir s\u00e5 dampfiksert s\u00e5 fargene trekker inn i fibrene og blir permanente. Jakken t\u00e5ler dermed mye sol og vask, og den falmer ikke etter mange \u00e5rs bruk.\u00a0\u00a0<\/span><span data-mce-fragment=\"1\" data-sanitized-data-mce-fragment=\"1\">Alle jakkene er unike og signerte.<\/span><\/p>\n<p data-mce-fragment=\"1\" data-sanitized-data-mce-fragment=\"1\" style=\"margin: 0px 0px 1em;line-height: 1.4\" data-mce-style=\"margin: 0px 0px 1em; line-height: 1.4;\"><span data-mce-fragment=\"1\" data-sanitized-data-mce-fragment=\"1\">&#8211; Modellen passer de aller fleste<\/span><br data-mce-fragment=\"1\" data-sanitized-data-mce-fragment=\"1\"><span data-mce-fragment=\"1\" data-sanitized-data-mce-fragment=\"1\">&#8211; Fra skuldre til hofter: 64 cm.\u00a0<\/span><br data-mce-fragment=\"1\" data-sanitized-data-mce-fragment=\"1\"><span data-mce-fragment=\"1\" data-sanitized-data-mce-fragment=\"1\">&#8211; Lengde foran: 88 cm.<\/span><br data-mce-fragment=\"1\" data-sanitized-data-mce-fragment=\"1\"><span data-mce-fragment=\"1\" data-sanitized-data-mce-fragment=\"1\">&#8211; Lengde bak: 85 cm.<\/span><br data-mce-fragment=\"1\" data-sanitized-data-mce-fragment=\"1\"><span data-mce-fragment=\"1\" data-sanitized-data-mce-fragment=\"1\">&#8211; Vidde total: 190 cm.<\/span><br data-mce-fragment=\"1\" data-sanitized-data-mce-fragment=\"1\"><br data-mce-fragment=\"1\" data-sanitized-data-mce-fragment=\"1\"><span data-mce-fragment=\"1\" data-sanitized-data-mce-fragment=\"1\">\u00a0Du kan ha den \u00e5pen, knyttet sammen foran eller ha p\u00e5 et belte.\u00a0<\/span><span data-mce-fragment=\"1\" data-sanitized-data-mce-fragment=\"1\">\u00a0Passer like bra over &#8220;den lille sorte&#8221; som over et par jeans.<\/span><br data-mce-fragment=\"1\" data-sanitized-data-mce-fragment=\"1\"><br data-mce-fragment=\"1\" data-sanitized-data-mce-fragment=\"1\"><span data-mce-fragment=\"1\" data-sanitized-data-mce-fragment=\"1\">\u00a0Silke gir en f\u00f8lelse av luksus, og den kan vaskes i maskin eller for h\u00e5nd.<\/span><br data-mce-fragment=\"1\" data-sanitized-data-mce-fragment=\"1\"><\/p>\n<p data-mce-fragment=\"1\" data-sanitized-data-mce-fragment=\"1\" style=\"margin: 0px 0px 1em;line-height: 1.4\" data-mce-style=\"margin: 0px 0px 1em; line-height: 1.4;\">\u00a0Fargene kan variere litt fra monitor til monitor.<\/p>\n<div class=\"details_container\" data-mce-fragment=\"1\" data-sanitized-data-mce-fragment=\"1\">\n<div class=\"inner_container\" data-mce-fragment=\"1\" data-sanitized-data-mce-fragment=\"1\">\n<div class=\"description html_content\" data-mce-fragment=\"1\" data-sanitized-data-mce-fragment=\"1\">-100 % Chiffon silke<br data-mce-fragment=\"1\" data-sanitized-data-mce-fragment=\"1\">-H\u00e5ndvask eller maskin.<br data-mce-fragment=\"1\" data-sanitized-data-mce-fragment=\"1\">-P\u00e5sydd navnelapp<br data-mce-fragment=\"1\" data-sanitized-data-mce-fragment=\"1\">-Denne jakken er p\u00e5 lager, s\u00e5 den blir sendt straks<\/div>\n<div data-mce-fragment=\"1\" data-sanitized-data-mce-fragment=\"1\">\u00a0Kredittkort, PayPal, Stripe og vedlagt giro blir akseptert ved betaling.<\/div>\n<div class=\"description html_content\" data-mce-fragment=\"1\" data-sanitized-data-mce-fragment=\"1\">\u00a0FRI FRAKT!<\/div>\n<\/div>\n<\/div>\n<\/div>\n<\/div>\n","protected":false},"excerpt":{"rendered":"<p>H\u00e5ndmalt jakke i Chiffon silke. Helt unik!<\/p>\n","protected":false},"featured_media":0,"comment_status":"open","ping_status":"closed","template":"","meta":{"_acf_changed":false},"product_brand":[],"product_cat":[78,91],"product_tag":[],"class_list":{"0":"post-15329","1":"product","2":"type-product","3":"status-archived","5":"product_vendor-design-og-silke","6":"product_cat-gaver","7":"product_cat-klaer","9":"first","10":"instock","11":"featured","12":"sold-individually","13":"taxable","14":"shipping-taxable","15":"product-type-simple"},"acf":[],"yoast_head":"<!-- This site is optimized with the Yoast SEO plugin v27.1.1 - https:\/\/yoast.com\/product\/yoast-seo-wordpress\/ -->\n<title>H\u00e5ndmalt jakke i silke 3398 &#8226; Norwegian Made<\/title>\n<meta name=\"robots\" content=\"index, follow, max-snippet:-1, max-image-preview:large, max-video-preview:-1\" \/>\n<link rel=\"canonical\" href=\"https:\/\/norwegianmade.no\/produkt\/handmalt-jakke-i-silke-3398\/\" \/>\n<meta property=\"og:locale\" content=\"en_US\" \/>\n<meta property=\"og:type\" content=\"article\" \/>\n<meta property=\"og:title\" content=\"H\u00e5ndmalt jakke i silke 3398 &#8226; Norwegian Made\" \/>\n<meta property=\"og:description\" content=\"H\u00e5ndmalt jakke i Chiffon silke. Helt unik!\" \/>\n<meta property=\"og:url\" content=\"https:\/\/norwegianmade.no\/produkt\/handmalt-jakke-i-silke-3398\/\" \/>\n<meta property=\"og:site_name\" content=\"Norwegian Made\" \/>\n<meta property=\"article:modified_time\" content=\"2024-03-09T11:24:11+00:00\" \/>\n<meta name=\"twitter:card\" content=\"summary_large_image\" \/>\n<meta name=\"twitter:label1\" content=\"Est. reading time\" \/>\n\t<meta name=\"twitter:data1\" content=\"1 minute\" \/>\n<script type=\"application\/ld+json\" class=\"yoast-schema-graph\">{\"@context\":\"https:\/\/schema.org\",\"@graph\":[{\"@type\":\"WebPage\",\"@id\":\"https:\/\/norwegianmade.no\/produkt\/handmalt-jakke-i-silke-3398\/\",\"url\":\"https:\/\/norwegianmade.no\/produkt\/handmalt-jakke-i-silke-3398\/\",\"name\":\"H\u00e5ndmalt jakke i silke 3398 &#8226; Norwegian Made\",\"isPartOf\":{\"@id\":\"https:\/\/norwegianmade.no\/#website\"},\"datePublished\":\"2022-05-20T16:25:54+00:00\",\"dateModified\":\"2024-03-09T11:24:11+00:00\",\"breadcrumb\":{\"@id\":\"https:\/\/norwegianmade.no\/produkt\/handmalt-jakke-i-silke-3398\/#breadcrumb\"},\"inLanguage\":\"en-US\",\"potentialAction\":[{\"@type\":\"ReadAction\",\"target\":[\"https:\/\/norwegianmade.no\/produkt\/handmalt-jakke-i-silke-3398\/\"]}]},{\"@type\":\"BreadcrumbList\",\"@id\":\"https:\/\/norwegianmade.no\/produkt\/handmalt-jakke-i-silke-3398\/#breadcrumb\",\"itemListElement\":[{\"@type\":\"ListItem\",\"position\":1,\"name\":\"Hjem\",\"item\":\"https:\/\/norwegianmade.no\/en\/\"},{\"@type\":\"ListItem\",\"position\":2,\"name\":\"Shop\",\"item\":\"https:\/\/norwegianmade.no\/en\/shop\/\"},{\"@type\":\"ListItem\",\"position\":3,\"name\":\"H\u00e5ndmalt jakke i silke 3398\"}]},{\"@type\":\"WebSite\",\"@id\":\"https:\/\/norwegianmade.no\/#website\",\"url\":\"https:\/\/norwegianmade.no\/\",\"name\":\"Norwegian Made\",\"description\":\"Norges st\u00f8rste markedsplass for norske produsenter\",\"publisher\":{\"@id\":\"https:\/\/norwegianmade.no\/#organization\"},\"potentialAction\":[{\"@type\":\"SearchAction\",\"target\":{\"@type\":\"EntryPoint\",\"urlTemplate\":\"https:\/\/norwegianmade.no\/?s={search_term_string}\"},\"query-input\":{\"@type\":\"PropertyValueSpecification\",\"valueRequired\":true,\"valueName\":\"search_term_string\"}}],\"inLanguage\":\"en-US\"},{\"@type\":\"Organization\",\"@id\":\"https:\/\/norwegianmade.no\/#organization\",\"name\":\"Norwegian Made\",\"url\":\"https:\/\/norwegianmade.no\/\",\"logo\":{\"@type\":\"ImageObject\",\"inLanguage\":\"en-US\",\"@id\":\"https:\/\/norwegianmade.no\/#\/schema\/logo\/image\/\",\"url\":\"https:\/\/norwegianmade.no\/wp-content\/uploads\/2020\/11\/logo-liggende-norwegian-made-web.png\",\"contentUrl\":\"https:\/\/norwegianmade.no\/wp-content\/uploads\/2020\/11\/logo-liggende-norwegian-made-web.png\",\"width\":200,\"height\":58,\"caption\":\"Norwegian Made\"},\"image\":{\"@id\":\"https:\/\/norwegianmade.no\/#\/schema\/logo\/image\/\"}}]}<\/script>\n<!-- \/ Yoast SEO plugin. -->","yoast_head_json":{"title":"H\u00e5ndmalt jakke i silke 3398 &#8226; Norwegian Made","robots":{"index":"index","follow":"follow","max-snippet":"max-snippet:-1","max-image-preview":"max-image-preview:large","max-video-preview":"max-video-preview:-1"},"canonical":"https:\/\/norwegianmade.no\/produkt\/handmalt-jakke-i-silke-3398\/","og_locale":"en_US","og_type":"article","og_title":"H\u00e5ndmalt jakke i silke 3398 &#8226; Norwegian Made","og_description":"H\u00e5ndmalt jakke i Chiffon silke. Helt unik!","og_url":"https:\/\/norwegianmade.no\/produkt\/handmalt-jakke-i-silke-3398\/","og_site_name":"Norwegian Made","article_modified_time":"2024-03-09T11:24:11+00:00","twitter_card":"summary_large_image","twitter_misc":{"Est. reading time":"1 minute"},"schema":{"@context":"https:\/\/schema.org","@graph":[{"@type":"WebPage","@id":"https:\/\/norwegianmade.no\/produkt\/handmalt-jakke-i-silke-3398\/","url":"https:\/\/norwegianmade.no\/produkt\/handmalt-jakke-i-silke-3398\/","name":"H\u00e5ndmalt jakke i silke 3398 &#8226; Norwegian Made","isPartOf":{"@id":"https:\/\/norwegianmade.no\/#website"},"datePublished":"2022-05-20T16:25:54+00:00","dateModified":"2024-03-09T11:24:11+00:00","breadcrumb":{"@id":"https:\/\/norwegianmade.no\/produkt\/handmalt-jakke-i-silke-3398\/#breadcrumb"},"inLanguage":"en-US","potentialAction":[{"@type":"ReadAction","target":["https:\/\/norwegianmade.no\/produkt\/handmalt-jakke-i-silke-3398\/"]}]},{"@type":"BreadcrumbList","@id":"https:\/\/norwegianmade.no\/produkt\/handmalt-jakke-i-silke-3398\/#breadcrumb","itemListElement":[{"@type":"ListItem","position":1,"name":"Hjem","item":"https:\/\/norwegianmade.no\/en\/"},{"@type":"ListItem","position":2,"name":"Shop","item":"https:\/\/norwegianmade.no\/en\/shop\/"},{"@type":"ListItem","position":3,"name":"H\u00e5ndmalt jakke i silke 3398"}]},{"@type":"WebSite","@id":"https:\/\/norwegianmade.no\/#website","url":"https:\/\/norwegianmade.no\/","name":"Norwegian Made","description":"Norges st\u00f8rste markedsplass for norske produsenter","publisher":{"@id":"https:\/\/norwegianmade.no\/#organization"},"potentialAction":[{"@type":"SearchAction","target":{"@type":"EntryPoint","urlTemplate":"https:\/\/norwegianmade.no\/?s={search_term_string}"},"query-input":{"@type":"PropertyValueSpecification","valueRequired":true,"valueName":"search_term_string"}}],"inLanguage":"en-US"},{"@type":"Organization","@id":"https:\/\/norwegianmade.no\/#organization","name":"Norwegian Made","url":"https:\/\/norwegianmade.no\/","logo":{"@type":"ImageObject","inLanguage":"en-US","@id":"https:\/\/norwegianmade.no\/#\/schema\/logo\/image\/","url":"https:\/\/norwegianmade.no\/wp-content\/uploads\/2020\/11\/logo-liggende-norwegian-made-web.png","contentUrl":"https:\/\/norwegianmade.no\/wp-content\/uploads\/2020\/11\/logo-liggende-norwegian-made-web.png","width":200,"height":58,"caption":"Norwegian Made"},"image":{"@id":"https:\/\/norwegianmade.no\/#\/schema\/logo\/image\/"}}]}},"_links":{"self":[{"href":"https:\/\/norwegianmade.no\/en\/wp-json\/wp\/v2\/product\/15329","targetHints":{"allow":["GET"]}}],"collection":[{"href":"https:\/\/norwegianmade.no\/en\/wp-json\/wp\/v2\/product"}],"about":[{"href":"https:\/\/norwegianmade.no\/en\/wp-json\/wp\/v2\/types\/product"}],"replies":[{"embeddable":true,"href":"https:\/\/norwegianmade.no\/en\/wp-json\/wp\/v2\/comments?post=15329"}],"wp:attachment":[{"href":"https:\/\/norwegianmade.no\/en\/wp-json\/wp\/v2\/media?parent=15329"}],"wp:term":[{"taxonomy":"product_brand","embeddable":true,"href":"https:\/\/norwegianmade.no\/en\/wp-json\/wp\/v2\/product_brand?post=15329"},{"taxonomy":"product_cat","embeddable":true,"href":"https:\/\/norwegianmade.no\/en\/wp-json\/wp\/v2\/product_cat?post=15329"},{"taxonomy":"product_tag","embeddable":true,"href":"https:\/\/norwegianmade.no\/en\/wp-json\/wp\/v2\/product_tag?post=15329"}],"curies":[{"name":"wp","href":"https:\/\/api.w.org\/{rel}","templated":true}]}}