{"id":16027,"date":"2022-07-12T14:14:45","date_gmt":"2022-07-12T12:14:45","guid":{"rendered":"https:\/\/norwegianmade.no\/markedsplass\/pusseklut-til-solv\/"},"modified":"2025-04-16T14:11:29","modified_gmt":"2025-04-16T12:11:29","slug":"pusseklut-til-solv","status":"publish","type":"product","link":"https:\/\/norwegianmade.no\/en\/produkt\/pusseklut-til-solv\/","title":{"rendered":"Pusseklut til s\u00f8lv"},"content":{"rendered":"<p>Denne fantastiske gode pussekluten hjelper deg til \u00e5 holde s\u00f8lvet ditt fint.<\/p>\n<p>Puss alt fra bunads\u00f8lv, ringer, bestikk, lysestaker, boller og alt du m\u00e5tte \u00f8nske av s\u00f8lv, for \u00e5 holde det fint.<\/p>\n<p>Bruk den som den er, n\u00e5r den er s\u00e5 lortutt at du ikke kan bruke den mer, b\u00f8r du g\u00e5 til innkj\u00f8p av en ny, da vi er sikre p\u00e5 at denne kommer til \u00e5 bli uunnv\u00e6rlig.<\/p>\n<p>Kluten m\u00e5ler: 30x45cm.<\/p>\n<p>Skal ikke vaskes.<\/p>\n","protected":false},"excerpt":{"rendered":"<p><\/p>\n","protected":false},"featured_media":0,"comment_status":"closed","ping_status":"closed","template":"","meta":{"_acf_changed":false},"product_brand":[],"product_cat":[231],"product_tag":[],"class_list":{"0":"post-16027","1":"product","2":"type-product","3":"status-publish","5":"product_vendor-brendemo-gull-solv","6":"product_cat-tilbehor","8":"first","9":"instock","10":"taxable","11":"shipping-taxable","12":"product-type-external"},"acf":[],"yoast_head":"<!-- This site is optimized with the Yoast SEO plugin v27.1.1 - https:\/\/yoast.com\/product\/yoast-seo-wordpress\/ -->\n<title>Pusseklut til s\u00f8lv &#8226; Norwegian Made<\/title>\n<meta name=\"robots\" content=\"index, follow, max-snippet:-1, max-image-preview:large, max-video-preview:-1\" \/>\n<link rel=\"canonical\" href=\"https:\/\/norwegianmade.no\/produkt\/pusseklut-til-solv\/\" \/>\n<meta property=\"og:locale\" content=\"en_US\" \/>\n<meta property=\"og:type\" content=\"article\" \/>\n<meta property=\"og:title\" content=\"Pusseklut til s\u00f8lv &#8226; Norwegian Made\" \/>\n<meta property=\"og:url\" content=\"https:\/\/norwegianmade.no\/produkt\/pusseklut-til-solv\/\" \/>\n<meta property=\"og:site_name\" content=\"Norwegian Made\" \/>\n<meta property=\"article:modified_time\" content=\"2025-04-16T12:11:29+00:00\" \/>\n<meta name=\"twitter:card\" content=\"summary_large_image\" \/>\n<script type=\"application\/ld+json\" class=\"yoast-schema-graph\">{\"@context\":\"https:\/\/schema.org\",\"@graph\":[{\"@type\":\"WebPage\",\"@id\":\"https:\/\/norwegianmade.no\/produkt\/pusseklut-til-solv\/\",\"url\":\"https:\/\/norwegianmade.no\/produkt\/pusseklut-til-solv\/\",\"name\":\"Pusseklut til s\u00f8lv &#8226; Norwegian Made\",\"isPartOf\":{\"@id\":\"https:\/\/norwegianmade.no\/#website\"},\"datePublished\":\"2022-07-12T12:14:45+00:00\",\"dateModified\":\"2025-04-16T12:11:29+00:00\",\"breadcrumb\":{\"@id\":\"https:\/\/norwegianmade.no\/produkt\/pusseklut-til-solv\/#breadcrumb\"},\"inLanguage\":\"en-US\",\"potentialAction\":[{\"@type\":\"ReadAction\",\"target\":[\"https:\/\/norwegianmade.no\/produkt\/pusseklut-til-solv\/\"]}]},{\"@type\":\"BreadcrumbList\",\"@id\":\"https:\/\/norwegianmade.no\/produkt\/pusseklut-til-solv\/#breadcrumb\",\"itemListElement\":[{\"@type\":\"ListItem\",\"position\":1,\"name\":\"Hjem\",\"item\":\"https:\/\/norwegianmade.no\/en\/\"},{\"@type\":\"ListItem\",\"position\":2,\"name\":\"Shop\",\"item\":\"https:\/\/norwegianmade.no\/en\/shop\/\"},{\"@type\":\"ListItem\",\"position\":3,\"name\":\"Pusseklut til s\u00f8lv\"}]},{\"@type\":\"WebSite\",\"@id\":\"https:\/\/norwegianmade.no\/#website\",\"url\":\"https:\/\/norwegianmade.no\/\",\"name\":\"Norwegian Made\",\"description\":\"Norges st\u00f8rste markedsplass for norske produsenter\",\"publisher\":{\"@id\":\"https:\/\/norwegianmade.no\/#organization\"},\"potentialAction\":[{\"@type\":\"SearchAction\",\"target\":{\"@type\":\"EntryPoint\",\"urlTemplate\":\"https:\/\/norwegianmade.no\/?s={search_term_string}\"},\"query-input\":{\"@type\":\"PropertyValueSpecification\",\"valueRequired\":true,\"valueName\":\"search_term_string\"}}],\"inLanguage\":\"en-US\"},{\"@type\":\"Organization\",\"@id\":\"https:\/\/norwegianmade.no\/#organization\",\"name\":\"Norwegian Made\",\"url\":\"https:\/\/norwegianmade.no\/\",\"logo\":{\"@type\":\"ImageObject\",\"inLanguage\":\"en-US\",\"@id\":\"https:\/\/norwegianmade.no\/#\/schema\/logo\/image\/\",\"url\":\"https:\/\/norwegianmade.no\/wp-content\/uploads\/2020\/11\/logo-liggende-norwegian-made-web.png\",\"contentUrl\":\"https:\/\/norwegianmade.no\/wp-content\/uploads\/2020\/11\/logo-liggende-norwegian-made-web.png\",\"width\":200,\"height\":58,\"caption\":\"Norwegian Made\"},\"image\":{\"@id\":\"https:\/\/norwegianmade.no\/#\/schema\/logo\/image\/\"}}]}<\/script>\n<!-- \/ Yoast SEO plugin. -->","yoast_head_json":{"title":"Pusseklut til s\u00f8lv &#8226; Norwegian Made","robots":{"index":"index","follow":"follow","max-snippet":"max-snippet:-1","max-image-preview":"max-image-preview:large","max-video-preview":"max-video-preview:-1"},"canonical":"https:\/\/norwegianmade.no\/produkt\/pusseklut-til-solv\/","og_locale":"en_US","og_type":"article","og_title":"Pusseklut til s\u00f8lv &#8226; Norwegian Made","og_url":"https:\/\/norwegianmade.no\/produkt\/pusseklut-til-solv\/","og_site_name":"Norwegian Made","article_modified_time":"2025-04-16T12:11:29+00:00","twitter_card":"summary_large_image","schema":{"@context":"https:\/\/schema.org","@graph":[{"@type":"WebPage","@id":"https:\/\/norwegianmade.no\/produkt\/pusseklut-til-solv\/","url":"https:\/\/norwegianmade.no\/produkt\/pusseklut-til-solv\/","name":"Pusseklut til s\u00f8lv &#8226; Norwegian Made","isPartOf":{"@id":"https:\/\/norwegianmade.no\/#website"},"datePublished":"2022-07-12T12:14:45+00:00","dateModified":"2025-04-16T12:11:29+00:00","breadcrumb":{"@id":"https:\/\/norwegianmade.no\/produkt\/pusseklut-til-solv\/#breadcrumb"},"inLanguage":"en-US","potentialAction":[{"@type":"ReadAction","target":["https:\/\/norwegianmade.no\/produkt\/pusseklut-til-solv\/"]}]},{"@type":"BreadcrumbList","@id":"https:\/\/norwegianmade.no\/produkt\/pusseklut-til-solv\/#breadcrumb","itemListElement":[{"@type":"ListItem","position":1,"name":"Hjem","item":"https:\/\/norwegianmade.no\/en\/"},{"@type":"ListItem","position":2,"name":"Shop","item":"https:\/\/norwegianmade.no\/en\/shop\/"},{"@type":"ListItem","position":3,"name":"Pusseklut til s\u00f8lv"}]},{"@type":"WebSite","@id":"https:\/\/norwegianmade.no\/#website","url":"https:\/\/norwegianmade.no\/","name":"Norwegian Made","description":"Norges st\u00f8rste markedsplass for norske produsenter","publisher":{"@id":"https:\/\/norwegianmade.no\/#organization"},"potentialAction":[{"@type":"SearchAction","target":{"@type":"EntryPoint","urlTemplate":"https:\/\/norwegianmade.no\/?s={search_term_string}"},"query-input":{"@type":"PropertyValueSpecification","valueRequired":true,"valueName":"search_term_string"}}],"inLanguage":"en-US"},{"@type":"Organization","@id":"https:\/\/norwegianmade.no\/#organization","name":"Norwegian Made","url":"https:\/\/norwegianmade.no\/","logo":{"@type":"ImageObject","inLanguage":"en-US","@id":"https:\/\/norwegianmade.no\/#\/schema\/logo\/image\/","url":"https:\/\/norwegianmade.no\/wp-content\/uploads\/2020\/11\/logo-liggende-norwegian-made-web.png","contentUrl":"https:\/\/norwegianmade.no\/wp-content\/uploads\/2020\/11\/logo-liggende-norwegian-made-web.png","width":200,"height":58,"caption":"Norwegian Made"},"image":{"@id":"https:\/\/norwegianmade.no\/#\/schema\/logo\/image\/"}}]}},"_links":{"self":[{"href":"https:\/\/norwegianmade.no\/en\/wp-json\/wp\/v2\/product\/16027","targetHints":{"allow":["GET"]}}],"collection":[{"href":"https:\/\/norwegianmade.no\/en\/wp-json\/wp\/v2\/product"}],"about":[{"href":"https:\/\/norwegianmade.no\/en\/wp-json\/wp\/v2\/types\/product"}],"replies":[{"embeddable":true,"href":"https:\/\/norwegianmade.no\/en\/wp-json\/wp\/v2\/comments?post=16027"}],"wp:attachment":[{"href":"https:\/\/norwegianmade.no\/en\/wp-json\/wp\/v2\/media?parent=16027"}],"wp:term":[{"taxonomy":"product_brand","embeddable":true,"href":"https:\/\/norwegianmade.no\/en\/wp-json\/wp\/v2\/product_brand?post=16027"},{"taxonomy":"product_cat","embeddable":true,"href":"https:\/\/norwegianmade.no\/en\/wp-json\/wp\/v2\/product_cat?post=16027"},{"taxonomy":"product_tag","embeddable":true,"href":"https:\/\/norwegianmade.no\/en\/wp-json\/wp\/v2\/product_tag?post=16027"}],"curies":[{"name":"wp","href":"https:\/\/api.w.org\/{rel}","templated":true}]}}