{"id":16142,"date":"2022-07-15T18:50:38","date_gmt":"2022-07-15T16:50:38","guid":{"rendered":"https:\/\/norwegianmade.no\/markedsplass\/minitre-i-en-nydelig-okergul-farge\/"},"modified":"2024-06-29T01:22:15","modified_gmt":"2024-06-28T23:22:15","slug":"minitre-i-en-nydelig-okergul-farge","status":"publish","type":"product","link":"https:\/\/norwegianmade.no\/en\/produkt\/minitre-i-en-nydelig-okergul-farge\/","title":{"rendered":"Minitre i en nydelig okergul farge (23 cm)"},"content":{"rendered":"<p><\/p>\n","protected":false},"excerpt":{"rendered":"<p style=\"margin-top: 0px;margin-bottom: 1rem;font-family: Lato, sans-serif\" data-mce-style=\"margin-top: 0px; margin-bottom: 1rem; font-family: Lato, sans-serif;\">Dette s\u00f8te minitreet er sydd i en nydelig okergul farge i filtet ull. Treet er dekorert med koksgr\u00e5, hvit og lysgr\u00e5 prikker i ull.<\/p>\n<p style=\"margin-top: 0px;margin-bottom: 1rem;font-family: Lato, sans-serif\" data-mce-style=\"margin-top: 0px; margin-bottom: 1rem; font-family: Lato, sans-serif;\">Jeg bruker teknikken n\u00e5lefilting n\u00e5r jeg fester de sm\u00e5 prikkene i treet.\u00a0<\/p>\n<p style=\"margin-top: 0px;margin-bottom: 1rem;font-family: Lato, sans-serif\" data-mce-style=\"margin-top: 0px; margin-bottom: 1rem; font-family: Lato, sans-serif;\">Minitreet er fylt med allgerivennlig fyllvatt, og har et herlig lubbent utsende. En kvist er satt inn i treet og er inkludert i prisen.<\/p>\n<p style=\"margin-top: 0px;margin-bottom: 1rem;font-family: Lato, sans-serif\" data-mce-style=\"margin-top: 0px; margin-bottom: 1rem; font-family: Lato, sans-serif;\">Selve treet er ca 23 cm, og blir noen cm lengre med kvisten som stikker ut.<\/p>\n<p style=\"margin-top: 0px;margin-bottom: 1rem;font-family: Lato, sans-serif\" data-mce-style=\"margin-top: 0px; margin-bottom: 1rem; font-family: Lato, sans-serif;\">Dette minitreet er det minste i kolleksjonen ulltr\u00e6r som jeg designet da jeg bodde p\u00e5 Svalbard. Kolleksjonen best\u00e5r ogs\u00e5 av mellomstor tr\u00e6r p\u00e5 28 cm, mens de st\u00f8rste tr\u00e6rne er 38 cm. <br \/>Om du \u00f8nsker andre farger p\u00e5 prikkene av ull fikser jeg det.<\/p>\n<p style=\"margin-top: 0px;margin-bottom: 1rem;font-family: Lato, sans-serif\" data-mce-style=\"margin-top: 0px; margin-bottom: 1rem; font-family: Lato, sans-serif;\">Jeg har laget en fargerik og sjarmerende kolleksjon tr\u00e6r. <br \/>I tillegg til okergule tr\u00e6r kan du kj\u00f8pe hvite, r\u00f8de, gr\u00f8nne, bruke, lysgr\u00e5, koksgr\u00e5 og bl\u00e5 tr\u00e6r.<\/p>\n<p style=\"margin-top: 0px;margin-bottom: 1rem;font-family: Lato, sans-serif\" data-mce-style=\"margin-top: 0px; margin-bottom: 1rem; font-family: Lato, sans-serif;\">Flere bilder av disse s\u00f8te ulltr\u00e6rne kan du se p\u00e5 Instagram @aasearild<\/p>\n<p style=\"margin-top: 0px;margin-bottom: 1rem;font-family: Lato, sans-serif\" data-mce-style=\"margin-top: 0px; margin-bottom: 1rem; font-family: Lato, sans-serif;\">Ta gjerne kontakt om du \u00f8nsker at jeg designer ditt personlige tre i dine favorittfarger.<\/p>\n<p style=\"margin-top: 0px;margin-bottom: 1rem;font-family: Lato, sans-serif\" data-mce-style=\"margin-top: 0px; margin-bottom: 1rem; font-family: Lato, sans-serif;\">Takk for bes\u00f8ket!\u00a0<\/p>\n","protected":false},"featured_media":16140,"comment_status":"open","ping_status":"closed","template":"","meta":{"_acf_changed":false},"product_brand":[],"product_cat":[78,82,59,324,86],"product_tag":[],"class_list":{"0":"post-16142","1":"product","2":"type-product","3":"status-publish","4":"has-post-thumbnail","6":"product_vendor-ull-i-nord","7":"product_cat-gaver","8":"product_cat-handverk","9":"product_cat-interior-kunst","10":"product_cat-jul","11":"product_cat-tekstilprodukter","12":"product_shipping_class-lett","14":"first","15":"instock","16":"taxable","17":"shipping-taxable","18":"product-type-simple"},"acf":[],"yoast_head":"<!-- This site is optimized with the Yoast SEO plugin v27.1.1 - https:\/\/yoast.com\/product\/yoast-seo-wordpress\/ -->\n<title>Minitre i en nydelig okergul farge (23 cm) &#8226; Norwegian Made<\/title>\n<meta name=\"robots\" content=\"index, follow, max-snippet:-1, max-image-preview:large, max-video-preview:-1\" \/>\n<link rel=\"canonical\" href=\"https:\/\/norwegianmade.no\/produkt\/minitre-i-en-nydelig-okergul-farge\/\" \/>\n<meta property=\"og:locale\" content=\"en_US\" \/>\n<meta property=\"og:type\" content=\"article\" \/>\n<meta property=\"og:title\" content=\"Minitre i en nydelig okergul farge (23 cm) &#8226; Norwegian Made\" \/>\n<meta property=\"og:description\" content=\"Dette s\u00f8te minitreet er sydd i en nydelig okergul farge i filtet ull. Treet er dekorert med koksgr\u00e5, hvit og lysgr\u00e5 prikker i ull.Jeg bruker teknikken n\u00e5lefilting n\u00e5r jeg fester de sm\u00e5 prikkene i treet.\u00a0Minitreet er fylt med allgerivennlig fyllvatt, og har et herlig lubbent utsende. En kvist er satt inn i treet og er inkludert i prisen.Selve treet er ca 23 cm, og blir noen cm lengre med kvisten som stikker ut.Dette minitreet er det minste i kolleksjonen ulltr\u00e6r som jeg designet da jeg bodde p\u00e5 Svalbard. Kolleksjonen best\u00e5r ogs\u00e5 av mellomstor tr\u00e6r p\u00e5 28 cm, mens de st\u00f8rste tr\u00e6rne er 38 cm. Om du \u00f8nsker andre farger p\u00e5 prikkene av ull fikser jeg det.Jeg har laget en fargerik og sjarmerende kolleksjon tr\u00e6r. I tillegg til okergule tr\u00e6r kan du kj\u00f8pe hvite, r\u00f8de, gr\u00f8nne, bruke, lysgr\u00e5, koksgr\u00e5 og bl\u00e5 tr\u00e6r.Flere bilder av disse s\u00f8te ulltr\u00e6rne kan du se p\u00e5 Instagram @aasearildTa gjerne kontakt om du \u00f8nsker at jeg designer ditt personlige tre i dine favorittfarger.Takk for bes\u00f8ket!\u00a0\" \/>\n<meta property=\"og:url\" content=\"https:\/\/norwegianmade.no\/produkt\/minitre-i-en-nydelig-okergul-farge\/\" \/>\n<meta property=\"og:site_name\" content=\"Norwegian Made\" \/>\n<meta property=\"article:modified_time\" content=\"2024-06-28T23:22:15+00:00\" \/>\n<meta property=\"og:image\" content=\"https:\/\/norwegianmade.no\/wp-content\/uploads\/2022\/07\/C8A13DBA-5645-4CA4-86AA-DAB1D0140C6D.jpeg\" \/>\n\t<meta property=\"og:image:width\" content=\"750\" \/>\n\t<meta property=\"og:image:height\" content=\"843\" \/>\n\t<meta property=\"og:image:type\" content=\"image\/jpeg\" \/>\n<meta name=\"twitter:card\" content=\"summary_large_image\" \/>\n<script type=\"application\/ld+json\" class=\"yoast-schema-graph\">{\"@context\":\"https:\/\/schema.org\",\"@graph\":[{\"@type\":\"WebPage\",\"@id\":\"https:\/\/norwegianmade.no\/produkt\/minitre-i-en-nydelig-okergul-farge\/\",\"url\":\"https:\/\/norwegianmade.no\/produkt\/minitre-i-en-nydelig-okergul-farge\/\",\"name\":\"Minitre i en nydelig okergul farge (23 cm) &#8226; Norwegian Made\",\"isPartOf\":{\"@id\":\"https:\/\/norwegianmade.no\/#website\"},\"primaryImageOfPage\":{\"@id\":\"https:\/\/norwegianmade.no\/produkt\/minitre-i-en-nydelig-okergul-farge\/#primaryimage\"},\"image\":{\"@id\":\"https:\/\/norwegianmade.no\/produkt\/minitre-i-en-nydelig-okergul-farge\/#primaryimage\"},\"thumbnailUrl\":\"https:\/\/norwegianmade.no\/wp-content\/uploads\/2022\/07\/C8A13DBA-5645-4CA4-86AA-DAB1D0140C6D.jpeg\",\"datePublished\":\"2022-07-15T16:50:38+00:00\",\"dateModified\":\"2024-06-28T23:22:15+00:00\",\"breadcrumb\":{\"@id\":\"https:\/\/norwegianmade.no\/produkt\/minitre-i-en-nydelig-okergul-farge\/#breadcrumb\"},\"inLanguage\":\"en-US\",\"potentialAction\":[{\"@type\":\"ReadAction\",\"target\":[\"https:\/\/norwegianmade.no\/produkt\/minitre-i-en-nydelig-okergul-farge\/\"]}]},{\"@type\":\"ImageObject\",\"inLanguage\":\"en-US\",\"@id\":\"https:\/\/norwegianmade.no\/produkt\/minitre-i-en-nydelig-okergul-farge\/#primaryimage\",\"url\":\"https:\/\/norwegianmade.no\/wp-content\/uploads\/2022\/07\/C8A13DBA-5645-4CA4-86AA-DAB1D0140C6D.jpeg\",\"contentUrl\":\"https:\/\/norwegianmade.no\/wp-content\/uploads\/2022\/07\/C8A13DBA-5645-4CA4-86AA-DAB1D0140C6D.jpeg\",\"width\":750,\"height\":843},{\"@type\":\"BreadcrumbList\",\"@id\":\"https:\/\/norwegianmade.no\/produkt\/minitre-i-en-nydelig-okergul-farge\/#breadcrumb\",\"itemListElement\":[{\"@type\":\"ListItem\",\"position\":1,\"name\":\"Hjem\",\"item\":\"https:\/\/norwegianmade.no\/en\/\"},{\"@type\":\"ListItem\",\"position\":2,\"name\":\"Shop\",\"item\":\"https:\/\/norwegianmade.no\/en\/shop\/\"},{\"@type\":\"ListItem\",\"position\":3,\"name\":\"Minitre i en nydelig okergul farge (23 cm)\"}]},{\"@type\":\"WebSite\",\"@id\":\"https:\/\/norwegianmade.no\/#website\",\"url\":\"https:\/\/norwegianmade.no\/\",\"name\":\"Norwegian Made\",\"description\":\"Norges st\u00f8rste markedsplass for norske produsenter\",\"publisher\":{\"@id\":\"https:\/\/norwegianmade.no\/#organization\"},\"potentialAction\":[{\"@type\":\"SearchAction\",\"target\":{\"@type\":\"EntryPoint\",\"urlTemplate\":\"https:\/\/norwegianmade.no\/?s={search_term_string}\"},\"query-input\":{\"@type\":\"PropertyValueSpecification\",\"valueRequired\":true,\"valueName\":\"search_term_string\"}}],\"inLanguage\":\"en-US\"},{\"@type\":\"Organization\",\"@id\":\"https:\/\/norwegianmade.no\/#organization\",\"name\":\"Norwegian Made\",\"url\":\"https:\/\/norwegianmade.no\/\",\"logo\":{\"@type\":\"ImageObject\",\"inLanguage\":\"en-US\",\"@id\":\"https:\/\/norwegianmade.no\/#\/schema\/logo\/image\/\",\"url\":\"https:\/\/norwegianmade.no\/wp-content\/uploads\/2020\/11\/logo-liggende-norwegian-made-web.png\",\"contentUrl\":\"https:\/\/norwegianmade.no\/wp-content\/uploads\/2020\/11\/logo-liggende-norwegian-made-web.png\",\"width\":200,\"height\":58,\"caption\":\"Norwegian Made\"},\"image\":{\"@id\":\"https:\/\/norwegianmade.no\/#\/schema\/logo\/image\/\"}}]}<\/script>\n<!-- \/ Yoast SEO plugin. -->","yoast_head_json":{"title":"Minitre i en nydelig okergul farge (23 cm) &#8226; Norwegian Made","robots":{"index":"index","follow":"follow","max-snippet":"max-snippet:-1","max-image-preview":"max-image-preview:large","max-video-preview":"max-video-preview:-1"},"canonical":"https:\/\/norwegianmade.no\/produkt\/minitre-i-en-nydelig-okergul-farge\/","og_locale":"en_US","og_type":"article","og_title":"Minitre i en nydelig okergul farge (23 cm) &#8226; Norwegian Made","og_description":"Dette s\u00f8te minitreet er sydd i en nydelig okergul farge i filtet ull. Treet er dekorert med koksgr\u00e5, hvit og lysgr\u00e5 prikker i ull.Jeg bruker teknikken n\u00e5lefilting n\u00e5r jeg fester de sm\u00e5 prikkene i treet.\u00a0Minitreet er fylt med allgerivennlig fyllvatt, og har et herlig lubbent utsende. En kvist er satt inn i treet og er inkludert i prisen.Selve treet er ca 23 cm, og blir noen cm lengre med kvisten som stikker ut.Dette minitreet er det minste i kolleksjonen ulltr\u00e6r som jeg designet da jeg bodde p\u00e5 Svalbard. Kolleksjonen best\u00e5r ogs\u00e5 av mellomstor tr\u00e6r p\u00e5 28 cm, mens de st\u00f8rste tr\u00e6rne er 38 cm. Om du \u00f8nsker andre farger p\u00e5 prikkene av ull fikser jeg det.Jeg har laget en fargerik og sjarmerende kolleksjon tr\u00e6r. I tillegg til okergule tr\u00e6r kan du kj\u00f8pe hvite, r\u00f8de, gr\u00f8nne, bruke, lysgr\u00e5, koksgr\u00e5 og bl\u00e5 tr\u00e6r.Flere bilder av disse s\u00f8te ulltr\u00e6rne kan du se p\u00e5 Instagram @aasearildTa gjerne kontakt om du \u00f8nsker at jeg designer ditt personlige tre i dine favorittfarger.Takk for bes\u00f8ket!\u00a0","og_url":"https:\/\/norwegianmade.no\/produkt\/minitre-i-en-nydelig-okergul-farge\/","og_site_name":"Norwegian Made","article_modified_time":"2024-06-28T23:22:15+00:00","og_image":[{"width":750,"height":843,"url":"https:\/\/norwegianmade.no\/wp-content\/uploads\/2022\/07\/C8A13DBA-5645-4CA4-86AA-DAB1D0140C6D.jpeg","type":"image\/jpeg"}],"twitter_card":"summary_large_image","schema":{"@context":"https:\/\/schema.org","@graph":[{"@type":"WebPage","@id":"https:\/\/norwegianmade.no\/produkt\/minitre-i-en-nydelig-okergul-farge\/","url":"https:\/\/norwegianmade.no\/produkt\/minitre-i-en-nydelig-okergul-farge\/","name":"Minitre i en nydelig okergul farge (23 cm) &#8226; Norwegian Made","isPartOf":{"@id":"https:\/\/norwegianmade.no\/#website"},"primaryImageOfPage":{"@id":"https:\/\/norwegianmade.no\/produkt\/minitre-i-en-nydelig-okergul-farge\/#primaryimage"},"image":{"@id":"https:\/\/norwegianmade.no\/produkt\/minitre-i-en-nydelig-okergul-farge\/#primaryimage"},"thumbnailUrl":"https:\/\/norwegianmade.no\/wp-content\/uploads\/2022\/07\/C8A13DBA-5645-4CA4-86AA-DAB1D0140C6D.jpeg","datePublished":"2022-07-15T16:50:38+00:00","dateModified":"2024-06-28T23:22:15+00:00","breadcrumb":{"@id":"https:\/\/norwegianmade.no\/produkt\/minitre-i-en-nydelig-okergul-farge\/#breadcrumb"},"inLanguage":"en-US","potentialAction":[{"@type":"ReadAction","target":["https:\/\/norwegianmade.no\/produkt\/minitre-i-en-nydelig-okergul-farge\/"]}]},{"@type":"ImageObject","inLanguage":"en-US","@id":"https:\/\/norwegianmade.no\/produkt\/minitre-i-en-nydelig-okergul-farge\/#primaryimage","url":"https:\/\/norwegianmade.no\/wp-content\/uploads\/2022\/07\/C8A13DBA-5645-4CA4-86AA-DAB1D0140C6D.jpeg","contentUrl":"https:\/\/norwegianmade.no\/wp-content\/uploads\/2022\/07\/C8A13DBA-5645-4CA4-86AA-DAB1D0140C6D.jpeg","width":750,"height":843},{"@type":"BreadcrumbList","@id":"https:\/\/norwegianmade.no\/produkt\/minitre-i-en-nydelig-okergul-farge\/#breadcrumb","itemListElement":[{"@type":"ListItem","position":1,"name":"Hjem","item":"https:\/\/norwegianmade.no\/en\/"},{"@type":"ListItem","position":2,"name":"Shop","item":"https:\/\/norwegianmade.no\/en\/shop\/"},{"@type":"ListItem","position":3,"name":"Minitre i en nydelig okergul farge (23 cm)"}]},{"@type":"WebSite","@id":"https:\/\/norwegianmade.no\/#website","url":"https:\/\/norwegianmade.no\/","name":"Norwegian Made","description":"Norges st\u00f8rste markedsplass for norske produsenter","publisher":{"@id":"https:\/\/norwegianmade.no\/#organization"},"potentialAction":[{"@type":"SearchAction","target":{"@type":"EntryPoint","urlTemplate":"https:\/\/norwegianmade.no\/?s={search_term_string}"},"query-input":{"@type":"PropertyValueSpecification","valueRequired":true,"valueName":"search_term_string"}}],"inLanguage":"en-US"},{"@type":"Organization","@id":"https:\/\/norwegianmade.no\/#organization","name":"Norwegian Made","url":"https:\/\/norwegianmade.no\/","logo":{"@type":"ImageObject","inLanguage":"en-US","@id":"https:\/\/norwegianmade.no\/#\/schema\/logo\/image\/","url":"https:\/\/norwegianmade.no\/wp-content\/uploads\/2020\/11\/logo-liggende-norwegian-made-web.png","contentUrl":"https:\/\/norwegianmade.no\/wp-content\/uploads\/2020\/11\/logo-liggende-norwegian-made-web.png","width":200,"height":58,"caption":"Norwegian Made"},"image":{"@id":"https:\/\/norwegianmade.no\/#\/schema\/logo\/image\/"}}]}},"_links":{"self":[{"href":"https:\/\/norwegianmade.no\/en\/wp-json\/wp\/v2\/product\/16142","targetHints":{"allow":["GET"]}}],"collection":[{"href":"https:\/\/norwegianmade.no\/en\/wp-json\/wp\/v2\/product"}],"about":[{"href":"https:\/\/norwegianmade.no\/en\/wp-json\/wp\/v2\/types\/product"}],"replies":[{"embeddable":true,"href":"https:\/\/norwegianmade.no\/en\/wp-json\/wp\/v2\/comments?post=16142"}],"wp:featuredmedia":[{"embeddable":true,"href":"https:\/\/norwegianmade.no\/en\/wp-json\/wp\/v2\/media\/16140"}],"wp:attachment":[{"href":"https:\/\/norwegianmade.no\/en\/wp-json\/wp\/v2\/media?parent=16142"}],"wp:term":[{"taxonomy":"product_brand","embeddable":true,"href":"https:\/\/norwegianmade.no\/en\/wp-json\/wp\/v2\/product_brand?post=16142"},{"taxonomy":"product_cat","embeddable":true,"href":"https:\/\/norwegianmade.no\/en\/wp-json\/wp\/v2\/product_cat?post=16142"},{"taxonomy":"product_tag","embeddable":true,"href":"https:\/\/norwegianmade.no\/en\/wp-json\/wp\/v2\/product_tag?post=16142"}],"curies":[{"name":"wp","href":"https:\/\/api.w.org\/{rel}","templated":true}]}}