{"id":16143,"date":"2022-07-16T18:11:09","date_gmt":"2022-07-16T16:11:09","guid":{"rendered":"https:\/\/norwegianmade.no\/markedsplass\/minitre-i-lys-gra-ull\/"},"modified":"2022-10-28T21:13:44","modified_gmt":"2022-10-28T19:13:44","slug":"minitre-i-lys-gra-ull","status":"publish","type":"product","link":"https:\/\/norwegianmade.no\/en\/produkt\/minitre-i-lys-gra-ull\/","title":{"rendered":"Minitre i lys gr\u00e5 ull (23 cm)"},"content":{"rendered":"<p><img loading=\"lazy\" decoding=\"async\" class=\"alignnone size-medium wp-image-16144\" src=\"https:\/\/norwegianmade.no\/wp-content\/uploads\/2022\/07\/0F124A1E-F019-4CAC-A913-62178F0DAA9F-270x300.jpeg\" alt=\"\" width=\"270\" height=\"300\" data-mce-src=\"https:\/\/norwegianmade.no\/wp-content\/uploads\/2022\/07\/0F124A1E-F019-4CAC-A913-62178F0DAA9F-270x300.jpeg\" srcset=\"https:\/\/norwegianmade.no\/wp-content\/uploads\/2022\/07\/0F124A1E-F019-4CAC-A913-62178F0DAA9F-270x300.jpeg 270w, https:\/\/norwegianmade.no\/wp-content\/uploads\/2022\/07\/0F124A1E-F019-4CAC-A913-62178F0DAA9F-600x666.jpeg 600w, https:\/\/norwegianmade.no\/wp-content\/uploads\/2022\/07\/0F124A1E-F019-4CAC-A913-62178F0DAA9F-64x71.jpeg 64w, https:\/\/norwegianmade.no\/wp-content\/uploads\/2022\/07\/0F124A1E-F019-4CAC-A913-62178F0DAA9F.jpeg 749w\" sizes=\"auto, (max-width: 270px) 100vw, 270px\" \/><img loading=\"lazy\" decoding=\"async\" class=\"alignnone size-medium wp-image-16144\" src=\"https:\/\/norwegianmade.no\/wp-content\/uploads\/2022\/07\/0F124A1E-F019-4CAC-A913-62178F0DAA9F-270x300.jpeg\" alt=\"\" width=\"270\" height=\"300\" data-mce-src=\"https:\/\/norwegianmade.no\/wp-content\/uploads\/2022\/07\/0F124A1E-F019-4CAC-A913-62178F0DAA9F-270x300.jpeg\" srcset=\"https:\/\/norwegianmade.no\/wp-content\/uploads\/2022\/07\/0F124A1E-F019-4CAC-A913-62178F0DAA9F-270x300.jpeg 270w, https:\/\/norwegianmade.no\/wp-content\/uploads\/2022\/07\/0F124A1E-F019-4CAC-A913-62178F0DAA9F-600x666.jpeg 600w, https:\/\/norwegianmade.no\/wp-content\/uploads\/2022\/07\/0F124A1E-F019-4CAC-A913-62178F0DAA9F-64x71.jpeg 64w, https:\/\/norwegianmade.no\/wp-content\/uploads\/2022\/07\/0F124A1E-F019-4CAC-A913-62178F0DAA9F.jpeg 749w\" sizes=\"auto, (max-width: 270px) 100vw, 270px\" \/><\/p>\n","protected":false},"excerpt":{"rendered":"<div class=\"wcfmmp_sold_by_container\" style=\"font-family: Lato, sans-serif\" data-mce-style=\"font-family: Lato, sans-serif;\">\n<div class=\"wcfmmp-store-rating\" title=\"Ingen vurderinger enda!\">Dette s\u00f8te minitreet i lysgr\u00e5 ull er det minste i kolleksjonen tr\u00e6r p\u00e5 kvist.<\/div>\n<\/div>\n<div class=\"woocommerce-product-details__short-description\" style=\"font-family: Lato, sans-serif\" data-mce-style=\"font-family: Lato, sans-serif;\">\n<p data-mce-style=\"margin-top: 0px; margin-bottom: 1rem; font-family: Lato, sans-serif;\" style=\"margin-top: 0px;margin-bottom: 1rem\">Treet er ca 23 cm, men blir noen cm h\u00f8yere med kvisten som er satt inn omtrent.<\/p>\n<p>Treet er dekorert med okergule, hvite og lysebrune prikker i ull. \u00a0 \u00a0 \u00a0 \u00a0 \u00a0 \u00a0Jeg bruker teknikken n\u00e5lefilting n\u00e5r jeg fester de sm\u00e5 prikkene fast i treet.\u00a0<\/p>\n<p data-mce-style=\"margin-top: 0px; margin-bottom: 1rem; font-family: Lato, sans-serif;\" style=\"margin-top: 0px;margin-bottom: 1rem\">Minitreet er fylt med allgerivennlig fyllvatt, og har et herlig lubbent utsende.\u00a0<\/p>\n<p data-mce-style=\"margin-top: 0px; margin-bottom: 1rem; font-family: Lato, sans-serif;\" style=\"margin-top: 0px;margin-bottom: 1rem\">En kvist er satt inn i treet og er inkludert i prisen.<\/p>\n<p data-mce-style=\"margin-top: 0px; margin-bottom: 1rem; font-family: Lato, sans-serif;\" style=\"margin-top: 0px;margin-bottom: 1rem\">Dette minitreet er det minste i kolleksjonen ulltr\u00e6r som jeg designet da jeg bodde p\u00e5 Svalbard. Kolleksjonen best\u00e5r ogs\u00e5 av mellomstore tr\u00e6r p\u00e5 28 cm, mens de st\u00f8rste tr\u00e6rne er 38 cm. \u00a0<br \/>Jeg har designet en fargerik kolleksjon tr\u00e6r, og i tillegg til lys gr\u00e5 tr\u00e6r syr jeg i fargene; gr\u00f8nn, r\u00f8d, okergul, hvit, brun, koksgr\u00e5,og bl\u00e5 ull.<\/p>\n<p data-mce-style=\"margin-top: 0px; margin-bottom: 1rem; font-family: Lato, sans-serif;\" style=\"margin-top: 0px;margin-bottom: 1rem\">P\u00e5 Instagram @aasearild ser du flere bilder av mine egen designede produkter av ull.\u00a0<\/p>\n<p>Ta gjerne kontakt om du \u00f8nsker at jeg designer ditt personlige tre i dine favorittfarger.\u00a0<\/p>\n<p>Takk for bes\u00f8ket!\u00a0<\/p>\n<\/div>\n","protected":false},"featured_media":16144,"comment_status":"open","ping_status":"closed","template":"","meta":{"_acf_changed":false},"product_brand":[],"product_cat":[78,82,59,80,324,81,86],"product_tag":[],"class_list":{"0":"post-16143","1":"product","2":"type-product","3":"status-publish","4":"has-post-thumbnail","6":"product_vendor-ull-i-nord","7":"product_cat-gaver","8":"product_cat-handverk","9":"product_cat-interior-kunst","10":"product_cat-interiorartikler","11":"product_cat-jul","12":"product_cat-kunsthandverk","13":"product_cat-tekstilprodukter","14":"product_shipping_class-lett","16":"first","17":"instock","18":"taxable","19":"shipping-taxable","20":"product-type-simple"},"acf":[],"yoast_head":"<!-- This site is optimized with the Yoast SEO plugin v27.1.1 - https:\/\/yoast.com\/product\/yoast-seo-wordpress\/ -->\n<title>Minitre i lys gr\u00e5 ull (23 cm) &#8226; Norwegian Made<\/title>\n<meta name=\"robots\" content=\"index, follow, max-snippet:-1, max-image-preview:large, max-video-preview:-1\" \/>\n<link rel=\"canonical\" href=\"https:\/\/norwegianmade.no\/produkt\/minitre-i-lys-gra-ull\/\" \/>\n<meta property=\"og:locale\" content=\"en_US\" \/>\n<meta property=\"og:type\" content=\"article\" \/>\n<meta property=\"og:title\" content=\"Minitre i lys gr\u00e5 ull (23 cm) &#8226; Norwegian Made\" \/>\n<meta property=\"og:description\" content=\"Dette s\u00f8te minitreet i lysgr\u00e5 ull er det minste i kolleksjonen tr\u00e6r p\u00e5 kvist.Treet er ca 23 cm, men blir noen cm h\u00f8yere med kvisten som er satt inn omtrent.Treet er dekorert med okergule, hvite og lysebrune prikker i ull. \u00a0 \u00a0 \u00a0 \u00a0 \u00a0 \u00a0Jeg bruker teknikken n\u00e5lefilting n\u00e5r jeg fester de sm\u00e5 prikkene fast i treet.\u00a0Minitreet er fylt med allgerivennlig fyllvatt, og har et herlig lubbent utsende.\u00a0En kvist er satt inn i treet og er inkludert i prisen.Dette minitreet er det minste i kolleksjonen ulltr\u00e6r som jeg designet da jeg bodde p\u00e5 Svalbard. Kolleksjonen best\u00e5r ogs\u00e5 av mellomstore tr\u00e6r p\u00e5 28 cm, mens de st\u00f8rste tr\u00e6rne er 38 cm. \u00a0Jeg har designet en fargerik kolleksjon tr\u00e6r, og i tillegg til lys gr\u00e5 tr\u00e6r syr jeg i fargene; gr\u00f8nn, r\u00f8d, okergul, hvit, brun, koksgr\u00e5,og bl\u00e5 ull.P\u00e5 Instagram @aasearild ser du flere bilder av mine egen designede produkter av ull.\u00a0Ta gjerne kontakt om du \u00f8nsker at jeg designer ditt personlige tre i dine favorittfarger.\u00a0Takk for bes\u00f8ket!\u00a0\" \/>\n<meta property=\"og:url\" content=\"https:\/\/norwegianmade.no\/produkt\/minitre-i-lys-gra-ull\/\" \/>\n<meta property=\"og:site_name\" content=\"Norwegian Made\" \/>\n<meta property=\"article:modified_time\" content=\"2022-10-28T19:13:44+00:00\" \/>\n<meta property=\"og:image\" content=\"https:\/\/norwegianmade.no\/wp-content\/uploads\/2022\/07\/0F124A1E-F019-4CAC-A913-62178F0DAA9F.jpeg\" \/>\n\t<meta property=\"og:image:width\" content=\"749\" \/>\n\t<meta property=\"og:image:height\" content=\"832\" \/>\n\t<meta property=\"og:image:type\" content=\"image\/jpeg\" \/>\n<meta name=\"twitter:card\" content=\"summary_large_image\" \/>\n<script type=\"application\/ld+json\" class=\"yoast-schema-graph\">{\"@context\":\"https:\/\/schema.org\",\"@graph\":[{\"@type\":\"WebPage\",\"@id\":\"https:\/\/norwegianmade.no\/produkt\/minitre-i-lys-gra-ull\/\",\"url\":\"https:\/\/norwegianmade.no\/produkt\/minitre-i-lys-gra-ull\/\",\"name\":\"Minitre i lys gr\u00e5 ull (23 cm) &#8226; Norwegian Made\",\"isPartOf\":{\"@id\":\"https:\/\/norwegianmade.no\/#website\"},\"primaryImageOfPage\":{\"@id\":\"https:\/\/norwegianmade.no\/produkt\/minitre-i-lys-gra-ull\/#primaryimage\"},\"image\":{\"@id\":\"https:\/\/norwegianmade.no\/produkt\/minitre-i-lys-gra-ull\/#primaryimage\"},\"thumbnailUrl\":\"https:\/\/norwegianmade.no\/wp-content\/uploads\/2022\/07\/0F124A1E-F019-4CAC-A913-62178F0DAA9F.jpeg\",\"datePublished\":\"2022-07-16T16:11:09+00:00\",\"dateModified\":\"2022-10-28T19:13:44+00:00\",\"breadcrumb\":{\"@id\":\"https:\/\/norwegianmade.no\/produkt\/minitre-i-lys-gra-ull\/#breadcrumb\"},\"inLanguage\":\"en-US\",\"potentialAction\":[{\"@type\":\"ReadAction\",\"target\":[\"https:\/\/norwegianmade.no\/produkt\/minitre-i-lys-gra-ull\/\"]}]},{\"@type\":\"ImageObject\",\"inLanguage\":\"en-US\",\"@id\":\"https:\/\/norwegianmade.no\/produkt\/minitre-i-lys-gra-ull\/#primaryimage\",\"url\":\"https:\/\/norwegianmade.no\/wp-content\/uploads\/2022\/07\/0F124A1E-F019-4CAC-A913-62178F0DAA9F.jpeg\",\"contentUrl\":\"https:\/\/norwegianmade.no\/wp-content\/uploads\/2022\/07\/0F124A1E-F019-4CAC-A913-62178F0DAA9F.jpeg\",\"width\":749,\"height\":832},{\"@type\":\"BreadcrumbList\",\"@id\":\"https:\/\/norwegianmade.no\/produkt\/minitre-i-lys-gra-ull\/#breadcrumb\",\"itemListElement\":[{\"@type\":\"ListItem\",\"position\":1,\"name\":\"Hjem\",\"item\":\"https:\/\/norwegianmade.no\/en\/\"},{\"@type\":\"ListItem\",\"position\":2,\"name\":\"Shop\",\"item\":\"https:\/\/norwegianmade.no\/en\/shop\/\"},{\"@type\":\"ListItem\",\"position\":3,\"name\":\"Minitre i lys gr\u00e5 ull (23 cm)\"}]},{\"@type\":\"WebSite\",\"@id\":\"https:\/\/norwegianmade.no\/#website\",\"url\":\"https:\/\/norwegianmade.no\/\",\"name\":\"Norwegian Made\",\"description\":\"Norges st\u00f8rste markedsplass for norske produsenter\",\"publisher\":{\"@id\":\"https:\/\/norwegianmade.no\/#organization\"},\"potentialAction\":[{\"@type\":\"SearchAction\",\"target\":{\"@type\":\"EntryPoint\",\"urlTemplate\":\"https:\/\/norwegianmade.no\/?s={search_term_string}\"},\"query-input\":{\"@type\":\"PropertyValueSpecification\",\"valueRequired\":true,\"valueName\":\"search_term_string\"}}],\"inLanguage\":\"en-US\"},{\"@type\":\"Organization\",\"@id\":\"https:\/\/norwegianmade.no\/#organization\",\"name\":\"Norwegian Made\",\"url\":\"https:\/\/norwegianmade.no\/\",\"logo\":{\"@type\":\"ImageObject\",\"inLanguage\":\"en-US\",\"@id\":\"https:\/\/norwegianmade.no\/#\/schema\/logo\/image\/\",\"url\":\"https:\/\/norwegianmade.no\/wp-content\/uploads\/2020\/11\/logo-liggende-norwegian-made-web.png\",\"contentUrl\":\"https:\/\/norwegianmade.no\/wp-content\/uploads\/2020\/11\/logo-liggende-norwegian-made-web.png\",\"width\":200,\"height\":58,\"caption\":\"Norwegian Made\"},\"image\":{\"@id\":\"https:\/\/norwegianmade.no\/#\/schema\/logo\/image\/\"}}]}<\/script>\n<!-- \/ Yoast SEO plugin. -->","yoast_head_json":{"title":"Minitre i lys gr\u00e5 ull (23 cm) &#8226; Norwegian Made","robots":{"index":"index","follow":"follow","max-snippet":"max-snippet:-1","max-image-preview":"max-image-preview:large","max-video-preview":"max-video-preview:-1"},"canonical":"https:\/\/norwegianmade.no\/produkt\/minitre-i-lys-gra-ull\/","og_locale":"en_US","og_type":"article","og_title":"Minitre i lys gr\u00e5 ull (23 cm) &#8226; Norwegian Made","og_description":"Dette s\u00f8te minitreet i lysgr\u00e5 ull er det minste i kolleksjonen tr\u00e6r p\u00e5 kvist.Treet er ca 23 cm, men blir noen cm h\u00f8yere med kvisten som er satt inn omtrent.Treet er dekorert med okergule, hvite og lysebrune prikker i ull. \u00a0 \u00a0 \u00a0 \u00a0 \u00a0 \u00a0Jeg bruker teknikken n\u00e5lefilting n\u00e5r jeg fester de sm\u00e5 prikkene fast i treet.\u00a0Minitreet er fylt med allgerivennlig fyllvatt, og har et herlig lubbent utsende.\u00a0En kvist er satt inn i treet og er inkludert i prisen.Dette minitreet er det minste i kolleksjonen ulltr\u00e6r som jeg designet da jeg bodde p\u00e5 Svalbard. Kolleksjonen best\u00e5r ogs\u00e5 av mellomstore tr\u00e6r p\u00e5 28 cm, mens de st\u00f8rste tr\u00e6rne er 38 cm. \u00a0Jeg har designet en fargerik kolleksjon tr\u00e6r, og i tillegg til lys gr\u00e5 tr\u00e6r syr jeg i fargene; gr\u00f8nn, r\u00f8d, okergul, hvit, brun, koksgr\u00e5,og bl\u00e5 ull.P\u00e5 Instagram @aasearild ser du flere bilder av mine egen designede produkter av ull.\u00a0Ta gjerne kontakt om du \u00f8nsker at jeg designer ditt personlige tre i dine favorittfarger.\u00a0Takk for bes\u00f8ket!\u00a0","og_url":"https:\/\/norwegianmade.no\/produkt\/minitre-i-lys-gra-ull\/","og_site_name":"Norwegian Made","article_modified_time":"2022-10-28T19:13:44+00:00","og_image":[{"width":749,"height":832,"url":"https:\/\/norwegianmade.no\/wp-content\/uploads\/2022\/07\/0F124A1E-F019-4CAC-A913-62178F0DAA9F.jpeg","type":"image\/jpeg"}],"twitter_card":"summary_large_image","schema":{"@context":"https:\/\/schema.org","@graph":[{"@type":"WebPage","@id":"https:\/\/norwegianmade.no\/produkt\/minitre-i-lys-gra-ull\/","url":"https:\/\/norwegianmade.no\/produkt\/minitre-i-lys-gra-ull\/","name":"Minitre i lys gr\u00e5 ull (23 cm) &#8226; Norwegian Made","isPartOf":{"@id":"https:\/\/norwegianmade.no\/#website"},"primaryImageOfPage":{"@id":"https:\/\/norwegianmade.no\/produkt\/minitre-i-lys-gra-ull\/#primaryimage"},"image":{"@id":"https:\/\/norwegianmade.no\/produkt\/minitre-i-lys-gra-ull\/#primaryimage"},"thumbnailUrl":"https:\/\/norwegianmade.no\/wp-content\/uploads\/2022\/07\/0F124A1E-F019-4CAC-A913-62178F0DAA9F.jpeg","datePublished":"2022-07-16T16:11:09+00:00","dateModified":"2022-10-28T19:13:44+00:00","breadcrumb":{"@id":"https:\/\/norwegianmade.no\/produkt\/minitre-i-lys-gra-ull\/#breadcrumb"},"inLanguage":"en-US","potentialAction":[{"@type":"ReadAction","target":["https:\/\/norwegianmade.no\/produkt\/minitre-i-lys-gra-ull\/"]}]},{"@type":"ImageObject","inLanguage":"en-US","@id":"https:\/\/norwegianmade.no\/produkt\/minitre-i-lys-gra-ull\/#primaryimage","url":"https:\/\/norwegianmade.no\/wp-content\/uploads\/2022\/07\/0F124A1E-F019-4CAC-A913-62178F0DAA9F.jpeg","contentUrl":"https:\/\/norwegianmade.no\/wp-content\/uploads\/2022\/07\/0F124A1E-F019-4CAC-A913-62178F0DAA9F.jpeg","width":749,"height":832},{"@type":"BreadcrumbList","@id":"https:\/\/norwegianmade.no\/produkt\/minitre-i-lys-gra-ull\/#breadcrumb","itemListElement":[{"@type":"ListItem","position":1,"name":"Hjem","item":"https:\/\/norwegianmade.no\/en\/"},{"@type":"ListItem","position":2,"name":"Shop","item":"https:\/\/norwegianmade.no\/en\/shop\/"},{"@type":"ListItem","position":3,"name":"Minitre i lys gr\u00e5 ull (23 cm)"}]},{"@type":"WebSite","@id":"https:\/\/norwegianmade.no\/#website","url":"https:\/\/norwegianmade.no\/","name":"Norwegian Made","description":"Norges st\u00f8rste markedsplass for norske produsenter","publisher":{"@id":"https:\/\/norwegianmade.no\/#organization"},"potentialAction":[{"@type":"SearchAction","target":{"@type":"EntryPoint","urlTemplate":"https:\/\/norwegianmade.no\/?s={search_term_string}"},"query-input":{"@type":"PropertyValueSpecification","valueRequired":true,"valueName":"search_term_string"}}],"inLanguage":"en-US"},{"@type":"Organization","@id":"https:\/\/norwegianmade.no\/#organization","name":"Norwegian Made","url":"https:\/\/norwegianmade.no\/","logo":{"@type":"ImageObject","inLanguage":"en-US","@id":"https:\/\/norwegianmade.no\/#\/schema\/logo\/image\/","url":"https:\/\/norwegianmade.no\/wp-content\/uploads\/2020\/11\/logo-liggende-norwegian-made-web.png","contentUrl":"https:\/\/norwegianmade.no\/wp-content\/uploads\/2020\/11\/logo-liggende-norwegian-made-web.png","width":200,"height":58,"caption":"Norwegian Made"},"image":{"@id":"https:\/\/norwegianmade.no\/#\/schema\/logo\/image\/"}}]}},"_links":{"self":[{"href":"https:\/\/norwegianmade.no\/en\/wp-json\/wp\/v2\/product\/16143","targetHints":{"allow":["GET"]}}],"collection":[{"href":"https:\/\/norwegianmade.no\/en\/wp-json\/wp\/v2\/product"}],"about":[{"href":"https:\/\/norwegianmade.no\/en\/wp-json\/wp\/v2\/types\/product"}],"replies":[{"embeddable":true,"href":"https:\/\/norwegianmade.no\/en\/wp-json\/wp\/v2\/comments?post=16143"}],"wp:featuredmedia":[{"embeddable":true,"href":"https:\/\/norwegianmade.no\/en\/wp-json\/wp\/v2\/media\/16144"}],"wp:attachment":[{"href":"https:\/\/norwegianmade.no\/en\/wp-json\/wp\/v2\/media?parent=16143"}],"wp:term":[{"taxonomy":"product_brand","embeddable":true,"href":"https:\/\/norwegianmade.no\/en\/wp-json\/wp\/v2\/product_brand?post=16143"},{"taxonomy":"product_cat","embeddable":true,"href":"https:\/\/norwegianmade.no\/en\/wp-json\/wp\/v2\/product_cat?post=16143"},{"taxonomy":"product_tag","embeddable":true,"href":"https:\/\/norwegianmade.no\/en\/wp-json\/wp\/v2\/product_tag?post=16143"}],"curies":[{"name":"wp","href":"https:\/\/api.w.org\/{rel}","templated":true}]}}