{"id":16224,"date":"2022-08-07T09:33:45","date_gmt":"2022-08-07T07:33:45","guid":{"rendered":"https:\/\/norwegianmade.no\/markedsplass\/handlaget-unike-brilleneser-eik\/"},"modified":"2026-04-02T03:37:35","modified_gmt":"2026-04-02T01:37:35","slug":"handlaget-unike-brilleneser-eik","status":"publish","type":"product","link":"https:\/\/norwegianmade.no\/en\/produkt\/handlaget-unike-brilleneser-eik\/","title":{"rendered":"H\u00e5ndlaget unike brilleneser, eik."},"content":{"rendered":"<h2><strong>Eureka brillenese<\/strong><\/h2>\n<p>Hun har stadig et glimrende id\u00e9 p\u00e5 lur, og ofte n\u00e5r hun minst venter det!\u00a0<br \/>Eureka er en av mange personligheter i \u00abFamilien Greveneset\u00bb, de spikkes alle for h\u00e5nd p\u00e5 bestilling. Skulle ikke Onkel, Bestemor Greveneset, eller Greven passe ditt \u00f8nske, ta kontakt s\u00e5 lager vi en identitet med navn og produktlabel som passer akkurat DIN gave \ud83d\ude42\u00a0<\/p>\n","protected":false},"excerpt":{"rendered":"<p>Eureka brillenese Hun har stadig et glimrende id\u00e9 p\u00e5 lur, og ofte n\u00e5r hun minst venter det!\u00a0Eureka er en av mange personligheter [&hellip;]<\/p>\n","protected":false},"featured_media":16232,"comment_status":"open","ping_status":"closed","template":"","meta":{"_acf_changed":false},"product_brand":[],"product_cat":[108,107,78,82,112,59,89,81,274,110,85],"product_tag":[],"class_list":{"0":"post-16224","1":"product","2":"type-product","3":"status-publish","4":"has-post-thumbnail","6":"product_vendor-cluver-trearbeid","7":"product_cat-andre-ting-i-tre","8":"product_cat-bestillingsvarer-2","9":"product_cat-gaver","10":"product_cat-handverk","11":"product_cat-innredning","12":"product_cat-interior-kunst","13":"product_cat-kunst","14":"product_cat-kunsthandverk","15":"product_cat-tjenester","16":"product_cat-tredreiing","17":"product_cat-treprodukter","18":"product_shipping_class-lett","20":"first","21":"instock","22":"sold-individually","23":"product-type-variable"},"acf":[],"yoast_head":"<!-- This site is optimized with the Yoast SEO plugin v27.1.1 - https:\/\/yoast.com\/product\/yoast-seo-wordpress\/ -->\n<title>H\u00e5ndlaget unike brilleneser, eik. &#8226; Norwegian Made<\/title>\n<meta name=\"robots\" content=\"index, follow, max-snippet:-1, max-image-preview:large, max-video-preview:-1\" \/>\n<link rel=\"canonical\" href=\"https:\/\/norwegianmade.no\/en\/produkt\/handlaget-unike-brilleneser-eik\/\" \/>\n<meta property=\"og:locale\" content=\"en_US\" \/>\n<meta property=\"og:type\" content=\"article\" \/>\n<meta property=\"og:title\" content=\"H\u00e5ndlaget unike brilleneser, eik. &#8226; Norwegian Made\" \/>\n<meta property=\"og:description\" content=\"Eureka brillenese Hun har stadig et glimrende id\u00e9 p\u00e5 lur, og ofte n\u00e5r hun minst venter det!\u00a0Eureka er en av mange personligheter [&hellip;]\" \/>\n<meta property=\"og:url\" content=\"https:\/\/norwegianmade.no\/en\/produkt\/handlaget-unike-brilleneser-eik\/\" \/>\n<meta property=\"og:site_name\" content=\"Norwegian Made\" \/>\n<meta property=\"article:modified_time\" content=\"2026-04-02T01:37:35+00:00\" \/>\n<meta property=\"og:image\" content=\"https:\/\/norwegianmade.no\/wp-content\/uploads\/2022\/08\/D0C91498-96E9-4688-9562-820A37274EB4-scaled.jpeg\" \/>\n\t<meta property=\"og:image:width\" content=\"2277\" \/>\n\t<meta property=\"og:image:height\" content=\"2560\" \/>\n\t<meta property=\"og:image:type\" content=\"image\/jpeg\" \/>\n<meta name=\"twitter:card\" content=\"summary_large_image\" \/>\n<script type=\"application\/ld+json\" class=\"yoast-schema-graph\">{\"@context\":\"https:\/\/schema.org\",\"@graph\":[{\"@type\":\"WebPage\",\"@id\":\"https:\/\/norwegianmade.no\/en\/produkt\/handlaget-unike-brilleneser-eik\/\",\"url\":\"https:\/\/norwegianmade.no\/en\/produkt\/handlaget-unike-brilleneser-eik\/\",\"name\":\"H\u00e5ndlaget unike brilleneser, eik. &#8226; Norwegian Made\",\"isPartOf\":{\"@id\":\"https:\/\/norwegianmade.no\/#website\"},\"primaryImageOfPage\":{\"@id\":\"https:\/\/norwegianmade.no\/en\/produkt\/handlaget-unike-brilleneser-eik\/#primaryimage\"},\"image\":{\"@id\":\"https:\/\/norwegianmade.no\/en\/produkt\/handlaget-unike-brilleneser-eik\/#primaryimage\"},\"thumbnailUrl\":\"https:\/\/norwegianmade.no\/wp-content\/uploads\/2022\/08\/D0C91498-96E9-4688-9562-820A37274EB4-scaled.jpeg\",\"datePublished\":\"2022-08-07T07:33:45+00:00\",\"dateModified\":\"2026-04-02T01:37:35+00:00\",\"breadcrumb\":{\"@id\":\"https:\/\/norwegianmade.no\/en\/produkt\/handlaget-unike-brilleneser-eik\/#breadcrumb\"},\"inLanguage\":\"en-US\",\"potentialAction\":[{\"@type\":\"ReadAction\",\"target\":[\"https:\/\/norwegianmade.no\/en\/produkt\/handlaget-unike-brilleneser-eik\/\"]}]},{\"@type\":\"ImageObject\",\"inLanguage\":\"en-US\",\"@id\":\"https:\/\/norwegianmade.no\/en\/produkt\/handlaget-unike-brilleneser-eik\/#primaryimage\",\"url\":\"https:\/\/norwegianmade.no\/wp-content\/uploads\/2022\/08\/D0C91498-96E9-4688-9562-820A37274EB4-scaled.jpeg\",\"contentUrl\":\"https:\/\/norwegianmade.no\/wp-content\/uploads\/2022\/08\/D0C91498-96E9-4688-9562-820A37274EB4-scaled.jpeg\",\"width\":2277,\"height\":2560},{\"@type\":\"BreadcrumbList\",\"@id\":\"https:\/\/norwegianmade.no\/en\/produkt\/handlaget-unike-brilleneser-eik\/#breadcrumb\",\"itemListElement\":[{\"@type\":\"ListItem\",\"position\":1,\"name\":\"Hjem\",\"item\":\"https:\/\/norwegianmade.no\/en\/\"},{\"@type\":\"ListItem\",\"position\":2,\"name\":\"Shop\",\"item\":\"https:\/\/norwegianmade.no\/en\/shop\/\"},{\"@type\":\"ListItem\",\"position\":3,\"name\":\"H\u00e5ndlaget unike brilleneser, eik.\"}]},{\"@type\":\"WebSite\",\"@id\":\"https:\/\/norwegianmade.no\/#website\",\"url\":\"https:\/\/norwegianmade.no\/\",\"name\":\"Norwegian Made\",\"description\":\"Norges st\u00f8rste markedsplass for norske produsenter\",\"publisher\":{\"@id\":\"https:\/\/norwegianmade.no\/#organization\"},\"potentialAction\":[{\"@type\":\"SearchAction\",\"target\":{\"@type\":\"EntryPoint\",\"urlTemplate\":\"https:\/\/norwegianmade.no\/?s={search_term_string}\"},\"query-input\":{\"@type\":\"PropertyValueSpecification\",\"valueRequired\":true,\"valueName\":\"search_term_string\"}}],\"inLanguage\":\"en-US\"},{\"@type\":\"Organization\",\"@id\":\"https:\/\/norwegianmade.no\/#organization\",\"name\":\"Norwegian Made\",\"url\":\"https:\/\/norwegianmade.no\/\",\"logo\":{\"@type\":\"ImageObject\",\"inLanguage\":\"en-US\",\"@id\":\"https:\/\/norwegianmade.no\/#\/schema\/logo\/image\/\",\"url\":\"https:\/\/norwegianmade.no\/wp-content\/uploads\/2020\/11\/logo-liggende-norwegian-made-web.png\",\"contentUrl\":\"https:\/\/norwegianmade.no\/wp-content\/uploads\/2020\/11\/logo-liggende-norwegian-made-web.png\",\"width\":200,\"height\":58,\"caption\":\"Norwegian Made\"},\"image\":{\"@id\":\"https:\/\/norwegianmade.no\/#\/schema\/logo\/image\/\"}}]}<\/script>\n<!-- \/ Yoast SEO plugin. -->","yoast_head_json":{"title":"H\u00e5ndlaget unike brilleneser, eik. &#8226; Norwegian Made","robots":{"index":"index","follow":"follow","max-snippet":"max-snippet:-1","max-image-preview":"max-image-preview:large","max-video-preview":"max-video-preview:-1"},"canonical":"https:\/\/norwegianmade.no\/en\/produkt\/handlaget-unike-brilleneser-eik\/","og_locale":"en_US","og_type":"article","og_title":"H\u00e5ndlaget unike brilleneser, eik. &#8226; Norwegian Made","og_description":"Eureka brillenese Hun har stadig et glimrende id\u00e9 p\u00e5 lur, og ofte n\u00e5r hun minst venter det!\u00a0Eureka er en av mange personligheter [&hellip;]","og_url":"https:\/\/norwegianmade.no\/en\/produkt\/handlaget-unike-brilleneser-eik\/","og_site_name":"Norwegian Made","article_modified_time":"2026-04-02T01:37:35+00:00","og_image":[{"width":2277,"height":2560,"url":"https:\/\/norwegianmade.no\/wp-content\/uploads\/2022\/08\/D0C91498-96E9-4688-9562-820A37274EB4-scaled.jpeg","type":"image\/jpeg"}],"twitter_card":"summary_large_image","schema":{"@context":"https:\/\/schema.org","@graph":[{"@type":"WebPage","@id":"https:\/\/norwegianmade.no\/en\/produkt\/handlaget-unike-brilleneser-eik\/","url":"https:\/\/norwegianmade.no\/en\/produkt\/handlaget-unike-brilleneser-eik\/","name":"H\u00e5ndlaget unike brilleneser, eik. &#8226; Norwegian Made","isPartOf":{"@id":"https:\/\/norwegianmade.no\/#website"},"primaryImageOfPage":{"@id":"https:\/\/norwegianmade.no\/en\/produkt\/handlaget-unike-brilleneser-eik\/#primaryimage"},"image":{"@id":"https:\/\/norwegianmade.no\/en\/produkt\/handlaget-unike-brilleneser-eik\/#primaryimage"},"thumbnailUrl":"https:\/\/norwegianmade.no\/wp-content\/uploads\/2022\/08\/D0C91498-96E9-4688-9562-820A37274EB4-scaled.jpeg","datePublished":"2022-08-07T07:33:45+00:00","dateModified":"2026-04-02T01:37:35+00:00","breadcrumb":{"@id":"https:\/\/norwegianmade.no\/en\/produkt\/handlaget-unike-brilleneser-eik\/#breadcrumb"},"inLanguage":"en-US","potentialAction":[{"@type":"ReadAction","target":["https:\/\/norwegianmade.no\/en\/produkt\/handlaget-unike-brilleneser-eik\/"]}]},{"@type":"ImageObject","inLanguage":"en-US","@id":"https:\/\/norwegianmade.no\/en\/produkt\/handlaget-unike-brilleneser-eik\/#primaryimage","url":"https:\/\/norwegianmade.no\/wp-content\/uploads\/2022\/08\/D0C91498-96E9-4688-9562-820A37274EB4-scaled.jpeg","contentUrl":"https:\/\/norwegianmade.no\/wp-content\/uploads\/2022\/08\/D0C91498-96E9-4688-9562-820A37274EB4-scaled.jpeg","width":2277,"height":2560},{"@type":"BreadcrumbList","@id":"https:\/\/norwegianmade.no\/en\/produkt\/handlaget-unike-brilleneser-eik\/#breadcrumb","itemListElement":[{"@type":"ListItem","position":1,"name":"Hjem","item":"https:\/\/norwegianmade.no\/en\/"},{"@type":"ListItem","position":2,"name":"Shop","item":"https:\/\/norwegianmade.no\/en\/shop\/"},{"@type":"ListItem","position":3,"name":"H\u00e5ndlaget unike brilleneser, eik."}]},{"@type":"WebSite","@id":"https:\/\/norwegianmade.no\/#website","url":"https:\/\/norwegianmade.no\/","name":"Norwegian Made","description":"Norges st\u00f8rste markedsplass for norske produsenter","publisher":{"@id":"https:\/\/norwegianmade.no\/#organization"},"potentialAction":[{"@type":"SearchAction","target":{"@type":"EntryPoint","urlTemplate":"https:\/\/norwegianmade.no\/?s={search_term_string}"},"query-input":{"@type":"PropertyValueSpecification","valueRequired":true,"valueName":"search_term_string"}}],"inLanguage":"en-US"},{"@type":"Organization","@id":"https:\/\/norwegianmade.no\/#organization","name":"Norwegian Made","url":"https:\/\/norwegianmade.no\/","logo":{"@type":"ImageObject","inLanguage":"en-US","@id":"https:\/\/norwegianmade.no\/#\/schema\/logo\/image\/","url":"https:\/\/norwegianmade.no\/wp-content\/uploads\/2020\/11\/logo-liggende-norwegian-made-web.png","contentUrl":"https:\/\/norwegianmade.no\/wp-content\/uploads\/2020\/11\/logo-liggende-norwegian-made-web.png","width":200,"height":58,"caption":"Norwegian Made"},"image":{"@id":"https:\/\/norwegianmade.no\/#\/schema\/logo\/image\/"}}]}},"_links":{"self":[{"href":"https:\/\/norwegianmade.no\/en\/wp-json\/wp\/v2\/product\/16224","targetHints":{"allow":["GET"]}}],"collection":[{"href":"https:\/\/norwegianmade.no\/en\/wp-json\/wp\/v2\/product"}],"about":[{"href":"https:\/\/norwegianmade.no\/en\/wp-json\/wp\/v2\/types\/product"}],"replies":[{"embeddable":true,"href":"https:\/\/norwegianmade.no\/en\/wp-json\/wp\/v2\/comments?post=16224"}],"wp:featuredmedia":[{"embeddable":true,"href":"https:\/\/norwegianmade.no\/en\/wp-json\/wp\/v2\/media\/16232"}],"wp:attachment":[{"href":"https:\/\/norwegianmade.no\/en\/wp-json\/wp\/v2\/media?parent=16224"}],"wp:term":[{"taxonomy":"product_brand","embeddable":true,"href":"https:\/\/norwegianmade.no\/en\/wp-json\/wp\/v2\/product_brand?post=16224"},{"taxonomy":"product_cat","embeddable":true,"href":"https:\/\/norwegianmade.no\/en\/wp-json\/wp\/v2\/product_cat?post=16224"},{"taxonomy":"product_tag","embeddable":true,"href":"https:\/\/norwegianmade.no\/en\/wp-json\/wp\/v2\/product_tag?post=16224"}],"curies":[{"name":"wp","href":"https:\/\/api.w.org\/{rel}","templated":true}]}}