{"id":16442,"date":"2022-10-02T08:01:46","date_gmt":"2022-10-02T06:01:46","guid":{"rendered":"https:\/\/norwegianmade.no\/markedsplass\/solbjorgesokker-2\/"},"modified":"2025-05-08T03:29:08","modified_gmt":"2025-05-08T01:29:08","slug":"solbjorgesokker-2","status":"publish","type":"product","link":"https:\/\/norwegianmade.no\/en\/produkt\/solbjorgesokker-2\/","title":{"rendered":"Solbj\u00f8rgesokker"},"content":{"rendered":"<p><span lang=\"NO-NYN\" style=\"font-size:10.0pt;line-height:107%\"><img loading=\"lazy\" decoding=\"async\" class=\"wp-image-16429 alignleft\" src=\"https:\/\/norwegianmade.no\/wp-content\/uploads\/2022\/10\/img_3905sk-169x300.png\" alt=\"\" width=\"135\" height=\"240\" data-mce-src=\"https:\/\/norwegianmade.no\/wp-content\/uploads\/2022\/10\/img_3905sk-169x300.png\" srcset=\"https:\/\/norwegianmade.no\/wp-content\/uploads\/2022\/10\/img_3905sk-169x300.png 169w, https:\/\/norwegianmade.no\/wp-content\/uploads\/2022\/10\/img_3905sk-576x1024.png 576w, https:\/\/norwegianmade.no\/wp-content\/uploads\/2022\/10\/img_3905sk-64x114.png 64w, https:\/\/norwegianmade.no\/wp-content\/uploads\/2022\/10\/img_3905sk.png 600w\" sizes=\"auto, (max-width: 135px) 100vw, 135px\" \/>Desse sokkane er inspirert etter ei<br \/>\njakke som vart strikker for snart over 70 \u00e5r sida.<\/span><\/p>\n<p class=\"MsoNormal\"><span lang=\"NO-NYN\" style=\"font-size:10.0pt;line-height:107%\">P\u00e5<br \/>\ngarden Solbj\u00f8rgo, 330 m.o.h. Aurdal i Ulvik, der bestemor Brita Cecilia g<br \/>\n\u00d8ydvin, 1910-1992, kom fr\u00e5, vart det funne restar etter ei jakke med dette<br \/>\nm\u00f8nsteret. Om det er oldemor Kristi Larsdotter (Ljone) Solberg, 1887-1965,<br \/>\neller tippoldemor Brita Larsdotter (Bolstad)Solberg, 1860\u20131938, kanskje<br \/>\ntipptippoldemor, Anna Ivarsdotter (Hakestad) 1835-1922, som fyrst stikka dette<br \/>\nm\u00f8nsteret,<span>\u00a0 <\/span>kjenner ein ikkje til. <\/span><\/p>\n<p class=\"MsoNormal\"><span lang=\"NO-NYN\" style=\"font-size:10.0pt;line-height:107%\">Magda<br \/>\nSolberg, 1909-1984, gift med Ivar Solberg 1907-1982, bror til<span>\u00a0 <\/span>bestemor, brukte desse restane som m\u00f8nster og<br \/>\nstrikke jakker til sine to s\u00f8ner. Olav og Magnus Solberg. <\/span><\/p>\n<p class=\"MsoNormal\"><span lang=\"NO-NYN\" style=\"font-size:10.0pt;line-height:107%\">Det<br \/>\ner med hjarte i historia og den handlingsborne kunnskapen som kvinner i<br \/>\nfamilien f\u00f8r meg har gjort, som er min inspirasjon til \u00e5 vidaref\u00f8re denne <span>\u00a0\u00a0\u00a0\u00a0\u00a0<\/span>strikkedesign i<span>\u00a0 <\/span>sokkar<\/span><\/p>\n<p class=\"MsoNormal\"><span lang=\"NO-NYN\" style=\"font-size:10.0pt;line-height:107%\"><span>\u00a0<\/span><span>\u00a0\u00a0\u00a0\u00a0\u00a0\u00a0\u00a0\u00a0\u00a0\u00a0\u00a0\u00a0\u00a0 <img loading=\"lazy\" decoding=\"async\" class=\"wp-image-16440 alignleft\" src=\"https:\/\/norwegianmade.no\/wp-content\/uploads\/2022\/10\/Jakkesk-246x300.jpg\" alt=\"\" width=\"161\" height=\"196\" data-mce-src=\"https:\/\/norwegianmade.no\/wp-content\/uploads\/2022\/10\/Jakkesk-246x300.jpg\" srcset=\"https:\/\/norwegianmade.no\/wp-content\/uploads\/2022\/10\/Jakkesk-246x300.jpg 246w, https:\/\/norwegianmade.no\/wp-content\/uploads\/2022\/10\/Jakkesk-64x78.jpg 64w, https:\/\/norwegianmade.no\/wp-content\/uploads\/2022\/10\/Jakkesk.jpg 600w\" sizes=\"auto, (max-width: 161px) 100vw, 161px\" \/><br \/>\n<\/span>Garden Solbj\u00f8rgo er fyrste gong nemnt i Bergen Kalvskinn 1340,<br \/>\nSolbiorghum.<\/span><\/p>\n","protected":false},"excerpt":{"rendered":"<p>Tykke varme sokker strikka i tretr\u00e5dsgarn eks Perfect p\u00e5 pinner nr 3,5 eller 4.\u00a0<\/p>\n","protected":false},"featured_media":16431,"comment_status":"open","ping_status":"closed","template":"","meta":{"_acf_changed":false},"product_brand":[],"product_cat":[15],"product_tag":[],"class_list":{"0":"post-16442","1":"product","2":"type-product","3":"status-publish","4":"has-post-thumbnail","6":"product_vendor-mayasbutikk","7":"product_cat-ukategorisert","9":"first","10":"instock","11":"taxable","12":"shipping-taxable","13":"product-type-external"},"acf":[],"yoast_head":"<!-- This site is optimized with the Yoast SEO plugin v27.1.1 - https:\/\/yoast.com\/product\/yoast-seo-wordpress\/ -->\n<title>Solbj\u00f8rgesokker &#8226; Norwegian Made<\/title>\n<meta name=\"robots\" content=\"index, follow, max-snippet:-1, max-image-preview:large, max-video-preview:-1\" \/>\n<link rel=\"canonical\" href=\"https:\/\/norwegianmade.no\/produkt\/solbjorgesokker-2\/\" \/>\n<meta property=\"og:locale\" content=\"en_US\" \/>\n<meta property=\"og:type\" content=\"article\" \/>\n<meta property=\"og:title\" content=\"Solbj\u00f8rgesokker &#8226; Norwegian Made\" \/>\n<meta property=\"og:description\" content=\"Tykke varme sokker strikka i tretr\u00e5dsgarn eks Perfect p\u00e5 pinner nr 3,5 eller 4.\u00a0\" \/>\n<meta property=\"og:url\" content=\"https:\/\/norwegianmade.no\/produkt\/solbjorgesokker-2\/\" \/>\n<meta property=\"og:site_name\" content=\"Norwegian Made\" \/>\n<meta property=\"article:modified_time\" content=\"2025-05-08T01:29:08+00:00\" \/>\n<meta property=\"og:image\" content=\"https:\/\/norwegianmade.no\/wp-content\/uploads\/2022\/10\/eljesokk1-scaled.jpg\" \/>\n\t<meta property=\"og:image:width\" content=\"1920\" \/>\n\t<meta property=\"og:image:height\" content=\"2560\" \/>\n\t<meta property=\"og:image:type\" content=\"image\/jpeg\" \/>\n<meta name=\"twitter:card\" content=\"summary_large_image\" \/>\n<meta name=\"twitter:label1\" content=\"Est. reading time\" \/>\n\t<meta name=\"twitter:data1\" content=\"1 minute\" \/>\n<script type=\"application\/ld+json\" class=\"yoast-schema-graph\">{\"@context\":\"https:\/\/schema.org\",\"@graph\":[{\"@type\":\"WebPage\",\"@id\":\"https:\/\/norwegianmade.no\/produkt\/solbjorgesokker-2\/\",\"url\":\"https:\/\/norwegianmade.no\/produkt\/solbjorgesokker-2\/\",\"name\":\"Solbj\u00f8rgesokker &#8226; Norwegian Made\",\"isPartOf\":{\"@id\":\"https:\/\/norwegianmade.no\/#website\"},\"primaryImageOfPage\":{\"@id\":\"https:\/\/norwegianmade.no\/produkt\/solbjorgesokker-2\/#primaryimage\"},\"image\":{\"@id\":\"https:\/\/norwegianmade.no\/produkt\/solbjorgesokker-2\/#primaryimage\"},\"thumbnailUrl\":\"https:\/\/norwegianmade.no\/wp-content\/uploads\/2022\/10\/eljesokk1-scaled.jpg\",\"datePublished\":\"2022-10-02T06:01:46+00:00\",\"dateModified\":\"2025-05-08T01:29:08+00:00\",\"breadcrumb\":{\"@id\":\"https:\/\/norwegianmade.no\/produkt\/solbjorgesokker-2\/#breadcrumb\"},\"inLanguage\":\"en-US\",\"potentialAction\":[{\"@type\":\"ReadAction\",\"target\":[\"https:\/\/norwegianmade.no\/produkt\/solbjorgesokker-2\/\"]}]},{\"@type\":\"ImageObject\",\"inLanguage\":\"en-US\",\"@id\":\"https:\/\/norwegianmade.no\/produkt\/solbjorgesokker-2\/#primaryimage\",\"url\":\"https:\/\/norwegianmade.no\/wp-content\/uploads\/2022\/10\/eljesokk1-scaled.jpg\",\"contentUrl\":\"https:\/\/norwegianmade.no\/wp-content\/uploads\/2022\/10\/eljesokk1-scaled.jpg\",\"width\":1920,\"height\":2560},{\"@type\":\"BreadcrumbList\",\"@id\":\"https:\/\/norwegianmade.no\/produkt\/solbjorgesokker-2\/#breadcrumb\",\"itemListElement\":[{\"@type\":\"ListItem\",\"position\":1,\"name\":\"Hjem\",\"item\":\"https:\/\/norwegianmade.no\/en\/\"},{\"@type\":\"ListItem\",\"position\":2,\"name\":\"Shop\",\"item\":\"https:\/\/norwegianmade.no\/en\/shop\/\"},{\"@type\":\"ListItem\",\"position\":3,\"name\":\"Solbj\u00f8rgesokker\"}]},{\"@type\":\"WebSite\",\"@id\":\"https:\/\/norwegianmade.no\/#website\",\"url\":\"https:\/\/norwegianmade.no\/\",\"name\":\"Norwegian Made\",\"description\":\"Norges st\u00f8rste markedsplass for norske produsenter\",\"publisher\":{\"@id\":\"https:\/\/norwegianmade.no\/#organization\"},\"potentialAction\":[{\"@type\":\"SearchAction\",\"target\":{\"@type\":\"EntryPoint\",\"urlTemplate\":\"https:\/\/norwegianmade.no\/?s={search_term_string}\"},\"query-input\":{\"@type\":\"PropertyValueSpecification\",\"valueRequired\":true,\"valueName\":\"search_term_string\"}}],\"inLanguage\":\"en-US\"},{\"@type\":\"Organization\",\"@id\":\"https:\/\/norwegianmade.no\/#organization\",\"name\":\"Norwegian Made\",\"url\":\"https:\/\/norwegianmade.no\/\",\"logo\":{\"@type\":\"ImageObject\",\"inLanguage\":\"en-US\",\"@id\":\"https:\/\/norwegianmade.no\/#\/schema\/logo\/image\/\",\"url\":\"https:\/\/norwegianmade.no\/wp-content\/uploads\/2020\/11\/logo-liggende-norwegian-made-web.png\",\"contentUrl\":\"https:\/\/norwegianmade.no\/wp-content\/uploads\/2020\/11\/logo-liggende-norwegian-made-web.png\",\"width\":200,\"height\":58,\"caption\":\"Norwegian Made\"},\"image\":{\"@id\":\"https:\/\/norwegianmade.no\/#\/schema\/logo\/image\/\"}}]}<\/script>\n<!-- \/ Yoast SEO plugin. -->","yoast_head_json":{"title":"Solbj\u00f8rgesokker &#8226; Norwegian Made","robots":{"index":"index","follow":"follow","max-snippet":"max-snippet:-1","max-image-preview":"max-image-preview:large","max-video-preview":"max-video-preview:-1"},"canonical":"https:\/\/norwegianmade.no\/produkt\/solbjorgesokker-2\/","og_locale":"en_US","og_type":"article","og_title":"Solbj\u00f8rgesokker &#8226; Norwegian Made","og_description":"Tykke varme sokker strikka i tretr\u00e5dsgarn eks Perfect p\u00e5 pinner nr 3,5 eller 4.\u00a0","og_url":"https:\/\/norwegianmade.no\/produkt\/solbjorgesokker-2\/","og_site_name":"Norwegian Made","article_modified_time":"2025-05-08T01:29:08+00:00","og_image":[{"width":1920,"height":2560,"url":"https:\/\/norwegianmade.no\/wp-content\/uploads\/2022\/10\/eljesokk1-scaled.jpg","type":"image\/jpeg"}],"twitter_card":"summary_large_image","twitter_misc":{"Est. reading time":"1 minute"},"schema":{"@context":"https:\/\/schema.org","@graph":[{"@type":"WebPage","@id":"https:\/\/norwegianmade.no\/produkt\/solbjorgesokker-2\/","url":"https:\/\/norwegianmade.no\/produkt\/solbjorgesokker-2\/","name":"Solbj\u00f8rgesokker &#8226; Norwegian Made","isPartOf":{"@id":"https:\/\/norwegianmade.no\/#website"},"primaryImageOfPage":{"@id":"https:\/\/norwegianmade.no\/produkt\/solbjorgesokker-2\/#primaryimage"},"image":{"@id":"https:\/\/norwegianmade.no\/produkt\/solbjorgesokker-2\/#primaryimage"},"thumbnailUrl":"https:\/\/norwegianmade.no\/wp-content\/uploads\/2022\/10\/eljesokk1-scaled.jpg","datePublished":"2022-10-02T06:01:46+00:00","dateModified":"2025-05-08T01:29:08+00:00","breadcrumb":{"@id":"https:\/\/norwegianmade.no\/produkt\/solbjorgesokker-2\/#breadcrumb"},"inLanguage":"en-US","potentialAction":[{"@type":"ReadAction","target":["https:\/\/norwegianmade.no\/produkt\/solbjorgesokker-2\/"]}]},{"@type":"ImageObject","inLanguage":"en-US","@id":"https:\/\/norwegianmade.no\/produkt\/solbjorgesokker-2\/#primaryimage","url":"https:\/\/norwegianmade.no\/wp-content\/uploads\/2022\/10\/eljesokk1-scaled.jpg","contentUrl":"https:\/\/norwegianmade.no\/wp-content\/uploads\/2022\/10\/eljesokk1-scaled.jpg","width":1920,"height":2560},{"@type":"BreadcrumbList","@id":"https:\/\/norwegianmade.no\/produkt\/solbjorgesokker-2\/#breadcrumb","itemListElement":[{"@type":"ListItem","position":1,"name":"Hjem","item":"https:\/\/norwegianmade.no\/en\/"},{"@type":"ListItem","position":2,"name":"Shop","item":"https:\/\/norwegianmade.no\/en\/shop\/"},{"@type":"ListItem","position":3,"name":"Solbj\u00f8rgesokker"}]},{"@type":"WebSite","@id":"https:\/\/norwegianmade.no\/#website","url":"https:\/\/norwegianmade.no\/","name":"Norwegian Made","description":"Norges st\u00f8rste markedsplass for norske produsenter","publisher":{"@id":"https:\/\/norwegianmade.no\/#organization"},"potentialAction":[{"@type":"SearchAction","target":{"@type":"EntryPoint","urlTemplate":"https:\/\/norwegianmade.no\/?s={search_term_string}"},"query-input":{"@type":"PropertyValueSpecification","valueRequired":true,"valueName":"search_term_string"}}],"inLanguage":"en-US"},{"@type":"Organization","@id":"https:\/\/norwegianmade.no\/#organization","name":"Norwegian Made","url":"https:\/\/norwegianmade.no\/","logo":{"@type":"ImageObject","inLanguage":"en-US","@id":"https:\/\/norwegianmade.no\/#\/schema\/logo\/image\/","url":"https:\/\/norwegianmade.no\/wp-content\/uploads\/2020\/11\/logo-liggende-norwegian-made-web.png","contentUrl":"https:\/\/norwegianmade.no\/wp-content\/uploads\/2020\/11\/logo-liggende-norwegian-made-web.png","width":200,"height":58,"caption":"Norwegian Made"},"image":{"@id":"https:\/\/norwegianmade.no\/#\/schema\/logo\/image\/"}}]}},"_links":{"self":[{"href":"https:\/\/norwegianmade.no\/en\/wp-json\/wp\/v2\/product\/16442","targetHints":{"allow":["GET"]}}],"collection":[{"href":"https:\/\/norwegianmade.no\/en\/wp-json\/wp\/v2\/product"}],"about":[{"href":"https:\/\/norwegianmade.no\/en\/wp-json\/wp\/v2\/types\/product"}],"replies":[{"embeddable":true,"href":"https:\/\/norwegianmade.no\/en\/wp-json\/wp\/v2\/comments?post=16442"}],"wp:featuredmedia":[{"embeddable":true,"href":"https:\/\/norwegianmade.no\/en\/wp-json\/wp\/v2\/media\/16431"}],"wp:attachment":[{"href":"https:\/\/norwegianmade.no\/en\/wp-json\/wp\/v2\/media?parent=16442"}],"wp:term":[{"taxonomy":"product_brand","embeddable":true,"href":"https:\/\/norwegianmade.no\/en\/wp-json\/wp\/v2\/product_brand?post=16442"},{"taxonomy":"product_cat","embeddable":true,"href":"https:\/\/norwegianmade.no\/en\/wp-json\/wp\/v2\/product_cat?post=16442"},{"taxonomy":"product_tag","embeddable":true,"href":"https:\/\/norwegianmade.no\/en\/wp-json\/wp\/v2\/product_tag?post=16442"}],"curies":[{"name":"wp","href":"https:\/\/api.w.org\/{rel}","templated":true}]}}