{"id":16828,"date":"2022-10-20T12:52:44","date_gmt":"2022-10-20T10:52:44","guid":{"rendered":"https:\/\/norwegianmade.no\/?post_type=product&#038;p=16828"},"modified":"2025-06-06T13:14:10","modified_gmt":"2025-06-06T11:14:10","slug":"gjenfyllbart-duftlys-med-soyavoks-my-lav-we-are-mint-to-be","status":"archived","type":"product","link":"https:\/\/norwegianmade.no\/en\/produkt\/gjenfyllbart-duftlys-med-soyavoks-my-lav-we-are-mint-to-be\/","title":{"rendered":"Gjenfyllbart duftlys med soyavoks MY LAV, WE ARE MINT TO BE"},"content":{"rendered":"<p><strong><span style=\"font-family: Finntype, Arial, Helvetica, sans-serif\" data-mce-style=\"color: #404040; font-family: Finntype, Arial, Helvetica, sans-serif; white-space: pre-line;\">Du kan se refill options &#8211; refill abonnement p\u00e5 nettsiden min: www.shelights.no\u00a0<\/span><\/strong><\/p>\n<p><span style=\"font-family: Finntype, Arial, Helvetica, sans-serif\" data-mce-style=\"font-family: Finntype, Arial, Helvetica, sans-serif;\">\u00a0Dette p\u00e5fyllbare stearinlyset ble laget for \u00e5 eliminere mengden krukkeavfall som vanligvis f\u00f8lger med n\u00e5r du kj\u00f8per stearinlys.<\/span><\/p>\n<p>Produktet er laget i samarbeid med en annen liten bedrift kalt Pois Adoro, som lager glassene fra bunnen av i Bergen, Norge.<\/p>\n<p>De er laget med jesmonite, som er et milj\u00f8vennlig materiale med mineralbase og vannbasert akrilyharpiks. Den er 100 % brannsikker, s\u00e5 etter at du har brukt glassene, kan du fylle dem p\u00e5 mange ganger.<\/p>\n<p>Hvordan fylle p\u00e5?<br \/>&#8211; etter at du har brukt opp lyset og det er bare litt voks igjen,<br \/>&#8211; kok opp litt vann og hell det i en bolle<br \/>&#8211; dypp bunnen av lyset og la det ligge i vannet i ca 30-60 sekunder (ikke mer)<br \/>&#8211; n\u00e5r voksen begynner \u00e5 smelte, vipp den ut med hendene og kast den<br \/>&#8211; du kan gj\u00f8re litt ekstra rengj\u00f8ring med et papirh\u00e5ndkle ogs\u00e5<\/p>\n<p>S\u00e5 kan du sette p\u00e5fyllet.<\/p>\n<p><strong><span style=\"font-family: Finntype, Arial, Helvetica, sans-serif\" data-mce-style=\"color: #404040; font-family: Finntype, Arial, Helvetica, sans-serif; white-space: pre-line;\">Duft: Lavendel &#8211; ftalatfri duftolje med ren lavendel eterisk olje<\/span><\/strong><\/p>\n<p>nettovekt: 120 g<br \/>brenntid: 25-28 timer<\/p>\n<p>Trim veken regelmessig for en lengre forbrenning!<br \/>&#8211; 100% norskprodusert<\/p>\n","protected":false},"excerpt":{"rendered":"<p><span style=\"font-family: Finntype, Arial, Helvetica, sans-serif\" data-mce-style=\"font-family: Finntype, Arial, Helvetica, sans-serif;\">Dette p\u00e5fyllbare stearinlyset ble laget for \u00e5 eliminere mengden krukkeavfall som vanligvis f\u00f8lger med n\u00e5r du kj\u00f8per stearinlys.<\/span><\/p>\n<p>Produktet er laget i samarbeid med en annen liten bedrift kalt Pois Adoro, som lager glassene fra bunnen av i Bergen, Norge.<\/p>\n<p>De er laget med jesmonite, som er et milj\u00f8vennlig materiale med mineralbase og vannbasert akrilyharpiks. Den er 100 % brannsikker, s\u00e5 etter at du har brukt glassene, kan du fylle dem p\u00e5 mange ganger.<\/p>\n<p><span style=\"font-family: Finntype, Arial, Helvetica, sans-serif\">Duft: Lavendel &#8211; ftalatfri duftolje med ren lavendel eterisk olje<\/span><\/p>\n<p>nettovekt: 120 g<br \/>brenntid: 25-28 timer<\/p>\n<p><span style=\"font-family: Finntype, Arial, Helvetica, sans-serif\" data-mce-style=\"font-family: Finntype, Arial, Helvetica, sans-serif;\"><br \/><\/span><\/p>\n<p><span style=\"font-family: Finntype, Arial, Helvetica, sans-serif\" data-mce-style=\"font-family: Finntype, Arial, Helvetica, sans-serif;\"><br \/><\/span><\/p>\n","protected":false},"featured_media":0,"comment_status":"open","ping_status":"closed","template":"","meta":{"_acf_changed":false},"product_brand":[],"product_cat":[78,59,324],"product_tag":[],"class_list":{"0":"post-16828","1":"product","2":"type-product","3":"status-archived","5":"product_vendor-shelights","6":"product_cat-gaver","7":"product_cat-interior-kunst","8":"product_cat-jul","10":"first","11":"instock","12":"taxable","13":"shipping-taxable","14":"product-type-simple"},"acf":[],"yoast_head":"<!-- This site is optimized with the Yoast SEO plugin v27.1.1 - https:\/\/yoast.com\/product\/yoast-seo-wordpress\/ -->\n<title>Gjenfyllbart duftlys med soyavoks MY LAV, WE ARE MINT TO BE &#8226; Norwegian Made<\/title>\n<meta name=\"description\" content=\"refillable candle, pafyll, soyavokslys , duftlys, eterisk olje\" \/>\n<meta name=\"robots\" content=\"index, follow, max-snippet:-1, max-image-preview:large, max-video-preview:-1\" \/>\n<link rel=\"canonical\" href=\"https:\/\/norwegianmade.no\/produkt\/gjenfyllbart-duftlys-med-soyavoks-my-lav-we-are-mint-to-be\/\" \/>\n<meta property=\"og:locale\" content=\"en_US\" \/>\n<meta property=\"og:type\" content=\"article\" \/>\n<meta property=\"og:title\" content=\"Gjenfyllbart duftlys med soyavoks MY LAV, WE ARE MINT TO BE &#8226; Norwegian Made\" \/>\n<meta property=\"og:description\" content=\"refillable candle, pafyll, soyavokslys , duftlys, eterisk olje\" \/>\n<meta property=\"og:url\" content=\"https:\/\/norwegianmade.no\/produkt\/gjenfyllbart-duftlys-med-soyavoks-my-lav-we-are-mint-to-be\/\" \/>\n<meta property=\"og:site_name\" content=\"Norwegian Made\" \/>\n<meta property=\"article:modified_time\" content=\"2025-06-06T11:14:10+00:00\" \/>\n<meta property=\"og:image\" content=\"https:\/\/norwegianmade.no\/wp-content\/uploads\/2022\/10\/IGP6691-scaled.jpg\" \/>\n\t<meta property=\"og:image:width\" content=\"2560\" \/>\n\t<meta property=\"og:image:height\" content=\"1947\" \/>\n\t<meta property=\"og:image:type\" content=\"image\/jpeg\" \/>\n<meta name=\"twitter:card\" content=\"summary_large_image\" \/>\n<meta name=\"twitter:label1\" content=\"Est. reading time\" \/>\n\t<meta name=\"twitter:data1\" content=\"1 minute\" \/>\n<script type=\"application\/ld+json\" class=\"yoast-schema-graph\">{\"@context\":\"https:\/\/schema.org\",\"@graph\":[{\"@type\":\"WebPage\",\"@id\":\"https:\/\/norwegianmade.no\/produkt\/gjenfyllbart-duftlys-med-soyavoks-my-lav-we-are-mint-to-be\/\",\"url\":\"https:\/\/norwegianmade.no\/produkt\/gjenfyllbart-duftlys-med-soyavoks-my-lav-we-are-mint-to-be\/\",\"name\":\"Gjenfyllbart duftlys med soyavoks MY LAV, WE ARE MINT TO BE &#8226; Norwegian Made\",\"isPartOf\":{\"@id\":\"https:\/\/norwegianmade.no\/#website\"},\"datePublished\":\"2022-10-20T10:52:44+00:00\",\"dateModified\":\"2025-06-06T11:14:10+00:00\",\"description\":\"refillable candle, pafyll, soyavokslys , duftlys, eterisk olje\",\"breadcrumb\":{\"@id\":\"https:\/\/norwegianmade.no\/produkt\/gjenfyllbart-duftlys-med-soyavoks-my-lav-we-are-mint-to-be\/#breadcrumb\"},\"inLanguage\":\"en-US\",\"potentialAction\":[{\"@type\":\"ReadAction\",\"target\":[\"https:\/\/norwegianmade.no\/produkt\/gjenfyllbart-duftlys-med-soyavoks-my-lav-we-are-mint-to-be\/\"]}]},{\"@type\":\"BreadcrumbList\",\"@id\":\"https:\/\/norwegianmade.no\/produkt\/gjenfyllbart-duftlys-med-soyavoks-my-lav-we-are-mint-to-be\/#breadcrumb\",\"itemListElement\":[{\"@type\":\"ListItem\",\"position\":1,\"name\":\"Hjem\",\"item\":\"https:\/\/norwegianmade.no\/en\/\"},{\"@type\":\"ListItem\",\"position\":2,\"name\":\"Shop\",\"item\":\"https:\/\/norwegianmade.no\/en\/shop\/\"},{\"@type\":\"ListItem\",\"position\":3,\"name\":\"Gjenfyllbart duftlys med soyavoks MY LAV, WE ARE MINT TO BE\"}]},{\"@type\":\"WebSite\",\"@id\":\"https:\/\/norwegianmade.no\/#website\",\"url\":\"https:\/\/norwegianmade.no\/\",\"name\":\"Norwegian Made\",\"description\":\"Norges st\u00f8rste markedsplass for norske produsenter\",\"publisher\":{\"@id\":\"https:\/\/norwegianmade.no\/#organization\"},\"potentialAction\":[{\"@type\":\"SearchAction\",\"target\":{\"@type\":\"EntryPoint\",\"urlTemplate\":\"https:\/\/norwegianmade.no\/?s={search_term_string}\"},\"query-input\":{\"@type\":\"PropertyValueSpecification\",\"valueRequired\":true,\"valueName\":\"search_term_string\"}}],\"inLanguage\":\"en-US\"},{\"@type\":\"Organization\",\"@id\":\"https:\/\/norwegianmade.no\/#organization\",\"name\":\"Norwegian Made\",\"url\":\"https:\/\/norwegianmade.no\/\",\"logo\":{\"@type\":\"ImageObject\",\"inLanguage\":\"en-US\",\"@id\":\"https:\/\/norwegianmade.no\/#\/schema\/logo\/image\/\",\"url\":\"https:\/\/norwegianmade.no\/wp-content\/uploads\/2020\/11\/logo-liggende-norwegian-made-web.png\",\"contentUrl\":\"https:\/\/norwegianmade.no\/wp-content\/uploads\/2020\/11\/logo-liggende-norwegian-made-web.png\",\"width\":200,\"height\":58,\"caption\":\"Norwegian Made\"},\"image\":{\"@id\":\"https:\/\/norwegianmade.no\/#\/schema\/logo\/image\/\"}}]}<\/script>\n<!-- \/ Yoast SEO plugin. -->","yoast_head_json":{"title":"Gjenfyllbart duftlys med soyavoks MY LAV, WE ARE MINT TO BE &#8226; Norwegian Made","description":"refillable candle, pafyll, soyavokslys , duftlys, eterisk olje","robots":{"index":"index","follow":"follow","max-snippet":"max-snippet:-1","max-image-preview":"max-image-preview:large","max-video-preview":"max-video-preview:-1"},"canonical":"https:\/\/norwegianmade.no\/produkt\/gjenfyllbart-duftlys-med-soyavoks-my-lav-we-are-mint-to-be\/","og_locale":"en_US","og_type":"article","og_title":"Gjenfyllbart duftlys med soyavoks MY LAV, WE ARE MINT TO BE &#8226; Norwegian Made","og_description":"refillable candle, pafyll, soyavokslys , duftlys, eterisk olje","og_url":"https:\/\/norwegianmade.no\/produkt\/gjenfyllbart-duftlys-med-soyavoks-my-lav-we-are-mint-to-be\/","og_site_name":"Norwegian Made","article_modified_time":"2025-06-06T11:14:10+00:00","og_image":[{"width":2560,"height":1947,"url":"https:\/\/norwegianmade.no\/wp-content\/uploads\/2022\/10\/IGP6691-scaled.jpg","type":"image\/jpeg"}],"twitter_card":"summary_large_image","twitter_misc":{"Est. reading time":"1 minute"},"schema":{"@context":"https:\/\/schema.org","@graph":[{"@type":"WebPage","@id":"https:\/\/norwegianmade.no\/produkt\/gjenfyllbart-duftlys-med-soyavoks-my-lav-we-are-mint-to-be\/","url":"https:\/\/norwegianmade.no\/produkt\/gjenfyllbart-duftlys-med-soyavoks-my-lav-we-are-mint-to-be\/","name":"Gjenfyllbart duftlys med soyavoks MY LAV, WE ARE MINT TO BE &#8226; Norwegian Made","isPartOf":{"@id":"https:\/\/norwegianmade.no\/#website"},"datePublished":"2022-10-20T10:52:44+00:00","dateModified":"2025-06-06T11:14:10+00:00","description":"refillable candle, pafyll, soyavokslys , duftlys, eterisk olje","breadcrumb":{"@id":"https:\/\/norwegianmade.no\/produkt\/gjenfyllbart-duftlys-med-soyavoks-my-lav-we-are-mint-to-be\/#breadcrumb"},"inLanguage":"en-US","potentialAction":[{"@type":"ReadAction","target":["https:\/\/norwegianmade.no\/produkt\/gjenfyllbart-duftlys-med-soyavoks-my-lav-we-are-mint-to-be\/"]}]},{"@type":"BreadcrumbList","@id":"https:\/\/norwegianmade.no\/produkt\/gjenfyllbart-duftlys-med-soyavoks-my-lav-we-are-mint-to-be\/#breadcrumb","itemListElement":[{"@type":"ListItem","position":1,"name":"Hjem","item":"https:\/\/norwegianmade.no\/en\/"},{"@type":"ListItem","position":2,"name":"Shop","item":"https:\/\/norwegianmade.no\/en\/shop\/"},{"@type":"ListItem","position":3,"name":"Gjenfyllbart duftlys med soyavoks MY LAV, WE ARE MINT TO BE"}]},{"@type":"WebSite","@id":"https:\/\/norwegianmade.no\/#website","url":"https:\/\/norwegianmade.no\/","name":"Norwegian Made","description":"Norges st\u00f8rste markedsplass for norske produsenter","publisher":{"@id":"https:\/\/norwegianmade.no\/#organization"},"potentialAction":[{"@type":"SearchAction","target":{"@type":"EntryPoint","urlTemplate":"https:\/\/norwegianmade.no\/?s={search_term_string}"},"query-input":{"@type":"PropertyValueSpecification","valueRequired":true,"valueName":"search_term_string"}}],"inLanguage":"en-US"},{"@type":"Organization","@id":"https:\/\/norwegianmade.no\/#organization","name":"Norwegian Made","url":"https:\/\/norwegianmade.no\/","logo":{"@type":"ImageObject","inLanguage":"en-US","@id":"https:\/\/norwegianmade.no\/#\/schema\/logo\/image\/","url":"https:\/\/norwegianmade.no\/wp-content\/uploads\/2020\/11\/logo-liggende-norwegian-made-web.png","contentUrl":"https:\/\/norwegianmade.no\/wp-content\/uploads\/2020\/11\/logo-liggende-norwegian-made-web.png","width":200,"height":58,"caption":"Norwegian Made"},"image":{"@id":"https:\/\/norwegianmade.no\/#\/schema\/logo\/image\/"}}]}},"_links":{"self":[{"href":"https:\/\/norwegianmade.no\/en\/wp-json\/wp\/v2\/product\/16828","targetHints":{"allow":["GET"]}}],"collection":[{"href":"https:\/\/norwegianmade.no\/en\/wp-json\/wp\/v2\/product"}],"about":[{"href":"https:\/\/norwegianmade.no\/en\/wp-json\/wp\/v2\/types\/product"}],"replies":[{"embeddable":true,"href":"https:\/\/norwegianmade.no\/en\/wp-json\/wp\/v2\/comments?post=16828"}],"wp:attachment":[{"href":"https:\/\/norwegianmade.no\/en\/wp-json\/wp\/v2\/media?parent=16828"}],"wp:term":[{"taxonomy":"product_brand","embeddable":true,"href":"https:\/\/norwegianmade.no\/en\/wp-json\/wp\/v2\/product_brand?post=16828"},{"taxonomy":"product_cat","embeddable":true,"href":"https:\/\/norwegianmade.no\/en\/wp-json\/wp\/v2\/product_cat?post=16828"},{"taxonomy":"product_tag","embeddable":true,"href":"https:\/\/norwegianmade.no\/en\/wp-json\/wp\/v2\/product_tag?post=16828"}],"curies":[{"name":"wp","href":"https:\/\/api.w.org\/{rel}","templated":true}]}}