{"id":16842,"date":"2022-10-28T10:47:00","date_gmt":"2022-10-28T08:47:00","guid":{"rendered":"https:\/\/norwegianmade.no\/markedsplass\/rodt-minitre-i-ull-23-cm\/"},"modified":"2022-10-28T20:55:54","modified_gmt":"2022-10-28T18:55:54","slug":"rodt-minitre-i-ull-23-cm","status":"publish","type":"product","link":"https:\/\/norwegianmade.no\/en\/produkt\/rodt-minitre-i-ull-23-cm\/","title":{"rendered":"R\u00f8dt minitre i ull (23 cm)"},"content":{"rendered":"<p><\/p>\n","protected":false},"excerpt":{"rendered":"<p>Dette er det minste treet i kolleksjonen ulltr\u00e6r p\u00e5 kvist. <br \/>Dette s\u00f8te minitreet er 23 cm, sydd i 3 mm tykk ullfilt av god kvalitet. Treet er fylt med vatt og er sjarmerende lubbent.<\/p>\n<p>Her har jeg dekorert treet med okergule, hvite og gr\u00f8nne ullprikker. <br \/>Du kan velge andre farger p\u00e5 prikkene hvis du \u00f8nsker det.<\/p>\n<p>Jeg bruker teknikken n\u00e5lefilting n\u00e5r jeg fester prikkene i treet.<\/p>\n<p>Ulltr\u00e6rne passer godt som dekor i en krans av gran som her p\u00e5 bildet. \u00a0 \u00a0En kvist er satt inn i treet og fungerer som fot. <br \/>Kvisten er inkludert i prisen.<\/p>\n<p>Et annet tips er \u00e5 sette kvisten og treet oppi en krukke med stein. <br \/>Jeg pynter gjerne med sm\u00e5 kongler eller mose \u00f8verst i krukken.<\/p>\n<p>Kolleksjonene best\u00e5r av ulltr\u00e6r i 3 ulike st\u00f8rrelser. <br \/>I tillegg til minitreet har jeg designet mellomstore tr\u00e6r p\u00e5 28 cm, samt store tr\u00e6r som er 32 cm. \u00a0<\/p>\n<p>Jeg syr ulltr\u00e6r i andre farger som; gr\u00f8nn, okergul, hvit, brun, lysgr\u00e5, koksgr\u00e5,og brun.\u00a0<\/p>\n<p>Flere bilder av disse sjarmerende tr\u00e6rne \u00a0sees p\u00e5 Instagram @aasearild\u00a0<\/p>\n<p>Ta gjerne kontakt om du \u00f8nsker at jeg designer ditt eget personlige tre i dine favorittfarger.\u00a0<\/p>\n<p>Takk for bes\u00f8ket!\u00a0<\/p>\n","protected":false},"featured_media":16840,"comment_status":"open","ping_status":"closed","template":"","meta":{"_acf_changed":false},"product_brand":[],"product_cat":[78,82,59,80,324,81,86],"product_tag":[],"class_list":{"0":"post-16842","1":"product","2":"type-product","3":"status-publish","4":"has-post-thumbnail","6":"product_vendor-ull-i-nord","7":"product_cat-gaver","8":"product_cat-handverk","9":"product_cat-interior-kunst","10":"product_cat-interiorartikler","11":"product_cat-jul","12":"product_cat-kunsthandverk","13":"product_cat-tekstilprodukter","14":"product_shipping_class-lett","16":"first","17":"instock","18":"featured","19":"taxable","20":"shipping-taxable","21":"product-type-simple"},"acf":[],"yoast_head":"<!-- This site is optimized with the Yoast SEO plugin v27.1.1 - https:\/\/yoast.com\/product\/yoast-seo-wordpress\/ -->\n<title>R\u00f8dt minitre i ull (23 cm) &#8226; Norwegian Made<\/title>\n<meta name=\"robots\" content=\"index, follow, max-snippet:-1, max-image-preview:large, max-video-preview:-1\" \/>\n<link rel=\"canonical\" href=\"https:\/\/norwegianmade.no\/en\/produkt\/rodt-minitre-i-ull-23-cm\/\" \/>\n<meta property=\"og:locale\" content=\"en_US\" \/>\n<meta property=\"og:type\" content=\"article\" \/>\n<meta property=\"og:title\" content=\"R\u00f8dt minitre i ull (23 cm) &#8226; Norwegian Made\" \/>\n<meta property=\"og:description\" content=\"Dette er det minste treet i kolleksjonen ulltr\u00e6r p\u00e5 kvist. Dette s\u00f8te minitreet er 23 cm, sydd i 3 mm tykk ullfilt av god kvalitet. Treet er fylt med vatt og er sjarmerende lubbent.Her har jeg dekorert treet med okergule, hvite og gr\u00f8nne ullprikker. Du kan velge andre farger p\u00e5 prikkene hvis du \u00f8nsker det.Jeg bruker teknikken n\u00e5lefilting n\u00e5r jeg fester prikkene i treet.Ulltr\u00e6rne passer godt som dekor i en krans av gran som her p\u00e5 bildet. \u00a0 \u00a0En kvist er satt inn i treet og fungerer som fot. Kvisten er inkludert i prisen.Et annet tips er \u00e5 sette kvisten og treet oppi en krukke med stein. Jeg pynter gjerne med sm\u00e5 kongler eller mose \u00f8verst i krukken.Kolleksjonene best\u00e5r av ulltr\u00e6r i 3 ulike st\u00f8rrelser. I tillegg til minitreet har jeg designet mellomstore tr\u00e6r p\u00e5 28 cm, samt store tr\u00e6r som er 32 cm. \u00a0Jeg syr ulltr\u00e6r i andre farger som; gr\u00f8nn, okergul, hvit, brun, lysgr\u00e5, koksgr\u00e5,og brun.\u00a0Flere bilder av disse sjarmerende tr\u00e6rne \u00a0sees p\u00e5 Instagram @aasearild\u00a0Ta gjerne kontakt om du \u00f8nsker at jeg designer ditt eget personlige tre i dine favorittfarger.\u00a0Takk for bes\u00f8ket!\u00a0\" \/>\n<meta property=\"og:url\" content=\"https:\/\/norwegianmade.no\/en\/produkt\/rodt-minitre-i-ull-23-cm\/\" \/>\n<meta property=\"og:site_name\" content=\"Norwegian Made\" \/>\n<meta property=\"article:modified_time\" content=\"2022-10-28T18:55:54+00:00\" \/>\n<meta property=\"og:image\" content=\"https:\/\/norwegianmade.no\/wp-content\/uploads\/2022\/10\/8AB04611-7BC6-4120-9404-0E8FE78FFF7A.jpeg\" \/>\n\t<meta property=\"og:image:width\" content=\"1536\" \/>\n\t<meta property=\"og:image:height\" content=\"1893\" \/>\n\t<meta property=\"og:image:type\" content=\"image\/jpeg\" \/>\n<meta name=\"twitter:card\" content=\"summary_large_image\" \/>\n<script type=\"application\/ld+json\" class=\"yoast-schema-graph\">{\"@context\":\"https:\/\/schema.org\",\"@graph\":[{\"@type\":\"WebPage\",\"@id\":\"https:\/\/norwegianmade.no\/en\/produkt\/rodt-minitre-i-ull-23-cm\/\",\"url\":\"https:\/\/norwegianmade.no\/en\/produkt\/rodt-minitre-i-ull-23-cm\/\",\"name\":\"R\u00f8dt minitre i ull (23 cm) &#8226; Norwegian Made\",\"isPartOf\":{\"@id\":\"https:\/\/norwegianmade.no\/#website\"},\"primaryImageOfPage\":{\"@id\":\"https:\/\/norwegianmade.no\/en\/produkt\/rodt-minitre-i-ull-23-cm\/#primaryimage\"},\"image\":{\"@id\":\"https:\/\/norwegianmade.no\/en\/produkt\/rodt-minitre-i-ull-23-cm\/#primaryimage\"},\"thumbnailUrl\":\"https:\/\/norwegianmade.no\/wp-content\/uploads\/2022\/10\/8AB04611-7BC6-4120-9404-0E8FE78FFF7A.jpeg\",\"datePublished\":\"2022-10-28T08:47:00+00:00\",\"dateModified\":\"2022-10-28T18:55:54+00:00\",\"breadcrumb\":{\"@id\":\"https:\/\/norwegianmade.no\/en\/produkt\/rodt-minitre-i-ull-23-cm\/#breadcrumb\"},\"inLanguage\":\"en-US\",\"potentialAction\":[{\"@type\":\"ReadAction\",\"target\":[\"https:\/\/norwegianmade.no\/en\/produkt\/rodt-minitre-i-ull-23-cm\/\"]}]},{\"@type\":\"ImageObject\",\"inLanguage\":\"en-US\",\"@id\":\"https:\/\/norwegianmade.no\/en\/produkt\/rodt-minitre-i-ull-23-cm\/#primaryimage\",\"url\":\"https:\/\/norwegianmade.no\/wp-content\/uploads\/2022\/10\/8AB04611-7BC6-4120-9404-0E8FE78FFF7A.jpeg\",\"contentUrl\":\"https:\/\/norwegianmade.no\/wp-content\/uploads\/2022\/10\/8AB04611-7BC6-4120-9404-0E8FE78FFF7A.jpeg\",\"width\":1536,\"height\":1893},{\"@type\":\"BreadcrumbList\",\"@id\":\"https:\/\/norwegianmade.no\/en\/produkt\/rodt-minitre-i-ull-23-cm\/#breadcrumb\",\"itemListElement\":[{\"@type\":\"ListItem\",\"position\":1,\"name\":\"Hjem\",\"item\":\"https:\/\/norwegianmade.no\/en\/\"},{\"@type\":\"ListItem\",\"position\":2,\"name\":\"Shop\",\"item\":\"https:\/\/norwegianmade.no\/en\/shop\/\"},{\"@type\":\"ListItem\",\"position\":3,\"name\":\"R\u00f8dt minitre i ull (23 cm)\"}]},{\"@type\":\"WebSite\",\"@id\":\"https:\/\/norwegianmade.no\/#website\",\"url\":\"https:\/\/norwegianmade.no\/\",\"name\":\"Norwegian Made\",\"description\":\"Norges st\u00f8rste markedsplass for norske produsenter\",\"publisher\":{\"@id\":\"https:\/\/norwegianmade.no\/#organization\"},\"potentialAction\":[{\"@type\":\"SearchAction\",\"target\":{\"@type\":\"EntryPoint\",\"urlTemplate\":\"https:\/\/norwegianmade.no\/?s={search_term_string}\"},\"query-input\":{\"@type\":\"PropertyValueSpecification\",\"valueRequired\":true,\"valueName\":\"search_term_string\"}}],\"inLanguage\":\"en-US\"},{\"@type\":\"Organization\",\"@id\":\"https:\/\/norwegianmade.no\/#organization\",\"name\":\"Norwegian Made\",\"url\":\"https:\/\/norwegianmade.no\/\",\"logo\":{\"@type\":\"ImageObject\",\"inLanguage\":\"en-US\",\"@id\":\"https:\/\/norwegianmade.no\/#\/schema\/logo\/image\/\",\"url\":\"https:\/\/norwegianmade.no\/wp-content\/uploads\/2020\/11\/logo-liggende-norwegian-made-web.png\",\"contentUrl\":\"https:\/\/norwegianmade.no\/wp-content\/uploads\/2020\/11\/logo-liggende-norwegian-made-web.png\",\"width\":200,\"height\":58,\"caption\":\"Norwegian Made\"},\"image\":{\"@id\":\"https:\/\/norwegianmade.no\/#\/schema\/logo\/image\/\"}}]}<\/script>\n<!-- \/ Yoast SEO plugin. -->","yoast_head_json":{"title":"R\u00f8dt minitre i ull (23 cm) &#8226; Norwegian Made","robots":{"index":"index","follow":"follow","max-snippet":"max-snippet:-1","max-image-preview":"max-image-preview:large","max-video-preview":"max-video-preview:-1"},"canonical":"https:\/\/norwegianmade.no\/en\/produkt\/rodt-minitre-i-ull-23-cm\/","og_locale":"en_US","og_type":"article","og_title":"R\u00f8dt minitre i ull (23 cm) &#8226; Norwegian Made","og_description":"Dette er det minste treet i kolleksjonen ulltr\u00e6r p\u00e5 kvist. Dette s\u00f8te minitreet er 23 cm, sydd i 3 mm tykk ullfilt av god kvalitet. Treet er fylt med vatt og er sjarmerende lubbent.Her har jeg dekorert treet med okergule, hvite og gr\u00f8nne ullprikker. Du kan velge andre farger p\u00e5 prikkene hvis du \u00f8nsker det.Jeg bruker teknikken n\u00e5lefilting n\u00e5r jeg fester prikkene i treet.Ulltr\u00e6rne passer godt som dekor i en krans av gran som her p\u00e5 bildet. \u00a0 \u00a0En kvist er satt inn i treet og fungerer som fot. Kvisten er inkludert i prisen.Et annet tips er \u00e5 sette kvisten og treet oppi en krukke med stein. Jeg pynter gjerne med sm\u00e5 kongler eller mose \u00f8verst i krukken.Kolleksjonene best\u00e5r av ulltr\u00e6r i 3 ulike st\u00f8rrelser. I tillegg til minitreet har jeg designet mellomstore tr\u00e6r p\u00e5 28 cm, samt store tr\u00e6r som er 32 cm. \u00a0Jeg syr ulltr\u00e6r i andre farger som; gr\u00f8nn, okergul, hvit, brun, lysgr\u00e5, koksgr\u00e5,og brun.\u00a0Flere bilder av disse sjarmerende tr\u00e6rne \u00a0sees p\u00e5 Instagram @aasearild\u00a0Ta gjerne kontakt om du \u00f8nsker at jeg designer ditt eget personlige tre i dine favorittfarger.\u00a0Takk for bes\u00f8ket!\u00a0","og_url":"https:\/\/norwegianmade.no\/en\/produkt\/rodt-minitre-i-ull-23-cm\/","og_site_name":"Norwegian Made","article_modified_time":"2022-10-28T18:55:54+00:00","og_image":[{"width":1536,"height":1893,"url":"https:\/\/norwegianmade.no\/wp-content\/uploads\/2022\/10\/8AB04611-7BC6-4120-9404-0E8FE78FFF7A.jpeg","type":"image\/jpeg"}],"twitter_card":"summary_large_image","schema":{"@context":"https:\/\/schema.org","@graph":[{"@type":"WebPage","@id":"https:\/\/norwegianmade.no\/en\/produkt\/rodt-minitre-i-ull-23-cm\/","url":"https:\/\/norwegianmade.no\/en\/produkt\/rodt-minitre-i-ull-23-cm\/","name":"R\u00f8dt minitre i ull (23 cm) &#8226; Norwegian Made","isPartOf":{"@id":"https:\/\/norwegianmade.no\/#website"},"primaryImageOfPage":{"@id":"https:\/\/norwegianmade.no\/en\/produkt\/rodt-minitre-i-ull-23-cm\/#primaryimage"},"image":{"@id":"https:\/\/norwegianmade.no\/en\/produkt\/rodt-minitre-i-ull-23-cm\/#primaryimage"},"thumbnailUrl":"https:\/\/norwegianmade.no\/wp-content\/uploads\/2022\/10\/8AB04611-7BC6-4120-9404-0E8FE78FFF7A.jpeg","datePublished":"2022-10-28T08:47:00+00:00","dateModified":"2022-10-28T18:55:54+00:00","breadcrumb":{"@id":"https:\/\/norwegianmade.no\/en\/produkt\/rodt-minitre-i-ull-23-cm\/#breadcrumb"},"inLanguage":"en-US","potentialAction":[{"@type":"ReadAction","target":["https:\/\/norwegianmade.no\/en\/produkt\/rodt-minitre-i-ull-23-cm\/"]}]},{"@type":"ImageObject","inLanguage":"en-US","@id":"https:\/\/norwegianmade.no\/en\/produkt\/rodt-minitre-i-ull-23-cm\/#primaryimage","url":"https:\/\/norwegianmade.no\/wp-content\/uploads\/2022\/10\/8AB04611-7BC6-4120-9404-0E8FE78FFF7A.jpeg","contentUrl":"https:\/\/norwegianmade.no\/wp-content\/uploads\/2022\/10\/8AB04611-7BC6-4120-9404-0E8FE78FFF7A.jpeg","width":1536,"height":1893},{"@type":"BreadcrumbList","@id":"https:\/\/norwegianmade.no\/en\/produkt\/rodt-minitre-i-ull-23-cm\/#breadcrumb","itemListElement":[{"@type":"ListItem","position":1,"name":"Hjem","item":"https:\/\/norwegianmade.no\/en\/"},{"@type":"ListItem","position":2,"name":"Shop","item":"https:\/\/norwegianmade.no\/en\/shop\/"},{"@type":"ListItem","position":3,"name":"R\u00f8dt minitre i ull (23 cm)"}]},{"@type":"WebSite","@id":"https:\/\/norwegianmade.no\/#website","url":"https:\/\/norwegianmade.no\/","name":"Norwegian Made","description":"Norges st\u00f8rste markedsplass for norske produsenter","publisher":{"@id":"https:\/\/norwegianmade.no\/#organization"},"potentialAction":[{"@type":"SearchAction","target":{"@type":"EntryPoint","urlTemplate":"https:\/\/norwegianmade.no\/?s={search_term_string}"},"query-input":{"@type":"PropertyValueSpecification","valueRequired":true,"valueName":"search_term_string"}}],"inLanguage":"en-US"},{"@type":"Organization","@id":"https:\/\/norwegianmade.no\/#organization","name":"Norwegian Made","url":"https:\/\/norwegianmade.no\/","logo":{"@type":"ImageObject","inLanguage":"en-US","@id":"https:\/\/norwegianmade.no\/#\/schema\/logo\/image\/","url":"https:\/\/norwegianmade.no\/wp-content\/uploads\/2020\/11\/logo-liggende-norwegian-made-web.png","contentUrl":"https:\/\/norwegianmade.no\/wp-content\/uploads\/2020\/11\/logo-liggende-norwegian-made-web.png","width":200,"height":58,"caption":"Norwegian Made"},"image":{"@id":"https:\/\/norwegianmade.no\/#\/schema\/logo\/image\/"}}]}},"_links":{"self":[{"href":"https:\/\/norwegianmade.no\/en\/wp-json\/wp\/v2\/product\/16842","targetHints":{"allow":["GET"]}}],"collection":[{"href":"https:\/\/norwegianmade.no\/en\/wp-json\/wp\/v2\/product"}],"about":[{"href":"https:\/\/norwegianmade.no\/en\/wp-json\/wp\/v2\/types\/product"}],"replies":[{"embeddable":true,"href":"https:\/\/norwegianmade.no\/en\/wp-json\/wp\/v2\/comments?post=16842"}],"wp:featuredmedia":[{"embeddable":true,"href":"https:\/\/norwegianmade.no\/en\/wp-json\/wp\/v2\/media\/16840"}],"wp:attachment":[{"href":"https:\/\/norwegianmade.no\/en\/wp-json\/wp\/v2\/media?parent=16842"}],"wp:term":[{"taxonomy":"product_brand","embeddable":true,"href":"https:\/\/norwegianmade.no\/en\/wp-json\/wp\/v2\/product_brand?post=16842"},{"taxonomy":"product_cat","embeddable":true,"href":"https:\/\/norwegianmade.no\/en\/wp-json\/wp\/v2\/product_cat?post=16842"},{"taxonomy":"product_tag","embeddable":true,"href":"https:\/\/norwegianmade.no\/en\/wp-json\/wp\/v2\/product_tag?post=16842"}],"curies":[{"name":"wp","href":"https:\/\/api.w.org\/{rel}","templated":true}]}}