{"id":16847,"date":"2022-10-28T11:50:01","date_gmt":"2022-10-28T09:50:01","guid":{"rendered":"https:\/\/norwegianmade.no\/markedsplass\/mellomstort-tre-i-en-skjonn-julerod-ull-28-cm\/"},"modified":"2022-11-04T10:26:26","modified_gmt":"2022-11-04T09:26:26","slug":"mellomstort-tre-i-en-skjonn-julerod-ull-28-cm","status":"publish","type":"product","link":"https:\/\/norwegianmade.no\/en\/produkt\/mellomstort-tre-i-en-skjonn-julerod-ull-28-cm\/","title":{"rendered":"Mellomstort tre i juler\u00f8d ull 28 cm)"},"content":{"rendered":"<p><\/p>\n","protected":false},"excerpt":{"rendered":"<p data-mce-style=\"margin-top: 0px; margin-bottom: 1rem; font-family: Lato, sans-serif;\" style=\"margin-top: 0px;margin-bottom: 1rem;font-family: Lato, sans-serif\">Det mellomstore treet i min sjarmerende kolleksjonen ulltr\u00e6r p\u00e5 kvist er 28 cm fra bunn til topp. Med kvisten i treet blir det et par cm h\u00f8yere.<\/p>\n<p data-mce-style=\"margin-top: 0px; margin-bottom: 1rem; font-family: Lato, sans-serif;\" style=\"margin-top: 0px;margin-bottom: 1rem;font-family: Lato, sans-serif\">Dette treet er sydd i en nydelig juler\u00f8d farge, og jeg har valgt \u00e5 dekorere treet med de\u00a0tradisjonelle julefargene gr\u00f8nn, okergul og hvit.\u00a0Jeg bruker teknikken n\u00e5lefilting n\u00e5r jeg fester de sm\u00e5 prikkene av ull i treet.\u00a0<\/p>\n<p data-mce-style=\"margin-top: 0px; margin-bottom: 1rem; font-family: Lato, sans-serif;\" style=\"margin-top: 0px;margin-bottom: 1rem;font-family: Lato, sans-serif\">Treet er fylt med allgerivennlig fyllvatt, og har et herlig lubbent utsende. En kvist er satt inn i treet og er inkludert i prisen.<\/p>\n<p data-mce-style=\"margin-top: 0px; margin-bottom: 1rem; font-family: Lato, sans-serif;\" style=\"margin-top: 0px;margin-bottom: 1rem;font-family: Lato, sans-serif\">Dette treet er alts\u00e5 det mellomstore i kolleksjonen ulltr\u00e6r som jeg designet da jeg bodde p\u00e5 Svalbard. Kolleksjonen best\u00e5r ogs\u00e5 av s\u00f8te minitr\u00e6r p\u00e5 23 cm, mens de st\u00f8rste tr\u00e6rne er 38 cm.<\/p>\n<p data-mce-style=\"margin-top: 0px; margin-bottom: 1rem; font-family: Lato, sans-serif;\" style=\"margin-top: 0px;margin-bottom: 1rem;font-family: Lato, sans-serif\">Tr\u00e6rne lages i mange andre farger som; gr\u00f8nn, okergul, hvit, brun, lysgr\u00e5, okergr\u00e5 og bl\u00e5.<\/p>\n<p data-mce-style=\"margin-top: 0px; margin-bottom: 1rem; font-family: Lato, sans-serif;\" style=\"margin-top: 0px;margin-bottom: 1rem;font-family: Lato, sans-serif\">Ta gjerne kontakt om du \u00f8nsker at jeg designer ditt eget personlige tre i dine favorittfarger.\u00a0<\/p>\n<p data-mce-style=\"margin-top: 0px; margin-bottom: 1rem; font-family: Lato, sans-serif;\" style=\"margin-top: 0px;margin-bottom: 1rem;font-family: Lato, sans-serif\">P\u00e5 min Instagram @aasearild\u00a0ser du flere bilder av mine egendesignede produkter i ull.\u00a0<\/p>\n<p data-mce-style=\"margin-top: 0px; margin-bottom: 1rem; font-family: Lato, sans-serif;\" style=\"margin-top: 0px;margin-bottom: 1rem;font-family: Lato, sans-serif\">Takk for bes\u00f8ket!\u00a0<\/p>\n","protected":false},"featured_media":16845,"comment_status":"open","ping_status":"closed","template":"","meta":{"_acf_changed":false},"product_brand":[],"product_cat":[78,59,80,324,60,86],"product_tag":[],"class_list":{"0":"post-16847","1":"product","2":"type-product","3":"status-publish","4":"has-post-thumbnail","6":"product_vendor-ull-i-nord","7":"product_cat-gaver","8":"product_cat-interior-kunst","9":"product_cat-interiorartikler","10":"product_cat-jul","11":"product_cat-tekstil","12":"product_cat-tekstilprodukter","13":"product_shipping_class-lett","15":"first","16":"instock","17":"featured","18":"taxable","19":"shipping-taxable","20":"product-type-simple"},"acf":[],"yoast_head":"<!-- This site is optimized with the Yoast SEO plugin v27.1.1 - https:\/\/yoast.com\/product\/yoast-seo-wordpress\/ -->\n<title>Mellomstort tre i juler\u00f8d ull 28 cm) &#8226; Norwegian Made<\/title>\n<meta name=\"robots\" content=\"index, follow, max-snippet:-1, max-image-preview:large, max-video-preview:-1\" \/>\n<link rel=\"canonical\" href=\"https:\/\/norwegianmade.no\/en\/produkt\/mellomstort-tre-i-en-skjonn-julerod-ull-28-cm\/\" \/>\n<meta property=\"og:locale\" content=\"en_US\" \/>\n<meta property=\"og:type\" content=\"article\" \/>\n<meta property=\"og:title\" content=\"Mellomstort tre i juler\u00f8d ull 28 cm) &#8226; Norwegian Made\" \/>\n<meta property=\"og:description\" content=\"Det mellomstore treet i min sjarmerende kolleksjonen ulltr\u00e6r p\u00e5 kvist er 28 cm fra bunn til topp. Med kvisten i treet blir det et par cm h\u00f8yere.Dette treet er sydd i en nydelig juler\u00f8d farge, og jeg har valgt \u00e5 dekorere treet med de\u00a0tradisjonelle julefargene gr\u00f8nn, okergul og hvit.\u00a0Jeg bruker teknikken n\u00e5lefilting n\u00e5r jeg fester de sm\u00e5 prikkene av ull i treet.\u00a0Treet er fylt med allgerivennlig fyllvatt, og har et herlig lubbent utsende. En kvist er satt inn i treet og er inkludert i prisen.Dette treet er alts\u00e5 det mellomstore i kolleksjonen ulltr\u00e6r som jeg designet da jeg bodde p\u00e5 Svalbard. Kolleksjonen best\u00e5r ogs\u00e5 av s\u00f8te minitr\u00e6r p\u00e5 23 cm, mens de st\u00f8rste tr\u00e6rne er 38 cm.Tr\u00e6rne lages i mange andre farger som; gr\u00f8nn, okergul, hvit, brun, lysgr\u00e5, okergr\u00e5 og bl\u00e5.Ta gjerne kontakt om du \u00f8nsker at jeg designer ditt eget personlige tre i dine favorittfarger.\u00a0P\u00e5 min Instagram @aasearild\u00a0ser du flere bilder av mine egendesignede produkter i ull.\u00a0Takk for bes\u00f8ket!\u00a0\" \/>\n<meta property=\"og:url\" content=\"https:\/\/norwegianmade.no\/en\/produkt\/mellomstort-tre-i-en-skjonn-julerod-ull-28-cm\/\" \/>\n<meta property=\"og:site_name\" content=\"Norwegian Made\" \/>\n<meta property=\"article:modified_time\" content=\"2022-11-04T09:26:26+00:00\" \/>\n<meta property=\"og:image\" content=\"https:\/\/norwegianmade.no\/wp-content\/uploads\/2022\/10\/A2D58134-49F0-4FD4-95DB-9D94749FAF90.jpeg\" \/>\n\t<meta property=\"og:image:width\" content=\"1101\" \/>\n\t<meta property=\"og:image:height\" content=\"1093\" \/>\n\t<meta property=\"og:image:type\" content=\"image\/jpeg\" \/>\n<meta name=\"twitter:card\" content=\"summary_large_image\" \/>\n<script type=\"application\/ld+json\" class=\"yoast-schema-graph\">{\"@context\":\"https:\/\/schema.org\",\"@graph\":[{\"@type\":\"WebPage\",\"@id\":\"https:\/\/norwegianmade.no\/en\/produkt\/mellomstort-tre-i-en-skjonn-julerod-ull-28-cm\/\",\"url\":\"https:\/\/norwegianmade.no\/en\/produkt\/mellomstort-tre-i-en-skjonn-julerod-ull-28-cm\/\",\"name\":\"Mellomstort tre i juler\u00f8d ull 28 cm) &#8226; Norwegian Made\",\"isPartOf\":{\"@id\":\"https:\/\/norwegianmade.no\/#website\"},\"primaryImageOfPage\":{\"@id\":\"https:\/\/norwegianmade.no\/en\/produkt\/mellomstort-tre-i-en-skjonn-julerod-ull-28-cm\/#primaryimage\"},\"image\":{\"@id\":\"https:\/\/norwegianmade.no\/en\/produkt\/mellomstort-tre-i-en-skjonn-julerod-ull-28-cm\/#primaryimage\"},\"thumbnailUrl\":\"https:\/\/norwegianmade.no\/wp-content\/uploads\/2022\/10\/A2D58134-49F0-4FD4-95DB-9D94749FAF90.jpeg\",\"datePublished\":\"2022-10-28T09:50:01+00:00\",\"dateModified\":\"2022-11-04T09:26:26+00:00\",\"breadcrumb\":{\"@id\":\"https:\/\/norwegianmade.no\/en\/produkt\/mellomstort-tre-i-en-skjonn-julerod-ull-28-cm\/#breadcrumb\"},\"inLanguage\":\"en-US\",\"potentialAction\":[{\"@type\":\"ReadAction\",\"target\":[\"https:\/\/norwegianmade.no\/en\/produkt\/mellomstort-tre-i-en-skjonn-julerod-ull-28-cm\/\"]}]},{\"@type\":\"ImageObject\",\"inLanguage\":\"en-US\",\"@id\":\"https:\/\/norwegianmade.no\/en\/produkt\/mellomstort-tre-i-en-skjonn-julerod-ull-28-cm\/#primaryimage\",\"url\":\"https:\/\/norwegianmade.no\/wp-content\/uploads\/2022\/10\/A2D58134-49F0-4FD4-95DB-9D94749FAF90.jpeg\",\"contentUrl\":\"https:\/\/norwegianmade.no\/wp-content\/uploads\/2022\/10\/A2D58134-49F0-4FD4-95DB-9D94749FAF90.jpeg\",\"width\":1101,\"height\":1093},{\"@type\":\"BreadcrumbList\",\"@id\":\"https:\/\/norwegianmade.no\/en\/produkt\/mellomstort-tre-i-en-skjonn-julerod-ull-28-cm\/#breadcrumb\",\"itemListElement\":[{\"@type\":\"ListItem\",\"position\":1,\"name\":\"Hjem\",\"item\":\"https:\/\/norwegianmade.no\/en\/\"},{\"@type\":\"ListItem\",\"position\":2,\"name\":\"Shop\",\"item\":\"https:\/\/norwegianmade.no\/en\/shop\/\"},{\"@type\":\"ListItem\",\"position\":3,\"name\":\"Mellomstort tre i juler\u00f8d ull 28 cm)\"}]},{\"@type\":\"WebSite\",\"@id\":\"https:\/\/norwegianmade.no\/#website\",\"url\":\"https:\/\/norwegianmade.no\/\",\"name\":\"Norwegian Made\",\"description\":\"Norges st\u00f8rste markedsplass for norske produsenter\",\"publisher\":{\"@id\":\"https:\/\/norwegianmade.no\/#organization\"},\"potentialAction\":[{\"@type\":\"SearchAction\",\"target\":{\"@type\":\"EntryPoint\",\"urlTemplate\":\"https:\/\/norwegianmade.no\/?s={search_term_string}\"},\"query-input\":{\"@type\":\"PropertyValueSpecification\",\"valueRequired\":true,\"valueName\":\"search_term_string\"}}],\"inLanguage\":\"en-US\"},{\"@type\":\"Organization\",\"@id\":\"https:\/\/norwegianmade.no\/#organization\",\"name\":\"Norwegian Made\",\"url\":\"https:\/\/norwegianmade.no\/\",\"logo\":{\"@type\":\"ImageObject\",\"inLanguage\":\"en-US\",\"@id\":\"https:\/\/norwegianmade.no\/#\/schema\/logo\/image\/\",\"url\":\"https:\/\/norwegianmade.no\/wp-content\/uploads\/2020\/11\/logo-liggende-norwegian-made-web.png\",\"contentUrl\":\"https:\/\/norwegianmade.no\/wp-content\/uploads\/2020\/11\/logo-liggende-norwegian-made-web.png\",\"width\":200,\"height\":58,\"caption\":\"Norwegian Made\"},\"image\":{\"@id\":\"https:\/\/norwegianmade.no\/#\/schema\/logo\/image\/\"}}]}<\/script>\n<!-- \/ Yoast SEO plugin. -->","yoast_head_json":{"title":"Mellomstort tre i juler\u00f8d ull 28 cm) &#8226; Norwegian Made","robots":{"index":"index","follow":"follow","max-snippet":"max-snippet:-1","max-image-preview":"max-image-preview:large","max-video-preview":"max-video-preview:-1"},"canonical":"https:\/\/norwegianmade.no\/en\/produkt\/mellomstort-tre-i-en-skjonn-julerod-ull-28-cm\/","og_locale":"en_US","og_type":"article","og_title":"Mellomstort tre i juler\u00f8d ull 28 cm) &#8226; Norwegian Made","og_description":"Det mellomstore treet i min sjarmerende kolleksjonen ulltr\u00e6r p\u00e5 kvist er 28 cm fra bunn til topp. Med kvisten i treet blir det et par cm h\u00f8yere.Dette treet er sydd i en nydelig juler\u00f8d farge, og jeg har valgt \u00e5 dekorere treet med de\u00a0tradisjonelle julefargene gr\u00f8nn, okergul og hvit.\u00a0Jeg bruker teknikken n\u00e5lefilting n\u00e5r jeg fester de sm\u00e5 prikkene av ull i treet.\u00a0Treet er fylt med allgerivennlig fyllvatt, og har et herlig lubbent utsende. En kvist er satt inn i treet og er inkludert i prisen.Dette treet er alts\u00e5 det mellomstore i kolleksjonen ulltr\u00e6r som jeg designet da jeg bodde p\u00e5 Svalbard. Kolleksjonen best\u00e5r ogs\u00e5 av s\u00f8te minitr\u00e6r p\u00e5 23 cm, mens de st\u00f8rste tr\u00e6rne er 38 cm.Tr\u00e6rne lages i mange andre farger som; gr\u00f8nn, okergul, hvit, brun, lysgr\u00e5, okergr\u00e5 og bl\u00e5.Ta gjerne kontakt om du \u00f8nsker at jeg designer ditt eget personlige tre i dine favorittfarger.\u00a0P\u00e5 min Instagram @aasearild\u00a0ser du flere bilder av mine egendesignede produkter i ull.\u00a0Takk for bes\u00f8ket!\u00a0","og_url":"https:\/\/norwegianmade.no\/en\/produkt\/mellomstort-tre-i-en-skjonn-julerod-ull-28-cm\/","og_site_name":"Norwegian Made","article_modified_time":"2022-11-04T09:26:26+00:00","og_image":[{"width":1101,"height":1093,"url":"https:\/\/norwegianmade.no\/wp-content\/uploads\/2022\/10\/A2D58134-49F0-4FD4-95DB-9D94749FAF90.jpeg","type":"image\/jpeg"}],"twitter_card":"summary_large_image","schema":{"@context":"https:\/\/schema.org","@graph":[{"@type":"WebPage","@id":"https:\/\/norwegianmade.no\/en\/produkt\/mellomstort-tre-i-en-skjonn-julerod-ull-28-cm\/","url":"https:\/\/norwegianmade.no\/en\/produkt\/mellomstort-tre-i-en-skjonn-julerod-ull-28-cm\/","name":"Mellomstort tre i juler\u00f8d ull 28 cm) &#8226; Norwegian Made","isPartOf":{"@id":"https:\/\/norwegianmade.no\/#website"},"primaryImageOfPage":{"@id":"https:\/\/norwegianmade.no\/en\/produkt\/mellomstort-tre-i-en-skjonn-julerod-ull-28-cm\/#primaryimage"},"image":{"@id":"https:\/\/norwegianmade.no\/en\/produkt\/mellomstort-tre-i-en-skjonn-julerod-ull-28-cm\/#primaryimage"},"thumbnailUrl":"https:\/\/norwegianmade.no\/wp-content\/uploads\/2022\/10\/A2D58134-49F0-4FD4-95DB-9D94749FAF90.jpeg","datePublished":"2022-10-28T09:50:01+00:00","dateModified":"2022-11-04T09:26:26+00:00","breadcrumb":{"@id":"https:\/\/norwegianmade.no\/en\/produkt\/mellomstort-tre-i-en-skjonn-julerod-ull-28-cm\/#breadcrumb"},"inLanguage":"en-US","potentialAction":[{"@type":"ReadAction","target":["https:\/\/norwegianmade.no\/en\/produkt\/mellomstort-tre-i-en-skjonn-julerod-ull-28-cm\/"]}]},{"@type":"ImageObject","inLanguage":"en-US","@id":"https:\/\/norwegianmade.no\/en\/produkt\/mellomstort-tre-i-en-skjonn-julerod-ull-28-cm\/#primaryimage","url":"https:\/\/norwegianmade.no\/wp-content\/uploads\/2022\/10\/A2D58134-49F0-4FD4-95DB-9D94749FAF90.jpeg","contentUrl":"https:\/\/norwegianmade.no\/wp-content\/uploads\/2022\/10\/A2D58134-49F0-4FD4-95DB-9D94749FAF90.jpeg","width":1101,"height":1093},{"@type":"BreadcrumbList","@id":"https:\/\/norwegianmade.no\/en\/produkt\/mellomstort-tre-i-en-skjonn-julerod-ull-28-cm\/#breadcrumb","itemListElement":[{"@type":"ListItem","position":1,"name":"Hjem","item":"https:\/\/norwegianmade.no\/en\/"},{"@type":"ListItem","position":2,"name":"Shop","item":"https:\/\/norwegianmade.no\/en\/shop\/"},{"@type":"ListItem","position":3,"name":"Mellomstort tre i juler\u00f8d ull 28 cm)"}]},{"@type":"WebSite","@id":"https:\/\/norwegianmade.no\/#website","url":"https:\/\/norwegianmade.no\/","name":"Norwegian Made","description":"Norges st\u00f8rste markedsplass for norske produsenter","publisher":{"@id":"https:\/\/norwegianmade.no\/#organization"},"potentialAction":[{"@type":"SearchAction","target":{"@type":"EntryPoint","urlTemplate":"https:\/\/norwegianmade.no\/?s={search_term_string}"},"query-input":{"@type":"PropertyValueSpecification","valueRequired":true,"valueName":"search_term_string"}}],"inLanguage":"en-US"},{"@type":"Organization","@id":"https:\/\/norwegianmade.no\/#organization","name":"Norwegian Made","url":"https:\/\/norwegianmade.no\/","logo":{"@type":"ImageObject","inLanguage":"en-US","@id":"https:\/\/norwegianmade.no\/#\/schema\/logo\/image\/","url":"https:\/\/norwegianmade.no\/wp-content\/uploads\/2020\/11\/logo-liggende-norwegian-made-web.png","contentUrl":"https:\/\/norwegianmade.no\/wp-content\/uploads\/2020\/11\/logo-liggende-norwegian-made-web.png","width":200,"height":58,"caption":"Norwegian Made"},"image":{"@id":"https:\/\/norwegianmade.no\/#\/schema\/logo\/image\/"}}]}},"_links":{"self":[{"href":"https:\/\/norwegianmade.no\/en\/wp-json\/wp\/v2\/product\/16847","targetHints":{"allow":["GET"]}}],"collection":[{"href":"https:\/\/norwegianmade.no\/en\/wp-json\/wp\/v2\/product"}],"about":[{"href":"https:\/\/norwegianmade.no\/en\/wp-json\/wp\/v2\/types\/product"}],"replies":[{"embeddable":true,"href":"https:\/\/norwegianmade.no\/en\/wp-json\/wp\/v2\/comments?post=16847"}],"wp:featuredmedia":[{"embeddable":true,"href":"https:\/\/norwegianmade.no\/en\/wp-json\/wp\/v2\/media\/16845"}],"wp:attachment":[{"href":"https:\/\/norwegianmade.no\/en\/wp-json\/wp\/v2\/media?parent=16847"}],"wp:term":[{"taxonomy":"product_brand","embeddable":true,"href":"https:\/\/norwegianmade.no\/en\/wp-json\/wp\/v2\/product_brand?post=16847"},{"taxonomy":"product_cat","embeddable":true,"href":"https:\/\/norwegianmade.no\/en\/wp-json\/wp\/v2\/product_cat?post=16847"},{"taxonomy":"product_tag","embeddable":true,"href":"https:\/\/norwegianmade.no\/en\/wp-json\/wp\/v2\/product_tag?post=16847"}],"curies":[{"name":"wp","href":"https:\/\/api.w.org\/{rel}","templated":true}]}}