{"id":16850,"date":"2022-10-28T12:24:46","date_gmt":"2022-10-28T10:24:46","guid":{"rendered":"https:\/\/norwegianmade.no\/markedsplass\/julerode-traer-i-ull-32-cm\/"},"modified":"2025-01-10T08:53:10","modified_gmt":"2025-01-10T07:53:10","slug":"julerode-traer-i-ull-32-cm","status":"publish","type":"product","link":"https:\/\/norwegianmade.no\/en\/produkt\/julerode-traer-i-ull-32-cm\/","title":{"rendered":"Juler\u00f8dt ulltre (38 cm)"},"content":{"rendered":"<p><\/p>\n","protected":false},"excerpt":{"rendered":"<p>Hils p\u00e5 dette sjarmerende treet, sydd av ull i en skj\u00f8nn juler\u00f8d farge.\u00a0<\/p>\n<p>Med sine 38 cm er dette det st\u00f8rste treet i kolleksjonen ulltr\u00e6r som jeg designet da jeg var bosatt p\u00e5 Svalbard.<\/p>\n<p>Treet er fylt med allergivennlig vatt og har et herlig loddent utseende. <br \/>Som dekor bruker jeg teknikken n\u00e5lefilting n\u00e5r jeg fester prikkene av ull i treet. Her har jeg brukt gr\u00f8nn, hvit og okergul farger p\u00e5 prikkene.<\/p>\n<p>\u00d8nsker du andre farger p\u00e5 dekoren, eller kun ensfargede tr\u00e6r er du velkommen til \u00e5 ta kontakt.<\/p>\n<p>En morsom variant er \u00e5 sette treet p\u00e5 en sopelim, pynte inngangspartiet med kranser, lyslykter, julenek osv i den koselige f\u00f8rjulstiden.\u00a0<br \/>Jeg er ogs\u00e5 glad i \u00e5 pynte med tr\u00e6rne i vinduskarmen, p\u00e5 peishyllen, i trappeoppgangen eller som bordpynt.\u00a0<\/p>\n<p>Kolleksjonen best\u00e5r av ulltr\u00e6r i 3 st\u00f8rrelser. I tillegg til dette p\u00e5 38 cm har jeg designet s\u00f8te minitr\u00e6r p\u00e5 22 cm, samt mellomstore tr\u00e6r p\u00e5 28 cm. \u00a0<\/p>\n<p>En kvist er satt inn i treet, og treet har derfor et lite hull i bunnen slik at det lett kan settes p\u00e5 en sopelim n\u00e5r kvisten tas ut av treet.\u00a0<br \/>Kvisten er inkludert i prisen p\u00e5 alle tr\u00e6rne.<\/p>\n<p>Et tips til dekor\u00a0er \u00e5 sette treet med kvisten i en krukke fylt opp godt med stein slik at treet st\u00e5r st\u00f8dig i krukken. Pynt gjerne med mose eller kongler \u00f8verst i krukken og rundt kvisten, s\u00e5 f\u00e5r du en sjarmerende juledekorasjon i heimen eller en koselig julegave.<\/p>\n<p>I tillegg til disse r\u00f8de tr\u00e6rne kan du velge tr\u00e6r i fargene; hvite, gr\u00f8nn, okergul, brun, lysgr\u00e5, koksgr\u00e5 og bl\u00e5.<\/p>\n<p>Ta gjerne en titt p\u00e5 Instagram @aasearild for flere bilder av mine egendesignede produkter i ull.<\/p>\n<p>Takk for bes\u00f8ket!\u00a0<\/p>\n","protected":false},"featured_media":16288,"comment_status":"open","ping_status":"closed","template":"","meta":{"_acf_changed":false},"product_brand":[],"product_cat":[78,82,59,80,324,81,86],"product_tag":[],"class_list":{"0":"post-16850","1":"product","2":"type-product","3":"status-publish","4":"has-post-thumbnail","6":"product_vendor-ull-i-nord","7":"product_cat-gaver","8":"product_cat-handverk","9":"product_cat-interior-kunst","10":"product_cat-interiorartikler","11":"product_cat-jul","12":"product_cat-kunsthandverk","13":"product_cat-tekstilprodukter","14":"product_shipping_class-lett","16":"first","17":"instock","18":"taxable","19":"shipping-taxable","20":"product-type-simple"},"acf":[],"yoast_head":"<!-- This site is optimized with the Yoast SEO plugin v27.1.1 - https:\/\/yoast.com\/product\/yoast-seo-wordpress\/ -->\n<title>Juler\u00f8dt ulltre (38 cm) &#8226; Norwegian Made<\/title>\n<meta name=\"robots\" content=\"index, follow, max-snippet:-1, max-image-preview:large, max-video-preview:-1\" \/>\n<link rel=\"canonical\" href=\"https:\/\/norwegianmade.no\/en\/produkt\/julerode-traer-i-ull-32-cm\/\" \/>\n<meta property=\"og:locale\" content=\"en_US\" \/>\n<meta property=\"og:type\" content=\"article\" \/>\n<meta property=\"og:title\" content=\"Juler\u00f8dt ulltre (38 cm) &#8226; Norwegian Made\" \/>\n<meta property=\"og:description\" content=\"Hils p\u00e5 dette sjarmerende treet, sydd av ull i en skj\u00f8nn juler\u00f8d farge.\u00a0Med sine 38 cm er dette det st\u00f8rste treet i kolleksjonen ulltr\u00e6r som jeg designet da jeg var bosatt p\u00e5 Svalbard.Treet er fylt med allergivennlig vatt og har et herlig loddent utseende. Som dekor bruker jeg teknikken n\u00e5lefilting n\u00e5r jeg fester prikkene av ull i treet. Her har jeg brukt gr\u00f8nn, hvit og okergul farger p\u00e5 prikkene.\u00d8nsker du andre farger p\u00e5 dekoren, eller kun ensfargede tr\u00e6r er du velkommen til \u00e5 ta kontakt.En morsom variant er \u00e5 sette treet p\u00e5 en sopelim, pynte inngangspartiet med kranser, lyslykter, julenek osv i den koselige f\u00f8rjulstiden.\u00a0Jeg er ogs\u00e5 glad i \u00e5 pynte med tr\u00e6rne i vinduskarmen, p\u00e5 peishyllen, i trappeoppgangen eller som bordpynt.\u00a0Kolleksjonen best\u00e5r av ulltr\u00e6r i 3 st\u00f8rrelser. I tillegg til dette p\u00e5 38 cm har jeg designet s\u00f8te minitr\u00e6r p\u00e5 22 cm, samt mellomstore tr\u00e6r p\u00e5 28 cm. \u00a0En kvist er satt inn i treet, og treet har derfor et lite hull i bunnen slik at det lett kan settes p\u00e5 en sopelim n\u00e5r kvisten tas ut av treet.\u00a0Kvisten er inkludert i prisen p\u00e5 alle tr\u00e6rne.Et tips til dekor\u00a0er \u00e5 sette treet med kvisten i en krukke fylt opp godt med stein slik at treet st\u00e5r st\u00f8dig i krukken. Pynt gjerne med mose eller kongler \u00f8verst i krukken og rundt kvisten, s\u00e5 f\u00e5r du en sjarmerende juledekorasjon i heimen eller en koselig julegave.I tillegg til disse r\u00f8de tr\u00e6rne kan du velge tr\u00e6r i fargene; hvite, gr\u00f8nn, okergul, brun, lysgr\u00e5, koksgr\u00e5 og bl\u00e5.Ta gjerne en titt p\u00e5 Instagram @aasearild for flere bilder av mine egendesignede produkter i ull.Takk for bes\u00f8ket!\u00a0\" \/>\n<meta property=\"og:url\" content=\"https:\/\/norwegianmade.no\/en\/produkt\/julerode-traer-i-ull-32-cm\/\" \/>\n<meta property=\"og:site_name\" content=\"Norwegian Made\" \/>\n<meta property=\"article:modified_time\" content=\"2025-01-10T07:53:10+00:00\" \/>\n<meta property=\"og:image\" content=\"https:\/\/norwegianmade.no\/wp-content\/uploads\/2022\/08\/162047F3-CFE2-4B74-909C-FEE1EFA40378.jpeg\" \/>\n\t<meta property=\"og:image:width\" content=\"1440\" \/>\n\t<meta property=\"og:image:height\" content=\"1800\" \/>\n\t<meta property=\"og:image:type\" content=\"image\/jpeg\" \/>\n<meta name=\"twitter:card\" content=\"summary_large_image\" \/>\n<script type=\"application\/ld+json\" class=\"yoast-schema-graph\">{\"@context\":\"https:\/\/schema.org\",\"@graph\":[{\"@type\":\"WebPage\",\"@id\":\"https:\/\/norwegianmade.no\/en\/produkt\/julerode-traer-i-ull-32-cm\/\",\"url\":\"https:\/\/norwegianmade.no\/en\/produkt\/julerode-traer-i-ull-32-cm\/\",\"name\":\"Juler\u00f8dt ulltre (38 cm) &#8226; Norwegian Made\",\"isPartOf\":{\"@id\":\"https:\/\/norwegianmade.no\/#website\"},\"primaryImageOfPage\":{\"@id\":\"https:\/\/norwegianmade.no\/en\/produkt\/julerode-traer-i-ull-32-cm\/#primaryimage\"},\"image\":{\"@id\":\"https:\/\/norwegianmade.no\/en\/produkt\/julerode-traer-i-ull-32-cm\/#primaryimage\"},\"thumbnailUrl\":\"https:\/\/norwegianmade.no\/wp-content\/uploads\/2022\/08\/162047F3-CFE2-4B74-909C-FEE1EFA40378.jpeg\",\"datePublished\":\"2022-10-28T10:24:46+00:00\",\"dateModified\":\"2025-01-10T07:53:10+00:00\",\"breadcrumb\":{\"@id\":\"https:\/\/norwegianmade.no\/en\/produkt\/julerode-traer-i-ull-32-cm\/#breadcrumb\"},\"inLanguage\":\"en-US\",\"potentialAction\":[{\"@type\":\"ReadAction\",\"target\":[\"https:\/\/norwegianmade.no\/en\/produkt\/julerode-traer-i-ull-32-cm\/\"]}]},{\"@type\":\"ImageObject\",\"inLanguage\":\"en-US\",\"@id\":\"https:\/\/norwegianmade.no\/en\/produkt\/julerode-traer-i-ull-32-cm\/#primaryimage\",\"url\":\"https:\/\/norwegianmade.no\/wp-content\/uploads\/2022\/08\/162047F3-CFE2-4B74-909C-FEE1EFA40378.jpeg\",\"contentUrl\":\"https:\/\/norwegianmade.no\/wp-content\/uploads\/2022\/08\/162047F3-CFE2-4B74-909C-FEE1EFA40378.jpeg\",\"width\":1440,\"height\":1800},{\"@type\":\"BreadcrumbList\",\"@id\":\"https:\/\/norwegianmade.no\/en\/produkt\/julerode-traer-i-ull-32-cm\/#breadcrumb\",\"itemListElement\":[{\"@type\":\"ListItem\",\"position\":1,\"name\":\"Hjem\",\"item\":\"https:\/\/norwegianmade.no\/en\/\"},{\"@type\":\"ListItem\",\"position\":2,\"name\":\"Shop\",\"item\":\"https:\/\/norwegianmade.no\/en\/shop\/\"},{\"@type\":\"ListItem\",\"position\":3,\"name\":\"Juler\u00f8dt ulltre (38 cm)\"}]},{\"@type\":\"WebSite\",\"@id\":\"https:\/\/norwegianmade.no\/#website\",\"url\":\"https:\/\/norwegianmade.no\/\",\"name\":\"Norwegian Made\",\"description\":\"Norges st\u00f8rste markedsplass for norske produsenter\",\"publisher\":{\"@id\":\"https:\/\/norwegianmade.no\/#organization\"},\"potentialAction\":[{\"@type\":\"SearchAction\",\"target\":{\"@type\":\"EntryPoint\",\"urlTemplate\":\"https:\/\/norwegianmade.no\/?s={search_term_string}\"},\"query-input\":{\"@type\":\"PropertyValueSpecification\",\"valueRequired\":true,\"valueName\":\"search_term_string\"}}],\"inLanguage\":\"en-US\"},{\"@type\":\"Organization\",\"@id\":\"https:\/\/norwegianmade.no\/#organization\",\"name\":\"Norwegian Made\",\"url\":\"https:\/\/norwegianmade.no\/\",\"logo\":{\"@type\":\"ImageObject\",\"inLanguage\":\"en-US\",\"@id\":\"https:\/\/norwegianmade.no\/#\/schema\/logo\/image\/\",\"url\":\"https:\/\/norwegianmade.no\/wp-content\/uploads\/2020\/11\/logo-liggende-norwegian-made-web.png\",\"contentUrl\":\"https:\/\/norwegianmade.no\/wp-content\/uploads\/2020\/11\/logo-liggende-norwegian-made-web.png\",\"width\":200,\"height\":58,\"caption\":\"Norwegian Made\"},\"image\":{\"@id\":\"https:\/\/norwegianmade.no\/#\/schema\/logo\/image\/\"}}]}<\/script>\n<!-- \/ Yoast SEO plugin. -->","yoast_head_json":{"title":"Juler\u00f8dt ulltre (38 cm) &#8226; Norwegian Made","robots":{"index":"index","follow":"follow","max-snippet":"max-snippet:-1","max-image-preview":"max-image-preview:large","max-video-preview":"max-video-preview:-1"},"canonical":"https:\/\/norwegianmade.no\/en\/produkt\/julerode-traer-i-ull-32-cm\/","og_locale":"en_US","og_type":"article","og_title":"Juler\u00f8dt ulltre (38 cm) &#8226; Norwegian Made","og_description":"Hils p\u00e5 dette sjarmerende treet, sydd av ull i en skj\u00f8nn juler\u00f8d farge.\u00a0Med sine 38 cm er dette det st\u00f8rste treet i kolleksjonen ulltr\u00e6r som jeg designet da jeg var bosatt p\u00e5 Svalbard.Treet er fylt med allergivennlig vatt og har et herlig loddent utseende. Som dekor bruker jeg teknikken n\u00e5lefilting n\u00e5r jeg fester prikkene av ull i treet. Her har jeg brukt gr\u00f8nn, hvit og okergul farger p\u00e5 prikkene.\u00d8nsker du andre farger p\u00e5 dekoren, eller kun ensfargede tr\u00e6r er du velkommen til \u00e5 ta kontakt.En morsom variant er \u00e5 sette treet p\u00e5 en sopelim, pynte inngangspartiet med kranser, lyslykter, julenek osv i den koselige f\u00f8rjulstiden.\u00a0Jeg er ogs\u00e5 glad i \u00e5 pynte med tr\u00e6rne i vinduskarmen, p\u00e5 peishyllen, i trappeoppgangen eller som bordpynt.\u00a0Kolleksjonen best\u00e5r av ulltr\u00e6r i 3 st\u00f8rrelser. I tillegg til dette p\u00e5 38 cm har jeg designet s\u00f8te minitr\u00e6r p\u00e5 22 cm, samt mellomstore tr\u00e6r p\u00e5 28 cm. \u00a0En kvist er satt inn i treet, og treet har derfor et lite hull i bunnen slik at det lett kan settes p\u00e5 en sopelim n\u00e5r kvisten tas ut av treet.\u00a0Kvisten er inkludert i prisen p\u00e5 alle tr\u00e6rne.Et tips til dekor\u00a0er \u00e5 sette treet med kvisten i en krukke fylt opp godt med stein slik at treet st\u00e5r st\u00f8dig i krukken. Pynt gjerne med mose eller kongler \u00f8verst i krukken og rundt kvisten, s\u00e5 f\u00e5r du en sjarmerende juledekorasjon i heimen eller en koselig julegave.I tillegg til disse r\u00f8de tr\u00e6rne kan du velge tr\u00e6r i fargene; hvite, gr\u00f8nn, okergul, brun, lysgr\u00e5, koksgr\u00e5 og bl\u00e5.Ta gjerne en titt p\u00e5 Instagram @aasearild for flere bilder av mine egendesignede produkter i ull.Takk for bes\u00f8ket!\u00a0","og_url":"https:\/\/norwegianmade.no\/en\/produkt\/julerode-traer-i-ull-32-cm\/","og_site_name":"Norwegian Made","article_modified_time":"2025-01-10T07:53:10+00:00","og_image":[{"width":1440,"height":1800,"url":"https:\/\/norwegianmade.no\/wp-content\/uploads\/2022\/08\/162047F3-CFE2-4B74-909C-FEE1EFA40378.jpeg","type":"image\/jpeg"}],"twitter_card":"summary_large_image","schema":{"@context":"https:\/\/schema.org","@graph":[{"@type":"WebPage","@id":"https:\/\/norwegianmade.no\/en\/produkt\/julerode-traer-i-ull-32-cm\/","url":"https:\/\/norwegianmade.no\/en\/produkt\/julerode-traer-i-ull-32-cm\/","name":"Juler\u00f8dt ulltre (38 cm) &#8226; Norwegian Made","isPartOf":{"@id":"https:\/\/norwegianmade.no\/#website"},"primaryImageOfPage":{"@id":"https:\/\/norwegianmade.no\/en\/produkt\/julerode-traer-i-ull-32-cm\/#primaryimage"},"image":{"@id":"https:\/\/norwegianmade.no\/en\/produkt\/julerode-traer-i-ull-32-cm\/#primaryimage"},"thumbnailUrl":"https:\/\/norwegianmade.no\/wp-content\/uploads\/2022\/08\/162047F3-CFE2-4B74-909C-FEE1EFA40378.jpeg","datePublished":"2022-10-28T10:24:46+00:00","dateModified":"2025-01-10T07:53:10+00:00","breadcrumb":{"@id":"https:\/\/norwegianmade.no\/en\/produkt\/julerode-traer-i-ull-32-cm\/#breadcrumb"},"inLanguage":"en-US","potentialAction":[{"@type":"ReadAction","target":["https:\/\/norwegianmade.no\/en\/produkt\/julerode-traer-i-ull-32-cm\/"]}]},{"@type":"ImageObject","inLanguage":"en-US","@id":"https:\/\/norwegianmade.no\/en\/produkt\/julerode-traer-i-ull-32-cm\/#primaryimage","url":"https:\/\/norwegianmade.no\/wp-content\/uploads\/2022\/08\/162047F3-CFE2-4B74-909C-FEE1EFA40378.jpeg","contentUrl":"https:\/\/norwegianmade.no\/wp-content\/uploads\/2022\/08\/162047F3-CFE2-4B74-909C-FEE1EFA40378.jpeg","width":1440,"height":1800},{"@type":"BreadcrumbList","@id":"https:\/\/norwegianmade.no\/en\/produkt\/julerode-traer-i-ull-32-cm\/#breadcrumb","itemListElement":[{"@type":"ListItem","position":1,"name":"Hjem","item":"https:\/\/norwegianmade.no\/en\/"},{"@type":"ListItem","position":2,"name":"Shop","item":"https:\/\/norwegianmade.no\/en\/shop\/"},{"@type":"ListItem","position":3,"name":"Juler\u00f8dt ulltre (38 cm)"}]},{"@type":"WebSite","@id":"https:\/\/norwegianmade.no\/#website","url":"https:\/\/norwegianmade.no\/","name":"Norwegian Made","description":"Norges st\u00f8rste markedsplass for norske produsenter","publisher":{"@id":"https:\/\/norwegianmade.no\/#organization"},"potentialAction":[{"@type":"SearchAction","target":{"@type":"EntryPoint","urlTemplate":"https:\/\/norwegianmade.no\/?s={search_term_string}"},"query-input":{"@type":"PropertyValueSpecification","valueRequired":true,"valueName":"search_term_string"}}],"inLanguage":"en-US"},{"@type":"Organization","@id":"https:\/\/norwegianmade.no\/#organization","name":"Norwegian Made","url":"https:\/\/norwegianmade.no\/","logo":{"@type":"ImageObject","inLanguage":"en-US","@id":"https:\/\/norwegianmade.no\/#\/schema\/logo\/image\/","url":"https:\/\/norwegianmade.no\/wp-content\/uploads\/2020\/11\/logo-liggende-norwegian-made-web.png","contentUrl":"https:\/\/norwegianmade.no\/wp-content\/uploads\/2020\/11\/logo-liggende-norwegian-made-web.png","width":200,"height":58,"caption":"Norwegian Made"},"image":{"@id":"https:\/\/norwegianmade.no\/#\/schema\/logo\/image\/"}}]}},"_links":{"self":[{"href":"https:\/\/norwegianmade.no\/en\/wp-json\/wp\/v2\/product\/16850","targetHints":{"allow":["GET"]}}],"collection":[{"href":"https:\/\/norwegianmade.no\/en\/wp-json\/wp\/v2\/product"}],"about":[{"href":"https:\/\/norwegianmade.no\/en\/wp-json\/wp\/v2\/types\/product"}],"replies":[{"embeddable":true,"href":"https:\/\/norwegianmade.no\/en\/wp-json\/wp\/v2\/comments?post=16850"}],"wp:featuredmedia":[{"embeddable":true,"href":"https:\/\/norwegianmade.no\/en\/wp-json\/wp\/v2\/media\/16288"}],"wp:attachment":[{"href":"https:\/\/norwegianmade.no\/en\/wp-json\/wp\/v2\/media?parent=16850"}],"wp:term":[{"taxonomy":"product_brand","embeddable":true,"href":"https:\/\/norwegianmade.no\/en\/wp-json\/wp\/v2\/product_brand?post=16850"},{"taxonomy":"product_cat","embeddable":true,"href":"https:\/\/norwegianmade.no\/en\/wp-json\/wp\/v2\/product_cat?post=16850"},{"taxonomy":"product_tag","embeddable":true,"href":"https:\/\/norwegianmade.no\/en\/wp-json\/wp\/v2\/product_tag?post=16850"}],"curies":[{"name":"wp","href":"https:\/\/api.w.org\/{rel}","templated":true}]}}