{"id":16855,"date":"2022-10-28T13:08:39","date_gmt":"2022-10-28T11:08:39","guid":{"rendered":"https:\/\/norwegianmade.no\/markedsplass\/juletre-med-kvist-32\/"},"modified":"2025-11-17T11:43:26","modified_gmt":"2025-11-17T10:43:26","slug":"juletre-med-kvist-32","status":"publish","type":"product","link":"https:\/\/norwegianmade.no\/en\/produkt\/juletre-med-kvist-32\/","title":{"rendered":"Vinterhvit tre med kvist (38 cm)"},"content":{"rendered":"<p><\/p>\n","protected":false},"excerpt":{"rendered":"<div class=\"wcfmmp_sold_by_container\">\n<div class=\"wcfmmp-store-rating\" title=\"Ingen vurderinger enda!\" style=\"overflow: hidden;height: 1.618em;line-height: 1.618;font-size: 1em;font-weight: 900;width: 6em !important;float: none !important\" data-mce-style=\"overflow: hidden; height: 1.618em; line-height: 1.618; font-size: 1em; font-weight: 900; width: 6em !important; float: none !important;\"><span style=\"overflow: hidden;float: left;padding-top: 1.5em;width: 0px\" data-mce-style=\"overflow: hidden; float: left; padding-top: 1.5em; width: 0px;\"><span style=\"font-family: Font Awesome 5 Free\" data-mce-style=\"font-family: Font Awesome 5 Free;\">S<\/span><span style=\"font-family: Lato, sans-serif\" data-mce-style=\"font-family: Lato, sans-serif;\">treet, sydd av ull i en skj\u00f8nn juler\u00f8d farge.\u00a0<\/span><br \/><\/span><\/div>\n<\/div>\n<div class=\"woocommerce-product-details__short-description\" style=\"font-family: Lato, sans-serif\" data-mce-style=\"font-family: Lato, sans-serif;\">\n<p style=\"margin-top: 0px;margin-bottom: 1rem\" data-mce-style=\"margin-top: 0px; margin-bottom: 1rem;\">Hvite juletr\u00e6r passer i de fleste hjem. <br \/>Her presenterer jeg det nydelige vinterhvite ulltreet i kolleksjonen tr\u00e6r p\u00e5 kvist. Med sine 38 cm er dette det st\u00f8rste treet i kolleksjonen ulltr\u00e6r som jeg designet da jeg var bosatt p\u00e5 Svalbard.<\/p>\n<p style=\"margin-top: 0px;margin-bottom: 1rem\" data-mce-style=\"margin-top: 0px; margin-bottom: 1rem;\">Treet er fylt med allergivennlig vatt og har et herlig loddent utseende.\u00a0<br \/>Som dekor bruker jeg teknikken n\u00e5lefilting n\u00e5r jeg fester prikkene av ull i treet. Her har jeg brukt r\u00f8d, beige og okergul farge p\u00e5 prikkene.\u00a0<\/p>\n<p style=\"margin-top: 0px;margin-bottom: 1rem\" data-mce-style=\"margin-top: 0px; margin-bottom: 1rem;\">\u00d8nsker du andre farger p\u00e5 dekoren, eller kun ensfargede tr\u00e6r er du velkommen til \u00e5 ta kontakt.<\/p>\n<p style=\"margin-top: 0px;margin-bottom: 1rem\" data-mce-style=\"margin-top: 0px; margin-bottom: 1rem;\">En morsom variant er \u00e5 sette treet p\u00e5 en sopelim, pynte inngangspartiet med kranser, lyslykter, julenek osv i den koselige f\u00f8rjulstiden.\u00a0<br \/>Jeg er ogs\u00e5 glad i \u00e5 pynte med tr\u00e6rne i vinduskarmen, p\u00e5 peishyllen, i trappeoppgangen eller som bordpynt.\u00a0<\/p>\n<p style=\"margin-top: 0px;margin-bottom: 1rem\" data-mce-style=\"margin-top: 0px; margin-bottom: 1rem;\">Kolleksjonen best\u00e5r av ulltr\u00e6r i 3 st\u00f8rrelser.\u00a0<br \/>I tillegg til dette treet p\u00e5 38 cm, har jeg designet s\u00f8te minitr\u00e6r p\u00e5 22 cm, samt mellomstore tr\u00e6r p\u00e5 28 cm. \u00a0<\/p>\n<p style=\"margin-top: 0px;margin-bottom: 1rem\" data-mce-style=\"margin-top: 0px; margin-bottom: 1rem;\">En kvist er satt inn i treet, og treet har derfor et lite hull i bunnen slik at det lett kan settes p\u00e5 en sopelim n\u00e5r kvisten tas ut av treet.\u00a0<br \/>Kvisten er inkludert i prisen.<\/p>\n<p style=\"margin-top: 0px;margin-bottom: 1rem\" data-mce-style=\"margin-top: 0px; margin-bottom: 1rem;\">Et tips til dekor\u00a0er \u00e5 sette treet med kvisten i en krukke fylt godt opp med stein slik at treet st\u00e5r st\u00f8dig i krukken. Pynt gjerne med mose eller kongler \u00f8verst i krukken og rundt kvisten, s\u00e5 f\u00e5r du en sjarmerende juledekorasjon i heimen eller en unik og koselig julegave.<\/p>\n<p style=\"margin-top: 0px;margin-bottom: 1rem\" data-mce-style=\"margin-top: 0px; margin-bottom: 1rem;\">I tillegg til disse nydelige hvite tr\u00e6rne kan du velge tr\u00e6r i fargene; r\u00f8d, gr\u00f8nn, okergul, brun, lysgr\u00e5, koksgr\u00e5 og bl\u00e5.<\/p>\n<p style=\"margin-top: 0px;margin-bottom: 1rem\" data-mce-style=\"margin-top: 0px; margin-bottom: 1rem;\">Ta gjerne en titt p\u00e5 Instagram @aasearild for flere bilder av mine egendesignede produkter i ull.<\/p>\n<p>Ta gjerne kontakt om du vil at jeg skal designe ditt eget personlige tre i dine favorittfarger.\u00a0<\/p>\n<p style=\"margin-top: 0px;margin-bottom: 1rem\" data-mce-style=\"margin-top: 0px; margin-bottom: 1rem;\">Takk for bes\u00f8ket!\u00a0<\/p>\n<\/div>\n","protected":false},"featured_media":16853,"comment_status":"open","ping_status":"closed","template":"","meta":{"_acf_changed":false},"product_brand":[],"product_cat":[78,82,59,80,324,81,86],"product_tag":[],"class_list":{"0":"post-16855","1":"product","2":"type-product","3":"status-publish","4":"has-post-thumbnail","6":"product_vendor-ull-i-nord","7":"product_cat-gaver","8":"product_cat-handverk","9":"product_cat-interior-kunst","10":"product_cat-interiorartikler","11":"product_cat-jul","12":"product_cat-kunsthandverk","13":"product_cat-tekstilprodukter","14":"product_shipping_class-lett","16":"first","17":"instock","18":"featured","19":"shipping-taxable","20":"product-type-simple"},"acf":[],"yoast_head":"<!-- This site is optimized with the Yoast SEO plugin v27.1.1 - https:\/\/yoast.com\/product\/yoast-seo-wordpress\/ -->\n<title>Vinterhvit tre med kvist (38 cm) &#8226; Norwegian Made<\/title>\n<meta name=\"robots\" content=\"index, follow, max-snippet:-1, max-image-preview:large, max-video-preview:-1\" \/>\n<link rel=\"canonical\" href=\"https:\/\/norwegianmade.no\/produkt\/juletre-med-kvist-32\/\" \/>\n<meta property=\"og:locale\" content=\"en_US\" \/>\n<meta property=\"og:type\" content=\"article\" \/>\n<meta property=\"og:title\" content=\"Vinterhvit tre med kvist (38 cm) &#8226; Norwegian Made\" \/>\n<meta property=\"og:description\" content=\"Street, sydd av ull i en skj\u00f8nn juler\u00f8d farge.\u00a0Hvite juletr\u00e6r passer i de fleste hjem. Her presenterer jeg det nydelige vinterhvite ulltreet i kolleksjonen tr\u00e6r p\u00e5 kvist. Med sine 38 cm er dette det st\u00f8rste treet i kolleksjonen ulltr\u00e6r som jeg designet da jeg var bosatt p\u00e5 Svalbard.Treet er fylt med allergivennlig vatt og har et herlig loddent utseende.\u00a0Som dekor bruker jeg teknikken n\u00e5lefilting n\u00e5r jeg fester prikkene av ull i treet. Her har jeg brukt r\u00f8d, beige og okergul farge p\u00e5 prikkene.\u00a0\u00d8nsker du andre farger p\u00e5 dekoren, eller kun ensfargede tr\u00e6r er du velkommen til \u00e5 ta kontakt.En morsom variant er \u00e5 sette treet p\u00e5 en sopelim, pynte inngangspartiet med kranser, lyslykter, julenek osv i den koselige f\u00f8rjulstiden.\u00a0Jeg er ogs\u00e5 glad i \u00e5 pynte med tr\u00e6rne i vinduskarmen, p\u00e5 peishyllen, i trappeoppgangen eller som bordpynt.\u00a0Kolleksjonen best\u00e5r av ulltr\u00e6r i 3 st\u00f8rrelser.\u00a0I tillegg til dette treet p\u00e5 38 cm, har jeg designet s\u00f8te minitr\u00e6r p\u00e5 22 cm, samt mellomstore tr\u00e6r p\u00e5 28 cm. \u00a0En kvist er satt inn i treet, og treet har derfor et lite hull i bunnen slik at det lett kan settes p\u00e5 en sopelim n\u00e5r kvisten tas ut av treet.\u00a0Kvisten er inkludert i prisen.Et tips til dekor\u00a0er \u00e5 sette treet med kvisten i en krukke fylt godt opp med stein slik at treet st\u00e5r st\u00f8dig i krukken. Pynt gjerne med mose eller kongler \u00f8verst i krukken og rundt kvisten, s\u00e5 f\u00e5r du en sjarmerende juledekorasjon i heimen eller en unik og koselig julegave.I tillegg til disse nydelige hvite tr\u00e6rne kan du velge tr\u00e6r i fargene; r\u00f8d, gr\u00f8nn, okergul, brun, lysgr\u00e5, koksgr\u00e5 og bl\u00e5.Ta gjerne en titt p\u00e5 Instagram @aasearild for flere bilder av mine egendesignede produkter i ull.Ta gjerne kontakt om du vil at jeg skal designe ditt eget personlige tre i dine favorittfarger.\u00a0Takk for bes\u00f8ket!\u00a0\" \/>\n<meta property=\"og:url\" content=\"https:\/\/norwegianmade.no\/produkt\/juletre-med-kvist-32\/\" \/>\n<meta property=\"og:site_name\" content=\"Norwegian Made\" \/>\n<meta property=\"article:modified_time\" content=\"2025-11-17T10:43:26+00:00\" \/>\n<meta property=\"og:image\" content=\"https:\/\/norwegianmade.no\/wp-content\/uploads\/2022\/10\/B9168227-44C4-498F-ACAB-B7ECFF94118E.jpeg\" \/>\n\t<meta property=\"og:image:width\" content=\"741\" \/>\n\t<meta property=\"og:image:height\" content=\"710\" \/>\n\t<meta property=\"og:image:type\" content=\"image\/jpeg\" \/>\n<meta name=\"twitter:card\" content=\"summary_large_image\" \/>\n<script type=\"application\/ld+json\" class=\"yoast-schema-graph\">{\"@context\":\"https:\/\/schema.org\",\"@graph\":[{\"@type\":\"WebPage\",\"@id\":\"https:\/\/norwegianmade.no\/produkt\/juletre-med-kvist-32\/\",\"url\":\"https:\/\/norwegianmade.no\/produkt\/juletre-med-kvist-32\/\",\"name\":\"Vinterhvit tre med kvist (38 cm) &#8226; Norwegian Made\",\"isPartOf\":{\"@id\":\"https:\/\/norwegianmade.no\/#website\"},\"primaryImageOfPage\":{\"@id\":\"https:\/\/norwegianmade.no\/produkt\/juletre-med-kvist-32\/#primaryimage\"},\"image\":{\"@id\":\"https:\/\/norwegianmade.no\/produkt\/juletre-med-kvist-32\/#primaryimage\"},\"thumbnailUrl\":\"https:\/\/norwegianmade.no\/wp-content\/uploads\/2022\/10\/B9168227-44C4-498F-ACAB-B7ECFF94118E.jpeg\",\"datePublished\":\"2022-10-28T11:08:39+00:00\",\"dateModified\":\"2025-11-17T10:43:26+00:00\",\"breadcrumb\":{\"@id\":\"https:\/\/norwegianmade.no\/produkt\/juletre-med-kvist-32\/#breadcrumb\"},\"inLanguage\":\"en-US\",\"potentialAction\":[{\"@type\":\"ReadAction\",\"target\":[\"https:\/\/norwegianmade.no\/produkt\/juletre-med-kvist-32\/\"]}]},{\"@type\":\"ImageObject\",\"inLanguage\":\"en-US\",\"@id\":\"https:\/\/norwegianmade.no\/produkt\/juletre-med-kvist-32\/#primaryimage\",\"url\":\"https:\/\/norwegianmade.no\/wp-content\/uploads\/2022\/10\/B9168227-44C4-498F-ACAB-B7ECFF94118E.jpeg\",\"contentUrl\":\"https:\/\/norwegianmade.no\/wp-content\/uploads\/2022\/10\/B9168227-44C4-498F-ACAB-B7ECFF94118E.jpeg\",\"width\":741,\"height\":710},{\"@type\":\"BreadcrumbList\",\"@id\":\"https:\/\/norwegianmade.no\/produkt\/juletre-med-kvist-32\/#breadcrumb\",\"itemListElement\":[{\"@type\":\"ListItem\",\"position\":1,\"name\":\"Hjem\",\"item\":\"https:\/\/norwegianmade.no\/en\/\"},{\"@type\":\"ListItem\",\"position\":2,\"name\":\"Shop\",\"item\":\"https:\/\/norwegianmade.no\/en\/shop\/\"},{\"@type\":\"ListItem\",\"position\":3,\"name\":\"Vinterhvit tre med kvist (38 cm)\"}]},{\"@type\":\"WebSite\",\"@id\":\"https:\/\/norwegianmade.no\/#website\",\"url\":\"https:\/\/norwegianmade.no\/\",\"name\":\"Norwegian Made\",\"description\":\"Norges st\u00f8rste markedsplass for norske produsenter\",\"publisher\":{\"@id\":\"https:\/\/norwegianmade.no\/#organization\"},\"potentialAction\":[{\"@type\":\"SearchAction\",\"target\":{\"@type\":\"EntryPoint\",\"urlTemplate\":\"https:\/\/norwegianmade.no\/?s={search_term_string}\"},\"query-input\":{\"@type\":\"PropertyValueSpecification\",\"valueRequired\":true,\"valueName\":\"search_term_string\"}}],\"inLanguage\":\"en-US\"},{\"@type\":\"Organization\",\"@id\":\"https:\/\/norwegianmade.no\/#organization\",\"name\":\"Norwegian Made\",\"url\":\"https:\/\/norwegianmade.no\/\",\"logo\":{\"@type\":\"ImageObject\",\"inLanguage\":\"en-US\",\"@id\":\"https:\/\/norwegianmade.no\/#\/schema\/logo\/image\/\",\"url\":\"https:\/\/norwegianmade.no\/wp-content\/uploads\/2020\/11\/logo-liggende-norwegian-made-web.png\",\"contentUrl\":\"https:\/\/norwegianmade.no\/wp-content\/uploads\/2020\/11\/logo-liggende-norwegian-made-web.png\",\"width\":200,\"height\":58,\"caption\":\"Norwegian Made\"},\"image\":{\"@id\":\"https:\/\/norwegianmade.no\/#\/schema\/logo\/image\/\"}}]}<\/script>\n<!-- \/ Yoast SEO plugin. -->","yoast_head_json":{"title":"Vinterhvit tre med kvist (38 cm) &#8226; Norwegian Made","robots":{"index":"index","follow":"follow","max-snippet":"max-snippet:-1","max-image-preview":"max-image-preview:large","max-video-preview":"max-video-preview:-1"},"canonical":"https:\/\/norwegianmade.no\/produkt\/juletre-med-kvist-32\/","og_locale":"en_US","og_type":"article","og_title":"Vinterhvit tre med kvist (38 cm) &#8226; Norwegian Made","og_description":"Street, sydd av ull i en skj\u00f8nn juler\u00f8d farge.\u00a0Hvite juletr\u00e6r passer i de fleste hjem. Her presenterer jeg det nydelige vinterhvite ulltreet i kolleksjonen tr\u00e6r p\u00e5 kvist. Med sine 38 cm er dette det st\u00f8rste treet i kolleksjonen ulltr\u00e6r som jeg designet da jeg var bosatt p\u00e5 Svalbard.Treet er fylt med allergivennlig vatt og har et herlig loddent utseende.\u00a0Som dekor bruker jeg teknikken n\u00e5lefilting n\u00e5r jeg fester prikkene av ull i treet. Her har jeg brukt r\u00f8d, beige og okergul farge p\u00e5 prikkene.\u00a0\u00d8nsker du andre farger p\u00e5 dekoren, eller kun ensfargede tr\u00e6r er du velkommen til \u00e5 ta kontakt.En morsom variant er \u00e5 sette treet p\u00e5 en sopelim, pynte inngangspartiet med kranser, lyslykter, julenek osv i den koselige f\u00f8rjulstiden.\u00a0Jeg er ogs\u00e5 glad i \u00e5 pynte med tr\u00e6rne i vinduskarmen, p\u00e5 peishyllen, i trappeoppgangen eller som bordpynt.\u00a0Kolleksjonen best\u00e5r av ulltr\u00e6r i 3 st\u00f8rrelser.\u00a0I tillegg til dette treet p\u00e5 38 cm, har jeg designet s\u00f8te minitr\u00e6r p\u00e5 22 cm, samt mellomstore tr\u00e6r p\u00e5 28 cm. \u00a0En kvist er satt inn i treet, og treet har derfor et lite hull i bunnen slik at det lett kan settes p\u00e5 en sopelim n\u00e5r kvisten tas ut av treet.\u00a0Kvisten er inkludert i prisen.Et tips til dekor\u00a0er \u00e5 sette treet med kvisten i en krukke fylt godt opp med stein slik at treet st\u00e5r st\u00f8dig i krukken. Pynt gjerne med mose eller kongler \u00f8verst i krukken og rundt kvisten, s\u00e5 f\u00e5r du en sjarmerende juledekorasjon i heimen eller en unik og koselig julegave.I tillegg til disse nydelige hvite tr\u00e6rne kan du velge tr\u00e6r i fargene; r\u00f8d, gr\u00f8nn, okergul, brun, lysgr\u00e5, koksgr\u00e5 og bl\u00e5.Ta gjerne en titt p\u00e5 Instagram @aasearild for flere bilder av mine egendesignede produkter i ull.Ta gjerne kontakt om du vil at jeg skal designe ditt eget personlige tre i dine favorittfarger.\u00a0Takk for bes\u00f8ket!\u00a0","og_url":"https:\/\/norwegianmade.no\/produkt\/juletre-med-kvist-32\/","og_site_name":"Norwegian Made","article_modified_time":"2025-11-17T10:43:26+00:00","og_image":[{"width":741,"height":710,"url":"https:\/\/norwegianmade.no\/wp-content\/uploads\/2022\/10\/B9168227-44C4-498F-ACAB-B7ECFF94118E.jpeg","type":"image\/jpeg"}],"twitter_card":"summary_large_image","schema":{"@context":"https:\/\/schema.org","@graph":[{"@type":"WebPage","@id":"https:\/\/norwegianmade.no\/produkt\/juletre-med-kvist-32\/","url":"https:\/\/norwegianmade.no\/produkt\/juletre-med-kvist-32\/","name":"Vinterhvit tre med kvist (38 cm) &#8226; Norwegian Made","isPartOf":{"@id":"https:\/\/norwegianmade.no\/#website"},"primaryImageOfPage":{"@id":"https:\/\/norwegianmade.no\/produkt\/juletre-med-kvist-32\/#primaryimage"},"image":{"@id":"https:\/\/norwegianmade.no\/produkt\/juletre-med-kvist-32\/#primaryimage"},"thumbnailUrl":"https:\/\/norwegianmade.no\/wp-content\/uploads\/2022\/10\/B9168227-44C4-498F-ACAB-B7ECFF94118E.jpeg","datePublished":"2022-10-28T11:08:39+00:00","dateModified":"2025-11-17T10:43:26+00:00","breadcrumb":{"@id":"https:\/\/norwegianmade.no\/produkt\/juletre-med-kvist-32\/#breadcrumb"},"inLanguage":"en-US","potentialAction":[{"@type":"ReadAction","target":["https:\/\/norwegianmade.no\/produkt\/juletre-med-kvist-32\/"]}]},{"@type":"ImageObject","inLanguage":"en-US","@id":"https:\/\/norwegianmade.no\/produkt\/juletre-med-kvist-32\/#primaryimage","url":"https:\/\/norwegianmade.no\/wp-content\/uploads\/2022\/10\/B9168227-44C4-498F-ACAB-B7ECFF94118E.jpeg","contentUrl":"https:\/\/norwegianmade.no\/wp-content\/uploads\/2022\/10\/B9168227-44C4-498F-ACAB-B7ECFF94118E.jpeg","width":741,"height":710},{"@type":"BreadcrumbList","@id":"https:\/\/norwegianmade.no\/produkt\/juletre-med-kvist-32\/#breadcrumb","itemListElement":[{"@type":"ListItem","position":1,"name":"Hjem","item":"https:\/\/norwegianmade.no\/en\/"},{"@type":"ListItem","position":2,"name":"Shop","item":"https:\/\/norwegianmade.no\/en\/shop\/"},{"@type":"ListItem","position":3,"name":"Vinterhvit tre med kvist (38 cm)"}]},{"@type":"WebSite","@id":"https:\/\/norwegianmade.no\/#website","url":"https:\/\/norwegianmade.no\/","name":"Norwegian Made","description":"Norges st\u00f8rste markedsplass for norske produsenter","publisher":{"@id":"https:\/\/norwegianmade.no\/#organization"},"potentialAction":[{"@type":"SearchAction","target":{"@type":"EntryPoint","urlTemplate":"https:\/\/norwegianmade.no\/?s={search_term_string}"},"query-input":{"@type":"PropertyValueSpecification","valueRequired":true,"valueName":"search_term_string"}}],"inLanguage":"en-US"},{"@type":"Organization","@id":"https:\/\/norwegianmade.no\/#organization","name":"Norwegian Made","url":"https:\/\/norwegianmade.no\/","logo":{"@type":"ImageObject","inLanguage":"en-US","@id":"https:\/\/norwegianmade.no\/#\/schema\/logo\/image\/","url":"https:\/\/norwegianmade.no\/wp-content\/uploads\/2020\/11\/logo-liggende-norwegian-made-web.png","contentUrl":"https:\/\/norwegianmade.no\/wp-content\/uploads\/2020\/11\/logo-liggende-norwegian-made-web.png","width":200,"height":58,"caption":"Norwegian Made"},"image":{"@id":"https:\/\/norwegianmade.no\/#\/schema\/logo\/image\/"}}]}},"_links":{"self":[{"href":"https:\/\/norwegianmade.no\/en\/wp-json\/wp\/v2\/product\/16855","targetHints":{"allow":["GET"]}}],"collection":[{"href":"https:\/\/norwegianmade.no\/en\/wp-json\/wp\/v2\/product"}],"about":[{"href":"https:\/\/norwegianmade.no\/en\/wp-json\/wp\/v2\/types\/product"}],"replies":[{"embeddable":true,"href":"https:\/\/norwegianmade.no\/en\/wp-json\/wp\/v2\/comments?post=16855"}],"wp:featuredmedia":[{"embeddable":true,"href":"https:\/\/norwegianmade.no\/en\/wp-json\/wp\/v2\/media\/16853"}],"wp:attachment":[{"href":"https:\/\/norwegianmade.no\/en\/wp-json\/wp\/v2\/media?parent=16855"}],"wp:term":[{"taxonomy":"product_brand","embeddable":true,"href":"https:\/\/norwegianmade.no\/en\/wp-json\/wp\/v2\/product_brand?post=16855"},{"taxonomy":"product_cat","embeddable":true,"href":"https:\/\/norwegianmade.no\/en\/wp-json\/wp\/v2\/product_cat?post=16855"},{"taxonomy":"product_tag","embeddable":true,"href":"https:\/\/norwegianmade.no\/en\/wp-json\/wp\/v2\/product_tag?post=16855"}],"curies":[{"name":"wp","href":"https:\/\/api.w.org\/{rel}","templated":true}]}}