{"id":16889,"date":"2022-10-29T12:39:58","date_gmt":"2022-10-29T10:39:58","guid":{"rendered":"https:\/\/norwegianmade.no\/markedsplass\/lysgra-ulltre-38-cm\/"},"modified":"2024-11-18T21:36:31","modified_gmt":"2024-11-18T20:36:31","slug":"lysgra-ulltre-38-cm","status":"publish","type":"product","link":"https:\/\/norwegianmade.no\/en\/produkt\/lysgra-ulltre-38-cm\/","title":{"rendered":"Lysgr\u00e5 ulltre (38 cm)"},"content":{"rendered":"<p><\/p>\n","protected":false},"excerpt":{"rendered":"<div class=\"wcfmmp_sold_by_container\" data-mce-style=\"font-family: Lato, sans-serif;\" style=\"font-family: Lato, sans-serif\">\n<div class=\"wcfmmp-store-rating\" title=\"Ingen vurderinger enda!\" data-mce-style=\"overflow: hidden; height: 1.618em; line-height: 1.618; font-size: 1em; font-weight: 900; width: 6em !important; float: none !important;\"><span data-mce-style=\"overflow: hidden; float: left; padding-top: 1.5em; width: 0px;\" style=\"overflow: hidden;float: left;padding-top: 1.5em;width: 0px\"><span data-mce-style=\"font-family: Font Awesome 5 Free;\" style=\"overflow: hidden;float: left;padding-top: 1.5em\">S<\/span><span data-mce-style=\"font-family: Lato, sans-serif;\" style=\"overflow: hidden;float: left;padding-top: 1.5em;font-family: Lato, sans-serif\">treet, sydd av ull i en skj\u00f8nn juler\u00f8d farge.\u00a0<\/span><br \/><\/span><\/div>\n<\/div>\n<div class=\"woocommerce-product-details__short-description\" data-mce-style=\"font-family: Lato, sans-serif;\" style=\"font-family: Lato, sans-serif\">\n<p data-mce-style=\"margin-top: 0px; margin-bottom: 1rem;\" style=\"margin-top: 0px;margin-bottom: 1rem\">I kolleksjonen ulltr\u00e6r kan du velge og vrake i mange farger.\u00a0<br \/>Men jeg har ogs\u00e5 designet tr\u00e6r i gr\u00e5toner.<\/p>\n<p data-mce-style=\"margin-top: 0px; margin-bottom: 1rem;\" style=\"margin-top: 0px;margin-bottom: 1rem\">Her er det flotte lysgr\u00e5 treet, dekorert med koksgr\u00e5, hvite og okergule prikker i ull.\u00a0<br \/>Ta gjerne kontakt om du \u00f8nsker andre farger p\u00e5 prikkene, eller \u00f8nsker du kun ensfargede tr\u00e6r selger jeg ogs\u00e5 det.\u00a0<\/p>\n<p data-mce-style=\"margin-top: 0px; margin-bottom: 1rem;\" style=\"margin-top: 0px;margin-bottom: 1rem\">Kolleksjonen best\u00e5r av tr\u00e6r i 3 st\u00f8rrelser. I tillegg til dette p\u00e5\u00a0<br \/>38 cm, har jeg designet s\u00f8te minitr\u00e6r p\u00e5 23 cm, mens de mellomstore er 28 cm.<\/p>\n<p data-mce-style=\"margin-top: 0px; margin-bottom: 1rem;\" style=\"margin-top: 0px;margin-bottom: 1rem\">Treet er fylt med allergivennlig vatt og har et herlig loddent utseende.\u00a0<br \/>Som dekor bruker jeg teknikken n\u00e5lefilting n\u00e5r jeg fester prikkene av ull i treet.<\/p>\n<p data-mce-style=\"margin-top: 0px; margin-bottom: 1rem;\" style=\"margin-top: 0px;margin-bottom: 1rem\">En morsom variant er \u00e5 sette treet p\u00e5 en sopelim, pynte inngangspartiet med kranser, lyslykter, julenek osv i den koselige f\u00f8rjulstiden.\u00a0<br \/>Jeg er ogs\u00e5 glad i \u00e5 pynte med tr\u00e6rne i vinduskarmen, p\u00e5 peishyllen, i trappeoppgangen eller som bordpynt.\u00a0<\/p>\n<p data-mce-style=\"margin-top: 0px; margin-bottom: 1rem;\" style=\"margin-top: 0px;margin-bottom: 1rem\">En kvist er satt inn i treet, og treet har derfor et lite hull i bunnen slik at det lett kan settes p\u00e5 en sopelim n\u00e5r kvisten tas ut av treet.\u00a0<br \/>Kvisten er inkludert i prisen.<\/p>\n<p data-mce-style=\"margin-top: 0px; margin-bottom: 1rem;\" style=\"margin-top: 0px;margin-bottom: 1rem\">Et tips til dekor\u00a0er \u00e5 sette treet med kvisten i en krukke fylt godt opp med stein slik at treet st\u00e5r st\u00f8dig i krukken. Pynt gjerne med mose eller kongler \u00f8verst i krukken og rundt kvisten, s\u00e5 f\u00e5r du en sjarmerende juledekorasjon eller en koselig julegave.<\/p>\n<p data-mce-style=\"margin-top: 0px; margin-bottom: 1rem;\" style=\"margin-top: 0px;margin-bottom: 1rem\">I tillegg til disse s\u00f8te lysgr\u00e5 tr\u00e6rne, kan du velge tr\u00e6r i fargene; okergul, hvit, gr\u00f8nn, brun, r\u00f8d, koksgr\u00e5 og bl\u00e5.\u00a0<\/p>\n<p data-mce-style=\"margin-top: 0px; margin-bottom: 1rem;\" style=\"margin-top: 0px;margin-bottom: 1rem\">Ta gjerne en titt p\u00e5 Instagram @aasearild for flere bilder av mine egendesignede produkter i ull.<\/p>\n<p data-mce-style=\"margin-top: 0px; margin-bottom: 1rem;\" style=\"margin-top: 0px;margin-bottom: 1rem\">Takk for bes\u00f8ket!\u00a0<\/p>\n<\/div>\n","protected":false},"featured_media":16887,"comment_status":"open","ping_status":"closed","template":"","meta":{"_acf_changed":false},"product_brand":[],"product_cat":[124,78,82,59,80,324,81],"product_tag":[],"class_list":{"0":"post-16889","1":"product","2":"type-product","3":"status-publish","4":"has-post-thumbnail","6":"product_vendor-ull-i-nord","7":"product_cat-annet","8":"product_cat-gaver","9":"product_cat-handverk","10":"product_cat-interior-kunst","11":"product_cat-interiorartikler","12":"product_cat-jul","13":"product_cat-kunsthandverk","14":"product_shipping_class-lett","16":"first","17":"instock","18":"taxable","19":"shipping-taxable","20":"product-type-simple"},"acf":[],"yoast_head":"<!-- This site is optimized with the Yoast SEO plugin v27.1.1 - https:\/\/yoast.com\/product\/yoast-seo-wordpress\/ -->\n<title>Lysgr\u00e5 ulltre (38 cm) &#8226; Norwegian Made<\/title>\n<meta name=\"robots\" content=\"index, follow, max-snippet:-1, max-image-preview:large, max-video-preview:-1\" \/>\n<link rel=\"canonical\" href=\"https:\/\/norwegianmade.no\/produkt\/lysgra-ulltre-38-cm\/\" \/>\n<meta property=\"og:locale\" content=\"en_US\" \/>\n<meta property=\"og:type\" content=\"article\" \/>\n<meta property=\"og:title\" content=\"Lysgr\u00e5 ulltre (38 cm) &#8226; Norwegian Made\" \/>\n<meta property=\"og:description\" content=\"Street, sydd av ull i en skj\u00f8nn juler\u00f8d farge.\u00a0I kolleksjonen ulltr\u00e6r kan du velge og vrake i mange farger.\u00a0Men jeg har ogs\u00e5 designet tr\u00e6r i gr\u00e5toner.Her er det flotte lysgr\u00e5 treet, dekorert med koksgr\u00e5, hvite og okergule prikker i ull.\u00a0Ta gjerne kontakt om du \u00f8nsker andre farger p\u00e5 prikkene, eller \u00f8nsker du kun ensfargede tr\u00e6r selger jeg ogs\u00e5 det.\u00a0Kolleksjonen best\u00e5r av tr\u00e6r i 3 st\u00f8rrelser. I tillegg til dette p\u00e5\u00a038 cm, har jeg designet s\u00f8te minitr\u00e6r p\u00e5 23 cm, mens de mellomstore er 28 cm.Treet er fylt med allergivennlig vatt og har et herlig loddent utseende.\u00a0Som dekor bruker jeg teknikken n\u00e5lefilting n\u00e5r jeg fester prikkene av ull i treet.En morsom variant er \u00e5 sette treet p\u00e5 en sopelim, pynte inngangspartiet med kranser, lyslykter, julenek osv i den koselige f\u00f8rjulstiden.\u00a0Jeg er ogs\u00e5 glad i \u00e5 pynte med tr\u00e6rne i vinduskarmen, p\u00e5 peishyllen, i trappeoppgangen eller som bordpynt.\u00a0En kvist er satt inn i treet, og treet har derfor et lite hull i bunnen slik at det lett kan settes p\u00e5 en sopelim n\u00e5r kvisten tas ut av treet.\u00a0Kvisten er inkludert i prisen.Et tips til dekor\u00a0er \u00e5 sette treet med kvisten i en krukke fylt godt opp med stein slik at treet st\u00e5r st\u00f8dig i krukken. Pynt gjerne med mose eller kongler \u00f8verst i krukken og rundt kvisten, s\u00e5 f\u00e5r du en sjarmerende juledekorasjon eller en koselig julegave.I tillegg til disse s\u00f8te lysgr\u00e5 tr\u00e6rne, kan du velge tr\u00e6r i fargene; okergul, hvit, gr\u00f8nn, brun, r\u00f8d, koksgr\u00e5 og bl\u00e5.\u00a0Ta gjerne en titt p\u00e5 Instagram @aasearild for flere bilder av mine egendesignede produkter i ull.Takk for bes\u00f8ket!\u00a0\" \/>\n<meta property=\"og:url\" content=\"https:\/\/norwegianmade.no\/produkt\/lysgra-ulltre-38-cm\/\" \/>\n<meta property=\"og:site_name\" content=\"Norwegian Made\" \/>\n<meta property=\"article:modified_time\" content=\"2024-11-18T20:36:31+00:00\" \/>\n<meta property=\"og:image\" content=\"https:\/\/norwegianmade.no\/wp-content\/uploads\/2022\/10\/54F61035-CEBD-4ACA-BEED-0F7E6E63450A.jpeg\" \/>\n\t<meta property=\"og:image:width\" content=\"734\" \/>\n\t<meta property=\"og:image:height\" content=\"743\" \/>\n\t<meta property=\"og:image:type\" content=\"image\/jpeg\" \/>\n<meta name=\"twitter:card\" content=\"summary_large_image\" \/>\n<script type=\"application\/ld+json\" class=\"yoast-schema-graph\">{\"@context\":\"https:\/\/schema.org\",\"@graph\":[{\"@type\":\"WebPage\",\"@id\":\"https:\/\/norwegianmade.no\/produkt\/lysgra-ulltre-38-cm\/\",\"url\":\"https:\/\/norwegianmade.no\/produkt\/lysgra-ulltre-38-cm\/\",\"name\":\"Lysgr\u00e5 ulltre (38 cm) &#8226; Norwegian Made\",\"isPartOf\":{\"@id\":\"https:\/\/norwegianmade.no\/#website\"},\"primaryImageOfPage\":{\"@id\":\"https:\/\/norwegianmade.no\/produkt\/lysgra-ulltre-38-cm\/#primaryimage\"},\"image\":{\"@id\":\"https:\/\/norwegianmade.no\/produkt\/lysgra-ulltre-38-cm\/#primaryimage\"},\"thumbnailUrl\":\"https:\/\/norwegianmade.no\/wp-content\/uploads\/2022\/10\/A2FE2F92-9D01-49EE-B1A2-8BC48C5E4325.jpeg\",\"datePublished\":\"2022-10-29T10:39:58+00:00\",\"dateModified\":\"2024-11-18T20:36:31+00:00\",\"breadcrumb\":{\"@id\":\"https:\/\/norwegianmade.no\/produkt\/lysgra-ulltre-38-cm\/#breadcrumb\"},\"inLanguage\":\"en-US\",\"potentialAction\":[{\"@type\":\"ReadAction\",\"target\":[\"https:\/\/norwegianmade.no\/produkt\/lysgra-ulltre-38-cm\/\"]}]},{\"@type\":\"ImageObject\",\"inLanguage\":\"en-US\",\"@id\":\"https:\/\/norwegianmade.no\/produkt\/lysgra-ulltre-38-cm\/#primaryimage\",\"url\":\"https:\/\/norwegianmade.no\/wp-content\/uploads\/2022\/10\/A2FE2F92-9D01-49EE-B1A2-8BC48C5E4325.jpeg\",\"contentUrl\":\"https:\/\/norwegianmade.no\/wp-content\/uploads\/2022\/10\/A2FE2F92-9D01-49EE-B1A2-8BC48C5E4325.jpeg\",\"width\":750,\"height\":733},{\"@type\":\"BreadcrumbList\",\"@id\":\"https:\/\/norwegianmade.no\/produkt\/lysgra-ulltre-38-cm\/#breadcrumb\",\"itemListElement\":[{\"@type\":\"ListItem\",\"position\":1,\"name\":\"Hjem\",\"item\":\"https:\/\/norwegianmade.no\/en\/\"},{\"@type\":\"ListItem\",\"position\":2,\"name\":\"Shop\",\"item\":\"https:\/\/norwegianmade.no\/en\/shop\/\"},{\"@type\":\"ListItem\",\"position\":3,\"name\":\"Lysgr\u00e5 ulltre (38 cm)\"}]},{\"@type\":\"WebSite\",\"@id\":\"https:\/\/norwegianmade.no\/#website\",\"url\":\"https:\/\/norwegianmade.no\/\",\"name\":\"Norwegian Made\",\"description\":\"Norges st\u00f8rste markedsplass for norske produsenter\",\"publisher\":{\"@id\":\"https:\/\/norwegianmade.no\/#organization\"},\"potentialAction\":[{\"@type\":\"SearchAction\",\"target\":{\"@type\":\"EntryPoint\",\"urlTemplate\":\"https:\/\/norwegianmade.no\/?s={search_term_string}\"},\"query-input\":{\"@type\":\"PropertyValueSpecification\",\"valueRequired\":true,\"valueName\":\"search_term_string\"}}],\"inLanguage\":\"en-US\"},{\"@type\":\"Organization\",\"@id\":\"https:\/\/norwegianmade.no\/#organization\",\"name\":\"Norwegian Made\",\"url\":\"https:\/\/norwegianmade.no\/\",\"logo\":{\"@type\":\"ImageObject\",\"inLanguage\":\"en-US\",\"@id\":\"https:\/\/norwegianmade.no\/#\/schema\/logo\/image\/\",\"url\":\"https:\/\/norwegianmade.no\/wp-content\/uploads\/2020\/11\/logo-liggende-norwegian-made-web.png\",\"contentUrl\":\"https:\/\/norwegianmade.no\/wp-content\/uploads\/2020\/11\/logo-liggende-norwegian-made-web.png\",\"width\":200,\"height\":58,\"caption\":\"Norwegian Made\"},\"image\":{\"@id\":\"https:\/\/norwegianmade.no\/#\/schema\/logo\/image\/\"}}]}<\/script>\n<!-- \/ Yoast SEO plugin. -->","yoast_head_json":{"title":"Lysgr\u00e5 ulltre (38 cm) &#8226; Norwegian Made","robots":{"index":"index","follow":"follow","max-snippet":"max-snippet:-1","max-image-preview":"max-image-preview:large","max-video-preview":"max-video-preview:-1"},"canonical":"https:\/\/norwegianmade.no\/produkt\/lysgra-ulltre-38-cm\/","og_locale":"en_US","og_type":"article","og_title":"Lysgr\u00e5 ulltre (38 cm) &#8226; Norwegian Made","og_description":"Street, sydd av ull i en skj\u00f8nn juler\u00f8d farge.\u00a0I kolleksjonen ulltr\u00e6r kan du velge og vrake i mange farger.\u00a0Men jeg har ogs\u00e5 designet tr\u00e6r i gr\u00e5toner.Her er det flotte lysgr\u00e5 treet, dekorert med koksgr\u00e5, hvite og okergule prikker i ull.\u00a0Ta gjerne kontakt om du \u00f8nsker andre farger p\u00e5 prikkene, eller \u00f8nsker du kun ensfargede tr\u00e6r selger jeg ogs\u00e5 det.\u00a0Kolleksjonen best\u00e5r av tr\u00e6r i 3 st\u00f8rrelser. I tillegg til dette p\u00e5\u00a038 cm, har jeg designet s\u00f8te minitr\u00e6r p\u00e5 23 cm, mens de mellomstore er 28 cm.Treet er fylt med allergivennlig vatt og har et herlig loddent utseende.\u00a0Som dekor bruker jeg teknikken n\u00e5lefilting n\u00e5r jeg fester prikkene av ull i treet.En morsom variant er \u00e5 sette treet p\u00e5 en sopelim, pynte inngangspartiet med kranser, lyslykter, julenek osv i den koselige f\u00f8rjulstiden.\u00a0Jeg er ogs\u00e5 glad i \u00e5 pynte med tr\u00e6rne i vinduskarmen, p\u00e5 peishyllen, i trappeoppgangen eller som bordpynt.\u00a0En kvist er satt inn i treet, og treet har derfor et lite hull i bunnen slik at det lett kan settes p\u00e5 en sopelim n\u00e5r kvisten tas ut av treet.\u00a0Kvisten er inkludert i prisen.Et tips til dekor\u00a0er \u00e5 sette treet med kvisten i en krukke fylt godt opp med stein slik at treet st\u00e5r st\u00f8dig i krukken. Pynt gjerne med mose eller kongler \u00f8verst i krukken og rundt kvisten, s\u00e5 f\u00e5r du en sjarmerende juledekorasjon eller en koselig julegave.I tillegg til disse s\u00f8te lysgr\u00e5 tr\u00e6rne, kan du velge tr\u00e6r i fargene; okergul, hvit, gr\u00f8nn, brun, r\u00f8d, koksgr\u00e5 og bl\u00e5.\u00a0Ta gjerne en titt p\u00e5 Instagram @aasearild for flere bilder av mine egendesignede produkter i ull.Takk for bes\u00f8ket!\u00a0","og_url":"https:\/\/norwegianmade.no\/produkt\/lysgra-ulltre-38-cm\/","og_site_name":"Norwegian Made","article_modified_time":"2024-11-18T20:36:31+00:00","og_image":[{"width":734,"height":743,"url":"https:\/\/norwegianmade.no\/wp-content\/uploads\/2022\/10\/54F61035-CEBD-4ACA-BEED-0F7E6E63450A.jpeg","type":"image\/jpeg"}],"twitter_card":"summary_large_image","schema":{"@context":"https:\/\/schema.org","@graph":[{"@type":"WebPage","@id":"https:\/\/norwegianmade.no\/produkt\/lysgra-ulltre-38-cm\/","url":"https:\/\/norwegianmade.no\/produkt\/lysgra-ulltre-38-cm\/","name":"Lysgr\u00e5 ulltre (38 cm) &#8226; Norwegian Made","isPartOf":{"@id":"https:\/\/norwegianmade.no\/#website"},"primaryImageOfPage":{"@id":"https:\/\/norwegianmade.no\/produkt\/lysgra-ulltre-38-cm\/#primaryimage"},"image":{"@id":"https:\/\/norwegianmade.no\/produkt\/lysgra-ulltre-38-cm\/#primaryimage"},"thumbnailUrl":"https:\/\/norwegianmade.no\/wp-content\/uploads\/2022\/10\/A2FE2F92-9D01-49EE-B1A2-8BC48C5E4325.jpeg","datePublished":"2022-10-29T10:39:58+00:00","dateModified":"2024-11-18T20:36:31+00:00","breadcrumb":{"@id":"https:\/\/norwegianmade.no\/produkt\/lysgra-ulltre-38-cm\/#breadcrumb"},"inLanguage":"en-US","potentialAction":[{"@type":"ReadAction","target":["https:\/\/norwegianmade.no\/produkt\/lysgra-ulltre-38-cm\/"]}]},{"@type":"ImageObject","inLanguage":"en-US","@id":"https:\/\/norwegianmade.no\/produkt\/lysgra-ulltre-38-cm\/#primaryimage","url":"https:\/\/norwegianmade.no\/wp-content\/uploads\/2022\/10\/A2FE2F92-9D01-49EE-B1A2-8BC48C5E4325.jpeg","contentUrl":"https:\/\/norwegianmade.no\/wp-content\/uploads\/2022\/10\/A2FE2F92-9D01-49EE-B1A2-8BC48C5E4325.jpeg","width":750,"height":733},{"@type":"BreadcrumbList","@id":"https:\/\/norwegianmade.no\/produkt\/lysgra-ulltre-38-cm\/#breadcrumb","itemListElement":[{"@type":"ListItem","position":1,"name":"Hjem","item":"https:\/\/norwegianmade.no\/en\/"},{"@type":"ListItem","position":2,"name":"Shop","item":"https:\/\/norwegianmade.no\/en\/shop\/"},{"@type":"ListItem","position":3,"name":"Lysgr\u00e5 ulltre (38 cm)"}]},{"@type":"WebSite","@id":"https:\/\/norwegianmade.no\/#website","url":"https:\/\/norwegianmade.no\/","name":"Norwegian Made","description":"Norges st\u00f8rste markedsplass for norske produsenter","publisher":{"@id":"https:\/\/norwegianmade.no\/#organization"},"potentialAction":[{"@type":"SearchAction","target":{"@type":"EntryPoint","urlTemplate":"https:\/\/norwegianmade.no\/?s={search_term_string}"},"query-input":{"@type":"PropertyValueSpecification","valueRequired":true,"valueName":"search_term_string"}}],"inLanguage":"en-US"},{"@type":"Organization","@id":"https:\/\/norwegianmade.no\/#organization","name":"Norwegian Made","url":"https:\/\/norwegianmade.no\/","logo":{"@type":"ImageObject","inLanguage":"en-US","@id":"https:\/\/norwegianmade.no\/#\/schema\/logo\/image\/","url":"https:\/\/norwegianmade.no\/wp-content\/uploads\/2020\/11\/logo-liggende-norwegian-made-web.png","contentUrl":"https:\/\/norwegianmade.no\/wp-content\/uploads\/2020\/11\/logo-liggende-norwegian-made-web.png","width":200,"height":58,"caption":"Norwegian Made"},"image":{"@id":"https:\/\/norwegianmade.no\/#\/schema\/logo\/image\/"}}]}},"_links":{"self":[{"href":"https:\/\/norwegianmade.no\/en\/wp-json\/wp\/v2\/product\/16889","targetHints":{"allow":["GET"]}}],"collection":[{"href":"https:\/\/norwegianmade.no\/en\/wp-json\/wp\/v2\/product"}],"about":[{"href":"https:\/\/norwegianmade.no\/en\/wp-json\/wp\/v2\/types\/product"}],"replies":[{"embeddable":true,"href":"https:\/\/norwegianmade.no\/en\/wp-json\/wp\/v2\/comments?post=16889"}],"wp:featuredmedia":[{"embeddable":true,"href":"https:\/\/norwegianmade.no\/en\/wp-json\/wp\/v2\/media\/16887"}],"wp:attachment":[{"href":"https:\/\/norwegianmade.no\/en\/wp-json\/wp\/v2\/media?parent=16889"}],"wp:term":[{"taxonomy":"product_brand","embeddable":true,"href":"https:\/\/norwegianmade.no\/en\/wp-json\/wp\/v2\/product_brand?post=16889"},{"taxonomy":"product_cat","embeddable":true,"href":"https:\/\/norwegianmade.no\/en\/wp-json\/wp\/v2\/product_cat?post=16889"},{"taxonomy":"product_tag","embeddable":true,"href":"https:\/\/norwegianmade.no\/en\/wp-json\/wp\/v2\/product_tag?post=16889"}],"curies":[{"name":"wp","href":"https:\/\/api.w.org\/{rel}","templated":true}]}}