{"id":16906,"date":"2022-10-31T13:46:38","date_gmt":"2022-10-31T12:46:38","guid":{"rendered":"https:\/\/norwegianmade.no\/markedsplass\/dachsen\/"},"modified":"2026-01-26T17:38:19","modified_gmt":"2026-01-26T16:38:19","slug":"dachsen","status":"archived","type":"product","link":"https:\/\/norwegianmade.no\/en\/produkt\/dachsen\/","title":{"rendered":"Dachsen"},"content":{"rendered":"<p data-mce-style=\"box-sizing: inherit; overflow-wrap: break-word; margin-top: 0px; color: rgba(0, 75, 126, 0.75); font-family: 'SF Mono', Menlo, Consolas, Monaco, 'Liberation Mono', 'Lucida Console', monospace, 'Apple Color Emoji', 'Segoe UI Emoji', 'Segoe UI Symbol'; font-size: 17.6px; letter-spacing: 0.66px; text-align: left;\">Det er litt skummelt n\u00e5r barna skal over i &#8220;storebarn&#8221; seng etter \u00e5 ha ligget s\u00e5 trygt og godt nede i sprinkelsengen. Vi er med \u00e5 gj\u00f8re denne overgangen litt tryggere.<\/p>\n<p data-mce-style=\"text-align: left;\"><span data-mce-style=\"color: rgba(0, 75, 126, 0.75); font-family: 'SF Mono', Menlo, Consolas, Monaco, 'Liberation Mono', 'Lucida Console', monospace, 'Apple Color Emoji', 'Segoe UI Emoji', 'Segoe UI Symbol'; font-size: 17.6px; letter-spacing: 0.66px;\"><a href=\"https:\/\/norwegianmade.no\/wp-content\/uploads\/2022\/10\/IMG_9539.heic\" data-mce-href=\"https:\/\/norwegianmade.no\/wp-content\/uploads\/2022\/10\/IMG_9539.heic\"><img decoding=\"async\" class=\"alignnone size-full wp-image-16904\" src=\"https:\/\/norwegianmade.no\/wp-content\/uploads\/2022\/10\/IMG_9539.heic\" alt=\"\" data-mce-src=\"https:\/\/norwegianmade.no\/wp-content\/uploads\/2022\/10\/IMG_9539.heic\"><\/a>P\u00e5 bena monteres to st\u00f8tte ben som legges inn under madrassen for enn\u00e5 en forsikring om at sengehesten ikke velter n\u00e5r barnet lener seg mot den.\u00a0<\/span><\/p>\n<p data-mce-style=\"box-sizing: inherit; color: rgba(0, 75, 126, 0.75); font-family: 'SF Mono', Menlo, Consolas, Monaco, 'Liberation Mono', 'Lucida Console', monospace, 'Apple Color Emoji', 'Segoe UI Emoji', 'Segoe UI Symbol'; font-size: 17.6px; letter-spacing: 0.66px; text-align: left;\"><br style=\"letter-spacing: 0.66px\" data-mce-style=\"letter-spacing: 0.66px;\"><\/p>\n","protected":false},"excerpt":{"rendered":"<p data-mce-style=\"box-sizing: inherit; overflow-wrap: break-word; margin-top: 0px; color: rgba(0, 75, 126, 0.75); font-family: 'SF Mono', Menlo, Consolas, Monaco, 'Liberation Mono', 'Lucida Console', monospace, 'Apple Color Emoji', 'Segoe UI Emoji', 'Segoe UI Symbol'; font-size: 17.6px; letter-spacing: 0.66px; text-align: left;\">Sengehesten er h\u00e5ndlaget i Telmark, Norge. Spesiellt designet for \u00e5 passe p\u00e5 de sm\u00e5 dr\u00f8mmerene mens de sover.<\/p>\n<p><\/p>\n<p data-mce-style=\"box-sizing: inherit; overflow-wrap: break-word; margin-top: 0px; color: rgba(0, 75, 126, 0.75); font-family: 'SF Mono', Menlo, Consolas, Monaco, 'Liberation Mono', 'Lucida Console', monospace, 'Apple Color Emoji', 'Segoe UI Emoji', 'Segoe UI Symbol'; font-size: 17.6px; letter-spacing: 0.66px; text-align: left;\">Det er litt skummelt n\u00e5r barna skal over i &#8220;storebarn&#8221; seng etter \u00e5 ha ligget s\u00e5 trygt og godt nede i sprinkelsengen. Vi er med \u00e5 gj\u00f8re denne overgangen litt tryggere.<\/p>\n<p style=\"text-align: left\" data-mce-style=\"text-align: left;\"><span data-mce-style=\"color: rgba(0, 75, 126, 0.75); font-family: 'SF Mono', Menlo, Consolas, Monaco, 'Liberation Mono', 'Lucida Console', monospace, 'Apple Color Emoji', 'Segoe UI Emoji', 'Segoe UI Symbol'; font-size: 17.6px; letter-spacing: 0.66px;\"><a href=\"https:\/\/norwegianmade.no\/wp-content\/uploads\/2022\/10\/IMG_9539.heic\" data-mce-href=\"https:\/\/norwegianmade.no\/wp-content\/uploads\/2022\/10\/IMG_9539.heic\"><img decoding=\"async\" class=\"alignnone size-full wp-image-16904\" src=\"https:\/\/norwegianmade.no\/wp-content\/uploads\/2022\/10\/IMG_9539.heic\" alt=\"\" data-mce-src=\"https:\/\/norwegianmade.no\/wp-content\/uploads\/2022\/10\/IMG_9539.heic\"><\/a>P\u00e5 bena monteres to st\u00f8tte ben som legges inn under madrassen for enn\u00e5 en forsikring om at sengehesten ikke velter n\u00e5r barnet lener seg mot den.\u00a0<\/span><\/p>\n<p data-mce-style=\"box-sizing: inherit; color: rgba(0, 75, 126, 0.75); font-family: 'SF Mono', Menlo, Consolas, Monaco, 'Liberation Mono', 'Lucida Console', monospace, 'Apple Color Emoji', 'Segoe UI Emoji', 'Segoe UI Symbol'; font-size: 17.6px; letter-spacing: 0.66px; text-align: left;\"><\/p>\n","protected":false},"featured_media":0,"comment_status":"open","ping_status":"closed","template":"","meta":{"_acf_changed":false},"product_brand":[],"product_cat":[15],"product_tag":[],"class_list":{"0":"post-16906","1":"product","2":"type-product","3":"status-archived","5":"product_vendor-sengehesten","6":"product_cat-ukategorisert","7":"product_shipping_class-norgespakke","9":"first","10":"instock","11":"taxable","12":"shipping-taxable","13":"product-type-simple"},"acf":[],"yoast_head":"<!-- This site is optimized with the Yoast SEO plugin v27.1.1 - https:\/\/yoast.com\/product\/yoast-seo-wordpress\/ -->\n<title>Dachsen &#8226; Norwegian Made<\/title>\n<meta name=\"robots\" content=\"index, follow, max-snippet:-1, max-image-preview:large, max-video-preview:-1\" \/>\n<link rel=\"canonical\" href=\"https:\/\/norwegianmade.no\/produkt\/dachsen\/\" \/>\n<meta property=\"og:locale\" content=\"en_US\" \/>\n<meta property=\"og:type\" content=\"article\" \/>\n<meta property=\"og:title\" content=\"Dachsen &#8226; Norwegian Made\" \/>\n<meta property=\"og:description\" content=\"Sengehesten er h\u00e5ndlaget i Telmark, Norge. Spesiellt designet for \u00e5 passe p\u00e5 de sm\u00e5 dr\u00f8mmerene mens de sover.Det er litt skummelt n\u00e5r barna skal over i &quot;storebarn&quot; seng etter \u00e5 ha ligget s\u00e5 trygt og godt nede i sprinkelsengen. Vi er med \u00e5 gj\u00f8re denne overgangen litt tryggere.P\u00e5 bena monteres to st\u00f8tte ben som legges inn under madrassen for enn\u00e5 en forsikring om at sengehesten ikke velter n\u00e5r barnet lener seg mot den.\u00a0\" \/>\n<meta property=\"og:url\" content=\"https:\/\/norwegianmade.no\/produkt\/dachsen\/\" \/>\n<meta property=\"og:site_name\" content=\"Norwegian Made\" \/>\n<meta property=\"article:modified_time\" content=\"2026-01-26T16:38:19+00:00\" \/>\n<meta property=\"og:image\" content=\"https:\/\/norwegianmade.no\/wp-content\/uploads\/2022\/10\/dachs.jpg\" \/>\n\t<meta property=\"og:image:width\" content=\"1170\" \/>\n\t<meta property=\"og:image:height\" content=\"1543\" \/>\n\t<meta property=\"og:image:type\" content=\"image\/jpeg\" \/>\n<meta name=\"twitter:card\" content=\"summary_large_image\" \/>\n<script type=\"application\/ld+json\" class=\"yoast-schema-graph\">{\"@context\":\"https:\/\/schema.org\",\"@graph\":[{\"@type\":\"WebPage\",\"@id\":\"https:\/\/norwegianmade.no\/produkt\/dachsen\/\",\"url\":\"https:\/\/norwegianmade.no\/produkt\/dachsen\/\",\"name\":\"Dachsen &#8226; Norwegian Made\",\"isPartOf\":{\"@id\":\"https:\/\/norwegianmade.no\/#website\"},\"primaryImageOfPage\":{\"@id\":\"https:\/\/norwegianmade.no\/produkt\/dachsen\/#primaryimage\"},\"image\":{\"@id\":\"https:\/\/norwegianmade.no\/produkt\/dachsen\/#primaryimage\"},\"thumbnailUrl\":\"https:\/\/norwegianmade.no\/wp-content\/uploads\/2022\/10\/IMG_9539.heic\",\"datePublished\":\"2022-10-31T12:46:38+00:00\",\"dateModified\":\"2026-01-26T16:38:19+00:00\",\"breadcrumb\":{\"@id\":\"https:\/\/norwegianmade.no\/produkt\/dachsen\/#breadcrumb\"},\"inLanguage\":\"en-US\",\"potentialAction\":[{\"@type\":\"ReadAction\",\"target\":[\"https:\/\/norwegianmade.no\/produkt\/dachsen\/\"]}]},{\"@type\":\"ImageObject\",\"inLanguage\":\"en-US\",\"@id\":\"https:\/\/norwegianmade.no\/produkt\/dachsen\/#primaryimage\",\"url\":\"https:\/\/norwegianmade.no\/wp-content\/uploads\/2022\/10\/IMG_9539.heic\",\"contentUrl\":\"https:\/\/norwegianmade.no\/wp-content\/uploads\/2022\/10\/IMG_9539.heic\"},{\"@type\":\"BreadcrumbList\",\"@id\":\"https:\/\/norwegianmade.no\/produkt\/dachsen\/#breadcrumb\",\"itemListElement\":[{\"@type\":\"ListItem\",\"position\":1,\"name\":\"Hjem\",\"item\":\"https:\/\/norwegianmade.no\/en\/\"},{\"@type\":\"ListItem\",\"position\":2,\"name\":\"Shop\",\"item\":\"https:\/\/norwegianmade.no\/en\/shop\/\"},{\"@type\":\"ListItem\",\"position\":3,\"name\":\"Dachsen\"}]},{\"@type\":\"WebSite\",\"@id\":\"https:\/\/norwegianmade.no\/#website\",\"url\":\"https:\/\/norwegianmade.no\/\",\"name\":\"Norwegian Made\",\"description\":\"Norges st\u00f8rste markedsplass for norske produsenter\",\"publisher\":{\"@id\":\"https:\/\/norwegianmade.no\/#organization\"},\"potentialAction\":[{\"@type\":\"SearchAction\",\"target\":{\"@type\":\"EntryPoint\",\"urlTemplate\":\"https:\/\/norwegianmade.no\/?s={search_term_string}\"},\"query-input\":{\"@type\":\"PropertyValueSpecification\",\"valueRequired\":true,\"valueName\":\"search_term_string\"}}],\"inLanguage\":\"en-US\"},{\"@type\":\"Organization\",\"@id\":\"https:\/\/norwegianmade.no\/#organization\",\"name\":\"Norwegian Made\",\"url\":\"https:\/\/norwegianmade.no\/\",\"logo\":{\"@type\":\"ImageObject\",\"inLanguage\":\"en-US\",\"@id\":\"https:\/\/norwegianmade.no\/#\/schema\/logo\/image\/\",\"url\":\"https:\/\/norwegianmade.no\/wp-content\/uploads\/2020\/11\/logo-liggende-norwegian-made-web.png\",\"contentUrl\":\"https:\/\/norwegianmade.no\/wp-content\/uploads\/2020\/11\/logo-liggende-norwegian-made-web.png\",\"width\":200,\"height\":58,\"caption\":\"Norwegian Made\"},\"image\":{\"@id\":\"https:\/\/norwegianmade.no\/#\/schema\/logo\/image\/\"}}]}<\/script>\n<!-- \/ Yoast SEO plugin. -->","yoast_head_json":{"title":"Dachsen &#8226; Norwegian Made","robots":{"index":"index","follow":"follow","max-snippet":"max-snippet:-1","max-image-preview":"max-image-preview:large","max-video-preview":"max-video-preview:-1"},"canonical":"https:\/\/norwegianmade.no\/produkt\/dachsen\/","og_locale":"en_US","og_type":"article","og_title":"Dachsen &#8226; Norwegian Made","og_description":"Sengehesten er h\u00e5ndlaget i Telmark, Norge. Spesiellt designet for \u00e5 passe p\u00e5 de sm\u00e5 dr\u00f8mmerene mens de sover.Det er litt skummelt n\u00e5r barna skal over i \"storebarn\" seng etter \u00e5 ha ligget s\u00e5 trygt og godt nede i sprinkelsengen. Vi er med \u00e5 gj\u00f8re denne overgangen litt tryggere.P\u00e5 bena monteres to st\u00f8tte ben som legges inn under madrassen for enn\u00e5 en forsikring om at sengehesten ikke velter n\u00e5r barnet lener seg mot den.\u00a0","og_url":"https:\/\/norwegianmade.no\/produkt\/dachsen\/","og_site_name":"Norwegian Made","article_modified_time":"2026-01-26T16:38:19+00:00","og_image":[{"width":1170,"height":1543,"url":"https:\/\/norwegianmade.no\/wp-content\/uploads\/2022\/10\/dachs.jpg","type":"image\/jpeg"}],"twitter_card":"summary_large_image","schema":{"@context":"https:\/\/schema.org","@graph":[{"@type":"WebPage","@id":"https:\/\/norwegianmade.no\/produkt\/dachsen\/","url":"https:\/\/norwegianmade.no\/produkt\/dachsen\/","name":"Dachsen &#8226; Norwegian Made","isPartOf":{"@id":"https:\/\/norwegianmade.no\/#website"},"primaryImageOfPage":{"@id":"https:\/\/norwegianmade.no\/produkt\/dachsen\/#primaryimage"},"image":{"@id":"https:\/\/norwegianmade.no\/produkt\/dachsen\/#primaryimage"},"thumbnailUrl":"https:\/\/norwegianmade.no\/wp-content\/uploads\/2022\/10\/IMG_9539.heic","datePublished":"2022-10-31T12:46:38+00:00","dateModified":"2026-01-26T16:38:19+00:00","breadcrumb":{"@id":"https:\/\/norwegianmade.no\/produkt\/dachsen\/#breadcrumb"},"inLanguage":"en-US","potentialAction":[{"@type":"ReadAction","target":["https:\/\/norwegianmade.no\/produkt\/dachsen\/"]}]},{"@type":"ImageObject","inLanguage":"en-US","@id":"https:\/\/norwegianmade.no\/produkt\/dachsen\/#primaryimage","url":"https:\/\/norwegianmade.no\/wp-content\/uploads\/2022\/10\/IMG_9539.heic","contentUrl":"https:\/\/norwegianmade.no\/wp-content\/uploads\/2022\/10\/IMG_9539.heic"},{"@type":"BreadcrumbList","@id":"https:\/\/norwegianmade.no\/produkt\/dachsen\/#breadcrumb","itemListElement":[{"@type":"ListItem","position":1,"name":"Hjem","item":"https:\/\/norwegianmade.no\/en\/"},{"@type":"ListItem","position":2,"name":"Shop","item":"https:\/\/norwegianmade.no\/en\/shop\/"},{"@type":"ListItem","position":3,"name":"Dachsen"}]},{"@type":"WebSite","@id":"https:\/\/norwegianmade.no\/#website","url":"https:\/\/norwegianmade.no\/","name":"Norwegian Made","description":"Norges st\u00f8rste markedsplass for norske produsenter","publisher":{"@id":"https:\/\/norwegianmade.no\/#organization"},"potentialAction":[{"@type":"SearchAction","target":{"@type":"EntryPoint","urlTemplate":"https:\/\/norwegianmade.no\/?s={search_term_string}"},"query-input":{"@type":"PropertyValueSpecification","valueRequired":true,"valueName":"search_term_string"}}],"inLanguage":"en-US"},{"@type":"Organization","@id":"https:\/\/norwegianmade.no\/#organization","name":"Norwegian Made","url":"https:\/\/norwegianmade.no\/","logo":{"@type":"ImageObject","inLanguage":"en-US","@id":"https:\/\/norwegianmade.no\/#\/schema\/logo\/image\/","url":"https:\/\/norwegianmade.no\/wp-content\/uploads\/2020\/11\/logo-liggende-norwegian-made-web.png","contentUrl":"https:\/\/norwegianmade.no\/wp-content\/uploads\/2020\/11\/logo-liggende-norwegian-made-web.png","width":200,"height":58,"caption":"Norwegian Made"},"image":{"@id":"https:\/\/norwegianmade.no\/#\/schema\/logo\/image\/"}}]}},"_links":{"self":[{"href":"https:\/\/norwegianmade.no\/en\/wp-json\/wp\/v2\/product\/16906","targetHints":{"allow":["GET"]}}],"collection":[{"href":"https:\/\/norwegianmade.no\/en\/wp-json\/wp\/v2\/product"}],"about":[{"href":"https:\/\/norwegianmade.no\/en\/wp-json\/wp\/v2\/types\/product"}],"replies":[{"embeddable":true,"href":"https:\/\/norwegianmade.no\/en\/wp-json\/wp\/v2\/comments?post=16906"}],"wp:attachment":[{"href":"https:\/\/norwegianmade.no\/en\/wp-json\/wp\/v2\/media?parent=16906"}],"wp:term":[{"taxonomy":"product_brand","embeddable":true,"href":"https:\/\/norwegianmade.no\/en\/wp-json\/wp\/v2\/product_brand?post=16906"},{"taxonomy":"product_cat","embeddable":true,"href":"https:\/\/norwegianmade.no\/en\/wp-json\/wp\/v2\/product_cat?post=16906"},{"taxonomy":"product_tag","embeddable":true,"href":"https:\/\/norwegianmade.no\/en\/wp-json\/wp\/v2\/product_tag?post=16906"}],"curies":[{"name":"wp","href":"https:\/\/api.w.org\/{rel}","templated":true}]}}