{"id":16966,"date":"2022-11-02T22:34:07","date_gmt":"2022-11-02T21:34:07","guid":{"rendered":"https:\/\/norwegianmade.no\/markedsplass\/uro-i-ull\/"},"modified":"2024-03-10T01:43:29","modified_gmt":"2024-03-10T00:43:29","slug":"uro-i-ull","status":"publish","type":"product","link":"https:\/\/norwegianmade.no\/en\/produkt\/uro-i-ull\/","title":{"rendered":"Uro i ull"},"content":{"rendered":"<p><\/p>\n","protected":false},"excerpt":{"rendered":"<p>Denne s\u00f8te uroen er ypperlig \u00e5 ha hengende over sengen, stellebordet eller lekegrinden s\u00e5 barnet har noe \u00e5 se p\u00e5 og more seg med.<\/p>\n<p>M\u00e5nen og skyene er sydd i ull, og fylt med allergivennlig og luktfri vatt. De er godt festet i solid hamptr\u00e5d sammen med dekorative ullkuler.<\/p>\n<p>Ringen er 20 cm i diameter.\u00a0<\/p>\n<p>Lengde fra ringen til nederste del er ca 50 cm, men kan lett justeres og gj\u00f8res kortere.<\/p>\n<p>Lengde fra ringen til oppheng er ca 43 cm.<\/p>\n<p>Uroen er en flott interi\u00f8rdetalj p\u00e5 barnerommet.\u00a0<\/p>\n<p>Flere bilder samt \u00a0noen videosnutter av uroene kan du se p\u00e5 min Instagramkonto @aasearild\u00a0<\/p>\n<p>Takk for bes\u00f8ket \u2601\ufe0f\ud83d\udc99\u2601\ufe0f\ud83e\udd0e\u2601\ufe0f<\/p>\n","protected":false},"featured_media":16964,"comment_status":"open","ping_status":"closed","template":"","meta":{"_acf_changed":false},"product_brand":[],"product_cat":[82,59,80,324,81,86],"product_tag":[],"class_list":{"0":"post-16966","1":"product","2":"type-product","3":"status-publish","4":"has-post-thumbnail","6":"product_vendor-ull-i-nord","7":"product_cat-handverk","8":"product_cat-interior-kunst","9":"product_cat-interiorartikler","10":"product_cat-jul","11":"product_cat-kunsthandverk","12":"product_cat-tekstilprodukter","14":"first","15":"instock","16":"taxable","17":"shipping-taxable","18":"product-type-simple"},"acf":[],"yoast_head":"<!-- This site is optimized with the Yoast SEO plugin v27.1.1 - https:\/\/yoast.com\/product\/yoast-seo-wordpress\/ -->\n<title>Uro i ull &#8226; Norwegian Made<\/title>\n<meta name=\"robots\" content=\"index, follow, max-snippet:-1, max-image-preview:large, max-video-preview:-1\" \/>\n<link rel=\"canonical\" href=\"https:\/\/norwegianmade.no\/en\/produkt\/uro-i-ull\/\" \/>\n<meta property=\"og:locale\" content=\"en_US\" \/>\n<meta property=\"og:type\" content=\"article\" \/>\n<meta property=\"og:title\" content=\"Uro i ull &#8226; Norwegian Made\" \/>\n<meta property=\"og:description\" content=\"Denne s\u00f8te uroen er ypperlig \u00e5 ha hengende over sengen, stellebordet eller lekegrinden s\u00e5 barnet har noe \u00e5 se p\u00e5 og more seg med.M\u00e5nen og skyene er sydd i ull, og fylt med allergivennlig og luktfri vatt. De er godt festet i solid hamptr\u00e5d sammen med dekorative ullkuler.Ringen er 20 cm i diameter.\u00a0Lengde fra ringen til nederste del er ca 50 cm, men kan lett justeres og gj\u00f8res kortere.Lengde fra ringen til oppheng er ca 43 cm.Uroen er en flott interi\u00f8rdetalj p\u00e5 barnerommet.\u00a0Flere bilder samt \u00a0noen videosnutter av uroene kan du se p\u00e5 min Instagramkonto @aasearild\u00a0Takk for bes\u00f8ket \u2601\ufe0f\ud83d\udc99\u2601\ufe0f\ud83e\udd0e\u2601\ufe0f\" \/>\n<meta property=\"og:url\" content=\"https:\/\/norwegianmade.no\/en\/produkt\/uro-i-ull\/\" \/>\n<meta property=\"og:site_name\" content=\"Norwegian Made\" \/>\n<meta property=\"article:modified_time\" content=\"2024-03-10T00:43:29+00:00\" \/>\n<meta property=\"og:image\" content=\"https:\/\/norwegianmade.no\/wp-content\/uploads\/2022\/11\/4EFF198C-4544-41FC-9BE5-2037411A80A9.jpeg\" \/>\n\t<meta property=\"og:image:width\" content=\"1059\" \/>\n\t<meta property=\"og:image:height\" content=\"1198\" \/>\n\t<meta property=\"og:image:type\" content=\"image\/jpeg\" \/>\n<meta name=\"twitter:card\" content=\"summary_large_image\" \/>\n<script type=\"application\/ld+json\" class=\"yoast-schema-graph\">{\"@context\":\"https:\/\/schema.org\",\"@graph\":[{\"@type\":\"WebPage\",\"@id\":\"https:\/\/norwegianmade.no\/en\/produkt\/uro-i-ull\/\",\"url\":\"https:\/\/norwegianmade.no\/en\/produkt\/uro-i-ull\/\",\"name\":\"Uro i ull &#8226; Norwegian Made\",\"isPartOf\":{\"@id\":\"https:\/\/norwegianmade.no\/#website\"},\"primaryImageOfPage\":{\"@id\":\"https:\/\/norwegianmade.no\/en\/produkt\/uro-i-ull\/#primaryimage\"},\"image\":{\"@id\":\"https:\/\/norwegianmade.no\/en\/produkt\/uro-i-ull\/#primaryimage\"},\"thumbnailUrl\":\"https:\/\/norwegianmade.no\/wp-content\/uploads\/2022\/11\/4EFF198C-4544-41FC-9BE5-2037411A80A9.jpeg\",\"datePublished\":\"2022-11-02T21:34:07+00:00\",\"dateModified\":\"2024-03-10T00:43:29+00:00\",\"breadcrumb\":{\"@id\":\"https:\/\/norwegianmade.no\/en\/produkt\/uro-i-ull\/#breadcrumb\"},\"inLanguage\":\"en-US\",\"potentialAction\":[{\"@type\":\"ReadAction\",\"target\":[\"https:\/\/norwegianmade.no\/en\/produkt\/uro-i-ull\/\"]}]},{\"@type\":\"ImageObject\",\"inLanguage\":\"en-US\",\"@id\":\"https:\/\/norwegianmade.no\/en\/produkt\/uro-i-ull\/#primaryimage\",\"url\":\"https:\/\/norwegianmade.no\/wp-content\/uploads\/2022\/11\/4EFF198C-4544-41FC-9BE5-2037411A80A9.jpeg\",\"contentUrl\":\"https:\/\/norwegianmade.no\/wp-content\/uploads\/2022\/11\/4EFF198C-4544-41FC-9BE5-2037411A80A9.jpeg\",\"width\":1059,\"height\":1198},{\"@type\":\"BreadcrumbList\",\"@id\":\"https:\/\/norwegianmade.no\/en\/produkt\/uro-i-ull\/#breadcrumb\",\"itemListElement\":[{\"@type\":\"ListItem\",\"position\":1,\"name\":\"Hjem\",\"item\":\"https:\/\/norwegianmade.no\/en\/\"},{\"@type\":\"ListItem\",\"position\":2,\"name\":\"Shop\",\"item\":\"https:\/\/norwegianmade.no\/en\/shop\/\"},{\"@type\":\"ListItem\",\"position\":3,\"name\":\"Uro i ull\"}]},{\"@type\":\"WebSite\",\"@id\":\"https:\/\/norwegianmade.no\/#website\",\"url\":\"https:\/\/norwegianmade.no\/\",\"name\":\"Norwegian Made\",\"description\":\"Norges st\u00f8rste markedsplass for norske produsenter\",\"publisher\":{\"@id\":\"https:\/\/norwegianmade.no\/#organization\"},\"potentialAction\":[{\"@type\":\"SearchAction\",\"target\":{\"@type\":\"EntryPoint\",\"urlTemplate\":\"https:\/\/norwegianmade.no\/?s={search_term_string}\"},\"query-input\":{\"@type\":\"PropertyValueSpecification\",\"valueRequired\":true,\"valueName\":\"search_term_string\"}}],\"inLanguage\":\"en-US\"},{\"@type\":\"Organization\",\"@id\":\"https:\/\/norwegianmade.no\/#organization\",\"name\":\"Norwegian Made\",\"url\":\"https:\/\/norwegianmade.no\/\",\"logo\":{\"@type\":\"ImageObject\",\"inLanguage\":\"en-US\",\"@id\":\"https:\/\/norwegianmade.no\/#\/schema\/logo\/image\/\",\"url\":\"https:\/\/norwegianmade.no\/wp-content\/uploads\/2020\/11\/logo-liggende-norwegian-made-web.png\",\"contentUrl\":\"https:\/\/norwegianmade.no\/wp-content\/uploads\/2020\/11\/logo-liggende-norwegian-made-web.png\",\"width\":200,\"height\":58,\"caption\":\"Norwegian Made\"},\"image\":{\"@id\":\"https:\/\/norwegianmade.no\/#\/schema\/logo\/image\/\"}}]}<\/script>\n<!-- \/ Yoast SEO plugin. -->","yoast_head_json":{"title":"Uro i ull &#8226; Norwegian Made","robots":{"index":"index","follow":"follow","max-snippet":"max-snippet:-1","max-image-preview":"max-image-preview:large","max-video-preview":"max-video-preview:-1"},"canonical":"https:\/\/norwegianmade.no\/en\/produkt\/uro-i-ull\/","og_locale":"en_US","og_type":"article","og_title":"Uro i ull &#8226; Norwegian Made","og_description":"Denne s\u00f8te uroen er ypperlig \u00e5 ha hengende over sengen, stellebordet eller lekegrinden s\u00e5 barnet har noe \u00e5 se p\u00e5 og more seg med.M\u00e5nen og skyene er sydd i ull, og fylt med allergivennlig og luktfri vatt. De er godt festet i solid hamptr\u00e5d sammen med dekorative ullkuler.Ringen er 20 cm i diameter.\u00a0Lengde fra ringen til nederste del er ca 50 cm, men kan lett justeres og gj\u00f8res kortere.Lengde fra ringen til oppheng er ca 43 cm.Uroen er en flott interi\u00f8rdetalj p\u00e5 barnerommet.\u00a0Flere bilder samt \u00a0noen videosnutter av uroene kan du se p\u00e5 min Instagramkonto @aasearild\u00a0Takk for bes\u00f8ket \u2601\ufe0f\ud83d\udc99\u2601\ufe0f\ud83e\udd0e\u2601\ufe0f","og_url":"https:\/\/norwegianmade.no\/en\/produkt\/uro-i-ull\/","og_site_name":"Norwegian Made","article_modified_time":"2024-03-10T00:43:29+00:00","og_image":[{"width":1059,"height":1198,"url":"https:\/\/norwegianmade.no\/wp-content\/uploads\/2022\/11\/4EFF198C-4544-41FC-9BE5-2037411A80A9.jpeg","type":"image\/jpeg"}],"twitter_card":"summary_large_image","schema":{"@context":"https:\/\/schema.org","@graph":[{"@type":"WebPage","@id":"https:\/\/norwegianmade.no\/en\/produkt\/uro-i-ull\/","url":"https:\/\/norwegianmade.no\/en\/produkt\/uro-i-ull\/","name":"Uro i ull &#8226; Norwegian Made","isPartOf":{"@id":"https:\/\/norwegianmade.no\/#website"},"primaryImageOfPage":{"@id":"https:\/\/norwegianmade.no\/en\/produkt\/uro-i-ull\/#primaryimage"},"image":{"@id":"https:\/\/norwegianmade.no\/en\/produkt\/uro-i-ull\/#primaryimage"},"thumbnailUrl":"https:\/\/norwegianmade.no\/wp-content\/uploads\/2022\/11\/4EFF198C-4544-41FC-9BE5-2037411A80A9.jpeg","datePublished":"2022-11-02T21:34:07+00:00","dateModified":"2024-03-10T00:43:29+00:00","breadcrumb":{"@id":"https:\/\/norwegianmade.no\/en\/produkt\/uro-i-ull\/#breadcrumb"},"inLanguage":"en-US","potentialAction":[{"@type":"ReadAction","target":["https:\/\/norwegianmade.no\/en\/produkt\/uro-i-ull\/"]}]},{"@type":"ImageObject","inLanguage":"en-US","@id":"https:\/\/norwegianmade.no\/en\/produkt\/uro-i-ull\/#primaryimage","url":"https:\/\/norwegianmade.no\/wp-content\/uploads\/2022\/11\/4EFF198C-4544-41FC-9BE5-2037411A80A9.jpeg","contentUrl":"https:\/\/norwegianmade.no\/wp-content\/uploads\/2022\/11\/4EFF198C-4544-41FC-9BE5-2037411A80A9.jpeg","width":1059,"height":1198},{"@type":"BreadcrumbList","@id":"https:\/\/norwegianmade.no\/en\/produkt\/uro-i-ull\/#breadcrumb","itemListElement":[{"@type":"ListItem","position":1,"name":"Hjem","item":"https:\/\/norwegianmade.no\/en\/"},{"@type":"ListItem","position":2,"name":"Shop","item":"https:\/\/norwegianmade.no\/en\/shop\/"},{"@type":"ListItem","position":3,"name":"Uro i ull"}]},{"@type":"WebSite","@id":"https:\/\/norwegianmade.no\/#website","url":"https:\/\/norwegianmade.no\/","name":"Norwegian Made","description":"Norges st\u00f8rste markedsplass for norske produsenter","publisher":{"@id":"https:\/\/norwegianmade.no\/#organization"},"potentialAction":[{"@type":"SearchAction","target":{"@type":"EntryPoint","urlTemplate":"https:\/\/norwegianmade.no\/?s={search_term_string}"},"query-input":{"@type":"PropertyValueSpecification","valueRequired":true,"valueName":"search_term_string"}}],"inLanguage":"en-US"},{"@type":"Organization","@id":"https:\/\/norwegianmade.no\/#organization","name":"Norwegian Made","url":"https:\/\/norwegianmade.no\/","logo":{"@type":"ImageObject","inLanguage":"en-US","@id":"https:\/\/norwegianmade.no\/#\/schema\/logo\/image\/","url":"https:\/\/norwegianmade.no\/wp-content\/uploads\/2020\/11\/logo-liggende-norwegian-made-web.png","contentUrl":"https:\/\/norwegianmade.no\/wp-content\/uploads\/2020\/11\/logo-liggende-norwegian-made-web.png","width":200,"height":58,"caption":"Norwegian Made"},"image":{"@id":"https:\/\/norwegianmade.no\/#\/schema\/logo\/image\/"}}]}},"_links":{"self":[{"href":"https:\/\/norwegianmade.no\/en\/wp-json\/wp\/v2\/product\/16966","targetHints":{"allow":["GET"]}}],"collection":[{"href":"https:\/\/norwegianmade.no\/en\/wp-json\/wp\/v2\/product"}],"about":[{"href":"https:\/\/norwegianmade.no\/en\/wp-json\/wp\/v2\/types\/product"}],"replies":[{"embeddable":true,"href":"https:\/\/norwegianmade.no\/en\/wp-json\/wp\/v2\/comments?post=16966"}],"wp:featuredmedia":[{"embeddable":true,"href":"https:\/\/norwegianmade.no\/en\/wp-json\/wp\/v2\/media\/16964"}],"wp:attachment":[{"href":"https:\/\/norwegianmade.no\/en\/wp-json\/wp\/v2\/media?parent=16966"}],"wp:term":[{"taxonomy":"product_brand","embeddable":true,"href":"https:\/\/norwegianmade.no\/en\/wp-json\/wp\/v2\/product_brand?post=16966"},{"taxonomy":"product_cat","embeddable":true,"href":"https:\/\/norwegianmade.no\/en\/wp-json\/wp\/v2\/product_cat?post=16966"},{"taxonomy":"product_tag","embeddable":true,"href":"https:\/\/norwegianmade.no\/en\/wp-json\/wp\/v2\/product_tag?post=16966"}],"curies":[{"name":"wp","href":"https:\/\/api.w.org\/{rel}","templated":true}]}}