{"id":16982,"date":"2022-11-04T13:31:47","date_gmt":"2022-11-04T12:31:47","guid":{"rendered":"https:\/\/norwegianmade.no\/markedsplass\/larven\/"},"modified":"2026-01-26T17:38:19","modified_gmt":"2026-01-26T16:38:19","slug":"larven","status":"archived","type":"product","link":"https:\/\/norwegianmade.no\/en\/produkt\/larven\/","title":{"rendered":"Larven"},"content":{"rendered":"<p><img loading=\"lazy\" decoding=\"async\" class=\"alignnone size-medium wp-image-16976\" src=\"https:\/\/norwegianmade.no\/wp-content\/uploads\/2022\/11\/IMG_0903-229x300.jpg\" alt=\"\" width=\"229\" height=\"300\" data-mce-src=\"https:\/\/norwegianmade.no\/wp-content\/uploads\/2022\/11\/IMG_0903-229x300.jpg\"><\/p>\n","protected":false},"excerpt":{"rendered":"<p>Sengehest,\u00a0 h\u00e5ndlaget p\u00e5 verkstedet i Telemark. Spesial laget for \u00e5 passe p\u00e5 s\u00e5 barna ikke faller ut av sengen mens de sover.<\/p>\n<p>Males i slitesterk maling, som ogs\u00e5 er trygg for barnet.<\/p>\n<p>Larven m\u00e5ler 90 cm i lengden, 2 cm i tykkelsen og 35 cm h\u00f8y opp til ryggen. (Kan ogs\u00e5 f\u00e5es i 50 cm h\u00f8yde.)<\/p>\n<p>Passer madrasser som er 5- 20 cm tykke.\u00a0<\/p>\n","protected":false},"featured_media":0,"comment_status":"open","ping_status":"closed","template":"","meta":{"_acf_changed":false},"product_brand":[],"product_cat":[59],"product_tag":[],"class_list":{"0":"post-16982","1":"product","2":"type-product","3":"status-archived","5":"product_vendor-sengehesten","6":"product_cat-interior-kunst","7":"product_shipping_class-norgespakke","9":"first","10":"instock","11":"taxable","12":"shipping-taxable","13":"product-type-simple"},"acf":[],"yoast_head":"<!-- This site is optimized with the Yoast SEO plugin v27.1.1 - https:\/\/yoast.com\/product\/yoast-seo-wordpress\/ -->\n<title>Larven &#8226; Norwegian Made<\/title>\n<meta name=\"robots\" content=\"index, follow, max-snippet:-1, max-image-preview:large, max-video-preview:-1\" \/>\n<link rel=\"canonical\" href=\"https:\/\/norwegianmade.no\/produkt\/larven\/\" \/>\n<meta property=\"og:locale\" content=\"en_US\" \/>\n<meta property=\"og:type\" content=\"article\" \/>\n<meta property=\"og:title\" content=\"Larven &#8226; Norwegian Made\" \/>\n<meta property=\"og:description\" content=\"Sengehest,\u00a0 h\u00e5ndlaget p\u00e5 verkstedet i Telemark. Spesial laget for \u00e5 passe p\u00e5 s\u00e5 barna ikke faller ut av sengen mens de sover.Males i slitesterk maling, som ogs\u00e5 er trygg for barnet.Larven m\u00e5ler 90 cm i lengden, 2 cm i tykkelsen og 35 cm h\u00f8y opp til ryggen. (Kan ogs\u00e5 f\u00e5es i 50 cm h\u00f8yde.)Passer madrasser som er 5- 20 cm tykke.\u00a0\" \/>\n<meta property=\"og:url\" content=\"https:\/\/norwegianmade.no\/produkt\/larven\/\" \/>\n<meta property=\"og:site_name\" content=\"Norwegian Made\" \/>\n<meta property=\"article:modified_time\" content=\"2026-01-26T16:38:19+00:00\" \/>\n<meta property=\"og:image\" content=\"https:\/\/norwegianmade.no\/wp-content\/uploads\/2022\/11\/IMG_9892-scaled.jpg\" \/>\n\t<meta property=\"og:image:width\" content=\"1920\" \/>\n\t<meta property=\"og:image:height\" content=\"2560\" \/>\n\t<meta property=\"og:image:type\" content=\"image\/jpeg\" \/>\n<meta name=\"twitter:card\" content=\"summary_large_image\" \/>\n<script type=\"application\/ld+json\" class=\"yoast-schema-graph\">{\"@context\":\"https:\/\/schema.org\",\"@graph\":[{\"@type\":\"WebPage\",\"@id\":\"https:\/\/norwegianmade.no\/produkt\/larven\/\",\"url\":\"https:\/\/norwegianmade.no\/produkt\/larven\/\",\"name\":\"Larven &#8226; Norwegian Made\",\"isPartOf\":{\"@id\":\"https:\/\/norwegianmade.no\/#website\"},\"primaryImageOfPage\":{\"@id\":\"https:\/\/norwegianmade.no\/produkt\/larven\/#primaryimage\"},\"image\":{\"@id\":\"https:\/\/norwegianmade.no\/produkt\/larven\/#primaryimage\"},\"thumbnailUrl\":\"https:\/\/norwegianmade.no\/wp-content\/uploads\/2022\/11\/IMG_0903-229x300.jpg\",\"datePublished\":\"2022-11-04T12:31:47+00:00\",\"dateModified\":\"2026-01-26T16:38:19+00:00\",\"breadcrumb\":{\"@id\":\"https:\/\/norwegianmade.no\/produkt\/larven\/#breadcrumb\"},\"inLanguage\":\"en-US\",\"potentialAction\":[{\"@type\":\"ReadAction\",\"target\":[\"https:\/\/norwegianmade.no\/produkt\/larven\/\"]}]},{\"@type\":\"ImageObject\",\"inLanguage\":\"en-US\",\"@id\":\"https:\/\/norwegianmade.no\/produkt\/larven\/#primaryimage\",\"url\":\"https:\/\/norwegianmade.no\/wp-content\/uploads\/2022\/11\/IMG_0903-229x300.jpg\",\"contentUrl\":\"https:\/\/norwegianmade.no\/wp-content\/uploads\/2022\/11\/IMG_0903-229x300.jpg\"},{\"@type\":\"BreadcrumbList\",\"@id\":\"https:\/\/norwegianmade.no\/produkt\/larven\/#breadcrumb\",\"itemListElement\":[{\"@type\":\"ListItem\",\"position\":1,\"name\":\"Hjem\",\"item\":\"https:\/\/norwegianmade.no\/en\/\"},{\"@type\":\"ListItem\",\"position\":2,\"name\":\"Shop\",\"item\":\"https:\/\/norwegianmade.no\/en\/shop\/\"},{\"@type\":\"ListItem\",\"position\":3,\"name\":\"Larven\"}]},{\"@type\":\"WebSite\",\"@id\":\"https:\/\/norwegianmade.no\/#website\",\"url\":\"https:\/\/norwegianmade.no\/\",\"name\":\"Norwegian Made\",\"description\":\"Norges st\u00f8rste markedsplass for norske produsenter\",\"publisher\":{\"@id\":\"https:\/\/norwegianmade.no\/#organization\"},\"potentialAction\":[{\"@type\":\"SearchAction\",\"target\":{\"@type\":\"EntryPoint\",\"urlTemplate\":\"https:\/\/norwegianmade.no\/?s={search_term_string}\"},\"query-input\":{\"@type\":\"PropertyValueSpecification\",\"valueRequired\":true,\"valueName\":\"search_term_string\"}}],\"inLanguage\":\"en-US\"},{\"@type\":\"Organization\",\"@id\":\"https:\/\/norwegianmade.no\/#organization\",\"name\":\"Norwegian Made\",\"url\":\"https:\/\/norwegianmade.no\/\",\"logo\":{\"@type\":\"ImageObject\",\"inLanguage\":\"en-US\",\"@id\":\"https:\/\/norwegianmade.no\/#\/schema\/logo\/image\/\",\"url\":\"https:\/\/norwegianmade.no\/wp-content\/uploads\/2020\/11\/logo-liggende-norwegian-made-web.png\",\"contentUrl\":\"https:\/\/norwegianmade.no\/wp-content\/uploads\/2020\/11\/logo-liggende-norwegian-made-web.png\",\"width\":200,\"height\":58,\"caption\":\"Norwegian Made\"},\"image\":{\"@id\":\"https:\/\/norwegianmade.no\/#\/schema\/logo\/image\/\"}}]}<\/script>\n<!-- \/ Yoast SEO plugin. -->","yoast_head_json":{"title":"Larven &#8226; Norwegian Made","robots":{"index":"index","follow":"follow","max-snippet":"max-snippet:-1","max-image-preview":"max-image-preview:large","max-video-preview":"max-video-preview:-1"},"canonical":"https:\/\/norwegianmade.no\/produkt\/larven\/","og_locale":"en_US","og_type":"article","og_title":"Larven &#8226; Norwegian Made","og_description":"Sengehest,\u00a0 h\u00e5ndlaget p\u00e5 verkstedet i Telemark. Spesial laget for \u00e5 passe p\u00e5 s\u00e5 barna ikke faller ut av sengen mens de sover.Males i slitesterk maling, som ogs\u00e5 er trygg for barnet.Larven m\u00e5ler 90 cm i lengden, 2 cm i tykkelsen og 35 cm h\u00f8y opp til ryggen. (Kan ogs\u00e5 f\u00e5es i 50 cm h\u00f8yde.)Passer madrasser som er 5- 20 cm tykke.\u00a0","og_url":"https:\/\/norwegianmade.no\/produkt\/larven\/","og_site_name":"Norwegian Made","article_modified_time":"2026-01-26T16:38:19+00:00","og_image":[{"width":1920,"height":2560,"url":"https:\/\/norwegianmade.no\/wp-content\/uploads\/2022\/11\/IMG_9892-scaled.jpg","type":"image\/jpeg"}],"twitter_card":"summary_large_image","schema":{"@context":"https:\/\/schema.org","@graph":[{"@type":"WebPage","@id":"https:\/\/norwegianmade.no\/produkt\/larven\/","url":"https:\/\/norwegianmade.no\/produkt\/larven\/","name":"Larven &#8226; Norwegian Made","isPartOf":{"@id":"https:\/\/norwegianmade.no\/#website"},"primaryImageOfPage":{"@id":"https:\/\/norwegianmade.no\/produkt\/larven\/#primaryimage"},"image":{"@id":"https:\/\/norwegianmade.no\/produkt\/larven\/#primaryimage"},"thumbnailUrl":"https:\/\/norwegianmade.no\/wp-content\/uploads\/2022\/11\/IMG_0903-229x300.jpg","datePublished":"2022-11-04T12:31:47+00:00","dateModified":"2026-01-26T16:38:19+00:00","breadcrumb":{"@id":"https:\/\/norwegianmade.no\/produkt\/larven\/#breadcrumb"},"inLanguage":"en-US","potentialAction":[{"@type":"ReadAction","target":["https:\/\/norwegianmade.no\/produkt\/larven\/"]}]},{"@type":"ImageObject","inLanguage":"en-US","@id":"https:\/\/norwegianmade.no\/produkt\/larven\/#primaryimage","url":"https:\/\/norwegianmade.no\/wp-content\/uploads\/2022\/11\/IMG_0903-229x300.jpg","contentUrl":"https:\/\/norwegianmade.no\/wp-content\/uploads\/2022\/11\/IMG_0903-229x300.jpg"},{"@type":"BreadcrumbList","@id":"https:\/\/norwegianmade.no\/produkt\/larven\/#breadcrumb","itemListElement":[{"@type":"ListItem","position":1,"name":"Hjem","item":"https:\/\/norwegianmade.no\/en\/"},{"@type":"ListItem","position":2,"name":"Shop","item":"https:\/\/norwegianmade.no\/en\/shop\/"},{"@type":"ListItem","position":3,"name":"Larven"}]},{"@type":"WebSite","@id":"https:\/\/norwegianmade.no\/#website","url":"https:\/\/norwegianmade.no\/","name":"Norwegian Made","description":"Norges st\u00f8rste markedsplass for norske produsenter","publisher":{"@id":"https:\/\/norwegianmade.no\/#organization"},"potentialAction":[{"@type":"SearchAction","target":{"@type":"EntryPoint","urlTemplate":"https:\/\/norwegianmade.no\/?s={search_term_string}"},"query-input":{"@type":"PropertyValueSpecification","valueRequired":true,"valueName":"search_term_string"}}],"inLanguage":"en-US"},{"@type":"Organization","@id":"https:\/\/norwegianmade.no\/#organization","name":"Norwegian Made","url":"https:\/\/norwegianmade.no\/","logo":{"@type":"ImageObject","inLanguage":"en-US","@id":"https:\/\/norwegianmade.no\/#\/schema\/logo\/image\/","url":"https:\/\/norwegianmade.no\/wp-content\/uploads\/2020\/11\/logo-liggende-norwegian-made-web.png","contentUrl":"https:\/\/norwegianmade.no\/wp-content\/uploads\/2020\/11\/logo-liggende-norwegian-made-web.png","width":200,"height":58,"caption":"Norwegian Made"},"image":{"@id":"https:\/\/norwegianmade.no\/#\/schema\/logo\/image\/"}}]}},"_links":{"self":[{"href":"https:\/\/norwegianmade.no\/en\/wp-json\/wp\/v2\/product\/16982","targetHints":{"allow":["GET"]}}],"collection":[{"href":"https:\/\/norwegianmade.no\/en\/wp-json\/wp\/v2\/product"}],"about":[{"href":"https:\/\/norwegianmade.no\/en\/wp-json\/wp\/v2\/types\/product"}],"replies":[{"embeddable":true,"href":"https:\/\/norwegianmade.no\/en\/wp-json\/wp\/v2\/comments?post=16982"}],"wp:attachment":[{"href":"https:\/\/norwegianmade.no\/en\/wp-json\/wp\/v2\/media?parent=16982"}],"wp:term":[{"taxonomy":"product_brand","embeddable":true,"href":"https:\/\/norwegianmade.no\/en\/wp-json\/wp\/v2\/product_brand?post=16982"},{"taxonomy":"product_cat","embeddable":true,"href":"https:\/\/norwegianmade.no\/en\/wp-json\/wp\/v2\/product_cat?post=16982"},{"taxonomy":"product_tag","embeddable":true,"href":"https:\/\/norwegianmade.no\/en\/wp-json\/wp\/v2\/product_tag?post=16982"}],"curies":[{"name":"wp","href":"https:\/\/api.w.org\/{rel}","templated":true}]}}