{"id":17031,"date":"2022-11-07T18:10:21","date_gmt":"2022-11-07T17:10:21","guid":{"rendered":"https:\/\/norwegianmade.no\/markedsplass\/agurk-og-lime-sjampo\/"},"modified":"2026-04-06T20:54:15","modified_gmt":"2026-04-06T18:54:15","slug":"agurk-og-lime-sjampo","status":"publish","type":"product","link":"https:\/\/norwegianmade.no\/en\/produkt\/agurk-og-lime-sjampo\/","title":{"rendered":"Agurk og Lime Sjampo"},"content":{"rendered":"<p>Vekt: 75g<\/p>\n<p>Velg mellom b\u00e6rekraftig aluminiumsboks eller lett papiremballasje. P\u00e5 grunn av h\u00e5ndproduksjon hver sjampobar kan v\u00e6re litt annerledes<\/p>\n<p><em>Ingredienser: SODIUM COCOYL ISETHIONATE,SOLANUM TUBEROSUM STARCH, KAOLIN, BEHENTRIMONIUM METHYLOSULFATE, CETEARYL ALCOHOL, GLYCERIN, DECYL GLUCOSIDE, CUCUMIS SATIVUS FRUIT POWDER, BETAINE, INULIN, HYALURONIC ACID, PARFUM, LAURYL GLUCOSIDE, CAPRYL\/CAPRYLYL GLUCOSIDE, CITRIC ACID, CITRUS LIMON PEEL OIL*, MENTHA PIPERITA LEAF\/FLOWER\/STEM OIL*, CITRUS AURANTIFOLIA OIL*, MENTHA SPICATA OIL*, CITRUS AURANTIUM<br data-mce-fragment=\"1\">BERGAMIA OIL*, CUCUMIS SATIVUS FRUIT EXTRACT,<\/em><\/p>\n<p>*Limonene, Linalool, Citronellol, Methyl Ionone, Cinnamal<\/p>\n","protected":false},"excerpt":{"rendered":"<h4>For hvert slitne hode!<\/h4>\n<p>Frisk Agurk og Lime sjampobar er fylt med alt hodet ditt trenger for \u00e5 f\u00f8les lett og friskt.\u00a0<\/p>\n<p>Formel basert p\u00e5 delikat overflateaktivt middel fra kokosolje (Sodium Cocoyl Isethionate), sk\u00e5nsomt decylglukosid og agurkfruktvann vil l\u00f8se opp og rense smuss og fett fra hodebunnen din.<\/p>\n<p>Delikat hvit leire og potetstivelse vil ta vare p\u00e5 talgoverskudd mens glyserin vil gi fuktighetsgivende egenskaper.\u00a0Tilsetning av agurkekstrakt, inulin og r\u00f8dbetbetain vil holde hodet og h\u00e5ret lett og sunt.\u00a0Lite innhold av ekstra balsam vil gi h\u00e5ret fin glans.\u00a0<\/p>\n<p>Blanding av saftig agurk, sitron, lime og peppermynte vil gi deg en f\u00f8lelse av friskhet og letthet<\/p>\n","protected":false},"featured_media":17029,"comment_status":"open","ping_status":"closed","template":"","meta":{"_acf_changed":false},"product_brand":[],"product_cat":[122,67,324],"product_tag":[],"class_list":{"0":"post-17031","1":"product","2":"type-product","3":"status-publish","4":"has-post-thumbnail","6":"product_vendor-creation-meets-nature","7":"product_cat-har","8":"product_cat-hudpleie","9":"product_cat-jul","11":"first","12":"instock","13":"taxable","14":"shipping-taxable","15":"product-type-simple"},"acf":[],"yoast_head":"<!-- This site is optimized with the Yoast SEO plugin v27.1.1 - https:\/\/yoast.com\/product\/yoast-seo-wordpress\/ -->\n<title>Agurk og Lime Sjampo &#8226; Norwegian Made<\/title>\n<meta name=\"robots\" content=\"index, follow, max-snippet:-1, max-image-preview:large, max-video-preview:-1\" \/>\n<link rel=\"canonical\" href=\"https:\/\/norwegianmade.no\/produkt\/agurk-og-lime-sjampo\/\" \/>\n<meta property=\"og:locale\" content=\"en_US\" \/>\n<meta property=\"og:type\" content=\"article\" \/>\n<meta property=\"og:title\" content=\"Agurk og Lime Sjampo &#8226; Norwegian Made\" \/>\n<meta property=\"og:description\" content=\"For hvert slitne hode!Frisk Agurk og Lime sjampobar er fylt med alt hodet ditt trenger for \u00e5 f\u00f8les lett og friskt.\u00a0Formel basert p\u00e5 delikat overflateaktivt middel fra kokosolje (Sodium Cocoyl Isethionate), sk\u00e5nsomt decylglukosid og agurkfruktvann vil l\u00f8se opp og rense smuss og fett fra hodebunnen din.Delikat hvit leire og potetstivelse vil ta vare p\u00e5 talgoverskudd mens glyserin vil gi fuktighetsgivende egenskaper.\u00a0Tilsetning av agurkekstrakt, inulin og r\u00f8dbetbetain vil holde hodet og h\u00e5ret lett og sunt.\u00a0Lite innhold av ekstra balsam vil gi h\u00e5ret fin glans.\u00a0Blanding av saftig agurk, sitron, lime og peppermynte vil gi deg en f\u00f8lelse av friskhet og letthet\" \/>\n<meta property=\"og:url\" content=\"https:\/\/norwegianmade.no\/produkt\/agurk-og-lime-sjampo\/\" \/>\n<meta property=\"og:site_name\" content=\"Norwegian Made\" \/>\n<meta property=\"article:modified_time\" content=\"2026-04-06T18:54:15+00:00\" \/>\n<meta property=\"og:image\" content=\"https:\/\/norwegianmade.no\/wp-content\/uploads\/2022\/11\/Projekt-bez-tytulu-35-1024x1024.png\" \/>\n\t<meta property=\"og:image:width\" content=\"1024\" \/>\n\t<meta property=\"og:image:height\" content=\"1024\" \/>\n\t<meta property=\"og:image:type\" content=\"image\/png\" \/>\n<meta name=\"twitter:card\" content=\"summary_large_image\" \/>\n<script type=\"application\/ld+json\" class=\"yoast-schema-graph\">{\"@context\":\"https:\/\/schema.org\",\"@graph\":[{\"@type\":\"WebPage\",\"@id\":\"https:\/\/norwegianmade.no\/produkt\/agurk-og-lime-sjampo\/\",\"url\":\"https:\/\/norwegianmade.no\/produkt\/agurk-og-lime-sjampo\/\",\"name\":\"Agurk og Lime Sjampo &#8226; Norwegian Made\",\"isPartOf\":{\"@id\":\"https:\/\/norwegianmade.no\/#website\"},\"primaryImageOfPage\":{\"@id\":\"https:\/\/norwegianmade.no\/produkt\/agurk-og-lime-sjampo\/#primaryimage\"},\"image\":{\"@id\":\"https:\/\/norwegianmade.no\/produkt\/agurk-og-lime-sjampo\/#primaryimage\"},\"thumbnailUrl\":\"https:\/\/norwegianmade.no\/wp-content\/uploads\/2022\/11\/Projekt-bez-tytulu-35.png\",\"datePublished\":\"2022-11-07T17:10:21+00:00\",\"dateModified\":\"2026-04-06T18:54:15+00:00\",\"breadcrumb\":{\"@id\":\"https:\/\/norwegianmade.no\/produkt\/agurk-og-lime-sjampo\/#breadcrumb\"},\"inLanguage\":\"en-US\",\"potentialAction\":[{\"@type\":\"ReadAction\",\"target\":[\"https:\/\/norwegianmade.no\/produkt\/agurk-og-lime-sjampo\/\"]}]},{\"@type\":\"ImageObject\",\"inLanguage\":\"en-US\",\"@id\":\"https:\/\/norwegianmade.no\/produkt\/agurk-og-lime-sjampo\/#primaryimage\",\"url\":\"https:\/\/norwegianmade.no\/wp-content\/uploads\/2022\/11\/Projekt-bez-tytulu-35.png\",\"contentUrl\":\"https:\/\/norwegianmade.no\/wp-content\/uploads\/2022\/11\/Projekt-bez-tytulu-35.png\",\"width\":1620,\"height\":1620},{\"@type\":\"BreadcrumbList\",\"@id\":\"https:\/\/norwegianmade.no\/produkt\/agurk-og-lime-sjampo\/#breadcrumb\",\"itemListElement\":[{\"@type\":\"ListItem\",\"position\":1,\"name\":\"Hjem\",\"item\":\"https:\/\/norwegianmade.no\/en\/\"},{\"@type\":\"ListItem\",\"position\":2,\"name\":\"Shop\",\"item\":\"https:\/\/norwegianmade.no\/en\/shop\/\"},{\"@type\":\"ListItem\",\"position\":3,\"name\":\"Agurk og Lime Sjampo\"}]},{\"@type\":\"WebSite\",\"@id\":\"https:\/\/norwegianmade.no\/#website\",\"url\":\"https:\/\/norwegianmade.no\/\",\"name\":\"Norwegian Made\",\"description\":\"Norges st\u00f8rste markedsplass for norske produsenter\",\"publisher\":{\"@id\":\"https:\/\/norwegianmade.no\/#organization\"},\"potentialAction\":[{\"@type\":\"SearchAction\",\"target\":{\"@type\":\"EntryPoint\",\"urlTemplate\":\"https:\/\/norwegianmade.no\/?s={search_term_string}\"},\"query-input\":{\"@type\":\"PropertyValueSpecification\",\"valueRequired\":true,\"valueName\":\"search_term_string\"}}],\"inLanguage\":\"en-US\"},{\"@type\":\"Organization\",\"@id\":\"https:\/\/norwegianmade.no\/#organization\",\"name\":\"Norwegian Made\",\"url\":\"https:\/\/norwegianmade.no\/\",\"logo\":{\"@type\":\"ImageObject\",\"inLanguage\":\"en-US\",\"@id\":\"https:\/\/norwegianmade.no\/#\/schema\/logo\/image\/\",\"url\":\"https:\/\/norwegianmade.no\/wp-content\/uploads\/2020\/11\/logo-liggende-norwegian-made-web.png\",\"contentUrl\":\"https:\/\/norwegianmade.no\/wp-content\/uploads\/2020\/11\/logo-liggende-norwegian-made-web.png\",\"width\":200,\"height\":58,\"caption\":\"Norwegian Made\"},\"image\":{\"@id\":\"https:\/\/norwegianmade.no\/#\/schema\/logo\/image\/\"}}]}<\/script>\n<!-- \/ Yoast SEO plugin. -->","yoast_head_json":{"title":"Agurk og Lime Sjampo &#8226; Norwegian Made","robots":{"index":"index","follow":"follow","max-snippet":"max-snippet:-1","max-image-preview":"max-image-preview:large","max-video-preview":"max-video-preview:-1"},"canonical":"https:\/\/norwegianmade.no\/produkt\/agurk-og-lime-sjampo\/","og_locale":"en_US","og_type":"article","og_title":"Agurk og Lime Sjampo &#8226; Norwegian Made","og_description":"For hvert slitne hode!Frisk Agurk og Lime sjampobar er fylt med alt hodet ditt trenger for \u00e5 f\u00f8les lett og friskt.\u00a0Formel basert p\u00e5 delikat overflateaktivt middel fra kokosolje (Sodium Cocoyl Isethionate), sk\u00e5nsomt decylglukosid og agurkfruktvann vil l\u00f8se opp og rense smuss og fett fra hodebunnen din.Delikat hvit leire og potetstivelse vil ta vare p\u00e5 talgoverskudd mens glyserin vil gi fuktighetsgivende egenskaper.\u00a0Tilsetning av agurkekstrakt, inulin og r\u00f8dbetbetain vil holde hodet og h\u00e5ret lett og sunt.\u00a0Lite innhold av ekstra balsam vil gi h\u00e5ret fin glans.\u00a0Blanding av saftig agurk, sitron, lime og peppermynte vil gi deg en f\u00f8lelse av friskhet og letthet","og_url":"https:\/\/norwegianmade.no\/produkt\/agurk-og-lime-sjampo\/","og_site_name":"Norwegian Made","article_modified_time":"2026-04-06T18:54:15+00:00","og_image":[{"width":1024,"height":1024,"url":"https:\/\/norwegianmade.no\/wp-content\/uploads\/2022\/11\/Projekt-bez-tytulu-35-1024x1024.png","type":"image\/png"}],"twitter_card":"summary_large_image","schema":{"@context":"https:\/\/schema.org","@graph":[{"@type":"WebPage","@id":"https:\/\/norwegianmade.no\/produkt\/agurk-og-lime-sjampo\/","url":"https:\/\/norwegianmade.no\/produkt\/agurk-og-lime-sjampo\/","name":"Agurk og Lime Sjampo &#8226; Norwegian Made","isPartOf":{"@id":"https:\/\/norwegianmade.no\/#website"},"primaryImageOfPage":{"@id":"https:\/\/norwegianmade.no\/produkt\/agurk-og-lime-sjampo\/#primaryimage"},"image":{"@id":"https:\/\/norwegianmade.no\/produkt\/agurk-og-lime-sjampo\/#primaryimage"},"thumbnailUrl":"https:\/\/norwegianmade.no\/wp-content\/uploads\/2022\/11\/Projekt-bez-tytulu-35.png","datePublished":"2022-11-07T17:10:21+00:00","dateModified":"2026-04-06T18:54:15+00:00","breadcrumb":{"@id":"https:\/\/norwegianmade.no\/produkt\/agurk-og-lime-sjampo\/#breadcrumb"},"inLanguage":"en-US","potentialAction":[{"@type":"ReadAction","target":["https:\/\/norwegianmade.no\/produkt\/agurk-og-lime-sjampo\/"]}]},{"@type":"ImageObject","inLanguage":"en-US","@id":"https:\/\/norwegianmade.no\/produkt\/agurk-og-lime-sjampo\/#primaryimage","url":"https:\/\/norwegianmade.no\/wp-content\/uploads\/2022\/11\/Projekt-bez-tytulu-35.png","contentUrl":"https:\/\/norwegianmade.no\/wp-content\/uploads\/2022\/11\/Projekt-bez-tytulu-35.png","width":1620,"height":1620},{"@type":"BreadcrumbList","@id":"https:\/\/norwegianmade.no\/produkt\/agurk-og-lime-sjampo\/#breadcrumb","itemListElement":[{"@type":"ListItem","position":1,"name":"Hjem","item":"https:\/\/norwegianmade.no\/en\/"},{"@type":"ListItem","position":2,"name":"Shop","item":"https:\/\/norwegianmade.no\/en\/shop\/"},{"@type":"ListItem","position":3,"name":"Agurk og Lime Sjampo"}]},{"@type":"WebSite","@id":"https:\/\/norwegianmade.no\/#website","url":"https:\/\/norwegianmade.no\/","name":"Norwegian Made","description":"Norges st\u00f8rste markedsplass for norske produsenter","publisher":{"@id":"https:\/\/norwegianmade.no\/#organization"},"potentialAction":[{"@type":"SearchAction","target":{"@type":"EntryPoint","urlTemplate":"https:\/\/norwegianmade.no\/?s={search_term_string}"},"query-input":{"@type":"PropertyValueSpecification","valueRequired":true,"valueName":"search_term_string"}}],"inLanguage":"en-US"},{"@type":"Organization","@id":"https:\/\/norwegianmade.no\/#organization","name":"Norwegian Made","url":"https:\/\/norwegianmade.no\/","logo":{"@type":"ImageObject","inLanguage":"en-US","@id":"https:\/\/norwegianmade.no\/#\/schema\/logo\/image\/","url":"https:\/\/norwegianmade.no\/wp-content\/uploads\/2020\/11\/logo-liggende-norwegian-made-web.png","contentUrl":"https:\/\/norwegianmade.no\/wp-content\/uploads\/2020\/11\/logo-liggende-norwegian-made-web.png","width":200,"height":58,"caption":"Norwegian Made"},"image":{"@id":"https:\/\/norwegianmade.no\/#\/schema\/logo\/image\/"}}]}},"_links":{"self":[{"href":"https:\/\/norwegianmade.no\/en\/wp-json\/wp\/v2\/product\/17031","targetHints":{"allow":["GET"]}}],"collection":[{"href":"https:\/\/norwegianmade.no\/en\/wp-json\/wp\/v2\/product"}],"about":[{"href":"https:\/\/norwegianmade.no\/en\/wp-json\/wp\/v2\/types\/product"}],"replies":[{"embeddable":true,"href":"https:\/\/norwegianmade.no\/en\/wp-json\/wp\/v2\/comments?post=17031"}],"wp:featuredmedia":[{"embeddable":true,"href":"https:\/\/norwegianmade.no\/en\/wp-json\/wp\/v2\/media\/17029"}],"wp:attachment":[{"href":"https:\/\/norwegianmade.no\/en\/wp-json\/wp\/v2\/media?parent=17031"}],"wp:term":[{"taxonomy":"product_brand","embeddable":true,"href":"https:\/\/norwegianmade.no\/en\/wp-json\/wp\/v2\/product_brand?post=17031"},{"taxonomy":"product_cat","embeddable":true,"href":"https:\/\/norwegianmade.no\/en\/wp-json\/wp\/v2\/product_cat?post=17031"},{"taxonomy":"product_tag","embeddable":true,"href":"https:\/\/norwegianmade.no\/en\/wp-json\/wp\/v2\/product_tag?post=17031"}],"curies":[{"name":"wp","href":"https:\/\/api.w.org\/{rel}","templated":true}]}}