{"id":17064,"date":"2022-11-13T15:52:10","date_gmt":"2022-11-13T14:52:10","guid":{"rendered":"https:\/\/norwegianmade.no\/markedsplass\/lavendel-rosmarin-sjampobar\/"},"modified":"2026-01-26T17:39:45","modified_gmt":"2026-01-26T16:39:45","slug":"lavendel-rosmarin-sjampobar","status":"archived","type":"product","link":"https:\/\/norwegianmade.no\/en\/produkt\/lavendel-rosmarin-sjampobar\/","title":{"rendered":"Lavendel Rosmarin sjampobar"},"content":{"rendered":"<p><\/p>\n","protected":false},"excerpt":{"rendered":"<p><span style=\"font-size: 14px\" data-mce-style=\"font-size: 14px;\"><span style=\"font-family: Lucida Sans Unicode,Lucida Grande,sans-serif\" data-mce-style=\"font-family: Lucida Sans Unicode,Lucida Grande,sans-serif;\"><span style=\"color: #000000\" data-mce-style=\"color: #000000;\">For den, som er blitt litt for t\u00f8rr bak \u00f8yrene<\/span><\/span><\/span><\/p>\n<p><span style=\"font-size: 14px\" data-mce-style=\"font-size: 14px;\"><span style=\"font-family: Lucida Sans Unicode,Lucida Grande,sans-serif\" data-mce-style=\"font-family: Lucida Sans Unicode,Lucida Grande,sans-serif;\"><span style=\"color: #000000\" data-mce-style=\"color: #000000;\"><span style=\"line-height: normal\" data-mce-style=\"line-height: normal;\">Ein kombinert sjampo og balsam i eitt s\u00e5pestykke, som gjev litt ekstra fukt til h\u00e5r og hovudbotn. Her har eg nytta b\u00e5de olje uttrekk av lavendel og lavendel hydrolat for \u00e5 gje sjampoen eit skikkeleg hud pleiande boost. Rosmarin stimulerer blodoml\u00f8pet i hovudbotnen og kan ha nyttig effekt b\u00e5de ved h\u00e5rtap og flass. I tillegg har eg tilsett n\u00e6rande kokosmelk. For, som reklamen fortel oss, s\u00e5 startar eit sunt h\u00e5r med ein sunn hovudbotn. Eg kunne ikkje vore meir enig! Passar godt til dei med t\u00f8rt h\u00e5r, og for dei som er blitt litt gr\u00e5 p\u00e5 toppen.<\/span><\/span><\/span><\/span><\/p>\n<p style=\"text-align: center\" data-mce-style=\"text-align: center;\"><span style=\"font-size: 14px\" data-mce-style=\"font-size: 14px;\"><span style=\"font-family: Lucida Sans Unicode,Lucida Grande,sans-serif\" data-mce-style=\"font-family: Lucida Sans Unicode,Lucida Grande,sans-serif;\"><span style=\"line-height: normal\" data-mce-style=\"line-height: normal;\">Produktet inneheld ingen animalske ingrediensar, og kan trygt nyttast av veganarar<\/span><\/span><\/span><\/p>\n<p style=\"text-align: center\" data-mce-style=\"text-align: center;\"><span style=\"font-family: Lucida Sans Unicode,Lucida Grande,sans-serif\" data-mce-style=\"font-family: Lucida Sans Unicode,Lucida Grande,sans-serif;\">Net. vekt 90-100 g<\/span><\/p>\n","protected":false},"featured_media":0,"comment_status":"open","ping_status":"closed","template":"","meta":{"_acf_changed":false},"product_brand":[],"product_cat":[122,121],"product_tag":[],"class_list":{"0":"post-17064","1":"product","2":"type-product","3":"status-archived","5":"product_vendor-blomsten-og-bia-sapekokeri","6":"product_cat-har","7":"product_cat-saper","9":"first","10":"instock","11":"taxable","12":"shipping-taxable","13":"product-type-external"},"acf":[],"yoast_head":"<!-- This site is optimized with the Yoast SEO plugin v27.1.1 - https:\/\/yoast.com\/product\/yoast-seo-wordpress\/ -->\n<title>Lavendel Rosmarin sjampobar &#8226; Norwegian Made<\/title>\n<meta name=\"robots\" content=\"index, follow, max-snippet:-1, max-image-preview:large, max-video-preview:-1\" \/>\n<link rel=\"canonical\" href=\"https:\/\/norwegianmade.no\/produkt\/lavendel-rosmarin-sjampobar\/\" \/>\n<meta property=\"og:locale\" content=\"en_US\" \/>\n<meta property=\"og:type\" content=\"article\" \/>\n<meta property=\"og:title\" content=\"Lavendel Rosmarin sjampobar &#8226; Norwegian Made\" \/>\n<meta property=\"og:description\" content=\"For den, som er blitt litt for t\u00f8rr bak \u00f8yreneEin kombinert sjampo og balsam i eitt s\u00e5pestykke, som gjev litt ekstra fukt til h\u00e5r og hovudbotn. Her har eg nytta b\u00e5de olje uttrekk av lavendel og lavendel hydrolat for \u00e5 gje sjampoen eit skikkeleg hud pleiande boost. Rosmarin stimulerer blodoml\u00f8pet i hovudbotnen og kan ha nyttig effekt b\u00e5de ved h\u00e5rtap og flass. I tillegg har eg tilsett n\u00e6rande kokosmelk. For, som reklamen fortel oss, s\u00e5 startar eit sunt h\u00e5r med ein sunn hovudbotn. Eg kunne ikkje vore meir enig! Passar godt til dei med t\u00f8rt h\u00e5r, og for dei som er blitt litt gr\u00e5 p\u00e5 toppen.Produktet inneheld ingen animalske ingrediensar, og kan trygt nyttast av veganararNet. vekt 90-100 g\" \/>\n<meta property=\"og:url\" content=\"https:\/\/norwegianmade.no\/produkt\/lavendel-rosmarin-sjampobar\/\" \/>\n<meta property=\"og:site_name\" content=\"Norwegian Made\" \/>\n<meta property=\"article:modified_time\" content=\"2026-01-26T16:39:45+00:00\" \/>\n<meta property=\"og:image\" content=\"https:\/\/norwegianmade.no\/wp-content\/uploads\/2022\/11\/DSCN4546-1024x768.jpg\" \/>\n\t<meta property=\"og:image:width\" content=\"1024\" \/>\n\t<meta property=\"og:image:height\" content=\"768\" \/>\n\t<meta property=\"og:image:type\" content=\"image\/jpeg\" \/>\n<meta name=\"twitter:card\" content=\"summary_large_image\" \/>\n<script type=\"application\/ld+json\" class=\"yoast-schema-graph\">{\"@context\":\"https:\/\/schema.org\",\"@graph\":[{\"@type\":\"WebPage\",\"@id\":\"https:\/\/norwegianmade.no\/produkt\/lavendel-rosmarin-sjampobar\/\",\"url\":\"https:\/\/norwegianmade.no\/produkt\/lavendel-rosmarin-sjampobar\/\",\"name\":\"Lavendel Rosmarin sjampobar &#8226; Norwegian Made\",\"isPartOf\":{\"@id\":\"https:\/\/norwegianmade.no\/#website\"},\"datePublished\":\"2022-11-13T14:52:10+00:00\",\"dateModified\":\"2026-01-26T16:39:45+00:00\",\"breadcrumb\":{\"@id\":\"https:\/\/norwegianmade.no\/produkt\/lavendel-rosmarin-sjampobar\/#breadcrumb\"},\"inLanguage\":\"en-US\",\"potentialAction\":[{\"@type\":\"ReadAction\",\"target\":[\"https:\/\/norwegianmade.no\/produkt\/lavendel-rosmarin-sjampobar\/\"]}]},{\"@type\":\"BreadcrumbList\",\"@id\":\"https:\/\/norwegianmade.no\/produkt\/lavendel-rosmarin-sjampobar\/#breadcrumb\",\"itemListElement\":[{\"@type\":\"ListItem\",\"position\":1,\"name\":\"Hjem\",\"item\":\"https:\/\/norwegianmade.no\/en\/\"},{\"@type\":\"ListItem\",\"position\":2,\"name\":\"Shop\",\"item\":\"https:\/\/norwegianmade.no\/en\/shop\/\"},{\"@type\":\"ListItem\",\"position\":3,\"name\":\"Lavendel Rosmarin sjampobar\"}]},{\"@type\":\"WebSite\",\"@id\":\"https:\/\/norwegianmade.no\/#website\",\"url\":\"https:\/\/norwegianmade.no\/\",\"name\":\"Norwegian Made\",\"description\":\"Norges st\u00f8rste markedsplass for norske produsenter\",\"publisher\":{\"@id\":\"https:\/\/norwegianmade.no\/#organization\"},\"potentialAction\":[{\"@type\":\"SearchAction\",\"target\":{\"@type\":\"EntryPoint\",\"urlTemplate\":\"https:\/\/norwegianmade.no\/?s={search_term_string}\"},\"query-input\":{\"@type\":\"PropertyValueSpecification\",\"valueRequired\":true,\"valueName\":\"search_term_string\"}}],\"inLanguage\":\"en-US\"},{\"@type\":\"Organization\",\"@id\":\"https:\/\/norwegianmade.no\/#organization\",\"name\":\"Norwegian Made\",\"url\":\"https:\/\/norwegianmade.no\/\",\"logo\":{\"@type\":\"ImageObject\",\"inLanguage\":\"en-US\",\"@id\":\"https:\/\/norwegianmade.no\/#\/schema\/logo\/image\/\",\"url\":\"https:\/\/norwegianmade.no\/wp-content\/uploads\/2020\/11\/logo-liggende-norwegian-made-web.png\",\"contentUrl\":\"https:\/\/norwegianmade.no\/wp-content\/uploads\/2020\/11\/logo-liggende-norwegian-made-web.png\",\"width\":200,\"height\":58,\"caption\":\"Norwegian Made\"},\"image\":{\"@id\":\"https:\/\/norwegianmade.no\/#\/schema\/logo\/image\/\"}}]}<\/script>\n<!-- \/ Yoast SEO plugin. -->","yoast_head_json":{"title":"Lavendel Rosmarin sjampobar &#8226; Norwegian Made","robots":{"index":"index","follow":"follow","max-snippet":"max-snippet:-1","max-image-preview":"max-image-preview:large","max-video-preview":"max-video-preview:-1"},"canonical":"https:\/\/norwegianmade.no\/produkt\/lavendel-rosmarin-sjampobar\/","og_locale":"en_US","og_type":"article","og_title":"Lavendel Rosmarin sjampobar &#8226; Norwegian Made","og_description":"For den, som er blitt litt for t\u00f8rr bak \u00f8yreneEin kombinert sjampo og balsam i eitt s\u00e5pestykke, som gjev litt ekstra fukt til h\u00e5r og hovudbotn. Her har eg nytta b\u00e5de olje uttrekk av lavendel og lavendel hydrolat for \u00e5 gje sjampoen eit skikkeleg hud pleiande boost. Rosmarin stimulerer blodoml\u00f8pet i hovudbotnen og kan ha nyttig effekt b\u00e5de ved h\u00e5rtap og flass. I tillegg har eg tilsett n\u00e6rande kokosmelk. For, som reklamen fortel oss, s\u00e5 startar eit sunt h\u00e5r med ein sunn hovudbotn. Eg kunne ikkje vore meir enig! Passar godt til dei med t\u00f8rt h\u00e5r, og for dei som er blitt litt gr\u00e5 p\u00e5 toppen.Produktet inneheld ingen animalske ingrediensar, og kan trygt nyttast av veganararNet. vekt 90-100 g","og_url":"https:\/\/norwegianmade.no\/produkt\/lavendel-rosmarin-sjampobar\/","og_site_name":"Norwegian Made","article_modified_time":"2026-01-26T16:39:45+00:00","og_image":[{"width":1024,"height":768,"url":"https:\/\/norwegianmade.no\/wp-content\/uploads\/2022\/11\/DSCN4546-1024x768.jpg","type":"image\/jpeg"}],"twitter_card":"summary_large_image","schema":{"@context":"https:\/\/schema.org","@graph":[{"@type":"WebPage","@id":"https:\/\/norwegianmade.no\/produkt\/lavendel-rosmarin-sjampobar\/","url":"https:\/\/norwegianmade.no\/produkt\/lavendel-rosmarin-sjampobar\/","name":"Lavendel Rosmarin sjampobar &#8226; Norwegian Made","isPartOf":{"@id":"https:\/\/norwegianmade.no\/#website"},"datePublished":"2022-11-13T14:52:10+00:00","dateModified":"2026-01-26T16:39:45+00:00","breadcrumb":{"@id":"https:\/\/norwegianmade.no\/produkt\/lavendel-rosmarin-sjampobar\/#breadcrumb"},"inLanguage":"en-US","potentialAction":[{"@type":"ReadAction","target":["https:\/\/norwegianmade.no\/produkt\/lavendel-rosmarin-sjampobar\/"]}]},{"@type":"BreadcrumbList","@id":"https:\/\/norwegianmade.no\/produkt\/lavendel-rosmarin-sjampobar\/#breadcrumb","itemListElement":[{"@type":"ListItem","position":1,"name":"Hjem","item":"https:\/\/norwegianmade.no\/en\/"},{"@type":"ListItem","position":2,"name":"Shop","item":"https:\/\/norwegianmade.no\/en\/shop\/"},{"@type":"ListItem","position":3,"name":"Lavendel Rosmarin sjampobar"}]},{"@type":"WebSite","@id":"https:\/\/norwegianmade.no\/#website","url":"https:\/\/norwegianmade.no\/","name":"Norwegian Made","description":"Norges st\u00f8rste markedsplass for norske produsenter","publisher":{"@id":"https:\/\/norwegianmade.no\/#organization"},"potentialAction":[{"@type":"SearchAction","target":{"@type":"EntryPoint","urlTemplate":"https:\/\/norwegianmade.no\/?s={search_term_string}"},"query-input":{"@type":"PropertyValueSpecification","valueRequired":true,"valueName":"search_term_string"}}],"inLanguage":"en-US"},{"@type":"Organization","@id":"https:\/\/norwegianmade.no\/#organization","name":"Norwegian Made","url":"https:\/\/norwegianmade.no\/","logo":{"@type":"ImageObject","inLanguage":"en-US","@id":"https:\/\/norwegianmade.no\/#\/schema\/logo\/image\/","url":"https:\/\/norwegianmade.no\/wp-content\/uploads\/2020\/11\/logo-liggende-norwegian-made-web.png","contentUrl":"https:\/\/norwegianmade.no\/wp-content\/uploads\/2020\/11\/logo-liggende-norwegian-made-web.png","width":200,"height":58,"caption":"Norwegian Made"},"image":{"@id":"https:\/\/norwegianmade.no\/#\/schema\/logo\/image\/"}}]}},"_links":{"self":[{"href":"https:\/\/norwegianmade.no\/en\/wp-json\/wp\/v2\/product\/17064","targetHints":{"allow":["GET"]}}],"collection":[{"href":"https:\/\/norwegianmade.no\/en\/wp-json\/wp\/v2\/product"}],"about":[{"href":"https:\/\/norwegianmade.no\/en\/wp-json\/wp\/v2\/types\/product"}],"replies":[{"embeddable":true,"href":"https:\/\/norwegianmade.no\/en\/wp-json\/wp\/v2\/comments?post=17064"}],"wp:attachment":[{"href":"https:\/\/norwegianmade.no\/en\/wp-json\/wp\/v2\/media?parent=17064"}],"wp:term":[{"taxonomy":"product_brand","embeddable":true,"href":"https:\/\/norwegianmade.no\/en\/wp-json\/wp\/v2\/product_brand?post=17064"},{"taxonomy":"product_cat","embeddable":true,"href":"https:\/\/norwegianmade.no\/en\/wp-json\/wp\/v2\/product_cat?post=17064"},{"taxonomy":"product_tag","embeddable":true,"href":"https:\/\/norwegianmade.no\/en\/wp-json\/wp\/v2\/product_tag?post=17064"}],"curies":[{"name":"wp","href":"https:\/\/api.w.org\/{rel}","templated":true}]}}