{"id":17073,"date":"2022-11-13T16:10:25","date_gmt":"2022-11-13T15:10:25","guid":{"rendered":"https:\/\/norwegianmade.no\/markedsplass\/blomsterbarn\/"},"modified":"2026-01-26T17:39:44","modified_gmt":"2026-01-26T16:39:44","slug":"blomsterbarn","status":"archived","type":"product","link":"https:\/\/norwegianmade.no\/en\/produkt\/blomsterbarn\/","title":{"rendered":"BlomsterBarn"},"content":{"rendered":"<p><br data-mce-bogus=\"1\"><\/p>\n","protected":false},"excerpt":{"rendered":"<p><span style=\"color:#000000\"><span style=\"font-size:14px\"><span style=\"font-family:Lucida Sans Unicode,Lucida Grande,sans-serif\">For den med eit naturtalent<\/span><\/span><\/span><\/p>\n<p><span style=\"font-size:14px\"><span style=\"font-family:Lucida Sans Unicode,Lucida Grande,sans-serif\"><a data-cke-saved-name=\"_Hlk526791277\" name=\"_Hlk526791277\"><span style=\"color:#000000\">Denne s\u00e5pa er heilt fri for dill dall. Utan eteriske oljar, for dei med ekstra sensitiv hud, og med eit h\u00f8gt innhald av hudpleiande olivenolje. Eg har tilsett gulrot juice, gulrot pur\u00e9 og tindvedolje, som gjev s\u00e5pa eit h\u00f8gt innhald av karoten. Karoten er ein kraftig antioksidant, som kan avhjelpe solskader, hud irritasjonar, s\u00e5r og kl\u00f8e. Tindvedolje er spesielt god til moden, t\u00f8rr, skada og sart hud. I tillegg inneheld s\u00e5pa ringblomst og ringblomst ekstrakt, som gjev den eit end\u00e5 st\u00f8rre hudpleiande boost. Dette er hudpleie i den reinaste form, heilt enkelt og greitt<\/span><\/a><span style=\"color:#000000\">.<\/span><\/span><\/span><span style=\"color:#000000\"><span style=\"font-size:14px\"><span style=\"font-family:Lucida Sans Unicode,Lucida Grande,sans-serif\"> S\u00e5pa kan fint nyttast til sart barnehud og som mild ansiktsrens.<\/span><\/span><\/span><\/p>\n<p style=\"text-align: center\"><span style=\"font-size:14px\"><span style=\"font-family:Lucida Sans Unicode,Lucida Grande,sans-serif\">S\u00e5pa inneheld ingen animalske ingrediensar, og kan trygt nyttast av veganarar<\/span><\/span><\/p>\n<p style=\"text-align: center\"><span style=\"font-size:14px\"><span style=\"font-family:Lucida Sans Unicode,Lucida Grande,sans-serif\">Net. vekt 120 g<\/span><\/span><\/p>\n","protected":false},"featured_media":0,"comment_status":"open","ping_status":"closed","template":"","meta":{"_acf_changed":false},"product_brand":[],"product_cat":[123,67,121],"product_tag":[],"class_list":{"0":"post-17073","1":"product","2":"type-product","3":"status-archived","5":"product_vendor-blomsten-og-bia-sapekokeri","6":"product_cat-hud","7":"product_cat-hudpleie","8":"product_cat-saper","10":"first","11":"instock","12":"taxable","13":"shipping-taxable","14":"product-type-external"},"acf":[],"yoast_head":"<!-- This site is optimized with the Yoast SEO plugin v27.1.1 - https:\/\/yoast.com\/product\/yoast-seo-wordpress\/ -->\n<title>BlomsterBarn &#8226; Norwegian Made<\/title>\n<meta name=\"robots\" content=\"index, follow, max-snippet:-1, max-image-preview:large, max-video-preview:-1\" \/>\n<link rel=\"canonical\" href=\"https:\/\/norwegianmade.no\/produkt\/blomsterbarn\/\" \/>\n<meta property=\"og:locale\" content=\"en_US\" \/>\n<meta property=\"og:type\" content=\"article\" \/>\n<meta property=\"og:title\" content=\"BlomsterBarn &#8226; Norwegian Made\" \/>\n<meta property=\"og:description\" content=\"For den med eit naturtalentDenne s\u00e5pa er heilt fri for dill dall. Utan eteriske oljar, for dei med ekstra sensitiv hud, og med eit h\u00f8gt innhald av hudpleiande olivenolje. Eg har tilsett gulrot juice, gulrot pur\u00e9 og tindvedolje, som gjev s\u00e5pa eit h\u00f8gt innhald av karoten. Karoten er ein kraftig antioksidant, som kan avhjelpe solskader, hud irritasjonar, s\u00e5r og kl\u00f8e. Tindvedolje er spesielt god til moden, t\u00f8rr, skada og sart hud. I tillegg inneheld s\u00e5pa ringblomst og ringblomst ekstrakt, som gjev den eit end\u00e5 st\u00f8rre hudpleiande boost. Dette er hudpleie i den reinaste form, heilt enkelt og greitt. S\u00e5pa kan fint nyttast til sart barnehud og som mild ansiktsrens.S\u00e5pa inneheld ingen animalske ingrediensar, og kan trygt nyttast av veganararNet. vekt 120 g\" \/>\n<meta property=\"og:url\" content=\"https:\/\/norwegianmade.no\/produkt\/blomsterbarn\/\" \/>\n<meta property=\"og:site_name\" content=\"Norwegian Made\" \/>\n<meta property=\"article:modified_time\" content=\"2026-01-26T16:39:44+00:00\" \/>\n<meta property=\"og:image\" content=\"https:\/\/norwegianmade.no\/wp-content\/uploads\/2022\/11\/DSCN4937_07_04_20_093.jpg\" \/>\n\t<meta property=\"og:image:width\" content=\"2048\" \/>\n\t<meta property=\"og:image:height\" content=\"1536\" \/>\n\t<meta property=\"og:image:type\" content=\"image\/jpeg\" \/>\n<meta name=\"twitter:card\" content=\"summary_large_image\" \/>\n<script type=\"application\/ld+json\" class=\"yoast-schema-graph\">{\"@context\":\"https:\/\/schema.org\",\"@graph\":[{\"@type\":\"WebPage\",\"@id\":\"https:\/\/norwegianmade.no\/produkt\/blomsterbarn\/\",\"url\":\"https:\/\/norwegianmade.no\/produkt\/blomsterbarn\/\",\"name\":\"BlomsterBarn &#8226; Norwegian Made\",\"isPartOf\":{\"@id\":\"https:\/\/norwegianmade.no\/#website\"},\"datePublished\":\"2022-11-13T15:10:25+00:00\",\"dateModified\":\"2026-01-26T16:39:44+00:00\",\"breadcrumb\":{\"@id\":\"https:\/\/norwegianmade.no\/produkt\/blomsterbarn\/#breadcrumb\"},\"inLanguage\":\"en-US\",\"potentialAction\":[{\"@type\":\"ReadAction\",\"target\":[\"https:\/\/norwegianmade.no\/produkt\/blomsterbarn\/\"]}]},{\"@type\":\"BreadcrumbList\",\"@id\":\"https:\/\/norwegianmade.no\/produkt\/blomsterbarn\/#breadcrumb\",\"itemListElement\":[{\"@type\":\"ListItem\",\"position\":1,\"name\":\"Hjem\",\"item\":\"https:\/\/norwegianmade.no\/en\/\"},{\"@type\":\"ListItem\",\"position\":2,\"name\":\"Shop\",\"item\":\"https:\/\/norwegianmade.no\/en\/shop\/\"},{\"@type\":\"ListItem\",\"position\":3,\"name\":\"BlomsterBarn\"}]},{\"@type\":\"WebSite\",\"@id\":\"https:\/\/norwegianmade.no\/#website\",\"url\":\"https:\/\/norwegianmade.no\/\",\"name\":\"Norwegian Made\",\"description\":\"Norges st\u00f8rste markedsplass for norske produsenter\",\"publisher\":{\"@id\":\"https:\/\/norwegianmade.no\/#organization\"},\"potentialAction\":[{\"@type\":\"SearchAction\",\"target\":{\"@type\":\"EntryPoint\",\"urlTemplate\":\"https:\/\/norwegianmade.no\/?s={search_term_string}\"},\"query-input\":{\"@type\":\"PropertyValueSpecification\",\"valueRequired\":true,\"valueName\":\"search_term_string\"}}],\"inLanguage\":\"en-US\"},{\"@type\":\"Organization\",\"@id\":\"https:\/\/norwegianmade.no\/#organization\",\"name\":\"Norwegian Made\",\"url\":\"https:\/\/norwegianmade.no\/\",\"logo\":{\"@type\":\"ImageObject\",\"inLanguage\":\"en-US\",\"@id\":\"https:\/\/norwegianmade.no\/#\/schema\/logo\/image\/\",\"url\":\"https:\/\/norwegianmade.no\/wp-content\/uploads\/2020\/11\/logo-liggende-norwegian-made-web.png\",\"contentUrl\":\"https:\/\/norwegianmade.no\/wp-content\/uploads\/2020\/11\/logo-liggende-norwegian-made-web.png\",\"width\":200,\"height\":58,\"caption\":\"Norwegian Made\"},\"image\":{\"@id\":\"https:\/\/norwegianmade.no\/#\/schema\/logo\/image\/\"}}]}<\/script>\n<!-- \/ Yoast SEO plugin. -->","yoast_head_json":{"title":"BlomsterBarn &#8226; Norwegian Made","robots":{"index":"index","follow":"follow","max-snippet":"max-snippet:-1","max-image-preview":"max-image-preview:large","max-video-preview":"max-video-preview:-1"},"canonical":"https:\/\/norwegianmade.no\/produkt\/blomsterbarn\/","og_locale":"en_US","og_type":"article","og_title":"BlomsterBarn &#8226; Norwegian Made","og_description":"For den med eit naturtalentDenne s\u00e5pa er heilt fri for dill dall. Utan eteriske oljar, for dei med ekstra sensitiv hud, og med eit h\u00f8gt innhald av hudpleiande olivenolje. Eg har tilsett gulrot juice, gulrot pur\u00e9 og tindvedolje, som gjev s\u00e5pa eit h\u00f8gt innhald av karoten. Karoten er ein kraftig antioksidant, som kan avhjelpe solskader, hud irritasjonar, s\u00e5r og kl\u00f8e. Tindvedolje er spesielt god til moden, t\u00f8rr, skada og sart hud. I tillegg inneheld s\u00e5pa ringblomst og ringblomst ekstrakt, som gjev den eit end\u00e5 st\u00f8rre hudpleiande boost. Dette er hudpleie i den reinaste form, heilt enkelt og greitt. S\u00e5pa kan fint nyttast til sart barnehud og som mild ansiktsrens.S\u00e5pa inneheld ingen animalske ingrediensar, og kan trygt nyttast av veganararNet. vekt 120 g","og_url":"https:\/\/norwegianmade.no\/produkt\/blomsterbarn\/","og_site_name":"Norwegian Made","article_modified_time":"2026-01-26T16:39:44+00:00","og_image":[{"width":2048,"height":1536,"url":"https:\/\/norwegianmade.no\/wp-content\/uploads\/2022\/11\/DSCN4937_07_04_20_093.jpg","type":"image\/jpeg"}],"twitter_card":"summary_large_image","schema":{"@context":"https:\/\/schema.org","@graph":[{"@type":"WebPage","@id":"https:\/\/norwegianmade.no\/produkt\/blomsterbarn\/","url":"https:\/\/norwegianmade.no\/produkt\/blomsterbarn\/","name":"BlomsterBarn &#8226; Norwegian Made","isPartOf":{"@id":"https:\/\/norwegianmade.no\/#website"},"datePublished":"2022-11-13T15:10:25+00:00","dateModified":"2026-01-26T16:39:44+00:00","breadcrumb":{"@id":"https:\/\/norwegianmade.no\/produkt\/blomsterbarn\/#breadcrumb"},"inLanguage":"en-US","potentialAction":[{"@type":"ReadAction","target":["https:\/\/norwegianmade.no\/produkt\/blomsterbarn\/"]}]},{"@type":"BreadcrumbList","@id":"https:\/\/norwegianmade.no\/produkt\/blomsterbarn\/#breadcrumb","itemListElement":[{"@type":"ListItem","position":1,"name":"Hjem","item":"https:\/\/norwegianmade.no\/en\/"},{"@type":"ListItem","position":2,"name":"Shop","item":"https:\/\/norwegianmade.no\/en\/shop\/"},{"@type":"ListItem","position":3,"name":"BlomsterBarn"}]},{"@type":"WebSite","@id":"https:\/\/norwegianmade.no\/#website","url":"https:\/\/norwegianmade.no\/","name":"Norwegian Made","description":"Norges st\u00f8rste markedsplass for norske produsenter","publisher":{"@id":"https:\/\/norwegianmade.no\/#organization"},"potentialAction":[{"@type":"SearchAction","target":{"@type":"EntryPoint","urlTemplate":"https:\/\/norwegianmade.no\/?s={search_term_string}"},"query-input":{"@type":"PropertyValueSpecification","valueRequired":true,"valueName":"search_term_string"}}],"inLanguage":"en-US"},{"@type":"Organization","@id":"https:\/\/norwegianmade.no\/#organization","name":"Norwegian Made","url":"https:\/\/norwegianmade.no\/","logo":{"@type":"ImageObject","inLanguage":"en-US","@id":"https:\/\/norwegianmade.no\/#\/schema\/logo\/image\/","url":"https:\/\/norwegianmade.no\/wp-content\/uploads\/2020\/11\/logo-liggende-norwegian-made-web.png","contentUrl":"https:\/\/norwegianmade.no\/wp-content\/uploads\/2020\/11\/logo-liggende-norwegian-made-web.png","width":200,"height":58,"caption":"Norwegian Made"},"image":{"@id":"https:\/\/norwegianmade.no\/#\/schema\/logo\/image\/"}}]}},"_links":{"self":[{"href":"https:\/\/norwegianmade.no\/en\/wp-json\/wp\/v2\/product\/17073","targetHints":{"allow":["GET"]}}],"collection":[{"href":"https:\/\/norwegianmade.no\/en\/wp-json\/wp\/v2\/product"}],"about":[{"href":"https:\/\/norwegianmade.no\/en\/wp-json\/wp\/v2\/types\/product"}],"replies":[{"embeddable":true,"href":"https:\/\/norwegianmade.no\/en\/wp-json\/wp\/v2\/comments?post=17073"}],"wp:attachment":[{"href":"https:\/\/norwegianmade.no\/en\/wp-json\/wp\/v2\/media?parent=17073"}],"wp:term":[{"taxonomy":"product_brand","embeddable":true,"href":"https:\/\/norwegianmade.no\/en\/wp-json\/wp\/v2\/product_brand?post=17073"},{"taxonomy":"product_cat","embeddable":true,"href":"https:\/\/norwegianmade.no\/en\/wp-json\/wp\/v2\/product_cat?post=17073"},{"taxonomy":"product_tag","embeddable":true,"href":"https:\/\/norwegianmade.no\/en\/wp-json\/wp\/v2\/product_tag?post=17073"}],"curies":[{"name":"wp","href":"https:\/\/api.w.org\/{rel}","templated":true}]}}