{"id":17082,"date":"2022-11-13T16:18:25","date_gmt":"2022-11-13T15:18:25","guid":{"rendered":"https:\/\/norwegianmade.no\/markedsplass\/lovetann\/"},"modified":"2026-01-26T17:39:44","modified_gmt":"2026-01-26T16:39:44","slug":"lovetann","status":"archived","type":"product","link":"https:\/\/norwegianmade.no\/en\/produkt\/lovetann\/","title":{"rendered":"L\u00f8veTann"},"content":{"rendered":"<p><\/p>\n","protected":false},"excerpt":{"rendered":"<p><span style=\"font-family: Lucida Sans Unicode,Lucida Grande,sans-serif\" data-mce-style=\"font-family: Lucida Sans Unicode,Lucida Grande,sans-serif;\"><span style=\"font-size: 14px\" data-mce-style=\"font-size: 14px;\"><span style=\"color: #000000\" data-mce-style=\"color: #000000;\">For den som er like stolt og livskraftig som ein l\u00f8vetann<\/span><\/span><\/span><\/p>\n<p><span style=\"font-family: Lucida Sans Unicode,Lucida Grande,sans-serif\" data-mce-style=\"font-family: Lucida Sans Unicode,Lucida Grande,sans-serif;\"><span style=\"font-size: 14px\" data-mce-style=\"font-size: 14px;\"><span style=\"color: #000000\" data-mce-style=\"color: #000000;\"><span style=\"line-height: 107%\" data-mce-style=\"line-height: 107%;\">L\u00f8vetann har f\u00e5tt eit ufortent d\u00e5rleg rykte, og vi ser mest p\u00e5 denne l\u00f8va av ei urt som eit invaderande ugras. Ordet \u00abugras\u00bb er oppfunne av dei som vil selje spr\u00f8ytemiddel, og er ikkje er eit ord som eksisterar i den verkelege verda utanfor d\u00f8ra. For insekta er den ein livsviktig trekkplante om v\u00e5ren. L\u00f8vetanna stikk hovudet opp, som ein av dei f\u00f8rste plantane, og er ein kj\u00e6rkomen fargeklatt og matfat i eit elles s\u00e5 goldt landskap. I naturmedisin er l\u00f8vetann ein viktig plante, og den har eminente hud l\u00e6kjande eigenskapar. Altfor god til \u00e5 ikkje putte i ei s\u00e5pe. S\u00e5pa inneheld i tillegg uttrekk av kamille, for enno betre hudpleie.<\/span><\/span><\/span><\/span><\/p>\n<p style=\"text-align: center\" data-mce-style=\"text-align: center;\"><span style=\"font-family: Lucida Sans Unicode,Lucida Grande,sans-serif\" data-mce-style=\"font-family: Lucida Sans Unicode,Lucida Grande,sans-serif;\"><span style=\"font-size: 14px\" data-mce-style=\"font-size: 14px;\">Produktet inneheld ingen animalske ingrediensar, og kan trygt nyttast av veganarar<\/span><\/span><\/p>\n<p style=\"text-align: center\" data-mce-style=\"text-align: center;\"><span style=\"font-family: Lucida Sans Unicode,Lucida Grande,sans-serif\" data-mce-style=\"font-family: Lucida Sans Unicode,Lucida Grande,sans-serif;\"><span style=\"font-size: 14px\" data-mce-style=\"font-size: 14px;\">Net. vekt 120 g<\/span><\/span><\/p>\n","protected":false},"featured_media":0,"comment_status":"open","ping_status":"closed","template":"","meta":{"_acf_changed":false},"product_brand":[],"product_cat":[123,67,121],"product_tag":[],"class_list":{"0":"post-17082","1":"product","2":"type-product","3":"status-archived","5":"product_vendor-blomsten-og-bia-sapekokeri","6":"product_cat-hud","7":"product_cat-hudpleie","8":"product_cat-saper","10":"first","11":"instock","12":"taxable","13":"shipping-taxable","14":"product-type-external"},"acf":[],"yoast_head":"<!-- This site is optimized with the Yoast SEO plugin v27.1.1 - https:\/\/yoast.com\/product\/yoast-seo-wordpress\/ -->\n<title>L\u00f8veTann &#8226; Norwegian Made<\/title>\n<meta name=\"robots\" content=\"index, follow, max-snippet:-1, max-image-preview:large, max-video-preview:-1\" \/>\n<link rel=\"canonical\" href=\"https:\/\/norwegianmade.no\/produkt\/lovetann\/\" \/>\n<meta property=\"og:locale\" content=\"en_US\" \/>\n<meta property=\"og:type\" content=\"article\" \/>\n<meta property=\"og:title\" content=\"L\u00f8veTann &#8226; Norwegian Made\" \/>\n<meta property=\"og:description\" content=\"For den som er like stolt og livskraftig som ein l\u00f8vetannL\u00f8vetann har f\u00e5tt eit ufortent d\u00e5rleg rykte, og vi ser mest p\u00e5 denne l\u00f8va av ei urt som eit invaderande ugras. Ordet \u00abugras\u00bb er oppfunne av dei som vil selje spr\u00f8ytemiddel, og er ikkje er eit ord som eksisterar i den verkelege verda utanfor d\u00f8ra. For insekta er den ein livsviktig trekkplante om v\u00e5ren. L\u00f8vetanna stikk hovudet opp, som ein av dei f\u00f8rste plantane, og er ein kj\u00e6rkomen fargeklatt og matfat i eit elles s\u00e5 goldt landskap. I naturmedisin er l\u00f8vetann ein viktig plante, og den har eminente hud l\u00e6kjande eigenskapar. Altfor god til \u00e5 ikkje putte i ei s\u00e5pe. S\u00e5pa inneheld i tillegg uttrekk av kamille, for enno betre hudpleie.Produktet inneheld ingen animalske ingrediensar, og kan trygt nyttast av veganararNet. vekt 120 g\" \/>\n<meta property=\"og:url\" content=\"https:\/\/norwegianmade.no\/produkt\/lovetann\/\" \/>\n<meta property=\"og:site_name\" content=\"Norwegian Made\" \/>\n<meta property=\"article:modified_time\" content=\"2026-01-26T16:39:44+00:00\" \/>\n<meta property=\"og:image\" content=\"https:\/\/norwegianmade.no\/wp-content\/uploads\/2022\/11\/DSCN5147_02_16_21_353-1024x768.jpg\" \/>\n\t<meta property=\"og:image:width\" content=\"1024\" \/>\n\t<meta property=\"og:image:height\" content=\"768\" \/>\n\t<meta property=\"og:image:type\" content=\"image\/jpeg\" \/>\n<meta name=\"twitter:card\" content=\"summary_large_image\" \/>\n<script type=\"application\/ld+json\" class=\"yoast-schema-graph\">{\"@context\":\"https:\/\/schema.org\",\"@graph\":[{\"@type\":\"WebPage\",\"@id\":\"https:\/\/norwegianmade.no\/produkt\/lovetann\/\",\"url\":\"https:\/\/norwegianmade.no\/produkt\/lovetann\/\",\"name\":\"L\u00f8veTann &#8226; Norwegian Made\",\"isPartOf\":{\"@id\":\"https:\/\/norwegianmade.no\/#website\"},\"datePublished\":\"2022-11-13T15:18:25+00:00\",\"dateModified\":\"2026-01-26T16:39:44+00:00\",\"breadcrumb\":{\"@id\":\"https:\/\/norwegianmade.no\/produkt\/lovetann\/#breadcrumb\"},\"inLanguage\":\"en-US\",\"potentialAction\":[{\"@type\":\"ReadAction\",\"target\":[\"https:\/\/norwegianmade.no\/produkt\/lovetann\/\"]}]},{\"@type\":\"BreadcrumbList\",\"@id\":\"https:\/\/norwegianmade.no\/produkt\/lovetann\/#breadcrumb\",\"itemListElement\":[{\"@type\":\"ListItem\",\"position\":1,\"name\":\"Hjem\",\"item\":\"https:\/\/norwegianmade.no\/en\/\"},{\"@type\":\"ListItem\",\"position\":2,\"name\":\"Shop\",\"item\":\"https:\/\/norwegianmade.no\/en\/shop\/\"},{\"@type\":\"ListItem\",\"position\":3,\"name\":\"L\u00f8veTann\"}]},{\"@type\":\"WebSite\",\"@id\":\"https:\/\/norwegianmade.no\/#website\",\"url\":\"https:\/\/norwegianmade.no\/\",\"name\":\"Norwegian Made\",\"description\":\"Norges st\u00f8rste markedsplass for norske produsenter\",\"publisher\":{\"@id\":\"https:\/\/norwegianmade.no\/#organization\"},\"potentialAction\":[{\"@type\":\"SearchAction\",\"target\":{\"@type\":\"EntryPoint\",\"urlTemplate\":\"https:\/\/norwegianmade.no\/?s={search_term_string}\"},\"query-input\":{\"@type\":\"PropertyValueSpecification\",\"valueRequired\":true,\"valueName\":\"search_term_string\"}}],\"inLanguage\":\"en-US\"},{\"@type\":\"Organization\",\"@id\":\"https:\/\/norwegianmade.no\/#organization\",\"name\":\"Norwegian Made\",\"url\":\"https:\/\/norwegianmade.no\/\",\"logo\":{\"@type\":\"ImageObject\",\"inLanguage\":\"en-US\",\"@id\":\"https:\/\/norwegianmade.no\/#\/schema\/logo\/image\/\",\"url\":\"https:\/\/norwegianmade.no\/wp-content\/uploads\/2020\/11\/logo-liggende-norwegian-made-web.png\",\"contentUrl\":\"https:\/\/norwegianmade.no\/wp-content\/uploads\/2020\/11\/logo-liggende-norwegian-made-web.png\",\"width\":200,\"height\":58,\"caption\":\"Norwegian Made\"},\"image\":{\"@id\":\"https:\/\/norwegianmade.no\/#\/schema\/logo\/image\/\"}}]}<\/script>\n<!-- \/ Yoast SEO plugin. -->","yoast_head_json":{"title":"L\u00f8veTann &#8226; Norwegian Made","robots":{"index":"index","follow":"follow","max-snippet":"max-snippet:-1","max-image-preview":"max-image-preview:large","max-video-preview":"max-video-preview:-1"},"canonical":"https:\/\/norwegianmade.no\/produkt\/lovetann\/","og_locale":"en_US","og_type":"article","og_title":"L\u00f8veTann &#8226; Norwegian Made","og_description":"For den som er like stolt og livskraftig som ein l\u00f8vetannL\u00f8vetann har f\u00e5tt eit ufortent d\u00e5rleg rykte, og vi ser mest p\u00e5 denne l\u00f8va av ei urt som eit invaderande ugras. Ordet \u00abugras\u00bb er oppfunne av dei som vil selje spr\u00f8ytemiddel, og er ikkje er eit ord som eksisterar i den verkelege verda utanfor d\u00f8ra. For insekta er den ein livsviktig trekkplante om v\u00e5ren. L\u00f8vetanna stikk hovudet opp, som ein av dei f\u00f8rste plantane, og er ein kj\u00e6rkomen fargeklatt og matfat i eit elles s\u00e5 goldt landskap. I naturmedisin er l\u00f8vetann ein viktig plante, og den har eminente hud l\u00e6kjande eigenskapar. Altfor god til \u00e5 ikkje putte i ei s\u00e5pe. S\u00e5pa inneheld i tillegg uttrekk av kamille, for enno betre hudpleie.Produktet inneheld ingen animalske ingrediensar, og kan trygt nyttast av veganararNet. vekt 120 g","og_url":"https:\/\/norwegianmade.no\/produkt\/lovetann\/","og_site_name":"Norwegian Made","article_modified_time":"2026-01-26T16:39:44+00:00","og_image":[{"width":1024,"height":768,"url":"https:\/\/norwegianmade.no\/wp-content\/uploads\/2022\/11\/DSCN5147_02_16_21_353-1024x768.jpg","type":"image\/jpeg"}],"twitter_card":"summary_large_image","schema":{"@context":"https:\/\/schema.org","@graph":[{"@type":"WebPage","@id":"https:\/\/norwegianmade.no\/produkt\/lovetann\/","url":"https:\/\/norwegianmade.no\/produkt\/lovetann\/","name":"L\u00f8veTann &#8226; Norwegian Made","isPartOf":{"@id":"https:\/\/norwegianmade.no\/#website"},"datePublished":"2022-11-13T15:18:25+00:00","dateModified":"2026-01-26T16:39:44+00:00","breadcrumb":{"@id":"https:\/\/norwegianmade.no\/produkt\/lovetann\/#breadcrumb"},"inLanguage":"en-US","potentialAction":[{"@type":"ReadAction","target":["https:\/\/norwegianmade.no\/produkt\/lovetann\/"]}]},{"@type":"BreadcrumbList","@id":"https:\/\/norwegianmade.no\/produkt\/lovetann\/#breadcrumb","itemListElement":[{"@type":"ListItem","position":1,"name":"Hjem","item":"https:\/\/norwegianmade.no\/en\/"},{"@type":"ListItem","position":2,"name":"Shop","item":"https:\/\/norwegianmade.no\/en\/shop\/"},{"@type":"ListItem","position":3,"name":"L\u00f8veTann"}]},{"@type":"WebSite","@id":"https:\/\/norwegianmade.no\/#website","url":"https:\/\/norwegianmade.no\/","name":"Norwegian Made","description":"Norges st\u00f8rste markedsplass for norske produsenter","publisher":{"@id":"https:\/\/norwegianmade.no\/#organization"},"potentialAction":[{"@type":"SearchAction","target":{"@type":"EntryPoint","urlTemplate":"https:\/\/norwegianmade.no\/?s={search_term_string}"},"query-input":{"@type":"PropertyValueSpecification","valueRequired":true,"valueName":"search_term_string"}}],"inLanguage":"en-US"},{"@type":"Organization","@id":"https:\/\/norwegianmade.no\/#organization","name":"Norwegian Made","url":"https:\/\/norwegianmade.no\/","logo":{"@type":"ImageObject","inLanguage":"en-US","@id":"https:\/\/norwegianmade.no\/#\/schema\/logo\/image\/","url":"https:\/\/norwegianmade.no\/wp-content\/uploads\/2020\/11\/logo-liggende-norwegian-made-web.png","contentUrl":"https:\/\/norwegianmade.no\/wp-content\/uploads\/2020\/11\/logo-liggende-norwegian-made-web.png","width":200,"height":58,"caption":"Norwegian Made"},"image":{"@id":"https:\/\/norwegianmade.no\/#\/schema\/logo\/image\/"}}]}},"_links":{"self":[{"href":"https:\/\/norwegianmade.no\/en\/wp-json\/wp\/v2\/product\/17082","targetHints":{"allow":["GET"]}}],"collection":[{"href":"https:\/\/norwegianmade.no\/en\/wp-json\/wp\/v2\/product"}],"about":[{"href":"https:\/\/norwegianmade.no\/en\/wp-json\/wp\/v2\/types\/product"}],"replies":[{"embeddable":true,"href":"https:\/\/norwegianmade.no\/en\/wp-json\/wp\/v2\/comments?post=17082"}],"wp:attachment":[{"href":"https:\/\/norwegianmade.no\/en\/wp-json\/wp\/v2\/media?parent=17082"}],"wp:term":[{"taxonomy":"product_brand","embeddable":true,"href":"https:\/\/norwegianmade.no\/en\/wp-json\/wp\/v2\/product_brand?post=17082"},{"taxonomy":"product_cat","embeddable":true,"href":"https:\/\/norwegianmade.no\/en\/wp-json\/wp\/v2\/product_cat?post=17082"},{"taxonomy":"product_tag","embeddable":true,"href":"https:\/\/norwegianmade.no\/en\/wp-json\/wp\/v2\/product_tag?post=17082"}],"curies":[{"name":"wp","href":"https:\/\/api.w.org\/{rel}","templated":true}]}}